{"id":10025,"date":"2018-05-30T12:07:18","date_gmt":"2018-05-30T10:07:18","guid":{"rendered":"https:\/\/www.globalong.com\/blog\/?page_id=10025"},"modified":"2022-05-06T10:29:48","modified_gmt":"2022-05-06T08:29:48","slug":"madagascar-afrique-volontariat-stage-alphabetisation-education-enseignement-enfants-jeunes","status":"publish","type":"page","link":"https:\/\/www.globalong.com\/blog\/avis-temoignages-globalong\/madagascar-afrique-volontariat-stage-alphabetisation-education-enseignement-enfants-jeunes\/","title":{"rendered":"Madagascar &#8211; Muriel et Guilhem"},"content":{"rendered":"<p style=\"text-align: center;\"><strong><span style=\"color: #b81657;\">T\u00e9moignage de Muriel et Guilhem, b\u00e9n\u00e9voles avec GlobAlong \u00e0 Madagascar<\/span><\/strong><\/p>\n<p style=\"text-align: justify;\"><span style=\"color: #000000;\"><strong><a href=\"https:\/\/www.globalong.com\/blog\/wp-content\/uploads\/2018\/05\/IMG_0538-min.jpg\"><img loading=\"lazy\" decoding=\"async\" class=\"wp-image-10027 size-medium aligncenter\" src=\"https:\/\/www.globalong.com\/blog\/wp-content\/uploads\/2018\/05\/IMG_0538-min-300x225.jpg\" alt=\"\" width=\"300\" height=\"225\" srcset=\"https:\/\/www.globalong.com\/blog\/wp-content\/uploads\/2018\/05\/IMG_0538-min-300x225.jpg 300w, https:\/\/www.globalong.com\/blog\/wp-content\/uploads\/2018\/05\/IMG_0538-min-768x576.jpg 768w, https:\/\/www.globalong.com\/blog\/wp-content\/uploads\/2018\/05\/IMG_0538-min-1024x768.jpg 1024w, https:\/\/www.globalong.com\/blog\/wp-content\/uploads\/2018\/05\/IMG_0538-min-150x113.jpg 150w\" sizes=\"(max-width: 300px) 100vw, 300px\" \/><\/a>Attir\u00e9s par l&rsquo;humanitaire, nous voulions une premi\u00e8re exp\u00e9rience de b\u00e9n\u00e9volat international.\u00a0<\/strong><\/span><\/p>\n<p style=\"text-align: justify;\"><span style=\"color: #000000;\">Nous nous sommes donc engag\u00e9s sur une<strong> <a href=\"https:\/\/www.globalong.com\/sejour-benevolat\/madagascar-volontariat-humanitaire-et-stage\/alphabetisation-enfants-madagascar-volontariat-globalong.html\" target=\"_blank\" rel=\"noopener\"><span style=\"text-decoration: underline;\"><span style=\"color: #b81657; text-decoration: underline;\">mission d&rsquo;alphab\u00e9tisation \u00e0 Madagascar<\/span><\/span><\/a><\/strong>.<\/span><\/p>\n<p style=\"text-align: justify;\">Pour Muriel et moi-m\u00eame, cette mission humanitaire a \u00e9t\u00e9 <strong>une exp\u00e9rience tr\u00e8s riche<\/strong>, <strong>enrichissante<\/strong>, <strong>faite de diff\u00e9rentes actions<\/strong>.\u00a0<strong>L&rsquo;enseignement \u00e0 des petits, \u00e0 des ados et \u00e0 de jeunes adultes a \u00e9t\u00e9 une exp\u00e9rience tr\u00e8s formatrice.<\/strong><\/p>\n<p><strong>Le matin, de 9h \u00e0 12h-12h30 :<br \/>\n<\/strong><strong><a href=\"https:\/\/www.globalong.com\/blog\/wp-content\/uploads\/2018\/05\/IMG_0533-min.jpg\"><img loading=\"lazy\" decoding=\"async\" class=\"wp-image-10062 size-medium aligncenter\" src=\"https:\/\/www.globalong.com\/blog\/wp-content\/uploads\/2018\/05\/IMG_0533-min-300x225.jpg\" alt=\"\" width=\"300\" height=\"225\" srcset=\"https:\/\/www.globalong.com\/blog\/wp-content\/uploads\/2018\/05\/IMG_0533-min-300x225.jpg 300w, https:\/\/www.globalong.com\/blog\/wp-content\/uploads\/2018\/05\/IMG_0533-min-768x576.jpg 768w, https:\/\/www.globalong.com\/blog\/wp-content\/uploads\/2018\/05\/IMG_0533-min-1024x768.jpg 1024w, https:\/\/www.globalong.com\/blog\/wp-content\/uploads\/2018\/05\/IMG_0533-min-150x113.jpg 150w\" sizes=\"(max-width: 300px) 100vw, 300px\" \/><\/a>En bin\u00f4me les 15-25 ans participent \u00e0 des ateliers sur les techniques de recherche d\u2019emploi et argumentent sur des th\u00e8mes de discussion choisis par les participants<\/strong> \u2192 les droits des enfants, la corruption, le march\u00e9 du travail des jeunes, l\u2019entrepreneuriat, etc.<\/p>\n<p><strong>L\u2019apr\u00e8s-midi :<br \/>\n<\/strong><strong>1 heure de cours de fran\u00e7ais avec les enfants de 8 \u00e0 15 ans<\/strong> (scind\u00e9s en 2 niveaux) et\u00a0<strong>1 heure de cours d\u2019alphab\u00e9tisation<\/strong>.<\/p>\n<p><strong>Les responsables b\u00e9n\u00e9voles (Ando et F\u00e9nou), l\u2019institutrice, la cuisini\u00e8re et les \u00e9l\u00e8ves nous ont accueillis chaleureusement.<\/strong><\/p>\n<p><img loading=\"lazy\" decoding=\"async\" class=\"size-medium wp-image-10043 aligncenter\" src=\"https:\/\/www.globalong.com\/blog\/wp-content\/uploads\/2018\/05\/IMG_0282-min-300x225.jpg\" alt=\"\" width=\"300\" height=\"225\" srcset=\"https:\/\/www.globalong.com\/blog\/wp-content\/uploads\/2018\/05\/IMG_0282-min-300x225.jpg 300w, https:\/\/www.globalong.com\/blog\/wp-content\/uploads\/2018\/05\/IMG_0282-min-768x576.jpg 768w, https:\/\/www.globalong.com\/blog\/wp-content\/uploads\/2018\/05\/IMG_0282-min-1024x768.jpg 1024w, https:\/\/www.globalong.com\/blog\/wp-content\/uploads\/2018\/05\/IMG_0282-min-150x113.jpg 150w\" sizes=\"(max-width: 300px) 100vw, 300px\" \/><\/p>\n<p style=\"text-align: justify;\"><strong>Nos h\u00f4tes \u00e9taient particuli\u00e8rement agr\u00e9ables et int\u00e9ressants \u00e0 tous points de vue<\/strong>.<\/p>\n<p>La famille d\u2019Ando est <strong>tr\u00e8s \u00e0 l\u2019\u00e9coute<\/strong>, <strong>tr\u00e8s agr\u00e9able<\/strong>, <strong>touchante<\/strong>. Elle nous a donn\u00e9 des conseils pour la d\u00e9couverte de Tananarive : lieux \u00e0 d\u00e9couvrir pendant le temps libre, informations sur leur culture \u2026<\/p>\n<p>Ce fut vraiment une <strong>immersion totale<\/strong> !<\/p>\n<p style=\"text-align: justify;\">Cette mission nous a permis de <strong>d\u00e9couvrir<\/strong> et d\u2019<strong>\u00e9changer sur nos pays et nos cultures respectives, leurs projets futurs<\/strong>\u2026<\/p>\n<p><img loading=\"lazy\" decoding=\"async\" class=\"wp-image-10070 size-medium aligncenter\" src=\"https:\/\/www.globalong.com\/blog\/wp-content\/uploads\/2018\/05\/IMG_0301-min-300x225.jpg\" alt=\"\" width=\"300\" height=\"225\" srcset=\"https:\/\/www.globalong.com\/blog\/wp-content\/uploads\/2018\/05\/IMG_0301-min-300x225.jpg 300w, https:\/\/www.globalong.com\/blog\/wp-content\/uploads\/2018\/05\/IMG_0301-min-768x576.jpg 768w, https:\/\/www.globalong.com\/blog\/wp-content\/uploads\/2018\/05\/IMG_0301-min-1024x768.jpg 1024w, https:\/\/www.globalong.com\/blog\/wp-content\/uploads\/2018\/05\/IMG_0301-min-150x113.jpg 150w\" sizes=\"(max-width: 300px) 100vw, 300px\" \/><\/p>\n<p>Nous avons \u00ab d\u00e9couvert \u00bb <strong>des gens admirables<\/strong>, <strong>toujours souriants<\/strong> <strong>malgr\u00e9 les difficult\u00e9s li\u00e9s \u00e0 leur quotidien<\/strong>, <strong>tr\u00e8s attachants<\/strong>.<\/p>\n<p style=\"text-align: justify;\">La maison des b\u00e9n\u00e9voles o\u00f9 nous logions nous a offert <strong>de bonnes conditions d\u2019h\u00e9bergement<\/strong> (filet d\u2019eau d\u00e8s le lever du jour, mais il suffisait de faire une r\u00e9serve avant !).<\/p>\n<p style=\"text-align: justify;\">Seul b\u00e9mol, nous aurions aim\u00e9 conna\u00eetre avant notre d\u00e9part les programmes envisag\u00e9s afin de mieux pr\u00e9parer nos interventions.<\/p>\n<p style=\"text-align: justify;\">En conclusion&#8230;<br \/>\n<strong><br \/>\n<\/strong><img loading=\"lazy\" decoding=\"async\" class=\"wp-image-10077 size-medium aligncenter\" src=\"https:\/\/www.globalong.com\/blog\/wp-content\/uploads\/2018\/05\/IMG_0316-min-300x225.jpg\" alt=\"\" width=\"300\" height=\"225\" srcset=\"https:\/\/www.globalong.com\/blog\/wp-content\/uploads\/2018\/05\/IMG_0316-min-300x225.jpg 300w, https:\/\/www.globalong.com\/blog\/wp-content\/uploads\/2018\/05\/IMG_0316-min-768x576.jpg 768w, https:\/\/www.globalong.com\/blog\/wp-content\/uploads\/2018\/05\/IMG_0316-min-1024x768.jpg 1024w, https:\/\/www.globalong.com\/blog\/wp-content\/uploads\/2018\/05\/IMG_0316-min-150x113.jpg 150w\" sizes=\"(max-width: 300px) 100vw, 300px\" \/><strong>Ce s\u00e9jour humanitaire a \u00e9t\u00e9 pour nous une vraie r\u00e9ussite<\/strong>, <a href=\"https:\/\/www.globalong.com\/blog\/benevolat-associatif-bienfaits-psychologie-humanitaire-avis-etranger\/\" target=\"_blank\" rel=\"noopener\"><span style=\"text-decoration: underline;\"><span style=\"color: #b81657; text-decoration: underline;\"><strong>une mission qui apporte aux autres et qui donne en retour une grande satisfaction<\/strong><\/span><\/span><\/a>.<\/p>\n<p><strong>Nous conseillerions Globalong pour le s\u00e9rieux de cette organisation.<\/strong><\/p>\n<p style=\"text-align: justify;\"><strong>Nous avons envie de recommencer !<\/strong><\/p>\n<p style=\"text-align: justify;\">Muriel et Guilhem<\/p>\n<p>&nbsp;<\/p>\n<p>&nbsp;<\/p>\n<p style=\"text-align: center;\">N\u2019h\u00e9sitez pas \u00e0 nous contacter par mail \u00e0 l\u2019adresse\u00a0<a href=\"mailto:info@globalong.com\" target=\"_blank\" rel=\"noopener\"><span style=\"text-decoration: underline;\"><strong><span style=\"color: #b81657; text-decoration: underline;\">info@globalong.com<\/span><\/strong><\/span><\/a>\u00a0pour plus de renseignements.<\/p>\n<p style=\"text-align: center;\"><a href=\"https:\/\/www.globalong.com\/sejour-benevolat\/madagascar-volontariat-humanitaire-et-stage.html#b\" target=\"_blank\" rel=\"noopener\"><span style=\"text-decoration: underline; color: #b81657;\"><strong>D\u00e9couvrez les programmes de b\u00e9n\u00e9volat \u00e0 Madagascar !<\/strong><\/span><\/a><\/p>\n<p style=\"text-align: center;\"><a href=\"https:\/\/www.flickr.com\/photos\/globalong\/albums\/72157668589897473\/with\/27578358557\/\" target=\"_blank\" rel=\"noopener\"><span style=\"text-decoration: underline; color: #b81657;\"><strong>D\u00e9couvrez plus de photos de Madagascar !<\/strong><\/span><\/a><\/p>\n<p style=\"text-align: center;\"><a href=\"https:\/\/www.globalong.com\/globalong-humanitaire-madagascar.html\" target=\"_blank\" rel=\"noopener\"><span style=\"text-decoration: underline; color: #b81657;\"><strong>GlobAlong vous en dit plus sur Madagascar !<\/strong><\/span><\/a><\/p>\n<p style=\"text-align: center;\"><a href=\"https:\/\/www.globalong.com\/blog\/videos-de-nos-destinations-humanitaire-benevolat-international-volunteer-humanitarian-programme\/\" target=\"_blank\" rel=\"noopener\"><span style=\"text-decoration: underline; color: #b81657;\"><strong>Globalong en vid\u00e9os !<\/strong><\/span><\/a><\/p>\n<p style=\"text-align: center;\"><a href=\"https:\/\/www.globalong.com\/que-penser-de-globalong.html\" target=\"_blank\" rel=\"noopener\"><span style=\"text-decoration: underline; color: #b81657;\"><strong>Tout savoir sur\u00a0GlobAlong<\/strong><\/span><\/a><\/p>\n<p style=\"text-align: center;\"><a href=\"https:\/\/www.globalong.com\/services-volontariat-international.html\" target=\"_blank\" rel=\"noopener\"><span style=\"text-decoration: underline; color: #b81657;\"><strong>Volontariat international<\/strong><\/span><\/a><\/p>\n","protected":false},"excerpt":{"rendered":"<p>T\u00e9moignage de Muriel et Guilhem, b\u00e9n\u00e9voles avec GlobAlong \u00e0 Madagascar Attir\u00e9s par l&rsquo;humanitaire, nous voulions une premi\u00e8re exp\u00e9rience de b\u00e9n\u00e9volat international.\u00a0 Nous nous sommes donc engag\u00e9s sur une mission d&rsquo;alphab\u00e9tisation \u00e0 Madagascar. Pour Muriel et moi-m\u00eame, cette mission humanitaire a \u00e9t\u00e9 une exp\u00e9rience tr\u00e8s riche, enrichissante, faite de diff\u00e9rentes actions.\u00a0L&rsquo;enseignement \u00e0 des petits, \u00e0 des [&hellip;]<\/p>\n","protected":false},"author":5,"featured_media":11009,"parent":883,"menu_order":0,"comment_status":"closed","ping_status":"closed","template":"","meta":{"footnotes":""},"yoast_head":"<!-- This site is optimized with the Yoast SEO Premium plugin v23.4 (Yoast SEO v23.4) - https:\/\/yoast.com\/wordpress\/plugins\/seo\/ -->\n<title>Madagascar - Muriel et Guilhem - Association Globalong<\/title>\n<meta name=\"robots\" content=\"index, follow, max-snippet:-1, max-image-preview:large, max-video-preview:-1\" \/>\n<link rel=\"canonical\" href=\"https:\/\/www.globalong.com\/blog\/avis-temoignages-globalong\/madagascar-afrique-volontariat-stage-alphabetisation-education-enseignement-enfants-jeunes\/\" \/>\n<meta property=\"og:locale\" content=\"fr_FR\" \/>\n<meta property=\"og:type\" content=\"article\" \/>\n<meta property=\"og:title\" content=\"Madagascar - Muriel et Guilhem\" \/>\n<meta property=\"og:description\" content=\"T\u00e9moignage de Muriel et Guilhem, b\u00e9n\u00e9voles avec GlobAlong \u00e0 Madagascar Attir\u00e9s par l&rsquo;humanitaire, nous voulions une premi\u00e8re exp\u00e9rience de b\u00e9n\u00e9volat international.\u00a0 Nous nous sommes donc engag\u00e9s sur une mission d&rsquo;alphab\u00e9tisation \u00e0 Madagascar. Pour Muriel et moi-m\u00eame, cette mission humanitaire a \u00e9t\u00e9 une exp\u00e9rience tr\u00e8s riche, enrichissante, faite de diff\u00e9rentes actions.\u00a0L&rsquo;enseignement \u00e0 des petits, \u00e0 des [&hellip;]\" \/>\n<meta property=\"og:url\" content=\"https:\/\/www.globalong.com\/blog\/avis-temoignages-globalong\/madagascar-afrique-volontariat-stage-alphabetisation-education-enseignement-enfants-jeunes\/\" \/>\n<meta property=\"og:site_name\" content=\"Association Globalong\" \/>\n<meta property=\"article:publisher\" content=\"https:\/\/www.facebook.com\/globalong\" \/>\n<meta property=\"article:modified_time\" content=\"2022-05-06T08:29:48+00:00\" \/>\n<meta property=\"og:image\" content=\"https:\/\/www.globalong.com\/blog\/wp-content\/uploads\/2018\/09\/IMG_0538-min.jpg\" \/>\n\t<meta property=\"og:image:width\" content=\"3264\" \/>\n\t<meta property=\"og:image:height\" content=\"2448\" \/>\n\t<meta property=\"og:image:type\" content=\"image\/jpeg\" \/>\n<meta name=\"twitter:card\" content=\"summary_large_image\" \/>\n<meta name=\"twitter:label1\" content=\"Dur\u00e9e de lecture estim\u00e9e\" \/>\n\t<meta name=\"twitter:data1\" content=\"2 minutes\" \/>\n<script type=\"application\/ld+json\" class=\"yoast-schema-graph\">{\"@context\":\"https:\/\/schema.org\",\"@graph\":[{\"@type\":\"WebPage\",\"@id\":\"https:\/\/www.globalong.com\/blog\/avis-temoignages-globalong\/madagascar-afrique-volontariat-stage-alphabetisation-education-enseignement-enfants-jeunes\/\",\"url\":\"https:\/\/www.globalong.com\/blog\/avis-temoignages-globalong\/madagascar-afrique-volontariat-stage-alphabetisation-education-enseignement-enfants-jeunes\/\",\"name\":\"Madagascar - Muriel et Guilhem - Association Globalong\",\"isPartOf\":{\"@id\":\"https:\/\/www.globalong.com\/blog\/#website\"},\"primaryImageOfPage\":{\"@id\":\"https:\/\/www.globalong.com\/blog\/avis-temoignages-globalong\/madagascar-afrique-volontariat-stage-alphabetisation-education-enseignement-enfants-jeunes\/#primaryimage\"},\"image\":{\"@id\":\"https:\/\/www.globalong.com\/blog\/avis-temoignages-globalong\/madagascar-afrique-volontariat-stage-alphabetisation-education-enseignement-enfants-jeunes\/#primaryimage\"},\"thumbnailUrl\":\"https:\/\/www.globalong.com\/blog\/wp-content\/uploads\/2018\/09\/IMG_0538-min.jpg\",\"datePublished\":\"2018-05-30T10:07:18+00:00\",\"dateModified\":\"2022-05-06T08:29:48+00:00\",\"breadcrumb\":{\"@id\":\"https:\/\/www.globalong.com\/blog\/avis-temoignages-globalong\/madagascar-afrique-volontariat-stage-alphabetisation-education-enseignement-enfants-jeunes\/#breadcrumb\"},\"inLanguage\":\"fr-FR\",\"potentialAction\":[{\"@type\":\"ReadAction\",\"target\":[\"https:\/\/www.globalong.com\/blog\/avis-temoignages-globalong\/madagascar-afrique-volontariat-stage-alphabetisation-education-enseignement-enfants-jeunes\/\"]}]},{\"@type\":\"ImageObject\",\"inLanguage\":\"fr-FR\",\"@id\":\"https:\/\/www.globalong.com\/blog\/avis-temoignages-globalong\/madagascar-afrique-volontariat-stage-alphabetisation-education-enseignement-enfants-jeunes\/#primaryimage\",\"url\":\"https:\/\/www.globalong.com\/blog\/wp-content\/uploads\/2018\/09\/IMG_0538-min.jpg\",\"contentUrl\":\"https:\/\/www.globalong.com\/blog\/wp-content\/uploads\/2018\/09\/IMG_0538-min.jpg\",\"width\":3264,\"height\":2448},{\"@type\":\"BreadcrumbList\",\"@id\":\"https:\/\/www.globalong.com\/blog\/avis-temoignages-globalong\/madagascar-afrique-volontariat-stage-alphabetisation-education-enseignement-enfants-jeunes\/#breadcrumb\",\"itemListElement\":[{\"@type\":\"ListItem\",\"position\":1,\"name\":\"Accueil\",\"item\":\"https:\/\/www.globalong.com\/blog\/\"},{\"@type\":\"ListItem\",\"position\":2,\"name\":\"T\u00e9moignages et avis de volontaires Globalong\",\"item\":\"https:\/\/www.globalong.com\/blog\/avis-temoignages-globalong\/\"},{\"@type\":\"ListItem\",\"position\":3,\"name\":\"Madagascar &#8211; Muriel et Guilhem\"}]},{\"@type\":\"WebSite\",\"@id\":\"https:\/\/www.globalong.com\/blog\/#website\",\"url\":\"https:\/\/www.globalong.com\/blog\/\",\"name\":\"https:\/\/www.globalong.com\/\",\"description\":\"Mission humanitaire, stage \u00e9tudiant et voyage linguistique\",\"publisher\":{\"@id\":\"https:\/\/www.globalong.com\/blog\/#organization\"},\"potentialAction\":[{\"@type\":\"SearchAction\",\"target\":{\"@type\":\"EntryPoint\",\"urlTemplate\":\"https:\/\/www.globalong.com\/blog\/?s={search_term_string}\"},\"query-input\":{\"@type\":\"PropertyValueSpecification\",\"valueRequired\":true,\"valueName\":\"search_term_string\"}}],\"inLanguage\":\"fr-FR\"},{\"@type\":\"Organization\",\"@id\":\"https:\/\/www.globalong.com\/blog\/#organization\",\"name\":\"Association Globalong\",\"url\":\"https:\/\/www.globalong.com\/blog\/\",\"logo\":{\"@type\":\"ImageObject\",\"inLanguage\":\"fr-FR\",\"@id\":\"https:\/\/www.globalong.com\/blog\/#\/schema\/logo\/image\/\",\"url\":\"https:\/\/www.globalong.com\/blog\/wp-content\/uploads\/2014\/11\/cropped-cropped-Logo-et-Afrique-Globalong-petite-taille-2.jpg\",\"contentUrl\":\"https:\/\/www.globalong.com\/blog\/wp-content\/uploads\/2014\/11\/cropped-cropped-Logo-et-Afrique-Globalong-petite-taille-2.jpg\",\"width\":512,\"height\":512,\"caption\":\"Association Globalong\"},\"image\":{\"@id\":\"https:\/\/www.globalong.com\/blog\/#\/schema\/logo\/image\/\"},\"sameAs\":[\"https:\/\/www.facebook.com\/globalong\"]}]}<\/script>\n<!-- \/ Yoast SEO Premium plugin. -->","yoast_head_json":{"title":"Madagascar - Muriel et Guilhem - Association Globalong","robots":{"index":"index","follow":"follow","max-snippet":"max-snippet:-1","max-image-preview":"max-image-preview:large","max-video-preview":"max-video-preview:-1"},"canonical":"https:\/\/www.globalong.com\/blog\/avis-temoignages-globalong\/madagascar-afrique-volontariat-stage-alphabetisation-education-enseignement-enfants-jeunes\/","og_locale":"fr_FR","og_type":"article","og_title":"Madagascar - Muriel et Guilhem","og_description":"T\u00e9moignage de Muriel et Guilhem, b\u00e9n\u00e9voles avec GlobAlong \u00e0 Madagascar Attir\u00e9s par l&rsquo;humanitaire, nous voulions une premi\u00e8re exp\u00e9rience de b\u00e9n\u00e9volat international.\u00a0 Nous nous sommes donc engag\u00e9s sur une mission d&rsquo;alphab\u00e9tisation \u00e0 Madagascar. Pour Muriel et moi-m\u00eame, cette mission humanitaire a \u00e9t\u00e9 une exp\u00e9rience tr\u00e8s riche, enrichissante, faite de diff\u00e9rentes actions.\u00a0L&rsquo;enseignement \u00e0 des petits, \u00e0 des [&hellip;]","og_url":"https:\/\/www.globalong.com\/blog\/avis-temoignages-globalong\/madagascar-afrique-volontariat-stage-alphabetisation-education-enseignement-enfants-jeunes\/","og_site_name":"Association Globalong","article_publisher":"https:\/\/www.facebook.com\/globalong","article_modified_time":"2022-05-06T08:29:48+00:00","og_image":[{"width":3264,"height":2448,"url":"https:\/\/www.globalong.com\/blog\/wp-content\/uploads\/2018\/09\/IMG_0538-min.jpg","type":"image\/jpeg"}],"twitter_card":"summary_large_image","twitter_misc":{"Dur\u00e9e de lecture estim\u00e9e":"2 minutes"},"schema":{"@context":"https:\/\/schema.org","@graph":[{"@type":"WebPage","@id":"https:\/\/www.globalong.com\/blog\/avis-temoignages-globalong\/madagascar-afrique-volontariat-stage-alphabetisation-education-enseignement-enfants-jeunes\/","url":"https:\/\/www.globalong.com\/blog\/avis-temoignages-globalong\/madagascar-afrique-volontariat-stage-alphabetisation-education-enseignement-enfants-jeunes\/","name":"Madagascar - Muriel et Guilhem - Association Globalong","isPartOf":{"@id":"https:\/\/www.globalong.com\/blog\/#website"},"primaryImageOfPage":{"@id":"https:\/\/www.globalong.com\/blog\/avis-temoignages-globalong\/madagascar-afrique-volontariat-stage-alphabetisation-education-enseignement-enfants-jeunes\/#primaryimage"},"image":{"@id":"https:\/\/www.globalong.com\/blog\/avis-temoignages-globalong\/madagascar-afrique-volontariat-stage-alphabetisation-education-enseignement-enfants-jeunes\/#primaryimage"},"thumbnailUrl":"https:\/\/www.globalong.com\/blog\/wp-content\/uploads\/2018\/09\/IMG_0538-min.jpg","datePublished":"2018-05-30T10:07:18+00:00","dateModified":"2022-05-06T08:29:48+00:00","breadcrumb":{"@id":"https:\/\/www.globalong.com\/blog\/avis-temoignages-globalong\/madagascar-afrique-volontariat-stage-alphabetisation-education-enseignement-enfants-jeunes\/#breadcrumb"},"inLanguage":"fr-FR","potentialAction":[{"@type":"ReadAction","target":["https:\/\/www.globalong.com\/blog\/avis-temoignages-globalong\/madagascar-afrique-volontariat-stage-alphabetisation-education-enseignement-enfants-jeunes\/"]}]},{"@type":"ImageObject","inLanguage":"fr-FR","@id":"https:\/\/www.globalong.com\/blog\/avis-temoignages-globalong\/madagascar-afrique-volontariat-stage-alphabetisation-education-enseignement-enfants-jeunes\/#primaryimage","url":"https:\/\/www.globalong.com\/blog\/wp-content\/uploads\/2018\/09\/IMG_0538-min.jpg","contentUrl":"https:\/\/www.globalong.com\/blog\/wp-content\/uploads\/2018\/09\/IMG_0538-min.jpg","width":3264,"height":2448},{"@type":"BreadcrumbList","@id":"https:\/\/www.globalong.com\/blog\/avis-temoignages-globalong\/madagascar-afrique-volontariat-stage-alphabetisation-education-enseignement-enfants-jeunes\/#breadcrumb","itemListElement":[{"@type":"ListItem","position":1,"name":"Accueil","item":"https:\/\/www.globalong.com\/blog\/"},{"@type":"ListItem","position":2,"name":"T\u00e9moignages et avis de volontaires Globalong","item":"https:\/\/www.globalong.com\/blog\/avis-temoignages-globalong\/"},{"@type":"ListItem","position":3,"name":"Madagascar &#8211; Muriel et Guilhem"}]},{"@type":"WebSite","@id":"https:\/\/www.globalong.com\/blog\/#website","url":"https:\/\/www.globalong.com\/blog\/","name":"https:\/\/www.globalong.com\/","description":"Mission humanitaire, stage \u00e9tudiant et voyage linguistique","publisher":{"@id":"https:\/\/www.globalong.com\/blog\/#organization"},"potentialAction":[{"@type":"SearchAction","target":{"@type":"EntryPoint","urlTemplate":"https:\/\/www.globalong.com\/blog\/?s={search_term_string}"},"query-input":{"@type":"PropertyValueSpecification","valueRequired":true,"valueName":"search_term_string"}}],"inLanguage":"fr-FR"},{"@type":"Organization","@id":"https:\/\/www.globalong.com\/blog\/#organization","name":"Association Globalong","url":"https:\/\/www.globalong.com\/blog\/","logo":{"@type":"ImageObject","inLanguage":"fr-FR","@id":"https:\/\/www.globalong.com\/blog\/#\/schema\/logo\/image\/","url":"https:\/\/www.globalong.com\/blog\/wp-content\/uploads\/2014\/11\/cropped-cropped-Logo-et-Afrique-Globalong-petite-taille-2.jpg","contentUrl":"https:\/\/www.globalong.com\/blog\/wp-content\/uploads\/2014\/11\/cropped-cropped-Logo-et-Afrique-Globalong-petite-taille-2.jpg","width":512,"height":512,"caption":"Association Globalong"},"image":{"@id":"https:\/\/www.globalong.com\/blog\/#\/schema\/logo\/image\/"},"sameAs":["https:\/\/www.facebook.com\/globalong"]}]}},"_links":{"self":[{"href":"https:\/\/www.globalong.com\/blog\/wp-json\/wp\/v2\/pages\/10025"}],"collection":[{"href":"https:\/\/www.globalong.com\/blog\/wp-json\/wp\/v2\/pages"}],"about":[{"href":"https:\/\/www.globalong.com\/blog\/wp-json\/wp\/v2\/types\/page"}],"author":[{"embeddable":true,"href":"https:\/\/www.globalong.com\/blog\/wp-json\/wp\/v2\/users\/5"}],"replies":[{"embeddable":true,"href":"https:\/\/www.globalong.com\/blog\/wp-json\/wp\/v2\/comments?post=10025"}],"version-history":[{"count":34,"href":"https:\/\/www.globalong.com\/blog\/wp-json\/wp\/v2\/pages\/10025\/revisions"}],"predecessor-version":[{"id":14518,"href":"https:\/\/www.globalong.com\/blog\/wp-json\/wp\/v2\/pages\/10025\/revisions\/14518"}],"up":[{"embeddable":true,"href":"https:\/\/www.globalong.com\/blog\/wp-json\/wp\/v2\/pages\/883"}],"wp:featuredmedia":[{"embeddable":true,"href":"https:\/\/www.globalong.com\/blog\/wp-json\/wp\/v2\/media\/11009"}],"wp:attachment":[{"href":"https:\/\/www.globalong.com\/blog\/wp-json\/wp\/v2\/media?parent=10025"}],"curies":[{"name":"wp","href":"https:\/\/api.w.org\/{rel}","templated":true}]}}