{"id":10285,"date":"2018-06-13T12:14:16","date_gmt":"2018-06-13T10:14:16","guid":{"rendered":"https:\/\/www.globalong.com\/blog\/?page_id=10285"},"modified":"2022-05-06T16:55:54","modified_gmt":"2022-05-06T14:55:54","slug":"nepal-inde-sri-lanka-benevolat-volontariat-humanitaire","status":"publish","type":"page","link":"https:\/\/www.globalong.com\/blog\/avis-temoignages-globalong\/nepal-inde-sri-lanka-benevolat-volontariat-humanitaire\/","title":{"rendered":"N\u00e9pal, Inde, Sri-Lanka &#8211; Anne-Marie"},"content":{"rendered":"<p style=\"text-align: center;\"><span style=\"color: #b81657;\"><strong>T\u00e9moignage d&rsquo;Anne-Marie, b\u00e9n\u00e9vole avec GlobAlong au N\u00e9pal, Sri-Lanka et en Inde du Nord\u00a0<\/strong><\/span><\/p>\n<p style=\"text-align: justify;\"><img loading=\"lazy\" decoding=\"async\" class=\"wp-image-10305 aligncenter\" src=\"https:\/\/www.globalong.com\/blog\/wp-content\/uploads\/2018\/06\/Orphelinat-Pokhara-min-225x300.jpg\" alt=\"\" width=\"300\" height=\"400\" srcset=\"https:\/\/www.globalong.com\/blog\/wp-content\/uploads\/2018\/06\/Orphelinat-Pokhara-min.jpg 225w, https:\/\/www.globalong.com\/blog\/wp-content\/uploads\/2018\/06\/Orphelinat-Pokhara-min-113x150.jpg 113w\" sizes=\"(max-width: 300px) 100vw, 300px\" \/>Je suis parti en asie pour 2 mois, combinant le <span style=\"text-decoration: underline;\"><a href=\"https:\/\/www.globalong.com\/sejour-benevolat\/benevolat-au-nepal-humanitaire.html\" target=\"_blank\" rel=\"noopener\"><strong>N\u00e9pal<\/strong>,<\/a><\/span> le <strong>Sri-Lanka<\/strong> et<strong> l\u2019Inde<\/strong>.<\/p>\n<p style=\"text-align: justify;\">Katmandou est un incroyable chaos entre poteaux et fils \u00e9lectriques qui tombent, bus bond\u00e9s, voitures et scooters qui roulent en tous sens, mais pas seulement\u2026 Katmandou c\u2019est aussi des personnes tr\u00e8s accueillantes, des vaches sacr\u00e9es qui gambadent un peu partout, des enfants souriants qui jouent et courent dans la rue, \u00e9tant les <strong>plus heureux du monde<\/strong> de parler anglais avec toi&#8230; Ils ont vraiment beaucoup \u00e0 nous r\u00e9apprendre sur la simplicit\u00e9 de la vie pratique<\/p>\n<p style=\"text-align: justify;\">Le soir nous mangeons \u00e0 l\u2019orphelinat \u00e0 <a href=\"https:\/\/www.globalong.com\/sejour-benevolat\/benevolat-au-nepal-humanitaire\/enfants-nepal-volontariat.html\" target=\"_blank\" rel=\"noopener\"><span style=\"text-decoration: underline;\">Pokhara<\/span><\/a>, et un soir avant le repas, nous avons tous pass\u00e9 un moment \u00e0 chanter ensemble entrain\u00e9s par un des jeunes qui joue divinement bien de la guitare.<\/p>\n<p style=\"text-align: justify;\"><strong>Les enfants de cet orphelinat sont adorables<\/strong> et ont beaucoup d\u2019\u00e9nergie. J\u2019ai effectu\u00e9 ma p\u00e9riode de b\u00e9n\u00e9volat en p\u00e9riode de vacances scolaires, cela m\u2019a permis de rester avec les enfants plus longtemps la journ\u00e9e.<\/p>\n<p><img loading=\"lazy\" decoding=\"async\" class=\"size-medium wp-image-10287 aligncenter\" src=\"https:\/\/www.globalong.com\/blog\/wp-content\/uploads\/2018\/06\/Dessin-Marie-Anne-min-300x225.jpg\" alt=\"\" width=\"300\" height=\"225\" srcset=\"https:\/\/www.globalong.com\/blog\/wp-content\/uploads\/2018\/06\/Dessin-Marie-Anne-min.jpg 300w, https:\/\/www.globalong.com\/blog\/wp-content\/uploads\/2018\/06\/Dessin-Marie-Anne-min-150x113.jpg 150w\" sizes=\"(max-width: 300px) 100vw, 300px\" \/><\/p>\n<p style=\"text-align: justify;\">J\u2019avais apport\u00e9 des chocolats pour les enfants et quand j\u2019ai voulu en proposer un deuxi\u00e8me \u00e0 une petite qui m\u2019avait bien aid\u00e9 \u00e0 laver les vitres de l\u2019orphelinat, elle m\u2019a dit\u00a0: \u00ab\u00a0Non c\u2019est pour toi\u00a0\u00bb. Ils ont tous un grand c\u0153ur, c\u2019est certain.<\/p>\n<p style=\"text-align: justify;\">Mamita, une des plus petites \u00e9tait <strong>tellement heureuse<\/strong> de montrer comment elle se lavait, dans 2 gros tonneaux remplis d\u2019eau de pluie, avec le tout nouveau savon que nous venions de lui acheter sur le chemin, elle \u00e9tait trop mignonne, et n\u2019arr\u00eatait pas de nous remercier\u2026 <strong>Quel amour<\/strong>\u00a0!<\/p>\n<p><img loading=\"lazy\" decoding=\"async\" class=\"wp-image-10321 aligncenter\" src=\"https:\/\/www.globalong.com\/blog\/wp-content\/uploads\/2018\/06\/20180402_120501-211x300.jpg\" alt=\"\" width=\"300\" height=\"427\" srcset=\"https:\/\/www.globalong.com\/blog\/wp-content\/uploads\/2018\/06\/20180402_120501-211x300.jpg 211w, https:\/\/www.globalong.com\/blog\/wp-content\/uploads\/2018\/06\/20180402_120501-211x300-106x150.jpg 106w\" sizes=\"(max-width: 300px) 100vw, 300px\" \/><\/p>\n<p style=\"text-align: justify;\"><strong>Nous travaillons le matin, de 8h \u00e0 12h<\/strong>, temps consacr\u00e9 aux <strong>jeux d\u2019int\u00e9rieurs<\/strong>, dessins, parfois petites t\u00e2ches m\u00e9nag\u00e8res avec les enfants qui se prennent vite au jeu. Le soir de <strong>16h \u00e0 19h<\/strong>, est consacr\u00e9 aux <strong>jeux ext\u00e9rieurs<\/strong> pour qu\u2019ils puissent se d\u00e9fouler.<\/p>\n<p style=\"text-align: justify;\">Nous donnons aussi des coups de main dans l\u2019une des 2 fermes de l\u2019orphelinat, situ\u00e9e juste derri\u00e8re le b\u00e2timent principal. C\u2019est ici qu\u2019ils cultivent les l\u00e9gumes et c\u00e9r\u00e9ales qui servent aux repas de tout le monde, orphelins, adultes et volontaires. De cette fa\u00e7on les enfants sont curieux et apprennent vite \u00e0 reconna\u00eetre les plantes et \u00e0 savoir les cultiver.<\/p>\n<p style=\"text-align: justify;\">En parlant de nourriture, au N\u00e9pal le plat national est le \u00ab\u00a0<strong>Dal Bath<\/strong>\u00a0\u00bb, plat v\u00e9g\u00e9tarien \u00e0 base de riz blanc accompagn\u00e9 d\u2019un bouillon de lentilles et d\u2019un curry de l\u00e9gumes assez \u00e9pic\u00e9.<\/p>\n<p style=\"text-align: justify;\">Si je devais citer les <strong>meilleurs moments<\/strong> de cette aventure N\u00e9palaise, je parlerais sans conteste de ceux pass\u00e9s avec les enfants parce que malgr\u00e9 toutes les belles choses que j\u2019ai pu voir et faire, les moments pass\u00e9s avec ces enfants ont une dimension toute sp\u00e9ciale.<\/p>\n<p><img loading=\"lazy\" decoding=\"async\" class=\"wp-image-10295 aligncenter\" src=\"https:\/\/www.globalong.com\/blog\/wp-content\/uploads\/2018\/06\/Katmandou-Anne-Marie-min-181x300.jpg\" alt=\"\" width=\"300\" height=\"497\" srcset=\"https:\/\/www.globalong.com\/blog\/wp-content\/uploads\/2018\/06\/Katmandou-Anne-Marie-min.jpg 181w, https:\/\/www.globalong.com\/blog\/wp-content\/uploads\/2018\/06\/Katmandou-Anne-Marie-min-91x150.jpg 91w\" sizes=\"(max-width: 300px) 100vw, 300px\" \/><\/p>\n<p style=\"text-align: justify;\">Ce qui me frappe depuis le d\u00e9but et qui continue \u00e0 me toucher c\u2019est l\u2019<strong>entraide<\/strong> qu\u2019on d\u00e9velopp\u00e9s les enfants entre eux. Ils prennent soin les uns des autres d\u2019une mani\u00e8re extr\u00eamement naturelle.<\/p>\n<p style=\"text-align: justify;\">La suite de mon aventure s\u2019est d\u00e9roul\u00e9e au <strong>Sri-Lanka<\/strong> o\u00f9 ous sommes log\u00e9s en famille d\u2019accueil. La dame cuisine \u00e0 se damner et les produits frais et vari\u00e9s, ils me paraissent donc totalement irr\u00e9els suite \u00e0 mon aventure au N\u00e9pal.<\/p>\n<p style=\"text-align: justify;\">Le matin je travaille au monast\u00e8re \u00e0 <span style=\"text-decoration: underline;\"><a href=\"https:\/\/www.globalong.com\/sejour-benevolat\/sri-lanka\/ecole-moines-bouddhistes-sri-lanka.html\" target=\"_blank\" rel=\"noopener\">enseigner l\u2019anglais \u00e0 une quinzaine de petits moines bouddhistes<\/a><\/span> puis dans l\u2019<a href=\"https:\/\/www.globalong.com\/sejour-benevolat\/sri-lanka\/sri-lanka-orphelinat.html\" target=\"_blank\" rel=\"noopener\"><span style=\"text-decoration: underline;\">orphelinat<\/span><\/a> l\u2019apr\u00e8s-midi, j\u2019interagis avec les b\u00e9b\u00e9s (les enfants sont \u00e2g\u00e9s de quelques mois \u00e0 10 ans) qui sont tr\u00e8s r\u00e9ceptifs.<\/p>\n<p style=\"text-align: justify;\">Durant mon s\u00e9jour Sri-Lankais, j\u2019ai opt\u00e9 pour un road-trip pour me rendre aux c\u0153urs des plantations de th\u00e9. Le trajet en train est sublime, nous passons au milieu de rizi\u00e8res et de for\u00eats, en passant par des plantations de th\u00e9 aux courbes parfaites, bref un tableau sublime\u00a0! Durant le trajet retour j\u2019ai fait la connaissance de Sri-Lankais et nous avons pr\u00e9vus de nous revoir\u00a0! Lorsque l\u2019on voyage seul, nous sommes plus ouverts aux autres, il suffit de se laisser porter, de suivre ses envies et coups de c\u0153ur et la vie se charge du reste\u00a0!<\/p>\n<p style=\"text-align: justify;\"><img loading=\"lazy\" decoding=\"async\" class=\"wp-image-10302 aligncenter\" src=\"https:\/\/www.globalong.com\/blog\/wp-content\/uploads\/2018\/06\/Ne\u0301pal-Anne-Marie-min.jpg\" alt=\"\" width=\"300\" height=\"400\" srcset=\"https:\/\/www.globalong.com\/blog\/wp-content\/uploads\/2018\/06\/Ne\u0301pal-Anne-Marie-min.jpg 225w, https:\/\/www.globalong.com\/blog\/wp-content\/uploads\/2018\/06\/Ne\u0301pal-Anne-Marie-min-113x150.jpg 113w\" sizes=\"(max-width: 300px) 100vw, 300px\" \/>On dit souvent que l<strong>es voyages vous changent<\/strong>, que vous en revendriez diff\u00e9rents. C\u2019est bien plus que \u00e7a, ce voyage ancre encore plus profond\u00e9ment mes valeurs, les choses auxquelles je crois et ai toujours cru.<\/p>\n<p style=\"text-align: justify;\">Me voil\u00e0 repartis pour la derni\u00e8re \u00e9tape, l\u2019<strong>Inde<\/strong>, o\u00f9 me rend dans une <a href=\"https:\/\/www.globalong.com\/sejour-benevolat\/inde-du-nord-delhi-jaipur\/ecole-enfant-de-la-rue-inde.html\" target=\"_blank\" rel=\"noopener\"><span style=\"text-decoration: underline;\">\u00e9cole<\/span><\/a>. Lecture en anglais, discussions, chant, les \u00e9l\u00e8ves sont tr\u00e8s r\u00e9ceptifs. Je n\u2019oublierai jamais les moments pass\u00e9s dans cette \u00e9cole. Parfois tout est une question de feeling, d\u2019intensit\u00e9 des moments pass\u00e9s ensemble, peu importe le nombre de jours ou de semaines \u00e9coul\u00e9es.<\/p>\n<p style=\"text-align: justify;\">Ce que je retiens de ces 2 mois en Asie, c\u2019est qu\u2019il n\u2019y a rien de plus beau au monde que de donner, d\u2019\u00e9changer, de transmettre, d\u2019apprendre\u2026<\/p>\n<p style=\"text-align: justify;\">Cette aventure aura \u00e9t\u00e9 pour moi\u2026<\/p>\n<p style=\"text-align: justify;\">Une vingtaine de villes d\u00e9couvertes, des dizaines de <strong>personnes rencontr\u00e9es<\/strong>, des centaines de <strong>sourires d\u2019enfants<\/strong>, des milliers d\u2019instants v\u00e9cus et des \u00ab\u00a0merci\u00a0\u00bb \u00e9mus \u00e0 la pelle\u2026<\/p>\n<p style=\"text-align: center;\">Pour d\u00e9couvrir plus de photos de l&rsquo;Inde, du Sri-Lanka ou encore du N\u00e9pal, <span style=\"text-decoration: underline;\"><a href=\"https:\/\/www.flickr.com\/photos\/globalong\/albums\/with\/72157640876582423\" target=\"_blank\" rel=\"noopener\">cliquez\u00a0ici\u00a0<\/a><\/span>!<\/p>\n<p style=\"text-align: center;\">N\u2019h\u00e9sitez pas \u00e0 nous contacter pour plus d\u2019informations \u00e0\u00a0<span style=\"text-decoration: underline;\"><a href=\"mailto:info@globalong.com\" target=\"_blank\" rel=\"noopener\">info@globalong.com<\/a><\/span><\/p>\n","protected":false},"excerpt":{"rendered":"<p>T\u00e9moignage d&rsquo;Anne-Marie, b\u00e9n\u00e9vole avec GlobAlong au N\u00e9pal, Sri-Lanka et en Inde du Nord\u00a0 Je suis parti en asie pour 2 mois, combinant le N\u00e9pal, le Sri-Lanka et l\u2019Inde. Katmandou est un incroyable chaos entre poteaux et fils \u00e9lectriques qui tombent, bus bond\u00e9s, voitures et scooters qui roulent en tous sens, mais pas seulement\u2026 Katmandou c\u2019est [&hellip;]<\/p>\n","protected":false},"author":7,"featured_media":2115,"parent":883,"menu_order":0,"comment_status":"closed","ping_status":"closed","template":"","meta":{"footnotes":""},"yoast_head":"<!-- This site is optimized with the Yoast SEO Premium plugin v23.4 (Yoast SEO v23.4) - https:\/\/yoast.com\/wordpress\/plugins\/seo\/ -->\n<title>N\u00e9pal, Inde, Sri-Lanka - Anne-Marie - Association Globalong<\/title>\n<meta name=\"robots\" content=\"index, follow, max-snippet:-1, max-image-preview:large, max-video-preview:-1\" \/>\n<link rel=\"canonical\" href=\"https:\/\/www.globalong.com\/blog\/avis-temoignages-globalong\/nepal-inde-sri-lanka-benevolat-volontariat-humanitaire\/\" \/>\n<meta property=\"og:locale\" content=\"fr_FR\" \/>\n<meta property=\"og:type\" content=\"article\" \/>\n<meta property=\"og:title\" content=\"N\u00e9pal, Inde, Sri-Lanka - Anne-Marie\" \/>\n<meta property=\"og:description\" content=\"T\u00e9moignage d&rsquo;Anne-Marie, b\u00e9n\u00e9vole avec GlobAlong au N\u00e9pal, Sri-Lanka et en Inde du Nord\u00a0 Je suis parti en asie pour 2 mois, combinant le N\u00e9pal, le Sri-Lanka et l\u2019Inde. Katmandou est un incroyable chaos entre poteaux et fils \u00e9lectriques qui tombent, bus bond\u00e9s, voitures et scooters qui roulent en tous sens, mais pas seulement\u2026 Katmandou c\u2019est [&hellip;]\" \/>\n<meta property=\"og:url\" content=\"https:\/\/www.globalong.com\/blog\/avis-temoignages-globalong\/nepal-inde-sri-lanka-benevolat-volontariat-humanitaire\/\" \/>\n<meta property=\"og:site_name\" content=\"Association Globalong\" \/>\n<meta property=\"article:publisher\" content=\"https:\/\/www.facebook.com\/globalong\" \/>\n<meta property=\"article:modified_time\" content=\"2022-05-06T14:55:54+00:00\" \/>\n<meta property=\"og:image\" content=\"https:\/\/www.globalong.com\/blog\/wp-content\/uploads\/2015\/10\/nepal_vlaggetjes.jpg\" \/>\n\t<meta property=\"og:image:width\" content=\"190\" \/>\n\t<meta property=\"og:image:height\" content=\"190\" \/>\n\t<meta property=\"og:image:type\" content=\"image\/jpeg\" \/>\n<meta name=\"twitter:card\" content=\"summary_large_image\" \/>\n<meta name=\"twitter:label1\" content=\"Dur\u00e9e de lecture estim\u00e9e\" \/>\n\t<meta name=\"twitter:data1\" content=\"5 minutes\" \/>\n<script type=\"application\/ld+json\" class=\"yoast-schema-graph\">{\"@context\":\"https:\/\/schema.org\",\"@graph\":[{\"@type\":\"WebPage\",\"@id\":\"https:\/\/www.globalong.com\/blog\/avis-temoignages-globalong\/nepal-inde-sri-lanka-benevolat-volontariat-humanitaire\/\",\"url\":\"https:\/\/www.globalong.com\/blog\/avis-temoignages-globalong\/nepal-inde-sri-lanka-benevolat-volontariat-humanitaire\/\",\"name\":\"N\u00e9pal, Inde, Sri-Lanka - Anne-Marie - Association Globalong\",\"isPartOf\":{\"@id\":\"https:\/\/www.globalong.com\/blog\/#website\"},\"primaryImageOfPage\":{\"@id\":\"https:\/\/www.globalong.com\/blog\/avis-temoignages-globalong\/nepal-inde-sri-lanka-benevolat-volontariat-humanitaire\/#primaryimage\"},\"image\":{\"@id\":\"https:\/\/www.globalong.com\/blog\/avis-temoignages-globalong\/nepal-inde-sri-lanka-benevolat-volontariat-humanitaire\/#primaryimage\"},\"thumbnailUrl\":\"https:\/\/www.globalong.com\/blog\/wp-content\/uploads\/2015\/10\/nepal_vlaggetjes.jpg\",\"datePublished\":\"2018-06-13T10:14:16+00:00\",\"dateModified\":\"2022-05-06T14:55:54+00:00\",\"breadcrumb\":{\"@id\":\"https:\/\/www.globalong.com\/blog\/avis-temoignages-globalong\/nepal-inde-sri-lanka-benevolat-volontariat-humanitaire\/#breadcrumb\"},\"inLanguage\":\"fr-FR\",\"potentialAction\":[{\"@type\":\"ReadAction\",\"target\":[\"https:\/\/www.globalong.com\/blog\/avis-temoignages-globalong\/nepal-inde-sri-lanka-benevolat-volontariat-humanitaire\/\"]}]},{\"@type\":\"ImageObject\",\"inLanguage\":\"fr-FR\",\"@id\":\"https:\/\/www.globalong.com\/blog\/avis-temoignages-globalong\/nepal-inde-sri-lanka-benevolat-volontariat-humanitaire\/#primaryimage\",\"url\":\"https:\/\/www.globalong.com\/blog\/wp-content\/uploads\/2015\/10\/nepal_vlaggetjes.jpg\",\"contentUrl\":\"https:\/\/www.globalong.com\/blog\/wp-content\/uploads\/2015\/10\/nepal_vlaggetjes.jpg\",\"width\":190,\"height\":190,\"caption\":\"Mission de b\u00e9n\u00e9volat au N\u00e9pal avec Globalong en Asie\"},{\"@type\":\"BreadcrumbList\",\"@id\":\"https:\/\/www.globalong.com\/blog\/avis-temoignages-globalong\/nepal-inde-sri-lanka-benevolat-volontariat-humanitaire\/#breadcrumb\",\"itemListElement\":[{\"@type\":\"ListItem\",\"position\":1,\"name\":\"Accueil\",\"item\":\"https:\/\/www.globalong.com\/blog\/\"},{\"@type\":\"ListItem\",\"position\":2,\"name\":\"T\u00e9moignages et avis de volontaires Globalong\",\"item\":\"https:\/\/www.globalong.com\/blog\/avis-temoignages-globalong\/\"},{\"@type\":\"ListItem\",\"position\":3,\"name\":\"N\u00e9pal, Inde, Sri-Lanka &#8211; Anne-Marie\"}]},{\"@type\":\"WebSite\",\"@id\":\"https:\/\/www.globalong.com\/blog\/#website\",\"url\":\"https:\/\/www.globalong.com\/blog\/\",\"name\":\"https:\/\/www.globalong.com\/\",\"description\":\"Mission humanitaire, stage \u00e9tudiant et voyage linguistique\",\"publisher\":{\"@id\":\"https:\/\/www.globalong.com\/blog\/#organization\"},\"potentialAction\":[{\"@type\":\"SearchAction\",\"target\":{\"@type\":\"EntryPoint\",\"urlTemplate\":\"https:\/\/www.globalong.com\/blog\/?s={search_term_string}\"},\"query-input\":{\"@type\":\"PropertyValueSpecification\",\"valueRequired\":true,\"valueName\":\"search_term_string\"}}],\"inLanguage\":\"fr-FR\"},{\"@type\":\"Organization\",\"@id\":\"https:\/\/www.globalong.com\/blog\/#organization\",\"name\":\"Association Globalong\",\"url\":\"https:\/\/www.globalong.com\/blog\/\",\"logo\":{\"@type\":\"ImageObject\",\"inLanguage\":\"fr-FR\",\"@id\":\"https:\/\/www.globalong.com\/blog\/#\/schema\/logo\/image\/\",\"url\":\"https:\/\/www.globalong.com\/blog\/wp-content\/uploads\/2014\/11\/cropped-cropped-Logo-et-Afrique-Globalong-petite-taille-2.jpg\",\"contentUrl\":\"https:\/\/www.globalong.com\/blog\/wp-content\/uploads\/2014\/11\/cropped-cropped-Logo-et-Afrique-Globalong-petite-taille-2.jpg\",\"width\":512,\"height\":512,\"caption\":\"Association Globalong\"},\"image\":{\"@id\":\"https:\/\/www.globalong.com\/blog\/#\/schema\/logo\/image\/\"},\"sameAs\":[\"https:\/\/www.facebook.com\/globalong\"]}]}<\/script>\n<!-- \/ Yoast SEO Premium plugin. -->","yoast_head_json":{"title":"N\u00e9pal, Inde, Sri-Lanka - Anne-Marie - Association Globalong","robots":{"index":"index","follow":"follow","max-snippet":"max-snippet:-1","max-image-preview":"max-image-preview:large","max-video-preview":"max-video-preview:-1"},"canonical":"https:\/\/www.globalong.com\/blog\/avis-temoignages-globalong\/nepal-inde-sri-lanka-benevolat-volontariat-humanitaire\/","og_locale":"fr_FR","og_type":"article","og_title":"N\u00e9pal, Inde, Sri-Lanka - Anne-Marie","og_description":"T\u00e9moignage d&rsquo;Anne-Marie, b\u00e9n\u00e9vole avec GlobAlong au N\u00e9pal, Sri-Lanka et en Inde du Nord\u00a0 Je suis parti en asie pour 2 mois, combinant le N\u00e9pal, le Sri-Lanka et l\u2019Inde. Katmandou est un incroyable chaos entre poteaux et fils \u00e9lectriques qui tombent, bus bond\u00e9s, voitures et scooters qui roulent en tous sens, mais pas seulement\u2026 Katmandou c\u2019est [&hellip;]","og_url":"https:\/\/www.globalong.com\/blog\/avis-temoignages-globalong\/nepal-inde-sri-lanka-benevolat-volontariat-humanitaire\/","og_site_name":"Association Globalong","article_publisher":"https:\/\/www.facebook.com\/globalong","article_modified_time":"2022-05-06T14:55:54+00:00","og_image":[{"width":190,"height":190,"url":"https:\/\/www.globalong.com\/blog\/wp-content\/uploads\/2015\/10\/nepal_vlaggetjes.jpg","type":"image\/jpeg"}],"twitter_card":"summary_large_image","twitter_misc":{"Dur\u00e9e de lecture estim\u00e9e":"5 minutes"},"schema":{"@context":"https:\/\/schema.org","@graph":[{"@type":"WebPage","@id":"https:\/\/www.globalong.com\/blog\/avis-temoignages-globalong\/nepal-inde-sri-lanka-benevolat-volontariat-humanitaire\/","url":"https:\/\/www.globalong.com\/blog\/avis-temoignages-globalong\/nepal-inde-sri-lanka-benevolat-volontariat-humanitaire\/","name":"N\u00e9pal, Inde, Sri-Lanka - Anne-Marie - Association Globalong","isPartOf":{"@id":"https:\/\/www.globalong.com\/blog\/#website"},"primaryImageOfPage":{"@id":"https:\/\/www.globalong.com\/blog\/avis-temoignages-globalong\/nepal-inde-sri-lanka-benevolat-volontariat-humanitaire\/#primaryimage"},"image":{"@id":"https:\/\/www.globalong.com\/blog\/avis-temoignages-globalong\/nepal-inde-sri-lanka-benevolat-volontariat-humanitaire\/#primaryimage"},"thumbnailUrl":"https:\/\/www.globalong.com\/blog\/wp-content\/uploads\/2015\/10\/nepal_vlaggetjes.jpg","datePublished":"2018-06-13T10:14:16+00:00","dateModified":"2022-05-06T14:55:54+00:00","breadcrumb":{"@id":"https:\/\/www.globalong.com\/blog\/avis-temoignages-globalong\/nepal-inde-sri-lanka-benevolat-volontariat-humanitaire\/#breadcrumb"},"inLanguage":"fr-FR","potentialAction":[{"@type":"ReadAction","target":["https:\/\/www.globalong.com\/blog\/avis-temoignages-globalong\/nepal-inde-sri-lanka-benevolat-volontariat-humanitaire\/"]}]},{"@type":"ImageObject","inLanguage":"fr-FR","@id":"https:\/\/www.globalong.com\/blog\/avis-temoignages-globalong\/nepal-inde-sri-lanka-benevolat-volontariat-humanitaire\/#primaryimage","url":"https:\/\/www.globalong.com\/blog\/wp-content\/uploads\/2015\/10\/nepal_vlaggetjes.jpg","contentUrl":"https:\/\/www.globalong.com\/blog\/wp-content\/uploads\/2015\/10\/nepal_vlaggetjes.jpg","width":190,"height":190,"caption":"Mission de b\u00e9n\u00e9volat au N\u00e9pal avec Globalong en Asie"},{"@type":"BreadcrumbList","@id":"https:\/\/www.globalong.com\/blog\/avis-temoignages-globalong\/nepal-inde-sri-lanka-benevolat-volontariat-humanitaire\/#breadcrumb","itemListElement":[{"@type":"ListItem","position":1,"name":"Accueil","item":"https:\/\/www.globalong.com\/blog\/"},{"@type":"ListItem","position":2,"name":"T\u00e9moignages et avis de volontaires Globalong","item":"https:\/\/www.globalong.com\/blog\/avis-temoignages-globalong\/"},{"@type":"ListItem","position":3,"name":"N\u00e9pal, Inde, Sri-Lanka &#8211; Anne-Marie"}]},{"@type":"WebSite","@id":"https:\/\/www.globalong.com\/blog\/#website","url":"https:\/\/www.globalong.com\/blog\/","name":"https:\/\/www.globalong.com\/","description":"Mission humanitaire, stage \u00e9tudiant et voyage linguistique","publisher":{"@id":"https:\/\/www.globalong.com\/blog\/#organization"},"potentialAction":[{"@type":"SearchAction","target":{"@type":"EntryPoint","urlTemplate":"https:\/\/www.globalong.com\/blog\/?s={search_term_string}"},"query-input":{"@type":"PropertyValueSpecification","valueRequired":true,"valueName":"search_term_string"}}],"inLanguage":"fr-FR"},{"@type":"Organization","@id":"https:\/\/www.globalong.com\/blog\/#organization","name":"Association Globalong","url":"https:\/\/www.globalong.com\/blog\/","logo":{"@type":"ImageObject","inLanguage":"fr-FR","@id":"https:\/\/www.globalong.com\/blog\/#\/schema\/logo\/image\/","url":"https:\/\/www.globalong.com\/blog\/wp-content\/uploads\/2014\/11\/cropped-cropped-Logo-et-Afrique-Globalong-petite-taille-2.jpg","contentUrl":"https:\/\/www.globalong.com\/blog\/wp-content\/uploads\/2014\/11\/cropped-cropped-Logo-et-Afrique-Globalong-petite-taille-2.jpg","width":512,"height":512,"caption":"Association Globalong"},"image":{"@id":"https:\/\/www.globalong.com\/blog\/#\/schema\/logo\/image\/"},"sameAs":["https:\/\/www.facebook.com\/globalong"]}]}},"_links":{"self":[{"href":"https:\/\/www.globalong.com\/blog\/wp-json\/wp\/v2\/pages\/10285"}],"collection":[{"href":"https:\/\/www.globalong.com\/blog\/wp-json\/wp\/v2\/pages"}],"about":[{"href":"https:\/\/www.globalong.com\/blog\/wp-json\/wp\/v2\/types\/page"}],"author":[{"embeddable":true,"href":"https:\/\/www.globalong.com\/blog\/wp-json\/wp\/v2\/users\/7"}],"replies":[{"embeddable":true,"href":"https:\/\/www.globalong.com\/blog\/wp-json\/wp\/v2\/comments?post=10285"}],"version-history":[{"count":24,"href":"https:\/\/www.globalong.com\/blog\/wp-json\/wp\/v2\/pages\/10285\/revisions"}],"predecessor-version":[{"id":14546,"href":"https:\/\/www.globalong.com\/blog\/wp-json\/wp\/v2\/pages\/10285\/revisions\/14546"}],"up":[{"embeddable":true,"href":"https:\/\/www.globalong.com\/blog\/wp-json\/wp\/v2\/pages\/883"}],"wp:featuredmedia":[{"embeddable":true,"href":"https:\/\/www.globalong.com\/blog\/wp-json\/wp\/v2\/media\/2115"}],"wp:attachment":[{"href":"https:\/\/www.globalong.com\/blog\/wp-json\/wp\/v2\/media?parent=10285"}],"curies":[{"name":"wp","href":"https:\/\/api.w.org\/{rel}","templated":true}]}}