{"id":10398,"date":"2018-06-22T17:18:08","date_gmt":"2018-06-22T15:18:08","guid":{"rendered":"https:\/\/www.globalong.com\/blog\/?page_id=10398"},"modified":"2022-05-06T10:26:31","modified_gmt":"2022-05-06T08:26:31","slug":"benevolat-madagascar-humanitaire-alphabetisation","status":"publish","type":"page","link":"https:\/\/www.globalong.com\/blog\/avis-temoignages-globalong\/benevolat-madagascar-humanitaire-alphabetisation\/","title":{"rendered":"Madagascar &#8211; Laetitia"},"content":{"rendered":"<p style=\"text-align: center;\"><span style=\"color: #b81657;\"><strong>T\u00e9moignage de Laetitia, b\u00e9n\u00e9vole avec Globalong \u00e0Madagascar<\/strong><\/span><\/p>\n<p style=\"text-align: justify;\"><img loading=\"lazy\" decoding=\"async\" class=\"wp-image-10402 size-medium aligncenter\" src=\"https:\/\/www.globalong.com\/blog\/wp-content\/uploads\/2018\/06\/20180528_134052-min-300x225.jpg\" alt=\"\" width=\"300\" height=\"225\" srcset=\"https:\/\/www.globalong.com\/blog\/wp-content\/uploads\/2018\/06\/20180528_134052-min-300x225.jpg 300w, https:\/\/www.globalong.com\/blog\/wp-content\/uploads\/2018\/06\/20180528_134052-min-768x576.jpg 768w, https:\/\/www.globalong.com\/blog\/wp-content\/uploads\/2018\/06\/20180528_134052-min-1024x768.jpg 1024w, https:\/\/www.globalong.com\/blog\/wp-content\/uploads\/2018\/06\/20180528_134052-min-150x113.jpg 150w\" sizes=\"(max-width: 300px) 100vw, 300px\" \/>Je m\u2019appelle Laetitia et j\u2019ai pass\u00e9 quelques semaines \u00e0 <span style=\"text-decoration: underline;\"><a href=\"https:\/\/www.globalong.com\/sejour-benevolat\/madagascar-volontariat-humanitaire-et-stage.html\" target=\"_blank\" rel=\"noopener\">Madagascar<\/a><\/span> dans un <strong>centre d\u2019alphab\u00e9tisation pour enfants et jeunes d\u00e9favoris\u00e9s<\/strong>. Je souhaitais me rendre utile, d\u00e9couvrir une autre culture, un autre pays. J&rsquo;avais envie de d\u00e9paysement, de rencontres. Quelques mots pour d\u00e9crire ma p\u00e9riode de b\u00e9n\u00e9volat :\u00a0<strong>G\u00e9nial, accueil parfait, gentillesse, enrichissante. <\/strong><\/p>\n<p style=\"text-align: justify;\"><img loading=\"lazy\" decoding=\"async\" class=\"size-medium wp-image-10404 aligncenter\" src=\"https:\/\/www.globalong.com\/blog\/wp-content\/uploads\/2018\/06\/20180524_123338-min-300x169.jpg\" alt=\"\" width=\"300\" height=\"169\" srcset=\"https:\/\/www.globalong.com\/blog\/wp-content\/uploads\/2018\/06\/20180524_123338-min-300x169.jpg 300w, https:\/\/www.globalong.com\/blog\/wp-content\/uploads\/2018\/06\/20180524_123338-min-768x432.jpg 768w, https:\/\/www.globalong.com\/blog\/wp-content\/uploads\/2018\/06\/20180524_123338-min-1024x576.jpg 1024w, https:\/\/www.globalong.com\/blog\/wp-content\/uploads\/2018\/06\/20180524_123338-min-150x84.jpg 150w\" sizes=\"(max-width: 300px) 100vw, 300px\" \/>Les responsables du centre de Tananarive sont d&rsquo;une gentillesse exceptionnelle et leur accueil a \u00e9t\u00e9 tr\u00e8s chaleureux. Les malgaches sont tr\u00e8s accueillants. C&rsquo;est une exp\u00e9rience unique qui permet de prendre du recul sur sa vie, faire le point et envisager l&rsquo;avenir. Elle me permettra de faire preuve de plus d&rsquo;ouverture, de d\u00e9finir de meilleures priorit\u00e9s dans la vie.<\/p>\n<p style=\"text-align: justify;\"><img loading=\"lazy\" decoding=\"async\" class=\"size-medium wp-image-10406 aligncenter\" src=\"https:\/\/www.globalong.com\/blog\/wp-content\/uploads\/2018\/06\/20180530_141321-min-300x225.jpg\" alt=\"\" width=\"300\" height=\"225\" srcset=\"https:\/\/www.globalong.com\/blog\/wp-content\/uploads\/2018\/06\/20180530_141321-min-300x225.jpg 300w, https:\/\/www.globalong.com\/blog\/wp-content\/uploads\/2018\/06\/20180530_141321-min-768x576.jpg 768w, https:\/\/www.globalong.com\/blog\/wp-content\/uploads\/2018\/06\/20180530_141321-min-1024x768.jpg 1024w, https:\/\/www.globalong.com\/blog\/wp-content\/uploads\/2018\/06\/20180530_141321-min-150x113.jpg 150w\" sizes=\"(max-width: 300px) 100vw, 300px\" \/>Si j\u2019avais un conseil \u00e0 donner aux futurs participants\u00a0:<\/p>\n<p style=\"text-align: justify;\">N&rsquo;ayez pas peur, foncez !<\/p>\n<p style=\"text-align: justify;\">Je serai ravie d&rsquo;\u00eatre mise en relation avec des futurs participants afin de les rassurer quant \u00e0 leur d\u00e9part !<\/p>\n<p style=\"text-align: center;\">D\u00e9couvrez le <strong><span style=\"text-decoration: underline;\"><a href=\"https:\/\/www.globalong.com\/sejour-benevolat\/madagascar-volontariat-humanitaire-et-stage\/alphabetisation-enfants-madagascar-volontariat-globalong.html\" target=\"_blank\" rel=\"noopener\">programme de b\u00e9n\u00e9volat<\/a><\/span><\/strong> animalier auquel Laetitia a particip\u00e9 !<\/p>\n<p style=\"text-align: center;\">Pour plus de photos sur Madagascar, <strong><span style=\"text-decoration: underline;\"><a href=\"https:\/\/www.flickr.com\/photos\/globalong\/albums\/72157668589897473\" target=\"_blank\" rel=\"noopener\">cliquez ici<\/a><\/span><\/strong>!<\/p>\n<p style=\"text-align: left;\">\u00a0 \u00a0 \u00a0 \u00a0 \u00a0N&rsquo;h\u00e9sitez pas \u00e0 nous contacter \u00e0 l&rsquo;adresse<br \/>\n<strong><a href=\"mailto:info@globalong.com\" target=\"_blank\" rel=\"noopener\">\u00a0 \u00a0 \u00a0 \u00a0 \u00a0 \u00a0 \u00a0 \u00a0 \u00a0 \u00a0 \u00a0<\/a><span style=\"text-decoration: underline;\"><a href=\"mailto:info@globalong.com\" target=\"_blank\" rel=\"noopener\">info@globalong.com<\/a><\/span><\/strong><\/p>\n","protected":false},"excerpt":{"rendered":"<p>T\u00e9moignage de Laetitia, b\u00e9n\u00e9vole avec Globalong \u00e0Madagascar Je m\u2019appelle Laetitia et j\u2019ai pass\u00e9 quelques semaines \u00e0 Madagascar dans un centre d\u2019alphab\u00e9tisation pour enfants et jeunes d\u00e9favoris\u00e9s. Je souhaitais me rendre utile, d\u00e9couvrir une autre culture, un autre pays. J&rsquo;avais envie de d\u00e9paysement, de rencontres. Quelques mots pour d\u00e9crire ma p\u00e9riode de b\u00e9n\u00e9volat :\u00a0G\u00e9nial, accueil parfait, [&hellip;]<\/p>\n","protected":false},"author":7,"featured_media":10380,"parent":883,"menu_order":0,"comment_status":"closed","ping_status":"closed","template":"","meta":{"footnotes":""},"yoast_head":"<!-- This site is optimized with the Yoast SEO Premium plugin v23.4 (Yoast SEO v23.4) - https:\/\/yoast.com\/wordpress\/plugins\/seo\/ -->\n<title>Madagascar - Laetitia - Association Globalong<\/title>\n<meta name=\"robots\" content=\"index, follow, max-snippet:-1, max-image-preview:large, max-video-preview:-1\" \/>\n<link rel=\"canonical\" href=\"https:\/\/www.globalong.com\/blog\/avis-temoignages-globalong\/benevolat-madagascar-humanitaire-alphabetisation\/\" \/>\n<meta property=\"og:locale\" content=\"fr_FR\" \/>\n<meta property=\"og:type\" content=\"article\" \/>\n<meta property=\"og:title\" content=\"Madagascar - Laetitia\" \/>\n<meta property=\"og:description\" content=\"T\u00e9moignage de Laetitia, b\u00e9n\u00e9vole avec Globalong \u00e0Madagascar Je m\u2019appelle Laetitia et j\u2019ai pass\u00e9 quelques semaines \u00e0 Madagascar dans un centre d\u2019alphab\u00e9tisation pour enfants et jeunes d\u00e9favoris\u00e9s. Je souhaitais me rendre utile, d\u00e9couvrir une autre culture, un autre pays. J&rsquo;avais envie de d\u00e9paysement, de rencontres. Quelques mots pour d\u00e9crire ma p\u00e9riode de b\u00e9n\u00e9volat :\u00a0G\u00e9nial, accueil parfait, [&hellip;]\" \/>\n<meta property=\"og:url\" content=\"https:\/\/www.globalong.com\/blog\/avis-temoignages-globalong\/benevolat-madagascar-humanitaire-alphabetisation\/\" \/>\n<meta property=\"og:site_name\" content=\"Association Globalong\" \/>\n<meta property=\"article:publisher\" content=\"https:\/\/www.facebook.com\/globalong\" \/>\n<meta property=\"article:modified_time\" content=\"2022-05-06T08:26:31+00:00\" \/>\n<meta property=\"og:image\" content=\"https:\/\/www.globalong.com\/blog\/wp-content\/uploads\/2018\/06\/thumb_20160722_104933_1024-min.jpg\" \/>\n\t<meta property=\"og:image:width\" content=\"1182\" \/>\n\t<meta property=\"og:image:height\" content=\"665\" \/>\n\t<meta property=\"og:image:type\" content=\"image\/jpeg\" \/>\n<meta name=\"twitter:card\" content=\"summary_large_image\" \/>\n<meta name=\"twitter:label1\" content=\"Dur\u00e9e de lecture estim\u00e9e\" \/>\n\t<meta name=\"twitter:data1\" content=\"1 minute\" \/>\n<script type=\"application\/ld+json\" class=\"yoast-schema-graph\">{\"@context\":\"https:\/\/schema.org\",\"@graph\":[{\"@type\":\"WebPage\",\"@id\":\"https:\/\/www.globalong.com\/blog\/avis-temoignages-globalong\/benevolat-madagascar-humanitaire-alphabetisation\/\",\"url\":\"https:\/\/www.globalong.com\/blog\/avis-temoignages-globalong\/benevolat-madagascar-humanitaire-alphabetisation\/\",\"name\":\"Madagascar - Laetitia - Association Globalong\",\"isPartOf\":{\"@id\":\"https:\/\/www.globalong.com\/blog\/#website\"},\"primaryImageOfPage\":{\"@id\":\"https:\/\/www.globalong.com\/blog\/avis-temoignages-globalong\/benevolat-madagascar-humanitaire-alphabetisation\/#primaryimage\"},\"image\":{\"@id\":\"https:\/\/www.globalong.com\/blog\/avis-temoignages-globalong\/benevolat-madagascar-humanitaire-alphabetisation\/#primaryimage\"},\"thumbnailUrl\":\"https:\/\/www.globalong.com\/blog\/wp-content\/uploads\/2018\/06\/thumb_20160722_104933_1024-min.jpg\",\"datePublished\":\"2018-06-22T15:18:08+00:00\",\"dateModified\":\"2022-05-06T08:26:31+00:00\",\"breadcrumb\":{\"@id\":\"https:\/\/www.globalong.com\/blog\/avis-temoignages-globalong\/benevolat-madagascar-humanitaire-alphabetisation\/#breadcrumb\"},\"inLanguage\":\"fr-FR\",\"potentialAction\":[{\"@type\":\"ReadAction\",\"target\":[\"https:\/\/www.globalong.com\/blog\/avis-temoignages-globalong\/benevolat-madagascar-humanitaire-alphabetisation\/\"]}]},{\"@type\":\"ImageObject\",\"inLanguage\":\"fr-FR\",\"@id\":\"https:\/\/www.globalong.com\/blog\/avis-temoignages-globalong\/benevolat-madagascar-humanitaire-alphabetisation\/#primaryimage\",\"url\":\"https:\/\/www.globalong.com\/blog\/wp-content\/uploads\/2018\/06\/thumb_20160722_104933_1024-min.jpg\",\"contentUrl\":\"https:\/\/www.globalong.com\/blog\/wp-content\/uploads\/2018\/06\/thumb_20160722_104933_1024-min.jpg\",\"width\":1182,\"height\":665},{\"@type\":\"BreadcrumbList\",\"@id\":\"https:\/\/www.globalong.com\/blog\/avis-temoignages-globalong\/benevolat-madagascar-humanitaire-alphabetisation\/#breadcrumb\",\"itemListElement\":[{\"@type\":\"ListItem\",\"position\":1,\"name\":\"Accueil\",\"item\":\"https:\/\/www.globalong.com\/blog\/\"},{\"@type\":\"ListItem\",\"position\":2,\"name\":\"T\u00e9moignages et avis de volontaires Globalong\",\"item\":\"https:\/\/www.globalong.com\/blog\/avis-temoignages-globalong\/\"},{\"@type\":\"ListItem\",\"position\":3,\"name\":\"Madagascar &#8211; Laetitia\"}]},{\"@type\":\"WebSite\",\"@id\":\"https:\/\/www.globalong.com\/blog\/#website\",\"url\":\"https:\/\/www.globalong.com\/blog\/\",\"name\":\"https:\/\/www.globalong.com\/\",\"description\":\"Mission humanitaire, stage \u00e9tudiant et voyage linguistique\",\"publisher\":{\"@id\":\"https:\/\/www.globalong.com\/blog\/#organization\"},\"potentialAction\":[{\"@type\":\"SearchAction\",\"target\":{\"@type\":\"EntryPoint\",\"urlTemplate\":\"https:\/\/www.globalong.com\/blog\/?s={search_term_string}\"},\"query-input\":{\"@type\":\"PropertyValueSpecification\",\"valueRequired\":true,\"valueName\":\"search_term_string\"}}],\"inLanguage\":\"fr-FR\"},{\"@type\":\"Organization\",\"@id\":\"https:\/\/www.globalong.com\/blog\/#organization\",\"name\":\"Association Globalong\",\"url\":\"https:\/\/www.globalong.com\/blog\/\",\"logo\":{\"@type\":\"ImageObject\",\"inLanguage\":\"fr-FR\",\"@id\":\"https:\/\/www.globalong.com\/blog\/#\/schema\/logo\/image\/\",\"url\":\"https:\/\/www.globalong.com\/blog\/wp-content\/uploads\/2014\/11\/cropped-cropped-Logo-et-Afrique-Globalong-petite-taille-2.jpg\",\"contentUrl\":\"https:\/\/www.globalong.com\/blog\/wp-content\/uploads\/2014\/11\/cropped-cropped-Logo-et-Afrique-Globalong-petite-taille-2.jpg\",\"width\":512,\"height\":512,\"caption\":\"Association Globalong\"},\"image\":{\"@id\":\"https:\/\/www.globalong.com\/blog\/#\/schema\/logo\/image\/\"},\"sameAs\":[\"https:\/\/www.facebook.com\/globalong\"]}]}<\/script>\n<!-- \/ Yoast SEO Premium plugin. -->","yoast_head_json":{"title":"Madagascar - Laetitia - Association Globalong","robots":{"index":"index","follow":"follow","max-snippet":"max-snippet:-1","max-image-preview":"max-image-preview:large","max-video-preview":"max-video-preview:-1"},"canonical":"https:\/\/www.globalong.com\/blog\/avis-temoignages-globalong\/benevolat-madagascar-humanitaire-alphabetisation\/","og_locale":"fr_FR","og_type":"article","og_title":"Madagascar - Laetitia","og_description":"T\u00e9moignage de Laetitia, b\u00e9n\u00e9vole avec Globalong \u00e0Madagascar Je m\u2019appelle Laetitia et j\u2019ai pass\u00e9 quelques semaines \u00e0 Madagascar dans un centre d\u2019alphab\u00e9tisation pour enfants et jeunes d\u00e9favoris\u00e9s. Je souhaitais me rendre utile, d\u00e9couvrir une autre culture, un autre pays. J&rsquo;avais envie de d\u00e9paysement, de rencontres. Quelques mots pour d\u00e9crire ma p\u00e9riode de b\u00e9n\u00e9volat :\u00a0G\u00e9nial, accueil parfait, [&hellip;]","og_url":"https:\/\/www.globalong.com\/blog\/avis-temoignages-globalong\/benevolat-madagascar-humanitaire-alphabetisation\/","og_site_name":"Association Globalong","article_publisher":"https:\/\/www.facebook.com\/globalong","article_modified_time":"2022-05-06T08:26:31+00:00","og_image":[{"width":1182,"height":665,"url":"https:\/\/www.globalong.com\/blog\/wp-content\/uploads\/2018\/06\/thumb_20160722_104933_1024-min.jpg","type":"image\/jpeg"}],"twitter_card":"summary_large_image","twitter_misc":{"Dur\u00e9e de lecture estim\u00e9e":"1 minute"},"schema":{"@context":"https:\/\/schema.org","@graph":[{"@type":"WebPage","@id":"https:\/\/www.globalong.com\/blog\/avis-temoignages-globalong\/benevolat-madagascar-humanitaire-alphabetisation\/","url":"https:\/\/www.globalong.com\/blog\/avis-temoignages-globalong\/benevolat-madagascar-humanitaire-alphabetisation\/","name":"Madagascar - Laetitia - Association Globalong","isPartOf":{"@id":"https:\/\/www.globalong.com\/blog\/#website"},"primaryImageOfPage":{"@id":"https:\/\/www.globalong.com\/blog\/avis-temoignages-globalong\/benevolat-madagascar-humanitaire-alphabetisation\/#primaryimage"},"image":{"@id":"https:\/\/www.globalong.com\/blog\/avis-temoignages-globalong\/benevolat-madagascar-humanitaire-alphabetisation\/#primaryimage"},"thumbnailUrl":"https:\/\/www.globalong.com\/blog\/wp-content\/uploads\/2018\/06\/thumb_20160722_104933_1024-min.jpg","datePublished":"2018-06-22T15:18:08+00:00","dateModified":"2022-05-06T08:26:31+00:00","breadcrumb":{"@id":"https:\/\/www.globalong.com\/blog\/avis-temoignages-globalong\/benevolat-madagascar-humanitaire-alphabetisation\/#breadcrumb"},"inLanguage":"fr-FR","potentialAction":[{"@type":"ReadAction","target":["https:\/\/www.globalong.com\/blog\/avis-temoignages-globalong\/benevolat-madagascar-humanitaire-alphabetisation\/"]}]},{"@type":"ImageObject","inLanguage":"fr-FR","@id":"https:\/\/www.globalong.com\/blog\/avis-temoignages-globalong\/benevolat-madagascar-humanitaire-alphabetisation\/#primaryimage","url":"https:\/\/www.globalong.com\/blog\/wp-content\/uploads\/2018\/06\/thumb_20160722_104933_1024-min.jpg","contentUrl":"https:\/\/www.globalong.com\/blog\/wp-content\/uploads\/2018\/06\/thumb_20160722_104933_1024-min.jpg","width":1182,"height":665},{"@type":"BreadcrumbList","@id":"https:\/\/www.globalong.com\/blog\/avis-temoignages-globalong\/benevolat-madagascar-humanitaire-alphabetisation\/#breadcrumb","itemListElement":[{"@type":"ListItem","position":1,"name":"Accueil","item":"https:\/\/www.globalong.com\/blog\/"},{"@type":"ListItem","position":2,"name":"T\u00e9moignages et avis de volontaires Globalong","item":"https:\/\/www.globalong.com\/blog\/avis-temoignages-globalong\/"},{"@type":"ListItem","position":3,"name":"Madagascar &#8211; Laetitia"}]},{"@type":"WebSite","@id":"https:\/\/www.globalong.com\/blog\/#website","url":"https:\/\/www.globalong.com\/blog\/","name":"https:\/\/www.globalong.com\/","description":"Mission humanitaire, stage \u00e9tudiant et voyage linguistique","publisher":{"@id":"https:\/\/www.globalong.com\/blog\/#organization"},"potentialAction":[{"@type":"SearchAction","target":{"@type":"EntryPoint","urlTemplate":"https:\/\/www.globalong.com\/blog\/?s={search_term_string}"},"query-input":{"@type":"PropertyValueSpecification","valueRequired":true,"valueName":"search_term_string"}}],"inLanguage":"fr-FR"},{"@type":"Organization","@id":"https:\/\/www.globalong.com\/blog\/#organization","name":"Association Globalong","url":"https:\/\/www.globalong.com\/blog\/","logo":{"@type":"ImageObject","inLanguage":"fr-FR","@id":"https:\/\/www.globalong.com\/blog\/#\/schema\/logo\/image\/","url":"https:\/\/www.globalong.com\/blog\/wp-content\/uploads\/2014\/11\/cropped-cropped-Logo-et-Afrique-Globalong-petite-taille-2.jpg","contentUrl":"https:\/\/www.globalong.com\/blog\/wp-content\/uploads\/2014\/11\/cropped-cropped-Logo-et-Afrique-Globalong-petite-taille-2.jpg","width":512,"height":512,"caption":"Association Globalong"},"image":{"@id":"https:\/\/www.globalong.com\/blog\/#\/schema\/logo\/image\/"},"sameAs":["https:\/\/www.facebook.com\/globalong"]}]}},"_links":{"self":[{"href":"https:\/\/www.globalong.com\/blog\/wp-json\/wp\/v2\/pages\/10398"}],"collection":[{"href":"https:\/\/www.globalong.com\/blog\/wp-json\/wp\/v2\/pages"}],"about":[{"href":"https:\/\/www.globalong.com\/blog\/wp-json\/wp\/v2\/types\/page"}],"author":[{"embeddable":true,"href":"https:\/\/www.globalong.com\/blog\/wp-json\/wp\/v2\/users\/7"}],"replies":[{"embeddable":true,"href":"https:\/\/www.globalong.com\/blog\/wp-json\/wp\/v2\/comments?post=10398"}],"version-history":[{"count":21,"href":"https:\/\/www.globalong.com\/blog\/wp-json\/wp\/v2\/pages\/10398\/revisions"}],"predecessor-version":[{"id":14513,"href":"https:\/\/www.globalong.com\/blog\/wp-json\/wp\/v2\/pages\/10398\/revisions\/14513"}],"up":[{"embeddable":true,"href":"https:\/\/www.globalong.com\/blog\/wp-json\/wp\/v2\/pages\/883"}],"wp:featuredmedia":[{"embeddable":true,"href":"https:\/\/www.globalong.com\/blog\/wp-json\/wp\/v2\/media\/10380"}],"wp:attachment":[{"href":"https:\/\/www.globalong.com\/blog\/wp-json\/wp\/v2\/media?parent=10398"}],"curies":[{"name":"wp","href":"https:\/\/api.w.org\/{rel}","templated":true}]}}