{"id":10453,"date":"2018-06-28T10:20:35","date_gmt":"2018-06-28T08:20:35","guid":{"rendered":"https:\/\/www.globalong.com\/blog\/?page_id=10453"},"modified":"2022-05-07T11:02:26","modified_gmt":"2022-05-07T09:02:26","slug":"benevolat-humanitaire-senegal-enseignement-enfance-afrique","status":"publish","type":"page","link":"https:\/\/www.globalong.com\/blog\/avis-temoignages-globalong\/benevolat-humanitaire-senegal-enseignement-enfance-afrique\/","title":{"rendered":"S\u00e9n\u00e9gal &#8211; Leslie"},"content":{"rendered":"<p style=\"text-align: center;\"><span style=\"color: #b81657;\"><strong>T\u00e9moignage de Leslie, b\u00e9n\u00e9vole avec Globalong au S\u00e9n\u00e9gal<\/strong><\/span><\/p>\n<p style=\"text-align: justify;\"><img loading=\"lazy\" decoding=\"async\" class=\"wp-image-10541 aligncenter\" src=\"https:\/\/www.globalong.com\/blog\/wp-content\/uploads\/2018\/06\/Leslie-be\u0301ne\u0301vole-au-Se\u0301ne\u0301gal-225x300.jpg\" alt=\"\" width=\"300\" height=\"400\" srcset=\"https:\/\/www.globalong.com\/blog\/wp-content\/uploads\/2018\/06\/Leslie-be\u0301ne\u0301vole-au-Se\u0301ne\u0301gal-225x300.jpg 225w, https:\/\/www.globalong.com\/blog\/wp-content\/uploads\/2018\/06\/Leslie-be\u0301ne\u0301vole-au-Se\u0301ne\u0301gal-768x1024.jpg 768w, https:\/\/www.globalong.com\/blog\/wp-content\/uploads\/2018\/06\/Leslie-be\u0301ne\u0301vole-au-Se\u0301ne\u0301gal-113x150.jpg 113w\" sizes=\"(max-width: 300px) 100vw, 300px\" \/>Je m\u2019appelle Leslie et je suis parti au <span style=\"text-decoration: underline;\"><a href=\"https:\/\/www.globalong.com\/sejour-benevolat\/senegal-benevolat-humanitaire-mission.html\" target=\"_blank\" rel=\"noopener\"><strong>S\u00e9n\u00e9gal<\/strong> <\/a><\/span>quelques semaines sur une <strong>mission d&rsquo;enseignement en \u00e9cole communnautaire<\/strong>.<\/p>\n<p style=\"text-align: justify;\">C\u2019\u00e9tait un r\u00eave d\u2019enfant pour moi d\u2019aller en Afrique, d\u00e9couvrir une nouvelle culture.<\/p>\n<p style=\"text-align: justify;\">Ma p\u00e9riode de b\u00e9n\u00e9volat s\u2019est bien d\u00e9roul\u00e9e mais il faut apprendre \u00e0 ne pas surestimer l&rsquo;aide qu&rsquo;on apporte \u00e0 l&rsquo;\u00e9cole. On ne va pas changer les choses sur notre p\u00e9riode de b\u00e9n\u00e9volat, et on est plus un <strong>soutien aux professeurs<\/strong> d\u00e9j\u00e0 pr\u00e9sents. Il est important de comprendre que les volontaires ne sont que de passage et que c&rsquo;est \u00e0 nous de s&rsquo;adapter aux m\u00e9thodes p\u00e9dagogiques d\u00e9j\u00e0 en place.<\/p>\n<p style=\"text-align: justify;\">Une fois notre humilit\u00e9 grandit, on peut profiter pleinement de donner de sa personne et aider \u00e0 donner les cours dans un partage mutuel avec le professeur. Durant ces quelques semaines j\u2019ai pu visiter la r\u00e9serve de Bandia, le Lac Rose, l\u2019\u00eele de Gor\u00e9e, la Somone, le parc des tortues de Rufisque.<\/p>\n<p style=\"text-align: justify;\"><img loading=\"lazy\" decoding=\"async\" class=\"size-medium wp-image-10543 aligncenter\" src=\"https:\/\/www.globalong.com\/blog\/wp-content\/uploads\/2018\/06\/Be\u0301ne\u0301volat-dans-une-e\u0301cole-communautaire--300x225.jpg\" alt=\"\" width=\"300\" height=\"225\" srcset=\"https:\/\/www.globalong.com\/blog\/wp-content\/uploads\/2018\/06\/Be\u0301ne\u0301volat-dans-une-e\u0301cole-communautaire--300x225.jpg 300w, https:\/\/www.globalong.com\/blog\/wp-content\/uploads\/2018\/06\/Be\u0301ne\u0301volat-dans-une-e\u0301cole-communautaire--768x576.jpg 768w, https:\/\/www.globalong.com\/blog\/wp-content\/uploads\/2018\/06\/Be\u0301ne\u0301volat-dans-une-e\u0301cole-communautaire--1024x768.jpg 1024w, https:\/\/www.globalong.com\/blog\/wp-content\/uploads\/2018\/06\/Be\u0301ne\u0301volat-dans-une-e\u0301cole-communautaire--150x113.jpg 150w\" sizes=\"(max-width: 300px) 100vw, 300px\" \/>J\u2019ai surtout fait des rencontres int\u00e9ressantes, je me suis beaucoup beaucoup attach\u00e9e \u00e0 la famille d&rsquo;accueil qui m&rsquo;a accueillie comme si je faisais d\u00e9j\u00e0 partie de la famille !!! Des gens super !!!!!!!! Et des bonnes rencontres parmi les volontaires aussi..<\/p>\n<p style=\"text-align: justify;\">\u00ab\u00a0<strong>Le voyage est la seule chose qu&rsquo;on ach\u00e8te et qui enrichit<\/strong>\u00a0\u00bb Je ressors grandit, l&rsquo;\u00e2me en paix et des images pleins la t\u00eate de cette exp\u00e9rience. Le c\u0153ur remplie de toutes ces bonnes rencontres et une envie irr\u00e9sistible de continuer \u00e0 voyager&#8230;<\/p>\n<p style=\"text-align: justify;\"><a href=\"https:\/\/www.globalong.com\/blog\/dossiers-globalong-information-supplementaires-astuces-difference-question-stage-langues-missions-benevolat-sejours-linguistiques-humanitaire-etranger-projet-annee-sabbatique\/nouvelle-page-2\/\" target=\"_blank\" rel=\"noopener\"><strong><img loading=\"lazy\" decoding=\"async\" class=\"wp-image-10544 size-medium aligncenter\" src=\"https:\/\/www.globalong.com\/blog\/wp-content\/uploads\/2018\/06\/Hebergement-Senegal-300x225.jpg\" alt=\"\" width=\"300\" height=\"225\" srcset=\"https:\/\/www.globalong.com\/blog\/wp-content\/uploads\/2018\/06\/Hebergement-Senegal-300x225.jpg 300w, https:\/\/www.globalong.com\/blog\/wp-content\/uploads\/2018\/06\/Hebergement-Senegal-768x576.jpg 768w, https:\/\/www.globalong.com\/blog\/wp-content\/uploads\/2018\/06\/Hebergement-Senegal-1024x768.jpg 1024w, https:\/\/www.globalong.com\/blog\/wp-content\/uploads\/2018\/06\/Hebergement-Senegal-150x113.jpg 150w\" sizes=\"(max-width: 300px) 100vw, 300px\" \/><span style=\"text-decoration: underline;\">Choc culturel<\/span><\/strong><\/a> du retour&#8230; A l&rsquo;aller j&rsquo;\u00e9tais pr\u00eate \u00e0 d\u00e9couvrir et m&rsquo;adapter pleinement \u00e0 une culture diff\u00e9rente donc \u00e7a a march\u00e9 comme sur des roulettes mais je n\u2019avais pas pr\u00e9vu qu&rsquo;au retour il pouvait y avoir un choc culturel aussi.<\/p>\n<p style=\"text-align: justify;\">Si j\u2019ai un <strong>conseil aux futurs participants<\/strong>\u00a0:<\/p>\n<p style=\"text-align: justify;\">Bien se renseigner sur le pays de destination et bien pr\u00e9parer son d\u00e9part (bagages, administratif&#8230;) pour profiter pleinement sur place. Avoir des attentes raisonnables sur notre volontariat ( d\u00e9couverte d&rsquo;une autre culture, soutien aux locaux&#8230;)<\/p>\n<p style=\"text-align: center;\">D\u00e9couvrez le <span style=\"text-decoration: underline;\"><strong><a href=\"https:\/\/www.globalong.com\/sejour-benevolat\/senegal-benevolat-humanitaire-mission\/enseignement-senegal-ecoles.html\" target=\"_blank\" rel=\"noopener\">programme de b\u00e9n\u00e9volat<\/a> <\/strong><\/span>auquel Leslie a particip\u00e9<\/p>\n<p style=\"text-align: center;\">Pour plus de photos sur le S\u00e9n\u00e9gal, <strong><span style=\"text-decoration: underline;\"><a href=\"https:\/\/www.flickr.com\/photos\/globalong\/albums\/72157656286530240\" target=\"_blank\" rel=\"noopener\">cliquez ici<\/a><\/span><\/strong> !<\/p>\n<p style=\"text-align: center;\">N&rsquo;h\u00e9sitez pas \u00e0 nous contacter pour plus d&rsquo;informations \u00e0 <strong><span style=\"text-decoration: underline;\"><a href=\"mailto:info@globalong.com\" target=\"_blank\" rel=\"noopener\">info@globalong.com<\/a><\/span><\/strong><\/p>\n","protected":false},"excerpt":{"rendered":"<p>T\u00e9moignage de Leslie, b\u00e9n\u00e9vole avec Globalong au S\u00e9n\u00e9gal Je m\u2019appelle Leslie et je suis parti au S\u00e9n\u00e9gal quelques semaines sur une mission d&rsquo;enseignement en \u00e9cole communnautaire. C\u2019\u00e9tait un r\u00eave d\u2019enfant pour moi d\u2019aller en Afrique, d\u00e9couvrir une nouvelle culture. Ma p\u00e9riode de b\u00e9n\u00e9volat s\u2019est bien d\u00e9roul\u00e9e mais il faut apprendre \u00e0 ne pas surestimer l&rsquo;aide [&hellip;]<\/p>\n","protected":false},"author":7,"featured_media":8528,"parent":883,"menu_order":0,"comment_status":"closed","ping_status":"closed","template":"","meta":{"footnotes":""},"yoast_head":"<!-- This site is optimized with the Yoast SEO Premium plugin v23.4 (Yoast SEO v23.4) - https:\/\/yoast.com\/wordpress\/plugins\/seo\/ -->\n<title>S\u00e9n\u00e9gal - Leslie - Association Globalong<\/title>\n<meta name=\"robots\" content=\"index, follow, max-snippet:-1, max-image-preview:large, max-video-preview:-1\" \/>\n<link rel=\"canonical\" href=\"https:\/\/www.globalong.com\/blog\/avis-temoignages-globalong\/benevolat-humanitaire-senegal-enseignement-enfance-afrique\/\" \/>\n<meta property=\"og:locale\" content=\"fr_FR\" \/>\n<meta property=\"og:type\" content=\"article\" \/>\n<meta property=\"og:title\" content=\"S\u00e9n\u00e9gal - Leslie\" \/>\n<meta property=\"og:description\" content=\"T\u00e9moignage de Leslie, b\u00e9n\u00e9vole avec Globalong au S\u00e9n\u00e9gal Je m\u2019appelle Leslie et je suis parti au S\u00e9n\u00e9gal quelques semaines sur une mission d&rsquo;enseignement en \u00e9cole communnautaire. C\u2019\u00e9tait un r\u00eave d\u2019enfant pour moi d\u2019aller en Afrique, d\u00e9couvrir une nouvelle culture. Ma p\u00e9riode de b\u00e9n\u00e9volat s\u2019est bien d\u00e9roul\u00e9e mais il faut apprendre \u00e0 ne pas surestimer l&rsquo;aide [&hellip;]\" \/>\n<meta property=\"og:url\" content=\"https:\/\/www.globalong.com\/blog\/avis-temoignages-globalong\/benevolat-humanitaire-senegal-enseignement-enfance-afrique\/\" \/>\n<meta property=\"og:site_name\" content=\"Association Globalong\" \/>\n<meta property=\"article:publisher\" content=\"https:\/\/www.facebook.com\/globalong\" \/>\n<meta property=\"article:modified_time\" content=\"2022-05-07T09:02:26+00:00\" \/>\n<meta property=\"og:image\" content=\"https:\/\/www.globalong.com\/blog\/wp-content\/uploads\/2018\/01\/humanitaire-senegal-globalong-min.jpg\" \/>\n\t<meta property=\"og:image:width\" content=\"1557\" \/>\n\t<meta property=\"og:image:height\" content=\"1003\" \/>\n\t<meta property=\"og:image:type\" content=\"image\/jpeg\" \/>\n<meta name=\"twitter:card\" content=\"summary_large_image\" \/>\n<meta name=\"twitter:label1\" content=\"Dur\u00e9e de lecture estim\u00e9e\" \/>\n\t<meta name=\"twitter:data1\" content=\"2 minutes\" \/>\n<script type=\"application\/ld+json\" class=\"yoast-schema-graph\">{\"@context\":\"https:\/\/schema.org\",\"@graph\":[{\"@type\":\"WebPage\",\"@id\":\"https:\/\/www.globalong.com\/blog\/avis-temoignages-globalong\/benevolat-humanitaire-senegal-enseignement-enfance-afrique\/\",\"url\":\"https:\/\/www.globalong.com\/blog\/avis-temoignages-globalong\/benevolat-humanitaire-senegal-enseignement-enfance-afrique\/\",\"name\":\"S\u00e9n\u00e9gal - Leslie - Association Globalong\",\"isPartOf\":{\"@id\":\"https:\/\/www.globalong.com\/blog\/#website\"},\"primaryImageOfPage\":{\"@id\":\"https:\/\/www.globalong.com\/blog\/avis-temoignages-globalong\/benevolat-humanitaire-senegal-enseignement-enfance-afrique\/#primaryimage\"},\"image\":{\"@id\":\"https:\/\/www.globalong.com\/blog\/avis-temoignages-globalong\/benevolat-humanitaire-senegal-enseignement-enfance-afrique\/#primaryimage\"},\"thumbnailUrl\":\"https:\/\/www.globalong.com\/blog\/wp-content\/uploads\/2018\/01\/humanitaire-senegal-globalong-min.jpg\",\"datePublished\":\"2018-06-28T08:20:35+00:00\",\"dateModified\":\"2022-05-07T09:02:26+00:00\",\"breadcrumb\":{\"@id\":\"https:\/\/www.globalong.com\/blog\/avis-temoignages-globalong\/benevolat-humanitaire-senegal-enseignement-enfance-afrique\/#breadcrumb\"},\"inLanguage\":\"fr-FR\",\"potentialAction\":[{\"@type\":\"ReadAction\",\"target\":[\"https:\/\/www.globalong.com\/blog\/avis-temoignages-globalong\/benevolat-humanitaire-senegal-enseignement-enfance-afrique\/\"]}]},{\"@type\":\"ImageObject\",\"inLanguage\":\"fr-FR\",\"@id\":\"https:\/\/www.globalong.com\/blog\/avis-temoignages-globalong\/benevolat-humanitaire-senegal-enseignement-enfance-afrique\/#primaryimage\",\"url\":\"https:\/\/www.globalong.com\/blog\/wp-content\/uploads\/2018\/01\/humanitaire-senegal-globalong-min.jpg\",\"contentUrl\":\"https:\/\/www.globalong.com\/blog\/wp-content\/uploads\/2018\/01\/humanitaire-senegal-globalong-min.jpg\",\"width\":1557,\"height\":1003,\"caption\":\"Mission humanitaire en Famille\"},{\"@type\":\"BreadcrumbList\",\"@id\":\"https:\/\/www.globalong.com\/blog\/avis-temoignages-globalong\/benevolat-humanitaire-senegal-enseignement-enfance-afrique\/#breadcrumb\",\"itemListElement\":[{\"@type\":\"ListItem\",\"position\":1,\"name\":\"Accueil\",\"item\":\"https:\/\/www.globalong.com\/blog\/\"},{\"@type\":\"ListItem\",\"position\":2,\"name\":\"T\u00e9moignages et avis de volontaires Globalong\",\"item\":\"https:\/\/www.globalong.com\/blog\/avis-temoignages-globalong\/\"},{\"@type\":\"ListItem\",\"position\":3,\"name\":\"S\u00e9n\u00e9gal &#8211; Leslie\"}]},{\"@type\":\"WebSite\",\"@id\":\"https:\/\/www.globalong.com\/blog\/#website\",\"url\":\"https:\/\/www.globalong.com\/blog\/\",\"name\":\"https:\/\/www.globalong.com\/\",\"description\":\"Mission humanitaire, stage \u00e9tudiant et voyage linguistique\",\"publisher\":{\"@id\":\"https:\/\/www.globalong.com\/blog\/#organization\"},\"potentialAction\":[{\"@type\":\"SearchAction\",\"target\":{\"@type\":\"EntryPoint\",\"urlTemplate\":\"https:\/\/www.globalong.com\/blog\/?s={search_term_string}\"},\"query-input\":{\"@type\":\"PropertyValueSpecification\",\"valueRequired\":true,\"valueName\":\"search_term_string\"}}],\"inLanguage\":\"fr-FR\"},{\"@type\":\"Organization\",\"@id\":\"https:\/\/www.globalong.com\/blog\/#organization\",\"name\":\"Association Globalong\",\"url\":\"https:\/\/www.globalong.com\/blog\/\",\"logo\":{\"@type\":\"ImageObject\",\"inLanguage\":\"fr-FR\",\"@id\":\"https:\/\/www.globalong.com\/blog\/#\/schema\/logo\/image\/\",\"url\":\"https:\/\/www.globalong.com\/blog\/wp-content\/uploads\/2014\/11\/cropped-cropped-Logo-et-Afrique-Globalong-petite-taille-2.jpg\",\"contentUrl\":\"https:\/\/www.globalong.com\/blog\/wp-content\/uploads\/2014\/11\/cropped-cropped-Logo-et-Afrique-Globalong-petite-taille-2.jpg\",\"width\":512,\"height\":512,\"caption\":\"Association Globalong\"},\"image\":{\"@id\":\"https:\/\/www.globalong.com\/blog\/#\/schema\/logo\/image\/\"},\"sameAs\":[\"https:\/\/www.facebook.com\/globalong\"]}]}<\/script>\n<!-- \/ Yoast SEO Premium plugin. -->","yoast_head_json":{"title":"S\u00e9n\u00e9gal - Leslie - Association Globalong","robots":{"index":"index","follow":"follow","max-snippet":"max-snippet:-1","max-image-preview":"max-image-preview:large","max-video-preview":"max-video-preview:-1"},"canonical":"https:\/\/www.globalong.com\/blog\/avis-temoignages-globalong\/benevolat-humanitaire-senegal-enseignement-enfance-afrique\/","og_locale":"fr_FR","og_type":"article","og_title":"S\u00e9n\u00e9gal - Leslie","og_description":"T\u00e9moignage de Leslie, b\u00e9n\u00e9vole avec Globalong au S\u00e9n\u00e9gal Je m\u2019appelle Leslie et je suis parti au S\u00e9n\u00e9gal quelques semaines sur une mission d&rsquo;enseignement en \u00e9cole communnautaire. C\u2019\u00e9tait un r\u00eave d\u2019enfant pour moi d\u2019aller en Afrique, d\u00e9couvrir une nouvelle culture. Ma p\u00e9riode de b\u00e9n\u00e9volat s\u2019est bien d\u00e9roul\u00e9e mais il faut apprendre \u00e0 ne pas surestimer l&rsquo;aide [&hellip;]","og_url":"https:\/\/www.globalong.com\/blog\/avis-temoignages-globalong\/benevolat-humanitaire-senegal-enseignement-enfance-afrique\/","og_site_name":"Association Globalong","article_publisher":"https:\/\/www.facebook.com\/globalong","article_modified_time":"2022-05-07T09:02:26+00:00","og_image":[{"width":1557,"height":1003,"url":"https:\/\/www.globalong.com\/blog\/wp-content\/uploads\/2018\/01\/humanitaire-senegal-globalong-min.jpg","type":"image\/jpeg"}],"twitter_card":"summary_large_image","twitter_misc":{"Dur\u00e9e de lecture estim\u00e9e":"2 minutes"},"schema":{"@context":"https:\/\/schema.org","@graph":[{"@type":"WebPage","@id":"https:\/\/www.globalong.com\/blog\/avis-temoignages-globalong\/benevolat-humanitaire-senegal-enseignement-enfance-afrique\/","url":"https:\/\/www.globalong.com\/blog\/avis-temoignages-globalong\/benevolat-humanitaire-senegal-enseignement-enfance-afrique\/","name":"S\u00e9n\u00e9gal - Leslie - Association Globalong","isPartOf":{"@id":"https:\/\/www.globalong.com\/blog\/#website"},"primaryImageOfPage":{"@id":"https:\/\/www.globalong.com\/blog\/avis-temoignages-globalong\/benevolat-humanitaire-senegal-enseignement-enfance-afrique\/#primaryimage"},"image":{"@id":"https:\/\/www.globalong.com\/blog\/avis-temoignages-globalong\/benevolat-humanitaire-senegal-enseignement-enfance-afrique\/#primaryimage"},"thumbnailUrl":"https:\/\/www.globalong.com\/blog\/wp-content\/uploads\/2018\/01\/humanitaire-senegal-globalong-min.jpg","datePublished":"2018-06-28T08:20:35+00:00","dateModified":"2022-05-07T09:02:26+00:00","breadcrumb":{"@id":"https:\/\/www.globalong.com\/blog\/avis-temoignages-globalong\/benevolat-humanitaire-senegal-enseignement-enfance-afrique\/#breadcrumb"},"inLanguage":"fr-FR","potentialAction":[{"@type":"ReadAction","target":["https:\/\/www.globalong.com\/blog\/avis-temoignages-globalong\/benevolat-humanitaire-senegal-enseignement-enfance-afrique\/"]}]},{"@type":"ImageObject","inLanguage":"fr-FR","@id":"https:\/\/www.globalong.com\/blog\/avis-temoignages-globalong\/benevolat-humanitaire-senegal-enseignement-enfance-afrique\/#primaryimage","url":"https:\/\/www.globalong.com\/blog\/wp-content\/uploads\/2018\/01\/humanitaire-senegal-globalong-min.jpg","contentUrl":"https:\/\/www.globalong.com\/blog\/wp-content\/uploads\/2018\/01\/humanitaire-senegal-globalong-min.jpg","width":1557,"height":1003,"caption":"Mission humanitaire en Famille"},{"@type":"BreadcrumbList","@id":"https:\/\/www.globalong.com\/blog\/avis-temoignages-globalong\/benevolat-humanitaire-senegal-enseignement-enfance-afrique\/#breadcrumb","itemListElement":[{"@type":"ListItem","position":1,"name":"Accueil","item":"https:\/\/www.globalong.com\/blog\/"},{"@type":"ListItem","position":2,"name":"T\u00e9moignages et avis de volontaires Globalong","item":"https:\/\/www.globalong.com\/blog\/avis-temoignages-globalong\/"},{"@type":"ListItem","position":3,"name":"S\u00e9n\u00e9gal &#8211; Leslie"}]},{"@type":"WebSite","@id":"https:\/\/www.globalong.com\/blog\/#website","url":"https:\/\/www.globalong.com\/blog\/","name":"https:\/\/www.globalong.com\/","description":"Mission humanitaire, stage \u00e9tudiant et voyage linguistique","publisher":{"@id":"https:\/\/www.globalong.com\/blog\/#organization"},"potentialAction":[{"@type":"SearchAction","target":{"@type":"EntryPoint","urlTemplate":"https:\/\/www.globalong.com\/blog\/?s={search_term_string}"},"query-input":{"@type":"PropertyValueSpecification","valueRequired":true,"valueName":"search_term_string"}}],"inLanguage":"fr-FR"},{"@type":"Organization","@id":"https:\/\/www.globalong.com\/blog\/#organization","name":"Association Globalong","url":"https:\/\/www.globalong.com\/blog\/","logo":{"@type":"ImageObject","inLanguage":"fr-FR","@id":"https:\/\/www.globalong.com\/blog\/#\/schema\/logo\/image\/","url":"https:\/\/www.globalong.com\/blog\/wp-content\/uploads\/2014\/11\/cropped-cropped-Logo-et-Afrique-Globalong-petite-taille-2.jpg","contentUrl":"https:\/\/www.globalong.com\/blog\/wp-content\/uploads\/2014\/11\/cropped-cropped-Logo-et-Afrique-Globalong-petite-taille-2.jpg","width":512,"height":512,"caption":"Association Globalong"},"image":{"@id":"https:\/\/www.globalong.com\/blog\/#\/schema\/logo\/image\/"},"sameAs":["https:\/\/www.facebook.com\/globalong"]}]}},"_links":{"self":[{"href":"https:\/\/www.globalong.com\/blog\/wp-json\/wp\/v2\/pages\/10453"}],"collection":[{"href":"https:\/\/www.globalong.com\/blog\/wp-json\/wp\/v2\/pages"}],"about":[{"href":"https:\/\/www.globalong.com\/blog\/wp-json\/wp\/v2\/types\/page"}],"author":[{"embeddable":true,"href":"https:\/\/www.globalong.com\/blog\/wp-json\/wp\/v2\/users\/7"}],"replies":[{"embeddable":true,"href":"https:\/\/www.globalong.com\/blog\/wp-json\/wp\/v2\/comments?post=10453"}],"version-history":[{"count":13,"href":"https:\/\/www.globalong.com\/blog\/wp-json\/wp\/v2\/pages\/10453\/revisions"}],"predecessor-version":[{"id":14561,"href":"https:\/\/www.globalong.com\/blog\/wp-json\/wp\/v2\/pages\/10453\/revisions\/14561"}],"up":[{"embeddable":true,"href":"https:\/\/www.globalong.com\/blog\/wp-json\/wp\/v2\/pages\/883"}],"wp:featuredmedia":[{"embeddable":true,"href":"https:\/\/www.globalong.com\/blog\/wp-json\/wp\/v2\/media\/8528"}],"wp:attachment":[{"href":"https:\/\/www.globalong.com\/blog\/wp-json\/wp\/v2\/media?parent=10453"}],"curies":[{"name":"wp","href":"https:\/\/api.w.org\/{rel}","templated":true}]}}