{"id":10460,"date":"2018-06-25T11:29:44","date_gmt":"2018-06-25T09:29:44","guid":{"rendered":"https:\/\/www.globalong.com\/blog\/?page_id=10460"},"modified":"2022-05-07T11:00:58","modified_gmt":"2022-05-07T09:00:58","slug":"senegal-benevolat-enseignement-enfance-afrique","status":"publish","type":"page","link":"https:\/\/www.globalong.com\/blog\/avis-temoignages-globalong\/senegal-benevolat-enseignement-enfance-afrique\/","title":{"rendered":"S\u00e9n\u00e9gal &#8211; L\u00e9a"},"content":{"rendered":"<p style=\"text-align: center;\"><span style=\"color: #b81657;\"><strong>T\u00e9moignage de L\u00e9a, b\u00e9n\u00e9vole avec Globalong au <span style=\"text-decoration: underline;\"><a href=\"https:\/\/www.globalong.com\/sejour-benevolat\/senegal-benevolat-humanitaire-mission.html\" target=\"_blank\" rel=\"noopener\">S\u00e9n\u00e9gal<\/a><\/span><\/strong><\/span><\/p>\n<p style=\"text-align: justify;\"><img loading=\"lazy\" decoding=\"async\" class=\"wp-image-10464 aligncenter\" src=\"https:\/\/www.globalong.com\/blog\/wp-content\/uploads\/2018\/06\/IMG_6415-min-225x300.jpg\" alt=\"\" width=\"300\" height=\"400\" srcset=\"https:\/\/www.globalong.com\/blog\/wp-content\/uploads\/2018\/06\/IMG_6415-min-225x300.jpg 225w, https:\/\/www.globalong.com\/blog\/wp-content\/uploads\/2018\/06\/IMG_6415-min-768x1024.jpg 768w, https:\/\/www.globalong.com\/blog\/wp-content\/uploads\/2018\/06\/IMG_6415-min-113x150.jpg 113w\" sizes=\"(max-width: 300px) 100vw, 300px\" \/>Bonjour je m&rsquo;appelle L\u00e9a, j&rsquo;ai particip\u00e9 \u00e0 une mission de b\u00e9n\u00e9volat d&rsquo;<strong>enseignement en \u00e9cole communautaire<\/strong> durant quelques semaines.<\/p>\n<p style=\"text-align: justify;\">Les premiers jours se sont tr\u00e8s bien d\u00e9roul\u00e9s. Certes, la vie est tr\u00e8s difficile, entre la pollution et le bruit, et surtout depuis que l&rsquo;eau courante est coup\u00e9e. N\u00e9anmoins j&rsquo;aime vivre \u00e0 Thiaroye. Je d\u00e9couvre une culture tr\u00e8s diff\u00e9rente et j&rsquo;apprends \u00e0 appr\u00e9cier tout ce que j&rsquo;ai en France quand je vois le peu qu&rsquo;ils ont ici. J&rsquo;appr\u00e9cie cette vie simple qui nous rapproche les uns des autres.<\/p>\n<p style=\"text-align: justify;\">En ce qui concerne l&rsquo;\u00e9cole, j&rsquo;ai \u00e9t\u00e9 int\u00e9gr\u00e9e tr\u00e8s rapidement dans la classe de CE1. Tout se passe bien, le professeur me laisse assurer des cours. Les enfants sont adorables.<\/p>\n<p style=\"text-align: justify;\">J&rsquo;ai rencontr\u00e9 de superbes amies en Ashlee et Clotilde, nous partageons beaucoup de choses. Heureusement qu&rsquo;elles sont l\u00e0 ou je pense que je me sentirais tr\u00e8s seule, je ne suis pas tr\u00e8s fusionnelle avec la famille. Ashlee et moi sommes all\u00e9es au monument de la Renaissance africaine et \u00e0 l&rsquo;\u00eele de Gor\u00e9e, c&rsquo;\u00e9tait incroyable.<\/p>\n<p><img loading=\"lazy\" decoding=\"async\" class=\"size-medium wp-image-10466 aligncenter\" src=\"https:\/\/www.globalong.com\/blog\/wp-content\/uploads\/2018\/06\/IMG_6368-min-300x225.jpg\" alt=\"\" width=\"300\" height=\"225\" srcset=\"https:\/\/www.globalong.com\/blog\/wp-content\/uploads\/2018\/06\/IMG_6368-min-300x225.jpg 300w, https:\/\/www.globalong.com\/blog\/wp-content\/uploads\/2018\/06\/IMG_6368-min-768x576.jpg 768w, https:\/\/www.globalong.com\/blog\/wp-content\/uploads\/2018\/06\/IMG_6368-min-1024x768.jpg 1024w, https:\/\/www.globalong.com\/blog\/wp-content\/uploads\/2018\/06\/IMG_6368-min-150x113.jpg 150w\" sizes=\"(max-width: 300px) 100vw, 300px\" \/><\/p>\n<p style=\"text-align: justify;\">Concernant ma deuxi\u00e8me semaine, tout s&rsquo;est tr\u00e8s bien pass\u00e9.<br \/>\nDe lundi \u00e0 mercredi, c&rsquo;\u00e9tait \u00e9cole, les enfants \u00e9taient tr\u00e8s fatigu\u00e9s \u00e0 cause du Ramadan. J&rsquo;ai <strong>davantage de responsabilit\u00e9s qu&rsquo;au d\u00e9but<\/strong>, je donne ainsi de nombreux cours de fran\u00e7ais et de math\u00e9matiques \u00e0 ma classe de CE1.<\/p>\n<p style=\"text-align: justify;\">C&rsquo;est une superbe exp\u00e9rience, tant humaine que professionnelle. Les enfants sont merveilleux et ne demandent qu&rsquo;\u00e0 apprendre.\u00a0Jeudi et vendredi, nous n&rsquo;avons pas eu classe du fait de la f\u00eate de la Korit\u00e9.<\/p>\n<p style=\"text-align: justify;\"><img loading=\"lazy\" decoding=\"async\" class=\"size-medium wp-image-10472 aligncenter\" src=\"https:\/\/www.globalong.com\/blog\/wp-content\/uploads\/2018\/06\/JYUF9052-min-300x277.jpg\" alt=\"\" width=\"300\" height=\"277\" srcset=\"https:\/\/www.globalong.com\/blog\/wp-content\/uploads\/2018\/06\/JYUF9052-min-300x277.jpg 300w, https:\/\/www.globalong.com\/blog\/wp-content\/uploads\/2018\/06\/JYUF9052-min-768x709.jpg 768w, https:\/\/www.globalong.com\/blog\/wp-content\/uploads\/2018\/06\/JYUF9052-min-1024x946.jpg 1024w, https:\/\/www.globalong.com\/blog\/wp-content\/uploads\/2018\/06\/JYUF9052-min-150x139.jpg 150w, https:\/\/www.globalong.com\/blog\/wp-content\/uploads\/2018\/06\/JYUF9052-min.jpg 1962w\" sizes=\"(max-width: 300px) 100vw, 300px\" \/>Nous avons donc profit\u00e9 des quatre jours pour vagabonder dans le march\u00e9 de Thiaroye, chasser les baobabs, passer du temps sur la sublime plage de Voile d&rsquo;Or et nager dans le Lac Rose. Chaque lieu est un coup de c\u0153ur&#8230;<\/p>\n<p style=\"text-align: center;\">D\u00e9couvrez la <a href=\"https:\/\/www.globalong.com\/sejour-benevolat\/senegal-benevolat-humanitaire-mission\/enseignement-senegal-ecoles.html\" target=\"_blank\" rel=\"noopener\"><strong><span style=\"text-decoration: underline;\">mission de b\u00e9n\u00e9volat<\/span><\/strong><\/a> \u00e0 laquelle L\u00e9a a particip\u00e9 !<\/p>\n<p style=\"text-align: center;\">Pour plus de photos du S\u00e9n\u00e9gal, <strong><span style=\"text-decoration: underline;\"><a href=\"https:\/\/www.flickr.com\/photos\/globalong\/albums\/72157656286530240\" target=\"_blank\" rel=\"noopener\">cliquez ici<\/a><\/span><\/strong><\/p>\n<p style=\"text-align: center;\">N&rsquo;h\u00e9sitez pas \u00e0 nous contacter \u00e0 l&rsquo;adresse <strong><span style=\"text-decoration: underline;\"><a href=\"mailto:info@globalong.com\" target=\"_blank\" rel=\"noopener\">info@globalong.com<\/a><\/span><\/strong><\/p>\n","protected":false},"excerpt":{"rendered":"<p>T\u00e9moignage de L\u00e9a, b\u00e9n\u00e9vole avec Globalong au S\u00e9n\u00e9gal Bonjour je m&rsquo;appelle L\u00e9a, j&rsquo;ai particip\u00e9 \u00e0 une mission de b\u00e9n\u00e9volat d&rsquo;enseignement en \u00e9cole communautaire durant quelques semaines. Les premiers jours se sont tr\u00e8s bien d\u00e9roul\u00e9s. Certes, la vie est tr\u00e8s difficile, entre la pollution et le bruit, et surtout depuis que l&rsquo;eau courante est coup\u00e9e. N\u00e9anmoins [&hellip;]<\/p>\n","protected":false},"author":7,"featured_media":10472,"parent":883,"menu_order":0,"comment_status":"closed","ping_status":"closed","template":"","meta":{"footnotes":""},"yoast_head":"<!-- This site is optimized with the Yoast SEO Premium plugin v23.4 (Yoast SEO v23.4) - https:\/\/yoast.com\/wordpress\/plugins\/seo\/ -->\n<title>S\u00e9n\u00e9gal - L\u00e9a - Association Globalong<\/title>\n<meta name=\"robots\" content=\"index, follow, max-snippet:-1, max-image-preview:large, max-video-preview:-1\" \/>\n<link rel=\"canonical\" href=\"https:\/\/www.globalong.com\/blog\/avis-temoignages-globalong\/senegal-benevolat-enseignement-enfance-afrique\/\" \/>\n<meta property=\"og:locale\" content=\"fr_FR\" \/>\n<meta property=\"og:type\" content=\"article\" \/>\n<meta property=\"og:title\" content=\"S\u00e9n\u00e9gal - L\u00e9a\" \/>\n<meta property=\"og:description\" content=\"T\u00e9moignage de L\u00e9a, b\u00e9n\u00e9vole avec Globalong au S\u00e9n\u00e9gal Bonjour je m&rsquo;appelle L\u00e9a, j&rsquo;ai particip\u00e9 \u00e0 une mission de b\u00e9n\u00e9volat d&rsquo;enseignement en \u00e9cole communautaire durant quelques semaines. Les premiers jours se sont tr\u00e8s bien d\u00e9roul\u00e9s. Certes, la vie est tr\u00e8s difficile, entre la pollution et le bruit, et surtout depuis que l&rsquo;eau courante est coup\u00e9e. N\u00e9anmoins [&hellip;]\" \/>\n<meta property=\"og:url\" content=\"https:\/\/www.globalong.com\/blog\/avis-temoignages-globalong\/senegal-benevolat-enseignement-enfance-afrique\/\" \/>\n<meta property=\"og:site_name\" content=\"Association Globalong\" \/>\n<meta property=\"article:publisher\" content=\"https:\/\/www.facebook.com\/globalong\" \/>\n<meta property=\"article:modified_time\" content=\"2022-05-07T09:00:58+00:00\" \/>\n<meta property=\"og:image\" content=\"https:\/\/www.globalong.com\/blog\/wp-content\/uploads\/2018\/06\/JYUF9052-min.jpg\" \/>\n\t<meta property=\"og:image:width\" content=\"1962\" \/>\n\t<meta property=\"og:image:height\" content=\"1812\" \/>\n\t<meta property=\"og:image:type\" content=\"image\/jpeg\" \/>\n<meta name=\"twitter:card\" content=\"summary_large_image\" \/>\n<meta name=\"twitter:label1\" content=\"Dur\u00e9e de lecture estim\u00e9e\" \/>\n\t<meta name=\"twitter:data1\" content=\"2 minutes\" \/>\n<script type=\"application\/ld+json\" class=\"yoast-schema-graph\">{\"@context\":\"https:\/\/schema.org\",\"@graph\":[{\"@type\":\"WebPage\",\"@id\":\"https:\/\/www.globalong.com\/blog\/avis-temoignages-globalong\/senegal-benevolat-enseignement-enfance-afrique\/\",\"url\":\"https:\/\/www.globalong.com\/blog\/avis-temoignages-globalong\/senegal-benevolat-enseignement-enfance-afrique\/\",\"name\":\"S\u00e9n\u00e9gal - L\u00e9a - Association Globalong\",\"isPartOf\":{\"@id\":\"https:\/\/www.globalong.com\/blog\/#website\"},\"primaryImageOfPage\":{\"@id\":\"https:\/\/www.globalong.com\/blog\/avis-temoignages-globalong\/senegal-benevolat-enseignement-enfance-afrique\/#primaryimage\"},\"image\":{\"@id\":\"https:\/\/www.globalong.com\/blog\/avis-temoignages-globalong\/senegal-benevolat-enseignement-enfance-afrique\/#primaryimage\"},\"thumbnailUrl\":\"https:\/\/www.globalong.com\/blog\/wp-content\/uploads\/2018\/06\/JYUF9052-min.jpg\",\"datePublished\":\"2018-06-25T09:29:44+00:00\",\"dateModified\":\"2022-05-07T09:00:58+00:00\",\"breadcrumb\":{\"@id\":\"https:\/\/www.globalong.com\/blog\/avis-temoignages-globalong\/senegal-benevolat-enseignement-enfance-afrique\/#breadcrumb\"},\"inLanguage\":\"fr-FR\",\"potentialAction\":[{\"@type\":\"ReadAction\",\"target\":[\"https:\/\/www.globalong.com\/blog\/avis-temoignages-globalong\/senegal-benevolat-enseignement-enfance-afrique\/\"]}]},{\"@type\":\"ImageObject\",\"inLanguage\":\"fr-FR\",\"@id\":\"https:\/\/www.globalong.com\/blog\/avis-temoignages-globalong\/senegal-benevolat-enseignement-enfance-afrique\/#primaryimage\",\"url\":\"https:\/\/www.globalong.com\/blog\/wp-content\/uploads\/2018\/06\/JYUF9052-min.jpg\",\"contentUrl\":\"https:\/\/www.globalong.com\/blog\/wp-content\/uploads\/2018\/06\/JYUF9052-min.jpg\",\"width\":1962,\"height\":1812},{\"@type\":\"BreadcrumbList\",\"@id\":\"https:\/\/www.globalong.com\/blog\/avis-temoignages-globalong\/senegal-benevolat-enseignement-enfance-afrique\/#breadcrumb\",\"itemListElement\":[{\"@type\":\"ListItem\",\"position\":1,\"name\":\"Accueil\",\"item\":\"https:\/\/www.globalong.com\/blog\/\"},{\"@type\":\"ListItem\",\"position\":2,\"name\":\"T\u00e9moignages et avis de volontaires Globalong\",\"item\":\"https:\/\/www.globalong.com\/blog\/avis-temoignages-globalong\/\"},{\"@type\":\"ListItem\",\"position\":3,\"name\":\"S\u00e9n\u00e9gal &#8211; L\u00e9a\"}]},{\"@type\":\"WebSite\",\"@id\":\"https:\/\/www.globalong.com\/blog\/#website\",\"url\":\"https:\/\/www.globalong.com\/blog\/\",\"name\":\"https:\/\/www.globalong.com\/\",\"description\":\"Mission humanitaire, stage \u00e9tudiant et voyage linguistique\",\"publisher\":{\"@id\":\"https:\/\/www.globalong.com\/blog\/#organization\"},\"potentialAction\":[{\"@type\":\"SearchAction\",\"target\":{\"@type\":\"EntryPoint\",\"urlTemplate\":\"https:\/\/www.globalong.com\/blog\/?s={search_term_string}\"},\"query-input\":{\"@type\":\"PropertyValueSpecification\",\"valueRequired\":true,\"valueName\":\"search_term_string\"}}],\"inLanguage\":\"fr-FR\"},{\"@type\":\"Organization\",\"@id\":\"https:\/\/www.globalong.com\/blog\/#organization\",\"name\":\"Association Globalong\",\"url\":\"https:\/\/www.globalong.com\/blog\/\",\"logo\":{\"@type\":\"ImageObject\",\"inLanguage\":\"fr-FR\",\"@id\":\"https:\/\/www.globalong.com\/blog\/#\/schema\/logo\/image\/\",\"url\":\"https:\/\/www.globalong.com\/blog\/wp-content\/uploads\/2014\/11\/cropped-cropped-Logo-et-Afrique-Globalong-petite-taille-2.jpg\",\"contentUrl\":\"https:\/\/www.globalong.com\/blog\/wp-content\/uploads\/2014\/11\/cropped-cropped-Logo-et-Afrique-Globalong-petite-taille-2.jpg\",\"width\":512,\"height\":512,\"caption\":\"Association Globalong\"},\"image\":{\"@id\":\"https:\/\/www.globalong.com\/blog\/#\/schema\/logo\/image\/\"},\"sameAs\":[\"https:\/\/www.facebook.com\/globalong\"]}]}<\/script>\n<!-- \/ Yoast SEO Premium plugin. -->","yoast_head_json":{"title":"S\u00e9n\u00e9gal - L\u00e9a - Association Globalong","robots":{"index":"index","follow":"follow","max-snippet":"max-snippet:-1","max-image-preview":"max-image-preview:large","max-video-preview":"max-video-preview:-1"},"canonical":"https:\/\/www.globalong.com\/blog\/avis-temoignages-globalong\/senegal-benevolat-enseignement-enfance-afrique\/","og_locale":"fr_FR","og_type":"article","og_title":"S\u00e9n\u00e9gal - L\u00e9a","og_description":"T\u00e9moignage de L\u00e9a, b\u00e9n\u00e9vole avec Globalong au S\u00e9n\u00e9gal Bonjour je m&rsquo;appelle L\u00e9a, j&rsquo;ai particip\u00e9 \u00e0 une mission de b\u00e9n\u00e9volat d&rsquo;enseignement en \u00e9cole communautaire durant quelques semaines. Les premiers jours se sont tr\u00e8s bien d\u00e9roul\u00e9s. Certes, la vie est tr\u00e8s difficile, entre la pollution et le bruit, et surtout depuis que l&rsquo;eau courante est coup\u00e9e. N\u00e9anmoins [&hellip;]","og_url":"https:\/\/www.globalong.com\/blog\/avis-temoignages-globalong\/senegal-benevolat-enseignement-enfance-afrique\/","og_site_name":"Association Globalong","article_publisher":"https:\/\/www.facebook.com\/globalong","article_modified_time":"2022-05-07T09:00:58+00:00","og_image":[{"width":1962,"height":1812,"url":"https:\/\/www.globalong.com\/blog\/wp-content\/uploads\/2018\/06\/JYUF9052-min.jpg","type":"image\/jpeg"}],"twitter_card":"summary_large_image","twitter_misc":{"Dur\u00e9e de lecture estim\u00e9e":"2 minutes"},"schema":{"@context":"https:\/\/schema.org","@graph":[{"@type":"WebPage","@id":"https:\/\/www.globalong.com\/blog\/avis-temoignages-globalong\/senegal-benevolat-enseignement-enfance-afrique\/","url":"https:\/\/www.globalong.com\/blog\/avis-temoignages-globalong\/senegal-benevolat-enseignement-enfance-afrique\/","name":"S\u00e9n\u00e9gal - L\u00e9a - Association Globalong","isPartOf":{"@id":"https:\/\/www.globalong.com\/blog\/#website"},"primaryImageOfPage":{"@id":"https:\/\/www.globalong.com\/blog\/avis-temoignages-globalong\/senegal-benevolat-enseignement-enfance-afrique\/#primaryimage"},"image":{"@id":"https:\/\/www.globalong.com\/blog\/avis-temoignages-globalong\/senegal-benevolat-enseignement-enfance-afrique\/#primaryimage"},"thumbnailUrl":"https:\/\/www.globalong.com\/blog\/wp-content\/uploads\/2018\/06\/JYUF9052-min.jpg","datePublished":"2018-06-25T09:29:44+00:00","dateModified":"2022-05-07T09:00:58+00:00","breadcrumb":{"@id":"https:\/\/www.globalong.com\/blog\/avis-temoignages-globalong\/senegal-benevolat-enseignement-enfance-afrique\/#breadcrumb"},"inLanguage":"fr-FR","potentialAction":[{"@type":"ReadAction","target":["https:\/\/www.globalong.com\/blog\/avis-temoignages-globalong\/senegal-benevolat-enseignement-enfance-afrique\/"]}]},{"@type":"ImageObject","inLanguage":"fr-FR","@id":"https:\/\/www.globalong.com\/blog\/avis-temoignages-globalong\/senegal-benevolat-enseignement-enfance-afrique\/#primaryimage","url":"https:\/\/www.globalong.com\/blog\/wp-content\/uploads\/2018\/06\/JYUF9052-min.jpg","contentUrl":"https:\/\/www.globalong.com\/blog\/wp-content\/uploads\/2018\/06\/JYUF9052-min.jpg","width":1962,"height":1812},{"@type":"BreadcrumbList","@id":"https:\/\/www.globalong.com\/blog\/avis-temoignages-globalong\/senegal-benevolat-enseignement-enfance-afrique\/#breadcrumb","itemListElement":[{"@type":"ListItem","position":1,"name":"Accueil","item":"https:\/\/www.globalong.com\/blog\/"},{"@type":"ListItem","position":2,"name":"T\u00e9moignages et avis de volontaires Globalong","item":"https:\/\/www.globalong.com\/blog\/avis-temoignages-globalong\/"},{"@type":"ListItem","position":3,"name":"S\u00e9n\u00e9gal &#8211; L\u00e9a"}]},{"@type":"WebSite","@id":"https:\/\/www.globalong.com\/blog\/#website","url":"https:\/\/www.globalong.com\/blog\/","name":"https:\/\/www.globalong.com\/","description":"Mission humanitaire, stage \u00e9tudiant et voyage linguistique","publisher":{"@id":"https:\/\/www.globalong.com\/blog\/#organization"},"potentialAction":[{"@type":"SearchAction","target":{"@type":"EntryPoint","urlTemplate":"https:\/\/www.globalong.com\/blog\/?s={search_term_string}"},"query-input":{"@type":"PropertyValueSpecification","valueRequired":true,"valueName":"search_term_string"}}],"inLanguage":"fr-FR"},{"@type":"Organization","@id":"https:\/\/www.globalong.com\/blog\/#organization","name":"Association Globalong","url":"https:\/\/www.globalong.com\/blog\/","logo":{"@type":"ImageObject","inLanguage":"fr-FR","@id":"https:\/\/www.globalong.com\/blog\/#\/schema\/logo\/image\/","url":"https:\/\/www.globalong.com\/blog\/wp-content\/uploads\/2014\/11\/cropped-cropped-Logo-et-Afrique-Globalong-petite-taille-2.jpg","contentUrl":"https:\/\/www.globalong.com\/blog\/wp-content\/uploads\/2014\/11\/cropped-cropped-Logo-et-Afrique-Globalong-petite-taille-2.jpg","width":512,"height":512,"caption":"Association Globalong"},"image":{"@id":"https:\/\/www.globalong.com\/blog\/#\/schema\/logo\/image\/"},"sameAs":["https:\/\/www.facebook.com\/globalong"]}]}},"_links":{"self":[{"href":"https:\/\/www.globalong.com\/blog\/wp-json\/wp\/v2\/pages\/10460"}],"collection":[{"href":"https:\/\/www.globalong.com\/blog\/wp-json\/wp\/v2\/pages"}],"about":[{"href":"https:\/\/www.globalong.com\/blog\/wp-json\/wp\/v2\/types\/page"}],"author":[{"embeddable":true,"href":"https:\/\/www.globalong.com\/blog\/wp-json\/wp\/v2\/users\/7"}],"replies":[{"embeddable":true,"href":"https:\/\/www.globalong.com\/blog\/wp-json\/wp\/v2\/comments?post=10460"}],"version-history":[{"count":11,"href":"https:\/\/www.globalong.com\/blog\/wp-json\/wp\/v2\/pages\/10460\/revisions"}],"predecessor-version":[{"id":14558,"href":"https:\/\/www.globalong.com\/blog\/wp-json\/wp\/v2\/pages\/10460\/revisions\/14558"}],"up":[{"embeddable":true,"href":"https:\/\/www.globalong.com\/blog\/wp-json\/wp\/v2\/pages\/883"}],"wp:featuredmedia":[{"embeddable":true,"href":"https:\/\/www.globalong.com\/blog\/wp-json\/wp\/v2\/media\/10472"}],"wp:attachment":[{"href":"https:\/\/www.globalong.com\/blog\/wp-json\/wp\/v2\/media?parent=10460"}],"curies":[{"name":"wp","href":"https:\/\/api.w.org\/{rel}","templated":true}]}}