{"id":11039,"date":"2018-09-11T15:05:00","date_gmt":"2018-09-11T13:05:00","guid":{"rendered":"https:\/\/www.globalong.com\/blog\/?page_id=11039"},"modified":"2022-05-07T10:59:16","modified_gmt":"2022-05-07T08:59:16","slug":"senegal-joris-enseignement-education-ecole-afrique","status":"publish","type":"page","link":"https:\/\/www.globalong.com\/blog\/avis-temoignages-globalong\/senegal-joris-enseignement-education-ecole-afrique\/","title":{"rendered":"S\u00e9n\u00e9gal &#8211; Joris"},"content":{"rendered":"<p style=\"text-align: center;\"><span style=\"color: #b81657;\"><strong>T\u00e9moignage de Joris, b\u00e9n\u00e9vole au S\u00e9n\u00e9gal\u00a0avec l&rsquo;<a href=\"https:\/\/www.globalong.com\/association-globalong.html\" target=\"_blank\" rel=\"noopener\"><span style=\"text-decoration: underline;\">Association GlobAlong\u00a0<\/span><\/a><\/strong><\/span><\/p>\n<p style=\"text-align: justify;\"><a href=\"https:\/\/www.globalong.com\/blog\/wp-content\/uploads\/2018\/09\/Image13-min.jpg\"><img loading=\"lazy\" decoding=\"async\" class=\"wp-image-11043 size-medium aligncenter\" src=\"https:\/\/www.globalong.com\/blog\/wp-content\/uploads\/2018\/09\/Image13-min-300x146.jpg\" alt=\"\" width=\"300\" height=\"146\" srcset=\"https:\/\/www.globalong.com\/blog\/wp-content\/uploads\/2018\/09\/Image13-min-300x146.jpg 300w, https:\/\/www.globalong.com\/blog\/wp-content\/uploads\/2018\/09\/Image13-min-768x373.jpg 768w, https:\/\/www.globalong.com\/blog\/wp-content\/uploads\/2018\/09\/Image13-min-150x73.jpg 150w, https:\/\/www.globalong.com\/blog\/wp-content\/uploads\/2018\/09\/Image13-min.jpg 940w\" sizes=\"(max-width: 300px) 100vw, 300px\" \/><\/a>Cet \u00e9t\u00e9, je suis parti donner <strong>des cours de fran\u00e7ais<\/strong> au <a href=\"https:\/\/www.globalong.com\/sejour-benevolat\/senegal-benevolat-humanitaire-mission.html\" target=\"_blank\" rel=\"noopener\"><span style=\"text-decoration: underline;\"><strong>S\u00e9n\u00e9gal<\/strong><\/span><\/a> en tant que <a href=\"https:\/\/www.globalong.com\/blog\/benevolat-associatif-bienfaits-psychologie-humanitaire-avis-etranger\/\" target=\"_blank\" rel=\"noopener\"><span style=\"text-decoration: underline;\"><strong>b\u00e9n\u00e9vole<\/strong><\/span><\/a>.<\/p>\n<p style=\"text-align: justify;\"><strong>L\u2019accueil \u00e0 l\u2019a\u00e9roport par le directeur de l\u2019\u00e9cole m\u2019a tout de suite rassur\u00e9. Djibril avait le flair de me mettre \u00e0 l\u2019aise. L\u2019accueil chez lui \u00e9tait chaleureux. Sa femme, Rocailla pr\u00e9parait des repas succulents et vari\u00e9s.<a href=\"https:\/\/www.globalong.com\/blog\/wp-content\/uploads\/2018\/09\/Image5-min.jpg\"><img loading=\"lazy\" decoding=\"async\" class=\"wp-image-11046 size-medium aligncenter\" src=\"https:\/\/www.globalong.com\/blog\/wp-content\/uploads\/2018\/09\/Image5-min-300x225.jpg\" alt=\"\" width=\"300\" height=\"225\" srcset=\"https:\/\/www.globalong.com\/blog\/wp-content\/uploads\/2018\/09\/Image5-min-300x225.jpg 300w, https:\/\/www.globalong.com\/blog\/wp-content\/uploads\/2018\/09\/Image5-min-150x113.jpg 150w, https:\/\/www.globalong.com\/blog\/wp-content\/uploads\/2018\/09\/Image5-min.jpg 737w\" sizes=\"(max-width: 300px) 100vw, 300px\" \/><\/a><\/strong><\/p>\n<p style=\"text-align: justify;\">Pour le travail \u00e0 l\u2019\u00e9cole, il n\u2019y avait pas de stress. J\u2019ai donn\u00e9 cours aux \u00e9l\u00e8ves de Premi\u00e8re et Terminale. <strong>Ils \u00e9taient vraiment tr\u00e8s motiv\u00e9s, beaucoup plus que chez nous !<\/strong> Je suis enseignant en Belgique. Cela fait 30 ans que je donne des cours de fran\u00e7ais 2i\u00e8me langue. La diff\u00e9rence d\u2019investissement personnel dans le travail scolaire m\u2019a fort frapp\u00e9.<\/p>\n<p style=\"text-align: justify;\"><strong>J\u2019ai pu tisser de vrais liens d\u2019amiti\u00e9 avec plusieurs \u00e9l\u00e8ves.<\/strong><br \/>\nBassirou m\u2019a fait d\u00e9couvrir sa famille. Sa maman habite \u00e0 Dakar. Son p\u00e8re est parti depuis 2 ans sans laisser de ses nouvelles. Bass et moi sommes partis pour Touba, la Mecque du S\u00e9n\u00e9gal.<\/p>\n<p><img loading=\"lazy\" decoding=\"async\" class=\"wp-image-11048 aligncenter\" src=\"https:\/\/www.globalong.com\/blog\/wp-content\/uploads\/2018\/09\/Image16-min-225x300.jpg\" alt=\"\" width=\"300\" height=\"400\" srcset=\"https:\/\/www.globalong.com\/blog\/wp-content\/uploads\/2018\/09\/Image16-min-225x300.jpg 225w, https:\/\/www.globalong.com\/blog\/wp-content\/uploads\/2018\/09\/Image16-min-112x150.jpg 112w, https:\/\/www.globalong.com\/blog\/wp-content\/uploads\/2018\/09\/Image16-min.jpg 538w\" sizes=\"(max-width: 300px) 100vw, 300px\" \/><\/p>\n<p style=\"text-align: justify;\">Apr\u00e8s avoir visit\u00e9 la grande mosqu\u00e9e, on a pass\u00e9 le reste de la journ\u00e9e avec sa famille. Il y avait une ambiance tr\u00e8s chaleureuse. Les retrouvailles entre le p\u00e8re et le fils \u00e9taient bouleversantes.<br \/>\nLe retour \u00e9tait un peu mouvement\u00e9. Lors d\u2019un contr\u00f4le routier, le chauffeur s\u2019est vu confisquer son permis de conduire. Apr\u00e8s une heure d\u2019attente, le gendarme a finalement remis le document sans qu\u2019on doive lui donner des pots-de-vin.<\/p>\n<p style=\"text-align: justify;\"><strong>Avec les autres volontaires, on a fait de chouettes excursions.<\/strong> L\u2019\u00eele de Gor\u00e9e valait la peine. La maison des esclaves m\u2019a fort marqu\u00e9. C\u2019est \u00e0 partir de cet endroit que les Noirs ont \u00e9t\u00e9 transport\u00e9s comme esclaves vers l\u2019Am\u00e9rique et ailleurs. Le Lac Rose vaut le d\u00e9tour aussi. Nager dans une eau charg\u00e9e de 54% de sel est une exp\u00e9rience inoubliable.<\/p>\n<p style=\"text-align: justify;\"><strong>Chaque sortie \u00e9tait bien encadr\u00e9e.<\/strong> <strong>Djibril lui-m\u00eame et son assistant, Ousmane, veillaient \u00e0 ce que tout se passe sans accrocs.<\/strong> <strong>Jamais je ne me suis senti en danger.<\/strong><br \/>\n<img loading=\"lazy\" decoding=\"async\" class=\"wp-image-11053 aligncenter\" src=\"https:\/\/www.globalong.com\/blog\/wp-content\/uploads\/2018\/09\/Image28-min-225x300.jpg\" alt=\"\" width=\"300\" height=\"400\" srcset=\"https:\/\/www.globalong.com\/blog\/wp-content\/uploads\/2018\/09\/Image28-min-225x300.jpg 225w, https:\/\/www.globalong.com\/blog\/wp-content\/uploads\/2018\/09\/Image28-min-113x150.jpg 113w, https:\/\/www.globalong.com\/blog\/wp-content\/uploads\/2018\/09\/Image28-min.jpg 540w\" sizes=\"(max-width: 300px) 100vw, 300px\" \/>Le seul p\u00e9pin que j\u2019ai eu, c\u2019est le vol de mon portable \u00e0 Saint-Louis, l\u2019ancienne capitale coloniale du S\u00e9n\u00e9gal. Mais bon , la m\u00eame chose aurait pu m\u2019arriver \u00e0 Bruxelles aussi.<\/p>\n<p style=\"text-align: justify;\"><strong>J\u2019\u00e9tais log\u00e9 au premier \u00e9tage d\u2019un immeuble tout pr\u00e8s de l\u2019\u00e9cole.<\/strong> Le sanitaire \u00e9tait plus que convenable et propre. Le seul probl\u00e8me \u00e9tait le bruit. D\u00e8s 5 heures du matin, on s\u2019active \u00e0 la mosqu\u00e9e. Les haut-parleurs lancent l\u2019appel \u00e0 la pri\u00e8re. Impossible de ne pas y r\u00e9pondre. Allah est omnipr\u00e9sent toute la journ\u00e9e durant. Toutefois, il y a une grande tol\u00e9rance. Peu de femmes voil\u00e9es. Jamais des remarques d\u00e9sobligeantes envers les Toubabs, les blancs (moi, donc).<\/p>\n<p style=\"text-align: justify;\">A l\u2019entr\u00e9e de l\u2019\u00e9cole, il y a une boutique. Omar y vend son lait caill\u00e9, fait maison. Excellent et sain pour les intestins. J\u2019y ai pass\u00e9 beaucoup de temps le soir. Tout le village d\u00e9file dans la rue et les clients engagent \u00e0 chaque fois la conversation, curieux de savoir ce que ce Flamand fait l\u00e0.<\/p>\n<p style=\"text-align: justify;\"><img loading=\"lazy\" decoding=\"async\" class=\"size-medium wp-image-11051 aligncenter\" src=\"https:\/\/www.globalong.com\/blog\/wp-content\/uploads\/2018\/09\/Image15-min-300x225.jpg\" alt=\"\" width=\"300\" height=\"225\" srcset=\"https:\/\/www.globalong.com\/blog\/wp-content\/uploads\/2018\/09\/Image15-min-300x225.jpg 300w, https:\/\/www.globalong.com\/blog\/wp-content\/uploads\/2018\/09\/Image15-min-768x576.jpg 768w, https:\/\/www.globalong.com\/blog\/wp-content\/uploads\/2018\/09\/Image15-min-150x113.jpg 150w, https:\/\/www.globalong.com\/blog\/wp-content\/uploads\/2018\/09\/Image15-min.jpg 960w\" sizes=\"(max-width: 300px) 100vw, 300px\" \/><\/p>\n<p style=\"text-align: justify;\"><strong>Depuis que je suis rentr\u00e9, j\u2019ai la nostalgie du S\u00e9n\u00e9gal, de la gentillesse et de l\u2019amabilit\u00e9 de Djibril et de toute sa famille.<\/strong> J\u2019ai encore r\u00e9guli\u00e8rement des conversations sur Whatsapp et \u2026 les demandes en mariage continuent d\u2019affluer. J\u2019ai l\u2019embarras du choix !<\/p>\n<p style=\"text-align: justify;\"><strong>Voil\u00e0 que je peux recommander \u00e0 tout un chacun de se lancer dans cette exp\u00e9rience enrichissante.<\/strong><\/p>\n<p style=\"text-align: justify;\">Joris<\/p>\n<p style=\"text-align: center;\">Pour plus d\u2019informations, n\u2019h\u00e9sitez pas \u00e0 nous contacter \u00e0 l&rsquo;adresse : <span style=\"text-decoration: underline;\"><a href=\"mailto:info@globalong.com\" target=\"_blank\" rel=\"noopener\"><span style=\"color: #b81657;\"><strong>info@globalong.com<\/strong><\/span><\/a><\/span><\/p>\n<p style=\"text-align: center;\"><a href=\"https:\/\/www.globalong.com\/sejour-benevolat\/senegal-benevolat-humanitaire-mission\/enseignement-senegal-ecoles.html\" target=\"_blank\" rel=\"noopener\"><span style=\"text-decoration: underline; color: #b81657;\"><strong>D\u00e9couvrez le\u00a0programme de b\u00e9n\u00e9volat\u00a0auquel Joris a particip\u00e9 !<\/strong><\/span><\/a><\/p>\n<p style=\"text-align: center;\"><a href=\"https:\/\/www.flickr.com\/photos\/globalong\/sets\/72157656286530240\" target=\"_blank\" rel=\"noopener\"><span style=\"text-decoration: underline; color: #b81657;\"><strong>D\u00e9couvrez plus de photos de nos adh\u00e9rents engag\u00e9s au S\u00e9n\u00e9gal !<\/strong><\/span><\/a><\/p>\n<p style=\"text-align: center;\">\n","protected":false},"excerpt":{"rendered":"<p>T\u00e9moignage de Joris, b\u00e9n\u00e9vole au S\u00e9n\u00e9gal\u00a0avec l&rsquo;Association GlobAlong\u00a0 Cet \u00e9t\u00e9, je suis parti donner des cours de fran\u00e7ais au S\u00e9n\u00e9gal en tant que b\u00e9n\u00e9vole. L\u2019accueil \u00e0 l\u2019a\u00e9roport par le directeur de l\u2019\u00e9cole m\u2019a tout de suite rassur\u00e9. Djibril avait le flair de me mettre \u00e0 l\u2019aise. L\u2019accueil chez lui \u00e9tait chaleureux. Sa femme, Rocailla pr\u00e9parait [&hellip;]<\/p>\n","protected":false},"author":5,"featured_media":8530,"parent":883,"menu_order":0,"comment_status":"closed","ping_status":"closed","template":"","meta":{"footnotes":""},"yoast_head":"<!-- This site is optimized with the Yoast SEO Premium plugin v23.4 (Yoast SEO v23.4) - https:\/\/yoast.com\/wordpress\/plugins\/seo\/ -->\n<title>S\u00e9n\u00e9gal - Joris - Association Globalong<\/title>\n<meta name=\"robots\" content=\"index, follow, max-snippet:-1, max-image-preview:large, max-video-preview:-1\" \/>\n<link rel=\"canonical\" href=\"https:\/\/www.globalong.com\/blog\/avis-temoignages-globalong\/senegal-joris-enseignement-education-ecole-afrique\/\" \/>\n<meta property=\"og:locale\" content=\"fr_FR\" \/>\n<meta property=\"og:type\" content=\"article\" \/>\n<meta property=\"og:title\" content=\"S\u00e9n\u00e9gal - Joris\" \/>\n<meta property=\"og:description\" content=\"T\u00e9moignage de Joris, b\u00e9n\u00e9vole au S\u00e9n\u00e9gal\u00a0avec l&rsquo;Association GlobAlong\u00a0 Cet \u00e9t\u00e9, je suis parti donner des cours de fran\u00e7ais au S\u00e9n\u00e9gal en tant que b\u00e9n\u00e9vole. L\u2019accueil \u00e0 l\u2019a\u00e9roport par le directeur de l\u2019\u00e9cole m\u2019a tout de suite rassur\u00e9. Djibril avait le flair de me mettre \u00e0 l\u2019aise. L\u2019accueil chez lui \u00e9tait chaleureux. Sa femme, Rocailla pr\u00e9parait [&hellip;]\" \/>\n<meta property=\"og:url\" content=\"https:\/\/www.globalong.com\/blog\/avis-temoignages-globalong\/senegal-joris-enseignement-education-ecole-afrique\/\" \/>\n<meta property=\"og:site_name\" content=\"Association Globalong\" \/>\n<meta property=\"article:publisher\" content=\"https:\/\/www.facebook.com\/globalong\" \/>\n<meta property=\"article:modified_time\" content=\"2022-05-07T08:59:16+00:00\" \/>\n<meta property=\"og:image\" content=\"https:\/\/www.globalong.com\/blog\/wp-content\/uploads\/2018\/01\/Lac-Rose-au-Senegal-globalong-min.jpg\" \/>\n\t<meta property=\"og:image:width\" content=\"3264\" \/>\n\t<meta property=\"og:image:height\" content=\"1836\" \/>\n\t<meta property=\"og:image:type\" content=\"image\/jpeg\" \/>\n<meta name=\"twitter:card\" content=\"summary_large_image\" \/>\n<meta name=\"twitter:label1\" content=\"Dur\u00e9e de lecture estim\u00e9e\" \/>\n\t<meta name=\"twitter:data1\" content=\"3 minutes\" \/>\n<script type=\"application\/ld+json\" class=\"yoast-schema-graph\">{\"@context\":\"https:\/\/schema.org\",\"@graph\":[{\"@type\":\"WebPage\",\"@id\":\"https:\/\/www.globalong.com\/blog\/avis-temoignages-globalong\/senegal-joris-enseignement-education-ecole-afrique\/\",\"url\":\"https:\/\/www.globalong.com\/blog\/avis-temoignages-globalong\/senegal-joris-enseignement-education-ecole-afrique\/\",\"name\":\"S\u00e9n\u00e9gal - Joris - Association Globalong\",\"isPartOf\":{\"@id\":\"https:\/\/www.globalong.com\/blog\/#website\"},\"primaryImageOfPage\":{\"@id\":\"https:\/\/www.globalong.com\/blog\/avis-temoignages-globalong\/senegal-joris-enseignement-education-ecole-afrique\/#primaryimage\"},\"image\":{\"@id\":\"https:\/\/www.globalong.com\/blog\/avis-temoignages-globalong\/senegal-joris-enseignement-education-ecole-afrique\/#primaryimage\"},\"thumbnailUrl\":\"https:\/\/www.globalong.com\/blog\/wp-content\/uploads\/2018\/01\/Lac-Rose-au-Senegal-globalong-min.jpg\",\"datePublished\":\"2018-09-11T13:05:00+00:00\",\"dateModified\":\"2022-05-07T08:59:16+00:00\",\"breadcrumb\":{\"@id\":\"https:\/\/www.globalong.com\/blog\/avis-temoignages-globalong\/senegal-joris-enseignement-education-ecole-afrique\/#breadcrumb\"},\"inLanguage\":\"fr-FR\",\"potentialAction\":[{\"@type\":\"ReadAction\",\"target\":[\"https:\/\/www.globalong.com\/blog\/avis-temoignages-globalong\/senegal-joris-enseignement-education-ecole-afrique\/\"]}]},{\"@type\":\"ImageObject\",\"inLanguage\":\"fr-FR\",\"@id\":\"https:\/\/www.globalong.com\/blog\/avis-temoignages-globalong\/senegal-joris-enseignement-education-ecole-afrique\/#primaryimage\",\"url\":\"https:\/\/www.globalong.com\/blog\/wp-content\/uploads\/2018\/01\/Lac-Rose-au-Senegal-globalong-min.jpg\",\"contentUrl\":\"https:\/\/www.globalong.com\/blog\/wp-content\/uploads\/2018\/01\/Lac-Rose-au-Senegal-globalong-min.jpg\",\"width\":3264,\"height\":1836,\"caption\":\"Mission humanitaire au S\u00e9n\u00e9gal\"},{\"@type\":\"BreadcrumbList\",\"@id\":\"https:\/\/www.globalong.com\/blog\/avis-temoignages-globalong\/senegal-joris-enseignement-education-ecole-afrique\/#breadcrumb\",\"itemListElement\":[{\"@type\":\"ListItem\",\"position\":1,\"name\":\"Accueil\",\"item\":\"https:\/\/www.globalong.com\/blog\/\"},{\"@type\":\"ListItem\",\"position\":2,\"name\":\"T\u00e9moignages et avis de volontaires Globalong\",\"item\":\"https:\/\/www.globalong.com\/blog\/avis-temoignages-globalong\/\"},{\"@type\":\"ListItem\",\"position\":3,\"name\":\"S\u00e9n\u00e9gal &#8211; Joris\"}]},{\"@type\":\"WebSite\",\"@id\":\"https:\/\/www.globalong.com\/blog\/#website\",\"url\":\"https:\/\/www.globalong.com\/blog\/\",\"name\":\"https:\/\/www.globalong.com\/\",\"description\":\"Mission humanitaire, stage \u00e9tudiant et voyage linguistique\",\"publisher\":{\"@id\":\"https:\/\/www.globalong.com\/blog\/#organization\"},\"potentialAction\":[{\"@type\":\"SearchAction\",\"target\":{\"@type\":\"EntryPoint\",\"urlTemplate\":\"https:\/\/www.globalong.com\/blog\/?s={search_term_string}\"},\"query-input\":{\"@type\":\"PropertyValueSpecification\",\"valueRequired\":true,\"valueName\":\"search_term_string\"}}],\"inLanguage\":\"fr-FR\"},{\"@type\":\"Organization\",\"@id\":\"https:\/\/www.globalong.com\/blog\/#organization\",\"name\":\"Association Globalong\",\"url\":\"https:\/\/www.globalong.com\/blog\/\",\"logo\":{\"@type\":\"ImageObject\",\"inLanguage\":\"fr-FR\",\"@id\":\"https:\/\/www.globalong.com\/blog\/#\/schema\/logo\/image\/\",\"url\":\"https:\/\/www.globalong.com\/blog\/wp-content\/uploads\/2014\/11\/cropped-cropped-Logo-et-Afrique-Globalong-petite-taille-2.jpg\",\"contentUrl\":\"https:\/\/www.globalong.com\/blog\/wp-content\/uploads\/2014\/11\/cropped-cropped-Logo-et-Afrique-Globalong-petite-taille-2.jpg\",\"width\":512,\"height\":512,\"caption\":\"Association Globalong\"},\"image\":{\"@id\":\"https:\/\/www.globalong.com\/blog\/#\/schema\/logo\/image\/\"},\"sameAs\":[\"https:\/\/www.facebook.com\/globalong\"]}]}<\/script>\n<!-- \/ Yoast SEO Premium plugin. -->","yoast_head_json":{"title":"S\u00e9n\u00e9gal - Joris - Association Globalong","robots":{"index":"index","follow":"follow","max-snippet":"max-snippet:-1","max-image-preview":"max-image-preview:large","max-video-preview":"max-video-preview:-1"},"canonical":"https:\/\/www.globalong.com\/blog\/avis-temoignages-globalong\/senegal-joris-enseignement-education-ecole-afrique\/","og_locale":"fr_FR","og_type":"article","og_title":"S\u00e9n\u00e9gal - Joris","og_description":"T\u00e9moignage de Joris, b\u00e9n\u00e9vole au S\u00e9n\u00e9gal\u00a0avec l&rsquo;Association GlobAlong\u00a0 Cet \u00e9t\u00e9, je suis parti donner des cours de fran\u00e7ais au S\u00e9n\u00e9gal en tant que b\u00e9n\u00e9vole. L\u2019accueil \u00e0 l\u2019a\u00e9roport par le directeur de l\u2019\u00e9cole m\u2019a tout de suite rassur\u00e9. Djibril avait le flair de me mettre \u00e0 l\u2019aise. L\u2019accueil chez lui \u00e9tait chaleureux. Sa femme, Rocailla pr\u00e9parait [&hellip;]","og_url":"https:\/\/www.globalong.com\/blog\/avis-temoignages-globalong\/senegal-joris-enseignement-education-ecole-afrique\/","og_site_name":"Association Globalong","article_publisher":"https:\/\/www.facebook.com\/globalong","article_modified_time":"2022-05-07T08:59:16+00:00","og_image":[{"width":3264,"height":1836,"url":"https:\/\/www.globalong.com\/blog\/wp-content\/uploads\/2018\/01\/Lac-Rose-au-Senegal-globalong-min.jpg","type":"image\/jpeg"}],"twitter_card":"summary_large_image","twitter_misc":{"Dur\u00e9e de lecture estim\u00e9e":"3 minutes"},"schema":{"@context":"https:\/\/schema.org","@graph":[{"@type":"WebPage","@id":"https:\/\/www.globalong.com\/blog\/avis-temoignages-globalong\/senegal-joris-enseignement-education-ecole-afrique\/","url":"https:\/\/www.globalong.com\/blog\/avis-temoignages-globalong\/senegal-joris-enseignement-education-ecole-afrique\/","name":"S\u00e9n\u00e9gal - Joris - Association Globalong","isPartOf":{"@id":"https:\/\/www.globalong.com\/blog\/#website"},"primaryImageOfPage":{"@id":"https:\/\/www.globalong.com\/blog\/avis-temoignages-globalong\/senegal-joris-enseignement-education-ecole-afrique\/#primaryimage"},"image":{"@id":"https:\/\/www.globalong.com\/blog\/avis-temoignages-globalong\/senegal-joris-enseignement-education-ecole-afrique\/#primaryimage"},"thumbnailUrl":"https:\/\/www.globalong.com\/blog\/wp-content\/uploads\/2018\/01\/Lac-Rose-au-Senegal-globalong-min.jpg","datePublished":"2018-09-11T13:05:00+00:00","dateModified":"2022-05-07T08:59:16+00:00","breadcrumb":{"@id":"https:\/\/www.globalong.com\/blog\/avis-temoignages-globalong\/senegal-joris-enseignement-education-ecole-afrique\/#breadcrumb"},"inLanguage":"fr-FR","potentialAction":[{"@type":"ReadAction","target":["https:\/\/www.globalong.com\/blog\/avis-temoignages-globalong\/senegal-joris-enseignement-education-ecole-afrique\/"]}]},{"@type":"ImageObject","inLanguage":"fr-FR","@id":"https:\/\/www.globalong.com\/blog\/avis-temoignages-globalong\/senegal-joris-enseignement-education-ecole-afrique\/#primaryimage","url":"https:\/\/www.globalong.com\/blog\/wp-content\/uploads\/2018\/01\/Lac-Rose-au-Senegal-globalong-min.jpg","contentUrl":"https:\/\/www.globalong.com\/blog\/wp-content\/uploads\/2018\/01\/Lac-Rose-au-Senegal-globalong-min.jpg","width":3264,"height":1836,"caption":"Mission humanitaire au S\u00e9n\u00e9gal"},{"@type":"BreadcrumbList","@id":"https:\/\/www.globalong.com\/blog\/avis-temoignages-globalong\/senegal-joris-enseignement-education-ecole-afrique\/#breadcrumb","itemListElement":[{"@type":"ListItem","position":1,"name":"Accueil","item":"https:\/\/www.globalong.com\/blog\/"},{"@type":"ListItem","position":2,"name":"T\u00e9moignages et avis de volontaires Globalong","item":"https:\/\/www.globalong.com\/blog\/avis-temoignages-globalong\/"},{"@type":"ListItem","position":3,"name":"S\u00e9n\u00e9gal &#8211; Joris"}]},{"@type":"WebSite","@id":"https:\/\/www.globalong.com\/blog\/#website","url":"https:\/\/www.globalong.com\/blog\/","name":"https:\/\/www.globalong.com\/","description":"Mission humanitaire, stage \u00e9tudiant et voyage linguistique","publisher":{"@id":"https:\/\/www.globalong.com\/blog\/#organization"},"potentialAction":[{"@type":"SearchAction","target":{"@type":"EntryPoint","urlTemplate":"https:\/\/www.globalong.com\/blog\/?s={search_term_string}"},"query-input":{"@type":"PropertyValueSpecification","valueRequired":true,"valueName":"search_term_string"}}],"inLanguage":"fr-FR"},{"@type":"Organization","@id":"https:\/\/www.globalong.com\/blog\/#organization","name":"Association Globalong","url":"https:\/\/www.globalong.com\/blog\/","logo":{"@type":"ImageObject","inLanguage":"fr-FR","@id":"https:\/\/www.globalong.com\/blog\/#\/schema\/logo\/image\/","url":"https:\/\/www.globalong.com\/blog\/wp-content\/uploads\/2014\/11\/cropped-cropped-Logo-et-Afrique-Globalong-petite-taille-2.jpg","contentUrl":"https:\/\/www.globalong.com\/blog\/wp-content\/uploads\/2014\/11\/cropped-cropped-Logo-et-Afrique-Globalong-petite-taille-2.jpg","width":512,"height":512,"caption":"Association Globalong"},"image":{"@id":"https:\/\/www.globalong.com\/blog\/#\/schema\/logo\/image\/"},"sameAs":["https:\/\/www.facebook.com\/globalong"]}]}},"_links":{"self":[{"href":"https:\/\/www.globalong.com\/blog\/wp-json\/wp\/v2\/pages\/11039"}],"collection":[{"href":"https:\/\/www.globalong.com\/blog\/wp-json\/wp\/v2\/pages"}],"about":[{"href":"https:\/\/www.globalong.com\/blog\/wp-json\/wp\/v2\/types\/page"}],"author":[{"embeddable":true,"href":"https:\/\/www.globalong.com\/blog\/wp-json\/wp\/v2\/users\/5"}],"replies":[{"embeddable":true,"href":"https:\/\/www.globalong.com\/blog\/wp-json\/wp\/v2\/comments?post=11039"}],"version-history":[{"count":23,"href":"https:\/\/www.globalong.com\/blog\/wp-json\/wp\/v2\/pages\/11039\/revisions"}],"predecessor-version":[{"id":14556,"href":"https:\/\/www.globalong.com\/blog\/wp-json\/wp\/v2\/pages\/11039\/revisions\/14556"}],"up":[{"embeddable":true,"href":"https:\/\/www.globalong.com\/blog\/wp-json\/wp\/v2\/pages\/883"}],"wp:featuredmedia":[{"embeddable":true,"href":"https:\/\/www.globalong.com\/blog\/wp-json\/wp\/v2\/media\/8530"}],"wp:attachment":[{"href":"https:\/\/www.globalong.com\/blog\/wp-json\/wp\/v2\/media?parent=11039"}],"curies":[{"name":"wp","href":"https:\/\/api.w.org\/{rel}","templated":true}]}}