{"id":11066,"date":"2018-09-11T15:41:21","date_gmt":"2018-09-11T13:41:21","guid":{"rendered":"https:\/\/www.globalong.com\/blog\/?page_id=11066"},"modified":"2022-05-07T11:17:41","modified_gmt":"2022-05-07T09:17:41","slug":"sri-lanka-remy-eco-volontariat-protection-tortues-marines-ecologie-environnement","status":"publish","type":"page","link":"https:\/\/www.globalong.com\/blog\/avis-temoignages-globalong\/sri-lanka-remy-eco-volontariat-protection-tortues-marines-ecologie-environnement\/","title":{"rendered":"Sri Lanka &#8211; R\u00e9my"},"content":{"rendered":"<p style=\"text-align: center;\"><span style=\"color: #b81657;\"><strong>T\u00e9moignage de R\u00e9my, adh\u00e9rent de l&rsquo;<a href=\"https:\/\/www.globalong.com\/association-globalong.html\" target=\"_blank\" rel=\"noopener\"><span style=\"text-decoration: underline;\">association Globalong<\/span><\/a> et b\u00e9n\u00e9vole au <a href=\"https:\/\/www.globalong.com\/sejour-benevolat\/tortues-sri-lanka-volontariat-benevolat-ecovolontariat-stage.html\" target=\"_blank\" rel=\"noopener\"><span style=\"text-decoration: underline;\">Sri Lanka<\/span><\/a><\/strong><\/span><\/p>\n<p style=\"text-align: justify;\"><a href=\"https:\/\/www.globalong.com\/blog\/wp-content\/uploads\/2018\/09\/20180818_112603-min.jpg\"><img loading=\"lazy\" decoding=\"async\" class=\"wp-image-11068 aligncenter\" src=\"https:\/\/www.globalong.com\/blog\/wp-content\/uploads\/2018\/09\/20180818_112603-min-576x1024.jpg\" alt=\"\" width=\"300\" height=\"533\" srcset=\"https:\/\/www.globalong.com\/blog\/wp-content\/uploads\/2018\/09\/20180818_112603-min-576x1024.jpg 576w, https:\/\/www.globalong.com\/blog\/wp-content\/uploads\/2018\/09\/20180818_112603-min-169x300.jpg 169w, https:\/\/www.globalong.com\/blog\/wp-content\/uploads\/2018\/09\/20180818_112603-min-768x1365.jpg 768w, https:\/\/www.globalong.com\/blog\/wp-content\/uploads\/2018\/09\/20180818_112603-min-84x150.jpg 84w\" sizes=\"(max-width: 300px) 100vw, 300px\" \/><\/a>Bonjour,<\/p>\n<p style=\"text-align: justify;\"><strong>Ma mission s&rsquo;est d\u00e9roul\u00e9e dans d&rsquo;excellentes conditions, <a href=\"https:\/\/www.globalong.com\/sejour-benevolat\/tortues-sri-lanka-volontariat-benevolat-ecovolontariat-stage\/tortues-sauvegarde-ecovolontariat-sri-lanka.html\" target=\"_blank\" rel=\"noopener\"><span style=\"text-decoration: underline;\">le centre<\/span><\/a> a \u00e9t\u00e9 formidable avec moi et j&rsquo;ai appris \u00e9norm\u00e9ment de choses.<\/strong><\/p>\n<p style=\"text-align: justify;\"><strong><a href=\"https:\/\/www.globalong.com\/blog\/voyage-humanitaire-etudiant\/\" target=\"_blank\" rel=\"noopener\"><span style=\"text-decoration: underline;\">J&rsquo;ai eu la sensation d&rsquo;\u00eatre vraiment utile<\/span><\/a>, autant \u00e0 la pr\u00e9servation des tortues marines qu&rsquo;\u00e0 l&rsquo;enseignement de l&rsquo;anglais aux \u00ab\u00a0monks\u00a0\u00bb (moines bouddhistes) !<\/strong><\/p>\n<p style=\"text-align: justify;\">Une grosse partie de mon travail consistait \u00e0 faire les visites, la plupart du temps en anglais et \u00e0 entretenir le centre et sa plage.<\/p>\n<p style=\"text-align: justify;\">Les visites devaient <strong>sensibiliser les gens \u00e0 l&rsquo;importance de la protection des tortues<\/strong> <strong>marines<\/strong>, ainsi qu&rsquo;\u00e0 la difficult\u00e9 de <strong>sauvegarder les diff\u00e9rentes esp\u00e8ces<\/strong>.<\/p>\n<p style=\"text-align: justify;\"><span style=\"text-decoration: underline;\"><strong><a href=\"https:\/\/www.globalong.com\/blog\/environnement-journee-lutte-animaux-sauvages-globalong-benevolat-humanitaire-braconnage-fauves-activites-gap-year-monde\/\" target=\"_blank\" rel=\"noopener\">L&rsquo;entretien des lieux permettait aux tortues de vivre dans de bonnes conditions<\/a><\/strong><\/span><strong>, mais aussi<\/strong> <span style=\"text-decoration: underline;\"><strong><a href=\"https:\/\/www.globalong.com\/blog\/eco-volontariat-voyage-responsable-stage-environnement-nature-ecologie-asie\/\" target=\"_blank\" rel=\"noopener\">d&rsquo;\u00eatre rel\u00e2ch\u00e9e sur une plage la plus propre possible<\/a>.<\/strong><\/span><\/p>\n<p style=\"text-align: justify;\">J&rsquo;ai constat\u00e9 aussi que beaucoup d&rsquo;\u00e9trangers se montrent sensibles \u00e0 la cause animale et aux r\u00e8gles destin\u00e9es \u00e0 les prot\u00e9ger.<\/p>\n<p style=\"text-align: justify;\">C&rsquo;est parfois moins vrai pour la population locale.<\/p>\n<p style=\"text-align: justify;\">De plus, plusieurs membres du personnel du centre ont du mal \u00e0 s&rsquo;exprimer autrement qu&rsquo;en cingalais.<\/p>\n<p><img loading=\"lazy\" decoding=\"async\" class=\"wp-image-11071 size-medium aligncenter\" style=\"text-align: justify;\" src=\"https:\/\/www.globalong.com\/blog\/wp-content\/uploads\/2018\/09\/20180814_160950-min-300x225.jpg\" alt=\"\" width=\"300\" height=\"225\" srcset=\"https:\/\/www.globalong.com\/blog\/wp-content\/uploads\/2018\/09\/20180814_160950-min-300x225.jpg 300w, https:\/\/www.globalong.com\/blog\/wp-content\/uploads\/2018\/09\/20180814_160950-min-768x576.jpg 768w, https:\/\/www.globalong.com\/blog\/wp-content\/uploads\/2018\/09\/20180814_160950-min-1024x768.jpg 1024w, https:\/\/www.globalong.com\/blog\/wp-content\/uploads\/2018\/09\/20180814_160950-min-150x113.jpg 150w\" sizes=\"(max-width: 300px) 100vw, 300px\" \/><\/p>\n<p style=\"text-align: justify;\">N\u00e9anmoins, leur grande gentillesse compense largement ce dernier d\u00e9tail.<\/p>\n<p style=\"text-align: justify;\">Je me suis retrouv\u00e9 seul volontaire pendant 1 semaine, ce qui est \u00e0 la fois bien pour s&rsquo;immerger dans le staff du centre, et dommage car on rencontre ainsi moins de personnes.\u00a0<strong>Je recommande cette mission pour une dur\u00e9e sup\u00e9rieure \u00e0 2 semaines.<\/strong><\/p>\n<p style=\"text-align: justify;\"><strong>Merci aussi \u00e0 vous, Globalong, pour proposer des missions de ce genre et pour m&rsquo;avoir \u00e9paul\u00e9 et suivi avant et pendant la mission.<\/strong><\/p>\n<p style=\"text-align: justify;\"><img loading=\"lazy\" decoding=\"async\" class=\"wp-image-11076 size-medium aligncenter\" src=\"https:\/\/www.globalong.com\/blog\/wp-content\/uploads\/2018\/09\/20180818_120751A-min-300x225.jpg\" alt=\"\" width=\"300\" height=\"225\" srcset=\"https:\/\/www.globalong.com\/blog\/wp-content\/uploads\/2018\/09\/20180818_120751A-min-300x225.jpg 300w, https:\/\/www.globalong.com\/blog\/wp-content\/uploads\/2018\/09\/20180818_120751A-min-768x576.jpg 768w, https:\/\/www.globalong.com\/blog\/wp-content\/uploads\/2018\/09\/20180818_120751A-min-1024x768.jpg 1024w, https:\/\/www.globalong.com\/blog\/wp-content\/uploads\/2018\/09\/20180818_120751A-min-150x113.jpg 150w\" sizes=\"(max-width: 300px) 100vw, 300px\" \/><\/p>\n<p style=\"text-align: justify;\">Merci beaucoup, encore !<\/p>\n<p style=\"text-align: justify;\">R\u00e9my<\/p>\n<p>&nbsp;<\/p>\n<p>Pour plus d\u2019informations sur les missions de b\u00e9n\u00e9volat ou les stages \u00e0 l&rsquo;international, n\u2019h\u00e9sitez pas \u00e0 nous contacter \u00e0 l\u2019adresse :<\/p>\n<p style=\"text-align: center;\"><a href=\"mailto:info@globalong.com\" target=\"_blank\" rel=\"noopener\"><span style=\"text-decoration: underline; color: #b81657;\"><strong>info@globalong.com<\/strong><\/span><\/a><\/p>\n<p>&nbsp;<\/p>\n<p>&nbsp;<\/p>\n<p style=\"text-align: center;\"><a href=\"https:\/\/www.globalong.com\/sejour-benevolat\/tortues-sri-lanka-volontariat-benevolat-ecovolontariat-stage.html\" target=\"_blank\" rel=\"noopener\"><span style=\"text-decoration: underline; color: #b81657;\"><strong>D\u00e9couvrez le\u00a0programme de b\u00e9n\u00e9volat\u00a0sur lequel R\u00e9my s&rsquo;est engag\u00e9 !<\/strong><\/span><\/a><\/p>\n<p style=\"text-align: center;\"><a href=\"https:\/\/www.flickr.com\/photos\/globalong\/albums\/72157680688501374\" target=\"_blank\" rel=\"noopener\"><span style=\"text-decoration: underline; color: #b81657;\"><strong>D\u00e9couvrez plus de photos de nos adh\u00e9rents engag\u00e9s dans le centre de protection des tortues marines au Sri Lanka!<\/strong><\/span><\/a><\/p>\n","protected":false},"excerpt":{"rendered":"<p>T\u00e9moignage de R\u00e9my, adh\u00e9rent de l&rsquo;association Globalong et b\u00e9n\u00e9vole au Sri Lanka Bonjour, Ma mission s&rsquo;est d\u00e9roul\u00e9e dans d&rsquo;excellentes conditions, le centre a \u00e9t\u00e9 formidable avec moi et j&rsquo;ai appris \u00e9norm\u00e9ment de choses. J&rsquo;ai eu la sensation d&rsquo;\u00eatre vraiment utile, autant \u00e0 la pr\u00e9servation des tortues marines qu&rsquo;\u00e0 l&rsquo;enseignement de l&rsquo;anglais aux \u00ab\u00a0monks\u00a0\u00bb (moines bouddhistes) [&hellip;]<\/p>\n","protected":false},"author":5,"featured_media":11071,"parent":883,"menu_order":0,"comment_status":"closed","ping_status":"closed","template":"","meta":{"footnotes":""},"yoast_head":"<!-- This site is optimized with the Yoast SEO Premium plugin v23.4 (Yoast SEO v23.4) - https:\/\/yoast.com\/wordpress\/plugins\/seo\/ -->\n<title>Sri Lanka - R\u00e9my - Association Globalong<\/title>\n<meta name=\"robots\" content=\"index, follow, max-snippet:-1, max-image-preview:large, max-video-preview:-1\" \/>\n<link rel=\"canonical\" href=\"https:\/\/www.globalong.com\/blog\/avis-temoignages-globalong\/sri-lanka-remy-eco-volontariat-protection-tortues-marines-ecologie-environnement\/\" \/>\n<meta property=\"og:locale\" content=\"fr_FR\" \/>\n<meta property=\"og:type\" content=\"article\" \/>\n<meta property=\"og:title\" content=\"Sri Lanka - R\u00e9my\" \/>\n<meta property=\"og:description\" content=\"T\u00e9moignage de R\u00e9my, adh\u00e9rent de l&rsquo;association Globalong et b\u00e9n\u00e9vole au Sri Lanka Bonjour, Ma mission s&rsquo;est d\u00e9roul\u00e9e dans d&rsquo;excellentes conditions, le centre a \u00e9t\u00e9 formidable avec moi et j&rsquo;ai appris \u00e9norm\u00e9ment de choses. J&rsquo;ai eu la sensation d&rsquo;\u00eatre vraiment utile, autant \u00e0 la pr\u00e9servation des tortues marines qu&rsquo;\u00e0 l&rsquo;enseignement de l&rsquo;anglais aux \u00ab\u00a0monks\u00a0\u00bb (moines bouddhistes) [&hellip;]\" \/>\n<meta property=\"og:url\" content=\"https:\/\/www.globalong.com\/blog\/avis-temoignages-globalong\/sri-lanka-remy-eco-volontariat-protection-tortues-marines-ecologie-environnement\/\" \/>\n<meta property=\"og:site_name\" content=\"Association Globalong\" \/>\n<meta property=\"article:publisher\" content=\"https:\/\/www.facebook.com\/globalong\" \/>\n<meta property=\"article:modified_time\" content=\"2022-05-07T09:17:41+00:00\" \/>\n<meta property=\"og:image\" content=\"https:\/\/www.globalong.com\/blog\/wp-content\/uploads\/2018\/09\/20180814_160950-min.jpg\" \/>\n\t<meta property=\"og:image:width\" content=\"2576\" \/>\n\t<meta property=\"og:image:height\" content=\"1932\" \/>\n\t<meta property=\"og:image:type\" content=\"image\/jpeg\" \/>\n<meta name=\"twitter:card\" content=\"summary_large_image\" \/>\n<meta name=\"twitter:label1\" content=\"Dur\u00e9e de lecture estim\u00e9e\" \/>\n\t<meta name=\"twitter:data1\" content=\"2 minutes\" \/>\n<script type=\"application\/ld+json\" class=\"yoast-schema-graph\">{\"@context\":\"https:\/\/schema.org\",\"@graph\":[{\"@type\":\"WebPage\",\"@id\":\"https:\/\/www.globalong.com\/blog\/avis-temoignages-globalong\/sri-lanka-remy-eco-volontariat-protection-tortues-marines-ecologie-environnement\/\",\"url\":\"https:\/\/www.globalong.com\/blog\/avis-temoignages-globalong\/sri-lanka-remy-eco-volontariat-protection-tortues-marines-ecologie-environnement\/\",\"name\":\"Sri Lanka - R\u00e9my - Association Globalong\",\"isPartOf\":{\"@id\":\"https:\/\/www.globalong.com\/blog\/#website\"},\"primaryImageOfPage\":{\"@id\":\"https:\/\/www.globalong.com\/blog\/avis-temoignages-globalong\/sri-lanka-remy-eco-volontariat-protection-tortues-marines-ecologie-environnement\/#primaryimage\"},\"image\":{\"@id\":\"https:\/\/www.globalong.com\/blog\/avis-temoignages-globalong\/sri-lanka-remy-eco-volontariat-protection-tortues-marines-ecologie-environnement\/#primaryimage\"},\"thumbnailUrl\":\"https:\/\/www.globalong.com\/blog\/wp-content\/uploads\/2018\/09\/20180814_160950-min.jpg\",\"datePublished\":\"2018-09-11T13:41:21+00:00\",\"dateModified\":\"2022-05-07T09:17:41+00:00\",\"breadcrumb\":{\"@id\":\"https:\/\/www.globalong.com\/blog\/avis-temoignages-globalong\/sri-lanka-remy-eco-volontariat-protection-tortues-marines-ecologie-environnement\/#breadcrumb\"},\"inLanguage\":\"fr-FR\",\"potentialAction\":[{\"@type\":\"ReadAction\",\"target\":[\"https:\/\/www.globalong.com\/blog\/avis-temoignages-globalong\/sri-lanka-remy-eco-volontariat-protection-tortues-marines-ecologie-environnement\/\"]}]},{\"@type\":\"ImageObject\",\"inLanguage\":\"fr-FR\",\"@id\":\"https:\/\/www.globalong.com\/blog\/avis-temoignages-globalong\/sri-lanka-remy-eco-volontariat-protection-tortues-marines-ecologie-environnement\/#primaryimage\",\"url\":\"https:\/\/www.globalong.com\/blog\/wp-content\/uploads\/2018\/09\/20180814_160950-min.jpg\",\"contentUrl\":\"https:\/\/www.globalong.com\/blog\/wp-content\/uploads\/2018\/09\/20180814_160950-min.jpg\",\"width\":2576,\"height\":1932,\"caption\":\"enseignement dans le monde\"},{\"@type\":\"BreadcrumbList\",\"@id\":\"https:\/\/www.globalong.com\/blog\/avis-temoignages-globalong\/sri-lanka-remy-eco-volontariat-protection-tortues-marines-ecologie-environnement\/#breadcrumb\",\"itemListElement\":[{\"@type\":\"ListItem\",\"position\":1,\"name\":\"Accueil\",\"item\":\"https:\/\/www.globalong.com\/blog\/\"},{\"@type\":\"ListItem\",\"position\":2,\"name\":\"T\u00e9moignages et avis de volontaires Globalong\",\"item\":\"https:\/\/www.globalong.com\/blog\/avis-temoignages-globalong\/\"},{\"@type\":\"ListItem\",\"position\":3,\"name\":\"Sri Lanka &#8211; R\u00e9my\"}]},{\"@type\":\"WebSite\",\"@id\":\"https:\/\/www.globalong.com\/blog\/#website\",\"url\":\"https:\/\/www.globalong.com\/blog\/\",\"name\":\"https:\/\/www.globalong.com\/\",\"description\":\"Mission humanitaire, stage \u00e9tudiant et voyage linguistique\",\"publisher\":{\"@id\":\"https:\/\/www.globalong.com\/blog\/#organization\"},\"potentialAction\":[{\"@type\":\"SearchAction\",\"target\":{\"@type\":\"EntryPoint\",\"urlTemplate\":\"https:\/\/www.globalong.com\/blog\/?s={search_term_string}\"},\"query-input\":{\"@type\":\"PropertyValueSpecification\",\"valueRequired\":true,\"valueName\":\"search_term_string\"}}],\"inLanguage\":\"fr-FR\"},{\"@type\":\"Organization\",\"@id\":\"https:\/\/www.globalong.com\/blog\/#organization\",\"name\":\"Association Globalong\",\"url\":\"https:\/\/www.globalong.com\/blog\/\",\"logo\":{\"@type\":\"ImageObject\",\"inLanguage\":\"fr-FR\",\"@id\":\"https:\/\/www.globalong.com\/blog\/#\/schema\/logo\/image\/\",\"url\":\"https:\/\/www.globalong.com\/blog\/wp-content\/uploads\/2014\/11\/cropped-cropped-Logo-et-Afrique-Globalong-petite-taille-2.jpg\",\"contentUrl\":\"https:\/\/www.globalong.com\/blog\/wp-content\/uploads\/2014\/11\/cropped-cropped-Logo-et-Afrique-Globalong-petite-taille-2.jpg\",\"width\":512,\"height\":512,\"caption\":\"Association Globalong\"},\"image\":{\"@id\":\"https:\/\/www.globalong.com\/blog\/#\/schema\/logo\/image\/\"},\"sameAs\":[\"https:\/\/www.facebook.com\/globalong\"]}]}<\/script>\n<!-- \/ Yoast SEO Premium plugin. -->","yoast_head_json":{"title":"Sri Lanka - R\u00e9my - Association Globalong","robots":{"index":"index","follow":"follow","max-snippet":"max-snippet:-1","max-image-preview":"max-image-preview:large","max-video-preview":"max-video-preview:-1"},"canonical":"https:\/\/www.globalong.com\/blog\/avis-temoignages-globalong\/sri-lanka-remy-eco-volontariat-protection-tortues-marines-ecologie-environnement\/","og_locale":"fr_FR","og_type":"article","og_title":"Sri Lanka - R\u00e9my","og_description":"T\u00e9moignage de R\u00e9my, adh\u00e9rent de l&rsquo;association Globalong et b\u00e9n\u00e9vole au Sri Lanka Bonjour, Ma mission s&rsquo;est d\u00e9roul\u00e9e dans d&rsquo;excellentes conditions, le centre a \u00e9t\u00e9 formidable avec moi et j&rsquo;ai appris \u00e9norm\u00e9ment de choses. J&rsquo;ai eu la sensation d&rsquo;\u00eatre vraiment utile, autant \u00e0 la pr\u00e9servation des tortues marines qu&rsquo;\u00e0 l&rsquo;enseignement de l&rsquo;anglais aux \u00ab\u00a0monks\u00a0\u00bb (moines bouddhistes) [&hellip;]","og_url":"https:\/\/www.globalong.com\/blog\/avis-temoignages-globalong\/sri-lanka-remy-eco-volontariat-protection-tortues-marines-ecologie-environnement\/","og_site_name":"Association Globalong","article_publisher":"https:\/\/www.facebook.com\/globalong","article_modified_time":"2022-05-07T09:17:41+00:00","og_image":[{"width":2576,"height":1932,"url":"https:\/\/www.globalong.com\/blog\/wp-content\/uploads\/2018\/09\/20180814_160950-min.jpg","type":"image\/jpeg"}],"twitter_card":"summary_large_image","twitter_misc":{"Dur\u00e9e de lecture estim\u00e9e":"2 minutes"},"schema":{"@context":"https:\/\/schema.org","@graph":[{"@type":"WebPage","@id":"https:\/\/www.globalong.com\/blog\/avis-temoignages-globalong\/sri-lanka-remy-eco-volontariat-protection-tortues-marines-ecologie-environnement\/","url":"https:\/\/www.globalong.com\/blog\/avis-temoignages-globalong\/sri-lanka-remy-eco-volontariat-protection-tortues-marines-ecologie-environnement\/","name":"Sri Lanka - R\u00e9my - Association Globalong","isPartOf":{"@id":"https:\/\/www.globalong.com\/blog\/#website"},"primaryImageOfPage":{"@id":"https:\/\/www.globalong.com\/blog\/avis-temoignages-globalong\/sri-lanka-remy-eco-volontariat-protection-tortues-marines-ecologie-environnement\/#primaryimage"},"image":{"@id":"https:\/\/www.globalong.com\/blog\/avis-temoignages-globalong\/sri-lanka-remy-eco-volontariat-protection-tortues-marines-ecologie-environnement\/#primaryimage"},"thumbnailUrl":"https:\/\/www.globalong.com\/blog\/wp-content\/uploads\/2018\/09\/20180814_160950-min.jpg","datePublished":"2018-09-11T13:41:21+00:00","dateModified":"2022-05-07T09:17:41+00:00","breadcrumb":{"@id":"https:\/\/www.globalong.com\/blog\/avis-temoignages-globalong\/sri-lanka-remy-eco-volontariat-protection-tortues-marines-ecologie-environnement\/#breadcrumb"},"inLanguage":"fr-FR","potentialAction":[{"@type":"ReadAction","target":["https:\/\/www.globalong.com\/blog\/avis-temoignages-globalong\/sri-lanka-remy-eco-volontariat-protection-tortues-marines-ecologie-environnement\/"]}]},{"@type":"ImageObject","inLanguage":"fr-FR","@id":"https:\/\/www.globalong.com\/blog\/avis-temoignages-globalong\/sri-lanka-remy-eco-volontariat-protection-tortues-marines-ecologie-environnement\/#primaryimage","url":"https:\/\/www.globalong.com\/blog\/wp-content\/uploads\/2018\/09\/20180814_160950-min.jpg","contentUrl":"https:\/\/www.globalong.com\/blog\/wp-content\/uploads\/2018\/09\/20180814_160950-min.jpg","width":2576,"height":1932,"caption":"enseignement dans le monde"},{"@type":"BreadcrumbList","@id":"https:\/\/www.globalong.com\/blog\/avis-temoignages-globalong\/sri-lanka-remy-eco-volontariat-protection-tortues-marines-ecologie-environnement\/#breadcrumb","itemListElement":[{"@type":"ListItem","position":1,"name":"Accueil","item":"https:\/\/www.globalong.com\/blog\/"},{"@type":"ListItem","position":2,"name":"T\u00e9moignages et avis de volontaires Globalong","item":"https:\/\/www.globalong.com\/blog\/avis-temoignages-globalong\/"},{"@type":"ListItem","position":3,"name":"Sri Lanka &#8211; R\u00e9my"}]},{"@type":"WebSite","@id":"https:\/\/www.globalong.com\/blog\/#website","url":"https:\/\/www.globalong.com\/blog\/","name":"https:\/\/www.globalong.com\/","description":"Mission humanitaire, stage \u00e9tudiant et voyage linguistique","publisher":{"@id":"https:\/\/www.globalong.com\/blog\/#organization"},"potentialAction":[{"@type":"SearchAction","target":{"@type":"EntryPoint","urlTemplate":"https:\/\/www.globalong.com\/blog\/?s={search_term_string}"},"query-input":{"@type":"PropertyValueSpecification","valueRequired":true,"valueName":"search_term_string"}}],"inLanguage":"fr-FR"},{"@type":"Organization","@id":"https:\/\/www.globalong.com\/blog\/#organization","name":"Association Globalong","url":"https:\/\/www.globalong.com\/blog\/","logo":{"@type":"ImageObject","inLanguage":"fr-FR","@id":"https:\/\/www.globalong.com\/blog\/#\/schema\/logo\/image\/","url":"https:\/\/www.globalong.com\/blog\/wp-content\/uploads\/2014\/11\/cropped-cropped-Logo-et-Afrique-Globalong-petite-taille-2.jpg","contentUrl":"https:\/\/www.globalong.com\/blog\/wp-content\/uploads\/2014\/11\/cropped-cropped-Logo-et-Afrique-Globalong-petite-taille-2.jpg","width":512,"height":512,"caption":"Association Globalong"},"image":{"@id":"https:\/\/www.globalong.com\/blog\/#\/schema\/logo\/image\/"},"sameAs":["https:\/\/www.facebook.com\/globalong"]}]}},"_links":{"self":[{"href":"https:\/\/www.globalong.com\/blog\/wp-json\/wp\/v2\/pages\/11066"}],"collection":[{"href":"https:\/\/www.globalong.com\/blog\/wp-json\/wp\/v2\/pages"}],"about":[{"href":"https:\/\/www.globalong.com\/blog\/wp-json\/wp\/v2\/types\/page"}],"author":[{"embeddable":true,"href":"https:\/\/www.globalong.com\/blog\/wp-json\/wp\/v2\/users\/5"}],"replies":[{"embeddable":true,"href":"https:\/\/www.globalong.com\/blog\/wp-json\/wp\/v2\/comments?post=11066"}],"version-history":[{"count":23,"href":"https:\/\/www.globalong.com\/blog\/wp-json\/wp\/v2\/pages\/11066\/revisions"}],"predecessor-version":[{"id":14576,"href":"https:\/\/www.globalong.com\/blog\/wp-json\/wp\/v2\/pages\/11066\/revisions\/14576"}],"up":[{"embeddable":true,"href":"https:\/\/www.globalong.com\/blog\/wp-json\/wp\/v2\/pages\/883"}],"wp:featuredmedia":[{"embeddable":true,"href":"https:\/\/www.globalong.com\/blog\/wp-json\/wp\/v2\/media\/11071"}],"wp:attachment":[{"href":"https:\/\/www.globalong.com\/blog\/wp-json\/wp\/v2\/media?parent=11066"}],"curies":[{"name":"wp","href":"https:\/\/api.w.org\/{rel}","templated":true}]}}