{"id":11107,"date":"2018-09-12T14:13:27","date_gmt":"2018-09-12T12:13:27","guid":{"rendered":"https:\/\/www.globalong.com\/blog\/?page_id=11107"},"modified":"2022-05-06T10:01:15","modified_gmt":"2022-05-06T08:01:15","slug":"lea-jamaique-benevolat-social-orphelinat","status":"publish","type":"page","link":"https:\/\/www.globalong.com\/blog\/avis-temoignages-globalong\/lea-jamaique-benevolat-social-orphelinat\/","title":{"rendered":"Jama\u00efque &#8211; L\u00e9a"},"content":{"rendered":"<p style=\"text-align: center;\"><span style=\"color: #b81657;\"><strong>T\u00e9moignage de L\u00e9a, adh\u00e9rente de l\u2019<a href=\"https:\/\/www.globalong.com\/association-globalong.html\" target=\"_blank\" rel=\"noopener\"><span style=\"text-decoration: underline;\">association GlobAlong<\/span><\/a> et b\u00e9n\u00e9vole en <a href=\"https:\/\/www.globalong.com\/sejour-benevolat\/jamaique-stage-mission-action-humanitaire-volontariat-aide-enseignement.html\" target=\"_blank\" rel=\"noopener\"><span style=\"text-decoration: underline;\">Jama\u00efque<\/span><\/a><\/strong><\/span><\/p>\n<p style=\"text-align: justify;\"><a href=\"https:\/\/www.globalong.com\/blog\/wp-content\/uploads\/2018\/09\/IMG_20180803_213206-min.jpg\"><img loading=\"lazy\" decoding=\"async\" class=\"size-medium wp-image-11111 aligncenter\" src=\"https:\/\/www.globalong.com\/blog\/wp-content\/uploads\/2018\/09\/IMG_20180803_213206-min-300x216.jpg\" alt=\"\" width=\"300\" height=\"216\" srcset=\"https:\/\/www.globalong.com\/blog\/wp-content\/uploads\/2018\/09\/IMG_20180803_213206-min-300x216.jpg 300w, https:\/\/www.globalong.com\/blog\/wp-content\/uploads\/2018\/09\/IMG_20180803_213206-min-768x553.jpg 768w, https:\/\/www.globalong.com\/blog\/wp-content\/uploads\/2018\/09\/IMG_20180803_213206-min-1024x738.jpg 1024w, https:\/\/www.globalong.com\/blog\/wp-content\/uploads\/2018\/09\/IMG_20180803_213206-min-150x108.jpg 150w, https:\/\/www.globalong.com\/blog\/wp-content\/uploads\/2018\/09\/IMG_20180803_213206-min.jpg 1080w\" sizes=\"(max-width: 300px) 100vw, 300px\" \/><\/a>Pendant la<strong> p\u00e9riode d&rsquo;introduction, <\/strong>on nous a expliqu\u00e9<strong> quelques r\u00e8gles \u00e0 respecter <\/strong>et donn\u00e9<strong> quelques notions culturelles pour nous acclimater.<\/strong><\/p>\n<p style=\"text-align: justify;\">Pendant la p\u00e9riode de<strong><a href=\"https:\/\/www.globalong.com\/blog\/les-derives-du-volontariat-humanitaire-a-l-etranger-arnaque-serieux-avis-globalong\/\" target=\"_blank\" rel=\"noopener\"> <span style=\"text-decoration: underline; color: #b81657;\">b\u00e9n\u00e9volat<\/span><\/a>, on se rendait \u00e0 l&rsquo;orphelinat du lundi au vendredi, de 10h \u00e0 16h\/17h <\/strong>et on faisait des<strong> activit\u00e9s sportives et de cr\u00e9ation avec les enfants.<\/strong><\/p>\n<p style=\"text-align: justify;\"><strong>Les orphelines avaient \u00e9norm\u00e9ment de choses \u00e0 nous apprendre et d&rsquo;amour \u00e0 nous donner<\/strong> et toutes <strong>les \u00ab\u00a0aunties\u00a0\u00bb<\/strong> (en fran\u00e7ais : taties) qui travaillaient avec nous<strong> \u00e9taient dynamiques et pleines d&rsquo;humour.<\/strong><\/p>\n<p style=\"text-align: justify;\"><a href=\"https:\/\/www.globalong.com\/blog\/wp-content\/uploads\/2018\/09\/IMG_20180728_200352-min.jpg\"><img loading=\"lazy\" decoding=\"async\" class=\"size-medium wp-image-11114 aligncenter\" src=\"https:\/\/www.globalong.com\/blog\/wp-content\/uploads\/2018\/09\/IMG_20180728_200352-min-300x225.jpg\" alt=\"\" width=\"300\" height=\"225\" srcset=\"https:\/\/www.globalong.com\/blog\/wp-content\/uploads\/2018\/09\/IMG_20180728_200352-min-300x225.jpg 300w, https:\/\/www.globalong.com\/blog\/wp-content\/uploads\/2018\/09\/IMG_20180728_200352-min-768x576.jpg 768w, https:\/\/www.globalong.com\/blog\/wp-content\/uploads\/2018\/09\/IMG_20180728_200352-min-1024x768.jpg 1024w, https:\/\/www.globalong.com\/blog\/wp-content\/uploads\/2018\/09\/IMG_20180728_200352-min-150x113.jpg 150w\" sizes=\"(max-width: 300px) 100vw, 300px\" \/><\/a>Miss Nickie, la responsable, est une femme <strong>d&rsquo;une gentillesse incroyable<\/strong> et <strong>au c\u0153ur d&rsquo;or<\/strong> !<\/p>\n<p style=\"text-align: justify;\"><strong>Nos h\u00f4tes \u00e9taient \u00e9galement g\u00e9niaux<\/strong>, toute la famille. <strong>On a pass\u00e9 de super moments avec eux le soir<\/strong> \u00e0 raconter nos anecdotes ou \u00e0 jouer avec eux \u00e0 des jeux locaux.<\/p>\n<p style=\"text-align: justify;\">Les autres b\u00e9n\u00e9voles avaient tous quelque chose de sp\u00e9cial, de nouveau \u00e0 apporter, <strong>on \u00e9tait une v\u00e9ritable famille<\/strong>, m\u00eame notre h\u00f4te \u00e0 dit que nous \u00e9tions un tr\u00e8s bon groupe car nous prenions tous nos repas ensemble pour parler de notre journ\u00e9e.<\/p>\n<p style=\"text-align: justify;\"><img loading=\"lazy\" decoding=\"async\" class=\"size-medium wp-image-11119 aligncenter\" src=\"https:\/\/www.globalong.com\/blog\/wp-content\/uploads\/2018\/09\/18ede4e3-ecf8-4040-8061-0c8d56761ac5-min-300x146.jpg\" alt=\"\" width=\"300\" height=\"146\" srcset=\"https:\/\/www.globalong.com\/blog\/wp-content\/uploads\/2018\/09\/18ede4e3-ecf8-4040-8061-0c8d56761ac5-min-300x146.jpg 300w, https:\/\/www.globalong.com\/blog\/wp-content\/uploads\/2018\/09\/18ede4e3-ecf8-4040-8061-0c8d56761ac5-min-768x373.jpg 768w, https:\/\/www.globalong.com\/blog\/wp-content\/uploads\/2018\/09\/18ede4e3-ecf8-4040-8061-0c8d56761ac5-min-1024x497.jpg 1024w, https:\/\/www.globalong.com\/blog\/wp-content\/uploads\/2018\/09\/18ede4e3-ecf8-4040-8061-0c8d56761ac5-min-150x73.jpg 150w, https:\/\/www.globalong.com\/blog\/wp-content\/uploads\/2018\/09\/18ede4e3-ecf8-4040-8061-0c8d56761ac5-min.jpg 1280w\" sizes=\"(max-width: 300px) 100vw, 300px\" \/><strong>Le premier jour, j&rsquo;ai eu besoin de l&rsquo;aide de la coordinatrice locale pour me redonner le moral<\/strong> et me donner l&rsquo;envie de continuer et de ne pas baisser les bras, <strong>ce qui a tr\u00e8s bien march\u00e9<\/strong> car le deuxi\u00e8me jour et le reste s&rsquo;est super bien pass\u00e9 !<\/p>\n<p style=\"text-align: justify;\">J&rsquo;ai \u00e9galement eu le temps de <strong>visiter la Jama\u00efque<\/strong> pendant mon temps libre.<\/p>\n<p><img loading=\"lazy\" decoding=\"async\" class=\"size-medium wp-image-11116 aligncenter\" src=\"https:\/\/www.globalong.com\/blog\/wp-content\/uploads\/2018\/09\/0bad142b-6a40-456e-a794-a57df5f5f7a1-min-300x169.jpg\" alt=\"\" width=\"300\" height=\"169\" srcset=\"https:\/\/www.globalong.com\/blog\/wp-content\/uploads\/2018\/09\/0bad142b-6a40-456e-a794-a57df5f5f7a1-min-300x169.jpg 300w, https:\/\/www.globalong.com\/blog\/wp-content\/uploads\/2018\/09\/0bad142b-6a40-456e-a794-a57df5f5f7a1-min-768x432.jpg 768w, https:\/\/www.globalong.com\/blog\/wp-content\/uploads\/2018\/09\/0bad142b-6a40-456e-a794-a57df5f5f7a1-min-1024x576.jpg 1024w, https:\/\/www.globalong.com\/blog\/wp-content\/uploads\/2018\/09\/0bad142b-6a40-456e-a794-a57df5f5f7a1-min-150x84.jpg 150w, https:\/\/www.globalong.com\/blog\/wp-content\/uploads\/2018\/09\/0bad142b-6a40-456e-a794-a57df5f5f7a1-min.jpg 1032w\" sizes=\"(max-width: 300px) 100vw, 300px\" \/><\/p>\n<p style=\"text-align: justify;\">Je recommanderais aux futurs volontaires de ne pas manquer les lieux suivants : Blue lagoon, blue mountains, Maroon museum, Dunn&rsquo;s river.<\/p>\n<p style=\"text-align: justify;\">D&rsquo;un point de vue administratif, <a href=\"https:\/\/www.globalong.com\/blog\/voyage-humanitaire-etudiant\/\" target=\"_blank\" rel=\"noopener\"><span style=\"text-decoration: underline; color: #b81657;\"><strong>pour un CV, cette exp\u00e9rience de b\u00e9n\u00e9volat peut \u00eatre b\u00e9n\u00e9fique<\/strong> <\/span><\/a>car cela prouve une curiosit\u00e9 d&rsquo;apprendre. D&rsquo;un point de vue personnel, <strong>cela permet d&rsquo;en apprendre plus sur soi,<\/strong>\u00a0de savoir ce qui nous pla\u00eet dans la vie (pour les choix, le travail, etc&#8230;) et d&rsquo;<strong>\u00eatre plus ind\u00e9pendant<\/strong>, d&rsquo;<strong>oser aller vers l&rsquo;inconnu<\/strong>.<\/p>\n<p><img loading=\"lazy\" decoding=\"async\" class=\"size-medium wp-image-11122 aligncenter\" src=\"https:\/\/www.globalong.com\/blog\/wp-content\/uploads\/2018\/09\/4aeffd2f-78ba-40a1-8276-f793c9b7c6f6-min-300x169.jpg\" alt=\"\" width=\"300\" height=\"169\" srcset=\"https:\/\/www.globalong.com\/blog\/wp-content\/uploads\/2018\/09\/4aeffd2f-78ba-40a1-8276-f793c9b7c6f6-min-300x169.jpg 300w, https:\/\/www.globalong.com\/blog\/wp-content\/uploads\/2018\/09\/4aeffd2f-78ba-40a1-8276-f793c9b7c6f6-min-768x432.jpg 768w, https:\/\/www.globalong.com\/blog\/wp-content\/uploads\/2018\/09\/4aeffd2f-78ba-40a1-8276-f793c9b7c6f6-min-1024x576.jpg 1024w, https:\/\/www.globalong.com\/blog\/wp-content\/uploads\/2018\/09\/4aeffd2f-78ba-40a1-8276-f793c9b7c6f6-min-150x84.jpg 150w, https:\/\/www.globalong.com\/blog\/wp-content\/uploads\/2018\/09\/4aeffd2f-78ba-40a1-8276-f793c9b7c6f6-min.jpg 1280w\" sizes=\"(max-width: 300px) 100vw, 300px\" \/><\/p>\n<p style=\"text-align: justify;\">Le retour \u00e0 la maison \u00e9tait difficile \u00e0 cause du d\u00e9calage horaire et <strong>beaucoup de nostalgie des <a href=\"https:\/\/www.globalong.com\/blog\/benevolat-associatif-bienfaits-psychologie-humanitaire-avis-etranger\/\" target=\"_blank\" rel=\"noopener\"><span style=\"text-decoration: underline; color: #b81657;\">bons moments<\/span><\/a> pass\u00e9s l\u00e0-bas<\/strong>.<\/p>\n<p style=\"text-align: justify;\">Le conseil que je donnerais aux futurs participants ?\u00a0<strong>Foncez ! Sortez de votre zone de confort ! Saisissez l&rsquo;occasion sans trop vous poser de questions car \u00e7a en vaut la peine.<\/strong><\/p>\n<p style=\"text-align: justify;\">L\u00e9a<\/p>\n<p><img loading=\"lazy\" decoding=\"async\" class=\"wp-image-11125 aligncenter\" src=\"https:\/\/www.globalong.com\/blog\/wp-content\/uploads\/2018\/09\/20aabf1c-ea0a-4520-be36-58e5c1235c13-min-169x300.jpg\" alt=\"\" width=\"300\" height=\"533\" srcset=\"https:\/\/www.globalong.com\/blog\/wp-content\/uploads\/2018\/09\/20aabf1c-ea0a-4520-be36-58e5c1235c13-min-169x300.jpg 169w, https:\/\/www.globalong.com\/blog\/wp-content\/uploads\/2018\/09\/20aabf1c-ea0a-4520-be36-58e5c1235c13-min-576x1024.jpg 576w, https:\/\/www.globalong.com\/blog\/wp-content\/uploads\/2018\/09\/20aabf1c-ea0a-4520-be36-58e5c1235c13-min-84x150.jpg 84w, https:\/\/www.globalong.com\/blog\/wp-content\/uploads\/2018\/09\/20aabf1c-ea0a-4520-be36-58e5c1235c13-min.jpg 581w\" sizes=\"(max-width: 300px) 100vw, 300px\" \/><\/p>\n<p style=\"text-align: justify;\">PS : Petite anecdote: \u00e9tant la premi\u00e8re arriv\u00e9e, j&rsquo;ai d\u00e9cid\u00e9 le deuxi\u00e8me jour d&rsquo;accompagner notre chauffeur (le fils de notre h\u00f4te) \u00e0 l&rsquo;a\u00e9roport pour accueillir un autre b\u00e9n\u00e9vole fran\u00e7ais (comme moi) et qui s&rsquo;appelait Beno\u00eet, donc un HOMME. Le chauffeur m&rsquo;a donc demand\u00e9 de lui apprendre quelque mots de fran\u00e7ais pour accueillir Beno\u00eet. Je lui ai appris \u00ab\u00a0oui\u00a0\u00bb et \u00ab\u00a0Bonjour Beno\u00eet\u00a0\u00bb. Il ne faisait que de les r\u00e9p\u00e9ter pour les m\u00e9moriser et disait \u00ab\u00a0Bonjour Beno\u00eet\u00a0\u00bb \u00e0 toutes les personnes blanches masculines qu&rsquo;il voyait, au cas o\u00f9. Apr\u00e8s une heure de pratique \u00ab\u00a0Beno\u00eet\u00a0\u00bb l&rsquo;appelle, sauf que c&rsquo;\u00e9tait la voix d&rsquo;une femme. Le chauffeur me dit : \u00ab\u00a0Dis donc L\u00e9a ! Tu m&rsquo;as bien eu ! Beno\u00eet est une femme !\u00a0\u00bb. Je lui ai donc dit que ce n&rsquo;\u00e9tait pas possible. La jeune fille s&rsquo;avance vers nous mais c&rsquo;\u00e9tait une jeune fille am\u00e9ricaine qui s&rsquo;appelait Paige, pas un homme fran\u00e7ais qui s&rsquo;appelle Beno\u00eet&#8230; Alors on a pass\u00e9 toute une heure \u00e0 s&rsquo;entra\u00eener \u00e0 dire \u00ab\u00a0Bonjour Beno\u00eet\u00a0\u00bb&#8230; Pour rien&#8230; \u00c7a nous a fait rire pendant un long moment !<br \/>\nUne autre petite anecdote : avec 2 b\u00e9n\u00e9voles, sur la plage, nous nous amusions \u00e0 nous lancer une grosse amande (avec sa coque) en guise de balle car nous n&rsquo;avions pas de ballon, mais \u00e0 la fin, notre jeu s&rsquo;est transform\u00e9 en un immense cercle qui prenait une bonne partie de la plage car les locaux se sont petit \u00e0 petit ajout\u00e9s \u00e0 notre cercle et on a pass\u00e9 un super moment \u00e0 se passer l&rsquo;amande alors que certains d&rsquo;entre eux avaient des ballons!<\/p>\n<p style=\"text-align: center;\">Pour plus d\u2019informations sur les missions humanitaires ou les stages \u00e0 l\u2019international, n\u2019h\u00e9sitez pas \u00e0 nous contacter \u00e0 l\u2019adresse :<\/p>\n<p style=\"text-align: center;\"><a href=\"mailto:info@globalong.com\" target=\"_blank\" rel=\"noopener\"><span style=\"text-decoration: underline; color: #b81657;\"><strong>info@globalong.com<\/strong><\/span><\/a><\/p>\n<p style=\"text-align: center;\"><a href=\"https:\/\/www.globalong.com\/sejour-benevolat\/jamaique-stage-mission-action-humanitaire-volontariat-aide-enseignement\/programme-b%C3%A9n%C3%A9volat-humanitaire-jamaique-orphelinats-enfants-stage-.html\" target=\"_blank\" rel=\"noopener\"><span style=\"text-decoration: underline; color: #b81657;\"><strong>D\u00e9couvrez le\u00a0programme de b\u00e9n\u00e9volat\u00a0sur lequel\u00a0 L\u00e9a s\u2019est engag\u00e9e !<\/strong><\/span><\/a><\/p>\n<p style=\"text-align: center;\"><a href=\"https:\/\/www.flickr.com\/photos\/globalong\/albums\/72157674924227316\" target=\"_blank\" rel=\"noopener\"><span style=\"text-decoration: underline; color: #b81657;\"><strong>D\u00e9couvrez plus de photos de nos adh\u00e9rents engag\u00e9s en Jama\u00efque !<\/strong><\/span><\/a><\/p>\n","protected":false},"excerpt":{"rendered":"<p>T\u00e9moignage de L\u00e9a, adh\u00e9rente de l\u2019association GlobAlong et b\u00e9n\u00e9vole en Jama\u00efque Pendant la p\u00e9riode d&rsquo;introduction, on nous a expliqu\u00e9 quelques r\u00e8gles \u00e0 respecter et donn\u00e9 quelques notions culturelles pour nous acclimater. Pendant la p\u00e9riode de b\u00e9n\u00e9volat, on se rendait \u00e0 l&rsquo;orphelinat du lundi au vendredi, de 10h \u00e0 16h\/17h et on faisait des activit\u00e9s sportives [&hellip;]<\/p>\n","protected":false},"author":5,"featured_media":12419,"parent":883,"menu_order":0,"comment_status":"closed","ping_status":"closed","template":"","meta":{"footnotes":""},"yoast_head":"<!-- This site is optimized with the Yoast SEO Premium plugin v23.4 (Yoast SEO v23.4) - https:\/\/yoast.com\/wordpress\/plugins\/seo\/ -->\n<title>Jama\u00efque - L\u00e9a - Association Globalong<\/title>\n<meta name=\"robots\" content=\"index, follow, max-snippet:-1, max-image-preview:large, max-video-preview:-1\" \/>\n<link rel=\"canonical\" href=\"https:\/\/www.globalong.com\/blog\/avis-temoignages-globalong\/lea-jamaique-benevolat-social-orphelinat\/\" \/>\n<meta property=\"og:locale\" content=\"fr_FR\" \/>\n<meta property=\"og:type\" content=\"article\" \/>\n<meta property=\"og:title\" content=\"Jama\u00efque - L\u00e9a\" \/>\n<meta property=\"og:description\" content=\"T\u00e9moignage de L\u00e9a, adh\u00e9rente de l\u2019association GlobAlong et b\u00e9n\u00e9vole en Jama\u00efque Pendant la p\u00e9riode d&rsquo;introduction, on nous a expliqu\u00e9 quelques r\u00e8gles \u00e0 respecter et donn\u00e9 quelques notions culturelles pour nous acclimater. Pendant la p\u00e9riode de b\u00e9n\u00e9volat, on se rendait \u00e0 l&rsquo;orphelinat du lundi au vendredi, de 10h \u00e0 16h\/17h et on faisait des activit\u00e9s sportives [&hellip;]\" \/>\n<meta property=\"og:url\" content=\"https:\/\/www.globalong.com\/blog\/avis-temoignages-globalong\/lea-jamaique-benevolat-social-orphelinat\/\" \/>\n<meta property=\"og:site_name\" content=\"Association Globalong\" \/>\n<meta property=\"article:publisher\" content=\"https:\/\/www.facebook.com\/globalong\" \/>\n<meta property=\"article:modified_time\" content=\"2022-05-06T08:01:15+00:00\" \/>\n<meta property=\"og:image\" content=\"https:\/\/www.globalong.com\/blog\/wp-content\/uploads\/2019\/02\/Classe-be\u0301ne\u0301vole-jamaique-globalong-min.jpg\" \/>\n\t<meta property=\"og:image:width\" content=\"2048\" \/>\n\t<meta property=\"og:image:height\" content=\"1361\" \/>\n\t<meta property=\"og:image:type\" content=\"image\/jpeg\" \/>\n<meta name=\"twitter:card\" content=\"summary_large_image\" \/>\n<meta name=\"twitter:label1\" content=\"Dur\u00e9e de lecture estim\u00e9e\" \/>\n\t<meta name=\"twitter:data1\" content=\"4 minutes\" \/>\n<script type=\"application\/ld+json\" class=\"yoast-schema-graph\">{\"@context\":\"https:\/\/schema.org\",\"@graph\":[{\"@type\":\"WebPage\",\"@id\":\"https:\/\/www.globalong.com\/blog\/avis-temoignages-globalong\/lea-jamaique-benevolat-social-orphelinat\/\",\"url\":\"https:\/\/www.globalong.com\/blog\/avis-temoignages-globalong\/lea-jamaique-benevolat-social-orphelinat\/\",\"name\":\"Jama\u00efque - L\u00e9a - Association Globalong\",\"isPartOf\":{\"@id\":\"https:\/\/www.globalong.com\/blog\/#website\"},\"primaryImageOfPage\":{\"@id\":\"https:\/\/www.globalong.com\/blog\/avis-temoignages-globalong\/lea-jamaique-benevolat-social-orphelinat\/#primaryimage\"},\"image\":{\"@id\":\"https:\/\/www.globalong.com\/blog\/avis-temoignages-globalong\/lea-jamaique-benevolat-social-orphelinat\/#primaryimage\"},\"thumbnailUrl\":\"https:\/\/www.globalong.com\/blog\/wp-content\/uploads\/2019\/02\/Classe-be\u0301ne\u0301vole-jamaique-globalong-min.jpg\",\"datePublished\":\"2018-09-12T12:13:27+00:00\",\"dateModified\":\"2022-05-06T08:01:15+00:00\",\"breadcrumb\":{\"@id\":\"https:\/\/www.globalong.com\/blog\/avis-temoignages-globalong\/lea-jamaique-benevolat-social-orphelinat\/#breadcrumb\"},\"inLanguage\":\"fr-FR\",\"potentialAction\":[{\"@type\":\"ReadAction\",\"target\":[\"https:\/\/www.globalong.com\/blog\/avis-temoignages-globalong\/lea-jamaique-benevolat-social-orphelinat\/\"]}]},{\"@type\":\"ImageObject\",\"inLanguage\":\"fr-FR\",\"@id\":\"https:\/\/www.globalong.com\/blog\/avis-temoignages-globalong\/lea-jamaique-benevolat-social-orphelinat\/#primaryimage\",\"url\":\"https:\/\/www.globalong.com\/blog\/wp-content\/uploads\/2019\/02\/Classe-be\u0301ne\u0301vole-jamaique-globalong-min.jpg\",\"contentUrl\":\"https:\/\/www.globalong.com\/blog\/wp-content\/uploads\/2019\/02\/Classe-be\u0301ne\u0301vole-jamaique-globalong-min.jpg\",\"width\":2048,\"height\":1361,\"caption\":\"obri\u00e9t\u00e9 num\u00e9rique humanitaire avec utilisation raisonn\u00e9e du mat\u00e9riel num\u00e9rique sur le terrain\"},{\"@type\":\"BreadcrumbList\",\"@id\":\"https:\/\/www.globalong.com\/blog\/avis-temoignages-globalong\/lea-jamaique-benevolat-social-orphelinat\/#breadcrumb\",\"itemListElement\":[{\"@type\":\"ListItem\",\"position\":1,\"name\":\"Accueil\",\"item\":\"https:\/\/www.globalong.com\/blog\/\"},{\"@type\":\"ListItem\",\"position\":2,\"name\":\"T\u00e9moignages et avis de volontaires Globalong\",\"item\":\"https:\/\/www.globalong.com\/blog\/avis-temoignages-globalong\/\"},{\"@type\":\"ListItem\",\"position\":3,\"name\":\"Jama\u00efque &#8211; L\u00e9a\"}]},{\"@type\":\"WebSite\",\"@id\":\"https:\/\/www.globalong.com\/blog\/#website\",\"url\":\"https:\/\/www.globalong.com\/blog\/\",\"name\":\"https:\/\/www.globalong.com\/\",\"description\":\"Mission humanitaire, stage \u00e9tudiant et voyage linguistique\",\"publisher\":{\"@id\":\"https:\/\/www.globalong.com\/blog\/#organization\"},\"potentialAction\":[{\"@type\":\"SearchAction\",\"target\":{\"@type\":\"EntryPoint\",\"urlTemplate\":\"https:\/\/www.globalong.com\/blog\/?s={search_term_string}\"},\"query-input\":{\"@type\":\"PropertyValueSpecification\",\"valueRequired\":true,\"valueName\":\"search_term_string\"}}],\"inLanguage\":\"fr-FR\"},{\"@type\":\"Organization\",\"@id\":\"https:\/\/www.globalong.com\/blog\/#organization\",\"name\":\"Association Globalong\",\"url\":\"https:\/\/www.globalong.com\/blog\/\",\"logo\":{\"@type\":\"ImageObject\",\"inLanguage\":\"fr-FR\",\"@id\":\"https:\/\/www.globalong.com\/blog\/#\/schema\/logo\/image\/\",\"url\":\"https:\/\/www.globalong.com\/blog\/wp-content\/uploads\/2014\/11\/cropped-cropped-Logo-et-Afrique-Globalong-petite-taille-2.jpg\",\"contentUrl\":\"https:\/\/www.globalong.com\/blog\/wp-content\/uploads\/2014\/11\/cropped-cropped-Logo-et-Afrique-Globalong-petite-taille-2.jpg\",\"width\":512,\"height\":512,\"caption\":\"Association Globalong\"},\"image\":{\"@id\":\"https:\/\/www.globalong.com\/blog\/#\/schema\/logo\/image\/\"},\"sameAs\":[\"https:\/\/www.facebook.com\/globalong\"]}]}<\/script>\n<!-- \/ Yoast SEO Premium plugin. -->","yoast_head_json":{"title":"Jama\u00efque - L\u00e9a - Association Globalong","robots":{"index":"index","follow":"follow","max-snippet":"max-snippet:-1","max-image-preview":"max-image-preview:large","max-video-preview":"max-video-preview:-1"},"canonical":"https:\/\/www.globalong.com\/blog\/avis-temoignages-globalong\/lea-jamaique-benevolat-social-orphelinat\/","og_locale":"fr_FR","og_type":"article","og_title":"Jama\u00efque - L\u00e9a","og_description":"T\u00e9moignage de L\u00e9a, adh\u00e9rente de l\u2019association GlobAlong et b\u00e9n\u00e9vole en Jama\u00efque Pendant la p\u00e9riode d&rsquo;introduction, on nous a expliqu\u00e9 quelques r\u00e8gles \u00e0 respecter et donn\u00e9 quelques notions culturelles pour nous acclimater. Pendant la p\u00e9riode de b\u00e9n\u00e9volat, on se rendait \u00e0 l&rsquo;orphelinat du lundi au vendredi, de 10h \u00e0 16h\/17h et on faisait des activit\u00e9s sportives [&hellip;]","og_url":"https:\/\/www.globalong.com\/blog\/avis-temoignages-globalong\/lea-jamaique-benevolat-social-orphelinat\/","og_site_name":"Association Globalong","article_publisher":"https:\/\/www.facebook.com\/globalong","article_modified_time":"2022-05-06T08:01:15+00:00","og_image":[{"width":2048,"height":1361,"url":"https:\/\/www.globalong.com\/blog\/wp-content\/uploads\/2019\/02\/Classe-be\u0301ne\u0301vole-jamaique-globalong-min.jpg","type":"image\/jpeg"}],"twitter_card":"summary_large_image","twitter_misc":{"Dur\u00e9e de lecture estim\u00e9e":"4 minutes"},"schema":{"@context":"https:\/\/schema.org","@graph":[{"@type":"WebPage","@id":"https:\/\/www.globalong.com\/blog\/avis-temoignages-globalong\/lea-jamaique-benevolat-social-orphelinat\/","url":"https:\/\/www.globalong.com\/blog\/avis-temoignages-globalong\/lea-jamaique-benevolat-social-orphelinat\/","name":"Jama\u00efque - L\u00e9a - Association Globalong","isPartOf":{"@id":"https:\/\/www.globalong.com\/blog\/#website"},"primaryImageOfPage":{"@id":"https:\/\/www.globalong.com\/blog\/avis-temoignages-globalong\/lea-jamaique-benevolat-social-orphelinat\/#primaryimage"},"image":{"@id":"https:\/\/www.globalong.com\/blog\/avis-temoignages-globalong\/lea-jamaique-benevolat-social-orphelinat\/#primaryimage"},"thumbnailUrl":"https:\/\/www.globalong.com\/blog\/wp-content\/uploads\/2019\/02\/Classe-be\u0301ne\u0301vole-jamaique-globalong-min.jpg","datePublished":"2018-09-12T12:13:27+00:00","dateModified":"2022-05-06T08:01:15+00:00","breadcrumb":{"@id":"https:\/\/www.globalong.com\/blog\/avis-temoignages-globalong\/lea-jamaique-benevolat-social-orphelinat\/#breadcrumb"},"inLanguage":"fr-FR","potentialAction":[{"@type":"ReadAction","target":["https:\/\/www.globalong.com\/blog\/avis-temoignages-globalong\/lea-jamaique-benevolat-social-orphelinat\/"]}]},{"@type":"ImageObject","inLanguage":"fr-FR","@id":"https:\/\/www.globalong.com\/blog\/avis-temoignages-globalong\/lea-jamaique-benevolat-social-orphelinat\/#primaryimage","url":"https:\/\/www.globalong.com\/blog\/wp-content\/uploads\/2019\/02\/Classe-be\u0301ne\u0301vole-jamaique-globalong-min.jpg","contentUrl":"https:\/\/www.globalong.com\/blog\/wp-content\/uploads\/2019\/02\/Classe-be\u0301ne\u0301vole-jamaique-globalong-min.jpg","width":2048,"height":1361,"caption":"obri\u00e9t\u00e9 num\u00e9rique humanitaire avec utilisation raisonn\u00e9e du mat\u00e9riel num\u00e9rique sur le terrain"},{"@type":"BreadcrumbList","@id":"https:\/\/www.globalong.com\/blog\/avis-temoignages-globalong\/lea-jamaique-benevolat-social-orphelinat\/#breadcrumb","itemListElement":[{"@type":"ListItem","position":1,"name":"Accueil","item":"https:\/\/www.globalong.com\/blog\/"},{"@type":"ListItem","position":2,"name":"T\u00e9moignages et avis de volontaires Globalong","item":"https:\/\/www.globalong.com\/blog\/avis-temoignages-globalong\/"},{"@type":"ListItem","position":3,"name":"Jama\u00efque &#8211; L\u00e9a"}]},{"@type":"WebSite","@id":"https:\/\/www.globalong.com\/blog\/#website","url":"https:\/\/www.globalong.com\/blog\/","name":"https:\/\/www.globalong.com\/","description":"Mission humanitaire, stage \u00e9tudiant et voyage linguistique","publisher":{"@id":"https:\/\/www.globalong.com\/blog\/#organization"},"potentialAction":[{"@type":"SearchAction","target":{"@type":"EntryPoint","urlTemplate":"https:\/\/www.globalong.com\/blog\/?s={search_term_string}"},"query-input":{"@type":"PropertyValueSpecification","valueRequired":true,"valueName":"search_term_string"}}],"inLanguage":"fr-FR"},{"@type":"Organization","@id":"https:\/\/www.globalong.com\/blog\/#organization","name":"Association Globalong","url":"https:\/\/www.globalong.com\/blog\/","logo":{"@type":"ImageObject","inLanguage":"fr-FR","@id":"https:\/\/www.globalong.com\/blog\/#\/schema\/logo\/image\/","url":"https:\/\/www.globalong.com\/blog\/wp-content\/uploads\/2014\/11\/cropped-cropped-Logo-et-Afrique-Globalong-petite-taille-2.jpg","contentUrl":"https:\/\/www.globalong.com\/blog\/wp-content\/uploads\/2014\/11\/cropped-cropped-Logo-et-Afrique-Globalong-petite-taille-2.jpg","width":512,"height":512,"caption":"Association Globalong"},"image":{"@id":"https:\/\/www.globalong.com\/blog\/#\/schema\/logo\/image\/"},"sameAs":["https:\/\/www.facebook.com\/globalong"]}]}},"_links":{"self":[{"href":"https:\/\/www.globalong.com\/blog\/wp-json\/wp\/v2\/pages\/11107"}],"collection":[{"href":"https:\/\/www.globalong.com\/blog\/wp-json\/wp\/v2\/pages"}],"about":[{"href":"https:\/\/www.globalong.com\/blog\/wp-json\/wp\/v2\/types\/page"}],"author":[{"embeddable":true,"href":"https:\/\/www.globalong.com\/blog\/wp-json\/wp\/v2\/users\/5"}],"replies":[{"embeddable":true,"href":"https:\/\/www.globalong.com\/blog\/wp-json\/wp\/v2\/comments?post=11107"}],"version-history":[{"count":25,"href":"https:\/\/www.globalong.com\/blog\/wp-json\/wp\/v2\/pages\/11107\/revisions"}],"predecessor-version":[{"id":14495,"href":"https:\/\/www.globalong.com\/blog\/wp-json\/wp\/v2\/pages\/11107\/revisions\/14495"}],"up":[{"embeddable":true,"href":"https:\/\/www.globalong.com\/blog\/wp-json\/wp\/v2\/pages\/883"}],"wp:featuredmedia":[{"embeddable":true,"href":"https:\/\/www.globalong.com\/blog\/wp-json\/wp\/v2\/media\/12419"}],"wp:attachment":[{"href":"https:\/\/www.globalong.com\/blog\/wp-json\/wp\/v2\/media?parent=11107"}],"curies":[{"name":"wp","href":"https:\/\/api.w.org\/{rel}","templated":true}]}}