{"id":11149,"date":"2018-09-12T18:16:04","date_gmt":"2018-09-12T16:16:04","guid":{"rendered":"https:\/\/www.globalong.com\/blog\/?page_id=11149"},"modified":"2022-01-06T16:37:11","modified_gmt":"2022-01-06T15:37:11","slug":"jamaique-benoit-environnement-jardin-botanique-ecologie-developpement-durable","status":"publish","type":"page","link":"https:\/\/www.globalong.com\/blog\/avis-temoignages-globalong\/jamaique-benoit-environnement-jardin-botanique-ecologie-developpement-durable\/","title":{"rendered":"Jama\u00efque &#8211; Beno\u00eet"},"content":{"rendered":"<p style=\"text-align: center;\"><span style=\"color: #b81657;\"><strong>T\u00e9moignage de Beno\u00eet, adh\u00e9rent de l\u2019<a href=\"https:\/\/www.globalong.com\/association-globalong.html\" target=\"_blank\" rel=\"noopener\"><span style=\"text-decoration: underline;\">association GlobAlong<\/span><\/a> et b\u00e9n\u00e9vole en <a href=\"https:\/\/www.globalong.com\/sejour-benevolat\/jamaique-stage-mission-action-humanitaire-volontariat-aide-enseignement.html\" target=\"_blank\" rel=\"noopener\"><span style=\"text-decoration: underline;\">Jama\u00efque<\/span><\/a><\/strong><\/span><\/p>\n<p style=\"text-align: justify;\"><a href=\"https:\/\/www.globalong.com\/blog\/wp-content\/uploads\/2018\/09\/0bad142b-6a40-456e-a794-a57df5f5f7a1-min-1.jpg\"><img loading=\"lazy\" decoding=\"async\" class=\"wp-image-11152 size-medium aligncenter\" src=\"https:\/\/www.globalong.com\/blog\/wp-content\/uploads\/2018\/09\/0bad142b-6a40-456e-a794-a57df5f5f7a1-min-1-300x169.jpg\" alt=\"\" width=\"300\" height=\"169\" srcset=\"https:\/\/www.globalong.com\/blog\/wp-content\/uploads\/2018\/09\/0bad142b-6a40-456e-a794-a57df5f5f7a1-min-1-300x169.jpg 300w, https:\/\/www.globalong.com\/blog\/wp-content\/uploads\/2018\/09\/0bad142b-6a40-456e-a794-a57df5f5f7a1-min-1-768x432.jpg 768w, https:\/\/www.globalong.com\/blog\/wp-content\/uploads\/2018\/09\/0bad142b-6a40-456e-a794-a57df5f5f7a1-min-1-1024x576.jpg 1024w, https:\/\/www.globalong.com\/blog\/wp-content\/uploads\/2018\/09\/0bad142b-6a40-456e-a794-a57df5f5f7a1-min-1-150x84.jpg 150w, https:\/\/www.globalong.com\/blog\/wp-content\/uploads\/2018\/09\/0bad142b-6a40-456e-a794-a57df5f5f7a1-min-1.jpg 1032w\" sizes=\"(max-width: 300px) 100vw, 300px\" \/><\/a><strong>Je voulais d\u00e9couvrir ce pays car je suis un grand fan de reggae<\/strong> et j&rsquo;ai beaucoup lu de livres sur <strong>l&rsquo;Histoire de la Jama\u00efque<\/strong>, de <strong>ses grandes figures<\/strong> et sur l&rsquo;histoire du <strong>mouvement rastafari<\/strong> ainsi que l&rsquo;histoire du reggae.<\/p>\n<p style=\"text-align: justify;\">Il me fallait donc d\u00e9couvrir ce pays par moi-m\u00eame, en vrai, afin de me faire une r\u00e9elle id\u00e9e.<\/p>\n<p style=\"text-align: justify;\"><strong>Tout a \u00e9t\u00e9 parfait me concernant.\u00a0<\/strong><\/p>\n<p><img loading=\"lazy\" decoding=\"async\" class=\"wp-image-11154 aligncenter\" src=\"https:\/\/www.globalong.com\/blog\/wp-content\/uploads\/2018\/09\/14b78e3f-5b3e-44a9-b26b-fcdfeab88ad5-min-150x150.jpg\" alt=\"\" width=\"300\" height=\"400\" srcset=\"https:\/\/www.globalong.com\/blog\/wp-content\/uploads\/2018\/09\/14b78e3f-5b3e-44a9-b26b-fcdfeab88ad5-min-225x300.jpg 225w, https:\/\/www.globalong.com\/blog\/wp-content\/uploads\/2018\/09\/14b78e3f-5b3e-44a9-b26b-fcdfeab88ad5-min-768x1024.jpg 768w, https:\/\/www.globalong.com\/blog\/wp-content\/uploads\/2018\/09\/14b78e3f-5b3e-44a9-b26b-fcdfeab88ad5-min-113x150.jpg 113w, https:\/\/www.globalong.com\/blog\/wp-content\/uploads\/2018\/09\/14b78e3f-5b3e-44a9-b26b-fcdfeab88ad5-min.jpg 960w\" sizes=\"(max-width: 300px) 100vw, 300px\" \/><\/p>\n<p style=\"text-align: justify;\"><strong>Rien \u00e0 redire sur les services propos\u00e9s par l&rsquo;<a href=\"https:\/\/www.globalong.com\/apropos.html\" target=\"_blank\" rel=\"noopener\"><span style=\"text-decoration: underline; color: #b81657;\">association GlobAlong<\/span><\/a>, donc je ne vois rien \u00e0 am\u00e9liorer.<\/strong><\/p>\n<p style=\"text-align: justify;\"><strong>Je recommanderais l&rsquo;association GlobAlong pour le s\u00e9rieux du suivi des dossiers depuis l&rsquo;inscription, en passant par tous les mails pour bien pr\u00e9parer le voyages avec les fiches techniques tr\u00e8s utiles &#8211; le s\u00e9rieux du suivi une fois en mission et ensuite le suivi une fois la mission termin\u00e9e.\u00a0<\/strong><strong>Bref Globalong ne perd pas dans la nature ses <a href=\"https:\/\/www.globalong.com\/blog\/association-globalong-adherent-cotisation-deduction-fiscale-volontariat-benevolat-local-international-humanitaire-avis\/\" target=\"_blank\" rel=\"noopener\"><span style=\"text-decoration: underline; color: #b81657;\">adh\u00e9rents<\/span><\/a>, au contraire, le suivi est parfait !<\/strong><\/p>\n<p style=\"text-align: justify;\"><strong>L&rsquo;introduction organis\u00e9e par Maureen<\/strong> s&rsquo;est pass\u00e9e le samedi d\u00e8s mon arriv\u00e9e &#8211; une <strong>bonne prise en charge<\/strong> o\u00f9 il m&rsquo;a \u00e9t\u00e9 expliqu\u00e9 le fonctionnement de la structure d&rsquo;accueil ainsi que les missions que j&rsquo;allais faire.<\/p>\n<p style=\"text-align: justify;\"><strong>Ma p\u00e9riode de <a href=\"https:\/\/www.globalong.com\/blog\/eco-volontaire-environnement-benevole-enfants-populations-monde-culture-globalong-informations\/\" target=\"_blank\" rel=\"noopener\"><span style=\"text-decoration: underline; color: #b81657;\">b\u00e9n\u00e9volat<\/span><\/a> s&rsquo;est tr\u00e8s bien pass\u00e9e.<\/strong><\/p>\n<p style=\"text-align: justify;\"><strong>Je suis ravi d&rsquo;avoir pu mettre mes comp\u00e9tences professionnelles au profit du<\/strong> <a href=\"https:\/\/www.globalong.com\/sejour-benevolat\/jamaique-stage-mission-action-humanitaire-volontariat-aide-enseignement\/eco-volontariat-protection-environnementale-conservation-nature.html\" target=\"_blank\" rel=\"noopener\"><span style=\"text-decoration: underline; color: #b81657;\"><strong>programme environnemental en Jama\u00efque<\/strong><\/span><\/a>.<\/p>\n<p><img loading=\"lazy\" decoding=\"async\" class=\"wp-image-11161 size-medium aligncenter\" src=\"https:\/\/www.globalong.com\/blog\/wp-content\/uploads\/2018\/09\/9c49f134-d1ad-4662-bfdf-e4f56f2dcaf7-min-300x225.jpg\" alt=\"\" width=\"300\" height=\"225\" srcset=\"https:\/\/www.globalong.com\/blog\/wp-content\/uploads\/2018\/09\/9c49f134-d1ad-4662-bfdf-e4f56f2dcaf7-min-300x225.jpg 300w, https:\/\/www.globalong.com\/blog\/wp-content\/uploads\/2018\/09\/9c49f134-d1ad-4662-bfdf-e4f56f2dcaf7-min-768x576.jpg 768w, https:\/\/www.globalong.com\/blog\/wp-content\/uploads\/2018\/09\/9c49f134-d1ad-4662-bfdf-e4f56f2dcaf7-min-1024x768.jpg 1024w, https:\/\/www.globalong.com\/blog\/wp-content\/uploads\/2018\/09\/9c49f134-d1ad-4662-bfdf-e4f56f2dcaf7-min-150x113.jpg 150w, https:\/\/www.globalong.com\/blog\/wp-content\/uploads\/2018\/09\/9c49f134-d1ad-4662-bfdf-e4f56f2dcaf7-min.jpg 1280w\" sizes=\"(max-width: 300px) 100vw, 300px\" \/><\/p>\n<p style=\"text-align: justify;\">L<span style=\"text-align: justify;\">a seconde<\/span><span style=\"color: #000000;\"><strong> mission au jardin botanique<\/strong><\/span><span style=\"text-align: justify;\"> a \u00e9t\u00e9 <\/span><strong style=\"text-align: justify;\">tr\u00e8s enrichissante culturellement parlant<\/strong><span style=\"text-align: justify;\">.<\/span><\/p>\n<p><strong style=\"text-align: justify;\">Maureen organise \u00e9galement pour les volontaires les excursions le week-end.\u00a0<\/strong><\/p>\n<p>Cela se fait en r\u00e9union et de fa\u00e7on consensuelle avec tous les missionnaires. Donc <strong>tr\u00e8s bonne organisation<\/strong>, Maureen propose des tours tr\u00e8s int\u00e9ressants.<\/p>\n<p style=\"text-align: justify;\"><strong>J&rsquo;ai pu rencontrer dans l&rsquo;organisme d&rsquo;accueil toute la famille qui g\u00e8re le programme.<br \/>\n<\/strong><br \/>\n<img loading=\"lazy\" decoding=\"async\" class=\"size-medium wp-image-11163 aligncenter\" src=\"https:\/\/www.globalong.com\/blog\/wp-content\/uploads\/2018\/09\/1c3dae08-4d86-4581-adf9-484a6c5e974d-min-300x225.jpg\" alt=\"\" width=\"300\" height=\"225\" srcset=\"https:\/\/www.globalong.com\/blog\/wp-content\/uploads\/2018\/09\/1c3dae08-4d86-4581-adf9-484a6c5e974d-min-300x225.jpg 300w, https:\/\/www.globalong.com\/blog\/wp-content\/uploads\/2018\/09\/1c3dae08-4d86-4581-adf9-484a6c5e974d-min-768x576.jpg 768w, https:\/\/www.globalong.com\/blog\/wp-content\/uploads\/2018\/09\/1c3dae08-4d86-4581-adf9-484a6c5e974d-min-1024x768.jpg 1024w, https:\/\/www.globalong.com\/blog\/wp-content\/uploads\/2018\/09\/1c3dae08-4d86-4581-adf9-484a6c5e974d-min-150x113.jpg 150w, https:\/\/www.globalong.com\/blog\/wp-content\/uploads\/2018\/09\/1c3dae08-4d86-4581-adf9-484a6c5e974d-min.jpg 1280w\" sizes=\"(max-width: 300px) 100vw, 300px\" \/>Il \u00e9tait tr\u00e8s plaisant de discuter avec chacun qui \u00e9tait <strong>tr\u00e8s ouvert<\/strong> avec nous, et d&rsquo;apprendre ainsi, avec eux, <strong>la culture jama\u00efcaine<\/strong>.<\/p>\n<p style=\"text-align: justify;\"><strong>Cette exp\u00e9rience m&rsquo;a\u00a0montr\u00e9 que<\/strong>\u00a0<strong>partir en b\u00e9n\u00e9volat nous donne une vision du pays tr\u00e8s diff\u00e9rente de celle que l&rsquo;on a lorsque l&rsquo;on part en simple touristes.<\/strong><\/p>\n<p style=\"text-align: justify;\">J&rsquo;ai beaucoup appr\u00e9ci\u00e9 l&rsquo;<a href=\"https:\/\/www.globalong.com\/blog\/critique-globalong-apprendre-langue-etrangere-immersion-sejour-linguistique-international\/\" target=\"_blank\" rel=\"noopener\"><span style=\"text-decoration: underline; color: #b81657;\"><strong>immersion totale<\/strong><\/span><\/a> dans laquelle nous \u00e9tions, et en cela, <strong>c&rsquo;est tr\u00e8s int\u00e9ressant de voyager via du b\u00e9n\u00e9volat, et tr\u00e8s gratifiant<\/strong> de se dire que notre travail n&rsquo;est pas inutile.<\/p>\n<p><img loading=\"lazy\" decoding=\"async\" class=\"size-medium wp-image-11464 aligncenter\" src=\"https:\/\/www.globalong.com\/blog\/wp-content\/uploads\/2018\/09\/globalong-foret-jamaique-min-300x225.jpg\" alt=\"\" width=\"300\" height=\"225\" srcset=\"https:\/\/www.globalong.com\/blog\/wp-content\/uploads\/2018\/09\/globalong-foret-jamaique-min-300x225.jpg 300w, https:\/\/www.globalong.com\/blog\/wp-content\/uploads\/2018\/09\/globalong-foret-jamaique-min-768x576.jpg 768w, https:\/\/www.globalong.com\/blog\/wp-content\/uploads\/2018\/09\/globalong-foret-jamaique-min-150x113.jpg 150w, https:\/\/www.globalong.com\/blog\/wp-content\/uploads\/2018\/09\/globalong-foret-jamaique-min.jpg 960w\" sizes=\"(max-width: 300px) 100vw, 300px\" \/><\/p>\n<p style=\"text-align: justify;\">Le conseil que je donnerais aux futurs adh\u00e9rents souhaitant s&rsquo;engager en Jama\u00efque ?<\/p>\n<p style=\"text-align: justify;\">Il faut <a href=\"https:\/\/www.globalong.com\/blog\/guide-du-voyageur-globalong-benevolat-informations-utiles-voyage-volontariat-humanitaire-sante-securite-choc-culturel\/\" target=\"_blank\" rel=\"noopener\"><span style=\"text-decoration: underline;\"><span style=\"color: #b81657;\"><strong>bien pr\u00e9parer le voyage et sa valise<\/strong><\/span><\/span><\/a> (les fiches GlobAlong sont tr\u00e8s bien pour faire penser \u00e0 tout) et ensuite <strong>partir sans se projeter<\/strong> et surtout une fois sur place v<strong>ivre tout simplement les moments pr\u00e9sents et profiter de chaque minutes, de chaque enseignement re\u00e7u<\/strong>.<\/p>\n<p style=\"text-align: justify;\">Beno\u00eet<\/p>\n<p>&nbsp;<\/p>\n<p style=\"text-align: center;\">Pour plus d\u2019informations sur les missions humanitaires ou les stages \u00e0 l\u2019international, n\u2019h\u00e9sitez pas \u00e0 nous contacter \u00e0 l\u2019adresse :<\/p>\n<p style=\"text-align: center;\"><a href=\"mailto:info@globalong.com\" target=\"_blank\" rel=\"noopener\"><span style=\"text-decoration: underline;\"><span style=\"color: #b81657;\"><strong>info@globalong.com<\/strong><\/span><\/span><\/a><\/p>\n<p style=\"text-align: center;\"><a href=\"https:\/\/www.globalong.com\/sejour-benevolat\/jamaique-stage-mission-action-humanitaire-volontariat-aide-enseignement.html#b\" target=\"_blank\" rel=\"noopener\"><span style=\"text-decoration: underline;\"><strong><span style=\"color: #b81657; text-decoration: underline;\">D\u00e9couvrez les programmes de b\u00e9n\u00e9volat\u00a0en Jama\u00efque !<\/span><\/strong><\/span><\/a><\/p>\n<p style=\"text-align: center;\"><a href=\"https:\/\/www.flickr.com\/photos\/globalong\/sets\/72157674924227316\" target=\"_blank\" rel=\"noopener\"><span style=\"text-decoration: underline;\"><strong><span style=\"color: #b81657; text-decoration: underline;\">D\u00e9couvrez plus de photos de nos adh\u00e9rents engag\u00e9s en Jama\u00efque !<\/span><\/strong><\/span><\/a><\/p>\n","protected":false},"excerpt":{"rendered":"<p>T\u00e9moignage de Beno\u00eet, adh\u00e9rent de l\u2019association GlobAlong et b\u00e9n\u00e9vole en Jama\u00efque Je voulais d\u00e9couvrir ce pays car je suis un grand fan de reggae et j&rsquo;ai beaucoup lu de livres sur l&rsquo;Histoire de la Jama\u00efque, de ses grandes figures et sur l&rsquo;histoire du mouvement rastafari ainsi que l&rsquo;histoire du reggae. Il me fallait donc d\u00e9couvrir [&hellip;]<\/p>\n","protected":false},"author":5,"featured_media":8946,"parent":883,"menu_order":0,"comment_status":"closed","ping_status":"closed","template":"","meta":{"footnotes":""},"yoast_head":"<!-- This site is optimized with the Yoast SEO Premium plugin v23.4 (Yoast SEO v23.4) - https:\/\/yoast.com\/wordpress\/plugins\/seo\/ -->\n<title>Jama\u00efque - Beno\u00eet - Association Globalong<\/title>\n<meta name=\"robots\" content=\"index, follow, max-snippet:-1, max-image-preview:large, max-video-preview:-1\" \/>\n<link rel=\"canonical\" href=\"https:\/\/www.globalong.com\/blog\/avis-temoignages-globalong\/jamaique-benoit-environnement-jardin-botanique-ecologie-developpement-durable\/\" \/>\n<meta property=\"og:locale\" content=\"fr_FR\" \/>\n<meta property=\"og:type\" content=\"article\" \/>\n<meta property=\"og:title\" content=\"Jama\u00efque - Beno\u00eet\" \/>\n<meta property=\"og:description\" content=\"T\u00e9moignage de Beno\u00eet, adh\u00e9rent de l\u2019association GlobAlong et b\u00e9n\u00e9vole en Jama\u00efque Je voulais d\u00e9couvrir ce pays car je suis un grand fan de reggae et j&rsquo;ai beaucoup lu de livres sur l&rsquo;Histoire de la Jama\u00efque, de ses grandes figures et sur l&rsquo;histoire du mouvement rastafari ainsi que l&rsquo;histoire du reggae. Il me fallait donc d\u00e9couvrir [&hellip;]\" \/>\n<meta property=\"og:url\" content=\"https:\/\/www.globalong.com\/blog\/avis-temoignages-globalong\/jamaique-benoit-environnement-jardin-botanique-ecologie-developpement-durable\/\" \/>\n<meta property=\"og:site_name\" content=\"Association Globalong\" \/>\n<meta property=\"article:publisher\" content=\"https:\/\/www.facebook.com\/globalong\" \/>\n<meta property=\"article:modified_time\" content=\"2022-01-06T15:37:11+00:00\" \/>\n<meta property=\"og:image\" content=\"https:\/\/www.globalong.com\/blog\/wp-content\/uploads\/2018\/01\/Logo-et-Afrique-Globalong2.jpg\" \/>\n\t<meta property=\"og:image:width\" content=\"250\" \/>\n\t<meta property=\"og:image:height\" content=\"172\" \/>\n\t<meta property=\"og:image:type\" content=\"image\/jpeg\" \/>\n<meta name=\"twitter:card\" content=\"summary_large_image\" \/>\n<meta name=\"twitter:label1\" content=\"Dur\u00e9e de lecture estim\u00e9e\" \/>\n\t<meta name=\"twitter:data1\" content=\"3 minutes\" \/>\n<script type=\"application\/ld+json\" class=\"yoast-schema-graph\">{\"@context\":\"https:\/\/schema.org\",\"@graph\":[{\"@type\":\"WebPage\",\"@id\":\"https:\/\/www.globalong.com\/blog\/avis-temoignages-globalong\/jamaique-benoit-environnement-jardin-botanique-ecologie-developpement-durable\/\",\"url\":\"https:\/\/www.globalong.com\/blog\/avis-temoignages-globalong\/jamaique-benoit-environnement-jardin-botanique-ecologie-developpement-durable\/\",\"name\":\"Jama\u00efque - Beno\u00eet - Association Globalong\",\"isPartOf\":{\"@id\":\"https:\/\/www.globalong.com\/blog\/#website\"},\"primaryImageOfPage\":{\"@id\":\"https:\/\/www.globalong.com\/blog\/avis-temoignages-globalong\/jamaique-benoit-environnement-jardin-botanique-ecologie-developpement-durable\/#primaryimage\"},\"image\":{\"@id\":\"https:\/\/www.globalong.com\/blog\/avis-temoignages-globalong\/jamaique-benoit-environnement-jardin-botanique-ecologie-developpement-durable\/#primaryimage\"},\"thumbnailUrl\":\"https:\/\/www.globalong.com\/blog\/wp-content\/uploads\/2018\/01\/Logo-et-Afrique-Globalong2.jpg\",\"datePublished\":\"2018-09-12T16:16:04+00:00\",\"dateModified\":\"2022-01-06T15:37:11+00:00\",\"breadcrumb\":{\"@id\":\"https:\/\/www.globalong.com\/blog\/avis-temoignages-globalong\/jamaique-benoit-environnement-jardin-botanique-ecologie-developpement-durable\/#breadcrumb\"},\"inLanguage\":\"fr-FR\",\"potentialAction\":[{\"@type\":\"ReadAction\",\"target\":[\"https:\/\/www.globalong.com\/blog\/avis-temoignages-globalong\/jamaique-benoit-environnement-jardin-botanique-ecologie-developpement-durable\/\"]}]},{\"@type\":\"ImageObject\",\"inLanguage\":\"fr-FR\",\"@id\":\"https:\/\/www.globalong.com\/blog\/avis-temoignages-globalong\/jamaique-benoit-environnement-jardin-botanique-ecologie-developpement-durable\/#primaryimage\",\"url\":\"https:\/\/www.globalong.com\/blog\/wp-content\/uploads\/2018\/01\/Logo-et-Afrique-Globalong2.jpg\",\"contentUrl\":\"https:\/\/www.globalong.com\/blog\/wp-content\/uploads\/2018\/01\/Logo-et-Afrique-Globalong2.jpg\",\"width\":250,\"height\":172},{\"@type\":\"BreadcrumbList\",\"@id\":\"https:\/\/www.globalong.com\/blog\/avis-temoignages-globalong\/jamaique-benoit-environnement-jardin-botanique-ecologie-developpement-durable\/#breadcrumb\",\"itemListElement\":[{\"@type\":\"ListItem\",\"position\":1,\"name\":\"Accueil\",\"item\":\"https:\/\/www.globalong.com\/blog\/\"},{\"@type\":\"ListItem\",\"position\":2,\"name\":\"T\u00e9moignages et avis de volontaires Globalong\",\"item\":\"https:\/\/www.globalong.com\/blog\/avis-temoignages-globalong\/\"},{\"@type\":\"ListItem\",\"position\":3,\"name\":\"Jama\u00efque &#8211; Beno\u00eet\"}]},{\"@type\":\"WebSite\",\"@id\":\"https:\/\/www.globalong.com\/blog\/#website\",\"url\":\"https:\/\/www.globalong.com\/blog\/\",\"name\":\"https:\/\/www.globalong.com\/\",\"description\":\"Mission humanitaire, stage \u00e9tudiant et voyage linguistique\",\"publisher\":{\"@id\":\"https:\/\/www.globalong.com\/blog\/#organization\"},\"potentialAction\":[{\"@type\":\"SearchAction\",\"target\":{\"@type\":\"EntryPoint\",\"urlTemplate\":\"https:\/\/www.globalong.com\/blog\/?s={search_term_string}\"},\"query-input\":{\"@type\":\"PropertyValueSpecification\",\"valueRequired\":true,\"valueName\":\"search_term_string\"}}],\"inLanguage\":\"fr-FR\"},{\"@type\":\"Organization\",\"@id\":\"https:\/\/www.globalong.com\/blog\/#organization\",\"name\":\"Association Globalong\",\"url\":\"https:\/\/www.globalong.com\/blog\/\",\"logo\":{\"@type\":\"ImageObject\",\"inLanguage\":\"fr-FR\",\"@id\":\"https:\/\/www.globalong.com\/blog\/#\/schema\/logo\/image\/\",\"url\":\"https:\/\/www.globalong.com\/blog\/wp-content\/uploads\/2014\/11\/cropped-cropped-Logo-et-Afrique-Globalong-petite-taille-2.jpg\",\"contentUrl\":\"https:\/\/www.globalong.com\/blog\/wp-content\/uploads\/2014\/11\/cropped-cropped-Logo-et-Afrique-Globalong-petite-taille-2.jpg\",\"width\":512,\"height\":512,\"caption\":\"Association Globalong\"},\"image\":{\"@id\":\"https:\/\/www.globalong.com\/blog\/#\/schema\/logo\/image\/\"},\"sameAs\":[\"https:\/\/www.facebook.com\/globalong\"]}]}<\/script>\n<!-- \/ Yoast SEO Premium plugin. -->","yoast_head_json":{"title":"Jama\u00efque - Beno\u00eet - Association Globalong","robots":{"index":"index","follow":"follow","max-snippet":"max-snippet:-1","max-image-preview":"max-image-preview:large","max-video-preview":"max-video-preview:-1"},"canonical":"https:\/\/www.globalong.com\/blog\/avis-temoignages-globalong\/jamaique-benoit-environnement-jardin-botanique-ecologie-developpement-durable\/","og_locale":"fr_FR","og_type":"article","og_title":"Jama\u00efque - Beno\u00eet","og_description":"T\u00e9moignage de Beno\u00eet, adh\u00e9rent de l\u2019association GlobAlong et b\u00e9n\u00e9vole en Jama\u00efque Je voulais d\u00e9couvrir ce pays car je suis un grand fan de reggae et j&rsquo;ai beaucoup lu de livres sur l&rsquo;Histoire de la Jama\u00efque, de ses grandes figures et sur l&rsquo;histoire du mouvement rastafari ainsi que l&rsquo;histoire du reggae. Il me fallait donc d\u00e9couvrir [&hellip;]","og_url":"https:\/\/www.globalong.com\/blog\/avis-temoignages-globalong\/jamaique-benoit-environnement-jardin-botanique-ecologie-developpement-durable\/","og_site_name":"Association Globalong","article_publisher":"https:\/\/www.facebook.com\/globalong","article_modified_time":"2022-01-06T15:37:11+00:00","og_image":[{"width":250,"height":172,"url":"https:\/\/www.globalong.com\/blog\/wp-content\/uploads\/2018\/01\/Logo-et-Afrique-Globalong2.jpg","type":"image\/jpeg"}],"twitter_card":"summary_large_image","twitter_misc":{"Dur\u00e9e de lecture estim\u00e9e":"3 minutes"},"schema":{"@context":"https:\/\/schema.org","@graph":[{"@type":"WebPage","@id":"https:\/\/www.globalong.com\/blog\/avis-temoignages-globalong\/jamaique-benoit-environnement-jardin-botanique-ecologie-developpement-durable\/","url":"https:\/\/www.globalong.com\/blog\/avis-temoignages-globalong\/jamaique-benoit-environnement-jardin-botanique-ecologie-developpement-durable\/","name":"Jama\u00efque - Beno\u00eet - Association Globalong","isPartOf":{"@id":"https:\/\/www.globalong.com\/blog\/#website"},"primaryImageOfPage":{"@id":"https:\/\/www.globalong.com\/blog\/avis-temoignages-globalong\/jamaique-benoit-environnement-jardin-botanique-ecologie-developpement-durable\/#primaryimage"},"image":{"@id":"https:\/\/www.globalong.com\/blog\/avis-temoignages-globalong\/jamaique-benoit-environnement-jardin-botanique-ecologie-developpement-durable\/#primaryimage"},"thumbnailUrl":"https:\/\/www.globalong.com\/blog\/wp-content\/uploads\/2018\/01\/Logo-et-Afrique-Globalong2.jpg","datePublished":"2018-09-12T16:16:04+00:00","dateModified":"2022-01-06T15:37:11+00:00","breadcrumb":{"@id":"https:\/\/www.globalong.com\/blog\/avis-temoignages-globalong\/jamaique-benoit-environnement-jardin-botanique-ecologie-developpement-durable\/#breadcrumb"},"inLanguage":"fr-FR","potentialAction":[{"@type":"ReadAction","target":["https:\/\/www.globalong.com\/blog\/avis-temoignages-globalong\/jamaique-benoit-environnement-jardin-botanique-ecologie-developpement-durable\/"]}]},{"@type":"ImageObject","inLanguage":"fr-FR","@id":"https:\/\/www.globalong.com\/blog\/avis-temoignages-globalong\/jamaique-benoit-environnement-jardin-botanique-ecologie-developpement-durable\/#primaryimage","url":"https:\/\/www.globalong.com\/blog\/wp-content\/uploads\/2018\/01\/Logo-et-Afrique-Globalong2.jpg","contentUrl":"https:\/\/www.globalong.com\/blog\/wp-content\/uploads\/2018\/01\/Logo-et-Afrique-Globalong2.jpg","width":250,"height":172},{"@type":"BreadcrumbList","@id":"https:\/\/www.globalong.com\/blog\/avis-temoignages-globalong\/jamaique-benoit-environnement-jardin-botanique-ecologie-developpement-durable\/#breadcrumb","itemListElement":[{"@type":"ListItem","position":1,"name":"Accueil","item":"https:\/\/www.globalong.com\/blog\/"},{"@type":"ListItem","position":2,"name":"T\u00e9moignages et avis de volontaires Globalong","item":"https:\/\/www.globalong.com\/blog\/avis-temoignages-globalong\/"},{"@type":"ListItem","position":3,"name":"Jama\u00efque &#8211; Beno\u00eet"}]},{"@type":"WebSite","@id":"https:\/\/www.globalong.com\/blog\/#website","url":"https:\/\/www.globalong.com\/blog\/","name":"https:\/\/www.globalong.com\/","description":"Mission humanitaire, stage \u00e9tudiant et voyage linguistique","publisher":{"@id":"https:\/\/www.globalong.com\/blog\/#organization"},"potentialAction":[{"@type":"SearchAction","target":{"@type":"EntryPoint","urlTemplate":"https:\/\/www.globalong.com\/blog\/?s={search_term_string}"},"query-input":{"@type":"PropertyValueSpecification","valueRequired":true,"valueName":"search_term_string"}}],"inLanguage":"fr-FR"},{"@type":"Organization","@id":"https:\/\/www.globalong.com\/blog\/#organization","name":"Association Globalong","url":"https:\/\/www.globalong.com\/blog\/","logo":{"@type":"ImageObject","inLanguage":"fr-FR","@id":"https:\/\/www.globalong.com\/blog\/#\/schema\/logo\/image\/","url":"https:\/\/www.globalong.com\/blog\/wp-content\/uploads\/2014\/11\/cropped-cropped-Logo-et-Afrique-Globalong-petite-taille-2.jpg","contentUrl":"https:\/\/www.globalong.com\/blog\/wp-content\/uploads\/2014\/11\/cropped-cropped-Logo-et-Afrique-Globalong-petite-taille-2.jpg","width":512,"height":512,"caption":"Association Globalong"},"image":{"@id":"https:\/\/www.globalong.com\/blog\/#\/schema\/logo\/image\/"},"sameAs":["https:\/\/www.facebook.com\/globalong"]}]}},"_links":{"self":[{"href":"https:\/\/www.globalong.com\/blog\/wp-json\/wp\/v2\/pages\/11149"}],"collection":[{"href":"https:\/\/www.globalong.com\/blog\/wp-json\/wp\/v2\/pages"}],"about":[{"href":"https:\/\/www.globalong.com\/blog\/wp-json\/wp\/v2\/types\/page"}],"author":[{"embeddable":true,"href":"https:\/\/www.globalong.com\/blog\/wp-json\/wp\/v2\/users\/5"}],"replies":[{"embeddable":true,"href":"https:\/\/www.globalong.com\/blog\/wp-json\/wp\/v2\/comments?post=11149"}],"version-history":[{"count":33,"href":"https:\/\/www.globalong.com\/blog\/wp-json\/wp\/v2\/pages\/11149\/revisions"}],"predecessor-version":[{"id":13987,"href":"https:\/\/www.globalong.com\/blog\/wp-json\/wp\/v2\/pages\/11149\/revisions\/13987"}],"up":[{"embeddable":true,"href":"https:\/\/www.globalong.com\/blog\/wp-json\/wp\/v2\/pages\/883"}],"wp:featuredmedia":[{"embeddable":true,"href":"https:\/\/www.globalong.com\/blog\/wp-json\/wp\/v2\/media\/8946"}],"wp:attachment":[{"href":"https:\/\/www.globalong.com\/blog\/wp-json\/wp\/v2\/media?parent=11149"}],"curies":[{"name":"wp","href":"https:\/\/api.w.org\/{rel}","templated":true}]}}