{"id":11166,"date":"2018-09-14T10:57:47","date_gmt":"2018-09-14T08:57:47","guid":{"rendered":"https:\/\/www.globalong.com\/blog\/?page_id=11166"},"modified":"2022-05-06T10:38:34","modified_gmt":"2022-05-06T08:38:34","slug":"maroc-margot-programme-humanitaire-solidarite-international","status":"publish","type":"page","link":"https:\/\/www.globalong.com\/blog\/avis-temoignages-globalong\/maroc-margot-programme-humanitaire-solidarite-international\/","title":{"rendered":"Maroc &#8211; Margot"},"content":{"rendered":"<p style=\"text-align: center;\"><span style=\"color: #b81657;\"><strong>T\u00e9moignage de Margot, adh\u00e9rente de l\u2019<a href=\"https:\/\/www.globalong.com\/apropos.html\" target=\"_blank\" rel=\"noopener\"><span style=\"text-decoration: underline;\">association GlobAlong<\/span><\/a> et b\u00e9n\u00e9vole au <a href=\"https:\/\/www.globalong.com\/sejour-benevolat\/maroc-mission-humanitaire-stage-etranger-afrique.html\" target=\"_blank\" rel=\"noopener\"><span style=\"text-decoration: underline;\">Maroc<\/span><\/a><\/strong><\/span><\/p>\n<p style=\"text-align: justify;\"><a href=\"https:\/\/www.globalong.com\/blog\/wp-content\/uploads\/2018\/09\/DSC07186-min.jpg\"><img loading=\"lazy\" decoding=\"async\" class=\"size-medium wp-image-11169 aligncenter\" src=\"https:\/\/www.globalong.com\/blog\/wp-content\/uploads\/2018\/09\/DSC07186-min-300x225.jpg\" alt=\"\" width=\"300\" height=\"225\" srcset=\"https:\/\/www.globalong.com\/blog\/wp-content\/uploads\/2018\/09\/DSC07186-min-300x225.jpg 300w, https:\/\/www.globalong.com\/blog\/wp-content\/uploads\/2018\/09\/DSC07186-min-768x576.jpg 768w, https:\/\/www.globalong.com\/blog\/wp-content\/uploads\/2018\/09\/DSC07186-min-1024x768.jpg 1024w, https:\/\/www.globalong.com\/blog\/wp-content\/uploads\/2018\/09\/DSC07186-min-150x113.jpg 150w\" sizes=\"(max-width: 300px) 100vw, 300px\" \/><\/a><strong>J&rsquo;ai d\u00e9cid\u00e9 de m&rsquo;engager sur une <a href=\"https:\/\/www.globalong.com\/sejour-benevolat\/maroc-mission-humanitaire-stage-etranger-afrique\/programme-humanitaire-benevolat-international-maroc-afrique.html\" target=\"_blank\" rel=\"noopener\"><span style=\"text-decoration: underline; color: #b81657;\">mission humanitaire au Maroc<\/span><\/a><\/strong> car je voulais partir pour vraiment avoir l&rsquo;impression d&rsquo;<strong>aider<\/strong> et pour <strong>\u00eatre confront\u00e9e au monde dans un pays autre que le mien<\/strong>.<\/p>\n<p style=\"text-align: justify;\"><strong>Je conseillerais l&rsquo;<a href=\"https:\/\/www.globalong.com\/association-globalong.html\" target=\"_blank\" rel=\"noopener\"><span style=\"text-decoration: underline; color: #b81657;\">association GlobAlong<\/span><\/a> parce que l&rsquo;association a bien facilit\u00e9 le voyage et que tout s&rsquo;est bien organis\u00e9. <\/strong><\/p>\n<p style=\"text-align: justify;\"><strong>Au niveau de l&rsquo;\u00e9quipe que j&rsquo;ai eue au t\u00e9l\u00e9phone en France, je n&rsquo;ai rien \u00e0 redire !<\/strong><\/p>\n<p style=\"text-align: justify;\">Au Maroc, le voisin de l&rsquo;homme chez qui on habitait, Abdellatif, a vraiment \u00e9t\u00e9 <strong>une super rencontre<\/strong> !<br \/>\n<img loading=\"lazy\" decoding=\"async\" class=\"size-medium wp-image-11172 aligncenter\" src=\"https:\/\/www.globalong.com\/blog\/wp-content\/uploads\/2018\/09\/DSC06708-min-300x225.jpg\" alt=\"\" width=\"300\" height=\"225\" srcset=\"https:\/\/www.globalong.com\/blog\/wp-content\/uploads\/2018\/09\/DSC06708-min-300x225.jpg 300w, https:\/\/www.globalong.com\/blog\/wp-content\/uploads\/2018\/09\/DSC06708-min-768x576.jpg 768w, https:\/\/www.globalong.com\/blog\/wp-content\/uploads\/2018\/09\/DSC06708-min-1024x768.jpg 1024w, https:\/\/www.globalong.com\/blog\/wp-content\/uploads\/2018\/09\/DSC06708-min-150x113.jpg 150w\" sizes=\"(max-width: 300px) 100vw, 300px\" \/>On a pass\u00e9 beaucoup de temps ensemble et il nous a racont\u00e9 beaucoup de choses sur le pays.<\/p>\n<p style=\"text-align: justify;\">Je m&rsquo;entendais aussi tr\u00e8s bien avec 2 petites un peu excentr\u00e9es du village, Doua et Malika. Elles \u00e9taient adorables et elles me manquent beaucoup. Je les voyais tous les jours pour aller \u00e0 la source ou pour les aider pour l&rsquo;\u00e9cole ou dans les champs. <strong>Sinon, globalement tous les gens \u00e9taient tr\u00e8s gentils avec nous.<\/strong><\/p>\n<p style=\"text-align: justify;\">Comment cette exp\u00e9rience me servira dans l&rsquo;avenir ?\u00a0Je ne sais pas trop encore, c&rsquo;est trop frais&#8230;<\/p>\n<p><img loading=\"lazy\" decoding=\"async\" class=\"size-medium wp-image-11174 aligncenter\" src=\"https:\/\/www.globalong.com\/blog\/wp-content\/uploads\/2018\/09\/DSC07241-min-300x225.jpg\" alt=\"\" width=\"300\" height=\"225\" srcset=\"https:\/\/www.globalong.com\/blog\/wp-content\/uploads\/2018\/09\/DSC07241-min-300x225.jpg 300w, https:\/\/www.globalong.com\/blog\/wp-content\/uploads\/2018\/09\/DSC07241-min-768x576.jpg 768w, https:\/\/www.globalong.com\/blog\/wp-content\/uploads\/2018\/09\/DSC07241-min-1024x768.jpg 1024w, https:\/\/www.globalong.com\/blog\/wp-content\/uploads\/2018\/09\/DSC07241-min-150x113.jpg 150w\" sizes=\"(max-width: 300px) 100vw, 300px\" \/><\/p>\n<p style=\"text-align: justify;\">Mais je sais que <a href=\"https:\/\/www.globalong.com\/blog\/charite-association-benevolat-volontaire-international-aider-solidaire\/\" target=\"_blank\" rel=\"noopener\"><span style=\"text-decoration: underline; color: #b81657;\"><strong>cette exp\u00e9rience m&rsquo;a donn\u00e9 envie de recommencer dans l&rsquo;humanitaire<\/strong> <\/span><\/a>!<\/p>\n<p style=\"text-align: justify;\">La premi\u00e8re semaine apr\u00e8s mon retour s&rsquo;est tr\u00e8s bien pass\u00e9e mais depuis j&rsquo;ai beaucoup de mal \u00e0 reprendre ma vie comme je l&rsquo;avais laiss\u00e9e&#8230;<\/p>\n<p style=\"text-align: justify;\"><a href=\"https:\/\/www.globalong.com\/blog\/benevolat-associatif-bienfaits-psychologie-humanitaire-avis-etranger\/\" target=\"_blank\" rel=\"noopener\"><span style=\"text-decoration: underline;\"><span style=\"color: #b81657;\"><strong>J&rsquo;ai vraiment envie de repartir !<\/strong><\/span><\/span><\/a><\/p>\n<p style=\"text-align: justify;\">Le meilleur conseil que j&rsquo;ai \u00e0 donner, c&rsquo;est qu&rsquo;<strong>arriv\u00e9(e) sur place, il faut vraiment se battre pour l&rsquo;organisation<\/strong> car les gens sur place s&rsquo;en fichent. Il faut aussi essayer de changer la mentalit\u00e9 des enfants sur la condition animale car ils n&rsquo;en n&rsquo;ont pas conscience.<br \/>\n<img loading=\"lazy\" decoding=\"async\" class=\"size-medium wp-image-11181 aligncenter\" src=\"https:\/\/www.globalong.com\/blog\/wp-content\/uploads\/2018\/09\/DSC06712-1-min-300x225.jpg\" alt=\"\" width=\"300\" height=\"225\" srcset=\"https:\/\/www.globalong.com\/blog\/wp-content\/uploads\/2018\/09\/DSC06712-1-min-300x225.jpg 300w, https:\/\/www.globalong.com\/blog\/wp-content\/uploads\/2018\/09\/DSC06712-1-min-768x576.jpg 768w, https:\/\/www.globalong.com\/blog\/wp-content\/uploads\/2018\/09\/DSC06712-1-min-1024x768.jpg 1024w, https:\/\/www.globalong.com\/blog\/wp-content\/uploads\/2018\/09\/DSC06712-1-min-150x113.jpg 150w\" sizes=\"(max-width: 300px) 100vw, 300px\" \/>Enfin, de <strong>profiter un maximum parce que \u00e7a passe tr\u00e8s vite<\/strong> !<\/p>\n<p style=\"text-align: justify;\">Margot<\/p>\n<p style=\"text-align: justify;\">PS : Quelques anecdotes\u00a0 :<\/p>\n<ul>\n<li style=\"text-align: justify;\">En regardant dans un garage la coupe du monde en arabe, je me suis pris un grain de sable dans l&rsquo;\u0153il.\u00a0J&rsquo;ai donc d\u00fb aller au dispensaire pour me le faire retirer.<\/li>\n<li style=\"text-align: justify;\">La famille chez qui j&rsquo;\u00e9tais avait un b\u00e9b\u00e9 \u00e2ne enferm\u00e9 dans leur jardin dont ils ne s&rsquo;occupaient pas vraiment car il ne leur servait \u00e0 rien. Du coup, je le sortais pour lui faire des petites balades et \u00e7a \u00e9tonnait les habitants.<\/li>\n<li style=\"text-align: justify;\"><img loading=\"lazy\" decoding=\"async\" class=\"size-medium wp-image-11176 aligncenter\" src=\"https:\/\/www.globalong.com\/blog\/wp-content\/uploads\/2018\/09\/DSC06861-min-300x225.jpg\" alt=\"\" width=\"300\" height=\"225\" srcset=\"https:\/\/www.globalong.com\/blog\/wp-content\/uploads\/2018\/09\/DSC06861-min-300x225.jpg 300w, https:\/\/www.globalong.com\/blog\/wp-content\/uploads\/2018\/09\/DSC06861-min-768x576.jpg 768w, https:\/\/www.globalong.com\/blog\/wp-content\/uploads\/2018\/09\/DSC06861-min-1024x768.jpg 1024w, https:\/\/www.globalong.com\/blog\/wp-content\/uploads\/2018\/09\/DSC06861-min-150x113.jpg 150w\" sizes=\"(max-width: 300px) 100vw, 300px\" \/>Tous les enfants m&rsquo;ont dit que j&rsquo;\u00e9tais tr\u00e8s nulle comme goal au foot &#x1f602;<\/li>\n<li style=\"text-align: justify;\">Un jour, on a voulu faire une randonn\u00e9e dans la montagne toute la journ\u00e9e mais 10 min apr\u00e8s \u00eatre partie, je me suis sentie super mal (malade encore une fois \u00e0 cause de la nourriture). Nous avons pris le petit d\u00e9j \u00e0 l&rsquo;endroit o\u00f9 l&rsquo;on \u00e9tait et nous sommes rentr\u00e9s &#x1f602;<\/li>\n<\/ul>\n<p style=\"text-align: center;\">Pour plus de renseignements, n\u2019h\u00e9sitez pas \u00e0 nous contacter \u00e0 l\u2019adresse :\u00a0<a href=\"mailto:info@globalong.com\" target=\"_blank\" rel=\"noopener\"><span style=\"text-decoration: underline;\"><span style=\"color: #b81657;\"><strong>info@globalong.com<\/strong><\/span><\/span><\/a><\/p>\n<p>&nbsp;<\/p>\n<p style=\"text-align: center;\"><a href=\"https:\/\/www.globalong.com\/blog\/avis-globalong\/forum-globalong-maroc-elisabeth-programme-humanitaire-soutien-femmes-berberes\/\" target=\"_blank\" rel=\"noopener\"><span style=\"text-decoration: underline;\"><span style=\"color: #b81657; text-decoration: underline;\"><strong>D\u00e9couvrez le programme de\u00a0b\u00e9n\u00e9volat auquel Margot a particip\u00e9 !<\/strong><\/span><\/span><\/a><\/p>\n<p style=\"text-align: center;\"><a href=\"https:\/\/www.flickr.com\/photos\/globalong\/sets\/72157671283279754\" target=\"_blank\" rel=\"noopener\"><span style=\"text-decoration: underline;\"><span style=\"color: #b81657; text-decoration: underline;\"><strong>D\u00e9couvrez plus de photos de nos adh\u00e9rents engag\u00e9s au Maroc !<\/strong><\/span><\/span><\/a><\/p>\n","protected":false},"excerpt":{"rendered":"<p>T\u00e9moignage de Margot, adh\u00e9rente de l\u2019association GlobAlong et b\u00e9n\u00e9vole au Maroc J&rsquo;ai d\u00e9cid\u00e9 de m&rsquo;engager sur une mission humanitaire au Maroc car je voulais partir pour vraiment avoir l&rsquo;impression d&rsquo;aider et pour \u00eatre confront\u00e9e au monde dans un pays autre que le mien. Je conseillerais l&rsquo;association GlobAlong parce que l&rsquo;association a bien facilit\u00e9 le voyage [&hellip;]<\/p>\n","protected":false},"author":5,"featured_media":11169,"parent":883,"menu_order":0,"comment_status":"closed","ping_status":"closed","template":"","meta":{"footnotes":""},"yoast_head":"<!-- This site is optimized with the Yoast SEO Premium plugin v23.4 (Yoast SEO v23.4) - https:\/\/yoast.com\/wordpress\/plugins\/seo\/ -->\n<title>Maroc - Margot - Association Globalong<\/title>\n<meta name=\"robots\" content=\"index, follow, max-snippet:-1, max-image-preview:large, max-video-preview:-1\" \/>\n<link rel=\"canonical\" href=\"https:\/\/www.globalong.com\/blog\/avis-temoignages-globalong\/maroc-margot-programme-humanitaire-solidarite-international\/\" \/>\n<meta property=\"og:locale\" content=\"fr_FR\" \/>\n<meta property=\"og:type\" content=\"article\" \/>\n<meta property=\"og:title\" content=\"Maroc - Margot\" \/>\n<meta property=\"og:description\" content=\"T\u00e9moignage de Margot, adh\u00e9rente de l\u2019association GlobAlong et b\u00e9n\u00e9vole au Maroc J&rsquo;ai d\u00e9cid\u00e9 de m&rsquo;engager sur une mission humanitaire au Maroc car je voulais partir pour vraiment avoir l&rsquo;impression d&rsquo;aider et pour \u00eatre confront\u00e9e au monde dans un pays autre que le mien. Je conseillerais l&rsquo;association GlobAlong parce que l&rsquo;association a bien facilit\u00e9 le voyage [&hellip;]\" \/>\n<meta property=\"og:url\" content=\"https:\/\/www.globalong.com\/blog\/avis-temoignages-globalong\/maroc-margot-programme-humanitaire-solidarite-international\/\" \/>\n<meta property=\"og:site_name\" content=\"Association Globalong\" \/>\n<meta property=\"article:publisher\" content=\"https:\/\/www.facebook.com\/globalong\" \/>\n<meta property=\"article:modified_time\" content=\"2022-05-06T08:38:34+00:00\" \/>\n<meta property=\"og:image\" content=\"https:\/\/www.globalong.com\/blog\/wp-content\/uploads\/2018\/09\/DSC07186-min.jpg\" \/>\n\t<meta property=\"og:image:width\" content=\"4896\" \/>\n\t<meta property=\"og:image:height\" content=\"3672\" \/>\n\t<meta property=\"og:image:type\" content=\"image\/jpeg\" \/>\n<meta name=\"twitter:card\" content=\"summary_large_image\" \/>\n<meta name=\"twitter:label1\" content=\"Dur\u00e9e de lecture estim\u00e9e\" \/>\n\t<meta name=\"twitter:data1\" content=\"2 minutes\" \/>\n<script type=\"application\/ld+json\" class=\"yoast-schema-graph\">{\"@context\":\"https:\/\/schema.org\",\"@graph\":[{\"@type\":\"WebPage\",\"@id\":\"https:\/\/www.globalong.com\/blog\/avis-temoignages-globalong\/maroc-margot-programme-humanitaire-solidarite-international\/\",\"url\":\"https:\/\/www.globalong.com\/blog\/avis-temoignages-globalong\/maroc-margot-programme-humanitaire-solidarite-international\/\",\"name\":\"Maroc - Margot - Association Globalong\",\"isPartOf\":{\"@id\":\"https:\/\/www.globalong.com\/blog\/#website\"},\"primaryImageOfPage\":{\"@id\":\"https:\/\/www.globalong.com\/blog\/avis-temoignages-globalong\/maroc-margot-programme-humanitaire-solidarite-international\/#primaryimage\"},\"image\":{\"@id\":\"https:\/\/www.globalong.com\/blog\/avis-temoignages-globalong\/maroc-margot-programme-humanitaire-solidarite-international\/#primaryimage\"},\"thumbnailUrl\":\"https:\/\/www.globalong.com\/blog\/wp-content\/uploads\/2018\/09\/DSC07186-min.jpg\",\"datePublished\":\"2018-09-14T08:57:47+00:00\",\"dateModified\":\"2022-05-06T08:38:34+00:00\",\"breadcrumb\":{\"@id\":\"https:\/\/www.globalong.com\/blog\/avis-temoignages-globalong\/maroc-margot-programme-humanitaire-solidarite-international\/#breadcrumb\"},\"inLanguage\":\"fr-FR\",\"potentialAction\":[{\"@type\":\"ReadAction\",\"target\":[\"https:\/\/www.globalong.com\/blog\/avis-temoignages-globalong\/maroc-margot-programme-humanitaire-solidarite-international\/\"]}]},{\"@type\":\"ImageObject\",\"inLanguage\":\"fr-FR\",\"@id\":\"https:\/\/www.globalong.com\/blog\/avis-temoignages-globalong\/maroc-margot-programme-humanitaire-solidarite-international\/#primaryimage\",\"url\":\"https:\/\/www.globalong.com\/blog\/wp-content\/uploads\/2018\/09\/DSC07186-min.jpg\",\"contentUrl\":\"https:\/\/www.globalong.com\/blog\/wp-content\/uploads\/2018\/09\/DSC07186-min.jpg\",\"width\":4896,\"height\":3672,\"caption\":\"Mission de b\u00e9n\u00e9volat humanitaire pour les Suisses\"},{\"@type\":\"BreadcrumbList\",\"@id\":\"https:\/\/www.globalong.com\/blog\/avis-temoignages-globalong\/maroc-margot-programme-humanitaire-solidarite-international\/#breadcrumb\",\"itemListElement\":[{\"@type\":\"ListItem\",\"position\":1,\"name\":\"Accueil\",\"item\":\"https:\/\/www.globalong.com\/blog\/\"},{\"@type\":\"ListItem\",\"position\":2,\"name\":\"T\u00e9moignages et avis de volontaires Globalong\",\"item\":\"https:\/\/www.globalong.com\/blog\/avis-temoignages-globalong\/\"},{\"@type\":\"ListItem\",\"position\":3,\"name\":\"Maroc &#8211; Margot\"}]},{\"@type\":\"WebSite\",\"@id\":\"https:\/\/www.globalong.com\/blog\/#website\",\"url\":\"https:\/\/www.globalong.com\/blog\/\",\"name\":\"https:\/\/www.globalong.com\/\",\"description\":\"Mission humanitaire, stage \u00e9tudiant et voyage linguistique\",\"publisher\":{\"@id\":\"https:\/\/www.globalong.com\/blog\/#organization\"},\"potentialAction\":[{\"@type\":\"SearchAction\",\"target\":{\"@type\":\"EntryPoint\",\"urlTemplate\":\"https:\/\/www.globalong.com\/blog\/?s={search_term_string}\"},\"query-input\":{\"@type\":\"PropertyValueSpecification\",\"valueRequired\":true,\"valueName\":\"search_term_string\"}}],\"inLanguage\":\"fr-FR\"},{\"@type\":\"Organization\",\"@id\":\"https:\/\/www.globalong.com\/blog\/#organization\",\"name\":\"Association Globalong\",\"url\":\"https:\/\/www.globalong.com\/blog\/\",\"logo\":{\"@type\":\"ImageObject\",\"inLanguage\":\"fr-FR\",\"@id\":\"https:\/\/www.globalong.com\/blog\/#\/schema\/logo\/image\/\",\"url\":\"https:\/\/www.globalong.com\/blog\/wp-content\/uploads\/2014\/11\/cropped-cropped-Logo-et-Afrique-Globalong-petite-taille-2.jpg\",\"contentUrl\":\"https:\/\/www.globalong.com\/blog\/wp-content\/uploads\/2014\/11\/cropped-cropped-Logo-et-Afrique-Globalong-petite-taille-2.jpg\",\"width\":512,\"height\":512,\"caption\":\"Association Globalong\"},\"image\":{\"@id\":\"https:\/\/www.globalong.com\/blog\/#\/schema\/logo\/image\/\"},\"sameAs\":[\"https:\/\/www.facebook.com\/globalong\"]}]}<\/script>\n<!-- \/ Yoast SEO Premium plugin. -->","yoast_head_json":{"title":"Maroc - Margot - Association Globalong","robots":{"index":"index","follow":"follow","max-snippet":"max-snippet:-1","max-image-preview":"max-image-preview:large","max-video-preview":"max-video-preview:-1"},"canonical":"https:\/\/www.globalong.com\/blog\/avis-temoignages-globalong\/maroc-margot-programme-humanitaire-solidarite-international\/","og_locale":"fr_FR","og_type":"article","og_title":"Maroc - Margot","og_description":"T\u00e9moignage de Margot, adh\u00e9rente de l\u2019association GlobAlong et b\u00e9n\u00e9vole au Maroc J&rsquo;ai d\u00e9cid\u00e9 de m&rsquo;engager sur une mission humanitaire au Maroc car je voulais partir pour vraiment avoir l&rsquo;impression d&rsquo;aider et pour \u00eatre confront\u00e9e au monde dans un pays autre que le mien. Je conseillerais l&rsquo;association GlobAlong parce que l&rsquo;association a bien facilit\u00e9 le voyage [&hellip;]","og_url":"https:\/\/www.globalong.com\/blog\/avis-temoignages-globalong\/maroc-margot-programme-humanitaire-solidarite-international\/","og_site_name":"Association Globalong","article_publisher":"https:\/\/www.facebook.com\/globalong","article_modified_time":"2022-05-06T08:38:34+00:00","og_image":[{"width":4896,"height":3672,"url":"https:\/\/www.globalong.com\/blog\/wp-content\/uploads\/2018\/09\/DSC07186-min.jpg","type":"image\/jpeg"}],"twitter_card":"summary_large_image","twitter_misc":{"Dur\u00e9e de lecture estim\u00e9e":"2 minutes"},"schema":{"@context":"https:\/\/schema.org","@graph":[{"@type":"WebPage","@id":"https:\/\/www.globalong.com\/blog\/avis-temoignages-globalong\/maroc-margot-programme-humanitaire-solidarite-international\/","url":"https:\/\/www.globalong.com\/blog\/avis-temoignages-globalong\/maroc-margot-programme-humanitaire-solidarite-international\/","name":"Maroc - Margot - Association Globalong","isPartOf":{"@id":"https:\/\/www.globalong.com\/blog\/#website"},"primaryImageOfPage":{"@id":"https:\/\/www.globalong.com\/blog\/avis-temoignages-globalong\/maroc-margot-programme-humanitaire-solidarite-international\/#primaryimage"},"image":{"@id":"https:\/\/www.globalong.com\/blog\/avis-temoignages-globalong\/maroc-margot-programme-humanitaire-solidarite-international\/#primaryimage"},"thumbnailUrl":"https:\/\/www.globalong.com\/blog\/wp-content\/uploads\/2018\/09\/DSC07186-min.jpg","datePublished":"2018-09-14T08:57:47+00:00","dateModified":"2022-05-06T08:38:34+00:00","breadcrumb":{"@id":"https:\/\/www.globalong.com\/blog\/avis-temoignages-globalong\/maroc-margot-programme-humanitaire-solidarite-international\/#breadcrumb"},"inLanguage":"fr-FR","potentialAction":[{"@type":"ReadAction","target":["https:\/\/www.globalong.com\/blog\/avis-temoignages-globalong\/maroc-margot-programme-humanitaire-solidarite-international\/"]}]},{"@type":"ImageObject","inLanguage":"fr-FR","@id":"https:\/\/www.globalong.com\/blog\/avis-temoignages-globalong\/maroc-margot-programme-humanitaire-solidarite-international\/#primaryimage","url":"https:\/\/www.globalong.com\/blog\/wp-content\/uploads\/2018\/09\/DSC07186-min.jpg","contentUrl":"https:\/\/www.globalong.com\/blog\/wp-content\/uploads\/2018\/09\/DSC07186-min.jpg","width":4896,"height":3672,"caption":"Mission de b\u00e9n\u00e9volat humanitaire pour les Suisses"},{"@type":"BreadcrumbList","@id":"https:\/\/www.globalong.com\/blog\/avis-temoignages-globalong\/maroc-margot-programme-humanitaire-solidarite-international\/#breadcrumb","itemListElement":[{"@type":"ListItem","position":1,"name":"Accueil","item":"https:\/\/www.globalong.com\/blog\/"},{"@type":"ListItem","position":2,"name":"T\u00e9moignages et avis de volontaires Globalong","item":"https:\/\/www.globalong.com\/blog\/avis-temoignages-globalong\/"},{"@type":"ListItem","position":3,"name":"Maroc &#8211; Margot"}]},{"@type":"WebSite","@id":"https:\/\/www.globalong.com\/blog\/#website","url":"https:\/\/www.globalong.com\/blog\/","name":"https:\/\/www.globalong.com\/","description":"Mission humanitaire, stage \u00e9tudiant et voyage linguistique","publisher":{"@id":"https:\/\/www.globalong.com\/blog\/#organization"},"potentialAction":[{"@type":"SearchAction","target":{"@type":"EntryPoint","urlTemplate":"https:\/\/www.globalong.com\/blog\/?s={search_term_string}"},"query-input":{"@type":"PropertyValueSpecification","valueRequired":true,"valueName":"search_term_string"}}],"inLanguage":"fr-FR"},{"@type":"Organization","@id":"https:\/\/www.globalong.com\/blog\/#organization","name":"Association Globalong","url":"https:\/\/www.globalong.com\/blog\/","logo":{"@type":"ImageObject","inLanguage":"fr-FR","@id":"https:\/\/www.globalong.com\/blog\/#\/schema\/logo\/image\/","url":"https:\/\/www.globalong.com\/blog\/wp-content\/uploads\/2014\/11\/cropped-cropped-Logo-et-Afrique-Globalong-petite-taille-2.jpg","contentUrl":"https:\/\/www.globalong.com\/blog\/wp-content\/uploads\/2014\/11\/cropped-cropped-Logo-et-Afrique-Globalong-petite-taille-2.jpg","width":512,"height":512,"caption":"Association Globalong"},"image":{"@id":"https:\/\/www.globalong.com\/blog\/#\/schema\/logo\/image\/"},"sameAs":["https:\/\/www.facebook.com\/globalong"]}]}},"_links":{"self":[{"href":"https:\/\/www.globalong.com\/blog\/wp-json\/wp\/v2\/pages\/11166"}],"collection":[{"href":"https:\/\/www.globalong.com\/blog\/wp-json\/wp\/v2\/pages"}],"about":[{"href":"https:\/\/www.globalong.com\/blog\/wp-json\/wp\/v2\/types\/page"}],"author":[{"embeddable":true,"href":"https:\/\/www.globalong.com\/blog\/wp-json\/wp\/v2\/users\/5"}],"replies":[{"embeddable":true,"href":"https:\/\/www.globalong.com\/blog\/wp-json\/wp\/v2\/comments?post=11166"}],"version-history":[{"count":47,"href":"https:\/\/www.globalong.com\/blog\/wp-json\/wp\/v2\/pages\/11166\/revisions"}],"predecessor-version":[{"id":14526,"href":"https:\/\/www.globalong.com\/blog\/wp-json\/wp\/v2\/pages\/11166\/revisions\/14526"}],"up":[{"embeddable":true,"href":"https:\/\/www.globalong.com\/blog\/wp-json\/wp\/v2\/pages\/883"}],"wp:featuredmedia":[{"embeddable":true,"href":"https:\/\/www.globalong.com\/blog\/wp-json\/wp\/v2\/media\/11169"}],"wp:attachment":[{"href":"https:\/\/www.globalong.com\/blog\/wp-json\/wp\/v2\/media?parent=11166"}],"curies":[{"name":"wp","href":"https:\/\/api.w.org\/{rel}","templated":true}]}}