{"id":11271,"date":"2018-09-19T15:06:28","date_gmt":"2018-09-19T13:06:28","guid":{"rendered":"https:\/\/www.globalong.com\/blog\/?page_id=11271"},"modified":"2022-05-06T09:05:45","modified_gmt":"2022-05-06T07:05:45","slug":"hongrie-marie-benevolat-animalier-europe-volontaire","status":"publish","type":"page","link":"https:\/\/www.globalong.com\/blog\/avis-temoignages-globalong\/hongrie-marie-benevolat-animalier-europe-volontaire\/","title":{"rendered":"Hongrie &#8211; Marie"},"content":{"rendered":"<p style=\"text-align: center;\"><span style=\"color: #b81657;\"><strong>T\u00e9moignage de Marie, adh\u00e9rente de l\u2019<a href=\"https:\/\/www.globalong.com\/association-globalong.html\" target=\"_blank\" rel=\"noopener\"><span style=\"text-decoration: underline;\">association GlobAlong<\/span><\/a> et b\u00e9n\u00e9vole en <a href=\"https:\/\/www.globalong.com\/sejour-benevolat\/hongrie-benevolat-volontariat-stages-animaux-ecovolontariat.html\" target=\"_blank\" rel=\"noopener\"><span style=\"text-decoration: underline;\">Hongrie<\/span><\/a><\/strong><\/span><\/p>\n<p style=\"text-align: justify;\"><a href=\"https:\/\/www.globalong.com\/blog\/wp-content\/uploads\/2018\/09\/IMAG34071-min.jpg\"><img loading=\"lazy\" decoding=\"async\" class=\"size-medium wp-image-11274 aligncenter\" src=\"https:\/\/www.globalong.com\/blog\/wp-content\/uploads\/2018\/09\/IMAG34071-min-300x223.jpg\" alt=\"\" width=\"300\" height=\"223\" srcset=\"https:\/\/www.globalong.com\/blog\/wp-content\/uploads\/2018\/09\/IMAG34071-min-300x223.jpg 300w, https:\/\/www.globalong.com\/blog\/wp-content\/uploads\/2018\/09\/IMAG34071-min-768x570.jpg 768w, https:\/\/www.globalong.com\/blog\/wp-content\/uploads\/2018\/09\/IMAG34071-min-1024x760.jpg 1024w, https:\/\/www.globalong.com\/blog\/wp-content\/uploads\/2018\/09\/IMAG34071-min-150x111.jpg 150w\" sizes=\"(max-width: 300px) 100vw, 300px\" \/><\/a><strong>J&rsquo;avais un <a href=\"https:\/\/www.globalong.com\/blog\/voyage-humanitaire-etudiant\/\" target=\"_blank\" rel=\"noopener\"><span style=\"text-decoration: underline; color: #b81657;\">stage<\/span><\/a> \u00e0 faire pour mon \u00e9cole mais je voulais m&rsquo;engager sur une mission de pr\u00e9f\u00e9rence \u00e0 l&rsquo;ext\u00e9rieur.<\/strong><\/p>\n<p style=\"text-align: justify;\">Je voulais pouvoir aider et pas attendre dans un bureau.<\/p>\n<p style=\"text-align: justify;\">Je m&rsquo;attendais \u00e0 pouvoir travailler en \u00e9quipe en tant que <strong>soigneur animalier<\/strong>.<\/p>\n<p style=\"text-align: justify;\"><strong>Je conseillerais l&rsquo;<a href=\"https:\/\/www.globalong.com\/apropos.html\" target=\"_blank\" rel=\"noopener\"><span style=\"text-decoration: underline; color: #b81657;\">association Globalong<\/span><\/a> parce que le programme \u00e9tait bien organis\u00e9, pour leur r\u00e9activit\u00e9, parce que les personnes avec qui on est en contact sont sympathiques et veulent aider.<\/strong><\/p>\n<p style=\"text-align: justify;\"><img loading=\"lazy\" decoding=\"async\" class=\"wp-image-11277 aligncenter\" src=\"https:\/\/www.globalong.com\/blog\/wp-content\/uploads\/2018\/09\/IMAG32841-min-223x300.jpg\" alt=\"\" width=\"300\" height=\"404\" srcset=\"https:\/\/www.globalong.com\/blog\/wp-content\/uploads\/2018\/09\/IMAG32841-min-223x300.jpg 223w, https:\/\/www.globalong.com\/blog\/wp-content\/uploads\/2018\/09\/IMAG32841-min-768x1034.jpg 768w, https:\/\/www.globalong.com\/blog\/wp-content\/uploads\/2018\/09\/IMAG32841-min-760x1024.jpg 760w, https:\/\/www.globalong.com\/blog\/wp-content\/uploads\/2018\/09\/IMAG32841-min-111x150.jpg 111w\" sizes=\"(max-width: 300px) 100vw, 300px\" \/><\/p>\n<p style=\"text-align: justify;\">Pendant la p\u00e9riode de b\u00e9n\u00e9volat, <strong>j&rsquo;ai trouv\u00e9 le groupe de volontaires tr\u00e8s sympathique<\/strong> malgr\u00e9 le fait qu&rsquo;il soit changeant. Les t\u00e2ches \u00e9taient relativement simples mais <strong>gratifiantes<\/strong>.<\/p>\n<p style=\"text-align: justify;\"><strong><a href=\"https:\/\/www.globalong.com\/blog\/journee-internationale-pour-les-droits-des-animaux-10-decembre-protection-animale-benevolat\/\" target=\"_blank\" rel=\"noopener\"><span style=\"text-decoration: underline; color: #b81657;\">Si on aime les animaux, c&rsquo;est parfait<\/span><\/a> puisqu&rsquo;il est simple d&rsquo;\u00eatre en contact avec eux<\/strong> : vous pouvez prendre le temps de vraiment vous en occuper et pas juste vous arr\u00eater pour d\u00e9poser un bol d&rsquo;eau ou de nourriture dans leur enclos avant de repartir.<\/p>\n<p style=\"text-align: justify;\"><strong>Il est pr\u00e9f\u00e9rable d&rsquo;\u00eatre \u00e0 l&rsquo;aise autour de tous types d&rsquo;animaux puisqu&rsquo;on doit s&rsquo;occuper de toutes esp\u00e8ces qu&rsquo;elles soient \u00e0 poils, plumes ou \u00e9cailles.<\/strong><\/p>\n<p style=\"text-align: justify;\">Certains groupes de visiteurs int\u00e9ress\u00e9s voulaient en savoir plus sur les animaux et n&rsquo;avaient pas peur que l&rsquo;on sorte tous les animaux. Une famille qui avait peur des loups et \u00e9tait terrifi\u00e9e par les serpents est venue me retrouver au moment de partir pour me remercier pour la visite. Cela est d\u00fb au fait que je leur ai demand\u00e9 de me faire confiance pour sortir les animaux et ils ont eu le courage de les caresser.<\/p>\n<p style=\"text-align: justify;\"><a href=\"https:\/\/www.globalong.com\/blog\/wp-content\/uploads\/2018\/09\/IMAG35861-min.jpg\"><img loading=\"lazy\" decoding=\"async\" class=\"wp-image-11279 aligncenter\" src=\"https:\/\/www.globalong.com\/blog\/wp-content\/uploads\/2018\/09\/IMAG35861-min-223x300.jpg\" alt=\"\" width=\"300\" height=\"404\" srcset=\"https:\/\/www.globalong.com\/blog\/wp-content\/uploads\/2018\/09\/IMAG35861-min-223x300.jpg 223w, https:\/\/www.globalong.com\/blog\/wp-content\/uploads\/2018\/09\/IMAG35861-min-768x1034.jpg 768w, https:\/\/www.globalong.com\/blog\/wp-content\/uploads\/2018\/09\/IMAG35861-min-760x1024.jpg 760w, https:\/\/www.globalong.com\/blog\/wp-content\/uploads\/2018\/09\/IMAG35861-min-111x150.jpg 111w\" sizes=\"(max-width: 300px) 100vw, 300px\" \/><\/a><strong>Cette exp\u00e9rience m&rsquo;a permis d&rsquo;acqu\u00e9rir une tr\u00e8s grande autonomie et de <a href=\"https:\/\/www.globalong.com\/blog\/langues-etrangeres-europeennes-apprentissage-cultures-peuples-echange\/\" target=\"_blank\" rel=\"noopener\"><span style=\"text-decoration: underline; color: #b81657;\">d\u00e9velopper ma capacit\u00e9 \u00e0 pouvoir communiquer avec tous types de public <\/span><\/a>malgr\u00e9 la barri\u00e8re de la langue.<\/strong><\/p>\n<p style=\"text-align: justify;\">Le retour de mission s&rsquo;est bien pass\u00e9, aucun mal \u00e0 me r\u00e9-adapter.<\/p>\n<p style=\"text-align: justify;\">Le conseil que je donnerais aux futurs participants ?\u00a0<strong>Ne pas s&rsquo;attendre \u00e0 avoir un planning minute par minute avec quelqu&rsquo;un qui vous dit quoi faire<\/strong>, il faut \u00eatre capable de travailler par soi-m\u00eame c&rsquo;est \u00e0 dire savoir d\u00e9terminer ce qu&rsquo;il y a \u00e0 faire et le faire. Il faut <strong>savoir travailler en \u00e9quipe et y trouver sa place<\/strong>. Il est essentiel de pouvoir <a href=\"https:\/\/www.globalong.com\/blog\/stage-anglais-etudiant-globalong-etranger\/\" target=\"_blank\" rel=\"noopener\"><span style=\"text-decoration: underline; color: #b81657;\"><strong>communiquer en anglais<\/strong><\/span><\/a> puisque la majorit\u00e9 des membres de l&rsquo;\u00e9quipe sont hollandais afin de pas se rabattre sur les autres Fran\u00e7ais sans cr\u00e9er de liens avec les autres. Vous devez vous attendre \u00e0 <strong>vivre en communaut\u00e9<\/strong> o\u00f9 tout est partag\u00e9 et o\u00f9 le rangement et le nettoyage est la responsabilit\u00e9 de tous.<\/p>\n<p style=\"text-align: justify;\">Marie<\/p>\n<p style=\"text-align: center;\">Pour plus d\u2019informations sur les missions humanitaires ou les stages \u00e0 l\u2019international, n\u2019h\u00e9sitez pas \u00e0 nous contacter \u00e0 l\u2019adresse :<\/p>\n<p style=\"text-align: center;\"><span style=\"text-decoration: underline;\"><a href=\"mailto:info@globalong.com\" target=\"_blank\" rel=\"noopener\"><span style=\"color: #b81657;\"><strong>info@globalong.com<\/strong><\/span><\/a><\/span><\/p>\n<p style=\"text-align: center;\"><a href=\"https:\/\/www.globalong.com\/sejour-benevolat\/hongrie-benevolat-volontariat-stages-animaux-ecovolontariat.html#b\" target=\"_blank\" rel=\"noopener\"><span style=\"text-decoration: underline; color: #b81657;\"><strong>D\u00e9couvrez le\u00a0programme de b\u00e9n\u00e9volat\u00a0sur lequel\u00a0 Marie s\u2019est engag\u00e9e !<\/strong><\/span><\/a><\/p>\n<p style=\"text-align: center;\"><a href=\"https:\/\/www.flickr.com\/photos\/globalong\/albums\/72157684454047544\" target=\"_blank\" rel=\"noopener\"><span style=\"text-decoration: underline; color: #b81657;\"><strong>D\u00e9couvrez plus de photos de nos adh\u00e9rents engag\u00e9s en Hongrie !<\/strong><\/span><\/a><\/p>\n","protected":false},"excerpt":{"rendered":"<p>T\u00e9moignage de Marie, adh\u00e9rente de l\u2019association GlobAlong et b\u00e9n\u00e9vole en Hongrie J&rsquo;avais un stage \u00e0 faire pour mon \u00e9cole mais je voulais m&rsquo;engager sur une mission de pr\u00e9f\u00e9rence \u00e0 l&rsquo;ext\u00e9rieur. Je voulais pouvoir aider et pas attendre dans un bureau. Je m&rsquo;attendais \u00e0 pouvoir travailler en \u00e9quipe en tant que soigneur animalier. Je conseillerais l&rsquo;association [&hellip;]<\/p>\n","protected":false},"author":5,"featured_media":10434,"parent":883,"menu_order":0,"comment_status":"closed","ping_status":"closed","template":"","meta":{"footnotes":""},"yoast_head":"<!-- This site is optimized with the Yoast SEO Premium plugin v23.4 (Yoast SEO v23.4) - https:\/\/yoast.com\/wordpress\/plugins\/seo\/ -->\n<title>Hongrie - Marie - Association Globalong<\/title>\n<meta name=\"robots\" content=\"index, follow, max-snippet:-1, max-image-preview:large, max-video-preview:-1\" \/>\n<link rel=\"canonical\" href=\"https:\/\/www.globalong.com\/blog\/avis-temoignages-globalong\/hongrie-marie-benevolat-animalier-europe-volontaire\/\" \/>\n<meta property=\"og:locale\" content=\"fr_FR\" \/>\n<meta property=\"og:type\" content=\"article\" \/>\n<meta property=\"og:title\" content=\"Hongrie - Marie\" \/>\n<meta property=\"og:description\" content=\"T\u00e9moignage de Marie, adh\u00e9rente de l\u2019association GlobAlong et b\u00e9n\u00e9vole en Hongrie J&rsquo;avais un stage \u00e0 faire pour mon \u00e9cole mais je voulais m&rsquo;engager sur une mission de pr\u00e9f\u00e9rence \u00e0 l&rsquo;ext\u00e9rieur. Je voulais pouvoir aider et pas attendre dans un bureau. Je m&rsquo;attendais \u00e0 pouvoir travailler en \u00e9quipe en tant que soigneur animalier. Je conseillerais l&rsquo;association [&hellip;]\" \/>\n<meta property=\"og:url\" content=\"https:\/\/www.globalong.com\/blog\/avis-temoignages-globalong\/hongrie-marie-benevolat-animalier-europe-volontaire\/\" \/>\n<meta property=\"og:site_name\" content=\"Association Globalong\" \/>\n<meta property=\"article:publisher\" content=\"https:\/\/www.facebook.com\/globalong\" \/>\n<meta property=\"article:modified_time\" content=\"2022-05-06T07:05:45+00:00\" \/>\n<meta property=\"og:image\" content=\"https:\/\/www.globalong.com\/blog\/wp-content\/uploads\/2018\/06\/B\u00e9n\u00e9voles-et-animaux-Hongrie-GlobAlong-min-1.jpg\" \/>\n\t<meta property=\"og:image:width\" content=\"1991\" \/>\n\t<meta property=\"og:image:height\" content=\"1278\" \/>\n\t<meta property=\"og:image:type\" content=\"image\/jpeg\" \/>\n<meta name=\"twitter:card\" content=\"summary_large_image\" \/>\n<meta name=\"twitter:label1\" content=\"Dur\u00e9e de lecture estim\u00e9e\" \/>\n\t<meta name=\"twitter:data1\" content=\"2 minutes\" \/>\n<script type=\"application\/ld+json\" class=\"yoast-schema-graph\">{\"@context\":\"https:\/\/schema.org\",\"@graph\":[{\"@type\":\"WebPage\",\"@id\":\"https:\/\/www.globalong.com\/blog\/avis-temoignages-globalong\/hongrie-marie-benevolat-animalier-europe-volontaire\/\",\"url\":\"https:\/\/www.globalong.com\/blog\/avis-temoignages-globalong\/hongrie-marie-benevolat-animalier-europe-volontaire\/\",\"name\":\"Hongrie - Marie - Association Globalong\",\"isPartOf\":{\"@id\":\"https:\/\/www.globalong.com\/blog\/#website\"},\"primaryImageOfPage\":{\"@id\":\"https:\/\/www.globalong.com\/blog\/avis-temoignages-globalong\/hongrie-marie-benevolat-animalier-europe-volontaire\/#primaryimage\"},\"image\":{\"@id\":\"https:\/\/www.globalong.com\/blog\/avis-temoignages-globalong\/hongrie-marie-benevolat-animalier-europe-volontaire\/#primaryimage\"},\"thumbnailUrl\":\"https:\/\/www.globalong.com\/blog\/wp-content\/uploads\/2018\/06\/B\u00e9n\u00e9voles-et-animaux-Hongrie-GlobAlong-min-1.jpg\",\"datePublished\":\"2018-09-19T13:06:28+00:00\",\"dateModified\":\"2022-05-06T07:05:45+00:00\",\"breadcrumb\":{\"@id\":\"https:\/\/www.globalong.com\/blog\/avis-temoignages-globalong\/hongrie-marie-benevolat-animalier-europe-volontaire\/#breadcrumb\"},\"inLanguage\":\"fr-FR\",\"potentialAction\":[{\"@type\":\"ReadAction\",\"target\":[\"https:\/\/www.globalong.com\/blog\/avis-temoignages-globalong\/hongrie-marie-benevolat-animalier-europe-volontaire\/\"]}]},{\"@type\":\"ImageObject\",\"inLanguage\":\"fr-FR\",\"@id\":\"https:\/\/www.globalong.com\/blog\/avis-temoignages-globalong\/hongrie-marie-benevolat-animalier-europe-volontaire\/#primaryimage\",\"url\":\"https:\/\/www.globalong.com\/blog\/wp-content\/uploads\/2018\/06\/B\u00e9n\u00e9voles-et-animaux-Hongrie-GlobAlong-min-1.jpg\",\"contentUrl\":\"https:\/\/www.globalong.com\/blog\/wp-content\/uploads\/2018\/06\/B\u00e9n\u00e9voles-et-animaux-Hongrie-GlobAlong-min-1.jpg\",\"width\":1991,\"height\":1278,\"caption\":\"Volontariat Europe\"},{\"@type\":\"BreadcrumbList\",\"@id\":\"https:\/\/www.globalong.com\/blog\/avis-temoignages-globalong\/hongrie-marie-benevolat-animalier-europe-volontaire\/#breadcrumb\",\"itemListElement\":[{\"@type\":\"ListItem\",\"position\":1,\"name\":\"Accueil\",\"item\":\"https:\/\/www.globalong.com\/blog\/\"},{\"@type\":\"ListItem\",\"position\":2,\"name\":\"T\u00e9moignages et avis de volontaires Globalong\",\"item\":\"https:\/\/www.globalong.com\/blog\/avis-temoignages-globalong\/\"},{\"@type\":\"ListItem\",\"position\":3,\"name\":\"Hongrie &#8211; Marie\"}]},{\"@type\":\"WebSite\",\"@id\":\"https:\/\/www.globalong.com\/blog\/#website\",\"url\":\"https:\/\/www.globalong.com\/blog\/\",\"name\":\"https:\/\/www.globalong.com\/\",\"description\":\"Mission humanitaire, stage \u00e9tudiant et voyage linguistique\",\"publisher\":{\"@id\":\"https:\/\/www.globalong.com\/blog\/#organization\"},\"potentialAction\":[{\"@type\":\"SearchAction\",\"target\":{\"@type\":\"EntryPoint\",\"urlTemplate\":\"https:\/\/www.globalong.com\/blog\/?s={search_term_string}\"},\"query-input\":{\"@type\":\"PropertyValueSpecification\",\"valueRequired\":true,\"valueName\":\"search_term_string\"}}],\"inLanguage\":\"fr-FR\"},{\"@type\":\"Organization\",\"@id\":\"https:\/\/www.globalong.com\/blog\/#organization\",\"name\":\"Association Globalong\",\"url\":\"https:\/\/www.globalong.com\/blog\/\",\"logo\":{\"@type\":\"ImageObject\",\"inLanguage\":\"fr-FR\",\"@id\":\"https:\/\/www.globalong.com\/blog\/#\/schema\/logo\/image\/\",\"url\":\"https:\/\/www.globalong.com\/blog\/wp-content\/uploads\/2014\/11\/cropped-cropped-Logo-et-Afrique-Globalong-petite-taille-2.jpg\",\"contentUrl\":\"https:\/\/www.globalong.com\/blog\/wp-content\/uploads\/2014\/11\/cropped-cropped-Logo-et-Afrique-Globalong-petite-taille-2.jpg\",\"width\":512,\"height\":512,\"caption\":\"Association Globalong\"},\"image\":{\"@id\":\"https:\/\/www.globalong.com\/blog\/#\/schema\/logo\/image\/\"},\"sameAs\":[\"https:\/\/www.facebook.com\/globalong\"]}]}<\/script>\n<!-- \/ Yoast SEO Premium plugin. -->","yoast_head_json":{"title":"Hongrie - Marie - Association Globalong","robots":{"index":"index","follow":"follow","max-snippet":"max-snippet:-1","max-image-preview":"max-image-preview:large","max-video-preview":"max-video-preview:-1"},"canonical":"https:\/\/www.globalong.com\/blog\/avis-temoignages-globalong\/hongrie-marie-benevolat-animalier-europe-volontaire\/","og_locale":"fr_FR","og_type":"article","og_title":"Hongrie - Marie","og_description":"T\u00e9moignage de Marie, adh\u00e9rente de l\u2019association GlobAlong et b\u00e9n\u00e9vole en Hongrie J&rsquo;avais un stage \u00e0 faire pour mon \u00e9cole mais je voulais m&rsquo;engager sur une mission de pr\u00e9f\u00e9rence \u00e0 l&rsquo;ext\u00e9rieur. Je voulais pouvoir aider et pas attendre dans un bureau. Je m&rsquo;attendais \u00e0 pouvoir travailler en \u00e9quipe en tant que soigneur animalier. Je conseillerais l&rsquo;association [&hellip;]","og_url":"https:\/\/www.globalong.com\/blog\/avis-temoignages-globalong\/hongrie-marie-benevolat-animalier-europe-volontaire\/","og_site_name":"Association Globalong","article_publisher":"https:\/\/www.facebook.com\/globalong","article_modified_time":"2022-05-06T07:05:45+00:00","og_image":[{"width":1991,"height":1278,"url":"https:\/\/www.globalong.com\/blog\/wp-content\/uploads\/2018\/06\/B\u00e9n\u00e9voles-et-animaux-Hongrie-GlobAlong-min-1.jpg","type":"image\/jpeg"}],"twitter_card":"summary_large_image","twitter_misc":{"Dur\u00e9e de lecture estim\u00e9e":"2 minutes"},"schema":{"@context":"https:\/\/schema.org","@graph":[{"@type":"WebPage","@id":"https:\/\/www.globalong.com\/blog\/avis-temoignages-globalong\/hongrie-marie-benevolat-animalier-europe-volontaire\/","url":"https:\/\/www.globalong.com\/blog\/avis-temoignages-globalong\/hongrie-marie-benevolat-animalier-europe-volontaire\/","name":"Hongrie - Marie - Association Globalong","isPartOf":{"@id":"https:\/\/www.globalong.com\/blog\/#website"},"primaryImageOfPage":{"@id":"https:\/\/www.globalong.com\/blog\/avis-temoignages-globalong\/hongrie-marie-benevolat-animalier-europe-volontaire\/#primaryimage"},"image":{"@id":"https:\/\/www.globalong.com\/blog\/avis-temoignages-globalong\/hongrie-marie-benevolat-animalier-europe-volontaire\/#primaryimage"},"thumbnailUrl":"https:\/\/www.globalong.com\/blog\/wp-content\/uploads\/2018\/06\/B\u00e9n\u00e9voles-et-animaux-Hongrie-GlobAlong-min-1.jpg","datePublished":"2018-09-19T13:06:28+00:00","dateModified":"2022-05-06T07:05:45+00:00","breadcrumb":{"@id":"https:\/\/www.globalong.com\/blog\/avis-temoignages-globalong\/hongrie-marie-benevolat-animalier-europe-volontaire\/#breadcrumb"},"inLanguage":"fr-FR","potentialAction":[{"@type":"ReadAction","target":["https:\/\/www.globalong.com\/blog\/avis-temoignages-globalong\/hongrie-marie-benevolat-animalier-europe-volontaire\/"]}]},{"@type":"ImageObject","inLanguage":"fr-FR","@id":"https:\/\/www.globalong.com\/blog\/avis-temoignages-globalong\/hongrie-marie-benevolat-animalier-europe-volontaire\/#primaryimage","url":"https:\/\/www.globalong.com\/blog\/wp-content\/uploads\/2018\/06\/B\u00e9n\u00e9voles-et-animaux-Hongrie-GlobAlong-min-1.jpg","contentUrl":"https:\/\/www.globalong.com\/blog\/wp-content\/uploads\/2018\/06\/B\u00e9n\u00e9voles-et-animaux-Hongrie-GlobAlong-min-1.jpg","width":1991,"height":1278,"caption":"Volontariat Europe"},{"@type":"BreadcrumbList","@id":"https:\/\/www.globalong.com\/blog\/avis-temoignages-globalong\/hongrie-marie-benevolat-animalier-europe-volontaire\/#breadcrumb","itemListElement":[{"@type":"ListItem","position":1,"name":"Accueil","item":"https:\/\/www.globalong.com\/blog\/"},{"@type":"ListItem","position":2,"name":"T\u00e9moignages et avis de volontaires Globalong","item":"https:\/\/www.globalong.com\/blog\/avis-temoignages-globalong\/"},{"@type":"ListItem","position":3,"name":"Hongrie &#8211; Marie"}]},{"@type":"WebSite","@id":"https:\/\/www.globalong.com\/blog\/#website","url":"https:\/\/www.globalong.com\/blog\/","name":"https:\/\/www.globalong.com\/","description":"Mission humanitaire, stage \u00e9tudiant et voyage linguistique","publisher":{"@id":"https:\/\/www.globalong.com\/blog\/#organization"},"potentialAction":[{"@type":"SearchAction","target":{"@type":"EntryPoint","urlTemplate":"https:\/\/www.globalong.com\/blog\/?s={search_term_string}"},"query-input":{"@type":"PropertyValueSpecification","valueRequired":true,"valueName":"search_term_string"}}],"inLanguage":"fr-FR"},{"@type":"Organization","@id":"https:\/\/www.globalong.com\/blog\/#organization","name":"Association Globalong","url":"https:\/\/www.globalong.com\/blog\/","logo":{"@type":"ImageObject","inLanguage":"fr-FR","@id":"https:\/\/www.globalong.com\/blog\/#\/schema\/logo\/image\/","url":"https:\/\/www.globalong.com\/blog\/wp-content\/uploads\/2014\/11\/cropped-cropped-Logo-et-Afrique-Globalong-petite-taille-2.jpg","contentUrl":"https:\/\/www.globalong.com\/blog\/wp-content\/uploads\/2014\/11\/cropped-cropped-Logo-et-Afrique-Globalong-petite-taille-2.jpg","width":512,"height":512,"caption":"Association Globalong"},"image":{"@id":"https:\/\/www.globalong.com\/blog\/#\/schema\/logo\/image\/"},"sameAs":["https:\/\/www.facebook.com\/globalong"]}]}},"_links":{"self":[{"href":"https:\/\/www.globalong.com\/blog\/wp-json\/wp\/v2\/pages\/11271"}],"collection":[{"href":"https:\/\/www.globalong.com\/blog\/wp-json\/wp\/v2\/pages"}],"about":[{"href":"https:\/\/www.globalong.com\/blog\/wp-json\/wp\/v2\/types\/page"}],"author":[{"embeddable":true,"href":"https:\/\/www.globalong.com\/blog\/wp-json\/wp\/v2\/users\/5"}],"replies":[{"embeddable":true,"href":"https:\/\/www.globalong.com\/blog\/wp-json\/wp\/v2\/comments?post=11271"}],"version-history":[{"count":11,"href":"https:\/\/www.globalong.com\/blog\/wp-json\/wp\/v2\/pages\/11271\/revisions"}],"predecessor-version":[{"id":14481,"href":"https:\/\/www.globalong.com\/blog\/wp-json\/wp\/v2\/pages\/11271\/revisions\/14481"}],"up":[{"embeddable":true,"href":"https:\/\/www.globalong.com\/blog\/wp-json\/wp\/v2\/pages\/883"}],"wp:featuredmedia":[{"embeddable":true,"href":"https:\/\/www.globalong.com\/blog\/wp-json\/wp\/v2\/media\/10434"}],"wp:attachment":[{"href":"https:\/\/www.globalong.com\/blog\/wp-json\/wp\/v2\/media?parent=11271"}],"curies":[{"name":"wp","href":"https:\/\/api.w.org\/{rel}","templated":true}]}}