{"id":11304,"date":"2019-01-07T15:42:46","date_gmt":"2019-01-07T14:42:46","guid":{"rendered":"https:\/\/www.globalong.com\/blog\/?page_id=11304"},"modified":"2022-04-28T16:44:47","modified_gmt":"2022-04-28T14:44:47","slug":"bolivie-sylvia-orphelinat-enfants-social-humanitaire-education-solidarite","status":"publish","type":"page","link":"https:\/\/www.globalong.com\/blog\/avis-temoignages-globalong\/bolivie-sylvia-orphelinat-enfants-social-humanitaire-education-solidarite\/","title":{"rendered":"Bolivie &#8211; Sylvia"},"content":{"rendered":"<p style=\"text-align: center;\"><span style=\"color: #b81657;\"><strong>T\u00e9moignage de Sylvia, adh\u00e9rente de l\u2019association GlobAlong et b\u00e9n\u00e9vole en Bolivie<\/strong><\/span><\/p>\n<p style=\"text-align: justify;\"><a href=\"https:\/\/www.globalong.com\/blog\/wp-content\/uploads\/2019\/01\/IMG_3649-min.jpeg\"><img loading=\"lazy\" decoding=\"async\" class=\"size-medium wp-image-12282 aligncenter\" src=\"https:\/\/www.globalong.com\/blog\/wp-content\/uploads\/2019\/01\/IMG_3649-min-300x225.jpeg\" alt=\"\" width=\"300\" height=\"225\" srcset=\"https:\/\/www.globalong.com\/blog\/wp-content\/uploads\/2019\/01\/IMG_3649-min-300x225.jpeg 300w, https:\/\/www.globalong.com\/blog\/wp-content\/uploads\/2019\/01\/IMG_3649-min-768x576.jpeg 768w, https:\/\/www.globalong.com\/blog\/wp-content\/uploads\/2019\/01\/IMG_3649-min-1024x768.jpeg 1024w, https:\/\/www.globalong.com\/blog\/wp-content\/uploads\/2019\/01\/IMG_3649-min-150x113.jpeg 150w, https:\/\/www.globalong.com\/blog\/wp-content\/uploads\/2019\/01\/IMG_3649-min.jpeg 1280w\" sizes=\"(max-width: 300px) 100vw, 300px\" \/><\/a>Je souhaitais <strong>voyager diff\u00e9remment<\/strong> et <strong>m&rsquo;investir dans une mission humanitaire<\/strong>.<\/p>\n<p style=\"text-align: justify;\">Pour cela, j&rsquo;ai choisi un <strong>orphelinat<\/strong>\u00a0en <a href=\"https:\/\/www.globalong.com\/sejour-langues-et-benevolat\/espagnol-benevolat-bolivie.html\" target=\"_blank\" rel=\"noopener\"><span style=\"text-decoration: underline; color: #b81657;\"><strong>Bolivie<\/strong><\/span><\/a> qui accueille <strong>des enfants de 0 \u00e0 5 ans<\/strong> et j&rsquo;ai partag\u00e9 mon temps dans les deux groupes d&rsquo;enfants : 0-2 ans et 2-5 ans.<\/p>\n<p style=\"text-align: justify;\"><strong>Je conseillerais l&rsquo;association Globalong pour le choix dans les missions et les pays propos\u00e9s et pour le s\u00e9rieux dans le suivi de la demande d&rsquo;une mission.<\/strong><\/p>\n<p style=\"text-align: justify;\">Les <a href=\"https:\/\/www.globalong.com\/sejour-langues-et-benevolat\/espagnol-benevolat-bolivie.html\" target=\"_blank\" rel=\"noopener\"><span style=\"text-decoration: underline; color: #b81657;\"><strong>cours de langue<\/strong><\/span><\/a> la premi\u00e8re semaine se sont tr\u00e8s bien pass\u00e9s.<br \/>\n<a href=\"https:\/\/www.globalong.com\/blog\/wp-content\/uploads\/2019\/01\/IMG_3451-min.jpeg\"><img loading=\"lazy\" decoding=\"async\" class=\"wp-image-12285 aligncenter\" src=\"https:\/\/www.globalong.com\/blog\/wp-content\/uploads\/2019\/01\/IMG_3451-min-225x300.jpeg\" alt=\"\" width=\"300\" height=\"400\" srcset=\"https:\/\/www.globalong.com\/blog\/wp-content\/uploads\/2019\/01\/IMG_3451-min-225x300.jpeg 225w, https:\/\/www.globalong.com\/blog\/wp-content\/uploads\/2019\/01\/IMG_3451-min-768x1024.jpeg 768w, https:\/\/www.globalong.com\/blog\/wp-content\/uploads\/2019\/01\/IMG_3451-min-113x150.jpeg 113w, https:\/\/www.globalong.com\/blog\/wp-content\/uploads\/2019\/01\/IMG_3451-min.jpeg 960w\" sizes=\"(max-width: 300px) 100vw, 300px\" \/><\/a>M\u00eame si je parlais d\u00e9j\u00e0 couramment <span style=\"text-decoration: underline;\"><a href=\"https:\/\/www.globalong.com\/blog\/critique-globalong-apprendre-langue-etrangere-immersion-sejour-linguistique-international\/\" target=\"_blank\" rel=\"noopener\"><strong>espagnol<\/strong><\/a><\/span>, cela m&rsquo;a permis d&rsquo;avoir <strong>un \u00e9change riche avec le professeur<\/strong> et d&rsquo;<strong>apprendre beaucoup de choses sur les us et coutumes du pays<\/strong>.<\/p>\n<p style=\"text-align: justify;\"><a href=\"https:\/\/www.globalong.com\/blog\/benevolat-associatif-bienfaits-psychologie-humanitaire-avis-etranger\/\" target=\"_blank\" rel=\"noopener\"><span style=\"text-decoration: underline; color: #b81657;\"><strong>La p\u00e9riode de b\u00e9n\u00e9volat \u00e9tait super !<\/strong><\/span><\/a> J&rsquo;ai pu \u00e9voluer dans les 2 groupes d&rsquo;enfants et m&rsquo;investir comme je le souhaitais en assistant une m\u00e9decin\/p\u00e9dagogue dans le <strong>d\u00e9veloppement cognitif<\/strong> des 2-4 ans, du fait que je parlais couramment espagnol, et passer du temps avec les plus petits en les c\u00e2linant, en jouant avec eux, en les faisant manger, en les changeant et en les couchant !<\/p>\n<p style=\"text-align: justify;\">J&rsquo;ai eu l&rsquo;occasion de <strong>visiter le pays<\/strong> pendant mon temps libre :<\/p>\n<ul style=\"text-align: justify;\">\n<li>excursion dans le sud de la Bolivie (El Salar)<\/li>\n<li>Potosi (visite des mines)<\/li>\n<li>Tarabuco et son march\u00e9 local (mais attention aux \u00ab\u00a0arnaques\u00a0\u00bb sur les soit disant v\u00eatements en \u00ab\u00a0Alpaca\u00a0\u00bb !)<\/li>\n<\/ul>\n<p style=\"text-align: justify;\">Les <strong>rencontres inoubliables<\/strong> que j&rsquo;ai faites :<br \/>\nla femme m\u00e9decin de l&rsquo;orphelinat et la m\u00e8re de<br \/>\nfamille chez qui je logeais..<\/p>\n<p style=\"text-align: justify;\"><a href=\"https:\/\/www.globalong.com\/blog\/wp-content\/uploads\/2019\/01\/69-Mercado-Campesino-Sucre-12.29-14.mars2015-min.jpg\"><img loading=\"lazy\" decoding=\"async\" class=\"size-medium wp-image-12287 aligncenter\" src=\"https:\/\/www.globalong.com\/blog\/wp-content\/uploads\/2019\/01\/69-Mercado-Campesino-Sucre-12.29-14.mars2015-min-300x200.jpg\" alt=\"\" width=\"300\" height=\"200\" srcset=\"https:\/\/www.globalong.com\/blog\/wp-content\/uploads\/2019\/01\/69-Mercado-Campesino-Sucre-12.29-14.mars2015-min-300x200.jpg 300w, https:\/\/www.globalong.com\/blog\/wp-content\/uploads\/2019\/01\/69-Mercado-Campesino-Sucre-12.29-14.mars2015-min-768x512.jpg 768w, https:\/\/www.globalong.com\/blog\/wp-content\/uploads\/2019\/01\/69-Mercado-Campesino-Sucre-12.29-14.mars2015-min-1024x683.jpg 1024w, https:\/\/www.globalong.com\/blog\/wp-content\/uploads\/2019\/01\/69-Mercado-Campesino-Sucre-12.29-14.mars2015-min-150x100.jpg 150w, https:\/\/www.globalong.com\/blog\/wp-content\/uploads\/2019\/01\/69-Mercado-Campesino-Sucre-12.29-14.mars2015-min.jpg 1920w\" sizes=\"(max-width: 300px) 100vw, 300px\" \/><\/a>Cette exp\u00e9rience m&rsquo;a apport\u00e9 un <strong>enrichissement personnel incontestable<\/strong> !<\/p>\n<p style=\"text-align: justify;\">A mon retour de mission, je n&rsquo;ai pas trop eu de mal \u00e0 me r\u00e9-adapter \u00e0 mon quotidien\u00a0mais <strong>j&rsquo;ai ressenti un manque certain<\/strong> en raison d&rsquo;un petit gar\u00e7on de 1 an pour qui j&rsquo;ai eu un coup de coeur, dont je me suis occup\u00e9e pendant un mois et que j&rsquo;ai beaucoup c\u00e2lin\u00e9.<\/p>\n<p style=\"text-align: justify;\">Le <strong>conseil<\/strong> que je donnerais aux futurs participants ?<\/p>\n<p style=\"text-align: justify;\"><strong><a href=\"https:\/\/www.globalong.com\/blog\/wp-content\/uploads\/2019\/01\/2-Sucre-Tarabuco-Voyage-Sucre-12.00-15.mars2015-min.jpg\"><img loading=\"lazy\" decoding=\"async\" class=\"size-medium wp-image-12289 aligncenter\" src=\"https:\/\/www.globalong.com\/blog\/wp-content\/uploads\/2019\/01\/2-Sucre-Tarabuco-Voyage-Sucre-12.00-15.mars2015-min-300x200.jpg\" alt=\"\" width=\"300\" height=\"200\" srcset=\"https:\/\/www.globalong.com\/blog\/wp-content\/uploads\/2019\/01\/2-Sucre-Tarabuco-Voyage-Sucre-12.00-15.mars2015-min-300x200.jpg 300w, https:\/\/www.globalong.com\/blog\/wp-content\/uploads\/2019\/01\/2-Sucre-Tarabuco-Voyage-Sucre-12.00-15.mars2015-min-768x512.jpg 768w, https:\/\/www.globalong.com\/blog\/wp-content\/uploads\/2019\/01\/2-Sucre-Tarabuco-Voyage-Sucre-12.00-15.mars2015-min-1024x683.jpg 1024w, https:\/\/www.globalong.com\/blog\/wp-content\/uploads\/2019\/01\/2-Sucre-Tarabuco-Voyage-Sucre-12.00-15.mars2015-min-150x100.jpg 150w, https:\/\/www.globalong.com\/blog\/wp-content\/uploads\/2019\/01\/2-Sucre-Tarabuco-Voyage-Sucre-12.00-15.mars2015-min.jpg 1920w\" sizes=\"(max-width: 300px) 100vw, 300px\" \/><\/a>Il est n\u00e9cessaire de <a href=\"https:\/\/www.globalong.com\/blog\/apprendre-une-nouvelle-langue-est-la-clef-de-votre-reussite\/\" target=\"_blank\" rel=\"noopener\"><span style=\"text-decoration: underline; color: #b81657;\">parler correctement la langue du pays <\/span><\/a>pour s&rsquo;investir totalement dans sa mission afin d&rsquo;\u00e9changer et de pouvoir participer \u00e0 des t\u00e2ches int\u00e9ressantes<\/strong>, sinon la mission risque d&rsquo;\u00eatre quelque peu superficielle. <strong>La relation avec les enfants est riche si on peut communiquer avec eux et constater leur progr\u00e8s dans des travaux quotidiens d&rsquo;apprentissage et de jeux.<\/strong><\/p>\n<p style=\"text-align: justify;\">Sylvia<\/p>\n<p style=\"text-align: justify;\">Pour plus d\u2019informations sur les missions humanitaires ou les stages \u00e0 l\u2019international, n\u2019h\u00e9sitez pas \u00e0 nous contacter \u00e0 l\u2019adresse :\u00a0<a href=\"mailto:info@globalong.com\" target=\"_blank\" rel=\"noopener\"><span style=\"color: #b81657;\"><strong><span style=\"text-decoration: underline;\">info@globalong.com<\/span><\/strong><\/span><\/a><\/p>\n<p style=\"text-align: justify;\"><a href=\"https:\/\/www.globalong.com\/sejour-langues-et-benevolat\/espagnol-benevolat-bolivie\/orphelinat-bolivie.html\" target=\"_blank\" rel=\"noopener\"><span style=\"color: #b81657;\"><strong><span style=\"text-decoration: underline;\">D\u00e9couvrez le\u00a0programme de b\u00e9n\u00e9volat\u00a0sur lequel Sylvia s\u2019est engag\u00e9e !<\/span><\/strong><\/span><\/a><\/p>\n<p style=\"text-align: justify;\"><a href=\"https:\/\/www.flickr.com\/photos\/globalong\/albums\/72157645730534132\" target=\"_blank\" rel=\"noopener\"><span style=\"color: #b81657;\"><strong><span style=\"text-decoration: underline;\">D\u00e9couvrez plus de photos de nos adh\u00e9rents engag\u00e9s en Bolivie !<\/span><\/strong><\/span><\/a><\/p>\n","protected":false},"excerpt":{"rendered":"<p>T\u00e9moignage de Sylvia, adh\u00e9rente de l\u2019association GlobAlong et b\u00e9n\u00e9vole en Bolivie Je souhaitais voyager diff\u00e9remment et m&rsquo;investir dans une mission humanitaire. Pour cela, j&rsquo;ai choisi un orphelinat\u00a0en Bolivie qui accueille des enfants de 0 \u00e0 5 ans et j&rsquo;ai partag\u00e9 mon temps dans les deux groupes d&rsquo;enfants : 0-2 ans et 2-5 ans. Je conseillerais [&hellip;]<\/p>\n","protected":false},"author":5,"featured_media":14151,"parent":883,"menu_order":0,"comment_status":"closed","ping_status":"closed","template":"","meta":{"footnotes":""},"yoast_head":"<!-- This site is optimized with the Yoast SEO Premium plugin v23.4 (Yoast SEO v23.4) - https:\/\/yoast.com\/wordpress\/plugins\/seo\/ -->\n<title>Bolivie - Sylvia - Association Globalong<\/title>\n<meta name=\"robots\" content=\"index, follow, max-snippet:-1, max-image-preview:large, max-video-preview:-1\" \/>\n<link rel=\"canonical\" href=\"https:\/\/www.globalong.com\/blog\/avis-temoignages-globalong\/bolivie-sylvia-orphelinat-enfants-social-humanitaire-education-solidarite\/\" \/>\n<meta property=\"og:locale\" content=\"fr_FR\" \/>\n<meta property=\"og:type\" content=\"article\" \/>\n<meta property=\"og:title\" content=\"Bolivie - Sylvia\" \/>\n<meta property=\"og:description\" content=\"T\u00e9moignage de Sylvia, adh\u00e9rente de l\u2019association GlobAlong et b\u00e9n\u00e9vole en Bolivie Je souhaitais voyager diff\u00e9remment et m&rsquo;investir dans une mission humanitaire. Pour cela, j&rsquo;ai choisi un orphelinat\u00a0en Bolivie qui accueille des enfants de 0 \u00e0 5 ans et j&rsquo;ai partag\u00e9 mon temps dans les deux groupes d&rsquo;enfants : 0-2 ans et 2-5 ans. Je conseillerais [&hellip;]\" \/>\n<meta property=\"og:url\" content=\"https:\/\/www.globalong.com\/blog\/avis-temoignages-globalong\/bolivie-sylvia-orphelinat-enfants-social-humanitaire-education-solidarite\/\" \/>\n<meta property=\"og:site_name\" content=\"Association Globalong\" \/>\n<meta property=\"article:publisher\" content=\"https:\/\/www.facebook.com\/globalong\" \/>\n<meta property=\"article:modified_time\" content=\"2022-04-28T14:44:47+00:00\" \/>\n<meta property=\"og:image\" content=\"https:\/\/www.globalong.com\/blog\/wp-content\/uploads\/2022\/03\/20180617_091020_resized.jpg\" \/>\n\t<meta property=\"og:image:width\" content=\"2064\" \/>\n\t<meta property=\"og:image:height\" content=\"1161\" \/>\n\t<meta property=\"og:image:type\" content=\"image\/jpeg\" \/>\n<meta name=\"twitter:card\" content=\"summary_large_image\" \/>\n<meta name=\"twitter:label1\" content=\"Dur\u00e9e de lecture estim\u00e9e\" \/>\n\t<meta name=\"twitter:data1\" content=\"2 minutes\" \/>\n<script type=\"application\/ld+json\" class=\"yoast-schema-graph\">{\"@context\":\"https:\/\/schema.org\",\"@graph\":[{\"@type\":\"WebPage\",\"@id\":\"https:\/\/www.globalong.com\/blog\/avis-temoignages-globalong\/bolivie-sylvia-orphelinat-enfants-social-humanitaire-education-solidarite\/\",\"url\":\"https:\/\/www.globalong.com\/blog\/avis-temoignages-globalong\/bolivie-sylvia-orphelinat-enfants-social-humanitaire-education-solidarite\/\",\"name\":\"Bolivie - Sylvia - Association Globalong\",\"isPartOf\":{\"@id\":\"https:\/\/www.globalong.com\/blog\/#website\"},\"primaryImageOfPage\":{\"@id\":\"https:\/\/www.globalong.com\/blog\/avis-temoignages-globalong\/bolivie-sylvia-orphelinat-enfants-social-humanitaire-education-solidarite\/#primaryimage\"},\"image\":{\"@id\":\"https:\/\/www.globalong.com\/blog\/avis-temoignages-globalong\/bolivie-sylvia-orphelinat-enfants-social-humanitaire-education-solidarite\/#primaryimage\"},\"thumbnailUrl\":\"https:\/\/www.globalong.com\/blog\/wp-content\/uploads\/2022\/03\/20180617_091020_resized.jpg\",\"datePublished\":\"2019-01-07T14:42:46+00:00\",\"dateModified\":\"2022-04-28T14:44:47+00:00\",\"breadcrumb\":{\"@id\":\"https:\/\/www.globalong.com\/blog\/avis-temoignages-globalong\/bolivie-sylvia-orphelinat-enfants-social-humanitaire-education-solidarite\/#breadcrumb\"},\"inLanguage\":\"fr-FR\",\"potentialAction\":[{\"@type\":\"ReadAction\",\"target\":[\"https:\/\/www.globalong.com\/blog\/avis-temoignages-globalong\/bolivie-sylvia-orphelinat-enfants-social-humanitaire-education-solidarite\/\"]}]},{\"@type\":\"ImageObject\",\"inLanguage\":\"fr-FR\",\"@id\":\"https:\/\/www.globalong.com\/blog\/avis-temoignages-globalong\/bolivie-sylvia-orphelinat-enfants-social-humanitaire-education-solidarite\/#primaryimage\",\"url\":\"https:\/\/www.globalong.com\/blog\/wp-content\/uploads\/2022\/03\/20180617_091020_resized.jpg\",\"contentUrl\":\"https:\/\/www.globalong.com\/blog\/wp-content\/uploads\/2022\/03\/20180617_091020_resized.jpg\",\"width\":2064,\"height\":1161,\"caption\":\"Co\u00fbt et financement volontariat international\"},{\"@type\":\"BreadcrumbList\",\"@id\":\"https:\/\/www.globalong.com\/blog\/avis-temoignages-globalong\/bolivie-sylvia-orphelinat-enfants-social-humanitaire-education-solidarite\/#breadcrumb\",\"itemListElement\":[{\"@type\":\"ListItem\",\"position\":1,\"name\":\"Accueil\",\"item\":\"https:\/\/www.globalong.com\/blog\/\"},{\"@type\":\"ListItem\",\"position\":2,\"name\":\"T\u00e9moignages et avis de volontaires Globalong\",\"item\":\"https:\/\/www.globalong.com\/blog\/avis-temoignages-globalong\/\"},{\"@type\":\"ListItem\",\"position\":3,\"name\":\"Bolivie &#8211; Sylvia\"}]},{\"@type\":\"WebSite\",\"@id\":\"https:\/\/www.globalong.com\/blog\/#website\",\"url\":\"https:\/\/www.globalong.com\/blog\/\",\"name\":\"https:\/\/www.globalong.com\/\",\"description\":\"Mission humanitaire, stage \u00e9tudiant et voyage linguistique\",\"publisher\":{\"@id\":\"https:\/\/www.globalong.com\/blog\/#organization\"},\"potentialAction\":[{\"@type\":\"SearchAction\",\"target\":{\"@type\":\"EntryPoint\",\"urlTemplate\":\"https:\/\/www.globalong.com\/blog\/?s={search_term_string}\"},\"query-input\":{\"@type\":\"PropertyValueSpecification\",\"valueRequired\":true,\"valueName\":\"search_term_string\"}}],\"inLanguage\":\"fr-FR\"},{\"@type\":\"Organization\",\"@id\":\"https:\/\/www.globalong.com\/blog\/#organization\",\"name\":\"Association Globalong\",\"url\":\"https:\/\/www.globalong.com\/blog\/\",\"logo\":{\"@type\":\"ImageObject\",\"inLanguage\":\"fr-FR\",\"@id\":\"https:\/\/www.globalong.com\/blog\/#\/schema\/logo\/image\/\",\"url\":\"https:\/\/www.globalong.com\/blog\/wp-content\/uploads\/2014\/11\/cropped-cropped-Logo-et-Afrique-Globalong-petite-taille-2.jpg\",\"contentUrl\":\"https:\/\/www.globalong.com\/blog\/wp-content\/uploads\/2014\/11\/cropped-cropped-Logo-et-Afrique-Globalong-petite-taille-2.jpg\",\"width\":512,\"height\":512,\"caption\":\"Association Globalong\"},\"image\":{\"@id\":\"https:\/\/www.globalong.com\/blog\/#\/schema\/logo\/image\/\"},\"sameAs\":[\"https:\/\/www.facebook.com\/globalong\"]}]}<\/script>\n<!-- \/ Yoast SEO Premium plugin. -->","yoast_head_json":{"title":"Bolivie - Sylvia - Association Globalong","robots":{"index":"index","follow":"follow","max-snippet":"max-snippet:-1","max-image-preview":"max-image-preview:large","max-video-preview":"max-video-preview:-1"},"canonical":"https:\/\/www.globalong.com\/blog\/avis-temoignages-globalong\/bolivie-sylvia-orphelinat-enfants-social-humanitaire-education-solidarite\/","og_locale":"fr_FR","og_type":"article","og_title":"Bolivie - Sylvia","og_description":"T\u00e9moignage de Sylvia, adh\u00e9rente de l\u2019association GlobAlong et b\u00e9n\u00e9vole en Bolivie Je souhaitais voyager diff\u00e9remment et m&rsquo;investir dans une mission humanitaire. Pour cela, j&rsquo;ai choisi un orphelinat\u00a0en Bolivie qui accueille des enfants de 0 \u00e0 5 ans et j&rsquo;ai partag\u00e9 mon temps dans les deux groupes d&rsquo;enfants : 0-2 ans et 2-5 ans. Je conseillerais [&hellip;]","og_url":"https:\/\/www.globalong.com\/blog\/avis-temoignages-globalong\/bolivie-sylvia-orphelinat-enfants-social-humanitaire-education-solidarite\/","og_site_name":"Association Globalong","article_publisher":"https:\/\/www.facebook.com\/globalong","article_modified_time":"2022-04-28T14:44:47+00:00","og_image":[{"width":2064,"height":1161,"url":"https:\/\/www.globalong.com\/blog\/wp-content\/uploads\/2022\/03\/20180617_091020_resized.jpg","type":"image\/jpeg"}],"twitter_card":"summary_large_image","twitter_misc":{"Dur\u00e9e de lecture estim\u00e9e":"2 minutes"},"schema":{"@context":"https:\/\/schema.org","@graph":[{"@type":"WebPage","@id":"https:\/\/www.globalong.com\/blog\/avis-temoignages-globalong\/bolivie-sylvia-orphelinat-enfants-social-humanitaire-education-solidarite\/","url":"https:\/\/www.globalong.com\/blog\/avis-temoignages-globalong\/bolivie-sylvia-orphelinat-enfants-social-humanitaire-education-solidarite\/","name":"Bolivie - Sylvia - Association Globalong","isPartOf":{"@id":"https:\/\/www.globalong.com\/blog\/#website"},"primaryImageOfPage":{"@id":"https:\/\/www.globalong.com\/blog\/avis-temoignages-globalong\/bolivie-sylvia-orphelinat-enfants-social-humanitaire-education-solidarite\/#primaryimage"},"image":{"@id":"https:\/\/www.globalong.com\/blog\/avis-temoignages-globalong\/bolivie-sylvia-orphelinat-enfants-social-humanitaire-education-solidarite\/#primaryimage"},"thumbnailUrl":"https:\/\/www.globalong.com\/blog\/wp-content\/uploads\/2022\/03\/20180617_091020_resized.jpg","datePublished":"2019-01-07T14:42:46+00:00","dateModified":"2022-04-28T14:44:47+00:00","breadcrumb":{"@id":"https:\/\/www.globalong.com\/blog\/avis-temoignages-globalong\/bolivie-sylvia-orphelinat-enfants-social-humanitaire-education-solidarite\/#breadcrumb"},"inLanguage":"fr-FR","potentialAction":[{"@type":"ReadAction","target":["https:\/\/www.globalong.com\/blog\/avis-temoignages-globalong\/bolivie-sylvia-orphelinat-enfants-social-humanitaire-education-solidarite\/"]}]},{"@type":"ImageObject","inLanguage":"fr-FR","@id":"https:\/\/www.globalong.com\/blog\/avis-temoignages-globalong\/bolivie-sylvia-orphelinat-enfants-social-humanitaire-education-solidarite\/#primaryimage","url":"https:\/\/www.globalong.com\/blog\/wp-content\/uploads\/2022\/03\/20180617_091020_resized.jpg","contentUrl":"https:\/\/www.globalong.com\/blog\/wp-content\/uploads\/2022\/03\/20180617_091020_resized.jpg","width":2064,"height":1161,"caption":"Co\u00fbt et financement volontariat international"},{"@type":"BreadcrumbList","@id":"https:\/\/www.globalong.com\/blog\/avis-temoignages-globalong\/bolivie-sylvia-orphelinat-enfants-social-humanitaire-education-solidarite\/#breadcrumb","itemListElement":[{"@type":"ListItem","position":1,"name":"Accueil","item":"https:\/\/www.globalong.com\/blog\/"},{"@type":"ListItem","position":2,"name":"T\u00e9moignages et avis de volontaires Globalong","item":"https:\/\/www.globalong.com\/blog\/avis-temoignages-globalong\/"},{"@type":"ListItem","position":3,"name":"Bolivie &#8211; Sylvia"}]},{"@type":"WebSite","@id":"https:\/\/www.globalong.com\/blog\/#website","url":"https:\/\/www.globalong.com\/blog\/","name":"https:\/\/www.globalong.com\/","description":"Mission humanitaire, stage \u00e9tudiant et voyage linguistique","publisher":{"@id":"https:\/\/www.globalong.com\/blog\/#organization"},"potentialAction":[{"@type":"SearchAction","target":{"@type":"EntryPoint","urlTemplate":"https:\/\/www.globalong.com\/blog\/?s={search_term_string}"},"query-input":{"@type":"PropertyValueSpecification","valueRequired":true,"valueName":"search_term_string"}}],"inLanguage":"fr-FR"},{"@type":"Organization","@id":"https:\/\/www.globalong.com\/blog\/#organization","name":"Association Globalong","url":"https:\/\/www.globalong.com\/blog\/","logo":{"@type":"ImageObject","inLanguage":"fr-FR","@id":"https:\/\/www.globalong.com\/blog\/#\/schema\/logo\/image\/","url":"https:\/\/www.globalong.com\/blog\/wp-content\/uploads\/2014\/11\/cropped-cropped-Logo-et-Afrique-Globalong-petite-taille-2.jpg","contentUrl":"https:\/\/www.globalong.com\/blog\/wp-content\/uploads\/2014\/11\/cropped-cropped-Logo-et-Afrique-Globalong-petite-taille-2.jpg","width":512,"height":512,"caption":"Association Globalong"},"image":{"@id":"https:\/\/www.globalong.com\/blog\/#\/schema\/logo\/image\/"},"sameAs":["https:\/\/www.facebook.com\/globalong"]}]}},"_links":{"self":[{"href":"https:\/\/www.globalong.com\/blog\/wp-json\/wp\/v2\/pages\/11304"}],"collection":[{"href":"https:\/\/www.globalong.com\/blog\/wp-json\/wp\/v2\/pages"}],"about":[{"href":"https:\/\/www.globalong.com\/blog\/wp-json\/wp\/v2\/types\/page"}],"author":[{"embeddable":true,"href":"https:\/\/www.globalong.com\/blog\/wp-json\/wp\/v2\/users\/5"}],"replies":[{"embeddable":true,"href":"https:\/\/www.globalong.com\/blog\/wp-json\/wp\/v2\/comments?post=11304"}],"version-history":[{"count":16,"href":"https:\/\/www.globalong.com\/blog\/wp-json\/wp\/v2\/pages\/11304\/revisions"}],"predecessor-version":[{"id":14421,"href":"https:\/\/www.globalong.com\/blog\/wp-json\/wp\/v2\/pages\/11304\/revisions\/14421"}],"up":[{"embeddable":true,"href":"https:\/\/www.globalong.com\/blog\/wp-json\/wp\/v2\/pages\/883"}],"wp:featuredmedia":[{"embeddable":true,"href":"https:\/\/www.globalong.com\/blog\/wp-json\/wp\/v2\/media\/14151"}],"wp:attachment":[{"href":"https:\/\/www.globalong.com\/blog\/wp-json\/wp\/v2\/media?parent=11304"}],"curies":[{"name":"wp","href":"https:\/\/api.w.org\/{rel}","templated":true}]}}