{"id":11309,"date":"2018-09-20T11:59:32","date_gmt":"2018-09-20T09:59:32","guid":{"rendered":"https:\/\/www.globalong.com\/blog\/?page_id=11309"},"modified":"2022-05-08T15:52:23","modified_gmt":"2022-05-08T13:52:23","slug":"togo-aline-humanitaire-benevolat-orphelinat","status":"publish","type":"page","link":"https:\/\/www.globalong.com\/blog\/avis-temoignages-globalong\/togo-aline-humanitaire-benevolat-orphelinat\/","title":{"rendered":"Togo &#8211; Aline"},"content":{"rendered":"<p style=\"text-align: center;\"><span style=\"color: #b81657;\"><strong>T\u00e9moignage d&rsquo;Aline, adh\u00e9rente de l\u2019<a href=\"https:\/\/www.globalong.com\/association-globalong.html\" target=\"_blank\" rel=\"noopener\"><span style=\"text-decoration: underline;\">association GlobAlong<\/span><\/a> et b\u00e9n\u00e9vole au <a href=\"https:\/\/www.globalong.com\/sejour-benevolat\/togo-benevolat-humanitaire.html\" target=\"_blank\" rel=\"noopener\"><span style=\"text-decoration: underline;\">Togo<\/span><\/a><\/strong><\/span><\/p>\n<p style=\"text-align: justify;\"><a href=\"https:\/\/www.globalong.com\/blog\/wp-content\/uploads\/2018\/09\/image4-min.jpeg\"><img loading=\"lazy\" decoding=\"async\" class=\"size-medium wp-image-11313 aligncenter\" src=\"https:\/\/www.globalong.com\/blog\/wp-content\/uploads\/2018\/09\/image4-min-300x225.jpeg\" alt=\"\" width=\"300\" height=\"225\" srcset=\"https:\/\/www.globalong.com\/blog\/wp-content\/uploads\/2018\/09\/image4-min-300x225.jpeg 300w, https:\/\/www.globalong.com\/blog\/wp-content\/uploads\/2018\/09\/image4-min-768x576.jpeg 768w, https:\/\/www.globalong.com\/blog\/wp-content\/uploads\/2018\/09\/image4-min-1024x768.jpeg 1024w, https:\/\/www.globalong.com\/blog\/wp-content\/uploads\/2018\/09\/image4-min-150x113.jpeg 150w\" sizes=\"(max-width: 300px) 100vw, 300px\" \/><\/a><strong>J&rsquo;ai d\u00e9cid\u00e9 de m&rsquo;engager sur une <a href=\"https:\/\/www.globalong.com\/sejour-benevolat\/\" target=\"_blank\" rel=\"noopener\"><span style=\"text-decoration: underline; color: #b81657;\">mission humanitaire<\/span><\/a> en Afrique parce que je voulais me rendre utile et aider les autres.<\/strong><\/p>\n<p style=\"text-align: justify;\"><a href=\"https:\/\/www.globalong.com\/blog\/avis-globalong\/\" target=\"_blank\" rel=\"noopener\"><span style=\"text-decoration: underline; color: #b81657;\"><strong>Je conseillerais l&rsquo;association GlobAlong<\/strong><\/span><\/a> <strong>: en effet, c&rsquo;est une bonne organisation et les missions sont vari\u00e9es.<\/strong><\/p>\n<p style=\"text-align: justify;\">Ma p\u00e9riode d&rsquo;introduction s&rsquo;est bien pass\u00e9e et ma p\u00e9riode de b\u00e9n\u00e9volat a \u00e9t\u00e9 <strong>une superbe exp\u00e9rience<\/strong> !<\/p>\n<p style=\"text-align: justify;\"><strong><a href=\"https:\/\/www.globalong.com\/blog\/benevolat-associatif-bienfaits-psychologie-humanitaire-avis-etranger\/\" target=\"_blank\" rel=\"noopener\"><span style=\"text-decoration: underline; color: #b81657;\">Cette exp\u00e9rience de b\u00e9n\u00e9volat m\u2019a marqu\u00e9e \u00e0 tout jamais sur le plan humain<\/span><\/a> et pourra peut-\u00eatre <a href=\"https:\/\/www.globalong.com\/blog\/voyage-humanitaire-etudiant\/\" target=\"_blank\" rel=\"noopener\"><span style=\"text-decoration: underline; color: #b81657;\">m\u2019ouvrir des portes<br \/>\ndans l\u2019humanitaire sur le plan professionel<\/span><\/a>.<\/strong><\/p>\n<p style=\"text-align: justify;\"><a href=\"https:\/\/www.globalong.com\/blog\/wp-content\/uploads\/2018\/09\/image5-min.jpeg\"><img loading=\"lazy\" decoding=\"async\" class=\"wp-image-11315 aligncenter\" src=\"https:\/\/www.globalong.com\/blog\/wp-content\/uploads\/2018\/09\/image5-min-225x300.jpeg\" alt=\"\" width=\"300\" height=\"400\" srcset=\"https:\/\/www.globalong.com\/blog\/wp-content\/uploads\/2018\/09\/image5-min-225x300.jpeg 225w, https:\/\/www.globalong.com\/blog\/wp-content\/uploads\/2018\/09\/image5-min-768x1024.jpeg 768w, https:\/\/www.globalong.com\/blog\/wp-content\/uploads\/2018\/09\/image5-min-113x150.jpeg 113w\" sizes=\"(max-width: 300px) 100vw, 300px\" \/><\/a><strong>Cette exp\u00e9rience a \u00e9t\u00e9 la plus belle de toute ma vie !<\/strong> Entendre des \u00ab yovo yovo bonsoir \u00bb, manger du foufou et de l\u2019igname, <strong>voir des sourires partout<\/strong>, les enfants&#8230; tout me manque.<\/p>\n<p style=\"text-align: justify;\">Je me souviens de mon premier jour \u00e0 l\u2019orphelinat, il y avait une f\u00eate et <strong>j\u2019\u00e9tais juste \u00e9merveill\u00e9e en voyant les enfants danser et chanter avec tant de bonheur<\/strong>. Je n\u2019y ai pass\u00e9 que 3 semaines mais j\u2019ai eu l\u2019impression de quitter mes enfants&#8230; <strong>on s\u2019attache tellement vite \u00e0 eux.<\/strong> <a href=\"https:\/\/www.globalong.com\/blog\/charite-association-benevolat-volontaire-international-aider-solidaire\/\" target=\"_blank\" rel=\"noopener\"><span style=\"text-decoration: underline; color: #b81657;\"><strong>On leur donne beaucoup mais ils nous rendent tellement plus !<\/strong><\/span><\/a><\/p>\n<p style=\"text-align: justify;\">Sinon, j&rsquo;ai eu la chance de faire des <strong>excursions<\/strong> pendant mon temps libre : je recommande la r\u00e9serve des \u00e9l\u00e9phants \u00e0 Kara ainsi que le Mont Agou \u00e0 Kpalim\u00e9.<\/p>\n<p style=\"text-align: justify;\">De retour de mission, j&rsquo;ai eu un peu de mal \u00e0 me r\u00e9habituer \u00e0 mon confort.<\/p>\n<p style=\"text-align: justify;\">Le conseil\u00a0 que je donnerais aux adh\u00e9rents qui souhaitent s&rsquo;engager au Togo ?<\/p>\n<p style=\"text-align: justify;\"><strong>Vivez chaque seconde de votre exp\u00e9rience car les souvenirs sont pr\u00e9cieux !<\/strong><\/p>\n<p style=\"text-align: justify;\">Aline<\/p>\n<p>N\u2019h\u00e9sitez pas \u00e0 nous contacter pour plus d\u2019informations \u00e0\u00a0<a href=\"mailto:info@globalong.com\" target=\"_blank\" rel=\"noopener\"><span style=\"text-decoration: underline; color: #b81657;\"><strong>info@globalong.com<\/strong><\/span><\/a><\/p>\n<p style=\"text-align: center;\"><a href=\"https:\/\/www.flickr.com\/photos\/globalong\/sets\/72157640040896094\/\" target=\"_blank\" rel=\"noopener\"><span style=\"text-decoration: underline;\"><strong><span style=\"color: #b81657; text-decoration: underline;\">D\u00e9couvrez plus de photos de nos adh\u00e9rents engag\u00e9s au Togo !<\/span><\/strong><\/span><\/a><\/p>\n<p style=\"text-align: center;\"><a href=\"https:\/\/www.globalong.com\/sejour-benevolat\/togo-benevolat-humanitaire\/togo-orphelinats.html\" target=\"_blank\" rel=\"noopener\"><span style=\"text-decoration: underline;\"><strong><span style=\"color: #b81657; text-decoration: underline;\">D\u00e9couvrez le programme sur lequel Aline s&rsquo;est engag\u00e9e !<\/span><\/strong><\/span><\/a><\/p>\n","protected":false},"excerpt":{"rendered":"<p>T\u00e9moignage d&rsquo;Aline, adh\u00e9rente de l\u2019association GlobAlong et b\u00e9n\u00e9vole au Togo J&rsquo;ai d\u00e9cid\u00e9 de m&rsquo;engager sur une mission humanitaire en Afrique parce que je voulais me rendre utile et aider les autres. Je conseillerais l&rsquo;association GlobAlong : en effet, c&rsquo;est une bonne organisation et les missions sont vari\u00e9es. Ma p\u00e9riode d&rsquo;introduction s&rsquo;est bien pass\u00e9e et ma [&hellip;]<\/p>\n","protected":false},"author":5,"featured_media":11691,"parent":883,"menu_order":0,"comment_status":"closed","ping_status":"closed","template":"","meta":{"footnotes":""},"yoast_head":"<!-- This site is optimized with the Yoast SEO Premium plugin v23.4 (Yoast SEO v23.4) - https:\/\/yoast.com\/wordpress\/plugins\/seo\/ -->\n<title>Togo - Aline - Association Globalong<\/title>\n<meta name=\"robots\" content=\"index, follow, max-snippet:-1, max-image-preview:large, max-video-preview:-1\" \/>\n<link rel=\"canonical\" href=\"https:\/\/www.globalong.com\/blog\/avis-temoignages-globalong\/togo-aline-humanitaire-benevolat-orphelinat\/\" \/>\n<meta property=\"og:locale\" content=\"fr_FR\" \/>\n<meta property=\"og:type\" content=\"article\" \/>\n<meta property=\"og:title\" content=\"Togo - Aline\" \/>\n<meta property=\"og:description\" content=\"T\u00e9moignage d&rsquo;Aline, adh\u00e9rente de l\u2019association GlobAlong et b\u00e9n\u00e9vole au Togo J&rsquo;ai d\u00e9cid\u00e9 de m&rsquo;engager sur une mission humanitaire en Afrique parce que je voulais me rendre utile et aider les autres. Je conseillerais l&rsquo;association GlobAlong : en effet, c&rsquo;est une bonne organisation et les missions sont vari\u00e9es. Ma p\u00e9riode d&rsquo;introduction s&rsquo;est bien pass\u00e9e et ma [&hellip;]\" \/>\n<meta property=\"og:url\" content=\"https:\/\/www.globalong.com\/blog\/avis-temoignages-globalong\/togo-aline-humanitaire-benevolat-orphelinat\/\" \/>\n<meta property=\"og:site_name\" content=\"Association Globalong\" \/>\n<meta property=\"article:publisher\" content=\"https:\/\/www.facebook.com\/globalong\" \/>\n<meta property=\"article:modified_time\" content=\"2022-05-08T13:52:23+00:00\" \/>\n<meta property=\"og:image\" content=\"https:\/\/www.globalong.com\/blog\/wp-content\/uploads\/2018\/10\/image2-min.jpeg\" \/>\n\t<meta property=\"og:image:width\" content=\"640\" \/>\n\t<meta property=\"og:image:height\" content=\"480\" \/>\n\t<meta property=\"og:image:type\" content=\"image\/jpeg\" \/>\n<meta name=\"twitter:card\" content=\"summary_large_image\" \/>\n<meta name=\"twitter:label1\" content=\"Dur\u00e9e de lecture estim\u00e9e\" \/>\n\t<meta name=\"twitter:data1\" content=\"2 minutes\" \/>\n<script type=\"application\/ld+json\" class=\"yoast-schema-graph\">{\"@context\":\"https:\/\/schema.org\",\"@graph\":[{\"@type\":\"WebPage\",\"@id\":\"https:\/\/www.globalong.com\/blog\/avis-temoignages-globalong\/togo-aline-humanitaire-benevolat-orphelinat\/\",\"url\":\"https:\/\/www.globalong.com\/blog\/avis-temoignages-globalong\/togo-aline-humanitaire-benevolat-orphelinat\/\",\"name\":\"Togo - Aline - Association Globalong\",\"isPartOf\":{\"@id\":\"https:\/\/www.globalong.com\/blog\/#website\"},\"primaryImageOfPage\":{\"@id\":\"https:\/\/www.globalong.com\/blog\/avis-temoignages-globalong\/togo-aline-humanitaire-benevolat-orphelinat\/#primaryimage\"},\"image\":{\"@id\":\"https:\/\/www.globalong.com\/blog\/avis-temoignages-globalong\/togo-aline-humanitaire-benevolat-orphelinat\/#primaryimage\"},\"thumbnailUrl\":\"https:\/\/www.globalong.com\/blog\/wp-content\/uploads\/2018\/10\/image2-min.jpeg\",\"datePublished\":\"2018-09-20T09:59:32+00:00\",\"dateModified\":\"2022-05-08T13:52:23+00:00\",\"breadcrumb\":{\"@id\":\"https:\/\/www.globalong.com\/blog\/avis-temoignages-globalong\/togo-aline-humanitaire-benevolat-orphelinat\/#breadcrumb\"},\"inLanguage\":\"fr-FR\",\"potentialAction\":[{\"@type\":\"ReadAction\",\"target\":[\"https:\/\/www.globalong.com\/blog\/avis-temoignages-globalong\/togo-aline-humanitaire-benevolat-orphelinat\/\"]}]},{\"@type\":\"ImageObject\",\"inLanguage\":\"fr-FR\",\"@id\":\"https:\/\/www.globalong.com\/blog\/avis-temoignages-globalong\/togo-aline-humanitaire-benevolat-orphelinat\/#primaryimage\",\"url\":\"https:\/\/www.globalong.com\/blog\/wp-content\/uploads\/2018\/10\/image2-min.jpeg\",\"contentUrl\":\"https:\/\/www.globalong.com\/blog\/wp-content\/uploads\/2018\/10\/image2-min.jpeg\",\"width\":640,\"height\":480,\"caption\":\"Mission humanitaire au Togo\"},{\"@type\":\"BreadcrumbList\",\"@id\":\"https:\/\/www.globalong.com\/blog\/avis-temoignages-globalong\/togo-aline-humanitaire-benevolat-orphelinat\/#breadcrumb\",\"itemListElement\":[{\"@type\":\"ListItem\",\"position\":1,\"name\":\"Accueil\",\"item\":\"https:\/\/www.globalong.com\/blog\/\"},{\"@type\":\"ListItem\",\"position\":2,\"name\":\"T\u00e9moignages et avis de volontaires Globalong\",\"item\":\"https:\/\/www.globalong.com\/blog\/avis-temoignages-globalong\/\"},{\"@type\":\"ListItem\",\"position\":3,\"name\":\"Togo &#8211; Aline\"}]},{\"@type\":\"WebSite\",\"@id\":\"https:\/\/www.globalong.com\/blog\/#website\",\"url\":\"https:\/\/www.globalong.com\/blog\/\",\"name\":\"https:\/\/www.globalong.com\/\",\"description\":\"Mission humanitaire, stage \u00e9tudiant et voyage linguistique\",\"publisher\":{\"@id\":\"https:\/\/www.globalong.com\/blog\/#organization\"},\"potentialAction\":[{\"@type\":\"SearchAction\",\"target\":{\"@type\":\"EntryPoint\",\"urlTemplate\":\"https:\/\/www.globalong.com\/blog\/?s={search_term_string}\"},\"query-input\":{\"@type\":\"PropertyValueSpecification\",\"valueRequired\":true,\"valueName\":\"search_term_string\"}}],\"inLanguage\":\"fr-FR\"},{\"@type\":\"Organization\",\"@id\":\"https:\/\/www.globalong.com\/blog\/#organization\",\"name\":\"Association Globalong\",\"url\":\"https:\/\/www.globalong.com\/blog\/\",\"logo\":{\"@type\":\"ImageObject\",\"inLanguage\":\"fr-FR\",\"@id\":\"https:\/\/www.globalong.com\/blog\/#\/schema\/logo\/image\/\",\"url\":\"https:\/\/www.globalong.com\/blog\/wp-content\/uploads\/2014\/11\/cropped-cropped-Logo-et-Afrique-Globalong-petite-taille-2.jpg\",\"contentUrl\":\"https:\/\/www.globalong.com\/blog\/wp-content\/uploads\/2014\/11\/cropped-cropped-Logo-et-Afrique-Globalong-petite-taille-2.jpg\",\"width\":512,\"height\":512,\"caption\":\"Association Globalong\"},\"image\":{\"@id\":\"https:\/\/www.globalong.com\/blog\/#\/schema\/logo\/image\/\"},\"sameAs\":[\"https:\/\/www.facebook.com\/globalong\"]}]}<\/script>\n<!-- \/ Yoast SEO Premium plugin. -->","yoast_head_json":{"title":"Togo - Aline - Association Globalong","robots":{"index":"index","follow":"follow","max-snippet":"max-snippet:-1","max-image-preview":"max-image-preview:large","max-video-preview":"max-video-preview:-1"},"canonical":"https:\/\/www.globalong.com\/blog\/avis-temoignages-globalong\/togo-aline-humanitaire-benevolat-orphelinat\/","og_locale":"fr_FR","og_type":"article","og_title":"Togo - Aline","og_description":"T\u00e9moignage d&rsquo;Aline, adh\u00e9rente de l\u2019association GlobAlong et b\u00e9n\u00e9vole au Togo J&rsquo;ai d\u00e9cid\u00e9 de m&rsquo;engager sur une mission humanitaire en Afrique parce que je voulais me rendre utile et aider les autres. Je conseillerais l&rsquo;association GlobAlong : en effet, c&rsquo;est une bonne organisation et les missions sont vari\u00e9es. Ma p\u00e9riode d&rsquo;introduction s&rsquo;est bien pass\u00e9e et ma [&hellip;]","og_url":"https:\/\/www.globalong.com\/blog\/avis-temoignages-globalong\/togo-aline-humanitaire-benevolat-orphelinat\/","og_site_name":"Association Globalong","article_publisher":"https:\/\/www.facebook.com\/globalong","article_modified_time":"2022-05-08T13:52:23+00:00","og_image":[{"width":640,"height":480,"url":"https:\/\/www.globalong.com\/blog\/wp-content\/uploads\/2018\/10\/image2-min.jpeg","type":"image\/jpeg"}],"twitter_card":"summary_large_image","twitter_misc":{"Dur\u00e9e de lecture estim\u00e9e":"2 minutes"},"schema":{"@context":"https:\/\/schema.org","@graph":[{"@type":"WebPage","@id":"https:\/\/www.globalong.com\/blog\/avis-temoignages-globalong\/togo-aline-humanitaire-benevolat-orphelinat\/","url":"https:\/\/www.globalong.com\/blog\/avis-temoignages-globalong\/togo-aline-humanitaire-benevolat-orphelinat\/","name":"Togo - Aline - Association Globalong","isPartOf":{"@id":"https:\/\/www.globalong.com\/blog\/#website"},"primaryImageOfPage":{"@id":"https:\/\/www.globalong.com\/blog\/avis-temoignages-globalong\/togo-aline-humanitaire-benevolat-orphelinat\/#primaryimage"},"image":{"@id":"https:\/\/www.globalong.com\/blog\/avis-temoignages-globalong\/togo-aline-humanitaire-benevolat-orphelinat\/#primaryimage"},"thumbnailUrl":"https:\/\/www.globalong.com\/blog\/wp-content\/uploads\/2018\/10\/image2-min.jpeg","datePublished":"2018-09-20T09:59:32+00:00","dateModified":"2022-05-08T13:52:23+00:00","breadcrumb":{"@id":"https:\/\/www.globalong.com\/blog\/avis-temoignages-globalong\/togo-aline-humanitaire-benevolat-orphelinat\/#breadcrumb"},"inLanguage":"fr-FR","potentialAction":[{"@type":"ReadAction","target":["https:\/\/www.globalong.com\/blog\/avis-temoignages-globalong\/togo-aline-humanitaire-benevolat-orphelinat\/"]}]},{"@type":"ImageObject","inLanguage":"fr-FR","@id":"https:\/\/www.globalong.com\/blog\/avis-temoignages-globalong\/togo-aline-humanitaire-benevolat-orphelinat\/#primaryimage","url":"https:\/\/www.globalong.com\/blog\/wp-content\/uploads\/2018\/10\/image2-min.jpeg","contentUrl":"https:\/\/www.globalong.com\/blog\/wp-content\/uploads\/2018\/10\/image2-min.jpeg","width":640,"height":480,"caption":"Mission humanitaire au Togo"},{"@type":"BreadcrumbList","@id":"https:\/\/www.globalong.com\/blog\/avis-temoignages-globalong\/togo-aline-humanitaire-benevolat-orphelinat\/#breadcrumb","itemListElement":[{"@type":"ListItem","position":1,"name":"Accueil","item":"https:\/\/www.globalong.com\/blog\/"},{"@type":"ListItem","position":2,"name":"T\u00e9moignages et avis de volontaires Globalong","item":"https:\/\/www.globalong.com\/blog\/avis-temoignages-globalong\/"},{"@type":"ListItem","position":3,"name":"Togo &#8211; Aline"}]},{"@type":"WebSite","@id":"https:\/\/www.globalong.com\/blog\/#website","url":"https:\/\/www.globalong.com\/blog\/","name":"https:\/\/www.globalong.com\/","description":"Mission humanitaire, stage \u00e9tudiant et voyage linguistique","publisher":{"@id":"https:\/\/www.globalong.com\/blog\/#organization"},"potentialAction":[{"@type":"SearchAction","target":{"@type":"EntryPoint","urlTemplate":"https:\/\/www.globalong.com\/blog\/?s={search_term_string}"},"query-input":{"@type":"PropertyValueSpecification","valueRequired":true,"valueName":"search_term_string"}}],"inLanguage":"fr-FR"},{"@type":"Organization","@id":"https:\/\/www.globalong.com\/blog\/#organization","name":"Association Globalong","url":"https:\/\/www.globalong.com\/blog\/","logo":{"@type":"ImageObject","inLanguage":"fr-FR","@id":"https:\/\/www.globalong.com\/blog\/#\/schema\/logo\/image\/","url":"https:\/\/www.globalong.com\/blog\/wp-content\/uploads\/2014\/11\/cropped-cropped-Logo-et-Afrique-Globalong-petite-taille-2.jpg","contentUrl":"https:\/\/www.globalong.com\/blog\/wp-content\/uploads\/2014\/11\/cropped-cropped-Logo-et-Afrique-Globalong-petite-taille-2.jpg","width":512,"height":512,"caption":"Association Globalong"},"image":{"@id":"https:\/\/www.globalong.com\/blog\/#\/schema\/logo\/image\/"},"sameAs":["https:\/\/www.facebook.com\/globalong"]}]}},"_links":{"self":[{"href":"https:\/\/www.globalong.com\/blog\/wp-json\/wp\/v2\/pages\/11309"}],"collection":[{"href":"https:\/\/www.globalong.com\/blog\/wp-json\/wp\/v2\/pages"}],"about":[{"href":"https:\/\/www.globalong.com\/blog\/wp-json\/wp\/v2\/types\/page"}],"author":[{"embeddable":true,"href":"https:\/\/www.globalong.com\/blog\/wp-json\/wp\/v2\/users\/5"}],"replies":[{"embeddable":true,"href":"https:\/\/www.globalong.com\/blog\/wp-json\/wp\/v2\/comments?post=11309"}],"version-history":[{"count":12,"href":"https:\/\/www.globalong.com\/blog\/wp-json\/wp\/v2\/pages\/11309\/revisions"}],"predecessor-version":[{"id":14587,"href":"https:\/\/www.globalong.com\/blog\/wp-json\/wp\/v2\/pages\/11309\/revisions\/14587"}],"up":[{"embeddable":true,"href":"https:\/\/www.globalong.com\/blog\/wp-json\/wp\/v2\/pages\/883"}],"wp:featuredmedia":[{"embeddable":true,"href":"https:\/\/www.globalong.com\/blog\/wp-json\/wp\/v2\/media\/11691"}],"wp:attachment":[{"href":"https:\/\/www.globalong.com\/blog\/wp-json\/wp\/v2\/media?parent=11309"}],"curies":[{"name":"wp","href":"https:\/\/api.w.org\/{rel}","templated":true}]}}