{"id":1161,"date":"2016-02-29T15:11:57","date_gmt":"2016-02-29T14:11:57","guid":{"rendered":"https:\/\/www.globalong.com\/blog\/?page_id=1161"},"modified":"2022-01-24T10:00:18","modified_gmt":"2022-01-24T09:00:18","slug":"bolivie-pauline","status":"publish","type":"page","link":"https:\/\/www.globalong.com\/blog\/avis-temoignages-globalong\/bolivie-pauline\/","title":{"rendered":"Bolivie &#8211; Pauline"},"content":{"rendered":"<p class=\"p1\" style=\"text-align: center;\"><span style=\"color: #b81657;\"><strong><span class=\"s1\">T\u00e9moignage de Pauline, b\u00e9n\u00e9vole avec Globalong en Bolivie<\/span><\/strong><\/span><\/p>\n<p class=\"p1\" style=\"text-align: justify;\"><span class=\"s1\"><a href=\"https:\/\/www.globalong.com\/blog\/wp-content\/uploads\/2016\/02\/20150719_113714.jpg\"><img loading=\"lazy\" decoding=\"async\" class=\"size-medium wp-image-1162 aligncenter\" src=\"https:\/\/www.globalong.com\/blog\/wp-content\/uploads\/2016\/02\/20150719_113714-300x169.jpg\" alt=\"20150719_113714\" width=\"300\" height=\"169\" srcset=\"https:\/\/www.globalong.com\/blog\/wp-content\/uploads\/2016\/02\/20150719_113714-300x169.jpg 300w, https:\/\/www.globalong.com\/blog\/wp-content\/uploads\/2016\/02\/20150719_113714-1024x576.jpg 1024w, https:\/\/www.globalong.com\/blog\/wp-content\/uploads\/2016\/02\/20150719_113714-150x84.jpg 150w\" sizes=\"(max-width: 300px) 100vw, 300px\" \/><\/a>Je suis partie 6 semaines en Bolivie, deux \u00e0 Sucre et quatre \u00e0 San Miguel avec Globalong. J\u2019avais un but double. A 19 ans, je voulais me conna\u00eetre mieux, partir seule loin de mon confort pour voir mes limites. La deuxi\u00e8me chose est que je voulais voir d\u2019autre modes de vie, apprendre de personnes diff\u00e9rentes de celles que j\u2018ai l\u2019habitude de c\u00f4toyer. <\/span><\/p>\n<p class=\"p1\" style=\"text-align: justify;\"><span class=\"s1\"> La partie introduction et cours de langues s\u2019est tr\u00e8s bien pass\u00e9e. <\/span><\/p>\n<p class=\"p1\" style=\"text-align: justify;\"><span class=\"s1\"><a href=\"https:\/\/www.globalong.com\/blog\/wp-content\/uploads\/2016\/02\/20150719_111342.jpg\"><img loading=\"lazy\" decoding=\"async\" class=\"size-medium wp-image-1163 aligncenter\" src=\"https:\/\/www.globalong.com\/blog\/wp-content\/uploads\/2016\/02\/20150719_111342-300x169.jpg\" alt=\"20150719_111342\" width=\"300\" height=\"169\" srcset=\"https:\/\/www.globalong.com\/blog\/wp-content\/uploads\/2016\/02\/20150719_111342-300x169.jpg 300w, https:\/\/www.globalong.com\/blog\/wp-content\/uploads\/2016\/02\/20150719_111342-1024x576.jpg 1024w, https:\/\/www.globalong.com\/blog\/wp-content\/uploads\/2016\/02\/20150719_111342-150x84.jpg 150w, https:\/\/www.globalong.com\/blog\/wp-content\/uploads\/2016\/02\/20150719_111342.jpg 1920w\" sizes=\"(max-width: 300px) 100vw, 300px\" \/><\/a>La p\u00e9riode de b\u00e9n\u00e9volat quant \u00e0 elle s\u2019est d\u00e9roul\u00e9e en plusieurs phases. D\u2019abord, l\u2019int\u00e9gration, l\u2019approche a \u00e9t\u00e9 lente et un peu difficile. Mais apr\u00e8s ces quelques jours, tout est all\u00e9 beaucoup plus vite et c\u2019\u00e9tait exceptionnel.<\/span><\/p>\n<p class=\"p1\" style=\"text-align: justify;\"><span class=\"s1\">A Sucre, j\u2019ai jou\u00e9 \u00e0 la parfaite touriste avec les cousins de la fille de ma famille d\u2019accueil qui ont 20 et 22 ans. Ils habitent \u00e0 Vienne et n\u2019\u00e9taient pas revenus en Bolivie depuis 6 ans. <\/span><\/p>\n<p class=\"p1\" style=\"text-align: justify;\"><span class=\"s1\"><a href=\"https:\/\/www.globalong.com\/blog\/wp-content\/uploads\/2016\/02\/20150719_162731.jpg\"><img loading=\"lazy\" decoding=\"async\" class=\"size-medium wp-image-1164 aligncenter\" src=\"https:\/\/www.globalong.com\/blog\/wp-content\/uploads\/2016\/02\/20150719_162731-300x169.jpg\" alt=\"20150719_162731\" width=\"300\" height=\"169\" srcset=\"https:\/\/www.globalong.com\/blog\/wp-content\/uploads\/2016\/02\/20150719_162731-300x169.jpg 300w, https:\/\/www.globalong.com\/blog\/wp-content\/uploads\/2016\/02\/20150719_162731-1024x576.jpg 1024w, https:\/\/www.globalong.com\/blog\/wp-content\/uploads\/2016\/02\/20150719_162731-150x84.jpg 150w, https:\/\/www.globalong.com\/blog\/wp-content\/uploads\/2016\/02\/20150719_162731.jpg 1920w\" sizes=\"(max-width: 300px) 100vw, 300px\" \/><\/a>Avec ses autres cousins, ils m\u2019ont fait visiter la ville chaque apr\u00e8s-midi apr\u00e8s l\u2019\u00e9cole. Ce qui est marrant est qu\u2019\u00e0 Sucre, il y a deux prix dans les mus\u00e9es celui pour les nationaux et celui pour les \u00e9trangers l\u00e9g\u00e8rement plus \u00e9lev\u00e9. Pour ne pas que je paye plus ch\u00e8re, ils me faisaient passer pour la femme d\u2019un des cousins et cela a bien fonctionn\u00e9.<\/span><\/p>\n<p class=\"p1\" style=\"text-align: justify;\"><span class=\"s1\"> Dans la for\u00eat, j\u2019aurais aim\u00e9 faire le tour dans les pampas mais je n\u2019ai pas eu le temps. <\/span><\/p>\n<p class=\"p1\" style=\"text-align: justify;\"><span class=\"s1\"><a href=\"https:\/\/www.globalong.com\/blog\/wp-content\/uploads\/2016\/02\/Elsa-cooking.jpg\"><img loading=\"lazy\" decoding=\"async\" class=\"size-medium wp-image-1167 aligncenter\" src=\"https:\/\/www.globalong.com\/blog\/wp-content\/uploads\/2016\/02\/Elsa-cooking-300x200.jpg\" alt=\"Elsa cooking\" width=\"300\" height=\"200\" srcset=\"https:\/\/www.globalong.com\/blog\/wp-content\/uploads\/2016\/02\/Elsa-cooking-300x200.jpg 300w, https:\/\/www.globalong.com\/blog\/wp-content\/uploads\/2016\/02\/Elsa-cooking-1024x683.jpg 1024w, https:\/\/www.globalong.com\/blog\/wp-content\/uploads\/2016\/02\/Elsa-cooking-150x100.jpg 150w\" sizes=\"(max-width: 300px) 100vw, 300px\" \/><\/a>Par contre, j\u2019ai fait deux fois le tour dans le parc Madidi gratuitement avec l\u2019agence de la communaut\u00e9 en officiant en tant que \u201ctraductrice\u201d. En tout cas, pour le meilleur ou pour le pire, dans la for\u00eat aucun jour ne se ressemble.<\/span><\/p>\n<p class=\"p1\" style=\"text-align: justify;\"><span class=\"s1\">Les rencontres ont \u00e9t\u00e9 la plus belle chose de ce voyage. En deux semaines \u00e0 Sucre, j\u2019ai gagn\u00e9 une famille enti\u00e8re (12 petits-enfants). La relation avec cette famille a \u00e9t\u00e9 tellement forte que je ne sais pas si je pourrais rapidement les oublier. <\/span><\/p>\n<p class=\"p1\" style=\"text-align: justify;\"><span class=\"s1\"><a href=\"https:\/\/www.globalong.com\/blog\/wp-content\/uploads\/2016\/02\/Salsa-1.jpg\" rel=\"attachment wp-att-1998\"><img loading=\"lazy\" decoding=\"async\" class=\"size-medium wp-image-1998 aligncenter\" src=\"https:\/\/www.globalong.com\/blog\/wp-content\/uploads\/2016\/02\/Salsa-1-300x200.jpg\" alt=\"Salsa 1\" width=\"300\" height=\"200\" srcset=\"https:\/\/www.globalong.com\/blog\/wp-content\/uploads\/2016\/02\/Salsa-1-300x200.jpg 300w, https:\/\/www.globalong.com\/blog\/wp-content\/uploads\/2016\/02\/Salsa-1-768x512.jpg 768w, https:\/\/www.globalong.com\/blog\/wp-content\/uploads\/2016\/02\/Salsa-1-1024x683.jpg 1024w, https:\/\/www.globalong.com\/blog\/wp-content\/uploads\/2016\/02\/Salsa-1-150x100.jpg 150w\" sizes=\"(max-width: 300px) 100vw, 300px\" \/><\/a>Dans la for\u00eat, les liens ont mis plus de temps \u00e0 se cr\u00e9er mais j\u2019ai rencontr\u00e9 des personnes exceptionnelles. Certains m\u2019apparaissent comme des amis de toujours avec qui je peux discuter de tout. Ils me manquent vraiment. Ce sont des amiti\u00e9s fortes qui j\u2019esp\u00e8re pourront se garder par Facebook ou Whatsapp (m\u00eame s\u2019il n\u2019y a pas de r\u00e9seau dans la communaut\u00e9). <\/span><\/p>\n<p class=\"p1\" style=\"text-align: justify;\"><span class=\"s1\">Le point n\u00e9gatif de ces rencontres est que je ne sais pas quand je pourrais revoir ces personnes \u00e0 qui je me suis si vite attach\u00e9e.<\/span><\/p>\n<p style=\"text-align: justify;\"><img loading=\"lazy\" decoding=\"async\" class=\"size-medium wp-image-2000 aligncenter\" src=\"https:\/\/www.globalong.com\/blog\/wp-content\/uploads\/2016\/02\/futboli\u0301n.elsa_-300x200.jpg\" alt=\"futboli\u0301n.elsa\" width=\"300\" height=\"200\" srcset=\"https:\/\/www.globalong.com\/blog\/wp-content\/uploads\/2016\/02\/futboli\u0301n.elsa_-300x200.jpg 300w, https:\/\/www.globalong.com\/blog\/wp-content\/uploads\/2016\/02\/futboli\u0301n.elsa_-768x512.jpg 768w, https:\/\/www.globalong.com\/blog\/wp-content\/uploads\/2016\/02\/futboli\u0301n.elsa_-1024x683.jpg 1024w, https:\/\/www.globalong.com\/blog\/wp-content\/uploads\/2016\/02\/futboli\u0301n.elsa_-150x100.jpg 150w\" sizes=\"(max-width: 300px) 100vw, 300px\" \/><\/p>\n<p class=\"p1\" style=\"text-align: justify;\"><span class=\"s1\">J\u2019ai appris \u00e0 m\u2019adapter \u00e0 un style de vie diff\u00e9rent du mien et que ce soit dans le travail ou ma vie priv\u00e9e cela m\u2019aidera. J\u2019ai aussi am\u00e9liorer mon espagnol qui est un vrai plus pour mes \u00e9tudes.<\/span><\/p>\n<p class=\"p1\" style=\"text-align: justify;\"><span class=\"s1\">Je recommanderai sans probl\u00e8mes Globalong et voici mon conseil : N\u2019ayez aucun a priori sur la communaut\u00e9 et aucune attente. Ne pas trop manger de riz avant de venir. Se laisser quelques jours \u00e0 la fin (entre 4 et 6) pour aller voir le Salar d\u2019Uyuni.<\/span><\/p>\n<p>&nbsp;<\/p>\n<p class=\"p1\" style=\"text-align: center;\">Pour d\u00e9couvrir les programmes de b\u00e9n\u00e9volat en Bolivie <span style=\"text-decoration: underline;\"><a href=\"https:\/\/www.globalong.com\/sejour-langues-et-benevolat\/espagnol-benevolat-bolivie.html\" target=\"_blank\" rel=\"noopener\">cliquez ici<\/a><\/span> !<\/p>\n<p class=\"p1\" style=\"text-align: center;\">Participez aussi, \u00e0 un <span style=\"text-decoration: underline;\"><a href=\"https:\/\/www.globalong.com\/sejour-langues-et-benevolat\/bolivie-foret.html\" target=\"_blank\" rel=\"noopener\">programme d&rsquo;\u00e9covolontariat en Bolivie<\/a><\/span> !<\/p>\n<p class=\"p1\" style=\"text-align: center;\">N&rsquo;h\u00e9sitez pas \u00e0 nous contacter pour plus d&rsquo;informations \u00e0 <span style=\"text-decoration: underline; color: #b81657;\"><a style=\"color: #b81657; text-decoration: underline;\" href=\"mailto:info@globalong.com\">info@globalong.com<\/a><\/span><\/p>\n","protected":false},"excerpt":{"rendered":"<p>T\u00e9moignage de Pauline, b\u00e9n\u00e9vole avec Globalong en Bolivie Je suis partie 6 semaines en Bolivie, deux \u00e0 Sucre et quatre \u00e0 San Miguel avec Globalong. J\u2019avais un but double. A 19 ans, je voulais me conna\u00eetre mieux, partir seule loin de mon confort pour voir mes limites. La deuxi\u00e8me chose est que je voulais voir [&hellip;]<\/p>\n","protected":false},"author":3,"featured_media":1162,"parent":883,"menu_order":0,"comment_status":"open","ping_status":"closed","template":"","meta":{"footnotes":""},"yoast_head":"<!-- This site is optimized with the Yoast SEO Premium plugin v23.4 (Yoast SEO v23.4) - https:\/\/yoast.com\/wordpress\/plugins\/seo\/ -->\n<title>Bolivie - Pauline - Association Globalong<\/title>\n<meta name=\"robots\" content=\"index, follow, max-snippet:-1, max-image-preview:large, max-video-preview:-1\" \/>\n<link rel=\"canonical\" href=\"https:\/\/www.globalong.com\/blog\/avis-temoignages-globalong\/bolivie-pauline\/\" \/>\n<meta property=\"og:locale\" content=\"fr_FR\" \/>\n<meta property=\"og:type\" content=\"article\" \/>\n<meta property=\"og:title\" content=\"Bolivie - Pauline\" \/>\n<meta property=\"og:description\" content=\"T\u00e9moignage de Pauline, b\u00e9n\u00e9vole avec Globalong en Bolivie Je suis partie 6 semaines en Bolivie, deux \u00e0 Sucre et quatre \u00e0 San Miguel avec Globalong. J\u2019avais un but double. A 19 ans, je voulais me conna\u00eetre mieux, partir seule loin de mon confort pour voir mes limites. La deuxi\u00e8me chose est que je voulais voir [&hellip;]\" \/>\n<meta property=\"og:url\" content=\"https:\/\/www.globalong.com\/blog\/avis-temoignages-globalong\/bolivie-pauline\/\" \/>\n<meta property=\"og:site_name\" content=\"Association Globalong\" \/>\n<meta property=\"article:publisher\" content=\"https:\/\/www.facebook.com\/globalong\" \/>\n<meta property=\"article:modified_time\" content=\"2022-01-24T09:00:18+00:00\" \/>\n<meta property=\"og:image\" content=\"https:\/\/www.globalong.com\/blog\/wp-content\/uploads\/2016\/02\/20150719_113714-1024x576.jpg\" \/>\n\t<meta property=\"og:image:width\" content=\"1024\" \/>\n\t<meta property=\"og:image:height\" content=\"576\" \/>\n\t<meta property=\"og:image:type\" content=\"image\/jpeg\" \/>\n<meta name=\"twitter:card\" content=\"summary_large_image\" \/>\n<meta name=\"twitter:label1\" content=\"Dur\u00e9e de lecture estim\u00e9e\" \/>\n\t<meta name=\"twitter:data1\" content=\"3 minutes\" \/>\n<script type=\"application\/ld+json\" class=\"yoast-schema-graph\">{\"@context\":\"https:\/\/schema.org\",\"@graph\":[{\"@type\":\"WebPage\",\"@id\":\"https:\/\/www.globalong.com\/blog\/avis-temoignages-globalong\/bolivie-pauline\/\",\"url\":\"https:\/\/www.globalong.com\/blog\/avis-temoignages-globalong\/bolivie-pauline\/\",\"name\":\"Bolivie - Pauline - Association Globalong\",\"isPartOf\":{\"@id\":\"https:\/\/www.globalong.com\/blog\/#website\"},\"primaryImageOfPage\":{\"@id\":\"https:\/\/www.globalong.com\/blog\/avis-temoignages-globalong\/bolivie-pauline\/#primaryimage\"},\"image\":{\"@id\":\"https:\/\/www.globalong.com\/blog\/avis-temoignages-globalong\/bolivie-pauline\/#primaryimage\"},\"thumbnailUrl\":\"https:\/\/www.globalong.com\/blog\/wp-content\/uploads\/2016\/02\/20150719_113714.jpg\",\"datePublished\":\"2016-02-29T14:11:57+00:00\",\"dateModified\":\"2022-01-24T09:00:18+00:00\",\"breadcrumb\":{\"@id\":\"https:\/\/www.globalong.com\/blog\/avis-temoignages-globalong\/bolivie-pauline\/#breadcrumb\"},\"inLanguage\":\"fr-FR\",\"potentialAction\":[{\"@type\":\"ReadAction\",\"target\":[\"https:\/\/www.globalong.com\/blog\/avis-temoignages-globalong\/bolivie-pauline\/\"]}]},{\"@type\":\"ImageObject\",\"inLanguage\":\"fr-FR\",\"@id\":\"https:\/\/www.globalong.com\/blog\/avis-temoignages-globalong\/bolivie-pauline\/#primaryimage\",\"url\":\"https:\/\/www.globalong.com\/blog\/wp-content\/uploads\/2016\/02\/20150719_113714.jpg\",\"contentUrl\":\"https:\/\/www.globalong.com\/blog\/wp-content\/uploads\/2016\/02\/20150719_113714.jpg\",\"width\":5312,\"height\":2988},{\"@type\":\"BreadcrumbList\",\"@id\":\"https:\/\/www.globalong.com\/blog\/avis-temoignages-globalong\/bolivie-pauline\/#breadcrumb\",\"itemListElement\":[{\"@type\":\"ListItem\",\"position\":1,\"name\":\"Accueil\",\"item\":\"https:\/\/www.globalong.com\/blog\/\"},{\"@type\":\"ListItem\",\"position\":2,\"name\":\"T\u00e9moignages et avis de volontaires Globalong\",\"item\":\"https:\/\/www.globalong.com\/blog\/avis-temoignages-globalong\/\"},{\"@type\":\"ListItem\",\"position\":3,\"name\":\"Bolivie &#8211; Pauline\"}]},{\"@type\":\"WebSite\",\"@id\":\"https:\/\/www.globalong.com\/blog\/#website\",\"url\":\"https:\/\/www.globalong.com\/blog\/\",\"name\":\"https:\/\/www.globalong.com\/\",\"description\":\"Mission humanitaire, stage \u00e9tudiant et voyage linguistique\",\"publisher\":{\"@id\":\"https:\/\/www.globalong.com\/blog\/#organization\"},\"potentialAction\":[{\"@type\":\"SearchAction\",\"target\":{\"@type\":\"EntryPoint\",\"urlTemplate\":\"https:\/\/www.globalong.com\/blog\/?s={search_term_string}\"},\"query-input\":{\"@type\":\"PropertyValueSpecification\",\"valueRequired\":true,\"valueName\":\"search_term_string\"}}],\"inLanguage\":\"fr-FR\"},{\"@type\":\"Organization\",\"@id\":\"https:\/\/www.globalong.com\/blog\/#organization\",\"name\":\"Association Globalong\",\"url\":\"https:\/\/www.globalong.com\/blog\/\",\"logo\":{\"@type\":\"ImageObject\",\"inLanguage\":\"fr-FR\",\"@id\":\"https:\/\/www.globalong.com\/blog\/#\/schema\/logo\/image\/\",\"url\":\"https:\/\/www.globalong.com\/blog\/wp-content\/uploads\/2014\/11\/cropped-cropped-Logo-et-Afrique-Globalong-petite-taille-2.jpg\",\"contentUrl\":\"https:\/\/www.globalong.com\/blog\/wp-content\/uploads\/2014\/11\/cropped-cropped-Logo-et-Afrique-Globalong-petite-taille-2.jpg\",\"width\":512,\"height\":512,\"caption\":\"Association Globalong\"},\"image\":{\"@id\":\"https:\/\/www.globalong.com\/blog\/#\/schema\/logo\/image\/\"},\"sameAs\":[\"https:\/\/www.facebook.com\/globalong\"]}]}<\/script>\n<!-- \/ Yoast SEO Premium plugin. -->","yoast_head_json":{"title":"Bolivie - Pauline - Association Globalong","robots":{"index":"index","follow":"follow","max-snippet":"max-snippet:-1","max-image-preview":"max-image-preview:large","max-video-preview":"max-video-preview:-1"},"canonical":"https:\/\/www.globalong.com\/blog\/avis-temoignages-globalong\/bolivie-pauline\/","og_locale":"fr_FR","og_type":"article","og_title":"Bolivie - Pauline","og_description":"T\u00e9moignage de Pauline, b\u00e9n\u00e9vole avec Globalong en Bolivie Je suis partie 6 semaines en Bolivie, deux \u00e0 Sucre et quatre \u00e0 San Miguel avec Globalong. J\u2019avais un but double. A 19 ans, je voulais me conna\u00eetre mieux, partir seule loin de mon confort pour voir mes limites. La deuxi\u00e8me chose est que je voulais voir [&hellip;]","og_url":"https:\/\/www.globalong.com\/blog\/avis-temoignages-globalong\/bolivie-pauline\/","og_site_name":"Association Globalong","article_publisher":"https:\/\/www.facebook.com\/globalong","article_modified_time":"2022-01-24T09:00:18+00:00","og_image":[{"width":1024,"height":576,"url":"https:\/\/www.globalong.com\/blog\/wp-content\/uploads\/2016\/02\/20150719_113714-1024x576.jpg","type":"image\/jpeg"}],"twitter_card":"summary_large_image","twitter_misc":{"Dur\u00e9e de lecture estim\u00e9e":"3 minutes"},"schema":{"@context":"https:\/\/schema.org","@graph":[{"@type":"WebPage","@id":"https:\/\/www.globalong.com\/blog\/avis-temoignages-globalong\/bolivie-pauline\/","url":"https:\/\/www.globalong.com\/blog\/avis-temoignages-globalong\/bolivie-pauline\/","name":"Bolivie - Pauline - Association Globalong","isPartOf":{"@id":"https:\/\/www.globalong.com\/blog\/#website"},"primaryImageOfPage":{"@id":"https:\/\/www.globalong.com\/blog\/avis-temoignages-globalong\/bolivie-pauline\/#primaryimage"},"image":{"@id":"https:\/\/www.globalong.com\/blog\/avis-temoignages-globalong\/bolivie-pauline\/#primaryimage"},"thumbnailUrl":"https:\/\/www.globalong.com\/blog\/wp-content\/uploads\/2016\/02\/20150719_113714.jpg","datePublished":"2016-02-29T14:11:57+00:00","dateModified":"2022-01-24T09:00:18+00:00","breadcrumb":{"@id":"https:\/\/www.globalong.com\/blog\/avis-temoignages-globalong\/bolivie-pauline\/#breadcrumb"},"inLanguage":"fr-FR","potentialAction":[{"@type":"ReadAction","target":["https:\/\/www.globalong.com\/blog\/avis-temoignages-globalong\/bolivie-pauline\/"]}]},{"@type":"ImageObject","inLanguage":"fr-FR","@id":"https:\/\/www.globalong.com\/blog\/avis-temoignages-globalong\/bolivie-pauline\/#primaryimage","url":"https:\/\/www.globalong.com\/blog\/wp-content\/uploads\/2016\/02\/20150719_113714.jpg","contentUrl":"https:\/\/www.globalong.com\/blog\/wp-content\/uploads\/2016\/02\/20150719_113714.jpg","width":5312,"height":2988},{"@type":"BreadcrumbList","@id":"https:\/\/www.globalong.com\/blog\/avis-temoignages-globalong\/bolivie-pauline\/#breadcrumb","itemListElement":[{"@type":"ListItem","position":1,"name":"Accueil","item":"https:\/\/www.globalong.com\/blog\/"},{"@type":"ListItem","position":2,"name":"T\u00e9moignages et avis de volontaires Globalong","item":"https:\/\/www.globalong.com\/blog\/avis-temoignages-globalong\/"},{"@type":"ListItem","position":3,"name":"Bolivie &#8211; Pauline"}]},{"@type":"WebSite","@id":"https:\/\/www.globalong.com\/blog\/#website","url":"https:\/\/www.globalong.com\/blog\/","name":"https:\/\/www.globalong.com\/","description":"Mission humanitaire, stage \u00e9tudiant et voyage linguistique","publisher":{"@id":"https:\/\/www.globalong.com\/blog\/#organization"},"potentialAction":[{"@type":"SearchAction","target":{"@type":"EntryPoint","urlTemplate":"https:\/\/www.globalong.com\/blog\/?s={search_term_string}"},"query-input":{"@type":"PropertyValueSpecification","valueRequired":true,"valueName":"search_term_string"}}],"inLanguage":"fr-FR"},{"@type":"Organization","@id":"https:\/\/www.globalong.com\/blog\/#organization","name":"Association Globalong","url":"https:\/\/www.globalong.com\/blog\/","logo":{"@type":"ImageObject","inLanguage":"fr-FR","@id":"https:\/\/www.globalong.com\/blog\/#\/schema\/logo\/image\/","url":"https:\/\/www.globalong.com\/blog\/wp-content\/uploads\/2014\/11\/cropped-cropped-Logo-et-Afrique-Globalong-petite-taille-2.jpg","contentUrl":"https:\/\/www.globalong.com\/blog\/wp-content\/uploads\/2014\/11\/cropped-cropped-Logo-et-Afrique-Globalong-petite-taille-2.jpg","width":512,"height":512,"caption":"Association Globalong"},"image":{"@id":"https:\/\/www.globalong.com\/blog\/#\/schema\/logo\/image\/"},"sameAs":["https:\/\/www.facebook.com\/globalong"]}]}},"_links":{"self":[{"href":"https:\/\/www.globalong.com\/blog\/wp-json\/wp\/v2\/pages\/1161"}],"collection":[{"href":"https:\/\/www.globalong.com\/blog\/wp-json\/wp\/v2\/pages"}],"about":[{"href":"https:\/\/www.globalong.com\/blog\/wp-json\/wp\/v2\/types\/page"}],"author":[{"embeddable":true,"href":"https:\/\/www.globalong.com\/blog\/wp-json\/wp\/v2\/users\/3"}],"replies":[{"embeddable":true,"href":"https:\/\/www.globalong.com\/blog\/wp-json\/wp\/v2\/comments?post=1161"}],"version-history":[{"count":31,"href":"https:\/\/www.globalong.com\/blog\/wp-json\/wp\/v2\/pages\/1161\/revisions"}],"predecessor-version":[{"id":14091,"href":"https:\/\/www.globalong.com\/blog\/wp-json\/wp\/v2\/pages\/1161\/revisions\/14091"}],"up":[{"embeddable":true,"href":"https:\/\/www.globalong.com\/blog\/wp-json\/wp\/v2\/pages\/883"}],"wp:featuredmedia":[{"embeddable":true,"href":"https:\/\/www.globalong.com\/blog\/wp-json\/wp\/v2\/media\/1162"}],"wp:attachment":[{"href":"https:\/\/www.globalong.com\/blog\/wp-json\/wp\/v2\/media?parent=1161"}],"curies":[{"name":"wp","href":"https:\/\/api.w.org\/{rel}","templated":true}]}}