{"id":11685,"date":"2018-10-11T11:52:17","date_gmt":"2018-10-11T09:52:17","guid":{"rendered":"https:\/\/www.globalong.com\/blog\/?page_id=11685"},"modified":"2022-05-08T15:59:27","modified_gmt":"2022-05-08T13:59:27","slug":"togo-julia-orphelinat-enfants-afrique-solidarite","status":"publish","type":"page","link":"https:\/\/www.globalong.com\/blog\/avis-temoignages-globalong\/togo-julia-orphelinat-enfants-afrique-solidarite\/","title":{"rendered":"Togo &#8211; Julia"},"content":{"rendered":"<p style=\"text-align: center;\"><span style=\"color: #b81657;\"><strong>T\u00e9moignage de Julia, <a href=\"https:\/\/www.globalong.com\/association-globalong.html\" target=\"_blank\" rel=\"noopener\"><span style=\"text-decoration: underline;\">adh\u00e9rente de l\u2019association GlobAlong<\/span><\/a>\u00a0et b\u00e9n\u00e9vole au\u00a0<a href=\"https:\/\/www.globalong.com\/sejour-benevolat\/togo-benevolat-humanitaire.html\" target=\"_blank\" rel=\"noopener\"><span style=\"text-decoration: underline;\">Togo<\/span><\/a><\/strong><\/span><\/p>\n<p style=\"text-align: justify;\"><strong><a href=\"https:\/\/www.globalong.com\/blog\/wp-content\/uploads\/2018\/10\/photodegroupe-min.jpeg\"><img loading=\"lazy\" decoding=\"async\" class=\"size-medium wp-image-11828 aligncenter\" src=\"https:\/\/www.globalong.com\/blog\/wp-content\/uploads\/2018\/10\/photodegroupe-min-300x283.jpeg\" alt=\"\" width=\"300\" height=\"283\" srcset=\"https:\/\/www.globalong.com\/blog\/wp-content\/uploads\/2018\/10\/photodegroupe-min-300x283.jpeg 300w, https:\/\/www.globalong.com\/blog\/wp-content\/uploads\/2018\/10\/photodegroupe-min-768x725.jpeg 768w, https:\/\/www.globalong.com\/blog\/wp-content\/uploads\/2018\/10\/photodegroupe-min-150x142.jpeg 150w, https:\/\/www.globalong.com\/blog\/wp-content\/uploads\/2018\/10\/photodegroupe-min.jpeg 856w\" sizes=\"(max-width: 300px) 100vw, 300px\" \/><\/a>J\u2019ai toujours voulu voyager en Afrique<\/strong>, simplement visiter me semblait peu. J\u2019avais besoin de <strong>voyager utilement<\/strong>. Me sentir vivre vraiment. <strong>\u00catre au c\u0153ur de la culture du pays<\/strong>. Et j\u2019avais besoin de donner de l\u2019amour \u00e0 des enfants qui en ont beso<span style=\"text-align: justify;\">in.<\/span><\/p>\n<p style=\"text-align: justify;\"><strong>Je recommanderais l&rsquo;<a href=\"https:\/\/www.globalong.com\/apropos.html\" target=\"_blank\" rel=\"noopener\"><span style=\"text-decoration: underline; color: #b81657;\">association Globalong<\/span><\/a> pour la s\u00fbret\u00e9 de l\u2019organisme et le suivi.<\/strong><\/p>\n<p style=\"text-align: justify;\">Pendant la <strong>p\u00e9riode d&rsquo;introduction<\/strong> &#8211; assez rapide &#8211; <strong>Richard (coordinateur local et famille d\u2019accueil)<\/strong> nous a r\u00e9unis autour d\u2019une table et <strong>nous a bien pr\u00e9sent\u00e9 le Togo et son histoire<\/strong>.<\/p>\n<p style=\"text-align: justify;\"><span style=\"text-align: justify;\">Puis, <\/span><strong style=\"text-align: justify;\">\u00e0 l\u2019orphelinat, nous avons discut\u00e9 1h ou 2 avec le directeur sur le d\u00e9roulement de la mission<\/strong><span style=\"text-align: justify;\">.\u00a0<a href=\"https:\/\/www.globalong.com\/blog\/wp-content\/uploads\/2018\/10\/image4-min-1.jpeg\"><img loading=\"lazy\" decoding=\"async\" class=\"size-medium wp-image-11719 aligncenter\" src=\"https:\/\/www.globalong.com\/blog\/wp-content\/uploads\/2018\/10\/image4-min-1-300x225.jpeg\" alt=\"\" width=\"300\" height=\"225\" srcset=\"https:\/\/www.globalong.com\/blog\/wp-content\/uploads\/2018\/10\/image4-min-1-300x225.jpeg 300w, https:\/\/www.globalong.com\/blog\/wp-content\/uploads\/2018\/10\/image4-min-1-768x576.jpeg 768w, https:\/\/www.globalong.com\/blog\/wp-content\/uploads\/2018\/10\/image4-min-1-1024x768.jpeg 1024w, https:\/\/www.globalong.com\/blog\/wp-content\/uploads\/2018\/10\/image4-min-1-150x113.jpeg 150w, https:\/\/www.globalong.com\/blog\/wp-content\/uploads\/2018\/10\/image4-min-1.jpeg 2016w\" sizes=\"(max-width: 300px) 100vw, 300px\" \/><\/a><\/span><span style=\"text-align: justify;\">La langue \u00e9tant le fran\u00e7ais pas de souci \u00e0 ce niveau.<\/span><\/p>\n<p style=\"text-align: justify;\"><strong>J&rsquo;ai eu besoin de l&rsquo;aide du coordinateur local<\/strong> pour r\u00e9server des taxis pour les visites ou encore pour l\u2019achat de l\u2019ampoule dans ma chambre qui a cess\u00e9 de fonctionner 3 jours avant mon d\u00e9part.<\/p>\n<p style=\"text-align: justify;\"><strong>La p\u00e9riode de <a href=\"https:\/\/www.globalong.com\/blog\/voyage-humanitaire-etudiant\/\" target=\"_blank\" rel=\"noopener\"><span style=\"text-decoration: underline; color: #b81657;\">b\u00e9n\u00e9volat<\/span><\/a> s&rsquo;est tr\u00e8s bien pass\u00e9e<\/strong>. <strong>Nous avons eu un accompagnement constant par les s\u0153urs qui dirigent l\u2019orphelinat. Je ne me suis jamais sentie seule. Je me sentais d\u00e9finitivement \u00e0 ma place avec les enfants et avec ces femmes.<\/strong><\/p>\n<p style=\"text-align: justify;\"><img loading=\"lazy\" decoding=\"async\" class=\"wp-image-11707 aligncenter\" src=\"https:\/\/www.globalong.com\/blog\/wp-content\/uploads\/2018\/10\/image1-min-225x300.jpeg\" alt=\"\" width=\"300\" height=\"400\" srcset=\"https:\/\/www.globalong.com\/blog\/wp-content\/uploads\/2018\/10\/image1-min-225x300.jpeg 225w, https:\/\/www.globalong.com\/blog\/wp-content\/uploads\/2018\/10\/image1-min-768x1025.jpeg 768w, https:\/\/www.globalong.com\/blog\/wp-content\/uploads\/2018\/10\/image1-min-767x1024.jpeg 767w, https:\/\/www.globalong.com\/blog\/wp-content\/uploads\/2018\/10\/image1-min-112x150.jpeg 112w, https:\/\/www.globalong.com\/blog\/wp-content\/uploads\/2018\/10\/image1-min.jpeg 809w\" sizes=\"(max-width: 300px) 100vw, 300px\" \/><\/p>\n<p style=\"text-align: justify;\"><strong>Chaque personne est int\u00e9ressante dans ce type de voyage<\/strong>.<br \/>\nMais je pense que <strong>ma plus belle rencontre est celle avec Lorena<\/strong>, <strong>cette enfant handicap\u00e9e, presque immobile, dont je me suis occup\u00e9e durant tout mon s\u00e9jour<\/strong>.<br \/>\nSon sourire est le plus beau des r\u00e9conforts. Son rire est sa meilleure arme.<br \/>\nEt quand elle arrive \u00e0 se d\u00e9hancher un peu pour danser &#8230; la terre s\u2019arr\u00eate de tourner.<br \/>\nLorena est int\u00e9ressante, <strong>elle a 1 millier de choses \u00e0 nous apprendre<\/strong>.<\/p>\n<p style=\"text-align: justify;\"><strong>J\u2019ai toujours ador\u00e9 l\u2019Afrique<\/strong>. Suite \u00e0 des soucis de sant\u00e9, je ne pouvais pas voyager mais j\u2019apprenais tout de m\u00eame la culture de chez moi.<\/p>\n<p style=\"text-align: justify;\"><strong>Arriv\u00e9e au<\/strong><strong> Togo, la famille d\u2019accueil me surnommait l\u2019Africaine, car ils trouvaient que je m\u2019adaptais tr\u00e8s bien et aussi parce que je portais souvent des v\u00eatements africains.<\/strong><\/p>\n<p style=\"text-align: justify;\">Une fois, un homme, qui je pense tentais une approche pour un \u00e9ventuel mariage, me demande pourquoi ma peau est comme \u00e7a.\u00a0<a href=\"https:\/\/www.globalong.com\/blog\/wp-content\/uploads\/2018\/10\/image3-min-1.jpeg\"><img loading=\"lazy\" decoding=\"async\" class=\"size-medium wp-image-11717 aligncenter\" src=\"https:\/\/www.globalong.com\/blog\/wp-content\/uploads\/2018\/10\/image3-min-1-300x225.jpeg\" alt=\"\" width=\"300\" height=\"225\" srcset=\"https:\/\/www.globalong.com\/blog\/wp-content\/uploads\/2018\/10\/image3-min-1-300x225.jpeg 300w, https:\/\/www.globalong.com\/blog\/wp-content\/uploads\/2018\/10\/image3-min-1-768x576.jpeg 768w, https:\/\/www.globalong.com\/blog\/wp-content\/uploads\/2018\/10\/image3-min-1-1024x768.jpeg 1024w, https:\/\/www.globalong.com\/blog\/wp-content\/uploads\/2018\/10\/image3-min-1-150x113.jpeg 150w, https:\/\/www.globalong.com\/blog\/wp-content\/uploads\/2018\/10\/image3-min-1.jpeg 2016w\" sizes=\"(max-width: 300px) 100vw, 300px\" \/><\/a>Je lui r\u00e9ponds que je suis blanche et fran\u00e7aise. Et il me dit: \u00ab Non, toi tu n\u2019es pas fran\u00e7aise : ta peau est presque comme nous ! \u00bb. Je suis d\u2019origine vietnamienne et j&rsquo;ai, en effet, la peau plut\u00f4t mate. \u00ab Tu n\u2019es vraiment pas comme les autres blancs \u00bb. \u00c7a m\u2019a fait grandement rire car je reste vraiment blanche !<\/p>\n<p style=\"text-align: justify;\"><strong>Meilleure anecdote : je suis arriv\u00e9e et un petit gar\u00e7on commen\u00e7ait \u00e0 se d\u00e9placer \u00e0 4 pattes assez vite<\/strong>. Il se levait et tombait imm\u00e9diatement sur les fesses. Parfois, il s\u2019appuyait sur mes jambes pour tenir debout.<\/p>\n<p style=\"text-align: justify;\"><img loading=\"lazy\" decoding=\"async\" class=\"size-medium wp-image-11689 aligncenter\" src=\"https:\/\/www.globalong.com\/blog\/wp-content\/uploads\/2018\/10\/image3-min-300x225.jpeg\" alt=\"\" width=\"300\" height=\"225\" srcset=\"https:\/\/www.globalong.com\/blog\/wp-content\/uploads\/2018\/10\/image3-min-300x225.jpeg 300w, https:\/\/www.globalong.com\/blog\/wp-content\/uploads\/2018\/10\/image3-min-150x113.jpeg 150w, https:\/\/www.globalong.com\/blog\/wp-content\/uploads\/2018\/10\/image3-min.jpeg 640w\" sizes=\"(max-width: 300px) 100vw, 300px\" \/><\/p>\n<p style=\"text-align: justify;\">Un jour, alors que j\u2019\u00e9tais assise au sol, il me regardait, assis lui aussi, <strong>il s\u2019est lev\u00e9 et s\u2019est lanc\u00e9. I<\/strong><strong>l a march\u00e9 4 pas vers moi&#8230; incroyable ! Je suis partie et il marchait comme un grand.<\/strong><\/p>\n<p style=\"text-align: justify;\"><strong><a href=\"https:\/\/www.globalong.com\/blog\/benevolat-associatif-bienfaits-psychologie-humanitaire-avis-etranger\/\" target=\"_blank\" rel=\"noopener\"><span style=\"text-decoration: underline; color: #b81657;\">Gr\u00e2ce \u00e0 cette exp\u00e9rience de b\u00e9n\u00e9volat, j\u2019ai grandi \u00e9norm\u00e9ment<\/span><\/a>, j\u2019ai encore plus confiance en moi. J\u2019ai envie d\u2019aider les enfants malades.<\/strong><\/p>\n<p style=\"text-align: justify;\">Je recommande de <strong>faire des excursions apr\u00e8s le programme<\/strong> : la cascade de Kpim\u00e9 est un lieu somptueux. Et il faut rendre visite \u00e0 Karim qui tient une auberge dans la montagne -mais<br \/>\nattention aux arnaques de prix avec les guides !<\/p>\n<p style=\"text-align: justify;\"><a href=\"https:\/\/www.globalong.com\/blog\/wp-content\/uploads\/2018\/10\/39868550_292174538181233_4310988078064861184_n-2-min.jpg\"><img loading=\"lazy\" decoding=\"async\" class=\"wp-image-11826 size-medium aligncenter\" src=\"https:\/\/www.globalong.com\/blog\/wp-content\/uploads\/2018\/10\/39868550_292174538181233_4310988078064861184_n-2-min-300x225.jpg\" alt=\"\" width=\"300\" height=\"225\" srcset=\"https:\/\/www.globalong.com\/blog\/wp-content\/uploads\/2018\/10\/39868550_292174538181233_4310988078064861184_n-2-min-300x225.jpg 300w, https:\/\/www.globalong.com\/blog\/wp-content\/uploads\/2018\/10\/39868550_292174538181233_4310988078064861184_n-2-min-768x576.jpg 768w, https:\/\/www.globalong.com\/blog\/wp-content\/uploads\/2018\/10\/39868550_292174538181233_4310988078064861184_n-2-min-1024x768.jpg 1024w, https:\/\/www.globalong.com\/blog\/wp-content\/uploads\/2018\/10\/39868550_292174538181233_4310988078064861184_n-2-min-150x113.jpg 150w\" sizes=\"(max-width: 300px) 100vw, 300px\" \/><\/a>Je ne suis pas encore rentr\u00e9e en France, <strong>je visite un peu le <a href=\"https:\/\/www.globalong.com\/sejour-benevolat\/senegal-benevolat-humanitaire-mission.html\" target=\"_blank\" rel=\"noopener\"><span style=\"text-decoration: underline; color: #b81657;\">S\u00e9n\u00e9gal<\/span><\/a><\/strong>.<br \/>\nMais en arrivant \u00e0 mon h\u00f4tel, j\u2019ai ressenti une grande tristesse et un manque des enfants. Mais \u00e9galement une grande fiert\u00e9. <strong>J\u2019ai h\u00e2te de rentrer pour voir ce que je vais ressentir et d\u00e9couvrir mes nouveaux projets.<\/strong><\/p>\n<p style=\"text-align: justify;\">Mon conseil pour les futurs b\u00e9n\u00e9voles qui souhaitent s&rsquo;engager au Togo ?\u00a0<strong>Laissez votre c\u0153ur en France. Vivez sur place comme si vous \u00e9tiez l\u2019un des leurs et non pas sup\u00e9rieurs \u00e0 eux ! Vous aurez alors un autre c\u0153ur qui, lui, sera togolais.<\/strong><\/p>\n<p style=\"text-align: center;\">N\u2019h\u00e9sitez pas \u00e0 nous contacter pour plus d\u2019informations \u00e0\u00a0<a href=\"mailto:info@globalong.com\" target=\"_blank\" rel=\"noopener\"><span style=\"text-decoration: underline; color: #b81657;\"><strong>info@globalong.com<\/strong><\/span><\/a><\/p>\n<p style=\"text-align: center;\"><a href=\"https:\/\/www.flickr.com\/photos\/globalong\/sets\/72157640040896094\/\" target=\"_blank\" rel=\"noopener\"><span style=\"text-decoration: underline; color: #b81657;\"><strong>D\u00e9couvrez plus de photos de nos adh\u00e9rents engag\u00e9s au Togo !<\/strong><\/span><\/a><\/p>\n<p style=\"text-align: center;\"><a href=\"https:\/\/www.globalong.com\/sejour-benevolat\/togo-benevolat-humanitaire.html#b\" target=\"_blank\" rel=\"noopener\"><span style=\"text-decoration: underline; color: #b81657;\"><strong>D\u00e9couvrez les programmes humanitaires au Togo!<\/strong><\/span><\/a><\/p>\n","protected":false},"excerpt":{"rendered":"<p>T\u00e9moignage de Julia, adh\u00e9rente de l\u2019association GlobAlong\u00a0et b\u00e9n\u00e9vole au\u00a0Togo J\u2019ai toujours voulu voyager en Afrique, simplement visiter me semblait peu. J\u2019avais besoin de voyager utilement. Me sentir vivre vraiment. \u00catre au c\u0153ur de la culture du pays. Et j\u2019avais besoin de donner de l\u2019amour \u00e0 des enfants qui en ont besoin. Je recommanderais l&rsquo;association Globalong [&hellip;]<\/p>\n","protected":false},"author":5,"featured_media":11706,"parent":883,"menu_order":0,"comment_status":"closed","ping_status":"closed","template":"","meta":{"footnotes":""},"yoast_head":"<!-- This site is optimized with the Yoast SEO Premium plugin v23.4 (Yoast SEO v23.4) - https:\/\/yoast.com\/wordpress\/plugins\/seo\/ -->\n<title>Togo - Julia - Association Globalong<\/title>\n<meta name=\"robots\" content=\"index, follow, max-snippet:-1, max-image-preview:large, max-video-preview:-1\" \/>\n<link rel=\"canonical\" href=\"https:\/\/www.globalong.com\/blog\/avis-temoignages-globalong\/togo-julia-orphelinat-enfants-afrique-solidarite\/\" \/>\n<meta property=\"og:locale\" content=\"fr_FR\" \/>\n<meta property=\"og:type\" content=\"article\" \/>\n<meta property=\"og:title\" content=\"Togo - Julia\" \/>\n<meta property=\"og:description\" content=\"T\u00e9moignage de Julia, adh\u00e9rente de l\u2019association GlobAlong\u00a0et b\u00e9n\u00e9vole au\u00a0Togo J\u2019ai toujours voulu voyager en Afrique, simplement visiter me semblait peu. J\u2019avais besoin de voyager utilement. Me sentir vivre vraiment. \u00catre au c\u0153ur de la culture du pays. Et j\u2019avais besoin de donner de l\u2019amour \u00e0 des enfants qui en ont besoin. Je recommanderais l&rsquo;association Globalong [&hellip;]\" \/>\n<meta property=\"og:url\" content=\"https:\/\/www.globalong.com\/blog\/avis-temoignages-globalong\/togo-julia-orphelinat-enfants-afrique-solidarite\/\" \/>\n<meta property=\"og:site_name\" content=\"Association Globalong\" \/>\n<meta property=\"article:publisher\" content=\"https:\/\/www.facebook.com\/globalong\" \/>\n<meta property=\"article:modified_time\" content=\"2022-05-08T13:59:27+00:00\" \/>\n<meta property=\"og:image\" content=\"https:\/\/www.globalong.com\/blog\/wp-content\/uploads\/2018\/10\/image2-min-1.jpeg\" \/>\n\t<meta property=\"og:image:width\" content=\"1080\" \/>\n\t<meta property=\"og:image:height\" content=\"809\" \/>\n\t<meta property=\"og:image:type\" content=\"image\/jpeg\" \/>\n<meta name=\"twitter:card\" content=\"summary_large_image\" \/>\n<meta name=\"twitter:label1\" content=\"Dur\u00e9e de lecture estim\u00e9e\" \/>\n\t<meta name=\"twitter:data1\" content=\"4 minutes\" \/>\n<script type=\"application\/ld+json\" class=\"yoast-schema-graph\">{\"@context\":\"https:\/\/schema.org\",\"@graph\":[{\"@type\":\"WebPage\",\"@id\":\"https:\/\/www.globalong.com\/blog\/avis-temoignages-globalong\/togo-julia-orphelinat-enfants-afrique-solidarite\/\",\"url\":\"https:\/\/www.globalong.com\/blog\/avis-temoignages-globalong\/togo-julia-orphelinat-enfants-afrique-solidarite\/\",\"name\":\"Togo - Julia - Association Globalong\",\"isPartOf\":{\"@id\":\"https:\/\/www.globalong.com\/blog\/#website\"},\"primaryImageOfPage\":{\"@id\":\"https:\/\/www.globalong.com\/blog\/avis-temoignages-globalong\/togo-julia-orphelinat-enfants-afrique-solidarite\/#primaryimage\"},\"image\":{\"@id\":\"https:\/\/www.globalong.com\/blog\/avis-temoignages-globalong\/togo-julia-orphelinat-enfants-afrique-solidarite\/#primaryimage\"},\"thumbnailUrl\":\"https:\/\/www.globalong.com\/blog\/wp-content\/uploads\/2018\/10\/image2-min-1.jpeg\",\"datePublished\":\"2018-10-11T09:52:17+00:00\",\"dateModified\":\"2022-05-08T13:59:27+00:00\",\"breadcrumb\":{\"@id\":\"https:\/\/www.globalong.com\/blog\/avis-temoignages-globalong\/togo-julia-orphelinat-enfants-afrique-solidarite\/#breadcrumb\"},\"inLanguage\":\"fr-FR\",\"potentialAction\":[{\"@type\":\"ReadAction\",\"target\":[\"https:\/\/www.globalong.com\/blog\/avis-temoignages-globalong\/togo-julia-orphelinat-enfants-afrique-solidarite\/\"]}]},{\"@type\":\"ImageObject\",\"inLanguage\":\"fr-FR\",\"@id\":\"https:\/\/www.globalong.com\/blog\/avis-temoignages-globalong\/togo-julia-orphelinat-enfants-afrique-solidarite\/#primaryimage\",\"url\":\"https:\/\/www.globalong.com\/blog\/wp-content\/uploads\/2018\/10\/image2-min-1.jpeg\",\"contentUrl\":\"https:\/\/www.globalong.com\/blog\/wp-content\/uploads\/2018\/10\/image2-min-1.jpeg\",\"width\":1080,\"height\":809},{\"@type\":\"BreadcrumbList\",\"@id\":\"https:\/\/www.globalong.com\/blog\/avis-temoignages-globalong\/togo-julia-orphelinat-enfants-afrique-solidarite\/#breadcrumb\",\"itemListElement\":[{\"@type\":\"ListItem\",\"position\":1,\"name\":\"Accueil\",\"item\":\"https:\/\/www.globalong.com\/blog\/\"},{\"@type\":\"ListItem\",\"position\":2,\"name\":\"T\u00e9moignages et avis de volontaires Globalong\",\"item\":\"https:\/\/www.globalong.com\/blog\/avis-temoignages-globalong\/\"},{\"@type\":\"ListItem\",\"position\":3,\"name\":\"Togo &#8211; Julia\"}]},{\"@type\":\"WebSite\",\"@id\":\"https:\/\/www.globalong.com\/blog\/#website\",\"url\":\"https:\/\/www.globalong.com\/blog\/\",\"name\":\"https:\/\/www.globalong.com\/\",\"description\":\"Mission humanitaire, stage \u00e9tudiant et voyage linguistique\",\"publisher\":{\"@id\":\"https:\/\/www.globalong.com\/blog\/#organization\"},\"potentialAction\":[{\"@type\":\"SearchAction\",\"target\":{\"@type\":\"EntryPoint\",\"urlTemplate\":\"https:\/\/www.globalong.com\/blog\/?s={search_term_string}\"},\"query-input\":{\"@type\":\"PropertyValueSpecification\",\"valueRequired\":true,\"valueName\":\"search_term_string\"}}],\"inLanguage\":\"fr-FR\"},{\"@type\":\"Organization\",\"@id\":\"https:\/\/www.globalong.com\/blog\/#organization\",\"name\":\"Association Globalong\",\"url\":\"https:\/\/www.globalong.com\/blog\/\",\"logo\":{\"@type\":\"ImageObject\",\"inLanguage\":\"fr-FR\",\"@id\":\"https:\/\/www.globalong.com\/blog\/#\/schema\/logo\/image\/\",\"url\":\"https:\/\/www.globalong.com\/blog\/wp-content\/uploads\/2014\/11\/cropped-cropped-Logo-et-Afrique-Globalong-petite-taille-2.jpg\",\"contentUrl\":\"https:\/\/www.globalong.com\/blog\/wp-content\/uploads\/2014\/11\/cropped-cropped-Logo-et-Afrique-Globalong-petite-taille-2.jpg\",\"width\":512,\"height\":512,\"caption\":\"Association Globalong\"},\"image\":{\"@id\":\"https:\/\/www.globalong.com\/blog\/#\/schema\/logo\/image\/\"},\"sameAs\":[\"https:\/\/www.facebook.com\/globalong\"]}]}<\/script>\n<!-- \/ Yoast SEO Premium plugin. -->","yoast_head_json":{"title":"Togo - Julia - Association Globalong","robots":{"index":"index","follow":"follow","max-snippet":"max-snippet:-1","max-image-preview":"max-image-preview:large","max-video-preview":"max-video-preview:-1"},"canonical":"https:\/\/www.globalong.com\/blog\/avis-temoignages-globalong\/togo-julia-orphelinat-enfants-afrique-solidarite\/","og_locale":"fr_FR","og_type":"article","og_title":"Togo - Julia","og_description":"T\u00e9moignage de Julia, adh\u00e9rente de l\u2019association GlobAlong\u00a0et b\u00e9n\u00e9vole au\u00a0Togo J\u2019ai toujours voulu voyager en Afrique, simplement visiter me semblait peu. J\u2019avais besoin de voyager utilement. Me sentir vivre vraiment. \u00catre au c\u0153ur de la culture du pays. Et j\u2019avais besoin de donner de l\u2019amour \u00e0 des enfants qui en ont besoin. Je recommanderais l&rsquo;association Globalong [&hellip;]","og_url":"https:\/\/www.globalong.com\/blog\/avis-temoignages-globalong\/togo-julia-orphelinat-enfants-afrique-solidarite\/","og_site_name":"Association Globalong","article_publisher":"https:\/\/www.facebook.com\/globalong","article_modified_time":"2022-05-08T13:59:27+00:00","og_image":[{"width":1080,"height":809,"url":"https:\/\/www.globalong.com\/blog\/wp-content\/uploads\/2018\/10\/image2-min-1.jpeg","type":"image\/jpeg"}],"twitter_card":"summary_large_image","twitter_misc":{"Dur\u00e9e de lecture estim\u00e9e":"4 minutes"},"schema":{"@context":"https:\/\/schema.org","@graph":[{"@type":"WebPage","@id":"https:\/\/www.globalong.com\/blog\/avis-temoignages-globalong\/togo-julia-orphelinat-enfants-afrique-solidarite\/","url":"https:\/\/www.globalong.com\/blog\/avis-temoignages-globalong\/togo-julia-orphelinat-enfants-afrique-solidarite\/","name":"Togo - Julia - Association Globalong","isPartOf":{"@id":"https:\/\/www.globalong.com\/blog\/#website"},"primaryImageOfPage":{"@id":"https:\/\/www.globalong.com\/blog\/avis-temoignages-globalong\/togo-julia-orphelinat-enfants-afrique-solidarite\/#primaryimage"},"image":{"@id":"https:\/\/www.globalong.com\/blog\/avis-temoignages-globalong\/togo-julia-orphelinat-enfants-afrique-solidarite\/#primaryimage"},"thumbnailUrl":"https:\/\/www.globalong.com\/blog\/wp-content\/uploads\/2018\/10\/image2-min-1.jpeg","datePublished":"2018-10-11T09:52:17+00:00","dateModified":"2022-05-08T13:59:27+00:00","breadcrumb":{"@id":"https:\/\/www.globalong.com\/blog\/avis-temoignages-globalong\/togo-julia-orphelinat-enfants-afrique-solidarite\/#breadcrumb"},"inLanguage":"fr-FR","potentialAction":[{"@type":"ReadAction","target":["https:\/\/www.globalong.com\/blog\/avis-temoignages-globalong\/togo-julia-orphelinat-enfants-afrique-solidarite\/"]}]},{"@type":"ImageObject","inLanguage":"fr-FR","@id":"https:\/\/www.globalong.com\/blog\/avis-temoignages-globalong\/togo-julia-orphelinat-enfants-afrique-solidarite\/#primaryimage","url":"https:\/\/www.globalong.com\/blog\/wp-content\/uploads\/2018\/10\/image2-min-1.jpeg","contentUrl":"https:\/\/www.globalong.com\/blog\/wp-content\/uploads\/2018\/10\/image2-min-1.jpeg","width":1080,"height":809},{"@type":"BreadcrumbList","@id":"https:\/\/www.globalong.com\/blog\/avis-temoignages-globalong\/togo-julia-orphelinat-enfants-afrique-solidarite\/#breadcrumb","itemListElement":[{"@type":"ListItem","position":1,"name":"Accueil","item":"https:\/\/www.globalong.com\/blog\/"},{"@type":"ListItem","position":2,"name":"T\u00e9moignages et avis de volontaires Globalong","item":"https:\/\/www.globalong.com\/blog\/avis-temoignages-globalong\/"},{"@type":"ListItem","position":3,"name":"Togo &#8211; Julia"}]},{"@type":"WebSite","@id":"https:\/\/www.globalong.com\/blog\/#website","url":"https:\/\/www.globalong.com\/blog\/","name":"https:\/\/www.globalong.com\/","description":"Mission humanitaire, stage \u00e9tudiant et voyage linguistique","publisher":{"@id":"https:\/\/www.globalong.com\/blog\/#organization"},"potentialAction":[{"@type":"SearchAction","target":{"@type":"EntryPoint","urlTemplate":"https:\/\/www.globalong.com\/blog\/?s={search_term_string}"},"query-input":{"@type":"PropertyValueSpecification","valueRequired":true,"valueName":"search_term_string"}}],"inLanguage":"fr-FR"},{"@type":"Organization","@id":"https:\/\/www.globalong.com\/blog\/#organization","name":"Association Globalong","url":"https:\/\/www.globalong.com\/blog\/","logo":{"@type":"ImageObject","inLanguage":"fr-FR","@id":"https:\/\/www.globalong.com\/blog\/#\/schema\/logo\/image\/","url":"https:\/\/www.globalong.com\/blog\/wp-content\/uploads\/2014\/11\/cropped-cropped-Logo-et-Afrique-Globalong-petite-taille-2.jpg","contentUrl":"https:\/\/www.globalong.com\/blog\/wp-content\/uploads\/2014\/11\/cropped-cropped-Logo-et-Afrique-Globalong-petite-taille-2.jpg","width":512,"height":512,"caption":"Association Globalong"},"image":{"@id":"https:\/\/www.globalong.com\/blog\/#\/schema\/logo\/image\/"},"sameAs":["https:\/\/www.facebook.com\/globalong"]}]}},"_links":{"self":[{"href":"https:\/\/www.globalong.com\/blog\/wp-json\/wp\/v2\/pages\/11685"}],"collection":[{"href":"https:\/\/www.globalong.com\/blog\/wp-json\/wp\/v2\/pages"}],"about":[{"href":"https:\/\/www.globalong.com\/blog\/wp-json\/wp\/v2\/types\/page"}],"author":[{"embeddable":true,"href":"https:\/\/www.globalong.com\/blog\/wp-json\/wp\/v2\/users\/5"}],"replies":[{"embeddable":true,"href":"https:\/\/www.globalong.com\/blog\/wp-json\/wp\/v2\/comments?post=11685"}],"version-history":[{"count":47,"href":"https:\/\/www.globalong.com\/blog\/wp-json\/wp\/v2\/pages\/11685\/revisions"}],"predecessor-version":[{"id":14597,"href":"https:\/\/www.globalong.com\/blog\/wp-json\/wp\/v2\/pages\/11685\/revisions\/14597"}],"up":[{"embeddable":true,"href":"https:\/\/www.globalong.com\/blog\/wp-json\/wp\/v2\/pages\/883"}],"wp:featuredmedia":[{"embeddable":true,"href":"https:\/\/www.globalong.com\/blog\/wp-json\/wp\/v2\/media\/11706"}],"wp:attachment":[{"href":"https:\/\/www.globalong.com\/blog\/wp-json\/wp\/v2\/media?parent=11685"}],"curies":[{"name":"wp","href":"https:\/\/api.w.org\/{rel}","templated":true}]}}