{"id":1171,"date":"2016-02-29T15:26:35","date_gmt":"2016-02-29T14:26:35","guid":{"rendered":"https:\/\/www.globalong.com\/blog\/?page_id=1171"},"modified":"2022-01-24T09:57:09","modified_gmt":"2022-01-24T08:57:09","slug":"bolivie-ben","status":"publish","type":"page","link":"https:\/\/www.globalong.com\/blog\/avis-temoignages-globalong\/bolivie-ben\/","title":{"rendered":"Bolivie &#8211; Ben"},"content":{"rendered":"<p class=\"p1\" style=\"text-align: center;\"><span style=\"color: #b81657;\"><strong><span class=\"s1\">T\u00e9moignage de Ben, volontaire avec Globalong en Bolivie<\/span><\/strong><\/span><\/p>\n<p class=\"p1\" style=\"text-align: justify;\"><span class=\"s1\"><a href=\"https:\/\/www.globalong.com\/blog\/wp-content\/uploads\/2016\/02\/22-San-Miguel-Rurrenabaque-15.13-02.avr_.2015.jpg\"><img loading=\"lazy\" decoding=\"async\" class=\"size-medium wp-image-1172 aligncenter\" src=\"https:\/\/www.globalong.com\/blog\/wp-content\/uploads\/2016\/02\/22-San-Miguel-Rurrenabaque-15.13-02.avr_.2015-300x200.jpg\" alt=\"22-San-Miguel-Rurrenabaque-15.13-02.avr_.2015\" width=\"300\" height=\"200\" srcset=\"https:\/\/www.globalong.com\/blog\/wp-content\/uploads\/2016\/02\/22-San-Miguel-Rurrenabaque-15.13-02.avr_.2015-300x200.jpg 300w, https:\/\/www.globalong.com\/blog\/wp-content\/uploads\/2016\/02\/22-San-Miguel-Rurrenabaque-15.13-02.avr_.2015-1024x683.jpg 1024w, https:\/\/www.globalong.com\/blog\/wp-content\/uploads\/2016\/02\/22-San-Miguel-Rurrenabaque-15.13-02.avr_.2015-150x100.jpg 150w, https:\/\/www.globalong.com\/blog\/wp-content\/uploads\/2016\/02\/22-San-Miguel-Rurrenabaque-15.13-02.avr_.2015.jpg 1600w\" sizes=\"(max-width: 300px) 100vw, 300px\" \/><\/a>Je suis parti en Bolivie avec Globalong. A Sucre pour apprendre l\u2019espagnol et \u00e0 San Miguel del Bala (Rurrenabaque) pour le volontariat. Dans mon voyage de 6 mois, je voulais faire 2 choses apprendre l&rsquo;espagnol dans une famille, et ensuite, \u00eatre volontaire dans un parc ou autre pour participer au d\u00e9veloppement \u00e9cologique. <\/span><\/p>\n<p class=\"p1\" style=\"text-align: justify;\"><span class=\"s1\"> La p\u00e9riode d\u2019introduction et de cours de langue \u00e9tait excellente.<\/span><\/p>\n<p class=\"p1\" style=\"text-align: justify;\"><span class=\"s1\"> Le volontariat s\u2019est tr\u00e8s bien d\u00e9roul\u00e9 aussi. Il s\u2019agit vraiment d\u2019une exp\u00e9rience inoubliable o\u00f9 j\u2019ai fais des rencontres tr\u00e8s int\u00e9ressantes. <\/span><\/p>\n<p class=\"p1\" style=\"text-align: justify;\"><span class=\"s1\"><a href=\"https:\/\/www.globalong.com\/blog\/wp-content\/uploads\/2016\/02\/11-Rurrenabaque-San-Miguel-Voyage-Rurrenabaque-18.41-31.mars2015.jpg\" rel=\"attachment wp-att-1989\"><img loading=\"lazy\" decoding=\"async\" class=\"size-medium wp-image-1989 aligncenter\" src=\"https:\/\/www.globalong.com\/blog\/wp-content\/uploads\/2016\/02\/11-Rurrenabaque-San-Miguel-Voyage-Rurrenabaque-18.41-31.mars2015-300x200.jpg\" alt=\"11-Rurrenabaque-San-Miguel-Voyage-Rurrenabaque-18.41-31.mars2015\" width=\"300\" height=\"200\" srcset=\"https:\/\/www.globalong.com\/blog\/wp-content\/uploads\/2016\/02\/11-Rurrenabaque-San-Miguel-Voyage-Rurrenabaque-18.41-31.mars2015-300x200.jpg 300w, https:\/\/www.globalong.com\/blog\/wp-content\/uploads\/2016\/02\/11-Rurrenabaque-San-Miguel-Voyage-Rurrenabaque-18.41-31.mars2015-768x512.jpg 768w, https:\/\/www.globalong.com\/blog\/wp-content\/uploads\/2016\/02\/11-Rurrenabaque-San-Miguel-Voyage-Rurrenabaque-18.41-31.mars2015-1024x683.jpg 1024w, https:\/\/www.globalong.com\/blog\/wp-content\/uploads\/2016\/02\/11-Rurrenabaque-San-Miguel-Voyage-Rurrenabaque-18.41-31.mars2015-150x100.jpg 150w, https:\/\/www.globalong.com\/blog\/wp-content\/uploads\/2016\/02\/11-Rurrenabaque-San-Miguel-Voyage-Rurrenabaque-18.41-31.mars2015.jpg 1600w\" sizes=\"(max-width: 300px) 100vw, 300px\" \/><\/a>J\u2019ai m\u00eame pu aller visiter Potosi, et apr\u00e8s le volontariat, j&rsquo;ai fait un tour dans les \u00ab\u00a0pampas\u00a0\u00bb.<\/span><\/p>\n<p class=\"p4\" style=\"text-align: justify;\"><b> <\/b><span class=\"s1\">Mon conseil : Dans la jungle, pr\u00e9parez beaucoup d&rsquo;anti-moustique, v\u00eatements long et clairs (pas de noir). Dans la communaut\u00e9, ils vont vous demander d&rsquo;enseigner de l&rsquo;anglais, ce n&rsquo;est pas obligatoire mais ils y tiennent beaucoup. <\/span><\/p>\n<p class=\"p4\" style=\"text-align: justify;\"><span class=\"s1\"><br \/>\n<\/span>Pr\u00e9parez donc quelque jeux pour les plus petits, et les cours. J&rsquo;\u00e9tais vraiment pris au d\u00e9pourvu quand on m&rsquo;a mis devant une classe d&rsquo;enfant pour leur <a href=\"https:\/\/www.globalong.com\/blog\/wp-content\/uploads\/2015\/10\/24-San-Miguel-Rurrenabaque-15.18-02.avr_.2015-copie.jpg\" rel=\"attachment wp-att-1856\"><img loading=\"lazy\" decoding=\"async\" class=\"size-medium wp-image-1856 aligncenter\" src=\"https:\/\/www.globalong.com\/blog\/wp-content\/uploads\/2015\/10\/24-San-Miguel-Rurrenabaque-15.18-02.avr_.2015-copie-300x142.jpg\" alt=\"24-San-Miguel-Rurrenabaque-15.18-02.avr_.2015 - copie\" width=\"300\" height=\"142\" srcset=\"https:\/\/www.globalong.com\/blog\/wp-content\/uploads\/2015\/10\/24-San-Miguel-Rurrenabaque-15.18-02.avr_.2015-copie-300x142.jpg 300w, https:\/\/www.globalong.com\/blog\/wp-content\/uploads\/2015\/10\/24-San-Miguel-Rurrenabaque-15.18-02.avr_.2015-copie-768x363.jpg 768w, https:\/\/www.globalong.com\/blog\/wp-content\/uploads\/2015\/10\/24-San-Miguel-Rurrenabaque-15.18-02.avr_.2015-copie-1024x484.jpg 1024w, https:\/\/www.globalong.com\/blog\/wp-content\/uploads\/2015\/10\/24-San-Miguel-Rurrenabaque-15.18-02.avr_.2015-copie-150x71.jpg 150w, https:\/\/www.globalong.com\/blog\/wp-content\/uploads\/2015\/10\/24-San-Miguel-Rurrenabaque-15.18-02.avr_.2015-copie.jpg 1180w\" sizes=\"(max-width: 300px) 100vw, 300px\" \/><\/a>apprendre l&rsquo;anglais. Pour le reste, ne soyez pas difficile niveau nourriture, hygi\u00e8ne et intimit\u00e9. Et surtout pr\u00e9parez-vous \u00e0 une exp\u00e9rience inoubliable !<\/p>\n<p class=\"p4\" style=\"text-align: justify;\"><span class=\"s1\"> Je recommanderai Globalong \u00e0 un ami.<\/span><\/p>\n<p>Ben partage avec nous quelques instants v\u00e9cus en Bolivie, d\u00e9couvrez ses photos <span style=\"text-decoration: underline;\"><a href=\"https:\/\/www.flickr.com\/photos\/globalong\/albums\/72157664552261469\" target=\"_blank\" rel=\"noopener\">ici<\/a><\/span> !<\/p>\n<p>&nbsp;<\/p>\n<p class=\"p4\" style=\"text-align: center;\">Vous aussi participez \u00e0 un <span style=\"text-decoration: underline;\"><a href=\"https:\/\/www.globalong.com\/sejour-langues-et-benevolat\/bolivie-foret.html\" target=\"_blank\" rel=\"noopener\">programme d&rsquo;\u00e9covolontariat en Bolivie<\/a><\/span>\u00a0!<\/p>\n<p>&nbsp;<\/p>\n<p class=\"p4\" style=\"text-align: center;\">N&rsquo;h\u00e9sitez pas \u00e0 nous contacter pour plus d&rsquo;informations \u00e0 <span style=\"text-decoration: underline; color: #b81657;\"><a style=\"color: #b81657; text-decoration: underline;\" href=\"mailto:info@globalong.com\">info@globalong.com<\/a><\/span><\/p>\n<p class=\"p4\" style=\"text-align: center;\">\n","protected":false},"excerpt":{"rendered":"<p>T\u00e9moignage de Ben, volontaire avec Globalong en Bolivie Je suis parti en Bolivie avec Globalong. A Sucre pour apprendre l\u2019espagnol et \u00e0 San Miguel del Bala (Rurrenabaque) pour le volontariat. Dans mon voyage de 6 mois, je voulais faire 2 choses apprendre l&rsquo;espagnol dans une famille, et ensuite, \u00eatre volontaire dans un parc ou autre [&hellip;]<\/p>\n","protected":false},"author":3,"featured_media":14089,"parent":883,"menu_order":0,"comment_status":"open","ping_status":"closed","template":"","meta":{"footnotes":""},"yoast_head":"<!-- This site is optimized with the Yoast SEO Premium plugin v23.4 (Yoast SEO v23.4) - https:\/\/yoast.com\/wordpress\/plugins\/seo\/ -->\n<title>Bolivie - Ben - Association Globalong<\/title>\n<meta name=\"robots\" content=\"index, follow, max-snippet:-1, max-image-preview:large, max-video-preview:-1\" \/>\n<link rel=\"canonical\" href=\"https:\/\/www.globalong.com\/blog\/avis-temoignages-globalong\/bolivie-ben\/\" \/>\n<meta property=\"og:locale\" content=\"fr_FR\" \/>\n<meta property=\"og:type\" content=\"article\" \/>\n<meta property=\"og:title\" content=\"Bolivie - Ben\" \/>\n<meta property=\"og:description\" content=\"T\u00e9moignage de Ben, volontaire avec Globalong en Bolivie Je suis parti en Bolivie avec Globalong. A Sucre pour apprendre l\u2019espagnol et \u00e0 San Miguel del Bala (Rurrenabaque) pour le volontariat. Dans mon voyage de 6 mois, je voulais faire 2 choses apprendre l&rsquo;espagnol dans une famille, et ensuite, \u00eatre volontaire dans un parc ou autre [&hellip;]\" \/>\n<meta property=\"og:url\" content=\"https:\/\/www.globalong.com\/blog\/avis-temoignages-globalong\/bolivie-ben\/\" \/>\n<meta property=\"og:site_name\" content=\"Association Globalong\" \/>\n<meta property=\"article:publisher\" content=\"https:\/\/www.facebook.com\/globalong\" \/>\n<meta property=\"article:modified_time\" content=\"2022-01-24T08:57:09+00:00\" \/>\n<meta property=\"og:image\" content=\"https:\/\/www.globalong.com\/blog\/wp-content\/uploads\/2022\/01\/2-Rurrenabaque-San-Miguel-Voyage-Rurrenabaque-18.08-23.mars2015.jpg\" \/>\n\t<meta property=\"og:image:width\" content=\"1600\" \/>\n\t<meta property=\"og:image:height\" content=\"1067\" \/>\n\t<meta property=\"og:image:type\" content=\"image\/jpeg\" \/>\n<meta name=\"twitter:card\" content=\"summary_large_image\" \/>\n<meta name=\"twitter:label1\" content=\"Dur\u00e9e de lecture estim\u00e9e\" \/>\n\t<meta name=\"twitter:data1\" content=\"1 minute\" \/>\n<script type=\"application\/ld+json\" class=\"yoast-schema-graph\">{\"@context\":\"https:\/\/schema.org\",\"@graph\":[{\"@type\":\"WebPage\",\"@id\":\"https:\/\/www.globalong.com\/blog\/avis-temoignages-globalong\/bolivie-ben\/\",\"url\":\"https:\/\/www.globalong.com\/blog\/avis-temoignages-globalong\/bolivie-ben\/\",\"name\":\"Bolivie - Ben - Association Globalong\",\"isPartOf\":{\"@id\":\"https:\/\/www.globalong.com\/blog\/#website\"},\"primaryImageOfPage\":{\"@id\":\"https:\/\/www.globalong.com\/blog\/avis-temoignages-globalong\/bolivie-ben\/#primaryimage\"},\"image\":{\"@id\":\"https:\/\/www.globalong.com\/blog\/avis-temoignages-globalong\/bolivie-ben\/#primaryimage\"},\"thumbnailUrl\":\"https:\/\/www.globalong.com\/blog\/wp-content\/uploads\/2022\/01\/2-Rurrenabaque-San-Miguel-Voyage-Rurrenabaque-18.08-23.mars2015.jpg\",\"datePublished\":\"2016-02-29T14:26:35+00:00\",\"dateModified\":\"2022-01-24T08:57:09+00:00\",\"breadcrumb\":{\"@id\":\"https:\/\/www.globalong.com\/blog\/avis-temoignages-globalong\/bolivie-ben\/#breadcrumb\"},\"inLanguage\":\"fr-FR\",\"potentialAction\":[{\"@type\":\"ReadAction\",\"target\":[\"https:\/\/www.globalong.com\/blog\/avis-temoignages-globalong\/bolivie-ben\/\"]}]},{\"@type\":\"ImageObject\",\"inLanguage\":\"fr-FR\",\"@id\":\"https:\/\/www.globalong.com\/blog\/avis-temoignages-globalong\/bolivie-ben\/#primaryimage\",\"url\":\"https:\/\/www.globalong.com\/blog\/wp-content\/uploads\/2022\/01\/2-Rurrenabaque-San-Miguel-Voyage-Rurrenabaque-18.08-23.mars2015.jpg\",\"contentUrl\":\"https:\/\/www.globalong.com\/blog\/wp-content\/uploads\/2022\/01\/2-Rurrenabaque-San-Miguel-Voyage-Rurrenabaque-18.08-23.mars2015.jpg\",\"width\":1600,\"height\":1067},{\"@type\":\"BreadcrumbList\",\"@id\":\"https:\/\/www.globalong.com\/blog\/avis-temoignages-globalong\/bolivie-ben\/#breadcrumb\",\"itemListElement\":[{\"@type\":\"ListItem\",\"position\":1,\"name\":\"Accueil\",\"item\":\"https:\/\/www.globalong.com\/blog\/\"},{\"@type\":\"ListItem\",\"position\":2,\"name\":\"T\u00e9moignages et avis de volontaires Globalong\",\"item\":\"https:\/\/www.globalong.com\/blog\/avis-temoignages-globalong\/\"},{\"@type\":\"ListItem\",\"position\":3,\"name\":\"Bolivie &#8211; Ben\"}]},{\"@type\":\"WebSite\",\"@id\":\"https:\/\/www.globalong.com\/blog\/#website\",\"url\":\"https:\/\/www.globalong.com\/blog\/\",\"name\":\"https:\/\/www.globalong.com\/\",\"description\":\"Mission humanitaire, stage \u00e9tudiant et voyage linguistique\",\"publisher\":{\"@id\":\"https:\/\/www.globalong.com\/blog\/#organization\"},\"potentialAction\":[{\"@type\":\"SearchAction\",\"target\":{\"@type\":\"EntryPoint\",\"urlTemplate\":\"https:\/\/www.globalong.com\/blog\/?s={search_term_string}\"},\"query-input\":{\"@type\":\"PropertyValueSpecification\",\"valueRequired\":true,\"valueName\":\"search_term_string\"}}],\"inLanguage\":\"fr-FR\"},{\"@type\":\"Organization\",\"@id\":\"https:\/\/www.globalong.com\/blog\/#organization\",\"name\":\"Association Globalong\",\"url\":\"https:\/\/www.globalong.com\/blog\/\",\"logo\":{\"@type\":\"ImageObject\",\"inLanguage\":\"fr-FR\",\"@id\":\"https:\/\/www.globalong.com\/blog\/#\/schema\/logo\/image\/\",\"url\":\"https:\/\/www.globalong.com\/blog\/wp-content\/uploads\/2014\/11\/cropped-cropped-Logo-et-Afrique-Globalong-petite-taille-2.jpg\",\"contentUrl\":\"https:\/\/www.globalong.com\/blog\/wp-content\/uploads\/2014\/11\/cropped-cropped-Logo-et-Afrique-Globalong-petite-taille-2.jpg\",\"width\":512,\"height\":512,\"caption\":\"Association Globalong\"},\"image\":{\"@id\":\"https:\/\/www.globalong.com\/blog\/#\/schema\/logo\/image\/\"},\"sameAs\":[\"https:\/\/www.facebook.com\/globalong\"]}]}<\/script>\n<!-- \/ Yoast SEO Premium plugin. -->","yoast_head_json":{"title":"Bolivie - Ben - Association Globalong","robots":{"index":"index","follow":"follow","max-snippet":"max-snippet:-1","max-image-preview":"max-image-preview:large","max-video-preview":"max-video-preview:-1"},"canonical":"https:\/\/www.globalong.com\/blog\/avis-temoignages-globalong\/bolivie-ben\/","og_locale":"fr_FR","og_type":"article","og_title":"Bolivie - Ben","og_description":"T\u00e9moignage de Ben, volontaire avec Globalong en Bolivie Je suis parti en Bolivie avec Globalong. A Sucre pour apprendre l\u2019espagnol et \u00e0 San Miguel del Bala (Rurrenabaque) pour le volontariat. Dans mon voyage de 6 mois, je voulais faire 2 choses apprendre l&rsquo;espagnol dans une famille, et ensuite, \u00eatre volontaire dans un parc ou autre [&hellip;]","og_url":"https:\/\/www.globalong.com\/blog\/avis-temoignages-globalong\/bolivie-ben\/","og_site_name":"Association Globalong","article_publisher":"https:\/\/www.facebook.com\/globalong","article_modified_time":"2022-01-24T08:57:09+00:00","og_image":[{"width":1600,"height":1067,"url":"https:\/\/www.globalong.com\/blog\/wp-content\/uploads\/2022\/01\/2-Rurrenabaque-San-Miguel-Voyage-Rurrenabaque-18.08-23.mars2015.jpg","type":"image\/jpeg"}],"twitter_card":"summary_large_image","twitter_misc":{"Dur\u00e9e de lecture estim\u00e9e":"1 minute"},"schema":{"@context":"https:\/\/schema.org","@graph":[{"@type":"WebPage","@id":"https:\/\/www.globalong.com\/blog\/avis-temoignages-globalong\/bolivie-ben\/","url":"https:\/\/www.globalong.com\/blog\/avis-temoignages-globalong\/bolivie-ben\/","name":"Bolivie - Ben - Association Globalong","isPartOf":{"@id":"https:\/\/www.globalong.com\/blog\/#website"},"primaryImageOfPage":{"@id":"https:\/\/www.globalong.com\/blog\/avis-temoignages-globalong\/bolivie-ben\/#primaryimage"},"image":{"@id":"https:\/\/www.globalong.com\/blog\/avis-temoignages-globalong\/bolivie-ben\/#primaryimage"},"thumbnailUrl":"https:\/\/www.globalong.com\/blog\/wp-content\/uploads\/2022\/01\/2-Rurrenabaque-San-Miguel-Voyage-Rurrenabaque-18.08-23.mars2015.jpg","datePublished":"2016-02-29T14:26:35+00:00","dateModified":"2022-01-24T08:57:09+00:00","breadcrumb":{"@id":"https:\/\/www.globalong.com\/blog\/avis-temoignages-globalong\/bolivie-ben\/#breadcrumb"},"inLanguage":"fr-FR","potentialAction":[{"@type":"ReadAction","target":["https:\/\/www.globalong.com\/blog\/avis-temoignages-globalong\/bolivie-ben\/"]}]},{"@type":"ImageObject","inLanguage":"fr-FR","@id":"https:\/\/www.globalong.com\/blog\/avis-temoignages-globalong\/bolivie-ben\/#primaryimage","url":"https:\/\/www.globalong.com\/blog\/wp-content\/uploads\/2022\/01\/2-Rurrenabaque-San-Miguel-Voyage-Rurrenabaque-18.08-23.mars2015.jpg","contentUrl":"https:\/\/www.globalong.com\/blog\/wp-content\/uploads\/2022\/01\/2-Rurrenabaque-San-Miguel-Voyage-Rurrenabaque-18.08-23.mars2015.jpg","width":1600,"height":1067},{"@type":"BreadcrumbList","@id":"https:\/\/www.globalong.com\/blog\/avis-temoignages-globalong\/bolivie-ben\/#breadcrumb","itemListElement":[{"@type":"ListItem","position":1,"name":"Accueil","item":"https:\/\/www.globalong.com\/blog\/"},{"@type":"ListItem","position":2,"name":"T\u00e9moignages et avis de volontaires Globalong","item":"https:\/\/www.globalong.com\/blog\/avis-temoignages-globalong\/"},{"@type":"ListItem","position":3,"name":"Bolivie &#8211; Ben"}]},{"@type":"WebSite","@id":"https:\/\/www.globalong.com\/blog\/#website","url":"https:\/\/www.globalong.com\/blog\/","name":"https:\/\/www.globalong.com\/","description":"Mission humanitaire, stage \u00e9tudiant et voyage linguistique","publisher":{"@id":"https:\/\/www.globalong.com\/blog\/#organization"},"potentialAction":[{"@type":"SearchAction","target":{"@type":"EntryPoint","urlTemplate":"https:\/\/www.globalong.com\/blog\/?s={search_term_string}"},"query-input":{"@type":"PropertyValueSpecification","valueRequired":true,"valueName":"search_term_string"}}],"inLanguage":"fr-FR"},{"@type":"Organization","@id":"https:\/\/www.globalong.com\/blog\/#organization","name":"Association Globalong","url":"https:\/\/www.globalong.com\/blog\/","logo":{"@type":"ImageObject","inLanguage":"fr-FR","@id":"https:\/\/www.globalong.com\/blog\/#\/schema\/logo\/image\/","url":"https:\/\/www.globalong.com\/blog\/wp-content\/uploads\/2014\/11\/cropped-cropped-Logo-et-Afrique-Globalong-petite-taille-2.jpg","contentUrl":"https:\/\/www.globalong.com\/blog\/wp-content\/uploads\/2014\/11\/cropped-cropped-Logo-et-Afrique-Globalong-petite-taille-2.jpg","width":512,"height":512,"caption":"Association Globalong"},"image":{"@id":"https:\/\/www.globalong.com\/blog\/#\/schema\/logo\/image\/"},"sameAs":["https:\/\/www.facebook.com\/globalong"]}]}},"_links":{"self":[{"href":"https:\/\/www.globalong.com\/blog\/wp-json\/wp\/v2\/pages\/1171"}],"collection":[{"href":"https:\/\/www.globalong.com\/blog\/wp-json\/wp\/v2\/pages"}],"about":[{"href":"https:\/\/www.globalong.com\/blog\/wp-json\/wp\/v2\/types\/page"}],"author":[{"embeddable":true,"href":"https:\/\/www.globalong.com\/blog\/wp-json\/wp\/v2\/users\/3"}],"replies":[{"embeddable":true,"href":"https:\/\/www.globalong.com\/blog\/wp-json\/wp\/v2\/comments?post=1171"}],"version-history":[{"count":24,"href":"https:\/\/www.globalong.com\/blog\/wp-json\/wp\/v2\/pages\/1171\/revisions"}],"predecessor-version":[{"id":14090,"href":"https:\/\/www.globalong.com\/blog\/wp-json\/wp\/v2\/pages\/1171\/revisions\/14090"}],"up":[{"embeddable":true,"href":"https:\/\/www.globalong.com\/blog\/wp-json\/wp\/v2\/pages\/883"}],"wp:featuredmedia":[{"embeddable":true,"href":"https:\/\/www.globalong.com\/blog\/wp-json\/wp\/v2\/media\/14089"}],"wp:attachment":[{"href":"https:\/\/www.globalong.com\/blog\/wp-json\/wp\/v2\/media?parent=1171"}],"curies":[{"name":"wp","href":"https:\/\/api.w.org\/{rel}","templated":true}]}}