{"id":11736,"date":"2018-10-11T15:12:05","date_gmt":"2018-10-11T13:12:05","guid":{"rendered":"https:\/\/www.globalong.com\/blog\/?page_id=11736"},"modified":"2022-05-08T16:09:17","modified_gmt":"2022-05-08T14:09:17","slug":"vietnam-ann-enseignement-anglais-education-benevole","status":"publish","type":"page","link":"https:\/\/www.globalong.com\/blog\/avis-temoignages-globalong\/vietnam-ann-enseignement-anglais-education-benevole\/","title":{"rendered":"Vietnam &#8211; Ann"},"content":{"rendered":"<p style=\"text-align: center;\"><span style=\"color: #b81657;\"><strong>T\u00e9moignage d&rsquo;Ann,\u00a0adh\u00e9rente de l\u2019<span style=\"text-decoration: underline;\"><a href=\"https:\/\/www.globalong.com\/association-globalong.html\" target=\"_blank\" rel=\"noopener\">association GlobAlong<\/a>\u00a0<\/span>et b\u00e9n\u00e9vole au\u00a0<a href=\"https:\/\/www.globalong.com\/sejour-benevolat\/benevolat-vietnam-humanitaire.html\" target=\"_blank\" rel=\"noopener\"><span style=\"text-decoration: underline;\">Vietnam<\/span><\/a><\/strong><\/span><\/p>\n<p style=\"text-align: justify;\"><a href=\"https:\/\/www.globalong.com\/blog\/wp-content\/uploads\/2018\/10\/IMG-20180909-WA0033-min.jpg\"><img loading=\"lazy\" decoding=\"async\" class=\"size-medium wp-image-11742 aligncenter\" src=\"https:\/\/www.globalong.com\/blog\/wp-content\/uploads\/2018\/10\/IMG-20180909-WA0033-min-300x225.jpg\" alt=\"\" width=\"300\" height=\"225\" srcset=\"https:\/\/www.globalong.com\/blog\/wp-content\/uploads\/2018\/10\/IMG-20180909-WA0033-min-300x225.jpg 300w, https:\/\/www.globalong.com\/blog\/wp-content\/uploads\/2018\/10\/IMG-20180909-WA0033-min-768x576.jpg 768w, https:\/\/www.globalong.com\/blog\/wp-content\/uploads\/2018\/10\/IMG-20180909-WA0033-min-1024x768.jpg 1024w, https:\/\/www.globalong.com\/blog\/wp-content\/uploads\/2018\/10\/IMG-20180909-WA0033-min-150x113.jpg 150w, https:\/\/www.globalong.com\/blog\/wp-content\/uploads\/2018\/10\/IMG-20180909-WA0033-min.jpg 1600w\" sizes=\"(max-width: 300px) 100vw, 300px\" \/><\/a>Je venais de prendre ma retraite et voulais avoir une exp\u00e9rience de plusieurs mois \u00e0 l&rsquo;\u00e9tranger afin de <strong>d\u00e9couvrir une autre culture<\/strong>.<br \/>\nJ&rsquo;avais envie de <strong>donner de mon temps<\/strong> et <strong>faire profiter aux jeunes \u00e9trangers de mon expertise : l&rsquo;enseignement de l&rsquo;anglais.<\/strong><\/p>\n<p style=\"text-align: justify;\"><strong>Tout se passe tr\u00e8s bien ici \u00e0 Hano\u00ef !<\/strong><\/p>\n<p style=\"text-align: justify;\">J&rsquo;ai la chance d&rsquo;avoir une chambre seule, privil\u00e8ge de mon grand \u00a0\u00e2ge (!) et je l&rsquo;appr\u00e9cie vraiment.<\/p>\n<p style=\"text-align: justify;\"><strong>La maison des volontaires est bien entretenue et la nourriture bonne.<\/strong><\/p>\n<p style=\"text-align: justify;\"><a href=\"https:\/\/www.globalong.com\/blog\/wp-content\/uploads\/2018\/10\/IMG-20180909-WA0000-min-1.jpg\"><img loading=\"lazy\" decoding=\"async\" class=\"size-medium wp-image-12189 aligncenter\" src=\"https:\/\/www.globalong.com\/blog\/wp-content\/uploads\/2018\/10\/IMG-20180909-WA0000-min-1-300x225.jpg\" alt=\"\" width=\"300\" height=\"225\" srcset=\"https:\/\/www.globalong.com\/blog\/wp-content\/uploads\/2018\/10\/IMG-20180909-WA0000-min-1-300x225.jpg 300w, https:\/\/www.globalong.com\/blog\/wp-content\/uploads\/2018\/10\/IMG-20180909-WA0000-min-1-768x576.jpg 768w, https:\/\/www.globalong.com\/blog\/wp-content\/uploads\/2018\/10\/IMG-20180909-WA0000-min-1-1024x768.jpg 1024w, https:\/\/www.globalong.com\/blog\/wp-content\/uploads\/2018\/10\/IMG-20180909-WA0000-min-1-150x113.jpg 150w, https:\/\/www.globalong.com\/blog\/wp-content\/uploads\/2018\/10\/IMG-20180909-WA0000-min-1.jpg 1600w\" sizes=\"(max-width: 300px) 100vw, 300px\" \/><\/a>Il y a une <strong>vingtaine de b\u00e9n\u00e9voles de diverses nationalit\u00e9s<\/strong> et <strong>une tr\u00e8s bonne ambiance<\/strong>.<\/p>\n<p style=\"text-align: justify;\">Pendant la p\u00e9riode d&rsquo;introduction, on a eu <strong>une pr\u00e9sentation g\u00e9n\u00e9rale<\/strong>, <strong>une visite de la maison des b\u00e9n\u00e9voles<\/strong>, <strong>une visite du quartier<\/strong> et <strong>une journ\u00e9e de d\u00e9couverte \u00e0 Hano\u00ef<\/strong>. On a eu aussi <strong>une courte le\u00e7on de vietnamien<\/strong>, pas tr\u00e8s utile. Peut-\u00eatre auraient-ils pu proposer d&rsquo;autres cours pendant le s\u00e9jour ou des \u00e9changes anglais\/vietnamien ?<\/p>\n<p style=\"text-align: justify;\">Pendant la p\u00e9riode de b\u00e9n\u00e9volat,<strong> j&rsquo;ai \u00e9t\u00e9 extr\u00eamement bien accueillie par le personnel vietnamien et les jeunes internes du centre de formation<\/strong>.<\/p>\n<p style=\"text-align: justify;\"><strong><a href=\"https:\/\/www.globalong.com\/blog\/wp-content\/uploads\/2018\/10\/IMG-20180909-WA0020-min-1.jpg\"><img loading=\"lazy\" decoding=\"async\" class=\"size-medium wp-image-12191 aligncenter\" src=\"https:\/\/www.globalong.com\/blog\/wp-content\/uploads\/2018\/10\/IMG-20180909-WA0020-min-1-300x225.jpg\" alt=\"\" width=\"300\" height=\"225\" srcset=\"https:\/\/www.globalong.com\/blog\/wp-content\/uploads\/2018\/10\/IMG-20180909-WA0020-min-1-300x225.jpg 300w, https:\/\/www.globalong.com\/blog\/wp-content\/uploads\/2018\/10\/IMG-20180909-WA0020-min-1-768x576.jpg 768w, https:\/\/www.globalong.com\/blog\/wp-content\/uploads\/2018\/10\/IMG-20180909-WA0020-min-1-1024x768.jpg 1024w, https:\/\/www.globalong.com\/blog\/wp-content\/uploads\/2018\/10\/IMG-20180909-WA0020-min-1-150x113.jpg 150w, https:\/\/www.globalong.com\/blog\/wp-content\/uploads\/2018\/10\/IMG-20180909-WA0020-min-1.jpg 1600w\" sizes=\"(max-width: 300px) 100vw, 300px\" \/><\/a>Le coordinateur local ainsi que le responsable \u00e0 l&rsquo;universit\u00e9 \u00e9taient tr\u00e8s accueillants et r\u00e9actifs. <\/strong><\/p>\n<p style=\"text-align: justify;\">Je m&rsquo;\u00e9tais inscrite pour enseigner aux <strong>jeunes d\u00e9favoris\u00e9s<\/strong>, mais en fait, j&rsquo;ai donn\u00e9 des cours aux <strong>\u00e9tudiants<\/strong> d&rsquo;une universit\u00e9 \u00e0 Hano\u00ef, qui ne sont pas pour moi \u00ab\u00a0d\u00e9favoris\u00e9s\u00a0\u00bb.<br \/>\nJ&rsquo;en ai discut\u00e9 avec le <strong>coordinateur local<\/strong> et, alors, <strong>j&rsquo;ai bien compris l&rsquo;utilit\u00e9 de mon intervention pour ces jeunes.<br \/>\n<\/strong>La plupart viennent de la campagne autour de Hano\u00ef et ils n&rsquo;ont jamais eu l&rsquo;occasion de rencontrer des Europ\u00e9ens.<br \/>\n<a href=\"https:\/\/www.globalong.com\/blog\/wp-content\/uploads\/2018\/10\/Camille-en-asie-avec-Globalong-min.jpg\"><img loading=\"lazy\" decoding=\"async\" class=\"wp-image-12194 size-medium aligncenter\" src=\"https:\/\/www.globalong.com\/blog\/wp-content\/uploads\/2018\/10\/Camille-en-asie-avec-Globalong-min-300x169.jpg\" alt=\"\" width=\"300\" height=\"169\" srcset=\"https:\/\/www.globalong.com\/blog\/wp-content\/uploads\/2018\/10\/Camille-en-asie-avec-Globalong-min-300x169.jpg 300w, https:\/\/www.globalong.com\/blog\/wp-content\/uploads\/2018\/10\/Camille-en-asie-avec-Globalong-min-768x432.jpg 768w, https:\/\/www.globalong.com\/blog\/wp-content\/uploads\/2018\/10\/Camille-en-asie-avec-Globalong-min-1024x576.jpg 1024w, https:\/\/www.globalong.com\/blog\/wp-content\/uploads\/2018\/10\/Camille-en-asie-avec-Globalong-min-150x84.jpg 150w\" sizes=\"(max-width: 300px) 100vw, 300px\" \/><\/a>Les cours d&rsquo;anglais servaient \u00e0 <strong>leur ouvrir l&rsquo;esprit sur l&rsquo;international<\/strong>, <strong>leur pr\u00e9senter notre culture et notre fa\u00e7on de vivre<\/strong> et bien s\u00fbr, <strong>l&rsquo;accent britannique<\/strong>.<\/p>\n<p style=\"text-align: justify;\">J&rsquo;avais 13 cours de 1h45 par semaine et <strong>j&rsquo;\u00e9tais bien entour\u00e9e par mon coordinateur local\u00a0ainsi que par le responsable de cours \u00e0 la facult\u00e9<\/strong>.<\/p>\n<p style=\"text-align: justify;\">Par contre, les plans de cours propos\u00e9s n&rsquo;\u00e9taient pas tr\u00e8s utiles. <a href=\"https:\/\/www.globalong.com\/blog\/wp-content\/uploads\/2018\/10\/camille-avec-globalong-au-vietnam-min.jpg\"><img loading=\"lazy\" decoding=\"async\" class=\"size-medium wp-image-12196 aligncenter\" src=\"https:\/\/www.globalong.com\/blog\/wp-content\/uploads\/2018\/10\/camille-avec-globalong-au-vietnam-min-300x169.jpg\" alt=\"\" width=\"300\" height=\"169\" srcset=\"https:\/\/www.globalong.com\/blog\/wp-content\/uploads\/2018\/10\/camille-avec-globalong-au-vietnam-min-300x169.jpg 300w, https:\/\/www.globalong.com\/blog\/wp-content\/uploads\/2018\/10\/camille-avec-globalong-au-vietnam-min-768x432.jpg 768w, https:\/\/www.globalong.com\/blog\/wp-content\/uploads\/2018\/10\/camille-avec-globalong-au-vietnam-min-1024x576.jpg 1024w, https:\/\/www.globalong.com\/blog\/wp-content\/uploads\/2018\/10\/camille-avec-globalong-au-vietnam-min-150x84.jpg 150w\" sizes=\"(max-width: 300px) 100vw, 300px\" \/><\/a><strong>J&rsquo;ai \u00e9labor\u00e9 mes propres le\u00e7ons<\/strong>. Le niveau des \u00e9tudiants n&rsquo;\u00e9tait pas tr\u00e8s \u00e9lev\u00e9 mais <strong>la plupart \u00e9taient int\u00e9ress\u00e9s et motiv\u00e9s<\/strong>.<br \/>\n<strong><br \/>\nLe premier week-end a \u00e9t\u00e9 bien rempli<\/strong>, avec <strong>visite guid\u00e9e d&rsquo;Hano\u00ef par les stagiaires vietnamiens<\/strong> samedi et <strong>visite de la r\u00e9gion de Ninh Binh organis\u00e9e par des volontaires<\/strong> dimanche. <strong>La croisi\u00e8re dans la baie de Halong est \u00e0 faire absolument !<\/strong><\/p>\n<p style=\"text-align: justify;\"><a href=\"https:\/\/www.globalong.com\/blog\/wp-content\/uploads\/2018\/10\/Globalong-min.jpg\"><img loading=\"lazy\" decoding=\"async\" class=\"size-medium wp-image-12199 aligncenter\" src=\"https:\/\/www.globalong.com\/blog\/wp-content\/uploads\/2018\/10\/Globalong-min-300x169.jpg\" alt=\"\" width=\"300\" height=\"169\" srcset=\"https:\/\/www.globalong.com\/blog\/wp-content\/uploads\/2018\/10\/Globalong-min-300x169.jpg 300w, https:\/\/www.globalong.com\/blog\/wp-content\/uploads\/2018\/10\/Globalong-min-768x432.jpg 768w, https:\/\/www.globalong.com\/blog\/wp-content\/uploads\/2018\/10\/Globalong-min-150x84.jpg 150w, https:\/\/www.globalong.com\/blog\/wp-content\/uploads\/2018\/10\/Globalong-min.jpg 960w\" sizes=\"(max-width: 300px) 100vw, 300px\" \/><\/a>J&rsquo;ai sympathis\u00e9 avec Sophie, une volontaire suisse qui est venue comme moi par le biais de <a href=\"https:\/\/www.globalong.com\/apropos.html\" target=\"_blank\" rel=\"noopener\"><span style=\"text-decoration: underline; color: #b81657;\"><strong>Globalong<\/strong><\/span><\/a>.<\/p>\n<p style=\"text-align: justify;\"><strong>C&rsquo;\u00e9tait une tr\u00e8s belle exp\u00e9rience, je repartirai sans doute&#8230;<\/strong><\/p>\n<p style=\"text-align: justify;\">Mon conseil aux futurs b\u00e9n\u00e9voles \u00e0 Hano\u00ef ? <strong>Enjoy !<\/strong><\/p>\n<p style=\"text-align: justify;\"><strong>Merci encore pour tout.<\/strong><\/p>\n<p style=\"text-align: justify;\">Cordialement,<\/p>\n<p style=\"text-align: justify;\">Ann<\/p>\n<p style=\"text-align: center;\">N\u2019h\u00e9sitez pas \u00e0 nous contacter pour plus d\u2019informations \u00e0\u00a0<a href=\"mailto:info@globalong.com\" target=\"_blank\" rel=\"noopener\"><span style=\"text-decoration: underline; color: #b81657;\"><strong>info@globalong.com<\/strong><\/span><\/a><\/p>\n<p style=\"text-align: center;\"><a href=\"https:\/\/www.flickr.com\/photos\/globalong\/sets\/72157639806172666\" target=\"_blank\" rel=\"noopener\"><span style=\"text-decoration: underline; color: #b81657;\"><strong>D\u00e9couvrez plus de photos de nos adh\u00e9rents engag\u00e9s au Vietnam !<\/strong><\/span><\/a><\/p>\n<p style=\"text-align: center;\"><a href=\"https:\/\/www.globalong.com\/sejour-benevolat\/benevolat-vietnam-humanitaire.html\" target=\"_blank\" rel=\"noopener\"><span style=\"text-decoration: underline; color: #b81657;\"><strong>D\u00e9couvrez les programmes humanitaires \u00e0 Hano\u00ef !<\/strong><\/span><\/a><\/p>\n","protected":false},"excerpt":{"rendered":"<p>T\u00e9moignage d&rsquo;Ann,\u00a0adh\u00e9rente de l\u2019association GlobAlong\u00a0et b\u00e9n\u00e9vole au\u00a0Vietnam Je venais de prendre ma retraite et voulais avoir une exp\u00e9rience de plusieurs mois \u00e0 l&rsquo;\u00e9tranger afin de d\u00e9couvrir une autre culture. J&rsquo;avais envie de donner de mon temps et faire profiter aux jeunes \u00e9trangers de mon expertise : l&rsquo;enseignement de l&rsquo;anglais. Tout se passe tr\u00e8s bien ici [&hellip;]<\/p>\n","protected":false},"author":5,"featured_media":8806,"parent":883,"menu_order":0,"comment_status":"closed","ping_status":"closed","template":"","meta":{"footnotes":""},"yoast_head":"<!-- This site is optimized with the Yoast SEO Premium plugin v23.4 (Yoast SEO v23.4) - https:\/\/yoast.com\/wordpress\/plugins\/seo\/ -->\n<title>Vietnam - Ann - Association Globalong<\/title>\n<meta name=\"robots\" content=\"index, follow, max-snippet:-1, max-image-preview:large, max-video-preview:-1\" \/>\n<link rel=\"canonical\" href=\"https:\/\/www.globalong.com\/blog\/avis-temoignages-globalong\/vietnam-ann-enseignement-anglais-education-benevole\/\" \/>\n<meta property=\"og:locale\" content=\"fr_FR\" \/>\n<meta property=\"og:type\" content=\"article\" \/>\n<meta property=\"og:title\" content=\"Vietnam - Ann\" \/>\n<meta property=\"og:description\" content=\"T\u00e9moignage d&rsquo;Ann,\u00a0adh\u00e9rente de l\u2019association GlobAlong\u00a0et b\u00e9n\u00e9vole au\u00a0Vietnam Je venais de prendre ma retraite et voulais avoir une exp\u00e9rience de plusieurs mois \u00e0 l&rsquo;\u00e9tranger afin de d\u00e9couvrir une autre culture. J&rsquo;avais envie de donner de mon temps et faire profiter aux jeunes \u00e9trangers de mon expertise : l&rsquo;enseignement de l&rsquo;anglais. Tout se passe tr\u00e8s bien ici [&hellip;]\" \/>\n<meta property=\"og:url\" content=\"https:\/\/www.globalong.com\/blog\/avis-temoignages-globalong\/vietnam-ann-enseignement-anglais-education-benevole\/\" \/>\n<meta property=\"og:site_name\" content=\"Association Globalong\" \/>\n<meta property=\"article:publisher\" content=\"https:\/\/www.facebook.com\/globalong\" \/>\n<meta property=\"article:modified_time\" content=\"2022-05-08T14:09:17+00:00\" \/>\n<meta property=\"og:image\" content=\"https:\/\/www.globalong.com\/blog\/wp-content\/uploads\/2017\/12\/Paysage-Vietnam-min.jpg\" \/>\n\t<meta property=\"og:image:width\" content=\"4032\" \/>\n\t<meta property=\"og:image:height\" content=\"3024\" \/>\n\t<meta property=\"og:image:type\" content=\"image\/jpeg\" \/>\n<meta name=\"twitter:card\" content=\"summary_large_image\" \/>\n<meta name=\"twitter:label1\" content=\"Dur\u00e9e de lecture estim\u00e9e\" \/>\n\t<meta name=\"twitter:data1\" content=\"3 minutes\" \/>\n<script type=\"application\/ld+json\" class=\"yoast-schema-graph\">{\"@context\":\"https:\/\/schema.org\",\"@graph\":[{\"@type\":\"WebPage\",\"@id\":\"https:\/\/www.globalong.com\/blog\/avis-temoignages-globalong\/vietnam-ann-enseignement-anglais-education-benevole\/\",\"url\":\"https:\/\/www.globalong.com\/blog\/avis-temoignages-globalong\/vietnam-ann-enseignement-anglais-education-benevole\/\",\"name\":\"Vietnam - Ann - Association Globalong\",\"isPartOf\":{\"@id\":\"https:\/\/www.globalong.com\/blog\/#website\"},\"primaryImageOfPage\":{\"@id\":\"https:\/\/www.globalong.com\/blog\/avis-temoignages-globalong\/vietnam-ann-enseignement-anglais-education-benevole\/#primaryimage\"},\"image\":{\"@id\":\"https:\/\/www.globalong.com\/blog\/avis-temoignages-globalong\/vietnam-ann-enseignement-anglais-education-benevole\/#primaryimage\"},\"thumbnailUrl\":\"https:\/\/www.globalong.com\/blog\/wp-content\/uploads\/2017\/12\/Paysage-Vietnam-min.jpg\",\"datePublished\":\"2018-10-11T13:12:05+00:00\",\"dateModified\":\"2022-05-08T14:09:17+00:00\",\"breadcrumb\":{\"@id\":\"https:\/\/www.globalong.com\/blog\/avis-temoignages-globalong\/vietnam-ann-enseignement-anglais-education-benevole\/#breadcrumb\"},\"inLanguage\":\"fr-FR\",\"potentialAction\":[{\"@type\":\"ReadAction\",\"target\":[\"https:\/\/www.globalong.com\/blog\/avis-temoignages-globalong\/vietnam-ann-enseignement-anglais-education-benevole\/\"]}]},{\"@type\":\"ImageObject\",\"inLanguage\":\"fr-FR\",\"@id\":\"https:\/\/www.globalong.com\/blog\/avis-temoignages-globalong\/vietnam-ann-enseignement-anglais-education-benevole\/#primaryimage\",\"url\":\"https:\/\/www.globalong.com\/blog\/wp-content\/uploads\/2017\/12\/Paysage-Vietnam-min.jpg\",\"contentUrl\":\"https:\/\/www.globalong.com\/blog\/wp-content\/uploads\/2017\/12\/Paysage-Vietnam-min.jpg\",\"width\":4032,\"height\":3024,\"caption\":\"Mission Vietnam\"},{\"@type\":\"BreadcrumbList\",\"@id\":\"https:\/\/www.globalong.com\/blog\/avis-temoignages-globalong\/vietnam-ann-enseignement-anglais-education-benevole\/#breadcrumb\",\"itemListElement\":[{\"@type\":\"ListItem\",\"position\":1,\"name\":\"Accueil\",\"item\":\"https:\/\/www.globalong.com\/blog\/\"},{\"@type\":\"ListItem\",\"position\":2,\"name\":\"T\u00e9moignages et avis de volontaires Globalong\",\"item\":\"https:\/\/www.globalong.com\/blog\/avis-temoignages-globalong\/\"},{\"@type\":\"ListItem\",\"position\":3,\"name\":\"Vietnam &#8211; Ann\"}]},{\"@type\":\"WebSite\",\"@id\":\"https:\/\/www.globalong.com\/blog\/#website\",\"url\":\"https:\/\/www.globalong.com\/blog\/\",\"name\":\"https:\/\/www.globalong.com\/\",\"description\":\"Mission humanitaire, stage \u00e9tudiant et voyage linguistique\",\"publisher\":{\"@id\":\"https:\/\/www.globalong.com\/blog\/#organization\"},\"potentialAction\":[{\"@type\":\"SearchAction\",\"target\":{\"@type\":\"EntryPoint\",\"urlTemplate\":\"https:\/\/www.globalong.com\/blog\/?s={search_term_string}\"},\"query-input\":{\"@type\":\"PropertyValueSpecification\",\"valueRequired\":true,\"valueName\":\"search_term_string\"}}],\"inLanguage\":\"fr-FR\"},{\"@type\":\"Organization\",\"@id\":\"https:\/\/www.globalong.com\/blog\/#organization\",\"name\":\"Association Globalong\",\"url\":\"https:\/\/www.globalong.com\/blog\/\",\"logo\":{\"@type\":\"ImageObject\",\"inLanguage\":\"fr-FR\",\"@id\":\"https:\/\/www.globalong.com\/blog\/#\/schema\/logo\/image\/\",\"url\":\"https:\/\/www.globalong.com\/blog\/wp-content\/uploads\/2014\/11\/cropped-cropped-Logo-et-Afrique-Globalong-petite-taille-2.jpg\",\"contentUrl\":\"https:\/\/www.globalong.com\/blog\/wp-content\/uploads\/2014\/11\/cropped-cropped-Logo-et-Afrique-Globalong-petite-taille-2.jpg\",\"width\":512,\"height\":512,\"caption\":\"Association Globalong\"},\"image\":{\"@id\":\"https:\/\/www.globalong.com\/blog\/#\/schema\/logo\/image\/\"},\"sameAs\":[\"https:\/\/www.facebook.com\/globalong\"]}]}<\/script>\n<!-- \/ Yoast SEO Premium plugin. -->","yoast_head_json":{"title":"Vietnam - Ann - Association Globalong","robots":{"index":"index","follow":"follow","max-snippet":"max-snippet:-1","max-image-preview":"max-image-preview:large","max-video-preview":"max-video-preview:-1"},"canonical":"https:\/\/www.globalong.com\/blog\/avis-temoignages-globalong\/vietnam-ann-enseignement-anglais-education-benevole\/","og_locale":"fr_FR","og_type":"article","og_title":"Vietnam - Ann","og_description":"T\u00e9moignage d&rsquo;Ann,\u00a0adh\u00e9rente de l\u2019association GlobAlong\u00a0et b\u00e9n\u00e9vole au\u00a0Vietnam Je venais de prendre ma retraite et voulais avoir une exp\u00e9rience de plusieurs mois \u00e0 l&rsquo;\u00e9tranger afin de d\u00e9couvrir une autre culture. J&rsquo;avais envie de donner de mon temps et faire profiter aux jeunes \u00e9trangers de mon expertise : l&rsquo;enseignement de l&rsquo;anglais. Tout se passe tr\u00e8s bien ici [&hellip;]","og_url":"https:\/\/www.globalong.com\/blog\/avis-temoignages-globalong\/vietnam-ann-enseignement-anglais-education-benevole\/","og_site_name":"Association Globalong","article_publisher":"https:\/\/www.facebook.com\/globalong","article_modified_time":"2022-05-08T14:09:17+00:00","og_image":[{"width":4032,"height":3024,"url":"https:\/\/www.globalong.com\/blog\/wp-content\/uploads\/2017\/12\/Paysage-Vietnam-min.jpg","type":"image\/jpeg"}],"twitter_card":"summary_large_image","twitter_misc":{"Dur\u00e9e de lecture estim\u00e9e":"3 minutes"},"schema":{"@context":"https:\/\/schema.org","@graph":[{"@type":"WebPage","@id":"https:\/\/www.globalong.com\/blog\/avis-temoignages-globalong\/vietnam-ann-enseignement-anglais-education-benevole\/","url":"https:\/\/www.globalong.com\/blog\/avis-temoignages-globalong\/vietnam-ann-enseignement-anglais-education-benevole\/","name":"Vietnam - Ann - Association Globalong","isPartOf":{"@id":"https:\/\/www.globalong.com\/blog\/#website"},"primaryImageOfPage":{"@id":"https:\/\/www.globalong.com\/blog\/avis-temoignages-globalong\/vietnam-ann-enseignement-anglais-education-benevole\/#primaryimage"},"image":{"@id":"https:\/\/www.globalong.com\/blog\/avis-temoignages-globalong\/vietnam-ann-enseignement-anglais-education-benevole\/#primaryimage"},"thumbnailUrl":"https:\/\/www.globalong.com\/blog\/wp-content\/uploads\/2017\/12\/Paysage-Vietnam-min.jpg","datePublished":"2018-10-11T13:12:05+00:00","dateModified":"2022-05-08T14:09:17+00:00","breadcrumb":{"@id":"https:\/\/www.globalong.com\/blog\/avis-temoignages-globalong\/vietnam-ann-enseignement-anglais-education-benevole\/#breadcrumb"},"inLanguage":"fr-FR","potentialAction":[{"@type":"ReadAction","target":["https:\/\/www.globalong.com\/blog\/avis-temoignages-globalong\/vietnam-ann-enseignement-anglais-education-benevole\/"]}]},{"@type":"ImageObject","inLanguage":"fr-FR","@id":"https:\/\/www.globalong.com\/blog\/avis-temoignages-globalong\/vietnam-ann-enseignement-anglais-education-benevole\/#primaryimage","url":"https:\/\/www.globalong.com\/blog\/wp-content\/uploads\/2017\/12\/Paysage-Vietnam-min.jpg","contentUrl":"https:\/\/www.globalong.com\/blog\/wp-content\/uploads\/2017\/12\/Paysage-Vietnam-min.jpg","width":4032,"height":3024,"caption":"Mission Vietnam"},{"@type":"BreadcrumbList","@id":"https:\/\/www.globalong.com\/blog\/avis-temoignages-globalong\/vietnam-ann-enseignement-anglais-education-benevole\/#breadcrumb","itemListElement":[{"@type":"ListItem","position":1,"name":"Accueil","item":"https:\/\/www.globalong.com\/blog\/"},{"@type":"ListItem","position":2,"name":"T\u00e9moignages et avis de volontaires Globalong","item":"https:\/\/www.globalong.com\/blog\/avis-temoignages-globalong\/"},{"@type":"ListItem","position":3,"name":"Vietnam &#8211; Ann"}]},{"@type":"WebSite","@id":"https:\/\/www.globalong.com\/blog\/#website","url":"https:\/\/www.globalong.com\/blog\/","name":"https:\/\/www.globalong.com\/","description":"Mission humanitaire, stage \u00e9tudiant et voyage linguistique","publisher":{"@id":"https:\/\/www.globalong.com\/blog\/#organization"},"potentialAction":[{"@type":"SearchAction","target":{"@type":"EntryPoint","urlTemplate":"https:\/\/www.globalong.com\/blog\/?s={search_term_string}"},"query-input":{"@type":"PropertyValueSpecification","valueRequired":true,"valueName":"search_term_string"}}],"inLanguage":"fr-FR"},{"@type":"Organization","@id":"https:\/\/www.globalong.com\/blog\/#organization","name":"Association Globalong","url":"https:\/\/www.globalong.com\/blog\/","logo":{"@type":"ImageObject","inLanguage":"fr-FR","@id":"https:\/\/www.globalong.com\/blog\/#\/schema\/logo\/image\/","url":"https:\/\/www.globalong.com\/blog\/wp-content\/uploads\/2014\/11\/cropped-cropped-Logo-et-Afrique-Globalong-petite-taille-2.jpg","contentUrl":"https:\/\/www.globalong.com\/blog\/wp-content\/uploads\/2014\/11\/cropped-cropped-Logo-et-Afrique-Globalong-petite-taille-2.jpg","width":512,"height":512,"caption":"Association Globalong"},"image":{"@id":"https:\/\/www.globalong.com\/blog\/#\/schema\/logo\/image\/"},"sameAs":["https:\/\/www.facebook.com\/globalong"]}]}},"_links":{"self":[{"href":"https:\/\/www.globalong.com\/blog\/wp-json\/wp\/v2\/pages\/11736"}],"collection":[{"href":"https:\/\/www.globalong.com\/blog\/wp-json\/wp\/v2\/pages"}],"about":[{"href":"https:\/\/www.globalong.com\/blog\/wp-json\/wp\/v2\/types\/page"}],"author":[{"embeddable":true,"href":"https:\/\/www.globalong.com\/blog\/wp-json\/wp\/v2\/users\/5"}],"replies":[{"embeddable":true,"href":"https:\/\/www.globalong.com\/blog\/wp-json\/wp\/v2\/comments?post=11736"}],"version-history":[{"count":21,"href":"https:\/\/www.globalong.com\/blog\/wp-json\/wp\/v2\/pages\/11736\/revisions"}],"predecessor-version":[{"id":14609,"href":"https:\/\/www.globalong.com\/blog\/wp-json\/wp\/v2\/pages\/11736\/revisions\/14609"}],"up":[{"embeddable":true,"href":"https:\/\/www.globalong.com\/blog\/wp-json\/wp\/v2\/pages\/883"}],"wp:featuredmedia":[{"embeddable":true,"href":"https:\/\/www.globalong.com\/blog\/wp-json\/wp\/v2\/media\/8806"}],"wp:attachment":[{"href":"https:\/\/www.globalong.com\/blog\/wp-json\/wp\/v2\/media?parent=11736"}],"curies":[{"name":"wp","href":"https:\/\/api.w.org\/{rel}","templated":true}]}}