{"id":1174,"date":"2016-02-29T15:44:05","date_gmt":"2016-02-29T14:44:05","guid":{"rendered":"https:\/\/www.globalong.com\/blog\/?page_id=1174"},"modified":"2022-05-07T11:21:32","modified_gmt":"2022-05-07T09:21:32","slug":"tanzanie-thomas","status":"publish","type":"page","link":"https:\/\/www.globalong.com\/blog\/avis-temoignages-globalong\/tanzanie-thomas\/","title":{"rendered":"Tanzanie &#8211; Thomas"},"content":{"rendered":"<p class=\"p1\" style=\"text-align: center;\"><span style=\"color: #b81657;\"><strong><span class=\"s1\">T\u00e9moignage de Thomas, b\u00e9n\u00e9vole avec Globalong en Tanzanie<\/span><\/strong><\/span><\/p>\n<p class=\"p1\" style=\"text-align: justify;\"><span class=\"s1\"><a href=\"https:\/\/www.globalong.com\/blog\/wp-content\/uploads\/2016\/02\/P1290152.jpg\"><img loading=\"lazy\" decoding=\"async\" class=\"size-medium wp-image-1175 aligncenter\" src=\"https:\/\/www.globalong.com\/blog\/wp-content\/uploads\/2016\/02\/P1290152-300x225.jpg\" alt=\"OLYMPUS DIGITAL CAMERA\" width=\"300\" height=\"225\" srcset=\"https:\/\/www.globalong.com\/blog\/wp-content\/uploads\/2016\/02\/P1290152-300x225.jpg 300w, https:\/\/www.globalong.com\/blog\/wp-content\/uploads\/2016\/02\/P1290152-1024x768.jpg 1024w, https:\/\/www.globalong.com\/blog\/wp-content\/uploads\/2016\/02\/P1290152-150x113.jpg 150w\" sizes=\"(max-width: 300px) 100vw, 300px\" \/><\/a>Je suis partie en <span style=\"text-decoration: underline;\"><a href=\"https:\/\/www.globalong.com\/sejour-benevolat\/benevolat-tanzanie-missions-humanitaire.html\" target=\"_blank\" rel=\"noopener\">Tanzanie<\/a><\/span> avec Globalong pour une dur\u00e9e de 12 semaines. <\/span><\/p>\n<p class=\"p1\" style=\"text-align: justify;\"><span class=\"s1\">Je d\u00e9sirais partir car j&rsquo;ai toujours voulu faire de l&rsquo;humanitaire \u00e0 la fin de mes \u00e9tudes et visiter un pays africain.\u00a0<\/span><span style=\"line-height: 1.5;\">Globalong permet de concilier facilement les deux, le projet a pu donc rapidement se mettre en place.\u00a0<\/span><\/p>\n<p class=\"p1\" style=\"text-align: justify;\"><span class=\"s1\">Avant de partir je m&rsquo;attendais \u00e0 d\u00e9couvrir une toute autre culture, un autre environnement, rencontrer une autre vision du monde et surtout apporter quelque chose aux autres, c&rsquo;est la motivation principale.<span class=\"Apple-converted-space\">\u00a0 <\/span><\/span><\/p>\n<p class=\"p1\" style=\"text-align: justify;\"><span class=\"s1\"> <a href=\"https:\/\/www.globalong.com\/blog\/wp-content\/uploads\/2016\/02\/PC040014.jpg\"><img loading=\"lazy\" decoding=\"async\" class=\"size-medium wp-image-1176 aligncenter\" src=\"https:\/\/www.globalong.com\/blog\/wp-content\/uploads\/2016\/02\/PC040014-300x225.jpg\" alt=\"OLYMPUS DIGITAL CAMERA\" width=\"300\" height=\"225\" srcset=\"https:\/\/www.globalong.com\/blog\/wp-content\/uploads\/2016\/02\/PC040014-300x225.jpg 300w, https:\/\/www.globalong.com\/blog\/wp-content\/uploads\/2016\/02\/PC040014-1024x768.jpg 1024w, https:\/\/www.globalong.com\/blog\/wp-content\/uploads\/2016\/02\/PC040014-150x113.jpg 150w\" sizes=\"(max-width: 300px) 100vw, 300px\" \/><\/a>Une matin\u00e9e a suffit pour nous faire d\u00e9couvrir la ville de mani\u00e8re g\u00e9n\u00e9rale, et un bref cours de langue permet de conna\u00eetre quelques mots de bases mais rien de tr\u00e8s exhaustif. <\/span><\/p>\n<p class=\"p1\" style=\"text-align: justify;\"><span class=\"s1\">Il est possible cependant de prendre des cours de swahili, mon professeur \u00e9tait tr\u00e8s bien.\u00a0<\/span><\/p>\n<p class=\"p1\" style=\"text-align: justify;\"><span style=\"line-height: 1.5;\">En ce qui concerne l&rsquo;introduction, elle se fait davantage par le biais des autres volontaires que du personnel local.<\/span><\/p>\n<p class=\"p1\" style=\"text-align: justify;\"><span class=\"s1\">La p\u00e9riode de b\u00e9n\u00e9volat s&rsquo;est plut\u00f4t bien d\u00e9roul\u00e9e dans l&rsquo;ensemble malgr\u00e9 le fait que mon projet initial n&rsquo;a jamais aboutit, le centre des droits de l&rsquo;homme \u00e9tant ferm\u00e9 pour 6 semaines et j\u2019ai donc \u00e9t\u00e9 redirig\u00e9 vers un orphelinat o\u00f9 j&rsquo;ai travaill\u00e9 en tant que professeur.<a href=\"https:\/\/www.globalong.com\/blog\/wp-content\/uploads\/2016\/02\/P1310242.jpg\" rel=\"attachment wp-att-2579\"><img loading=\"lazy\" decoding=\"async\" class=\"size-medium wp-image-2579 aligncenter\" src=\"https:\/\/www.globalong.com\/blog\/wp-content\/uploads\/2016\/02\/P1310242-300x225.jpg\" alt=\"OLYMPUS DIGITAL CAMERA\" width=\"300\" height=\"225\" srcset=\"https:\/\/www.globalong.com\/blog\/wp-content\/uploads\/2016\/02\/P1310242-300x225.jpg 300w, https:\/\/www.globalong.com\/blog\/wp-content\/uploads\/2016\/02\/P1310242-768x576.jpg 768w, https:\/\/www.globalong.com\/blog\/wp-content\/uploads\/2016\/02\/P1310242-1024x768.jpg 1024w, https:\/\/www.globalong.com\/blog\/wp-content\/uploads\/2016\/02\/P1310242-150x113.jpg 150w\" sizes=\"(max-width: 300px) 100vw, 300px\" \/><\/a> <\/span><\/p>\n<p class=\"p1\" style=\"text-align: justify;\"><span class=\"s1\">Mais j&rsquo;en suis tr\u00e8s heureux car c&rsquo;est une exp\u00e9rience formidable que d&rsquo;apporter un peu de connaissance et de\u00a0<\/span><span class=\"s1\">chaleur \u00e0 des enfants qui en ont tellement besoin. <\/span><\/p>\n<p class=\"p1\" style=\"text-align: justify;\"><span class=\"s1\">J&rsquo;ai ensuite enseign\u00e9 les droits de l&rsquo;homme et tout ce qui concerne le SIDA<span class=\"Apple-converted-space\">\u00a0 <\/span>dans des \u00e9coles et des orphelinats, ce qui a \u00e9galement \u00e9t\u00e9 tr\u00e8s gratifiant.<\/span><\/p>\n<p class=\"p1\" style=\"text-align: justify;\"><span class=\"s1\"> <a href=\"https:\/\/www.globalong.com\/blog\/wp-content\/uploads\/2016\/02\/PC230259.jpg\"><img loading=\"lazy\" decoding=\"async\" class=\"size-medium wp-image-1177 aligncenter\" src=\"https:\/\/www.globalong.com\/blog\/wp-content\/uploads\/2016\/02\/PC230259-300x225.jpg\" alt=\"OLYMPUS DIGITAL CAMERA\" width=\"300\" height=\"225\" srcset=\"https:\/\/www.globalong.com\/blog\/wp-content\/uploads\/2016\/02\/PC230259-300x225.jpg 300w, https:\/\/www.globalong.com\/blog\/wp-content\/uploads\/2016\/02\/PC230259-1024x768.jpg 1024w, https:\/\/www.globalong.com\/blog\/wp-content\/uploads\/2016\/02\/PC230259-150x113.jpg 150w\" sizes=\"(max-width: 300px) 100vw, 300px\" \/><\/a>Comme nous ne travaillions pour la plupart que le matin et nous avions tous les week end de libres, cela m&rsquo;a permis de r\u00e9aliser un safari de 3 jours dans 2 parcs nationaux diff\u00e9rents de Tanzanie, de visiter diff\u00e9rentes villes, d&rsquo;aller sur la c\u00f4te tanzanienne pour profiter des plages de sables blancs et toutes sortes d&rsquo;activit\u00e9s qu&rsquo;on peut organiser entre volontaires comme visiter des mus\u00e9es, se d\u00e9tendre au bord d&rsquo;un lac entre autres.<\/span><\/p>\n<p class=\"p1\" style=\"text-align: justify;\"><span class=\"s1\">La maison est remplie de volontaires venant de tous horizons, ce qui permet d&rsquo;\u00e9changer sur nos diff\u00e9rentes cultures. <\/span><\/p>\n<p class=\"p1\" style=\"text-align: justify;\"><span class=\"s1\"><a href=\"https:\/\/www.globalong.com\/blog\/wp-content\/uploads\/2016\/02\/P12901211.jpg\"><img loading=\"lazy\" decoding=\"async\" class=\"wp-image-1178 aligncenter\" src=\"https:\/\/www.globalong.com\/blog\/wp-content\/uploads\/2016\/02\/P12901211-300x225.jpg\" alt=\"OLYMPUS DIGITAL CAMERA\" width=\"300\" height=\"225\" srcset=\"https:\/\/www.globalong.com\/blog\/wp-content\/uploads\/2016\/02\/P12901211-300x225.jpg 300w, https:\/\/www.globalong.com\/blog\/wp-content\/uploads\/2016\/02\/P12901211-1024x768.jpg 1024w, https:\/\/www.globalong.com\/blog\/wp-content\/uploads\/2016\/02\/P12901211-150x113.jpg 150w\" sizes=\"(max-width: 300px) 100vw, 300px\" \/><\/a>Certains d&rsquo;entre eux sont rest\u00e9s de proches amis. La dur\u00e9e de mon s\u00e9jour m&rsquo;a aussi permis de nouer certains liens avec des habitants d&rsquo;Arusha, ce qui est fort int\u00e9ressant lorsqu&rsquo;on d\u00e9sire en savoir plus sur le pays o\u00f9 l\u2019on s\u00e9journe.<\/span><\/p>\n<p class=\"p1\" style=\"text-align: justify;\"><span class=\"s1\"> En tant que juriste dans le domaine des droits de l&rsquo;homme, cette exp\u00e9rience \u00e9tait une \u00e9tape obligatoire avant de me lancer s\u00e9rieusement dans la vie professionnelle.<\/span><\/p>\n<p class=\"p1\" style=\"text-align: justify;\"><span class=\"s1\"> Le travail fournit par Globalong est de tr\u00e8s bonne qualit\u00e9 j\u2019y ai \u00e9t\u00e9 tr\u00e8s bien pris en charge. M\u00eame durant mon s\u00e9jour, Globalong restait pr\u00e9sent.<\/span><\/p>\n<p class=\"p1\" style=\"text-align: justify;\"><span class=\"s1\"><a href=\"https:\/\/www.globalong.com\/blog\/wp-content\/uploads\/2016\/02\/PC040011.jpg\" rel=\"attachment wp-att-2585\"><img loading=\"lazy\" decoding=\"async\" class=\"wp-image-2585 aligncenter\" src=\"https:\/\/www.globalong.com\/blog\/wp-content\/uploads\/2016\/02\/PC040011-300x225.jpg\" alt=\"OLYMPUS DIGITAL CAMERA\" width=\"301\" height=\"226\" srcset=\"https:\/\/www.globalong.com\/blog\/wp-content\/uploads\/2016\/02\/PC040011-300x225.jpg 300w, https:\/\/www.globalong.com\/blog\/wp-content\/uploads\/2016\/02\/PC040011-768x576.jpg 768w, https:\/\/www.globalong.com\/blog\/wp-content\/uploads\/2016\/02\/PC040011-1024x768.jpg 1024w, https:\/\/www.globalong.com\/blog\/wp-content\/uploads\/2016\/02\/PC040011-150x113.jpg 150w\" sizes=\"(max-width: 301px) 100vw, 301px\" \/><\/a>Mon conseil : Il ne faut pas esp\u00e9rer changer la face du monde, la culture locale ou encore venir avec ses id\u00e9es re\u00e7ues occidentales. <\/span><\/p>\n<p class=\"p1\" style=\"text-align: justify;\"><span class=\"s1\">Il faut simplement prendre conscience que l&rsquo;Afrique n&rsquo;est pas l&rsquo;Europe ou les Etats-Unis, mais qu&rsquo;elle a d&rsquo;innombrables richesses culturelles, humaines et naturelles qui nous offre un nouveau regard \u00e0 condition de s&rsquo;ouvrir \u00e0 elle. L&rsquo;ouverture est primordiale dans ce genre d\u2019aventure.<\/span><\/p>\n<p class=\"p1\" style=\"text-align: justify;\"><span class=\"s1\">J\u2019ajouterai aux futurs b\u00e9n\u00e9voles qu\u2019il ne faut pas le faire simplement parce qu&rsquo;on trouve les enfants \u00ab\u00a0trop mignons\u00a0\u00bb. C&rsquo;est une t\u00e2che tr\u00e8s importante et parfois d\u00e9courageante mais vous devez \u00eatre certains d&rsquo;\u00eatre pr\u00eat, patient, inspir\u00e9 et s\u00fbr de votre engagement car contrairement \u00e0 ce qu&rsquo;on peut croire, ce n&rsquo;est pas une t\u00e2che facile mais l&rsquo;\u00e9ducation \u00e9tant un des piliers du d\u00e9veloppement de l&rsquo;enfant et d&rsquo;un avenir meilleur, ces enfants ont besoin de toute notre aide pour combattre l&rsquo;ignorance, principal fl\u00e9au r\u00e9gnant en Afrique.<\/span><\/p>\n<p>&nbsp;<\/p>\n<p class=\"p1\" style=\"text-align: center;\">Pour d\u00e9couvrir plus de photos de la Tanzanie, <span style=\"text-decoration: underline;\"><a href=\"https:\/\/www.flickr.com\/photos\/globalong\/albums\/72157639806762096\" target=\"_blank\" rel=\"noopener\">cliquez ici<\/a><\/span> !<\/p>\n<p class=\"p1\" style=\"text-align: center;\">Vous aussi, participez \u00e0 un <span style=\"text-decoration: underline;\"><a href=\"https:\/\/www.globalong.com\/sejour-benevolat\/benevolat-tanzanie-missions-humanitaire.html\" target=\"_blank\" rel=\"noopener\">programme de b\u00e9n\u00e9volat en Tanzanie<\/a><\/span> !<\/p>\n<p class=\"p1\" style=\"text-align: center;\">N&rsquo;h\u00e9sitez pas \u00e0 nous contacter pour plus d&rsquo;informations \u00e0 <span style=\"text-decoration: underline; color: #b81657;\"><a style=\"color: #b81657; text-decoration: underline;\" href=\"mailto:info@globalong.com\">info@globalong.com<\/a><\/span><\/p>\n","protected":false},"excerpt":{"rendered":"<p>T\u00e9moignage de Thomas, b\u00e9n\u00e9vole avec Globalong en Tanzanie Je suis partie en Tanzanie avec Globalong pour une dur\u00e9e de 12 semaines. Je d\u00e9sirais partir car j&rsquo;ai toujours voulu faire de l&rsquo;humanitaire \u00e0 la fin de mes \u00e9tudes et visiter un pays africain.\u00a0Globalong permet de concilier facilement les deux, le projet a pu donc rapidement se [&hellip;]<\/p>\n","protected":false},"author":3,"featured_media":1175,"parent":883,"menu_order":0,"comment_status":"closed","ping_status":"closed","template":"","meta":{"footnotes":""},"yoast_head":"<!-- This site is optimized with the Yoast SEO Premium plugin v23.4 (Yoast SEO v23.4) - https:\/\/yoast.com\/wordpress\/plugins\/seo\/ -->\n<title>Tanzanie - Thomas - Association Globalong<\/title>\n<meta name=\"robots\" content=\"index, follow, max-snippet:-1, max-image-preview:large, max-video-preview:-1\" \/>\n<link rel=\"canonical\" href=\"https:\/\/www.globalong.com\/blog\/avis-temoignages-globalong\/tanzanie-thomas\/\" \/>\n<meta property=\"og:locale\" content=\"fr_FR\" \/>\n<meta property=\"og:type\" content=\"article\" \/>\n<meta property=\"og:title\" content=\"Tanzanie - Thomas\" \/>\n<meta property=\"og:description\" content=\"T\u00e9moignage de Thomas, b\u00e9n\u00e9vole avec Globalong en Tanzanie Je suis partie en Tanzanie avec Globalong pour une dur\u00e9e de 12 semaines. Je d\u00e9sirais partir car j&rsquo;ai toujours voulu faire de l&rsquo;humanitaire \u00e0 la fin de mes \u00e9tudes et visiter un pays africain.\u00a0Globalong permet de concilier facilement les deux, le projet a pu donc rapidement se [&hellip;]\" \/>\n<meta property=\"og:url\" content=\"https:\/\/www.globalong.com\/blog\/avis-temoignages-globalong\/tanzanie-thomas\/\" \/>\n<meta property=\"og:site_name\" content=\"Association Globalong\" \/>\n<meta property=\"article:publisher\" content=\"https:\/\/www.facebook.com\/globalong\" \/>\n<meta property=\"article:modified_time\" content=\"2022-05-07T09:21:32+00:00\" \/>\n<meta property=\"og:image\" content=\"https:\/\/www.globalong.com\/blog\/wp-content\/uploads\/2016\/02\/P1290152-1024x768.jpg\" \/>\n\t<meta property=\"og:image:width\" content=\"1024\" \/>\n\t<meta property=\"og:image:height\" content=\"768\" \/>\n\t<meta property=\"og:image:type\" content=\"image\/jpeg\" \/>\n<meta name=\"twitter:card\" content=\"summary_large_image\" \/>\n<meta name=\"twitter:label1\" content=\"Dur\u00e9e de lecture estim\u00e9e\" \/>\n\t<meta name=\"twitter:data1\" content=\"3 minutes\" \/>\n<script type=\"application\/ld+json\" class=\"yoast-schema-graph\">{\"@context\":\"https:\/\/schema.org\",\"@graph\":[{\"@type\":\"WebPage\",\"@id\":\"https:\/\/www.globalong.com\/blog\/avis-temoignages-globalong\/tanzanie-thomas\/\",\"url\":\"https:\/\/www.globalong.com\/blog\/avis-temoignages-globalong\/tanzanie-thomas\/\",\"name\":\"Tanzanie - Thomas - Association Globalong\",\"isPartOf\":{\"@id\":\"https:\/\/www.globalong.com\/blog\/#website\"},\"primaryImageOfPage\":{\"@id\":\"https:\/\/www.globalong.com\/blog\/avis-temoignages-globalong\/tanzanie-thomas\/#primaryimage\"},\"image\":{\"@id\":\"https:\/\/www.globalong.com\/blog\/avis-temoignages-globalong\/tanzanie-thomas\/#primaryimage\"},\"thumbnailUrl\":\"https:\/\/www.globalong.com\/blog\/wp-content\/uploads\/2016\/02\/P1290152.jpg\",\"datePublished\":\"2016-02-29T14:44:05+00:00\",\"dateModified\":\"2022-05-07T09:21:32+00:00\",\"breadcrumb\":{\"@id\":\"https:\/\/www.globalong.com\/blog\/avis-temoignages-globalong\/tanzanie-thomas\/#breadcrumb\"},\"inLanguage\":\"fr-FR\",\"potentialAction\":[{\"@type\":\"ReadAction\",\"target\":[\"https:\/\/www.globalong.com\/blog\/avis-temoignages-globalong\/tanzanie-thomas\/\"]}]},{\"@type\":\"ImageObject\",\"inLanguage\":\"fr-FR\",\"@id\":\"https:\/\/www.globalong.com\/blog\/avis-temoignages-globalong\/tanzanie-thomas\/#primaryimage\",\"url\":\"https:\/\/www.globalong.com\/blog\/wp-content\/uploads\/2016\/02\/P1290152.jpg\",\"contentUrl\":\"https:\/\/www.globalong.com\/blog\/wp-content\/uploads\/2016\/02\/P1290152.jpg\",\"width\":4608,\"height\":3456,\"caption\":\"Globalong mission enseignement Afrique\"},{\"@type\":\"BreadcrumbList\",\"@id\":\"https:\/\/www.globalong.com\/blog\/avis-temoignages-globalong\/tanzanie-thomas\/#breadcrumb\",\"itemListElement\":[{\"@type\":\"ListItem\",\"position\":1,\"name\":\"Accueil\",\"item\":\"https:\/\/www.globalong.com\/blog\/\"},{\"@type\":\"ListItem\",\"position\":2,\"name\":\"T\u00e9moignages et avis de volontaires Globalong\",\"item\":\"https:\/\/www.globalong.com\/blog\/avis-temoignages-globalong\/\"},{\"@type\":\"ListItem\",\"position\":3,\"name\":\"Tanzanie &#8211; Thomas\"}]},{\"@type\":\"WebSite\",\"@id\":\"https:\/\/www.globalong.com\/blog\/#website\",\"url\":\"https:\/\/www.globalong.com\/blog\/\",\"name\":\"https:\/\/www.globalong.com\/\",\"description\":\"Mission humanitaire, stage \u00e9tudiant et voyage linguistique\",\"publisher\":{\"@id\":\"https:\/\/www.globalong.com\/blog\/#organization\"},\"potentialAction\":[{\"@type\":\"SearchAction\",\"target\":{\"@type\":\"EntryPoint\",\"urlTemplate\":\"https:\/\/www.globalong.com\/blog\/?s={search_term_string}\"},\"query-input\":{\"@type\":\"PropertyValueSpecification\",\"valueRequired\":true,\"valueName\":\"search_term_string\"}}],\"inLanguage\":\"fr-FR\"},{\"@type\":\"Organization\",\"@id\":\"https:\/\/www.globalong.com\/blog\/#organization\",\"name\":\"Association Globalong\",\"url\":\"https:\/\/www.globalong.com\/blog\/\",\"logo\":{\"@type\":\"ImageObject\",\"inLanguage\":\"fr-FR\",\"@id\":\"https:\/\/www.globalong.com\/blog\/#\/schema\/logo\/image\/\",\"url\":\"https:\/\/www.globalong.com\/blog\/wp-content\/uploads\/2014\/11\/cropped-cropped-Logo-et-Afrique-Globalong-petite-taille-2.jpg\",\"contentUrl\":\"https:\/\/www.globalong.com\/blog\/wp-content\/uploads\/2014\/11\/cropped-cropped-Logo-et-Afrique-Globalong-petite-taille-2.jpg\",\"width\":512,\"height\":512,\"caption\":\"Association Globalong\"},\"image\":{\"@id\":\"https:\/\/www.globalong.com\/blog\/#\/schema\/logo\/image\/\"},\"sameAs\":[\"https:\/\/www.facebook.com\/globalong\"]}]}<\/script>\n<!-- \/ Yoast SEO Premium plugin. -->","yoast_head_json":{"title":"Tanzanie - Thomas - Association Globalong","robots":{"index":"index","follow":"follow","max-snippet":"max-snippet:-1","max-image-preview":"max-image-preview:large","max-video-preview":"max-video-preview:-1"},"canonical":"https:\/\/www.globalong.com\/blog\/avis-temoignages-globalong\/tanzanie-thomas\/","og_locale":"fr_FR","og_type":"article","og_title":"Tanzanie - Thomas","og_description":"T\u00e9moignage de Thomas, b\u00e9n\u00e9vole avec Globalong en Tanzanie Je suis partie en Tanzanie avec Globalong pour une dur\u00e9e de 12 semaines. Je d\u00e9sirais partir car j&rsquo;ai toujours voulu faire de l&rsquo;humanitaire \u00e0 la fin de mes \u00e9tudes et visiter un pays africain.\u00a0Globalong permet de concilier facilement les deux, le projet a pu donc rapidement se [&hellip;]","og_url":"https:\/\/www.globalong.com\/blog\/avis-temoignages-globalong\/tanzanie-thomas\/","og_site_name":"Association Globalong","article_publisher":"https:\/\/www.facebook.com\/globalong","article_modified_time":"2022-05-07T09:21:32+00:00","og_image":[{"width":1024,"height":768,"url":"https:\/\/www.globalong.com\/blog\/wp-content\/uploads\/2016\/02\/P1290152-1024x768.jpg","type":"image\/jpeg"}],"twitter_card":"summary_large_image","twitter_misc":{"Dur\u00e9e de lecture estim\u00e9e":"3 minutes"},"schema":{"@context":"https:\/\/schema.org","@graph":[{"@type":"WebPage","@id":"https:\/\/www.globalong.com\/blog\/avis-temoignages-globalong\/tanzanie-thomas\/","url":"https:\/\/www.globalong.com\/blog\/avis-temoignages-globalong\/tanzanie-thomas\/","name":"Tanzanie - Thomas - Association Globalong","isPartOf":{"@id":"https:\/\/www.globalong.com\/blog\/#website"},"primaryImageOfPage":{"@id":"https:\/\/www.globalong.com\/blog\/avis-temoignages-globalong\/tanzanie-thomas\/#primaryimage"},"image":{"@id":"https:\/\/www.globalong.com\/blog\/avis-temoignages-globalong\/tanzanie-thomas\/#primaryimage"},"thumbnailUrl":"https:\/\/www.globalong.com\/blog\/wp-content\/uploads\/2016\/02\/P1290152.jpg","datePublished":"2016-02-29T14:44:05+00:00","dateModified":"2022-05-07T09:21:32+00:00","breadcrumb":{"@id":"https:\/\/www.globalong.com\/blog\/avis-temoignages-globalong\/tanzanie-thomas\/#breadcrumb"},"inLanguage":"fr-FR","potentialAction":[{"@type":"ReadAction","target":["https:\/\/www.globalong.com\/blog\/avis-temoignages-globalong\/tanzanie-thomas\/"]}]},{"@type":"ImageObject","inLanguage":"fr-FR","@id":"https:\/\/www.globalong.com\/blog\/avis-temoignages-globalong\/tanzanie-thomas\/#primaryimage","url":"https:\/\/www.globalong.com\/blog\/wp-content\/uploads\/2016\/02\/P1290152.jpg","contentUrl":"https:\/\/www.globalong.com\/blog\/wp-content\/uploads\/2016\/02\/P1290152.jpg","width":4608,"height":3456,"caption":"Globalong mission enseignement Afrique"},{"@type":"BreadcrumbList","@id":"https:\/\/www.globalong.com\/blog\/avis-temoignages-globalong\/tanzanie-thomas\/#breadcrumb","itemListElement":[{"@type":"ListItem","position":1,"name":"Accueil","item":"https:\/\/www.globalong.com\/blog\/"},{"@type":"ListItem","position":2,"name":"T\u00e9moignages et avis de volontaires Globalong","item":"https:\/\/www.globalong.com\/blog\/avis-temoignages-globalong\/"},{"@type":"ListItem","position":3,"name":"Tanzanie &#8211; Thomas"}]},{"@type":"WebSite","@id":"https:\/\/www.globalong.com\/blog\/#website","url":"https:\/\/www.globalong.com\/blog\/","name":"https:\/\/www.globalong.com\/","description":"Mission humanitaire, stage \u00e9tudiant et voyage linguistique","publisher":{"@id":"https:\/\/www.globalong.com\/blog\/#organization"},"potentialAction":[{"@type":"SearchAction","target":{"@type":"EntryPoint","urlTemplate":"https:\/\/www.globalong.com\/blog\/?s={search_term_string}"},"query-input":{"@type":"PropertyValueSpecification","valueRequired":true,"valueName":"search_term_string"}}],"inLanguage":"fr-FR"},{"@type":"Organization","@id":"https:\/\/www.globalong.com\/blog\/#organization","name":"Association Globalong","url":"https:\/\/www.globalong.com\/blog\/","logo":{"@type":"ImageObject","inLanguage":"fr-FR","@id":"https:\/\/www.globalong.com\/blog\/#\/schema\/logo\/image\/","url":"https:\/\/www.globalong.com\/blog\/wp-content\/uploads\/2014\/11\/cropped-cropped-Logo-et-Afrique-Globalong-petite-taille-2.jpg","contentUrl":"https:\/\/www.globalong.com\/blog\/wp-content\/uploads\/2014\/11\/cropped-cropped-Logo-et-Afrique-Globalong-petite-taille-2.jpg","width":512,"height":512,"caption":"Association Globalong"},"image":{"@id":"https:\/\/www.globalong.com\/blog\/#\/schema\/logo\/image\/"},"sameAs":["https:\/\/www.facebook.com\/globalong"]}]}},"_links":{"self":[{"href":"https:\/\/www.globalong.com\/blog\/wp-json\/wp\/v2\/pages\/1174"}],"collection":[{"href":"https:\/\/www.globalong.com\/blog\/wp-json\/wp\/v2\/pages"}],"about":[{"href":"https:\/\/www.globalong.com\/blog\/wp-json\/wp\/v2\/types\/page"}],"author":[{"embeddable":true,"href":"https:\/\/www.globalong.com\/blog\/wp-json\/wp\/v2\/users\/3"}],"replies":[{"embeddable":true,"href":"https:\/\/www.globalong.com\/blog\/wp-json\/wp\/v2\/comments?post=1174"}],"version-history":[{"count":42,"href":"https:\/\/www.globalong.com\/blog\/wp-json\/wp\/v2\/pages\/1174\/revisions"}],"predecessor-version":[{"id":14052,"href":"https:\/\/www.globalong.com\/blog\/wp-json\/wp\/v2\/pages\/1174\/revisions\/14052"}],"up":[{"embeddable":true,"href":"https:\/\/www.globalong.com\/blog\/wp-json\/wp\/v2\/pages\/883"}],"wp:featuredmedia":[{"embeddable":true,"href":"https:\/\/www.globalong.com\/blog\/wp-json\/wp\/v2\/media\/1175"}],"wp:attachment":[{"href":"https:\/\/www.globalong.com\/blog\/wp-json\/wp\/v2\/media?parent=1174"}],"curies":[{"name":"wp","href":"https:\/\/api.w.org\/{rel}","templated":true}]}}