{"id":12124,"date":"2018-12-13T12:00:54","date_gmt":"2018-12-13T11:00:54","guid":{"rendered":"https:\/\/www.globalong.com\/blog\/?page_id=12124"},"modified":"2022-05-06T10:28:40","modified_gmt":"2022-05-06T08:28:40","slug":"madagascar-marcela-benevolat-social-enfants-jeunes-afrique-solidaire","status":"publish","type":"page","link":"https:\/\/www.globalong.com\/blog\/avis-temoignages-globalong\/madagascar-marcela-benevolat-social-enfants-jeunes-afrique-solidaire\/","title":{"rendered":"Madagascar &#8211; Marcela"},"content":{"rendered":"<p style=\"text-align: center;\"><span style=\"color: #b81657;\"><strong>T\u00e9moignage de Marcela, adh\u00e9rente de l&rsquo;association GlobAlong engag\u00e9e \u00e0 Madagascar<\/strong><\/span><\/p>\n<p style=\"text-align: justify;\"><a href=\"https:\/\/www.globalong.com\/blog\/wp-content\/uploads\/2018\/12\/IMG_20180903_165159-min.jpg\"><img loading=\"lazy\" decoding=\"async\" class=\"size-medium wp-image-12149 aligncenter\" src=\"https:\/\/www.globalong.com\/blog\/wp-content\/uploads\/2018\/12\/IMG_20180903_165159-min-300x226.jpg\" alt=\"\" width=\"300\" height=\"226\" srcset=\"https:\/\/www.globalong.com\/blog\/wp-content\/uploads\/2018\/12\/IMG_20180903_165159-min-300x226.jpg 300w, https:\/\/www.globalong.com\/blog\/wp-content\/uploads\/2018\/12\/IMG_20180903_165159-min-768x578.jpg 768w, https:\/\/www.globalong.com\/blog\/wp-content\/uploads\/2018\/12\/IMG_20180903_165159-min-1024x771.jpg 1024w, https:\/\/www.globalong.com\/blog\/wp-content\/uploads\/2018\/12\/IMG_20180903_165159-min-150x113.jpg 150w\" sizes=\"(max-width: 300px) 100vw, 300px\" \/><\/a>Mon exp\u00e9rience au <span style=\"text-decoration: underline; color: #b81657;\"><strong>centre pour enfants et jeunes en difficult\u00e9<\/strong><\/span> \u00e0 <span style=\"text-decoration: underline; color: #b81657;\"><strong>Madagascar<\/strong><\/span> a \u00e9t\u00e9 <strong>merveilleuse<\/strong> d\u00e8s le d\u00e9but !<\/p>\n<p style=\"text-align: justify;\">Le jour-m\u00eame o\u00f9 je suis arriv\u00e9e, deux petites filles m&rsquo;ont fait un \u00e9norme c\u00e2lin alors que c&rsquo;\u00e9tait la premi\u00e8re fois qu&rsquo;elles me voyaient !<br \/>\nC&rsquo;est \u00e0 ce moment que <strong>j&rsquo;ai su que j&rsquo;allais recevoir plus d&rsquo;amour que je n&rsquo;allais en donner.<br \/>\n<\/strong>Mais au fond, je me suis rendue compte aussi que cela signifiait un manque d&rsquo;affection de la part de leur famille et que d&rsquo;une certaine mani\u00e8re, <strong>j&rsquo;\u00e9tais l\u00e0-bas pour une bonne raison<\/strong>.<\/p>\n<p style=\"text-align: justify;\"><strong><a href=\"https:\/\/www.globalong.com\/blog\/wp-content\/uploads\/2018\/12\/IMG_20180906_091953-min.jpg\"><img loading=\"lazy\" decoding=\"async\" class=\"size-medium wp-image-12151 aligncenter\" src=\"https:\/\/www.globalong.com\/blog\/wp-content\/uploads\/2018\/12\/IMG_20180906_091953-min-300x226.jpg\" alt=\"\" width=\"300\" height=\"226\" srcset=\"https:\/\/www.globalong.com\/blog\/wp-content\/uploads\/2018\/12\/IMG_20180906_091953-min-300x226.jpg 300w, https:\/\/www.globalong.com\/blog\/wp-content\/uploads\/2018\/12\/IMG_20180906_091953-min-768x578.jpg 768w, https:\/\/www.globalong.com\/blog\/wp-content\/uploads\/2018\/12\/IMG_20180906_091953-min-1024x771.jpg 1024w, https:\/\/www.globalong.com\/blog\/wp-content\/uploads\/2018\/12\/IMG_20180906_091953-min-150x113.jpg 150w\" sizes=\"(max-width: 300px) 100vw, 300px\" \/><\/a>J&rsquo;ai rencontr\u00e9 des enfants magnifiques, chacun ayant une histoire diff\u00e9rente.<\/strong> M\u00eame si c\u2019\u00e9tait tr\u00e8s difficile pour moi de communiquer avec eux en raison \u00e0 la langue (malgache), leur <strong>g\u00e9n\u00e9rosit\u00e9<\/strong> et leur <strong>volont\u00e9 de partager<\/strong> avec moi ont permis <strong>une communication venue du coeur<\/strong>.<\/p>\n<p style=\"text-align: justify;\">Le <strong>climat<\/strong>, la <strong>nourriture<\/strong> et la <strong>langue<\/strong> ont \u00e9t\u00e9 des aspects un peu difficiles pour moi, mais face \u00e0 tout ce que j&rsquo;ai v\u00e9cu, elles sont rest\u00e9es comme des choses tr\u00e8s peu importantes. En fait, elles ont fait partie de mon exp\u00e9rience comme de bonnes choses.<br \/>\n<a href=\"https:\/\/www.globalong.com\/blog\/wp-content\/uploads\/2018\/12\/IMG_20180912_110620-min.jpg\"><img loading=\"lazy\" decoding=\"async\" class=\"size-medium wp-image-12156 aligncenter\" src=\"https:\/\/www.globalong.com\/blog\/wp-content\/uploads\/2018\/12\/IMG_20180912_110620-min-300x226.jpg\" alt=\"\" width=\"300\" height=\"226\" srcset=\"https:\/\/www.globalong.com\/blog\/wp-content\/uploads\/2018\/12\/IMG_20180912_110620-min-300x226.jpg 300w, https:\/\/www.globalong.com\/blog\/wp-content\/uploads\/2018\/12\/IMG_20180912_110620-min-768x578.jpg 768w, https:\/\/www.globalong.com\/blog\/wp-content\/uploads\/2018\/12\/IMG_20180912_110620-min-1024x771.jpg 1024w, https:\/\/www.globalong.com\/blog\/wp-content\/uploads\/2018\/12\/IMG_20180912_110620-min-150x113.jpg 150w\" sizes=\"(max-width: 300px) 100vw, 300px\" \/><\/a>Le fait de manger tous les jours du <strong>riz<\/strong>, le fait de ne pas comprendre les enfants quand ils parlaient entre eux et le fait d&rsquo;avoir tr\u00e8s froid dans le continent o\u00f9 l\u2019on pense qu&rsquo;il fait chaud tout le temps, ont <strong>enrichi cette aventure<\/strong>. <strong>Tout cela a signifi\u00e9 sortir de ma vie normale pour comprendre l&rsquo;existence des cultures extraordinairement diff\u00e9rentes<\/strong>. Le fait de me lever chaque jour <strong>motiv\u00e9e pour voir les enfants du centre<\/strong> a \u00e9t\u00e9 tr\u00e8s joli pour moi. Rien ni personne ne m&rsquo;a oblig\u00e9e \u00e0 aller dans un pays se trouvant de l&rsquo;autre c\u00f4t\u00e9 du monde.<br \/>\n<a href=\"https:\/\/www.globalong.com\/blog\/wp-content\/uploads\/2018\/12\/IMG_20180914_102323-min.jpg\"><img loading=\"lazy\" decoding=\"async\" class=\"wp-image-12159 aligncenter\" src=\"https:\/\/www.globalong.com\/blog\/wp-content\/uploads\/2018\/12\/IMG_20180914_102323-min-226x300.jpg\" alt=\"\" width=\"300\" height=\"398\" srcset=\"https:\/\/www.globalong.com\/blog\/wp-content\/uploads\/2018\/12\/IMG_20180914_102323-min-226x300.jpg 226w, https:\/\/www.globalong.com\/blog\/wp-content\/uploads\/2018\/12\/IMG_20180914_102323-min-768x1020.jpg 768w, https:\/\/www.globalong.com\/blog\/wp-content\/uploads\/2018\/12\/IMG_20180914_102323-min-771x1024.jpg 771w, https:\/\/www.globalong.com\/blog\/wp-content\/uploads\/2018\/12\/IMG_20180914_102323-min-113x150.jpg 113w, https:\/\/www.globalong.com\/blog\/wp-content\/uploads\/2018\/12\/IMG_20180914_102323-min.jpg 1952w\" sizes=\"(max-width: 300px) 100vw, 300px\" \/><\/a><strong>Cela a \u00e9t\u00e9 juste mon souhait d&rsquo;aider, de servir \u00e0 une soci\u00e9t\u00e9 qui en a besoin et j&rsquo;ai ador\u00e9<\/strong>.<\/p>\n<p><a href=\"https:\/\/www.globalong.com\/blog\/benevolat-associatif-bienfaits-psychologie-humanitaire-avis-etranger\/\" target=\"_blank\" rel=\"noopener\"><span style=\"text-decoration: underline;\"><span style=\"color: #b81657;\"><strong>Cela a \u00e9t\u00e9 juste trois semaines, mais ces trois semaines ont chang\u00e9 ma vie !<\/strong><\/span><\/span><\/a><\/p>\n<p style=\"text-align: justify;\">J&rsquo;ai eu aussi l&rsquo;opportunit\u00e9 de partir en <strong>voyage<\/strong> et <strong>conna\u00eetre un peu le pays<\/strong>. <strong>Les paysages de Madagascar sont incroyables<\/strong>. J\u2019ai vu les tr\u00e8s c\u00e9l\u00e8bres <strong>baobabs<\/strong> et les <a href=\"https:\/\/www.globalong.com\/sejour-benevolat\/madagascar-volontariat-humanitaire-et-stage\/mission-eco-volontariat-protection-nature-environnement-animaux-sensibilisation-lemuriens-Madagascar-avis-globalong.html\" target=\"_blank\" rel=\"noopener\"><span style=\"text-decoration: underline; color: #b81657;\"><strong>l\u00e9muriens<\/strong><\/span><\/a>, que l&rsquo;on trouve <strong>uniquement l\u00e0-bas<\/strong>. J&rsquo;ai d\u00fb traverser le pays, mais <strong>cela en a valu la peine<\/strong>.<br \/>\n<strong>Madagascar est un pays qui, malgr\u00e9 sa richesse naturelle, a une probl\u00e9matique sociale tr\u00e8s forte et c&rsquo;est pour cela qu&rsquo;il faut continuer \u00e0 travailler pour l&rsquo;am\u00e9lioration des conditions de ses habitants<\/strong>.<\/p>\n<p style=\"text-align: justify;\"><strong>Particuli\u00e8rement, mon engagement b\u00e9n\u00e9vole au centre pour enfants et jeunes en difficult\u00e9 a \u00e9t\u00e9 tr\u00e8s positif<\/strong>. Il s&rsquo;agit d&rsquo;un <strong>centre d\u00e9di\u00e9 au recyclage et \u00e0 l&rsquo;autosuffisance \u00e0 travers l&rsquo;agriculture, l&rsquo;\u00e9levage et la vente d\u2019objets faits par les filles du centre<\/strong>. C&rsquo;est <strong>admirable !<\/strong><br \/>\n<a href=\"https:\/\/www.globalong.com\/blog\/wp-content\/uploads\/2018\/12\/IMG_20180919_114525-min.jpg\"><img loading=\"lazy\" decoding=\"async\" class=\"wp-image-12162 aligncenter\" src=\"https:\/\/www.globalong.com\/blog\/wp-content\/uploads\/2018\/12\/IMG_20180919_114525-min-226x300.jpg\" alt=\"\" width=\"300\" height=\"398\" srcset=\"https:\/\/www.globalong.com\/blog\/wp-content\/uploads\/2018\/12\/IMG_20180919_114525-min-226x300.jpg 226w, https:\/\/www.globalong.com\/blog\/wp-content\/uploads\/2018\/12\/IMG_20180919_114525-min-768x1020.jpg 768w, https:\/\/www.globalong.com\/blog\/wp-content\/uploads\/2018\/12\/IMG_20180919_114525-min-771x1024.jpg 771w, https:\/\/www.globalong.com\/blog\/wp-content\/uploads\/2018\/12\/IMG_20180919_114525-min-113x150.jpg 113w, https:\/\/www.globalong.com\/blog\/wp-content\/uploads\/2018\/12\/IMG_20180919_114525-min.jpg 1952w\" sizes=\"(max-width: 300px) 100vw, 300px\" \/><\/a>En g\u00e9n\u00e9ral, j&rsquo;ai trouv\u00e9 qu&rsquo;il s&rsquo;agissait d&rsquo;un centre o\u00f9 vraiment <strong>la priorit\u00e9 est les enfants<\/strong>.<br \/>\nOn ne peut pas nier qu&rsquo;il y a de choses \u00e0 am\u00e9liorer, comme le <strong>manque de personnes professionnelles qui s&rsquo;occupent des enfants handicap\u00e9s ou des enfants avec de profonds probl\u00e8mes psychologiques<\/strong>. En tout cas, o<strong>n voit l&rsquo;effort qu&rsquo;ils font pour prot\u00e9ger et prendre soin des enfants<\/strong>. \u00c0 la fin, la famille sera toujours la seule institution irrempla\u00e7able.<br \/>\n<strong>Les centres comme celui-ci font le maximum et les <a href=\"https:\/\/www.globalong.com\/blog\/dossiers-globalong-information-supplementaires-astuces-difference-question-stage-langues-missions-benevolat-sejours-linguistiques-humanitaire-etranger-projet-annee-sabbatique\/benevolat-humanitaire\/\" target=\"_blank\" rel=\"noopener\"><span style=\"text-decoration: underline;\"><span style=\"color: #b81657; text-decoration: underline;\">b\u00e9n\u00e9voles<\/span><\/span><\/a> comme moi doivent continuer \u00e0 rendre visite aux enfants pour leur donner de l&rsquo;espoir au milieu de leurs probl\u00e8mes sociaux<\/strong>.<\/p>\n<p style=\"text-align: justify;\"><strong>Les enfants que j&rsquo;ai rencontr\u00e9s \u00e0 Madagascar resteront pour toujours dans mes pens\u00e9es et mon coeur<\/strong>. <strong>Maintenant, c&rsquo;est l&rsquo;heure pour moi de travailler pour les enfants de mon pays, la <a href=\"https:\/\/www.globalong.com\/sejour-benevolat\/colombie-volontariat-international-globalong-avis-service.html\" target=\"_blank\" rel=\"noopener\"><span style=\"text-decoration: underline; color: #b81657;\">Colombie<\/span><\/a>.<\/strong><\/p>\n<p style=\"text-align: justify;\"><strong>Mes entiers remerciements \u00e0 l&rsquo;\u00e9quipe de Globalong pour m&rsquo;avoir permis de vivre cette exp\u00e9rience !<\/strong>\u00a0<strong>Un grand merci !<\/strong><\/p>\n<p style=\"text-align: justify;\">Cordialement,<\/p>\n<p style=\"text-align: justify;\">Marcela<\/p>\n<p style=\"text-align: center;\">N\u2019h\u00e9sitez pas \u00e0 nous contacter par mail \u00e0 l\u2019adresse<a href=\"mailto:info@globalong.com\" target=\"_blank\" rel=\"noopener\"><span style=\"text-decoration: underline; color: #b81657;\"><strong>\u00a0info@globalong.com<\/strong><\/span><\/a>\u00a0pour plus de renseignements.<\/p>\n<p style=\"text-align: center;\"><a href=\"https:\/\/www.globalong.com\/sejour-benevolat\/madagascar-volontariat-humanitaire-et-stage.html#b\" target=\"_blank\" rel=\"noopener\"><span style=\"text-decoration: underline; color: #b81657;\"><strong>D\u00e9couvrez les programmes de b\u00e9n\u00e9volat \u00e0 Madagascar !<\/strong><\/span><\/a><\/p>\n<p style=\"text-align: center;\"><a href=\"https:\/\/www.flickr.com\/photos\/globalong\/albums\/72157668589897473\/with\/27578358557\/\" target=\"_blank\" rel=\"noopener\"><span style=\"text-decoration: underline; color: #b81657;\"><strong>D\u00e9couvrez plus de photos des missions \u00e0 Madagascar !<\/strong><\/span><\/a><\/p>\n<p style=\"text-align: justify;\"><span style=\"font-size: 8pt;\">Photos non contractuelles<\/span><\/p>\n","protected":false},"excerpt":{"rendered":"<p>T\u00e9moignage de Marcela, adh\u00e9rente de l&rsquo;association GlobAlong engag\u00e9e \u00e0 Madagascar Mon exp\u00e9rience au centre pour enfants et jeunes en difficult\u00e9 \u00e0 Madagascar a \u00e9t\u00e9 merveilleuse d\u00e8s le d\u00e9but ! Le jour-m\u00eame o\u00f9 je suis arriv\u00e9e, deux petites filles m&rsquo;ont fait un \u00e9norme c\u00e2lin alors que c&rsquo;\u00e9tait la premi\u00e8re fois qu&rsquo;elles me voyaient ! C&rsquo;est \u00e0 [&hellip;]<\/p>\n","protected":false},"author":5,"featured_media":6690,"parent":883,"menu_order":0,"comment_status":"closed","ping_status":"closed","template":"","meta":{"footnotes":""},"yoast_head":"<!-- This site is optimized with the Yoast SEO Premium plugin v23.4 (Yoast SEO v23.4) - https:\/\/yoast.com\/wordpress\/plugins\/seo\/ -->\n<title>Madagascar - Marcela - Association Globalong<\/title>\n<meta name=\"robots\" content=\"index, follow, max-snippet:-1, max-image-preview:large, max-video-preview:-1\" \/>\n<link rel=\"canonical\" href=\"https:\/\/www.globalong.com\/blog\/avis-temoignages-globalong\/madagascar-marcela-benevolat-social-enfants-jeunes-afrique-solidaire\/\" \/>\n<meta property=\"og:locale\" content=\"fr_FR\" \/>\n<meta property=\"og:type\" content=\"article\" \/>\n<meta property=\"og:title\" content=\"Madagascar - Marcela\" \/>\n<meta property=\"og:description\" content=\"T\u00e9moignage de Marcela, adh\u00e9rente de l&rsquo;association GlobAlong engag\u00e9e \u00e0 Madagascar Mon exp\u00e9rience au centre pour enfants et jeunes en difficult\u00e9 \u00e0 Madagascar a \u00e9t\u00e9 merveilleuse d\u00e8s le d\u00e9but ! Le jour-m\u00eame o\u00f9 je suis arriv\u00e9e, deux petites filles m&rsquo;ont fait un \u00e9norme c\u00e2lin alors que c&rsquo;\u00e9tait la premi\u00e8re fois qu&rsquo;elles me voyaient ! C&rsquo;est \u00e0 [&hellip;]\" \/>\n<meta property=\"og:url\" content=\"https:\/\/www.globalong.com\/blog\/avis-temoignages-globalong\/madagascar-marcela-benevolat-social-enfants-jeunes-afrique-solidaire\/\" \/>\n<meta property=\"og:site_name\" content=\"Association Globalong\" \/>\n<meta property=\"article:publisher\" content=\"https:\/\/www.facebook.com\/globalong\" \/>\n<meta property=\"article:modified_time\" content=\"2022-05-06T08:28:40+00:00\" \/>\n<meta property=\"og:image\" content=\"https:\/\/www.globalong.com\/blog\/wp-content\/uploads\/2017\/08\/jeux-et-activite\u0301s-avec-les-enfants-a\u0300-Madagascar-GlobAlong.jpg\" \/>\n\t<meta property=\"og:image:width\" content=\"1334\" \/>\n\t<meta property=\"og:image:height\" content=\"1000\" \/>\n\t<meta property=\"og:image:type\" content=\"image\/jpeg\" \/>\n<meta name=\"twitter:card\" content=\"summary_large_image\" \/>\n<meta name=\"twitter:label1\" content=\"Dur\u00e9e de lecture estim\u00e9e\" \/>\n\t<meta name=\"twitter:data1\" content=\"3 minutes\" \/>\n<script type=\"application\/ld+json\" class=\"yoast-schema-graph\">{\"@context\":\"https:\/\/schema.org\",\"@graph\":[{\"@type\":\"WebPage\",\"@id\":\"https:\/\/www.globalong.com\/blog\/avis-temoignages-globalong\/madagascar-marcela-benevolat-social-enfants-jeunes-afrique-solidaire\/\",\"url\":\"https:\/\/www.globalong.com\/blog\/avis-temoignages-globalong\/madagascar-marcela-benevolat-social-enfants-jeunes-afrique-solidaire\/\",\"name\":\"Madagascar - Marcela - Association Globalong\",\"isPartOf\":{\"@id\":\"https:\/\/www.globalong.com\/blog\/#website\"},\"primaryImageOfPage\":{\"@id\":\"https:\/\/www.globalong.com\/blog\/avis-temoignages-globalong\/madagascar-marcela-benevolat-social-enfants-jeunes-afrique-solidaire\/#primaryimage\"},\"image\":{\"@id\":\"https:\/\/www.globalong.com\/blog\/avis-temoignages-globalong\/madagascar-marcela-benevolat-social-enfants-jeunes-afrique-solidaire\/#primaryimage\"},\"thumbnailUrl\":\"https:\/\/www.globalong.com\/blog\/wp-content\/uploads\/2017\/08\/jeux-et-activite\u0301s-avec-les-enfants-a\u0300-Madagascar-GlobAlong.jpg\",\"datePublished\":\"2018-12-13T11:00:54+00:00\",\"dateModified\":\"2022-05-06T08:28:40+00:00\",\"breadcrumb\":{\"@id\":\"https:\/\/www.globalong.com\/blog\/avis-temoignages-globalong\/madagascar-marcela-benevolat-social-enfants-jeunes-afrique-solidaire\/#breadcrumb\"},\"inLanguage\":\"fr-FR\",\"potentialAction\":[{\"@type\":\"ReadAction\",\"target\":[\"https:\/\/www.globalong.com\/blog\/avis-temoignages-globalong\/madagascar-marcela-benevolat-social-enfants-jeunes-afrique-solidaire\/\"]}]},{\"@type\":\"ImageObject\",\"inLanguage\":\"fr-FR\",\"@id\":\"https:\/\/www.globalong.com\/blog\/avis-temoignages-globalong\/madagascar-marcela-benevolat-social-enfants-jeunes-afrique-solidaire\/#primaryimage\",\"url\":\"https:\/\/www.globalong.com\/blog\/wp-content\/uploads\/2017\/08\/jeux-et-activite\u0301s-avec-les-enfants-a\u0300-Madagascar-GlobAlong.jpg\",\"contentUrl\":\"https:\/\/www.globalong.com\/blog\/wp-content\/uploads\/2017\/08\/jeux-et-activite\u0301s-avec-les-enfants-a\u0300-Madagascar-GlobAlong.jpg\",\"width\":1334,\"height\":1000,\"caption\":\"Mission Humanitaire \u00e0 Madagascar\"},{\"@type\":\"BreadcrumbList\",\"@id\":\"https:\/\/www.globalong.com\/blog\/avis-temoignages-globalong\/madagascar-marcela-benevolat-social-enfants-jeunes-afrique-solidaire\/#breadcrumb\",\"itemListElement\":[{\"@type\":\"ListItem\",\"position\":1,\"name\":\"Accueil\",\"item\":\"https:\/\/www.globalong.com\/blog\/\"},{\"@type\":\"ListItem\",\"position\":2,\"name\":\"T\u00e9moignages et avis de volontaires Globalong\",\"item\":\"https:\/\/www.globalong.com\/blog\/avis-temoignages-globalong\/\"},{\"@type\":\"ListItem\",\"position\":3,\"name\":\"Madagascar &#8211; Marcela\"}]},{\"@type\":\"WebSite\",\"@id\":\"https:\/\/www.globalong.com\/blog\/#website\",\"url\":\"https:\/\/www.globalong.com\/blog\/\",\"name\":\"https:\/\/www.globalong.com\/\",\"description\":\"Mission humanitaire, stage \u00e9tudiant et voyage linguistique\",\"publisher\":{\"@id\":\"https:\/\/www.globalong.com\/blog\/#organization\"},\"potentialAction\":[{\"@type\":\"SearchAction\",\"target\":{\"@type\":\"EntryPoint\",\"urlTemplate\":\"https:\/\/www.globalong.com\/blog\/?s={search_term_string}\"},\"query-input\":{\"@type\":\"PropertyValueSpecification\",\"valueRequired\":true,\"valueName\":\"search_term_string\"}}],\"inLanguage\":\"fr-FR\"},{\"@type\":\"Organization\",\"@id\":\"https:\/\/www.globalong.com\/blog\/#organization\",\"name\":\"Association Globalong\",\"url\":\"https:\/\/www.globalong.com\/blog\/\",\"logo\":{\"@type\":\"ImageObject\",\"inLanguage\":\"fr-FR\",\"@id\":\"https:\/\/www.globalong.com\/blog\/#\/schema\/logo\/image\/\",\"url\":\"https:\/\/www.globalong.com\/blog\/wp-content\/uploads\/2014\/11\/cropped-cropped-Logo-et-Afrique-Globalong-petite-taille-2.jpg\",\"contentUrl\":\"https:\/\/www.globalong.com\/blog\/wp-content\/uploads\/2014\/11\/cropped-cropped-Logo-et-Afrique-Globalong-petite-taille-2.jpg\",\"width\":512,\"height\":512,\"caption\":\"Association Globalong\"},\"image\":{\"@id\":\"https:\/\/www.globalong.com\/blog\/#\/schema\/logo\/image\/\"},\"sameAs\":[\"https:\/\/www.facebook.com\/globalong\"]}]}<\/script>\n<!-- \/ Yoast SEO Premium plugin. -->","yoast_head_json":{"title":"Madagascar - Marcela - Association Globalong","robots":{"index":"index","follow":"follow","max-snippet":"max-snippet:-1","max-image-preview":"max-image-preview:large","max-video-preview":"max-video-preview:-1"},"canonical":"https:\/\/www.globalong.com\/blog\/avis-temoignages-globalong\/madagascar-marcela-benevolat-social-enfants-jeunes-afrique-solidaire\/","og_locale":"fr_FR","og_type":"article","og_title":"Madagascar - Marcela","og_description":"T\u00e9moignage de Marcela, adh\u00e9rente de l&rsquo;association GlobAlong engag\u00e9e \u00e0 Madagascar Mon exp\u00e9rience au centre pour enfants et jeunes en difficult\u00e9 \u00e0 Madagascar a \u00e9t\u00e9 merveilleuse d\u00e8s le d\u00e9but ! Le jour-m\u00eame o\u00f9 je suis arriv\u00e9e, deux petites filles m&rsquo;ont fait un \u00e9norme c\u00e2lin alors que c&rsquo;\u00e9tait la premi\u00e8re fois qu&rsquo;elles me voyaient ! C&rsquo;est \u00e0 [&hellip;]","og_url":"https:\/\/www.globalong.com\/blog\/avis-temoignages-globalong\/madagascar-marcela-benevolat-social-enfants-jeunes-afrique-solidaire\/","og_site_name":"Association Globalong","article_publisher":"https:\/\/www.facebook.com\/globalong","article_modified_time":"2022-05-06T08:28:40+00:00","og_image":[{"width":1334,"height":1000,"url":"https:\/\/www.globalong.com\/blog\/wp-content\/uploads\/2017\/08\/jeux-et-activite\u0301s-avec-les-enfants-a\u0300-Madagascar-GlobAlong.jpg","type":"image\/jpeg"}],"twitter_card":"summary_large_image","twitter_misc":{"Dur\u00e9e de lecture estim\u00e9e":"3 minutes"},"schema":{"@context":"https:\/\/schema.org","@graph":[{"@type":"WebPage","@id":"https:\/\/www.globalong.com\/blog\/avis-temoignages-globalong\/madagascar-marcela-benevolat-social-enfants-jeunes-afrique-solidaire\/","url":"https:\/\/www.globalong.com\/blog\/avis-temoignages-globalong\/madagascar-marcela-benevolat-social-enfants-jeunes-afrique-solidaire\/","name":"Madagascar - Marcela - Association Globalong","isPartOf":{"@id":"https:\/\/www.globalong.com\/blog\/#website"},"primaryImageOfPage":{"@id":"https:\/\/www.globalong.com\/blog\/avis-temoignages-globalong\/madagascar-marcela-benevolat-social-enfants-jeunes-afrique-solidaire\/#primaryimage"},"image":{"@id":"https:\/\/www.globalong.com\/blog\/avis-temoignages-globalong\/madagascar-marcela-benevolat-social-enfants-jeunes-afrique-solidaire\/#primaryimage"},"thumbnailUrl":"https:\/\/www.globalong.com\/blog\/wp-content\/uploads\/2017\/08\/jeux-et-activite\u0301s-avec-les-enfants-a\u0300-Madagascar-GlobAlong.jpg","datePublished":"2018-12-13T11:00:54+00:00","dateModified":"2022-05-06T08:28:40+00:00","breadcrumb":{"@id":"https:\/\/www.globalong.com\/blog\/avis-temoignages-globalong\/madagascar-marcela-benevolat-social-enfants-jeunes-afrique-solidaire\/#breadcrumb"},"inLanguage":"fr-FR","potentialAction":[{"@type":"ReadAction","target":["https:\/\/www.globalong.com\/blog\/avis-temoignages-globalong\/madagascar-marcela-benevolat-social-enfants-jeunes-afrique-solidaire\/"]}]},{"@type":"ImageObject","inLanguage":"fr-FR","@id":"https:\/\/www.globalong.com\/blog\/avis-temoignages-globalong\/madagascar-marcela-benevolat-social-enfants-jeunes-afrique-solidaire\/#primaryimage","url":"https:\/\/www.globalong.com\/blog\/wp-content\/uploads\/2017\/08\/jeux-et-activite\u0301s-avec-les-enfants-a\u0300-Madagascar-GlobAlong.jpg","contentUrl":"https:\/\/www.globalong.com\/blog\/wp-content\/uploads\/2017\/08\/jeux-et-activite\u0301s-avec-les-enfants-a\u0300-Madagascar-GlobAlong.jpg","width":1334,"height":1000,"caption":"Mission Humanitaire \u00e0 Madagascar"},{"@type":"BreadcrumbList","@id":"https:\/\/www.globalong.com\/blog\/avis-temoignages-globalong\/madagascar-marcela-benevolat-social-enfants-jeunes-afrique-solidaire\/#breadcrumb","itemListElement":[{"@type":"ListItem","position":1,"name":"Accueil","item":"https:\/\/www.globalong.com\/blog\/"},{"@type":"ListItem","position":2,"name":"T\u00e9moignages et avis de volontaires Globalong","item":"https:\/\/www.globalong.com\/blog\/avis-temoignages-globalong\/"},{"@type":"ListItem","position":3,"name":"Madagascar &#8211; Marcela"}]},{"@type":"WebSite","@id":"https:\/\/www.globalong.com\/blog\/#website","url":"https:\/\/www.globalong.com\/blog\/","name":"https:\/\/www.globalong.com\/","description":"Mission humanitaire, stage \u00e9tudiant et voyage linguistique","publisher":{"@id":"https:\/\/www.globalong.com\/blog\/#organization"},"potentialAction":[{"@type":"SearchAction","target":{"@type":"EntryPoint","urlTemplate":"https:\/\/www.globalong.com\/blog\/?s={search_term_string}"},"query-input":{"@type":"PropertyValueSpecification","valueRequired":true,"valueName":"search_term_string"}}],"inLanguage":"fr-FR"},{"@type":"Organization","@id":"https:\/\/www.globalong.com\/blog\/#organization","name":"Association Globalong","url":"https:\/\/www.globalong.com\/blog\/","logo":{"@type":"ImageObject","inLanguage":"fr-FR","@id":"https:\/\/www.globalong.com\/blog\/#\/schema\/logo\/image\/","url":"https:\/\/www.globalong.com\/blog\/wp-content\/uploads\/2014\/11\/cropped-cropped-Logo-et-Afrique-Globalong-petite-taille-2.jpg","contentUrl":"https:\/\/www.globalong.com\/blog\/wp-content\/uploads\/2014\/11\/cropped-cropped-Logo-et-Afrique-Globalong-petite-taille-2.jpg","width":512,"height":512,"caption":"Association Globalong"},"image":{"@id":"https:\/\/www.globalong.com\/blog\/#\/schema\/logo\/image\/"},"sameAs":["https:\/\/www.facebook.com\/globalong"]}]}},"_links":{"self":[{"href":"https:\/\/www.globalong.com\/blog\/wp-json\/wp\/v2\/pages\/12124"}],"collection":[{"href":"https:\/\/www.globalong.com\/blog\/wp-json\/wp\/v2\/pages"}],"about":[{"href":"https:\/\/www.globalong.com\/blog\/wp-json\/wp\/v2\/types\/page"}],"author":[{"embeddable":true,"href":"https:\/\/www.globalong.com\/blog\/wp-json\/wp\/v2\/users\/5"}],"replies":[{"embeddable":true,"href":"https:\/\/www.globalong.com\/blog\/wp-json\/wp\/v2\/comments?post=12124"}],"version-history":[{"count":16,"href":"https:\/\/www.globalong.com\/blog\/wp-json\/wp\/v2\/pages\/12124\/revisions"}],"predecessor-version":[{"id":14516,"href":"https:\/\/www.globalong.com\/blog\/wp-json\/wp\/v2\/pages\/12124\/revisions\/14516"}],"up":[{"embeddable":true,"href":"https:\/\/www.globalong.com\/blog\/wp-json\/wp\/v2\/pages\/883"}],"wp:featuredmedia":[{"embeddable":true,"href":"https:\/\/www.globalong.com\/blog\/wp-json\/wp\/v2\/media\/6690"}],"wp:attachment":[{"href":"https:\/\/www.globalong.com\/blog\/wp-json\/wp\/v2\/media?parent=12124"}],"curies":[{"name":"wp","href":"https:\/\/api.w.org\/{rel}","templated":true}]}}