{"id":12127,"date":"2018-12-13T11:24:08","date_gmt":"2018-12-13T10:24:08","guid":{"rendered":"https:\/\/www.globalong.com\/blog\/?page_id=12127"},"modified":"2022-04-28T16:40:42","modified_gmt":"2022-04-28T14:40:42","slug":"australie-robin-eco-volontariat-benevole-international-environnement-ecologie-oceanie","status":"publish","type":"page","link":"https:\/\/www.globalong.com\/blog\/avis-temoignages-globalong\/australie-robin-eco-volontariat-benevole-international-environnement-ecologie-oceanie\/","title":{"rendered":"Australie &#8211; Robin"},"content":{"rendered":"<p style=\"text-align: center;\"><span style=\"color: #b81657;\"><strong><a href=\"https:\/\/www.globalong.com\/blog\/wp-content\/uploads\/2018\/12\/image2-min.jpeg\"><img loading=\"lazy\" decoding=\"async\" class=\"wp-image-12131 size-medium aligncenter\" src=\"https:\/\/www.globalong.com\/blog\/wp-content\/uploads\/2018\/12\/image2-min-300x219.jpeg\" alt=\"\" width=\"300\" height=\"219\" srcset=\"https:\/\/www.globalong.com\/blog\/wp-content\/uploads\/2018\/12\/image2-min-300x219.jpeg 300w, https:\/\/www.globalong.com\/blog\/wp-content\/uploads\/2018\/12\/image2-min-150x110.jpeg 150w, https:\/\/www.globalong.com\/blog\/wp-content\/uploads\/2018\/12\/image2-min.jpeg 640w\" sizes=\"(max-width: 300px) 100vw, 300px\" \/><\/a>T\u00e9moignage de Robin, adh\u00e9rent de l\u2019association GlobAlong\u00a0et b\u00e9n\u00e9vole en\u00a0Australie<\/strong><\/span><\/p>\n<p style=\"text-align: justify;\">Je me suis engag\u00e9 sur une mission d&rsquo;<a href=\"https:\/\/www.globalong.com\/blog\/dossiers-globalong-information-supplementaires-astuces-difference-question-stage-langues-missions-benevolat-sejours-linguistiques-humanitaire-etranger-projet-annee-sabbatique\/charte-de-lecovolontariat\/\" target=\"_blank\" rel=\"noopener\"><span style=\"text-decoration: underline;\"><strong>\u00e9co-volontariat<\/strong><\/span><\/a> en <a href=\"https:\/\/www.globalong.com\/sejour-benevolat\/ecovolontariat-australie.html\" target=\"_blank\" rel=\"noopener\"><span style=\"color: #b81657;\"><strong><span style=\"text-decoration: underline;\">Australie<\/span><\/strong><\/span><\/a> afin de <strong>d\u00e9velopper mon anglais<\/strong>, <strong>d\u00e9couvrir un nouveau pays<\/strong> mais surtout <strong>apprendre<\/strong> et <strong>avoir une premi\u00e8re exp\u00e9rience dans le volontariat<\/strong>.<\/p>\n<p style=\"text-align: justify;\">Pendant ma <strong>p\u00e9riode d&rsquo;introduction<\/strong>, j\u2019ai \u00e9t\u00e9 <strong>aid\u00e9<\/strong> par une Fran\u00e7aise ayant un tr\u00e8s bon niveau en anglais.<\/p>\n<p style=\"text-align: justify;\"><a href=\"https:\/\/www.globalong.com\/blog\/wp-content\/uploads\/2018\/12\/image3coup\u00e9e-min.jpeg\"><img loading=\"lazy\" decoding=\"async\" class=\"wp-image-12133 size-medium aligncenter\" src=\"https:\/\/www.globalong.com\/blog\/wp-content\/uploads\/2018\/12\/image3coup\u00e9e-min-300x120.jpeg\" alt=\"\" width=\"300\" height=\"120\" srcset=\"https:\/\/www.globalong.com\/blog\/wp-content\/uploads\/2018\/12\/image3coup\u00e9e-min-300x120.jpeg 300w, https:\/\/www.globalong.com\/blog\/wp-content\/uploads\/2018\/12\/image3coup\u00e9e-min-150x60.jpeg 150w, https:\/\/www.globalong.com\/blog\/wp-content\/uploads\/2018\/12\/image3coup\u00e9e-min.jpeg 630w\" sizes=\"(max-width: 300px) 100vw, 300px\" \/><\/a>Pendant ma <strong>p\u00e9riode de b\u00e9n\u00e9volat<\/strong>, nous avons fait du <strong>camping<\/strong> la premi\u00e8re semaine dans un <strong>d\u00e9sert<\/strong> puis nous avons particip\u00e9 \u00e0 <strong>diff\u00e9rents projets autour de la ville<\/strong>.<\/p>\n<p style=\"text-align: justify;\">Pendant mon <strong>temps libre<\/strong>, j&rsquo;ai eu l&rsquo;opportunit\u00e9 de visiter le zoo d\u2019Ad\u00e9la\u00efde ainsi que le mus\u00e9e.<\/p>\n<p style=\"text-align: justify;\"><a href=\"https:\/\/www.globalong.com\/blog\/wp-content\/uploads\/2018\/12\/image1-min.jpeg\"><img loading=\"lazy\" decoding=\"async\" class=\"size-medium wp-image-12135 aligncenter\" src=\"https:\/\/www.globalong.com\/blog\/wp-content\/uploads\/2018\/12\/image1-min-300x225.jpeg\" alt=\"\" width=\"300\" height=\"225\" srcset=\"https:\/\/www.globalong.com\/blog\/wp-content\/uploads\/2018\/12\/image1-min-300x225.jpeg 300w, https:\/\/www.globalong.com\/blog\/wp-content\/uploads\/2018\/12\/image1-min-150x113.jpeg 150w, https:\/\/www.globalong.com\/blog\/wp-content\/uploads\/2018\/12\/image1-min.jpeg 640w\" sizes=\"(max-width: 300px) 100vw, 300px\" \/><\/a>Tout au long de mon programme, j&rsquo;ai rencontr\u00e9 beaucoup de Fran\u00e7ais, mais aussi des <strong>Australiens<\/strong> avec qui je travaillais &#8211; <strong>des personnes exceptionnelles, d&rsquo;une grande g\u00e9n\u00e9rosit\u00e9 !<\/strong><\/p>\n<p style=\"text-align: justify;\">Cette exp\u00e9rience m&rsquo;a donn\u00e9 <strong>plus de facilit\u00e9 \u00e0 \u00eatre autonome<\/strong>.<\/p>\n<p style=\"text-align: justify;\">Le conseil que je donnerais aux adh\u00e9rents qui souhaitent s&rsquo;engager en Australie ?<\/p>\n<p style=\"text-align: justify;\"><strong>Pr\u00e9parez votre voyage \u00e0 l\u2019avance, n\u2019adoptez pas les m\u00eames habitudes que vous avez chez vous !<\/strong><\/p>\n<p style=\"text-align: justify;\">Robin<\/p>\n<p style=\"text-align: center;\">Pour plus d\u2019informations sur les missions ou les stages \u00e0 l\u2019international, n\u2019h\u00e9sitez pas \u00e0 nous contacter \u00e0 l\u2019adresse :\u00a0<a href=\"mailto:info@globalong.com\" target=\"_blank\" rel=\"noopener\"><span style=\"text-decoration: underline; color: #b81657;\"><strong>info@globalong.com<\/strong><\/span><\/a><\/p>\n<p style=\"text-align: center;\"><a href=\"https:\/\/www.globalong.com\/sejour-benevolat\/ecovolontariat-australie.html\" target=\"_blank\" rel=\"noopener\"><span style=\"text-decoration: underline; color: #b81657;\"><strong>D\u00e9couvrez les programmes d&rsquo;\u00e9co-volontariat en Australie !<\/strong><\/span><\/a><\/p>\n<p style=\"text-align: center;\"><a href=\"https:\/\/www.flickr.com\/photos\/globalong\/albums\/72157662248337234\" target=\"_blank\" rel=\"noopener\"><span style=\"text-decoration: underline; color: #b81657;\"><strong>D\u00e9couvrez plus de photos de nos adh\u00e9rents engag\u00e9s en Australie !<\/strong><\/span><\/a><\/p>\n","protected":false},"excerpt":{"rendered":"<p>T\u00e9moignage de Robin, adh\u00e9rent de l\u2019association GlobAlong\u00a0et b\u00e9n\u00e9vole en\u00a0Australie Je me suis engag\u00e9 sur une mission d&rsquo;\u00e9co-volontariat en Australie afin de d\u00e9velopper mon anglais, d\u00e9couvrir un nouveau pays mais surtout apprendre et avoir une premi\u00e8re exp\u00e9rience dans le volontariat. Pendant ma p\u00e9riode d&rsquo;introduction, j\u2019ai \u00e9t\u00e9 aid\u00e9 par une Fran\u00e7aise ayant un tr\u00e8s bon niveau en [&hellip;]<\/p>\n","protected":false},"author":5,"featured_media":5362,"parent":883,"menu_order":0,"comment_status":"closed","ping_status":"closed","template":"","meta":{"footnotes":""},"yoast_head":"<!-- This site is optimized with the Yoast SEO Premium plugin v23.4 (Yoast SEO v23.4) - https:\/\/yoast.com\/wordpress\/plugins\/seo\/ -->\n<title>Australie - Robin - Association Globalong<\/title>\n<meta name=\"robots\" content=\"index, follow, max-snippet:-1, max-image-preview:large, max-video-preview:-1\" \/>\n<link rel=\"canonical\" href=\"https:\/\/www.globalong.com\/blog\/avis-temoignages-globalong\/australie-robin-eco-volontariat-benevole-international-environnement-ecologie-oceanie\/\" \/>\n<meta property=\"og:locale\" content=\"fr_FR\" \/>\n<meta property=\"og:type\" content=\"article\" \/>\n<meta property=\"og:title\" content=\"Australie - Robin\" \/>\n<meta property=\"og:description\" content=\"T\u00e9moignage de Robin, adh\u00e9rent de l\u2019association GlobAlong\u00a0et b\u00e9n\u00e9vole en\u00a0Australie Je me suis engag\u00e9 sur une mission d&rsquo;\u00e9co-volontariat en Australie afin de d\u00e9velopper mon anglais, d\u00e9couvrir un nouveau pays mais surtout apprendre et avoir une premi\u00e8re exp\u00e9rience dans le volontariat. Pendant ma p\u00e9riode d&rsquo;introduction, j\u2019ai \u00e9t\u00e9 aid\u00e9 par une Fran\u00e7aise ayant un tr\u00e8s bon niveau en [&hellip;]\" \/>\n<meta property=\"og:url\" content=\"https:\/\/www.globalong.com\/blog\/avis-temoignages-globalong\/australie-robin-eco-volontariat-benevole-international-environnement-ecologie-oceanie\/\" \/>\n<meta property=\"og:site_name\" content=\"Association Globalong\" \/>\n<meta property=\"article:publisher\" content=\"https:\/\/www.facebook.com\/globalong\" \/>\n<meta property=\"article:modified_time\" content=\"2022-04-28T14:40:42+00:00\" \/>\n<meta property=\"og:image\" content=\"https:\/\/www.globalong.com\/blog\/wp-content\/uploads\/2016\/08\/Australie-Kangourou-Globalong.jpg\" \/>\n\t<meta property=\"og:image:width\" content=\"960\" \/>\n\t<meta property=\"og:image:height\" content=\"540\" \/>\n\t<meta property=\"og:image:type\" content=\"image\/jpeg\" \/>\n<meta name=\"twitter:card\" content=\"summary_large_image\" \/>\n<meta name=\"twitter:label1\" content=\"Dur\u00e9e de lecture estim\u00e9e\" \/>\n\t<meta name=\"twitter:data1\" content=\"1 minute\" \/>\n<script type=\"application\/ld+json\" class=\"yoast-schema-graph\">{\"@context\":\"https:\/\/schema.org\",\"@graph\":[{\"@type\":\"WebPage\",\"@id\":\"https:\/\/www.globalong.com\/blog\/avis-temoignages-globalong\/australie-robin-eco-volontariat-benevole-international-environnement-ecologie-oceanie\/\",\"url\":\"https:\/\/www.globalong.com\/blog\/avis-temoignages-globalong\/australie-robin-eco-volontariat-benevole-international-environnement-ecologie-oceanie\/\",\"name\":\"Australie - Robin - Association Globalong\",\"isPartOf\":{\"@id\":\"https:\/\/www.globalong.com\/blog\/#website\"},\"primaryImageOfPage\":{\"@id\":\"https:\/\/www.globalong.com\/blog\/avis-temoignages-globalong\/australie-robin-eco-volontariat-benevole-international-environnement-ecologie-oceanie\/#primaryimage\"},\"image\":{\"@id\":\"https:\/\/www.globalong.com\/blog\/avis-temoignages-globalong\/australie-robin-eco-volontariat-benevole-international-environnement-ecologie-oceanie\/#primaryimage\"},\"thumbnailUrl\":\"https:\/\/www.globalong.com\/blog\/wp-content\/uploads\/2016\/08\/Australie-Kangourou-Globalong.jpg\",\"datePublished\":\"2018-12-13T10:24:08+00:00\",\"dateModified\":\"2022-04-28T14:40:42+00:00\",\"breadcrumb\":{\"@id\":\"https:\/\/www.globalong.com\/blog\/avis-temoignages-globalong\/australie-robin-eco-volontariat-benevole-international-environnement-ecologie-oceanie\/#breadcrumb\"},\"inLanguage\":\"fr-FR\",\"potentialAction\":[{\"@type\":\"ReadAction\",\"target\":[\"https:\/\/www.globalong.com\/blog\/avis-temoignages-globalong\/australie-robin-eco-volontariat-benevole-international-environnement-ecologie-oceanie\/\"]}]},{\"@type\":\"ImageObject\",\"inLanguage\":\"fr-FR\",\"@id\":\"https:\/\/www.globalong.com\/blog\/avis-temoignages-globalong\/australie-robin-eco-volontariat-benevole-international-environnement-ecologie-oceanie\/#primaryimage\",\"url\":\"https:\/\/www.globalong.com\/blog\/wp-content\/uploads\/2016\/08\/Australie-Kangourou-Globalong.jpg\",\"contentUrl\":\"https:\/\/www.globalong.com\/blog\/wp-content\/uploads\/2016\/08\/Australie-Kangourou-Globalong.jpg\",\"width\":960,\"height\":540},{\"@type\":\"BreadcrumbList\",\"@id\":\"https:\/\/www.globalong.com\/blog\/avis-temoignages-globalong\/australie-robin-eco-volontariat-benevole-international-environnement-ecologie-oceanie\/#breadcrumb\",\"itemListElement\":[{\"@type\":\"ListItem\",\"position\":1,\"name\":\"Accueil\",\"item\":\"https:\/\/www.globalong.com\/blog\/\"},{\"@type\":\"ListItem\",\"position\":2,\"name\":\"T\u00e9moignages et avis de volontaires Globalong\",\"item\":\"https:\/\/www.globalong.com\/blog\/avis-temoignages-globalong\/\"},{\"@type\":\"ListItem\",\"position\":3,\"name\":\"Australie &#8211; Robin\"}]},{\"@type\":\"WebSite\",\"@id\":\"https:\/\/www.globalong.com\/blog\/#website\",\"url\":\"https:\/\/www.globalong.com\/blog\/\",\"name\":\"https:\/\/www.globalong.com\/\",\"description\":\"Mission humanitaire, stage \u00e9tudiant et voyage linguistique\",\"publisher\":{\"@id\":\"https:\/\/www.globalong.com\/blog\/#organization\"},\"potentialAction\":[{\"@type\":\"SearchAction\",\"target\":{\"@type\":\"EntryPoint\",\"urlTemplate\":\"https:\/\/www.globalong.com\/blog\/?s={search_term_string}\"},\"query-input\":{\"@type\":\"PropertyValueSpecification\",\"valueRequired\":true,\"valueName\":\"search_term_string\"}}],\"inLanguage\":\"fr-FR\"},{\"@type\":\"Organization\",\"@id\":\"https:\/\/www.globalong.com\/blog\/#organization\",\"name\":\"Association Globalong\",\"url\":\"https:\/\/www.globalong.com\/blog\/\",\"logo\":{\"@type\":\"ImageObject\",\"inLanguage\":\"fr-FR\",\"@id\":\"https:\/\/www.globalong.com\/blog\/#\/schema\/logo\/image\/\",\"url\":\"https:\/\/www.globalong.com\/blog\/wp-content\/uploads\/2014\/11\/cropped-cropped-Logo-et-Afrique-Globalong-petite-taille-2.jpg\",\"contentUrl\":\"https:\/\/www.globalong.com\/blog\/wp-content\/uploads\/2014\/11\/cropped-cropped-Logo-et-Afrique-Globalong-petite-taille-2.jpg\",\"width\":512,\"height\":512,\"caption\":\"Association Globalong\"},\"image\":{\"@id\":\"https:\/\/www.globalong.com\/blog\/#\/schema\/logo\/image\/\"},\"sameAs\":[\"https:\/\/www.facebook.com\/globalong\"]}]}<\/script>\n<!-- \/ Yoast SEO Premium plugin. -->","yoast_head_json":{"title":"Australie - Robin - Association Globalong","robots":{"index":"index","follow":"follow","max-snippet":"max-snippet:-1","max-image-preview":"max-image-preview:large","max-video-preview":"max-video-preview:-1"},"canonical":"https:\/\/www.globalong.com\/blog\/avis-temoignages-globalong\/australie-robin-eco-volontariat-benevole-international-environnement-ecologie-oceanie\/","og_locale":"fr_FR","og_type":"article","og_title":"Australie - Robin","og_description":"T\u00e9moignage de Robin, adh\u00e9rent de l\u2019association GlobAlong\u00a0et b\u00e9n\u00e9vole en\u00a0Australie Je me suis engag\u00e9 sur une mission d&rsquo;\u00e9co-volontariat en Australie afin de d\u00e9velopper mon anglais, d\u00e9couvrir un nouveau pays mais surtout apprendre et avoir une premi\u00e8re exp\u00e9rience dans le volontariat. Pendant ma p\u00e9riode d&rsquo;introduction, j\u2019ai \u00e9t\u00e9 aid\u00e9 par une Fran\u00e7aise ayant un tr\u00e8s bon niveau en [&hellip;]","og_url":"https:\/\/www.globalong.com\/blog\/avis-temoignages-globalong\/australie-robin-eco-volontariat-benevole-international-environnement-ecologie-oceanie\/","og_site_name":"Association Globalong","article_publisher":"https:\/\/www.facebook.com\/globalong","article_modified_time":"2022-04-28T14:40:42+00:00","og_image":[{"width":960,"height":540,"url":"https:\/\/www.globalong.com\/blog\/wp-content\/uploads\/2016\/08\/Australie-Kangourou-Globalong.jpg","type":"image\/jpeg"}],"twitter_card":"summary_large_image","twitter_misc":{"Dur\u00e9e de lecture estim\u00e9e":"1 minute"},"schema":{"@context":"https:\/\/schema.org","@graph":[{"@type":"WebPage","@id":"https:\/\/www.globalong.com\/blog\/avis-temoignages-globalong\/australie-robin-eco-volontariat-benevole-international-environnement-ecologie-oceanie\/","url":"https:\/\/www.globalong.com\/blog\/avis-temoignages-globalong\/australie-robin-eco-volontariat-benevole-international-environnement-ecologie-oceanie\/","name":"Australie - Robin - Association Globalong","isPartOf":{"@id":"https:\/\/www.globalong.com\/blog\/#website"},"primaryImageOfPage":{"@id":"https:\/\/www.globalong.com\/blog\/avis-temoignages-globalong\/australie-robin-eco-volontariat-benevole-international-environnement-ecologie-oceanie\/#primaryimage"},"image":{"@id":"https:\/\/www.globalong.com\/blog\/avis-temoignages-globalong\/australie-robin-eco-volontariat-benevole-international-environnement-ecologie-oceanie\/#primaryimage"},"thumbnailUrl":"https:\/\/www.globalong.com\/blog\/wp-content\/uploads\/2016\/08\/Australie-Kangourou-Globalong.jpg","datePublished":"2018-12-13T10:24:08+00:00","dateModified":"2022-04-28T14:40:42+00:00","breadcrumb":{"@id":"https:\/\/www.globalong.com\/blog\/avis-temoignages-globalong\/australie-robin-eco-volontariat-benevole-international-environnement-ecologie-oceanie\/#breadcrumb"},"inLanguage":"fr-FR","potentialAction":[{"@type":"ReadAction","target":["https:\/\/www.globalong.com\/blog\/avis-temoignages-globalong\/australie-robin-eco-volontariat-benevole-international-environnement-ecologie-oceanie\/"]}]},{"@type":"ImageObject","inLanguage":"fr-FR","@id":"https:\/\/www.globalong.com\/blog\/avis-temoignages-globalong\/australie-robin-eco-volontariat-benevole-international-environnement-ecologie-oceanie\/#primaryimage","url":"https:\/\/www.globalong.com\/blog\/wp-content\/uploads\/2016\/08\/Australie-Kangourou-Globalong.jpg","contentUrl":"https:\/\/www.globalong.com\/blog\/wp-content\/uploads\/2016\/08\/Australie-Kangourou-Globalong.jpg","width":960,"height":540},{"@type":"BreadcrumbList","@id":"https:\/\/www.globalong.com\/blog\/avis-temoignages-globalong\/australie-robin-eco-volontariat-benevole-international-environnement-ecologie-oceanie\/#breadcrumb","itemListElement":[{"@type":"ListItem","position":1,"name":"Accueil","item":"https:\/\/www.globalong.com\/blog\/"},{"@type":"ListItem","position":2,"name":"T\u00e9moignages et avis de volontaires Globalong","item":"https:\/\/www.globalong.com\/blog\/avis-temoignages-globalong\/"},{"@type":"ListItem","position":3,"name":"Australie &#8211; Robin"}]},{"@type":"WebSite","@id":"https:\/\/www.globalong.com\/blog\/#website","url":"https:\/\/www.globalong.com\/blog\/","name":"https:\/\/www.globalong.com\/","description":"Mission humanitaire, stage \u00e9tudiant et voyage linguistique","publisher":{"@id":"https:\/\/www.globalong.com\/blog\/#organization"},"potentialAction":[{"@type":"SearchAction","target":{"@type":"EntryPoint","urlTemplate":"https:\/\/www.globalong.com\/blog\/?s={search_term_string}"},"query-input":{"@type":"PropertyValueSpecification","valueRequired":true,"valueName":"search_term_string"}}],"inLanguage":"fr-FR"},{"@type":"Organization","@id":"https:\/\/www.globalong.com\/blog\/#organization","name":"Association Globalong","url":"https:\/\/www.globalong.com\/blog\/","logo":{"@type":"ImageObject","inLanguage":"fr-FR","@id":"https:\/\/www.globalong.com\/blog\/#\/schema\/logo\/image\/","url":"https:\/\/www.globalong.com\/blog\/wp-content\/uploads\/2014\/11\/cropped-cropped-Logo-et-Afrique-Globalong-petite-taille-2.jpg","contentUrl":"https:\/\/www.globalong.com\/blog\/wp-content\/uploads\/2014\/11\/cropped-cropped-Logo-et-Afrique-Globalong-petite-taille-2.jpg","width":512,"height":512,"caption":"Association Globalong"},"image":{"@id":"https:\/\/www.globalong.com\/blog\/#\/schema\/logo\/image\/"},"sameAs":["https:\/\/www.facebook.com\/globalong"]}]}},"_links":{"self":[{"href":"https:\/\/www.globalong.com\/blog\/wp-json\/wp\/v2\/pages\/12127"}],"collection":[{"href":"https:\/\/www.globalong.com\/blog\/wp-json\/wp\/v2\/pages"}],"about":[{"href":"https:\/\/www.globalong.com\/blog\/wp-json\/wp\/v2\/types\/page"}],"author":[{"embeddable":true,"href":"https:\/\/www.globalong.com\/blog\/wp-json\/wp\/v2\/users\/5"}],"replies":[{"embeddable":true,"href":"https:\/\/www.globalong.com\/blog\/wp-json\/wp\/v2\/comments?post=12127"}],"version-history":[{"count":10,"href":"https:\/\/www.globalong.com\/blog\/wp-json\/wp\/v2\/pages\/12127\/revisions"}],"predecessor-version":[{"id":14415,"href":"https:\/\/www.globalong.com\/blog\/wp-json\/wp\/v2\/pages\/12127\/revisions\/14415"}],"up":[{"embeddable":true,"href":"https:\/\/www.globalong.com\/blog\/wp-json\/wp\/v2\/pages\/883"}],"wp:featuredmedia":[{"embeddable":true,"href":"https:\/\/www.globalong.com\/blog\/wp-json\/wp\/v2\/media\/5362"}],"wp:attachment":[{"href":"https:\/\/www.globalong.com\/blog\/wp-json\/wp\/v2\/media?parent=12127"}],"curies":[{"name":"wp","href":"https:\/\/api.w.org\/{rel}","templated":true}]}}