{"id":13689,"date":"2020-11-17T12:04:12","date_gmt":"2020-11-17T11:04:12","guid":{"rendered":"https:\/\/www.globalong.com\/blog\/?page_id=13689"},"modified":"2022-05-06T10:04:40","modified_gmt":"2022-05-06T08:04:40","slug":"kenya-madison","status":"publish","type":"page","link":"https:\/\/www.globalong.com\/blog\/avis-temoignages-globalong\/kenya-madison\/","title":{"rendered":"Kenya &#8211; Madison"},"content":{"rendered":"<p><img loading=\"lazy\" decoding=\"async\" class=\"size-medium wp-image-13690 aligncenter\" src=\"https:\/\/www.globalong.com\/blog\/wp-content\/uploads\/2020\/11\/PHOTO-2020-11-17-10-37-15-300x236.jpg\" alt=\"\" width=\"300\" height=\"236\" srcset=\"https:\/\/www.globalong.com\/blog\/wp-content\/uploads\/2020\/11\/PHOTO-2020-11-17-10-37-15-300x236.jpg 300w, https:\/\/www.globalong.com\/blog\/wp-content\/uploads\/2020\/11\/PHOTO-2020-11-17-10-37-15-768x603.jpg 768w, https:\/\/www.globalong.com\/blog\/wp-content\/uploads\/2020\/11\/PHOTO-2020-11-17-10-37-15-1024x804.jpg 1024w, https:\/\/www.globalong.com\/blog\/wp-content\/uploads\/2020\/11\/PHOTO-2020-11-17-10-37-15-150x118.jpg 150w, https:\/\/www.globalong.com\/blog\/wp-content\/uploads\/2020\/11\/PHOTO-2020-11-17-10-37-15.jpg 1600w\" sizes=\"(max-width: 300px) 100vw, 300px\" \/>Par ce message, je tenais \u00e0 vous remercier pour l&rsquo;ensemble de l&rsquo;organisation et du suivi de ma mission et plus particuli\u00e8rement Sophie.<\/p>\n<p>Je tenais \u00e0 vous faire part de ma reconnaissance, quant \u00e0 l&rsquo;enti\u00e8ret\u00e9 des informations mises \u00e0 disposition des b\u00e9n\u00e9voles ainsi que de la transparence. Il n&rsquo;y a pas eu de mauvaise d\u00e9couverte. L&rsquo;exp\u00e9rience que j&rsquo;ai pu vivre restera grav\u00e9e dans ma m\u00e9moire et m&rsquo;aura fait grandir.<\/p>\n<p>Je suis partie pour <span style=\"text-decoration: underline;\"><a href=\"https:\/\/www.globalong.com\/sejour-benevolat\/benevolat-kenya.html\" target=\"_blank\" rel=\"noopener\">d\u00e9couvrir une nouvelle culture<\/a><\/span> et la fa\u00e7on de vivre dans un pays peu d\u00e9velopp\u00e9 et me sentir utile en apportant mon aide.<\/p>\n<p><img loading=\"lazy\" decoding=\"async\" class=\"size-medium wp-image-13691 aligncenter\" src=\"https:\/\/www.globalong.com\/blog\/wp-content\/uploads\/2020\/11\/PHOTO-2020-11-17-10-37-33-2-300x225.jpg\" alt=\"\" width=\"300\" height=\"225\" srcset=\"https:\/\/www.globalong.com\/blog\/wp-content\/uploads\/2020\/11\/PHOTO-2020-11-17-10-37-33-2-300x225.jpg 300w, https:\/\/www.globalong.com\/blog\/wp-content\/uploads\/2020\/11\/PHOTO-2020-11-17-10-37-33-2-768x576.jpg 768w, https:\/\/www.globalong.com\/blog\/wp-content\/uploads\/2020\/11\/PHOTO-2020-11-17-10-37-33-2-1024x768.jpg 1024w, https:\/\/www.globalong.com\/blog\/wp-content\/uploads\/2020\/11\/PHOTO-2020-11-17-10-37-33-2-150x113.jpg 150w, https:\/\/www.globalong.com\/blog\/wp-content\/uploads\/2020\/11\/PHOTO-2020-11-17-10-37-33-2.jpg 1600w\" sizes=\"(max-width: 300px) 100vw, 300px\" \/><\/p>\n<p>La coordinatrice nous accompagne tr\u00e8s bien lors de nos premiers jours pour les missions et s&rsquo;assure que tout se passe bien et comme on le souhaite. Cecilia est g\u00e9nial, \u00e0 l\u2019\u00e9coute, pr\u00e9sente et fait tout pour que l\u2019on se sente bien chez elle, mais aussi dans notre mission. Ce n\u2019est plus une famille d\u2019accueil, mais elle est devenue une amie maintenant.<\/p>\n<p>Lors de mon b\u00e9n\u00e9volat au sein de l&rsquo;orphelinat pour animaux, j&rsquo;ai eu la chance d&rsquo;accueillir une antilope orpheline, apr\u00e8s avoir pris soin d&rsquo;elle durant 3 semaines, j&rsquo;ai eu l&rsquo;opportunit\u00e9 de pouvoir choisir son pr\u00e9nom.<\/p>\n<p><img loading=\"lazy\" decoding=\"async\" class=\"size-medium wp-image-13692 aligncenter\" src=\"https:\/\/www.globalong.com\/blog\/wp-content\/uploads\/2020\/11\/PHOTO-2020-11-17-10-37-44-2-300x225.jpg\" alt=\"\" width=\"300\" height=\"225\" srcset=\"https:\/\/www.globalong.com\/blog\/wp-content\/uploads\/2020\/11\/PHOTO-2020-11-17-10-37-44-2-300x225.jpg 300w, https:\/\/www.globalong.com\/blog\/wp-content\/uploads\/2020\/11\/PHOTO-2020-11-17-10-37-44-2-768x576.jpg 768w, https:\/\/www.globalong.com\/blog\/wp-content\/uploads\/2020\/11\/PHOTO-2020-11-17-10-37-44-2-1024x768.jpg 1024w, https:\/\/www.globalong.com\/blog\/wp-content\/uploads\/2020\/11\/PHOTO-2020-11-17-10-37-44-2-150x113.jpg 150w, https:\/\/www.globalong.com\/blog\/wp-content\/uploads\/2020\/11\/PHOTO-2020-11-17-10-37-44-2.jpg 1600w\" sizes=\"(max-width: 300px) 100vw, 300px\" \/><\/p>\n<p>Une partie de moi restera d\u00e9finitivement au Kenya.<\/p>\n<p>Lors de mon b\u00e9n\u00e9volat au sein de l&rsquo;orphelinat pour enfants, j&rsquo;ai pu organiser une f\u00eate surprise pour les enfants qui \u00e9taient juste super heureux. A la fin de ma mission, j\u2019ai pu avoir la surprise d\u2019avoir moi aussi &#8211; une surprise de leur part avec un certificat de reconnaissance et un cadeau en souvenir de l\u2019orphelinat.<\/p>\n<p>\u00c9galement j&rsquo;ai pu organiser une sortie \u00e0 l&rsquo;orphelinat pour animaux, gr\u00e2ce \u00e0 la cagnotte en ligne. Il faut savoir que pour certains enfants, ils n&rsquo;\u00e9taient jamais sortis des bidonvilles.<\/p>\n<p><img loading=\"lazy\" decoding=\"async\" class=\"size-medium wp-image-13693 aligncenter\" src=\"https:\/\/www.globalong.com\/blog\/wp-content\/uploads\/2020\/11\/PHOTO-2020-11-17-10-37-45-2-300x225.jpg\" alt=\"\" width=\"300\" height=\"225\" srcset=\"https:\/\/www.globalong.com\/blog\/wp-content\/uploads\/2020\/11\/PHOTO-2020-11-17-10-37-45-2-300x225.jpg 300w, https:\/\/www.globalong.com\/blog\/wp-content\/uploads\/2020\/11\/PHOTO-2020-11-17-10-37-45-2-768x576.jpg 768w, https:\/\/www.globalong.com\/blog\/wp-content\/uploads\/2020\/11\/PHOTO-2020-11-17-10-37-45-2.jpg 1024w, https:\/\/www.globalong.com\/blog\/wp-content\/uploads\/2020\/11\/PHOTO-2020-11-17-10-37-45-2-150x113.jpg 150w\" sizes=\"(max-width: 300px) 100vw, 300px\" \/><\/p>\n<p>Leurs sourires valent juste mille mots.<\/p>\n<p>Certaines des photos retracent un \u00ab\u00a0 food Program\u00a0\u00bb que j\u2019ai mis en place un midi gr\u00e2ce \u00e0 l\u2019aide de personne que j\u2019ai rencontr\u00e9 dans les bidonvilles. 130 repas ont pu \u00eatre distribu\u00e9s aux enfants.<\/p>\n<p>Lors de mon b\u00e9n\u00e9volat au sein de l&rsquo;orphelinat pour animaux, j&rsquo;ai pu rencontrer une personne qui s&rsquo;appelle Georges.<\/p>\n<p>Cette personne vit dans les bidonvilles, j&rsquo;ai pu gr\u00e2ce \u00e0 lui, visiter les bidonvilles, comprendre la fa\u00e7on de vivre et aussi y apporter mon aide lors de 2 distributions de dons et lors d&rsquo;une pr\u00e9paration de repas pour 130 enfants.<\/p>\n<p><img loading=\"lazy\" decoding=\"async\" class=\"size-medium wp-image-13694 aligncenter\" src=\"https:\/\/www.globalong.com\/blog\/wp-content\/uploads\/2020\/11\/PHOTO-2020-11-17-10-37-48-300x225.jpg\" alt=\"\" width=\"300\" height=\"225\" srcset=\"https:\/\/www.globalong.com\/blog\/wp-content\/uploads\/2020\/11\/PHOTO-2020-11-17-10-37-48-300x225.jpg 300w, https:\/\/www.globalong.com\/blog\/wp-content\/uploads\/2020\/11\/PHOTO-2020-11-17-10-37-48-768x576.jpg 768w, https:\/\/www.globalong.com\/blog\/wp-content\/uploads\/2020\/11\/PHOTO-2020-11-17-10-37-48-1024x768.jpg 1024w, https:\/\/www.globalong.com\/blog\/wp-content\/uploads\/2020\/11\/PHOTO-2020-11-17-10-37-48-150x113.jpg 150w, https:\/\/www.globalong.com\/blog\/wp-content\/uploads\/2020\/11\/PHOTO-2020-11-17-10-37-48.jpg 1600w\" sizes=\"(max-width: 300px) 100vw, 300px\" \/><\/p>\n<p>Une anecdote rigolote &#8211; au Kenya, les personnes blanches se font appeler Mzungu, mais nous blancs sommes pas cens\u00e9s le savoir.<\/p>\n<p>Une fois j&rsquo;\u00e9tais sur un taxi moto et une autre moto arrive \u00e0 c\u00f4t\u00e9 de mon taxi, le conducteur de cette moto dit \u00e0 mon conducteur \u00a0\u00bb how do you feel whith Mzungu \u00a0\u00bb en rigolant.<\/p>\n<p>Apr\u00e8s 2 minutes je dis \u00e0 l&rsquo;autre conducteur, \u00a0\u00bb You know, I know what is Mzungu\u00a0\u00bb en rigolant, il s&rsquo;est senti un peu b\u00eate et nous avons rigol\u00e9.<\/p>\n<p>&nbsp;<\/p>\n<p><img loading=\"lazy\" decoding=\"async\" class=\"size-medium wp-image-13696 aligncenter\" src=\"https:\/\/www.globalong.com\/blog\/wp-content\/uploads\/2020\/11\/1d60e598-7a4d-4fe2-b569-9685b4ecaeb2-2-225x300.jpg\" alt=\"\" width=\"225\" height=\"300\" srcset=\"https:\/\/www.globalong.com\/blog\/wp-content\/uploads\/2020\/11\/1d60e598-7a4d-4fe2-b569-9685b4ecaeb2-2-225x300.jpg 225w, https:\/\/www.globalong.com\/blog\/wp-content\/uploads\/2020\/11\/1d60e598-7a4d-4fe2-b569-9685b4ecaeb2-2-768x1024.jpg 768w, https:\/\/www.globalong.com\/blog\/wp-content\/uploads\/2020\/11\/1d60e598-7a4d-4fe2-b569-9685b4ecaeb2-2-113x150.jpg 113w, https:\/\/www.globalong.com\/blog\/wp-content\/uploads\/2020\/11\/1d60e598-7a4d-4fe2-b569-9685b4ecaeb2-2.jpg 1200w\" sizes=\"(max-width: 225px) 100vw, 225px\" \/><\/p>\n<p>Je pense qu&rsquo;une exp\u00e9rience comme j&rsquo;ai pu vivre au travers des enfants et directement dans la population locale (bidonvilles) fait prendre conscience de certaine chose et nous ouvre les yeux sur notre vie fran\u00e7aise et \u00e9galement sur notre ouverture d&rsquo;esprit.<\/p>\n<p>Mon conseil ? Ne pas avoir peur d&rsquo;\u00eatre entreprenant et proposer des actions, ne pas h\u00e9siter \u00e0 s&rsquo;int\u00e9resser \u00e0 la vie des gens, ils sont tr\u00e8s souvent contents d&rsquo;expliquer leur vie et de voir qu&rsquo;on s&rsquo;int\u00e9resse \u00e0 eux.<\/p>\n<p>Organisation au TOP rien \u00e0 ajouter !<\/p>\n<p>&nbsp;<\/p>\n<p>Envie de vous engager ? <a href=\"https:\/\/www.globalong.com\/sejour-benevolat\/benevolat-kenya.html\" target=\"_blank\" rel=\"noopener noreferrer\">D\u00e9couvrez le programme au Kenya !\u00a0<\/a><\/p>\n<p>&nbsp;<\/p>\n<p>&nbsp;<\/p>\n<p><img loading=\"lazy\" decoding=\"async\" class=\"aligncenter wp-image-13695 size-medium\" src=\"https:\/\/www.globalong.com\/blog\/wp-content\/uploads\/2020\/11\/74107b9c-0c1d-4ac4-9985-d7c8adc62a7b-2-300x225.jpg\" alt=\"\" width=\"300\" height=\"225\" srcset=\"https:\/\/www.globalong.com\/blog\/wp-content\/uploads\/2020\/11\/74107b9c-0c1d-4ac4-9985-d7c8adc62a7b-2-300x225.jpg 300w, https:\/\/www.globalong.com\/blog\/wp-content\/uploads\/2020\/11\/74107b9c-0c1d-4ac4-9985-d7c8adc62a7b-2-768x576.jpg 768w, https:\/\/www.globalong.com\/blog\/wp-content\/uploads\/2020\/11\/74107b9c-0c1d-4ac4-9985-d7c8adc62a7b-2-1024x768.jpg 1024w, https:\/\/www.globalong.com\/blog\/wp-content\/uploads\/2020\/11\/74107b9c-0c1d-4ac4-9985-d7c8adc62a7b-2-150x113.jpg 150w, https:\/\/www.globalong.com\/blog\/wp-content\/uploads\/2020\/11\/74107b9c-0c1d-4ac4-9985-d7c8adc62a7b-2.jpg 1600w\" sizes=\"(max-width: 300px) 100vw, 300px\" \/><\/p>\n","protected":false},"excerpt":{"rendered":"<p>Par ce message, je tenais \u00e0 vous remercier pour l&rsquo;ensemble de l&rsquo;organisation et du suivi de ma mission et plus particuli\u00e8rement Sophie. Je tenais \u00e0 vous faire part de ma reconnaissance, quant \u00e0 l&rsquo;enti\u00e8ret\u00e9 des informations mises \u00e0 disposition des b\u00e9n\u00e9voles ainsi que de la transparence. Il n&rsquo;y a pas eu de mauvaise d\u00e9couverte. L&rsquo;exp\u00e9rience [&hellip;]<\/p>\n","protected":false},"author":7,"featured_media":13720,"parent":883,"menu_order":0,"comment_status":"closed","ping_status":"closed","template":"","meta":{"footnotes":""},"yoast_head":"<!-- This site is optimized with the Yoast SEO Premium plugin v23.4 (Yoast SEO v23.4) - https:\/\/yoast.com\/wordpress\/plugins\/seo\/ -->\n<title>Kenya - Madison - Association Globalong<\/title>\n<meta name=\"robots\" content=\"index, follow, max-snippet:-1, max-image-preview:large, max-video-preview:-1\" \/>\n<link rel=\"canonical\" href=\"https:\/\/www.globalong.com\/blog\/avis-temoignages-globalong\/kenya-madison\/\" \/>\n<meta property=\"og:locale\" content=\"fr_FR\" \/>\n<meta property=\"og:type\" content=\"article\" \/>\n<meta property=\"og:title\" content=\"Kenya - Madison\" \/>\n<meta property=\"og:description\" content=\"Par ce message, je tenais \u00e0 vous remercier pour l&rsquo;ensemble de l&rsquo;organisation et du suivi de ma mission et plus particuli\u00e8rement Sophie. Je tenais \u00e0 vous faire part de ma reconnaissance, quant \u00e0 l&rsquo;enti\u00e8ret\u00e9 des informations mises \u00e0 disposition des b\u00e9n\u00e9voles ainsi que de la transparence. Il n&rsquo;y a pas eu de mauvaise d\u00e9couverte. L&rsquo;exp\u00e9rience [&hellip;]\" \/>\n<meta property=\"og:url\" content=\"https:\/\/www.globalong.com\/blog\/avis-temoignages-globalong\/kenya-madison\/\" \/>\n<meta property=\"og:site_name\" content=\"Association Globalong\" \/>\n<meta property=\"article:publisher\" content=\"https:\/\/www.facebook.com\/globalong\" \/>\n<meta property=\"article:modified_time\" content=\"2022-05-06T08:04:40+00:00\" \/>\n<meta property=\"og:image\" content=\"https:\/\/www.globalong.com\/blog\/wp-content\/uploads\/2020\/11\/Madison-Kenya-te\u0301moignage-photo.jpg\" \/>\n\t<meta property=\"og:image:width\" content=\"200\" \/>\n\t<meta property=\"og:image:height\" content=\"200\" \/>\n\t<meta property=\"og:image:type\" content=\"image\/jpeg\" \/>\n<meta name=\"twitter:card\" content=\"summary_large_image\" \/>\n<meta name=\"twitter:label1\" content=\"Dur\u00e9e de lecture estim\u00e9e\" \/>\n\t<meta name=\"twitter:data1\" content=\"3 minutes\" \/>\n<script type=\"application\/ld+json\" class=\"yoast-schema-graph\">{\"@context\":\"https:\/\/schema.org\",\"@graph\":[{\"@type\":\"WebPage\",\"@id\":\"https:\/\/www.globalong.com\/blog\/avis-temoignages-globalong\/kenya-madison\/\",\"url\":\"https:\/\/www.globalong.com\/blog\/avis-temoignages-globalong\/kenya-madison\/\",\"name\":\"Kenya - Madison - Association Globalong\",\"isPartOf\":{\"@id\":\"https:\/\/www.globalong.com\/blog\/#website\"},\"primaryImageOfPage\":{\"@id\":\"https:\/\/www.globalong.com\/blog\/avis-temoignages-globalong\/kenya-madison\/#primaryimage\"},\"image\":{\"@id\":\"https:\/\/www.globalong.com\/blog\/avis-temoignages-globalong\/kenya-madison\/#primaryimage\"},\"thumbnailUrl\":\"https:\/\/www.globalong.com\/blog\/wp-content\/uploads\/2020\/11\/Madison-Kenya-te\u0301moignage-photo.jpg\",\"datePublished\":\"2020-11-17T11:04:12+00:00\",\"dateModified\":\"2022-05-06T08:04:40+00:00\",\"breadcrumb\":{\"@id\":\"https:\/\/www.globalong.com\/blog\/avis-temoignages-globalong\/kenya-madison\/#breadcrumb\"},\"inLanguage\":\"fr-FR\",\"potentialAction\":[{\"@type\":\"ReadAction\",\"target\":[\"https:\/\/www.globalong.com\/blog\/avis-temoignages-globalong\/kenya-madison\/\"]}]},{\"@type\":\"ImageObject\",\"inLanguage\":\"fr-FR\",\"@id\":\"https:\/\/www.globalong.com\/blog\/avis-temoignages-globalong\/kenya-madison\/#primaryimage\",\"url\":\"https:\/\/www.globalong.com\/blog\/wp-content\/uploads\/2020\/11\/Madison-Kenya-te\u0301moignage-photo.jpg\",\"contentUrl\":\"https:\/\/www.globalong.com\/blog\/wp-content\/uploads\/2020\/11\/Madison-Kenya-te\u0301moignage-photo.jpg\",\"width\":200,\"height\":200},{\"@type\":\"BreadcrumbList\",\"@id\":\"https:\/\/www.globalong.com\/blog\/avis-temoignages-globalong\/kenya-madison\/#breadcrumb\",\"itemListElement\":[{\"@type\":\"ListItem\",\"position\":1,\"name\":\"Accueil\",\"item\":\"https:\/\/www.globalong.com\/blog\/\"},{\"@type\":\"ListItem\",\"position\":2,\"name\":\"T\u00e9moignages et avis de volontaires Globalong\",\"item\":\"https:\/\/www.globalong.com\/blog\/avis-temoignages-globalong\/\"},{\"@type\":\"ListItem\",\"position\":3,\"name\":\"Kenya &#8211; Madison\"}]},{\"@type\":\"WebSite\",\"@id\":\"https:\/\/www.globalong.com\/blog\/#website\",\"url\":\"https:\/\/www.globalong.com\/blog\/\",\"name\":\"https:\/\/www.globalong.com\/\",\"description\":\"Mission humanitaire, stage \u00e9tudiant et voyage linguistique\",\"publisher\":{\"@id\":\"https:\/\/www.globalong.com\/blog\/#organization\"},\"potentialAction\":[{\"@type\":\"SearchAction\",\"target\":{\"@type\":\"EntryPoint\",\"urlTemplate\":\"https:\/\/www.globalong.com\/blog\/?s={search_term_string}\"},\"query-input\":{\"@type\":\"PropertyValueSpecification\",\"valueRequired\":true,\"valueName\":\"search_term_string\"}}],\"inLanguage\":\"fr-FR\"},{\"@type\":\"Organization\",\"@id\":\"https:\/\/www.globalong.com\/blog\/#organization\",\"name\":\"Association Globalong\",\"url\":\"https:\/\/www.globalong.com\/blog\/\",\"logo\":{\"@type\":\"ImageObject\",\"inLanguage\":\"fr-FR\",\"@id\":\"https:\/\/www.globalong.com\/blog\/#\/schema\/logo\/image\/\",\"url\":\"https:\/\/www.globalong.com\/blog\/wp-content\/uploads\/2014\/11\/cropped-cropped-Logo-et-Afrique-Globalong-petite-taille-2.jpg\",\"contentUrl\":\"https:\/\/www.globalong.com\/blog\/wp-content\/uploads\/2014\/11\/cropped-cropped-Logo-et-Afrique-Globalong-petite-taille-2.jpg\",\"width\":512,\"height\":512,\"caption\":\"Association Globalong\"},\"image\":{\"@id\":\"https:\/\/www.globalong.com\/blog\/#\/schema\/logo\/image\/\"},\"sameAs\":[\"https:\/\/www.facebook.com\/globalong\"]}]}<\/script>\n<!-- \/ Yoast SEO Premium plugin. -->","yoast_head_json":{"title":"Kenya - Madison - Association Globalong","robots":{"index":"index","follow":"follow","max-snippet":"max-snippet:-1","max-image-preview":"max-image-preview:large","max-video-preview":"max-video-preview:-1"},"canonical":"https:\/\/www.globalong.com\/blog\/avis-temoignages-globalong\/kenya-madison\/","og_locale":"fr_FR","og_type":"article","og_title":"Kenya - Madison","og_description":"Par ce message, je tenais \u00e0 vous remercier pour l&rsquo;ensemble de l&rsquo;organisation et du suivi de ma mission et plus particuli\u00e8rement Sophie. Je tenais \u00e0 vous faire part de ma reconnaissance, quant \u00e0 l&rsquo;enti\u00e8ret\u00e9 des informations mises \u00e0 disposition des b\u00e9n\u00e9voles ainsi que de la transparence. Il n&rsquo;y a pas eu de mauvaise d\u00e9couverte. L&rsquo;exp\u00e9rience [&hellip;]","og_url":"https:\/\/www.globalong.com\/blog\/avis-temoignages-globalong\/kenya-madison\/","og_site_name":"Association Globalong","article_publisher":"https:\/\/www.facebook.com\/globalong","article_modified_time":"2022-05-06T08:04:40+00:00","og_image":[{"width":200,"height":200,"url":"https:\/\/www.globalong.com\/blog\/wp-content\/uploads\/2020\/11\/Madison-Kenya-te\u0301moignage-photo.jpg","type":"image\/jpeg"}],"twitter_card":"summary_large_image","twitter_misc":{"Dur\u00e9e de lecture estim\u00e9e":"3 minutes"},"schema":{"@context":"https:\/\/schema.org","@graph":[{"@type":"WebPage","@id":"https:\/\/www.globalong.com\/blog\/avis-temoignages-globalong\/kenya-madison\/","url":"https:\/\/www.globalong.com\/blog\/avis-temoignages-globalong\/kenya-madison\/","name":"Kenya - Madison - Association Globalong","isPartOf":{"@id":"https:\/\/www.globalong.com\/blog\/#website"},"primaryImageOfPage":{"@id":"https:\/\/www.globalong.com\/blog\/avis-temoignages-globalong\/kenya-madison\/#primaryimage"},"image":{"@id":"https:\/\/www.globalong.com\/blog\/avis-temoignages-globalong\/kenya-madison\/#primaryimage"},"thumbnailUrl":"https:\/\/www.globalong.com\/blog\/wp-content\/uploads\/2020\/11\/Madison-Kenya-te\u0301moignage-photo.jpg","datePublished":"2020-11-17T11:04:12+00:00","dateModified":"2022-05-06T08:04:40+00:00","breadcrumb":{"@id":"https:\/\/www.globalong.com\/blog\/avis-temoignages-globalong\/kenya-madison\/#breadcrumb"},"inLanguage":"fr-FR","potentialAction":[{"@type":"ReadAction","target":["https:\/\/www.globalong.com\/blog\/avis-temoignages-globalong\/kenya-madison\/"]}]},{"@type":"ImageObject","inLanguage":"fr-FR","@id":"https:\/\/www.globalong.com\/blog\/avis-temoignages-globalong\/kenya-madison\/#primaryimage","url":"https:\/\/www.globalong.com\/blog\/wp-content\/uploads\/2020\/11\/Madison-Kenya-te\u0301moignage-photo.jpg","contentUrl":"https:\/\/www.globalong.com\/blog\/wp-content\/uploads\/2020\/11\/Madison-Kenya-te\u0301moignage-photo.jpg","width":200,"height":200},{"@type":"BreadcrumbList","@id":"https:\/\/www.globalong.com\/blog\/avis-temoignages-globalong\/kenya-madison\/#breadcrumb","itemListElement":[{"@type":"ListItem","position":1,"name":"Accueil","item":"https:\/\/www.globalong.com\/blog\/"},{"@type":"ListItem","position":2,"name":"T\u00e9moignages et avis de volontaires Globalong","item":"https:\/\/www.globalong.com\/blog\/avis-temoignages-globalong\/"},{"@type":"ListItem","position":3,"name":"Kenya &#8211; Madison"}]},{"@type":"WebSite","@id":"https:\/\/www.globalong.com\/blog\/#website","url":"https:\/\/www.globalong.com\/blog\/","name":"https:\/\/www.globalong.com\/","description":"Mission humanitaire, stage \u00e9tudiant et voyage linguistique","publisher":{"@id":"https:\/\/www.globalong.com\/blog\/#organization"},"potentialAction":[{"@type":"SearchAction","target":{"@type":"EntryPoint","urlTemplate":"https:\/\/www.globalong.com\/blog\/?s={search_term_string}"},"query-input":{"@type":"PropertyValueSpecification","valueRequired":true,"valueName":"search_term_string"}}],"inLanguage":"fr-FR"},{"@type":"Organization","@id":"https:\/\/www.globalong.com\/blog\/#organization","name":"Association Globalong","url":"https:\/\/www.globalong.com\/blog\/","logo":{"@type":"ImageObject","inLanguage":"fr-FR","@id":"https:\/\/www.globalong.com\/blog\/#\/schema\/logo\/image\/","url":"https:\/\/www.globalong.com\/blog\/wp-content\/uploads\/2014\/11\/cropped-cropped-Logo-et-Afrique-Globalong-petite-taille-2.jpg","contentUrl":"https:\/\/www.globalong.com\/blog\/wp-content\/uploads\/2014\/11\/cropped-cropped-Logo-et-Afrique-Globalong-petite-taille-2.jpg","width":512,"height":512,"caption":"Association Globalong"},"image":{"@id":"https:\/\/www.globalong.com\/blog\/#\/schema\/logo\/image\/"},"sameAs":["https:\/\/www.facebook.com\/globalong"]}]}},"_links":{"self":[{"href":"https:\/\/www.globalong.com\/blog\/wp-json\/wp\/v2\/pages\/13689"}],"collection":[{"href":"https:\/\/www.globalong.com\/blog\/wp-json\/wp\/v2\/pages"}],"about":[{"href":"https:\/\/www.globalong.com\/blog\/wp-json\/wp\/v2\/types\/page"}],"author":[{"embeddable":true,"href":"https:\/\/www.globalong.com\/blog\/wp-json\/wp\/v2\/users\/7"}],"replies":[{"embeddable":true,"href":"https:\/\/www.globalong.com\/blog\/wp-json\/wp\/v2\/comments?post=13689"}],"version-history":[{"count":26,"href":"https:\/\/www.globalong.com\/blog\/wp-json\/wp\/v2\/pages\/13689\/revisions"}],"predecessor-version":[{"id":14499,"href":"https:\/\/www.globalong.com\/blog\/wp-json\/wp\/v2\/pages\/13689\/revisions\/14499"}],"up":[{"embeddable":true,"href":"https:\/\/www.globalong.com\/blog\/wp-json\/wp\/v2\/pages\/883"}],"wp:featuredmedia":[{"embeddable":true,"href":"https:\/\/www.globalong.com\/blog\/wp-json\/wp\/v2\/media\/13720"}],"wp:attachment":[{"href":"https:\/\/www.globalong.com\/blog\/wp-json\/wp\/v2\/media?parent=13689"}],"curies":[{"name":"wp","href":"https:\/\/api.w.org\/{rel}","templated":true}]}}