{"id":15078,"date":"2023-01-06T16:45:36","date_gmt":"2023-01-06T15:45:36","guid":{"rendered":"https:\/\/www.globalong.com\/blog\/?page_id=15078"},"modified":"2025-02-08T14:35:45","modified_gmt":"2025-02-08T13:35:45","slug":"inde-du-sud-babeth","status":"publish","type":"page","link":"https:\/\/www.globalong.com\/blog\/avis-temoignages-globalong\/inde-du-sud-babeth\/","title":{"rendered":"Inde du Sud &#8211; Babeth"},"content":{"rendered":"<p class=\"p1\" style=\"text-align: center;\"><span style=\"color: #b81657;\"><strong>Babeth, b\u00e9n\u00e9vole avec Globalong en Inde<\/strong><\/span><\/p>\n<p><a href=\"https:\/\/www.globalong.com\/blog\/wp-content\/uploads\/2023\/01\/Babeth-en-Inde-avec-Globalong-24.png\"><img loading=\"lazy\" decoding=\"async\" class=\"wp-image-15080 size-full\" src=\"https:\/\/www.globalong.com\/blog\/wp-content\/uploads\/2023\/01\/Babeth-en-Inde-avec-Globalong-24.png\" alt=\"\" width=\"2238\" height=\"1508\" srcset=\"https:\/\/www.globalong.com\/blog\/wp-content\/uploads\/2023\/01\/Babeth-en-Inde-avec-Globalong-24.png 2238w, https:\/\/www.globalong.com\/blog\/wp-content\/uploads\/2023\/01\/Babeth-en-Inde-avec-Globalong-24-300x202.png 300w, https:\/\/www.globalong.com\/blog\/wp-content\/uploads\/2023\/01\/Babeth-en-Inde-avec-Globalong-24-1024x690.png 1024w, https:\/\/www.globalong.com\/blog\/wp-content\/uploads\/2023\/01\/Babeth-en-Inde-avec-Globalong-24-768x517.png 768w, https:\/\/www.globalong.com\/blog\/wp-content\/uploads\/2023\/01\/Babeth-en-Inde-avec-Globalong-24-1536x1035.png 1536w, https:\/\/www.globalong.com\/blog\/wp-content\/uploads\/2023\/01\/Babeth-en-Inde-avec-Globalong-24-2048x1380.png 2048w\" sizes=\"(max-width: 2238px) 100vw, 2238px\" \/><\/a><\/p>\n<p class=\"p1\" style=\"text-align: justify;\">Lorsque je suis arriv\u00e9e en Inde, je devais aller \u00e0 Batlagundu, mais il y a eu un changement de programme \u00e0 la derni\u00e8re minute, ce qui a \u00e9t\u00e9 une nouvelle grande opportunit\u00e9, avec de nouvelles rencontres tr\u00e8s chaleureuses et tr\u00e8s enrichissantes.<\/p>\n<p class=\"p1\" style=\"text-align: justify;\">Je suis donc all\u00e9e \u00e0 Kallakad, en <a href=\"https:\/\/www.globalong.com\/blog\/mission-humanitaire-en-inde\/\" target=\"_blank\" rel=\"noopener\">Inde<\/a> du sud. Ma mission s\u2019est d\u00e9roul\u00e9e dans un centre social qui regroupe \u00e9galement une \u00e9cole. J&rsquo;ai \u00e9t\u00e9 accueillie par Tamil, qui est le directeur du coll\u00e8ge et superviseur du centre social et du projet agricole. J&rsquo;ai pass\u00e9 beaucoup de temps avec sa fille Senghetta, qui ont tous les deux \u00e9t\u00e9 des personnes tr\u00e8s agr\u00e9ables, gentilles et sympathiques avec moi.<\/p>\n<p class=\"p1\" style=\"text-align: justify;\">En ce qui concerne le projet agricole, j&rsquo;ai seulement visit\u00e9 une plantation de bananes, j\u2019aurais aim\u00e9 passer plus de temps avec les agriculteurs mais le temps \u00e9tait trop court, c\u2019est \u00e0 prendre en compte pour les prochains volontaires qui voudront s\u2019engager sur ce projet. Quant \u00e0 l\u2019\u00e9cole, j&rsquo;ai juste pass\u00e9 deux demi-journ\u00e9es l\u00e0-bas, le cadre est correct, les \u00e9l\u00e8ves sont soign\u00e9s et s\u00e9rieux, personnellement je n&rsquo;ai pas vu ce que je pouvais apporter \u00e0 l&rsquo;\u00e9cole, j\u2019ai pr\u00e9f\u00e9r\u00e9 m\u2019engager dans le centre social.<\/p>\n<p><a href=\"https:\/\/www.globalong.com\/blog\/wp-content\/uploads\/2023\/01\/Babeth-en-Inde-avec-Globalong-23.png\"><img loading=\"lazy\" decoding=\"async\" class=\"alignnone wp-image-15081 size-full\" src=\"https:\/\/www.globalong.com\/blog\/wp-content\/uploads\/2023\/01\/Babeth-en-Inde-avec-Globalong-23.png\" alt=\"\" width=\"2328\" height=\"890\" srcset=\"https:\/\/www.globalong.com\/blog\/wp-content\/uploads\/2023\/01\/Babeth-en-Inde-avec-Globalong-23.png 2328w, https:\/\/www.globalong.com\/blog\/wp-content\/uploads\/2023\/01\/Babeth-en-Inde-avec-Globalong-23-300x115.png 300w, https:\/\/www.globalong.com\/blog\/wp-content\/uploads\/2023\/01\/Babeth-en-Inde-avec-Globalong-23-1024x391.png 1024w, https:\/\/www.globalong.com\/blog\/wp-content\/uploads\/2023\/01\/Babeth-en-Inde-avec-Globalong-23-768x294.png 768w, https:\/\/www.globalong.com\/blog\/wp-content\/uploads\/2023\/01\/Babeth-en-Inde-avec-Globalong-23-1536x587.png 1536w, https:\/\/www.globalong.com\/blog\/wp-content\/uploads\/2023\/01\/Babeth-en-Inde-avec-Globalong-23-2048x783.png 2048w\" sizes=\"(max-width: 2328px) 100vw, 2328px\" \/><\/a><\/p>\n<p class=\"p1\" style=\"text-align: justify;\">En effet, ma mission \u00e9tait plus ax\u00e9e sur le centre social o\u00f9 il y a une vingtaine de personnes \u00e2g\u00e9es, r\u00e9parties dans deux b\u00e2timents (un bloc pour les hommes, un bloc pour les femmes). Ces personnes \u00e2g\u00e9es sont ici parce qu&rsquo;elles n&rsquo;ont plus de famille et plus de maison. Un autre b\u00e2timent, s\u00e9par\u00e9, est consacr\u00e9 aux jeunes filles adultes qui sont accueillies soit pour des violences domestiques, soit parce qu\u2019elles sont enceintes (l\u00e9galement ou ill\u00e9galement), ou rejet\u00e9es par leur famille, ou car elles viennent tout simplement de la rue.<\/p>\n<p class=\"p1\" style=\"text-align: justify;\">Ma mission de volontariat consistait \u00e0 passer du temps avec les personnes \u00e2g\u00e9es, par exemple en jouant au jeu Pallaguli qui est un plateau compos\u00e9 de 14 trous dont 2 au milieu. Tout d&rsquo;abord, nous mettons 5 grains dans chaque trou, sauf celui du milieu qui sert \u00e0 recevoir les grains gagnants, le but du jeu est de collecter le plus de grains pour gagner, pour le coup je n&rsquo;ai pas toujours \u00e9t\u00e9 la gagnante\u2026lol.<\/p>\n<p><a href=\"https:\/\/www.globalong.com\/blog\/wp-content\/uploads\/2023\/01\/Babeth-en-Inde-avec-Globalong-25.png\"><img loading=\"lazy\" decoding=\"async\" class=\"alignnone size-full wp-image-15082\" src=\"https:\/\/www.globalong.com\/blog\/wp-content\/uploads\/2023\/01\/Babeth-en-Inde-avec-Globalong-25.png\" alt=\"\" width=\"2422\" height=\"870\" srcset=\"https:\/\/www.globalong.com\/blog\/wp-content\/uploads\/2023\/01\/Babeth-en-Inde-avec-Globalong-25.png 2422w, https:\/\/www.globalong.com\/blog\/wp-content\/uploads\/2023\/01\/Babeth-en-Inde-avec-Globalong-25-300x108.png 300w, https:\/\/www.globalong.com\/blog\/wp-content\/uploads\/2023\/01\/Babeth-en-Inde-avec-Globalong-25-1024x368.png 1024w, https:\/\/www.globalong.com\/blog\/wp-content\/uploads\/2023\/01\/Babeth-en-Inde-avec-Globalong-25-768x276.png 768w, https:\/\/www.globalong.com\/blog\/wp-content\/uploads\/2023\/01\/Babeth-en-Inde-avec-Globalong-25-1536x552.png 1536w, https:\/\/www.globalong.com\/blog\/wp-content\/uploads\/2023\/01\/Babeth-en-Inde-avec-Globalong-25-2048x736.png 2048w\" sizes=\"(max-width: 2422px) 100vw, 2422px\" \/><\/a><\/p>\n<p class=\"p1\" style=\"text-align: justify;\">J\u2019ai \u00e9galement aid\u00e9 \u00e0 la pr\u00e9paration de certains l\u00e9gumes selon les besoins. Pendant leur repas, je faisais le service, parfois dans leur r\u00e9fectoire, parfois dans la cour avec les jeunes filles lorsque leurs parrains et marraines venaient offrir le repas de midi, il s&rsquo;agissait de parrains priv\u00e9s, religieux, qui venaient plusieurs fois par semaine.<\/p>\n<p><a href=\"https:\/\/www.globalong.com\/blog\/wp-content\/uploads\/2023\/01\/Babeth-en-Inde-avec-Globalong-27.png\"><img loading=\"lazy\" decoding=\"async\" class=\"alignnone size-full wp-image-15084\" src=\"https:\/\/www.globalong.com\/blog\/wp-content\/uploads\/2023\/01\/Babeth-en-Inde-avec-Globalong-27.png\" alt=\"\" width=\"2422\" height=\"870\" srcset=\"https:\/\/www.globalong.com\/blog\/wp-content\/uploads\/2023\/01\/Babeth-en-Inde-avec-Globalong-27.png 2422w, https:\/\/www.globalong.com\/blog\/wp-content\/uploads\/2023\/01\/Babeth-en-Inde-avec-Globalong-27-300x108.png 300w, https:\/\/www.globalong.com\/blog\/wp-content\/uploads\/2023\/01\/Babeth-en-Inde-avec-Globalong-27-1024x368.png 1024w, https:\/\/www.globalong.com\/blog\/wp-content\/uploads\/2023\/01\/Babeth-en-Inde-avec-Globalong-27-768x276.png 768w, https:\/\/www.globalong.com\/blog\/wp-content\/uploads\/2023\/01\/Babeth-en-Inde-avec-Globalong-27-1536x552.png 1536w, https:\/\/www.globalong.com\/blog\/wp-content\/uploads\/2023\/01\/Babeth-en-Inde-avec-Globalong-27-2048x736.png 2048w\" sizes=\"(max-width: 2422px) 100vw, 2422px\" \/><\/a><\/p>\n<p class=\"p1\" style=\"text-align: justify;\">Avec quelques personnes \u00e2g\u00e9es et des jeunes femmes nous avons fait le d\u00e9sherbage du jardin, h\u00e9las le temps m&rsquo;a manqu\u00e9 pour le finir proprement. Nous avons aussi fait une s\u00e9ance de yoga-gymnastique un apr\u00e8s-midi. J&rsquo;avoue que je n&rsquo;\u00e9tais pas \u00e0 la hauteur, ils \u00e9taient plus souples que moi. Nous avons pass\u00e9 un apr\u00e8s-midi agr\u00e9able et tout le monde est ressorti ravi.<\/p>\n<p class=\"p1\" style=\"text-align: justify;\">Les filles m&rsquo;ont montr\u00e9 comment elles ont fabriqu\u00e9 des paniers avec un fil de plastique. Sengheetta aimerait que cette activit\u00e9 se d\u00e9veloppe pour que les paniers soient mis en vente pour avoir un revenu afin de soutenir la structure, mais pour cela il faudrait que quelqu&rsquo;un de comp\u00e9tent qui vienne leur apprendre pour qu&rsquo;ils puissent s&rsquo;am\u00e9liorer et se perfectionner car Senghetta trouve qu&rsquo;ils ne sont pas assez bien faits \u00e0 son go\u00fbt. Cela pourrait \u00eatre un projet \u00e0 d\u00e9velopper.<\/p>\n<p><a href=\"https:\/\/www.globalong.com\/blog\/wp-content\/uploads\/2023\/01\/Babeth-en-Inde-avec-Globalong-26.png\"><img loading=\"lazy\" decoding=\"async\" class=\"alignnone size-full wp-image-15083\" src=\"https:\/\/www.globalong.com\/blog\/wp-content\/uploads\/2023\/01\/Babeth-en-Inde-avec-Globalong-26.png\" alt=\"\" width=\"2422\" height=\"870\" srcset=\"https:\/\/www.globalong.com\/blog\/wp-content\/uploads\/2023\/01\/Babeth-en-Inde-avec-Globalong-26.png 2422w, https:\/\/www.globalong.com\/blog\/wp-content\/uploads\/2023\/01\/Babeth-en-Inde-avec-Globalong-26-300x108.png 300w, https:\/\/www.globalong.com\/blog\/wp-content\/uploads\/2023\/01\/Babeth-en-Inde-avec-Globalong-26-1024x368.png 1024w, https:\/\/www.globalong.com\/blog\/wp-content\/uploads\/2023\/01\/Babeth-en-Inde-avec-Globalong-26-768x276.png 768w, https:\/\/www.globalong.com\/blog\/wp-content\/uploads\/2023\/01\/Babeth-en-Inde-avec-Globalong-26-1536x552.png 1536w, https:\/\/www.globalong.com\/blog\/wp-content\/uploads\/2023\/01\/Babeth-en-Inde-avec-Globalong-26-2048x736.png 2048w\" sizes=\"(max-width: 2422px) 100vw, 2422px\" \/><\/a><\/p>\n<p class=\"p1\" style=\"text-align: justify;\">Ils ont des machines \u00e0 coudre, parfois certains viennent faire un peu de couture, mais c&rsquo;est rare, peut-\u00eatre y aurait-il une activit\u00e9 \u00e0 trouver pour laquelle ils pourraient effectuer des travaux en sous-traitance , qui rapporterait un peu d\u2019argent pour la structure. Voyant qu&rsquo;elles aimaient faire des activit\u00e9s manuelles, et \u00e0 la demande de Sangeetha, et des sponsors, qui veulent qu&rsquo;il y ait de la d\u00e9coration, j&rsquo;ai fait une premi\u00e8re suspension en macram\u00e9 qui leur a plu.<\/p>\n<p class=\"p1\" style=\"text-align: justify;\">J&rsquo;ai trouv\u00e9 le coton n\u00e9cessaire \u00e0 la fabrication de ces objets de plusieurs couleurs, et j&rsquo;ai pu montrer \u00e0 2 filles comment elles le faire. J\u2019esp\u00e8re qu\u2019elles peuvent continuer a en cr\u00e9er sans ma pr\u00e9sence, car cela pourrait \u00e9galement \u00eatre une source de revenus. Le reste du temps, je discutais beaucoup avec les filles, pour en savoir un peu plus sur leur parcours mais aussi pour \u00e9couter leurs probl\u00e8mes.<\/p>\n<p class=\"p1\" style=\"text-align: justify;\">Finalement, j\u2019ai trouv\u00e9 que deux semaines c&rsquo;est beaucoup trop court pour pouvoir mettre en place des activit\u00e9s, et c\u2019est un peu frustrant pour moi de ne pas de ne pas avoir compl\u00e8tement accompli ma mission. Mais bon, justement, ce sera une raison de revenir.<\/p>\n<p class=\"p1\" style=\"text-align: justify;\">Mon s\u00e9jour s&rsquo;est termin\u00e9 par un cadeau de marque : un SARI, je l&rsquo;ai port\u00e9 le dernier jour avant mon d\u00e9part. Ce fut un moment sp\u00e9cial pour moi, intense par le geste, la chaleur humaine et tout ce qu&rsquo;ils m&rsquo;ont apport\u00e9 pendant mon s\u00e9jour.<\/p>\n<p class=\"p1\" style=\"text-align: justify;\"><em>Merci \u00e0 tous, Babeth<\/em><\/p>\n<p class=\"p1\" style=\"text-align: justify;\">Pour en savoir plus sur nos projets en Inde, n\u2019h\u00e9sitez pas \u00e0 nous contacter <a href=\"mailto:info@globalong.com\"><span class=\"s1\">info@globalong.com<\/span><\/a><\/p>\n<p class=\"p1\" style=\"text-align: justify;\">Si vous souhaitez lire d\u2019autres t\u00e9moignages, vous pouvez les retrouver ici !<\/p>\n<p><a href=\"https:\/\/www.globalong.com\/blog\/wp-content\/uploads\/2023\/01\/Babeth-en-Inde-avec-Globalong-28.png\"><img loading=\"lazy\" decoding=\"async\" class=\"alignnone size-full wp-image-15085\" src=\"https:\/\/www.globalong.com\/blog\/wp-content\/uploads\/2023\/01\/Babeth-en-Inde-avec-Globalong-28.png\" alt=\"\" width=\"2422\" height=\"870\" srcset=\"https:\/\/www.globalong.com\/blog\/wp-content\/uploads\/2023\/01\/Babeth-en-Inde-avec-Globalong-28.png 2422w, https:\/\/www.globalong.com\/blog\/wp-content\/uploads\/2023\/01\/Babeth-en-Inde-avec-Globalong-28-300x108.png 300w, https:\/\/www.globalong.com\/blog\/wp-content\/uploads\/2023\/01\/Babeth-en-Inde-avec-Globalong-28-1024x368.png 1024w, https:\/\/www.globalong.com\/blog\/wp-content\/uploads\/2023\/01\/Babeth-en-Inde-avec-Globalong-28-768x276.png 768w, https:\/\/www.globalong.com\/blog\/wp-content\/uploads\/2023\/01\/Babeth-en-Inde-avec-Globalong-28-1536x552.png 1536w, https:\/\/www.globalong.com\/blog\/wp-content\/uploads\/2023\/01\/Babeth-en-Inde-avec-Globalong-28-2048x736.png 2048w\" sizes=\"(max-width: 2422px) 100vw, 2422px\" \/><\/a><\/p>\n","protected":false},"excerpt":{"rendered":"<p>Babeth, b\u00e9n\u00e9vole avec Globalong en Inde Lorsque je suis arriv\u00e9e en Inde, je devais aller \u00e0 Batlagundu, mais il y a eu un changement de programme \u00e0 la derni\u00e8re minute, ce qui a \u00e9t\u00e9 une nouvelle grande opportunit\u00e9, avec de nouvelles rencontres tr\u00e8s chaleureuses et tr\u00e8s enrichissantes. Je suis donc all\u00e9e \u00e0 Kallakad, en Inde [&hellip;]<\/p>\n","protected":false},"author":9,"featured_media":15079,"parent":883,"menu_order":0,"comment_status":"closed","ping_status":"closed","template":"","meta":{"footnotes":""},"yoast_head":"<!-- This site is optimized with the Yoast SEO Premium plugin v23.4 (Yoast SEO v23.4) - https:\/\/yoast.com\/wordpress\/plugins\/seo\/ -->\n<title>Inde du Sud - Babeth - Association Globalong<\/title>\n<meta name=\"robots\" content=\"index, follow, max-snippet:-1, max-image-preview:large, max-video-preview:-1\" \/>\n<link rel=\"canonical\" href=\"https:\/\/www.globalong.com\/blog\/avis-temoignages-globalong\/inde-du-sud-babeth\/\" \/>\n<meta property=\"og:locale\" content=\"fr_FR\" \/>\n<meta property=\"og:type\" content=\"article\" \/>\n<meta property=\"og:title\" content=\"Inde du Sud - Babeth\" \/>\n<meta property=\"og:description\" content=\"Babeth, b\u00e9n\u00e9vole avec Globalong en Inde Lorsque je suis arriv\u00e9e en Inde, je devais aller \u00e0 Batlagundu, mais il y a eu un changement de programme \u00e0 la derni\u00e8re minute, ce qui a \u00e9t\u00e9 une nouvelle grande opportunit\u00e9, avec de nouvelles rencontres tr\u00e8s chaleureuses et tr\u00e8s enrichissantes. Je suis donc all\u00e9e \u00e0 Kallakad, en Inde [&hellip;]\" \/>\n<meta property=\"og:url\" content=\"https:\/\/www.globalong.com\/blog\/avis-temoignages-globalong\/inde-du-sud-babeth\/\" \/>\n<meta property=\"og:site_name\" content=\"Association Globalong\" \/>\n<meta property=\"article:publisher\" content=\"https:\/\/www.facebook.com\/globalong\" \/>\n<meta property=\"article:modified_time\" content=\"2025-02-08T13:35:45+00:00\" \/>\n<meta property=\"og:image\" content=\"https:\/\/www.globalong.com\/blog\/wp-content\/uploads\/2023\/01\/Babeth-en-Inde-avec-Globalong-7.jpeg\" \/>\n\t<meta property=\"og:image:width\" content=\"2000\" \/>\n\t<meta property=\"og:image:height\" content=\"1500\" \/>\n\t<meta property=\"og:image:type\" content=\"image\/jpeg\" \/>\n<meta name=\"twitter:card\" content=\"summary_large_image\" \/>\n<meta name=\"twitter:label1\" content=\"Dur\u00e9e de lecture estim\u00e9e\" \/>\n\t<meta name=\"twitter:data1\" content=\"6 minutes\" \/>\n<script type=\"application\/ld+json\" class=\"yoast-schema-graph\">{\"@context\":\"https:\/\/schema.org\",\"@graph\":[{\"@type\":\"WebPage\",\"@id\":\"https:\/\/www.globalong.com\/blog\/avis-temoignages-globalong\/inde-du-sud-babeth\/\",\"url\":\"https:\/\/www.globalong.com\/blog\/avis-temoignages-globalong\/inde-du-sud-babeth\/\",\"name\":\"Inde du Sud - Babeth - Association Globalong\",\"isPartOf\":{\"@id\":\"https:\/\/www.globalong.com\/blog\/#website\"},\"primaryImageOfPage\":{\"@id\":\"https:\/\/www.globalong.com\/blog\/avis-temoignages-globalong\/inde-du-sud-babeth\/#primaryimage\"},\"image\":{\"@id\":\"https:\/\/www.globalong.com\/blog\/avis-temoignages-globalong\/inde-du-sud-babeth\/#primaryimage\"},\"thumbnailUrl\":\"https:\/\/www.globalong.com\/blog\/wp-content\/uploads\/2023\/01\/Babeth-en-Inde-avec-Globalong-7.jpeg\",\"datePublished\":\"2023-01-06T15:45:36+00:00\",\"dateModified\":\"2025-02-08T13:35:45+00:00\",\"breadcrumb\":{\"@id\":\"https:\/\/www.globalong.com\/blog\/avis-temoignages-globalong\/inde-du-sud-babeth\/#breadcrumb\"},\"inLanguage\":\"fr-FR\",\"potentialAction\":[{\"@type\":\"ReadAction\",\"target\":[\"https:\/\/www.globalong.com\/blog\/avis-temoignages-globalong\/inde-du-sud-babeth\/\"]}]},{\"@type\":\"ImageObject\",\"inLanguage\":\"fr-FR\",\"@id\":\"https:\/\/www.globalong.com\/blog\/avis-temoignages-globalong\/inde-du-sud-babeth\/#primaryimage\",\"url\":\"https:\/\/www.globalong.com\/blog\/wp-content\/uploads\/2023\/01\/Babeth-en-Inde-avec-Globalong-7.jpeg\",\"contentUrl\":\"https:\/\/www.globalong.com\/blog\/wp-content\/uploads\/2023\/01\/Babeth-en-Inde-avec-Globalong-7.jpeg\",\"width\":2000,\"height\":1500,\"caption\":\"T\u00e9moignage - retour de mission humanitaire en Inde\"},{\"@type\":\"BreadcrumbList\",\"@id\":\"https:\/\/www.globalong.com\/blog\/avis-temoignages-globalong\/inde-du-sud-babeth\/#breadcrumb\",\"itemListElement\":[{\"@type\":\"ListItem\",\"position\":1,\"name\":\"Accueil\",\"item\":\"https:\/\/www.globalong.com\/blog\/\"},{\"@type\":\"ListItem\",\"position\":2,\"name\":\"T\u00e9moignages et avis de volontaires Globalong\",\"item\":\"https:\/\/www.globalong.com\/blog\/avis-temoignages-globalong\/\"},{\"@type\":\"ListItem\",\"position\":3,\"name\":\"Inde du Sud &#8211; Babeth\"}]},{\"@type\":\"WebSite\",\"@id\":\"https:\/\/www.globalong.com\/blog\/#website\",\"url\":\"https:\/\/www.globalong.com\/blog\/\",\"name\":\"https:\/\/www.globalong.com\/\",\"description\":\"Mission humanitaire, stage \u00e9tudiant et voyage linguistique\",\"publisher\":{\"@id\":\"https:\/\/www.globalong.com\/blog\/#organization\"},\"potentialAction\":[{\"@type\":\"SearchAction\",\"target\":{\"@type\":\"EntryPoint\",\"urlTemplate\":\"https:\/\/www.globalong.com\/blog\/?s={search_term_string}\"},\"query-input\":{\"@type\":\"PropertyValueSpecification\",\"valueRequired\":true,\"valueName\":\"search_term_string\"}}],\"inLanguage\":\"fr-FR\"},{\"@type\":\"Organization\",\"@id\":\"https:\/\/www.globalong.com\/blog\/#organization\",\"name\":\"Association Globalong\",\"url\":\"https:\/\/www.globalong.com\/blog\/\",\"logo\":{\"@type\":\"ImageObject\",\"inLanguage\":\"fr-FR\",\"@id\":\"https:\/\/www.globalong.com\/blog\/#\/schema\/logo\/image\/\",\"url\":\"https:\/\/www.globalong.com\/blog\/wp-content\/uploads\/2014\/11\/cropped-cropped-Logo-et-Afrique-Globalong-petite-taille-2.jpg\",\"contentUrl\":\"https:\/\/www.globalong.com\/blog\/wp-content\/uploads\/2014\/11\/cropped-cropped-Logo-et-Afrique-Globalong-petite-taille-2.jpg\",\"width\":512,\"height\":512,\"caption\":\"Association Globalong\"},\"image\":{\"@id\":\"https:\/\/www.globalong.com\/blog\/#\/schema\/logo\/image\/\"},\"sameAs\":[\"https:\/\/www.facebook.com\/globalong\"]}]}<\/script>\n<!-- \/ Yoast SEO Premium plugin. -->","yoast_head_json":{"title":"Inde du Sud - Babeth - Association Globalong","robots":{"index":"index","follow":"follow","max-snippet":"max-snippet:-1","max-image-preview":"max-image-preview:large","max-video-preview":"max-video-preview:-1"},"canonical":"https:\/\/www.globalong.com\/blog\/avis-temoignages-globalong\/inde-du-sud-babeth\/","og_locale":"fr_FR","og_type":"article","og_title":"Inde du Sud - Babeth","og_description":"Babeth, b\u00e9n\u00e9vole avec Globalong en Inde Lorsque je suis arriv\u00e9e en Inde, je devais aller \u00e0 Batlagundu, mais il y a eu un changement de programme \u00e0 la derni\u00e8re minute, ce qui a \u00e9t\u00e9 une nouvelle grande opportunit\u00e9, avec de nouvelles rencontres tr\u00e8s chaleureuses et tr\u00e8s enrichissantes. Je suis donc all\u00e9e \u00e0 Kallakad, en Inde [&hellip;]","og_url":"https:\/\/www.globalong.com\/blog\/avis-temoignages-globalong\/inde-du-sud-babeth\/","og_site_name":"Association Globalong","article_publisher":"https:\/\/www.facebook.com\/globalong","article_modified_time":"2025-02-08T13:35:45+00:00","og_image":[{"width":2000,"height":1500,"url":"https:\/\/www.globalong.com\/blog\/wp-content\/uploads\/2023\/01\/Babeth-en-Inde-avec-Globalong-7.jpeg","type":"image\/jpeg"}],"twitter_card":"summary_large_image","twitter_misc":{"Dur\u00e9e de lecture estim\u00e9e":"6 minutes"},"schema":{"@context":"https:\/\/schema.org","@graph":[{"@type":"WebPage","@id":"https:\/\/www.globalong.com\/blog\/avis-temoignages-globalong\/inde-du-sud-babeth\/","url":"https:\/\/www.globalong.com\/blog\/avis-temoignages-globalong\/inde-du-sud-babeth\/","name":"Inde du Sud - Babeth - Association Globalong","isPartOf":{"@id":"https:\/\/www.globalong.com\/blog\/#website"},"primaryImageOfPage":{"@id":"https:\/\/www.globalong.com\/blog\/avis-temoignages-globalong\/inde-du-sud-babeth\/#primaryimage"},"image":{"@id":"https:\/\/www.globalong.com\/blog\/avis-temoignages-globalong\/inde-du-sud-babeth\/#primaryimage"},"thumbnailUrl":"https:\/\/www.globalong.com\/blog\/wp-content\/uploads\/2023\/01\/Babeth-en-Inde-avec-Globalong-7.jpeg","datePublished":"2023-01-06T15:45:36+00:00","dateModified":"2025-02-08T13:35:45+00:00","breadcrumb":{"@id":"https:\/\/www.globalong.com\/blog\/avis-temoignages-globalong\/inde-du-sud-babeth\/#breadcrumb"},"inLanguage":"fr-FR","potentialAction":[{"@type":"ReadAction","target":["https:\/\/www.globalong.com\/blog\/avis-temoignages-globalong\/inde-du-sud-babeth\/"]}]},{"@type":"ImageObject","inLanguage":"fr-FR","@id":"https:\/\/www.globalong.com\/blog\/avis-temoignages-globalong\/inde-du-sud-babeth\/#primaryimage","url":"https:\/\/www.globalong.com\/blog\/wp-content\/uploads\/2023\/01\/Babeth-en-Inde-avec-Globalong-7.jpeg","contentUrl":"https:\/\/www.globalong.com\/blog\/wp-content\/uploads\/2023\/01\/Babeth-en-Inde-avec-Globalong-7.jpeg","width":2000,"height":1500,"caption":"T\u00e9moignage - retour de mission humanitaire en Inde"},{"@type":"BreadcrumbList","@id":"https:\/\/www.globalong.com\/blog\/avis-temoignages-globalong\/inde-du-sud-babeth\/#breadcrumb","itemListElement":[{"@type":"ListItem","position":1,"name":"Accueil","item":"https:\/\/www.globalong.com\/blog\/"},{"@type":"ListItem","position":2,"name":"T\u00e9moignages et avis de volontaires Globalong","item":"https:\/\/www.globalong.com\/blog\/avis-temoignages-globalong\/"},{"@type":"ListItem","position":3,"name":"Inde du Sud &#8211; Babeth"}]},{"@type":"WebSite","@id":"https:\/\/www.globalong.com\/blog\/#website","url":"https:\/\/www.globalong.com\/blog\/","name":"https:\/\/www.globalong.com\/","description":"Mission humanitaire, stage \u00e9tudiant et voyage linguistique","publisher":{"@id":"https:\/\/www.globalong.com\/blog\/#organization"},"potentialAction":[{"@type":"SearchAction","target":{"@type":"EntryPoint","urlTemplate":"https:\/\/www.globalong.com\/blog\/?s={search_term_string}"},"query-input":{"@type":"PropertyValueSpecification","valueRequired":true,"valueName":"search_term_string"}}],"inLanguage":"fr-FR"},{"@type":"Organization","@id":"https:\/\/www.globalong.com\/blog\/#organization","name":"Association Globalong","url":"https:\/\/www.globalong.com\/blog\/","logo":{"@type":"ImageObject","inLanguage":"fr-FR","@id":"https:\/\/www.globalong.com\/blog\/#\/schema\/logo\/image\/","url":"https:\/\/www.globalong.com\/blog\/wp-content\/uploads\/2014\/11\/cropped-cropped-Logo-et-Afrique-Globalong-petite-taille-2.jpg","contentUrl":"https:\/\/www.globalong.com\/blog\/wp-content\/uploads\/2014\/11\/cropped-cropped-Logo-et-Afrique-Globalong-petite-taille-2.jpg","width":512,"height":512,"caption":"Association Globalong"},"image":{"@id":"https:\/\/www.globalong.com\/blog\/#\/schema\/logo\/image\/"},"sameAs":["https:\/\/www.facebook.com\/globalong"]}]}},"_links":{"self":[{"href":"https:\/\/www.globalong.com\/blog\/wp-json\/wp\/v2\/pages\/15078"}],"collection":[{"href":"https:\/\/www.globalong.com\/blog\/wp-json\/wp\/v2\/pages"}],"about":[{"href":"https:\/\/www.globalong.com\/blog\/wp-json\/wp\/v2\/types\/page"}],"author":[{"embeddable":true,"href":"https:\/\/www.globalong.com\/blog\/wp-json\/wp\/v2\/users\/9"}],"replies":[{"embeddable":true,"href":"https:\/\/www.globalong.com\/blog\/wp-json\/wp\/v2\/comments?post=15078"}],"version-history":[{"count":4,"href":"https:\/\/www.globalong.com\/blog\/wp-json\/wp\/v2\/pages\/15078\/revisions"}],"predecessor-version":[{"id":20732,"href":"https:\/\/www.globalong.com\/blog\/wp-json\/wp\/v2\/pages\/15078\/revisions\/20732"}],"up":[{"embeddable":true,"href":"https:\/\/www.globalong.com\/blog\/wp-json\/wp\/v2\/pages\/883"}],"wp:featuredmedia":[{"embeddable":true,"href":"https:\/\/www.globalong.com\/blog\/wp-json\/wp\/v2\/media\/15079"}],"wp:attachment":[{"href":"https:\/\/www.globalong.com\/blog\/wp-json\/wp\/v2\/media?parent=15078"}],"curies":[{"name":"wp","href":"https:\/\/api.w.org\/{rel}","templated":true}]}}