{"id":15178,"date":"2023-02-10T18:40:15","date_gmt":"2023-02-10T17:40:15","guid":{"rendered":"https:\/\/www.globalong.com\/blog\/?page_id=15178"},"modified":"2023-02-10T18:40:55","modified_gmt":"2023-02-10T17:40:55","slug":"togo-marie","status":"publish","type":"page","link":"https:\/\/www.globalong.com\/blog\/avis-temoignages-globalong\/togo-marie\/","title":{"rendered":"Togo &#8211; Marie"},"content":{"rendered":"<p class=\"p1\" style=\"text-align: center;\">On a souvent envie d\u2019avoir une id\u00e9e de comment se d\u00e9roule une mission humanitaire avant de se lancer. Les t\u00e9moignages des volontaires internationaux sont des outils pr\u00e9cieux pour aider ceux qui h\u00e9sitent \u00e0 avoir une id\u00e9e plus claire.<\/p>\n<p class=\"p1\" style=\"text-align: center;\">Aujourd\u2019hui, c\u2019est le t\u00e9moignage de Marie que nous vous pr\u00e9sentons.<\/p>\n<p class=\"p1\" style=\"text-align: center;\">Marie est partie avec Globalong pendant 7 semaines et s\u2019est engag\u00e9e dans un orphelinat \u00e0 Atakpam\u00e9, au Togo.<\/p>\n<p>&nbsp;<\/p>\n<p><a href=\"https:\/\/www.globalong.com\/blog\/wp-content\/uploads\/2023\/02\/marie-orphelinat-au-togo.png\"><img loading=\"lazy\" decoding=\"async\" class=\"alignnone size-full wp-image-15179\" src=\"https:\/\/www.globalong.com\/blog\/wp-content\/uploads\/2023\/02\/marie-orphelinat-au-togo.png\" alt=\"\" width=\"2294\" height=\"814\" srcset=\"https:\/\/www.globalong.com\/blog\/wp-content\/uploads\/2023\/02\/marie-orphelinat-au-togo.png 2294w, https:\/\/www.globalong.com\/blog\/wp-content\/uploads\/2023\/02\/marie-orphelinat-au-togo-300x106.png 300w, https:\/\/www.globalong.com\/blog\/wp-content\/uploads\/2023\/02\/marie-orphelinat-au-togo-1024x363.png 1024w, https:\/\/www.globalong.com\/blog\/wp-content\/uploads\/2023\/02\/marie-orphelinat-au-togo-768x273.png 768w, https:\/\/www.globalong.com\/blog\/wp-content\/uploads\/2023\/02\/marie-orphelinat-au-togo-1536x545.png 1536w, https:\/\/www.globalong.com\/blog\/wp-content\/uploads\/2023\/02\/marie-orphelinat-au-togo-2048x727.png 2048w\" sizes=\"(max-width: 2294px) 100vw, 2294px\" \/><\/a><\/p>\n<p>&nbsp;<\/p>\n<p class=\"p1\"><em>Bonjour \u00e0 toute l\u2019\u00e9quipe de Globalong \ud83d\ude42\u00a0<\/em><\/p>\n<p class=\"p1\"><em>Le retour s\u2019est pass\u00e9 assez difficilement malheureusement\u2026<\/em><\/p>\n<p class=\"p1\"><em>C\u2019\u00e9tait tellement une vie incroyable au\u00a0Togo\u00a0que je n\u2019avais pas envie de rentrer en France\u2026<\/em><\/p>\n<p class=\"p1\"><em>Je vis un chamboulement \u00e0 tous niveaux.<\/em><\/p>\n<p class=\"p1\"><em>Apr\u00e8s le d\u00e9ni, la col\u00e8re je commence \u00e0 atterrir un peu et je me demande si on gu\u00e9ri du mal du pays un jour\u2026<\/em><\/p>\n<p class=\"p1\"><em>Gr\u00e2ce \u00e0 vous, j\u2019ai vraiment \u00e9t\u00e9 heureuse et \u00e9panouie durant 7 semaines.<\/em><\/p>\n<p class=\"p1\"><em>Merci \u00e9ternellement. Je ne serais jamais assez reconnaissante de m\u2019avoir mise sur la route de personnes incroyables telles que la famille de Richard.<\/em><\/p>\n<p class=\"p1\"><em>Je vous joins une photo et surtout, je vous joins le texte que j\u2019ai \u00e9cris en partant d\u2019Atakpam\u00e9.<\/em><\/p>\n<p class=\"p1\"><em>\u00ab Une photo, c\u2019est tout ce que je peux partager pour le moment.<\/em><\/p>\n<p class=\"p1\"><em>On ne sait jamais par quoi commencer pour dire \u00ab au revoir \u00bb.<\/em><\/p>\n<p class=\"p1\"><em>Mais c\u2019\u00e9tait s\u00fbrement d\u00e9j\u00e0 \u00e9crit quelque part qu\u2019on pleure une fois quand on arrive et surtout\u2026 quand on repart.<\/em><\/p>\n<p class=\"p1\"><em>La reconnaissance.<\/em><\/p>\n<p class=\"p1\"><em>Je crois que je ne serais jamais assez reconnaissante de tout l\u2019amour avec lequel je m\u2019en vais. Dieu seul sait que moi aussi j\u2019ai tent\u00e9 de leur apporter beaucoup d\u2019amour mais je n\u2019aurai jamais pens\u00e9 recevoir autant.<\/em><\/p>\n<p class=\"p1\"><em>On part d\u2019ici bien plus riche qu\u2019en arrivant.<\/em><\/p>\n<p class=\"p1\"><em>Madeleine, Natacha, Martine, \u00c9piphanie, Catherine, Solange, Ama, F\u00e9licit\u00e9, Juliette, Anne, Yvette\u2026 j\u2019en oublie tellement, mais vous avez \u00e9t\u00e9 toutes de vraies mamans \u00e0 mes yeux pendant ces 7 semaines.<\/em><\/p>\n<p class=\"p1\"><em>Je n\u2019ai jamais cess\u00e9 de vous f\u00e9liciter pour ce travail que vous faites 6 jours sur 7. \u00catre les mamans de vos enfants mais aussi les mamans de ces enfants.<\/em><\/p>\n<p class=\"p1\"><em>Pour toujours, bravo, vous \u00eates de r\u00e9els mod\u00e8les \u00e0 mes yeux et dans ma vie.<\/em><\/p>\n<p class=\"p1\"><em>En ce qui concerne les enfants, ah\u2026<\/em><\/p>\n<p class=\"p1\"><em>J\u2019ai arr\u00eat\u00e9 de lutter face \u00e0 mes larmes\u2026<\/em><\/p>\n<p class=\"p1\"><em>Mes petits, mes tous petits\u2026 Martin, At\u00e9mog\u00eane, Ablavi, Abla, Koffe, Fran\u00e7ois, Mo\u00efse, Lolo, Jojo et tous les autres\u2026<\/em><\/p>\n<p class=\"p1\"><em>Toussaint, B\u00e9n\u00e9dicte, Nassiba, Djibodi, Blessing, Pierrot, Adeline, Ingrid, Kafui, Isaac, Isma\u00ebl, Mafille\u2026<\/em><\/p>\n<p class=\"p1\"><em>(Vous disiez tout le temps \u00ab Mafille regarde ta maman arrive! \u00bb Ah, si seulement \ud83d\ude09 )<\/em><\/p>\n<p class=\"p1\"><em>Guillaume, Yvette, Solange, Flora, Luc, Pierrette, Charlotte\u2026 J\u2019ai moins \u00e9volu\u00e9 avec les plus grands mais j\u2019ai ador\u00e9 votre fa\u00e7on de penser, de vous exprimer, de communiquer par les signes avec moi (Merci beaucoup ma chouchou, le langage des signes est universel, c\u2019est si beau), votre attachement et vos questions : \u00ab Tata Marie quand est-ce que tu pars? Tu restes avec nous? \u00bb\u00a0<\/em><\/p>\n<p class=\"p1\"><em>Tata Reine, tata Rose, Soeur Ang\u00e8le, mes coll\u00e8gues de travail\u2026 On ne se refait pas. Une infirmerie dans un orphelinat c\u2019\u00e9tait n\u00e9cessaire que j\u2019y mette les pieds. \ud83d\ude09<\/em><\/p>\n<p class=\"p1\"><em>Nous avons ri, pleur\u00e9, je vous ai confi\u00e9 des choses bien avant de les raconter \u00e0 mes amies, vous avez \u00e9t\u00e9 un r\u00e9el soutien, mes \u00ab grandes s\u0153urs \u00bb.<\/em><\/p>\n<p class=\"p1\"><em>J\u2019ai ador\u00e9 d\u00e9couvrir notre monde avec vos yeux et vos fa\u00e7ons de faire.<\/em><\/p>\n<p class=\"p1\"><em>J\u2019ai tent\u00e9 de vous aider comme j\u2019ai pu, j\u2019ai laiss\u00e9 une part de moi, de mon travail chez vous. \u00c7a ira, vous \u00eates capable.<\/em><\/p>\n<p class=\"p1\"><em>Je pourrais \u00e9crire un livre tellement les choses sont diff\u00e9rentes. Mais finalement, les fondamentaux sont l\u00e0.<\/em><\/p>\n<p class=\"p1\"><em>Vous prenez soin des enfants d\u2019une fa\u00e7on merveilleuse, vous vous d\u00e9menez malgr\u00e9 les longues journ\u00e9es, les longues nuits (6 jours sur 7 et nous on se plaint constamment).<\/em><\/p>\n<p class=\"p1\"><em>Un grand grand merci \u00e0 l\u2019Assistant Abala, chef de service de la psychiatrie, qui m\u2019a fait d\u00e9couvrir tous les services du CHR d\u2019Atakpam\u00e9. L\u00e0 aussi, je les salue et les f\u00e9licite pour tout le travail avec beaucoup moins de moyen que nous mais l\u00e0 o\u00f9 les SNG en n\u00e9onatalogie existent, l\u00e0 o\u00f9 les proth\u00e8ses orthop\u00e9diques existent aussi, l\u00e0 o\u00f9 il y a m\u00eame une biblioth\u00e8que pour divertir les patients hospitalis\u00e9s, l\u00e0 o\u00f9 les transfusions sont possibles.<\/em><\/p>\n<p class=\"p1\"><em>Bon Marie, on parle un peu de toi maintenant?<\/em><\/p>\n<p class=\"p1\"><em>Assez peu, c\u2019est eux le sujet principal, mon sujet principal.<\/em><\/p>\n<p class=\"p1\"><em>Mais je suis si fi\u00e8re de moi, pour une fois.<\/em><\/p>\n<p class=\"p1\"><em>Si fi\u00e8re d\u2019avoir pris cette d\u00e9cision, si fi\u00e8re d\u2019avoir \u00e9t\u00e9 aussi courageuse, si fi\u00e8re d\u2019avoir rencontr\u00e9 des copines de voyage incroyables, si fi\u00e8re d\u2019avoir pu donn\u00e9 tout ce que j\u2019avais m\u00eame quand je n\u2019avais plus assez pour moi.<\/em><\/p>\n<p class=\"p1\"><em>Je n\u2019oublierai jamais rien, les paysages, les couleurs, les odeurs, la nourriture, les trajets en moto sans casque et sans permis, l\u2019appel de la pri\u00e8re \u00e0 04h du matin, les hurlements de Mathilde, les nuits avec et les nuits sans, l\u2019\u00e9tat de sant\u00e9 pas toujours tr\u00e8s stable, les n\u00e9gociations, les apr\u00e8s-midi \u00e0 danser, celles aussi au Sapy et au Kamira avec nos \u00e9trangers pr\u00e9f\u00e9r\u00e9s. (Merci \u00e0 eux, vraiment.)<\/em><\/p>\n<p class=\"p1\"><em>Mais surtout, je n\u2019oublierai jamais la chaleur humaine, cette gentillesse, cet amour qui anime le peuple.<\/em><\/p>\n<p class=\"p1\"><em>Richard, petit Richard, D\u00e9borah, Samuel, J\u00e9r\u00e9my et surtout, surtout Chantal, oh ma Chantal\u2026 une seconde maman pour moi aussi, merci infiniment.<\/em><\/p>\n<p class=\"p1\"><em>Nos confidences, notre entraide, ton amour, merci de m\u2019avoir accompagn\u00e9 \u00e0 l\u2019h\u00f4pital lorsque j\u2019\u00e9tais au plus mal. Tu es une vraie femme, une femme forte et courageuse, une maman en or.<\/em><\/p>\n<p class=\"p1\"><em>Je pourrais \u00e9crire un livre sur ma \u00ab local family \u00bb mais je vous laisserai d\u00e9couvrir par vous-m\u00eame si un jour vous souhaitez partir avec l\u2019association de Richard.<\/em><\/p>\n<p class=\"p1\"><em>\u00c7a y est, je pense que j\u2019ai fait le tour.<\/em><\/p>\n<p class=\"p1\"><em>Enfin non, on ne fait jamais le tour, on ne veut jamais que \u00e7a s\u2019arr\u00eate.<\/em><\/p>\n<p class=\"p1\"><em>Merci \u00e0 toi JJ de m\u2019avoir berc\u00e9 tant d\u2019ann\u00e9e avec \u00ab Famille \u00bb parce que oui \u00ab Vous \u00eates de ma famille, bien plus que celle du sang, des poign\u00e9es de secondes dans cet \u00e9trange monde, qu\u2019il vous prot\u00e8ge, s\u2019il entend. \u00bb.<\/em><\/p>\n<p class=\"p1\"><em>Et t\u2019avais raison Louise, la beaut\u00e9 ne se r\u00e9sume pas qu\u2019\u00e0 l\u2019apparence physique.<\/em><\/p>\n<p class=\"p1\"><em>J\u2019ai compris qu\u2019elle ne rayonne que par les actes, mes actes.<\/em><\/p>\n<p class=\"p1\"><em>Je reviendrai, c\u2019est promis.<\/em><\/p>\n<p class=\"p1\"><em>Merci la vie, \u00e9ternellement.<\/em><\/p>\n<p class=\"p1\"><em>Akp\u00e9. \u00bb<\/em><\/p>\n","protected":false},"excerpt":{"rendered":"<p>On a souvent envie d\u2019avoir une id\u00e9e de comment se d\u00e9roule une mission humanitaire avant de se lancer. Les t\u00e9moignages des volontaires internationaux sont des outils pr\u00e9cieux pour aider ceux qui h\u00e9sitent \u00e0 avoir une id\u00e9e plus claire. Aujourd\u2019hui, c\u2019est le t\u00e9moignage de Marie que nous vous pr\u00e9sentons. Marie est partie avec Globalong pendant 7 [&hellip;]<\/p>\n","protected":false},"author":9,"featured_media":15181,"parent":883,"menu_order":0,"comment_status":"closed","ping_status":"closed","template":"","meta":{"footnotes":""},"yoast_head":"<!-- This site is optimized with the Yoast SEO Premium plugin v23.4 (Yoast SEO v23.4) - https:\/\/yoast.com\/wordpress\/plugins\/seo\/ -->\n<title>Togo - Marie - Association Globalong<\/title>\n<meta name=\"robots\" content=\"index, follow, max-snippet:-1, max-image-preview:large, max-video-preview:-1\" \/>\n<link rel=\"canonical\" href=\"https:\/\/www.globalong.com\/blog\/avis-temoignages-globalong\/togo-marie\/\" \/>\n<meta property=\"og:locale\" content=\"fr_FR\" \/>\n<meta property=\"og:type\" content=\"article\" \/>\n<meta property=\"og:title\" content=\"Togo - Marie\" \/>\n<meta property=\"og:description\" content=\"On a souvent envie d\u2019avoir une id\u00e9e de comment se d\u00e9roule une mission humanitaire avant de se lancer. Les t\u00e9moignages des volontaires internationaux sont des outils pr\u00e9cieux pour aider ceux qui h\u00e9sitent \u00e0 avoir une id\u00e9e plus claire. Aujourd\u2019hui, c\u2019est le t\u00e9moignage de Marie que nous vous pr\u00e9sentons. Marie est partie avec Globalong pendant 7 [&hellip;]\" \/>\n<meta property=\"og:url\" content=\"https:\/\/www.globalong.com\/blog\/avis-temoignages-globalong\/togo-marie\/\" \/>\n<meta property=\"og:site_name\" content=\"Association Globalong\" \/>\n<meta property=\"article:publisher\" content=\"https:\/\/www.facebook.com\/globalong\" \/>\n<meta property=\"article:modified_time\" content=\"2023-02-10T17:40:55+00:00\" \/>\n<meta property=\"og:image\" content=\"https:\/\/www.globalong.com\/blog\/wp-content\/uploads\/2023\/02\/Marie-au-Togo.jpeg\" \/>\n\t<meta property=\"og:image:width\" content=\"640\" \/>\n\t<meta property=\"og:image:height\" content=\"480\" \/>\n\t<meta property=\"og:image:type\" content=\"image\/jpeg\" \/>\n<meta name=\"twitter:card\" content=\"summary_large_image\" \/>\n<meta name=\"twitter:label1\" content=\"Dur\u00e9e de lecture estim\u00e9e\" \/>\n\t<meta name=\"twitter:data1\" content=\"6 minutes\" \/>\n<script type=\"application\/ld+json\" class=\"yoast-schema-graph\">{\"@context\":\"https:\/\/schema.org\",\"@graph\":[{\"@type\":\"WebPage\",\"@id\":\"https:\/\/www.globalong.com\/blog\/avis-temoignages-globalong\/togo-marie\/\",\"url\":\"https:\/\/www.globalong.com\/blog\/avis-temoignages-globalong\/togo-marie\/\",\"name\":\"Togo - Marie - Association Globalong\",\"isPartOf\":{\"@id\":\"https:\/\/www.globalong.com\/blog\/#website\"},\"primaryImageOfPage\":{\"@id\":\"https:\/\/www.globalong.com\/blog\/avis-temoignages-globalong\/togo-marie\/#primaryimage\"},\"image\":{\"@id\":\"https:\/\/www.globalong.com\/blog\/avis-temoignages-globalong\/togo-marie\/#primaryimage\"},\"thumbnailUrl\":\"https:\/\/www.globalong.com\/blog\/wp-content\/uploads\/2023\/02\/Marie-au-Togo.jpeg\",\"datePublished\":\"2023-02-10T17:40:15+00:00\",\"dateModified\":\"2023-02-10T17:40:55+00:00\",\"breadcrumb\":{\"@id\":\"https:\/\/www.globalong.com\/blog\/avis-temoignages-globalong\/togo-marie\/#breadcrumb\"},\"inLanguage\":\"fr-FR\",\"potentialAction\":[{\"@type\":\"ReadAction\",\"target\":[\"https:\/\/www.globalong.com\/blog\/avis-temoignages-globalong\/togo-marie\/\"]}]},{\"@type\":\"ImageObject\",\"inLanguage\":\"fr-FR\",\"@id\":\"https:\/\/www.globalong.com\/blog\/avis-temoignages-globalong\/togo-marie\/#primaryimage\",\"url\":\"https:\/\/www.globalong.com\/blog\/wp-content\/uploads\/2023\/02\/Marie-au-Togo.jpeg\",\"contentUrl\":\"https:\/\/www.globalong.com\/blog\/wp-content\/uploads\/2023\/02\/Marie-au-Togo.jpeg\",\"width\":640,\"height\":480},{\"@type\":\"BreadcrumbList\",\"@id\":\"https:\/\/www.globalong.com\/blog\/avis-temoignages-globalong\/togo-marie\/#breadcrumb\",\"itemListElement\":[{\"@type\":\"ListItem\",\"position\":1,\"name\":\"Accueil\",\"item\":\"https:\/\/www.globalong.com\/blog\/\"},{\"@type\":\"ListItem\",\"position\":2,\"name\":\"T\u00e9moignages et avis de volontaires Globalong\",\"item\":\"https:\/\/www.globalong.com\/blog\/avis-temoignages-globalong\/\"},{\"@type\":\"ListItem\",\"position\":3,\"name\":\"Togo &#8211; Marie\"}]},{\"@type\":\"WebSite\",\"@id\":\"https:\/\/www.globalong.com\/blog\/#website\",\"url\":\"https:\/\/www.globalong.com\/blog\/\",\"name\":\"https:\/\/www.globalong.com\/\",\"description\":\"Mission humanitaire, stage \u00e9tudiant et voyage linguistique\",\"publisher\":{\"@id\":\"https:\/\/www.globalong.com\/blog\/#organization\"},\"potentialAction\":[{\"@type\":\"SearchAction\",\"target\":{\"@type\":\"EntryPoint\",\"urlTemplate\":\"https:\/\/www.globalong.com\/blog\/?s={search_term_string}\"},\"query-input\":{\"@type\":\"PropertyValueSpecification\",\"valueRequired\":true,\"valueName\":\"search_term_string\"}}],\"inLanguage\":\"fr-FR\"},{\"@type\":\"Organization\",\"@id\":\"https:\/\/www.globalong.com\/blog\/#organization\",\"name\":\"Association Globalong\",\"url\":\"https:\/\/www.globalong.com\/blog\/\",\"logo\":{\"@type\":\"ImageObject\",\"inLanguage\":\"fr-FR\",\"@id\":\"https:\/\/www.globalong.com\/blog\/#\/schema\/logo\/image\/\",\"url\":\"https:\/\/www.globalong.com\/blog\/wp-content\/uploads\/2014\/11\/cropped-cropped-Logo-et-Afrique-Globalong-petite-taille-2.jpg\",\"contentUrl\":\"https:\/\/www.globalong.com\/blog\/wp-content\/uploads\/2014\/11\/cropped-cropped-Logo-et-Afrique-Globalong-petite-taille-2.jpg\",\"width\":512,\"height\":512,\"caption\":\"Association Globalong\"},\"image\":{\"@id\":\"https:\/\/www.globalong.com\/blog\/#\/schema\/logo\/image\/\"},\"sameAs\":[\"https:\/\/www.facebook.com\/globalong\"]}]}<\/script>\n<!-- \/ Yoast SEO Premium plugin. -->","yoast_head_json":{"title":"Togo - Marie - Association Globalong","robots":{"index":"index","follow":"follow","max-snippet":"max-snippet:-1","max-image-preview":"max-image-preview:large","max-video-preview":"max-video-preview:-1"},"canonical":"https:\/\/www.globalong.com\/blog\/avis-temoignages-globalong\/togo-marie\/","og_locale":"fr_FR","og_type":"article","og_title":"Togo - Marie","og_description":"On a souvent envie d\u2019avoir une id\u00e9e de comment se d\u00e9roule une mission humanitaire avant de se lancer. Les t\u00e9moignages des volontaires internationaux sont des outils pr\u00e9cieux pour aider ceux qui h\u00e9sitent \u00e0 avoir une id\u00e9e plus claire. Aujourd\u2019hui, c\u2019est le t\u00e9moignage de Marie que nous vous pr\u00e9sentons. Marie est partie avec Globalong pendant 7 [&hellip;]","og_url":"https:\/\/www.globalong.com\/blog\/avis-temoignages-globalong\/togo-marie\/","og_site_name":"Association Globalong","article_publisher":"https:\/\/www.facebook.com\/globalong","article_modified_time":"2023-02-10T17:40:55+00:00","og_image":[{"width":640,"height":480,"url":"https:\/\/www.globalong.com\/blog\/wp-content\/uploads\/2023\/02\/Marie-au-Togo.jpeg","type":"image\/jpeg"}],"twitter_card":"summary_large_image","twitter_misc":{"Dur\u00e9e de lecture estim\u00e9e":"6 minutes"},"schema":{"@context":"https:\/\/schema.org","@graph":[{"@type":"WebPage","@id":"https:\/\/www.globalong.com\/blog\/avis-temoignages-globalong\/togo-marie\/","url":"https:\/\/www.globalong.com\/blog\/avis-temoignages-globalong\/togo-marie\/","name":"Togo - Marie - Association Globalong","isPartOf":{"@id":"https:\/\/www.globalong.com\/blog\/#website"},"primaryImageOfPage":{"@id":"https:\/\/www.globalong.com\/blog\/avis-temoignages-globalong\/togo-marie\/#primaryimage"},"image":{"@id":"https:\/\/www.globalong.com\/blog\/avis-temoignages-globalong\/togo-marie\/#primaryimage"},"thumbnailUrl":"https:\/\/www.globalong.com\/blog\/wp-content\/uploads\/2023\/02\/Marie-au-Togo.jpeg","datePublished":"2023-02-10T17:40:15+00:00","dateModified":"2023-02-10T17:40:55+00:00","breadcrumb":{"@id":"https:\/\/www.globalong.com\/blog\/avis-temoignages-globalong\/togo-marie\/#breadcrumb"},"inLanguage":"fr-FR","potentialAction":[{"@type":"ReadAction","target":["https:\/\/www.globalong.com\/blog\/avis-temoignages-globalong\/togo-marie\/"]}]},{"@type":"ImageObject","inLanguage":"fr-FR","@id":"https:\/\/www.globalong.com\/blog\/avis-temoignages-globalong\/togo-marie\/#primaryimage","url":"https:\/\/www.globalong.com\/blog\/wp-content\/uploads\/2023\/02\/Marie-au-Togo.jpeg","contentUrl":"https:\/\/www.globalong.com\/blog\/wp-content\/uploads\/2023\/02\/Marie-au-Togo.jpeg","width":640,"height":480},{"@type":"BreadcrumbList","@id":"https:\/\/www.globalong.com\/blog\/avis-temoignages-globalong\/togo-marie\/#breadcrumb","itemListElement":[{"@type":"ListItem","position":1,"name":"Accueil","item":"https:\/\/www.globalong.com\/blog\/"},{"@type":"ListItem","position":2,"name":"T\u00e9moignages et avis de volontaires Globalong","item":"https:\/\/www.globalong.com\/blog\/avis-temoignages-globalong\/"},{"@type":"ListItem","position":3,"name":"Togo &#8211; Marie"}]},{"@type":"WebSite","@id":"https:\/\/www.globalong.com\/blog\/#website","url":"https:\/\/www.globalong.com\/blog\/","name":"https:\/\/www.globalong.com\/","description":"Mission humanitaire, stage \u00e9tudiant et voyage linguistique","publisher":{"@id":"https:\/\/www.globalong.com\/blog\/#organization"},"potentialAction":[{"@type":"SearchAction","target":{"@type":"EntryPoint","urlTemplate":"https:\/\/www.globalong.com\/blog\/?s={search_term_string}"},"query-input":{"@type":"PropertyValueSpecification","valueRequired":true,"valueName":"search_term_string"}}],"inLanguage":"fr-FR"},{"@type":"Organization","@id":"https:\/\/www.globalong.com\/blog\/#organization","name":"Association Globalong","url":"https:\/\/www.globalong.com\/blog\/","logo":{"@type":"ImageObject","inLanguage":"fr-FR","@id":"https:\/\/www.globalong.com\/blog\/#\/schema\/logo\/image\/","url":"https:\/\/www.globalong.com\/blog\/wp-content\/uploads\/2014\/11\/cropped-cropped-Logo-et-Afrique-Globalong-petite-taille-2.jpg","contentUrl":"https:\/\/www.globalong.com\/blog\/wp-content\/uploads\/2014\/11\/cropped-cropped-Logo-et-Afrique-Globalong-petite-taille-2.jpg","width":512,"height":512,"caption":"Association Globalong"},"image":{"@id":"https:\/\/www.globalong.com\/blog\/#\/schema\/logo\/image\/"},"sameAs":["https:\/\/www.facebook.com\/globalong"]}]}},"_links":{"self":[{"href":"https:\/\/www.globalong.com\/blog\/wp-json\/wp\/v2\/pages\/15178"}],"collection":[{"href":"https:\/\/www.globalong.com\/blog\/wp-json\/wp\/v2\/pages"}],"about":[{"href":"https:\/\/www.globalong.com\/blog\/wp-json\/wp\/v2\/types\/page"}],"author":[{"embeddable":true,"href":"https:\/\/www.globalong.com\/blog\/wp-json\/wp\/v2\/users\/9"}],"replies":[{"embeddable":true,"href":"https:\/\/www.globalong.com\/blog\/wp-json\/wp\/v2\/comments?post=15178"}],"version-history":[{"count":2,"href":"https:\/\/www.globalong.com\/blog\/wp-json\/wp\/v2\/pages\/15178\/revisions"}],"predecessor-version":[{"id":19522,"href":"https:\/\/www.globalong.com\/blog\/wp-json\/wp\/v2\/pages\/15178\/revisions\/19522"}],"up":[{"embeddable":true,"href":"https:\/\/www.globalong.com\/blog\/wp-json\/wp\/v2\/pages\/883"}],"wp:featuredmedia":[{"embeddable":true,"href":"https:\/\/www.globalong.com\/blog\/wp-json\/wp\/v2\/media\/15181"}],"wp:attachment":[{"href":"https:\/\/www.globalong.com\/blog\/wp-json\/wp\/v2\/media?parent=15178"}],"curies":[{"name":"wp","href":"https:\/\/api.w.org\/{rel}","templated":true}]}}