{"id":15289,"date":"2023-04-03T15:41:45","date_gmt":"2023-04-03T13:41:45","guid":{"rendered":"https:\/\/www.globalong.com\/blog\/?page_id=15289"},"modified":"2023-05-09T16:17:08","modified_gmt":"2023-05-09T14:17:08","slug":"senegal-solene-mission-medicale","status":"publish","type":"page","link":"https:\/\/www.globalong.com\/blog\/avis-temoignages-globalong\/senegal-solene-mission-medicale\/","title":{"rendered":"S\u00e9n\u00e9gal &#8211; Sol\u00e8ne (mission m\u00e9dicale)"},"content":{"rendered":"<p style=\"text-align: center;\"><strong>Sol\u00e8ne, engag\u00e9e sur la mission m\u00e9dicale au S\u00e9n\u00e9gal, nous envoie des nouvelles !<\/strong><\/p>\n<div dir=\"auto\"><strong><em>Ce voyage et ce stage sont surprenants, dans le bon sens. Je d\u00e9couvre \u00e9norm\u00e9ment de choses que ce soit dans les soins, dans les paysages, les s\u00e9n\u00e9galais ou m\u00eame d\u2019autres b\u00e9n\u00e9voles fran\u00e7ais. C\u2019est enrichissant et totalement d\u00e9paysant.\u00a0<\/em><\/strong><\/div>\n<div dir=\"auto\"><\/div>\n<div dir=\"auto\"><strong><em>Concernant le stage, c\u2019est vraiment tout autre qu\u2019en France, l\u2019oppos\u00e9 m\u00eame je dirai hormis le nom des m\u00e9dicaments qui se ressemble.\u00a0<\/em><\/strong><\/div>\n<div dir=\"auto\"><\/div>\n<div dir=\"auto\"><a href=\"https:\/\/www.globalong.com\/blog\/wp-content\/uploads\/2023\/04\/se\u0301ne\u0301gal-sole\u0300ne.png\" target=\"_blank\" rel=\"noopener\"><img loading=\"lazy\" decoding=\"async\" class=\"alignnone wp-image-15290 size-full\" src=\"https:\/\/www.globalong.com\/blog\/wp-content\/uploads\/2023\/04\/se\u0301ne\u0301gal-sole\u0300ne.png\" alt=\"\" width=\"2248\" height=\"846\" srcset=\"https:\/\/www.globalong.com\/blog\/wp-content\/uploads\/2023\/04\/se\u0301ne\u0301gal-sole\u0300ne.png 2248w, https:\/\/www.globalong.com\/blog\/wp-content\/uploads\/2023\/04\/se\u0301ne\u0301gal-sole\u0300ne-300x113.png 300w, https:\/\/www.globalong.com\/blog\/wp-content\/uploads\/2023\/04\/se\u0301ne\u0301gal-sole\u0300ne-1024x385.png 1024w, https:\/\/www.globalong.com\/blog\/wp-content\/uploads\/2023\/04\/se\u0301ne\u0301gal-sole\u0300ne-768x289.png 768w, https:\/\/www.globalong.com\/blog\/wp-content\/uploads\/2023\/04\/se\u0301ne\u0301gal-sole\u0300ne-1536x578.png 1536w, https:\/\/www.globalong.com\/blog\/wp-content\/uploads\/2023\/04\/se\u0301ne\u0301gal-sole\u0300ne-2048x771.png 2048w\" sizes=\"(max-width: 2248px) 100vw, 2248px\" \/><\/a><\/div>\n<div dir=\"auto\"><\/div>\n<div dir=\"auto\"><strong><em>Je vous transf\u00e8re ci-dessous le message que j\u2019ai envoy\u00e9 \u00e0 ma famille hier apr\u00e8s une journ\u00e9e assez compliqu\u00e9 :\u00a0<\/em><\/strong><\/div>\n<div dir=\"auto\"><\/div>\n<div dir=\"auto\"><strong><em>Jour 7\/49, aujourd\u2019hui journ\u00e9e un peu plus compliqu\u00e9e. Retour au dispensaire. J\u2019\u00e9tais dans la salle \u00ab pansement et petites chirurgies \u00bb avec une autre b\u00e9n\u00e9vole. Premi\u00e8re patiente, une enfant de 3 ans avec une br\u00fblure au 3\u00e8me degr\u00e9, r\u00e9fection du pansement dans la douleur et les cris, tr\u00e8s peu si ce n\u2019est aucune compassion de la soignante qui le lui faisait. Difficile \u00e0 regarder, \u00e0 entendre. On sort de ce pansement le ventre un peu nou\u00e9, la prise en charge de la douleur ils ne connaissent pas ici, il ne faut pas crier. Deuxi\u00e8me patient : 4 petits gar\u00e7ons qui viennent pour une circoncision, on d\u00e9cide d\u2019aller voir pour observer, \u00e0 peine rentrer dans la pi\u00e8ce, ils comprennent vite qu\u2019il va se passer quelques chose, ils se mettent \u00e0 pleurer. De l\u00e0 les soignants commencent \u00e0 les taper, j\u2019interviens et prends le petit dans mes bras pour l\u2019installer, j\u2019essaie de le rassurer comme je peux, mais il m&rsquo;est impossible de regarder la sc\u00e8ne, je ne regarde que lui. J\u2019entends ses cris et vois \u00e0 quel point il souffre, la deuxi\u00e8me b\u00e9n\u00e9vole sort de la pi\u00e8ce, moi je reste car le petit me tient fort. Impossible de retenir mes larmes car j\u2019entends des claques, des coups, des cris, des bruits de scalpels. Je ne regarde rien. \u00c0 un moment donn\u00e9 ils se rendent compte que je pleure, mais ne me laisse pas sortir de la salle, je me mets alors dans un coin de dos et je bouche mes oreilles. Au bout de 10 minutes les petits ne cris plus, je me retourne, la circoncision est faite. <\/em><\/strong><\/div>\n<div dir=\"auto\"><\/div>\n<div dir=\"auto\"><strong><em>Je retourne aupr\u00e8s de l\u2019enfant car il faut le recoudre, je regarde toujours que le petit, j\u2019essaie de le rassurer, il me tend ses bras, mais continue de souffrir et de crier, donc de se faire taper. Au bout d\u2019un moment, Djibril est entr\u00e9 dans la salle, m\u2019a vu pleurer et m\u2019a fait sortir. Premi\u00e8re situation tr\u00e8s compliqu\u00e9e depuis que je suis ici. La prise en charge des \u00e9motions n\u2019existe pas dans les soins ici. Difficile \u00e0 g\u00e9rer pour moi qui suis une grande \u00e9motive, d\u2019autant plus difficile de le voir quand \u00e7a concerne un petit enfant. La fin de la matin\u00e9e s\u2019est pass\u00e9e mais mon esprit n\u2019\u00e9tait plus l\u00e0, on a quand m\u00eame continu\u00e9 de travailler derri\u00e8re. Quand on tombe \u00e0 cheval, mieux vaut remonter de suite. On reste un peu abasourdie par ce qu\u2019on a v\u00e9cu ce matin, mais le fait d\u2019avoir \u00e9t\u00e9 deux \u00e0 le vivre est plus rassurant. <\/em><\/strong><\/div>\n<div dir=\"auto\"><\/div>\n<div dir=\"auto\"><strong><em>Il va falloir s\u2019acclimater \u00e0 \u00e7a aussi, \u00e7a risque d\u2019\u00eatre le plus difficile. J\u2019aimerais amener tous ces enfants dans ma valise et prendre soin d\u2019eux comme ils le m\u00e9ritent (je sais que c\u2019est impossible\u2026). En tout cas je ferai tout ce que je peux durant ce s\u00e9jour pour essayer d\u2019apporter le plus de douceur et de bienveillance possible \u00e0 cette population. Ce soir du coup, je reste tranquille \u00e0 l\u2019appartement pendant que les autres vont vaquer \u00e0 leurs occupations, \u00e7a va me faire du bien d\u2019\u00eatre seule (qui aurait cru que je dise \u00e7a un jour? &#x1f923;). Je vous embrasse fort et vous redonne des nouvelles vite.<\/em><\/strong><\/div>\n<div dir=\"auto\"><\/div>\n<div dir=\"auto\"><strong><em>Je me sens tr\u00e8s bien ici, l\u2019acclimatation s\u2019est bien pass\u00e9e. La nourriture est excellente, les S\u00e9n\u00e9galais sont accueillants et g\u00e9n\u00e9reux.\u00a0<\/em><\/strong><\/div>\n<div dir=\"auto\"><\/div>\n<div dir=\"auto\"><strong><em>Je vous redonne d\u00e8s mes nouvelles la semaine prochaine et vous fais parvenir quelques photos donc une photo o\u00f9 je r\u00e9alise ma premi\u00e8re prescription m\u00e9dicale.\u00a0<\/em><\/strong><\/div>\n<div dir=\"auto\"><\/div>\n<div dir=\"auto\"><strong><em>Sol\u00e8ne\u00a0<\/em><\/strong><\/div>\n<div dir=\"auto\"><\/div>\n<div dir=\"auto\"><strong>Merci \u00e0 toi Sol\u00e8ne pour ton engagement, nous attendons de tes nouvelles !<\/strong><\/div>\n<div dir=\"auto\"><\/div>\n<div dir=\"auto\"><strong>Si vous aussi vous souhaitez vous engager sur une mission m\u00e9dicale, n\u2019h\u00e9sitez pas \u00e0 nous contacter \u00e0 <a href=\"mailto:info@globalong.com\"><span class=\"s2\">info@globalong.com<\/span><\/a>.<\/strong><\/div>\n<div dir=\"auto\"><a href=\"https:\/\/www.globalong.com\/blog\/wp-content\/uploads\/2023\/04\/solene-mission-se\u0301ne\u0301gal.png\" target=\"_blank\" rel=\"noopener\"><img loading=\"lazy\" decoding=\"async\" class=\"alignnone wp-image-15291 size-full\" src=\"https:\/\/www.globalong.com\/blog\/wp-content\/uploads\/2023\/04\/solene-mission-se\u0301ne\u0301gal.png\" alt=\"\" width=\"2248\" height=\"846\" srcset=\"https:\/\/www.globalong.com\/blog\/wp-content\/uploads\/2023\/04\/solene-mission-se\u0301ne\u0301gal.png 2248w, https:\/\/www.globalong.com\/blog\/wp-content\/uploads\/2023\/04\/solene-mission-se\u0301ne\u0301gal-300x113.png 300w, https:\/\/www.globalong.com\/blog\/wp-content\/uploads\/2023\/04\/solene-mission-se\u0301ne\u0301gal-1024x385.png 1024w, https:\/\/www.globalong.com\/blog\/wp-content\/uploads\/2023\/04\/solene-mission-se\u0301ne\u0301gal-768x289.png 768w, https:\/\/www.globalong.com\/blog\/wp-content\/uploads\/2023\/04\/solene-mission-se\u0301ne\u0301gal-1536x578.png 1536w, https:\/\/www.globalong.com\/blog\/wp-content\/uploads\/2023\/04\/solene-mission-se\u0301ne\u0301gal-2048x771.png 2048w\" sizes=\"(max-width: 2248px) 100vw, 2248px\" \/><\/a><\/div>\n","protected":false},"excerpt":{"rendered":"<p>Sol\u00e8ne, engag\u00e9e sur la mission m\u00e9dicale au S\u00e9n\u00e9gal, nous envoie des nouvelles ! Ce voyage et ce stage sont surprenants, dans le bon sens. Je d\u00e9couvre \u00e9norm\u00e9ment de choses que ce soit dans les soins, dans les paysages, les s\u00e9n\u00e9galais ou m\u00eame d\u2019autres b\u00e9n\u00e9voles fran\u00e7ais. C\u2019est enrichissant et totalement d\u00e9paysant.\u00a0 Concernant le stage, c\u2019est vraiment [&hellip;]<\/p>\n","protected":false},"author":9,"featured_media":15361,"parent":883,"menu_order":0,"comment_status":"closed","ping_status":"closed","template":"","meta":{"footnotes":""},"yoast_head":"<!-- This site is optimized with the Yoast SEO Premium plugin v23.4 (Yoast SEO v23.4) - https:\/\/yoast.com\/wordpress\/plugins\/seo\/ -->\n<title>S\u00e9n\u00e9gal - Sol\u00e8ne (mission m\u00e9dicale) - Association Globalong<\/title>\n<meta name=\"robots\" content=\"index, follow, max-snippet:-1, max-image-preview:large, max-video-preview:-1\" \/>\n<link rel=\"canonical\" href=\"https:\/\/www.globalong.com\/blog\/avis-temoignages-globalong\/senegal-solene-mission-medicale\/\" \/>\n<meta property=\"og:locale\" content=\"fr_FR\" \/>\n<meta property=\"og:type\" content=\"article\" \/>\n<meta property=\"og:title\" content=\"S\u00e9n\u00e9gal - Sol\u00e8ne (mission m\u00e9dicale)\" \/>\n<meta property=\"og:description\" content=\"Sol\u00e8ne, engag\u00e9e sur la mission m\u00e9dicale au S\u00e9n\u00e9gal, nous envoie des nouvelles ! Ce voyage et ce stage sont surprenants, dans le bon sens. Je d\u00e9couvre \u00e9norm\u00e9ment de choses que ce soit dans les soins, dans les paysages, les s\u00e9n\u00e9galais ou m\u00eame d\u2019autres b\u00e9n\u00e9voles fran\u00e7ais. C\u2019est enrichissant et totalement d\u00e9paysant.\u00a0 Concernant le stage, c\u2019est vraiment [&hellip;]\" \/>\n<meta property=\"og:url\" content=\"https:\/\/www.globalong.com\/blog\/avis-temoignages-globalong\/senegal-solene-mission-medicale\/\" \/>\n<meta property=\"og:site_name\" content=\"Association Globalong\" \/>\n<meta property=\"article:publisher\" content=\"https:\/\/www.facebook.com\/globalong\" \/>\n<meta property=\"article:modified_time\" content=\"2023-05-09T14:17:08+00:00\" \/>\n<meta property=\"og:image\" content=\"https:\/\/www.globalong.com\/blog\/wp-content\/uploads\/2023\/05\/solene-au-se\u0301ne\u0301gal.jpeg\" \/>\n\t<meta property=\"og:image:width\" content=\"1200\" \/>\n\t<meta property=\"og:image:height\" content=\"1600\" \/>\n\t<meta property=\"og:image:type\" content=\"image\/jpeg\" \/>\n<meta name=\"twitter:card\" content=\"summary_large_image\" \/>\n<meta name=\"twitter:label1\" content=\"Dur\u00e9e de lecture estim\u00e9e\" \/>\n\t<meta name=\"twitter:data1\" content=\"4 minutes\" \/>\n<script type=\"application\/ld+json\" class=\"yoast-schema-graph\">{\"@context\":\"https:\/\/schema.org\",\"@graph\":[{\"@type\":\"WebPage\",\"@id\":\"https:\/\/www.globalong.com\/blog\/avis-temoignages-globalong\/senegal-solene-mission-medicale\/\",\"url\":\"https:\/\/www.globalong.com\/blog\/avis-temoignages-globalong\/senegal-solene-mission-medicale\/\",\"name\":\"S\u00e9n\u00e9gal - Sol\u00e8ne (mission m\u00e9dicale) - Association Globalong\",\"isPartOf\":{\"@id\":\"https:\/\/www.globalong.com\/blog\/#website\"},\"primaryImageOfPage\":{\"@id\":\"https:\/\/www.globalong.com\/blog\/avis-temoignages-globalong\/senegal-solene-mission-medicale\/#primaryimage\"},\"image\":{\"@id\":\"https:\/\/www.globalong.com\/blog\/avis-temoignages-globalong\/senegal-solene-mission-medicale\/#primaryimage\"},\"thumbnailUrl\":\"https:\/\/www.globalong.com\/blog\/wp-content\/uploads\/2023\/05\/solene-au-se\u0301ne\u0301gal.jpeg\",\"datePublished\":\"2023-04-03T13:41:45+00:00\",\"dateModified\":\"2023-05-09T14:17:08+00:00\",\"breadcrumb\":{\"@id\":\"https:\/\/www.globalong.com\/blog\/avis-temoignages-globalong\/senegal-solene-mission-medicale\/#breadcrumb\"},\"inLanguage\":\"fr-FR\",\"potentialAction\":[{\"@type\":\"ReadAction\",\"target\":[\"https:\/\/www.globalong.com\/blog\/avis-temoignages-globalong\/senegal-solene-mission-medicale\/\"]}]},{\"@type\":\"ImageObject\",\"inLanguage\":\"fr-FR\",\"@id\":\"https:\/\/www.globalong.com\/blog\/avis-temoignages-globalong\/senegal-solene-mission-medicale\/#primaryimage\",\"url\":\"https:\/\/www.globalong.com\/blog\/wp-content\/uploads\/2023\/05\/solene-au-se\u0301ne\u0301gal.jpeg\",\"contentUrl\":\"https:\/\/www.globalong.com\/blog\/wp-content\/uploads\/2023\/05\/solene-au-se\u0301ne\u0301gal.jpeg\",\"width\":1200,\"height\":1600,\"caption\":\"Stage en pu\u00e9riculture \u00e0 l'\u00e9tranger\"},{\"@type\":\"BreadcrumbList\",\"@id\":\"https:\/\/www.globalong.com\/blog\/avis-temoignages-globalong\/senegal-solene-mission-medicale\/#breadcrumb\",\"itemListElement\":[{\"@type\":\"ListItem\",\"position\":1,\"name\":\"Accueil\",\"item\":\"https:\/\/www.globalong.com\/blog\/\"},{\"@type\":\"ListItem\",\"position\":2,\"name\":\"T\u00e9moignages et avis de volontaires Globalong\",\"item\":\"https:\/\/www.globalong.com\/blog\/avis-temoignages-globalong\/\"},{\"@type\":\"ListItem\",\"position\":3,\"name\":\"S\u00e9n\u00e9gal &#8211; Sol\u00e8ne (mission m\u00e9dicale)\"}]},{\"@type\":\"WebSite\",\"@id\":\"https:\/\/www.globalong.com\/blog\/#website\",\"url\":\"https:\/\/www.globalong.com\/blog\/\",\"name\":\"https:\/\/www.globalong.com\/\",\"description\":\"Mission humanitaire, stage \u00e9tudiant et voyage linguistique\",\"publisher\":{\"@id\":\"https:\/\/www.globalong.com\/blog\/#organization\"},\"potentialAction\":[{\"@type\":\"SearchAction\",\"target\":{\"@type\":\"EntryPoint\",\"urlTemplate\":\"https:\/\/www.globalong.com\/blog\/?s={search_term_string}\"},\"query-input\":{\"@type\":\"PropertyValueSpecification\",\"valueRequired\":true,\"valueName\":\"search_term_string\"}}],\"inLanguage\":\"fr-FR\"},{\"@type\":\"Organization\",\"@id\":\"https:\/\/www.globalong.com\/blog\/#organization\",\"name\":\"Association Globalong\",\"url\":\"https:\/\/www.globalong.com\/blog\/\",\"logo\":{\"@type\":\"ImageObject\",\"inLanguage\":\"fr-FR\",\"@id\":\"https:\/\/www.globalong.com\/blog\/#\/schema\/logo\/image\/\",\"url\":\"https:\/\/www.globalong.com\/blog\/wp-content\/uploads\/2014\/11\/cropped-cropped-Logo-et-Afrique-Globalong-petite-taille-2.jpg\",\"contentUrl\":\"https:\/\/www.globalong.com\/blog\/wp-content\/uploads\/2014\/11\/cropped-cropped-Logo-et-Afrique-Globalong-petite-taille-2.jpg\",\"width\":512,\"height\":512,\"caption\":\"Association Globalong\"},\"image\":{\"@id\":\"https:\/\/www.globalong.com\/blog\/#\/schema\/logo\/image\/\"},\"sameAs\":[\"https:\/\/www.facebook.com\/globalong\"]}]}<\/script>\n<!-- \/ Yoast SEO Premium plugin. -->","yoast_head_json":{"title":"S\u00e9n\u00e9gal - Sol\u00e8ne (mission m\u00e9dicale) - Association Globalong","robots":{"index":"index","follow":"follow","max-snippet":"max-snippet:-1","max-image-preview":"max-image-preview:large","max-video-preview":"max-video-preview:-1"},"canonical":"https:\/\/www.globalong.com\/blog\/avis-temoignages-globalong\/senegal-solene-mission-medicale\/","og_locale":"fr_FR","og_type":"article","og_title":"S\u00e9n\u00e9gal - Sol\u00e8ne (mission m\u00e9dicale)","og_description":"Sol\u00e8ne, engag\u00e9e sur la mission m\u00e9dicale au S\u00e9n\u00e9gal, nous envoie des nouvelles ! Ce voyage et ce stage sont surprenants, dans le bon sens. Je d\u00e9couvre \u00e9norm\u00e9ment de choses que ce soit dans les soins, dans les paysages, les s\u00e9n\u00e9galais ou m\u00eame d\u2019autres b\u00e9n\u00e9voles fran\u00e7ais. C\u2019est enrichissant et totalement d\u00e9paysant.\u00a0 Concernant le stage, c\u2019est vraiment [&hellip;]","og_url":"https:\/\/www.globalong.com\/blog\/avis-temoignages-globalong\/senegal-solene-mission-medicale\/","og_site_name":"Association Globalong","article_publisher":"https:\/\/www.facebook.com\/globalong","article_modified_time":"2023-05-09T14:17:08+00:00","og_image":[{"width":1200,"height":1600,"url":"https:\/\/www.globalong.com\/blog\/wp-content\/uploads\/2023\/05\/solene-au-se\u0301ne\u0301gal.jpeg","type":"image\/jpeg"}],"twitter_card":"summary_large_image","twitter_misc":{"Dur\u00e9e de lecture estim\u00e9e":"4 minutes"},"schema":{"@context":"https:\/\/schema.org","@graph":[{"@type":"WebPage","@id":"https:\/\/www.globalong.com\/blog\/avis-temoignages-globalong\/senegal-solene-mission-medicale\/","url":"https:\/\/www.globalong.com\/blog\/avis-temoignages-globalong\/senegal-solene-mission-medicale\/","name":"S\u00e9n\u00e9gal - Sol\u00e8ne (mission m\u00e9dicale) - Association Globalong","isPartOf":{"@id":"https:\/\/www.globalong.com\/blog\/#website"},"primaryImageOfPage":{"@id":"https:\/\/www.globalong.com\/blog\/avis-temoignages-globalong\/senegal-solene-mission-medicale\/#primaryimage"},"image":{"@id":"https:\/\/www.globalong.com\/blog\/avis-temoignages-globalong\/senegal-solene-mission-medicale\/#primaryimage"},"thumbnailUrl":"https:\/\/www.globalong.com\/blog\/wp-content\/uploads\/2023\/05\/solene-au-se\u0301ne\u0301gal.jpeg","datePublished":"2023-04-03T13:41:45+00:00","dateModified":"2023-05-09T14:17:08+00:00","breadcrumb":{"@id":"https:\/\/www.globalong.com\/blog\/avis-temoignages-globalong\/senegal-solene-mission-medicale\/#breadcrumb"},"inLanguage":"fr-FR","potentialAction":[{"@type":"ReadAction","target":["https:\/\/www.globalong.com\/blog\/avis-temoignages-globalong\/senegal-solene-mission-medicale\/"]}]},{"@type":"ImageObject","inLanguage":"fr-FR","@id":"https:\/\/www.globalong.com\/blog\/avis-temoignages-globalong\/senegal-solene-mission-medicale\/#primaryimage","url":"https:\/\/www.globalong.com\/blog\/wp-content\/uploads\/2023\/05\/solene-au-se\u0301ne\u0301gal.jpeg","contentUrl":"https:\/\/www.globalong.com\/blog\/wp-content\/uploads\/2023\/05\/solene-au-se\u0301ne\u0301gal.jpeg","width":1200,"height":1600,"caption":"Stage en pu\u00e9riculture \u00e0 l'\u00e9tranger"},{"@type":"BreadcrumbList","@id":"https:\/\/www.globalong.com\/blog\/avis-temoignages-globalong\/senegal-solene-mission-medicale\/#breadcrumb","itemListElement":[{"@type":"ListItem","position":1,"name":"Accueil","item":"https:\/\/www.globalong.com\/blog\/"},{"@type":"ListItem","position":2,"name":"T\u00e9moignages et avis de volontaires Globalong","item":"https:\/\/www.globalong.com\/blog\/avis-temoignages-globalong\/"},{"@type":"ListItem","position":3,"name":"S\u00e9n\u00e9gal &#8211; Sol\u00e8ne (mission m\u00e9dicale)"}]},{"@type":"WebSite","@id":"https:\/\/www.globalong.com\/blog\/#website","url":"https:\/\/www.globalong.com\/blog\/","name":"https:\/\/www.globalong.com\/","description":"Mission humanitaire, stage \u00e9tudiant et voyage linguistique","publisher":{"@id":"https:\/\/www.globalong.com\/blog\/#organization"},"potentialAction":[{"@type":"SearchAction","target":{"@type":"EntryPoint","urlTemplate":"https:\/\/www.globalong.com\/blog\/?s={search_term_string}"},"query-input":{"@type":"PropertyValueSpecification","valueRequired":true,"valueName":"search_term_string"}}],"inLanguage":"fr-FR"},{"@type":"Organization","@id":"https:\/\/www.globalong.com\/blog\/#organization","name":"Association Globalong","url":"https:\/\/www.globalong.com\/blog\/","logo":{"@type":"ImageObject","inLanguage":"fr-FR","@id":"https:\/\/www.globalong.com\/blog\/#\/schema\/logo\/image\/","url":"https:\/\/www.globalong.com\/blog\/wp-content\/uploads\/2014\/11\/cropped-cropped-Logo-et-Afrique-Globalong-petite-taille-2.jpg","contentUrl":"https:\/\/www.globalong.com\/blog\/wp-content\/uploads\/2014\/11\/cropped-cropped-Logo-et-Afrique-Globalong-petite-taille-2.jpg","width":512,"height":512,"caption":"Association Globalong"},"image":{"@id":"https:\/\/www.globalong.com\/blog\/#\/schema\/logo\/image\/"},"sameAs":["https:\/\/www.facebook.com\/globalong"]}]}},"_links":{"self":[{"href":"https:\/\/www.globalong.com\/blog\/wp-json\/wp\/v2\/pages\/15289"}],"collection":[{"href":"https:\/\/www.globalong.com\/blog\/wp-json\/wp\/v2\/pages"}],"about":[{"href":"https:\/\/www.globalong.com\/blog\/wp-json\/wp\/v2\/types\/page"}],"author":[{"embeddable":true,"href":"https:\/\/www.globalong.com\/blog\/wp-json\/wp\/v2\/users\/9"}],"replies":[{"embeddable":true,"href":"https:\/\/www.globalong.com\/blog\/wp-json\/wp\/v2\/comments?post=15289"}],"version-history":[{"count":1,"href":"https:\/\/www.globalong.com\/blog\/wp-json\/wp\/v2\/pages\/15289\/revisions"}],"predecessor-version":[{"id":15292,"href":"https:\/\/www.globalong.com\/blog\/wp-json\/wp\/v2\/pages\/15289\/revisions\/15292"}],"up":[{"embeddable":true,"href":"https:\/\/www.globalong.com\/blog\/wp-json\/wp\/v2\/pages\/883"}],"wp:featuredmedia":[{"embeddable":true,"href":"https:\/\/www.globalong.com\/blog\/wp-json\/wp\/v2\/media\/15361"}],"wp:attachment":[{"href":"https:\/\/www.globalong.com\/blog\/wp-json\/wp\/v2\/media?parent=15289"}],"curies":[{"name":"wp","href":"https:\/\/api.w.org\/{rel}","templated":true}]}}