{"id":15312,"date":"2023-04-07T16:11:25","date_gmt":"2023-04-07T14:11:25","guid":{"rendered":"https:\/\/www.globalong.com\/blog\/?page_id=15312"},"modified":"2023-04-07T16:11:25","modified_gmt":"2023-04-07T14:11:25","slug":"vietnam-sarah-lea-et-charlotte-medical","status":"publish","type":"page","link":"https:\/\/www.globalong.com\/blog\/avis-temoignages-globalong\/vietnam-sarah-lea-et-charlotte-medical\/","title":{"rendered":"Vietnam &#8211; Sarah, L\u00e9a et Charlotte (m\u00e9dical)"},"content":{"rendered":"<p class=\"p1\" style=\"text-align: center;\"><strong>En f\u00e9vrier, L\u00e9a, Charlotte et Sarah sont parties au Vietnam en mission m\u00e9dicale. Dans le cadre de leurs \u00e9tudes d\u2019infirmi\u00e8res, elles ont int\u00e9gr\u00e9 un h\u00f4pital de Ho Chi Minh.<\/strong><\/p>\n<p><a href=\"https:\/\/www.globalong.com\/blog\/wp-content\/uploads\/2023\/04\/Mission-infirmie\u0300res-au-Vietnam.png\" target=\"_blank\" rel=\"noopener\"><img loading=\"lazy\" decoding=\"async\" class=\"alignnone wp-image-15315 size-full\" src=\"https:\/\/www.globalong.com\/blog\/wp-content\/uploads\/2023\/04\/Mission-infirmie\u0300res-au-Vietnam.png\" alt=\"\" width=\"2430\" height=\"808\" srcset=\"https:\/\/www.globalong.com\/blog\/wp-content\/uploads\/2023\/04\/Mission-infirmie\u0300res-au-Vietnam.png 2430w, https:\/\/www.globalong.com\/blog\/wp-content\/uploads\/2023\/04\/Mission-infirmie\u0300res-au-Vietnam-300x100.png 300w, https:\/\/www.globalong.com\/blog\/wp-content\/uploads\/2023\/04\/Mission-infirmie\u0300res-au-Vietnam-1024x340.png 1024w, https:\/\/www.globalong.com\/blog\/wp-content\/uploads\/2023\/04\/Mission-infirmie\u0300res-au-Vietnam-768x255.png 768w, https:\/\/www.globalong.com\/blog\/wp-content\/uploads\/2023\/04\/Mission-infirmie\u0300res-au-Vietnam-1536x511.png 1536w, https:\/\/www.globalong.com\/blog\/wp-content\/uploads\/2023\/04\/Mission-infirmie\u0300res-au-Vietnam-2048x681.png 2048w\" sizes=\"(max-width: 2430px) 100vw, 2430px\" \/><\/a><\/p>\n<p class=\"p1\" style=\"text-align: justify;\"><strong>Apr\u00e8s 7 semaines sur place, elles sont rentr\u00e9es en France et nous livrent le t\u00e9moignage qu\u2019elles ont adress\u00e9 aux coordinateurs locaux :<\/strong><\/p>\n<p class=\"p1\" style=\"text-align: justify;\"><em><strong>\u00a0\u00bb J&rsquo;essaie de ne pas pleurer en \u00e9crivant ces lignes haha ! Je ne sais pas comment commencer ces lignes sans vous dire merci : merci d&rsquo;\u00eatre aussi d\u00e9vou\u00e9s que vous l&rsquo;avez \u00e9t\u00e9 pour nous et que vous l&rsquo;\u00eates pour l&rsquo;humanit\u00e9.<\/strong><\/em><\/p>\n<p class=\"p1\" style=\"text-align: justify;\"><em><strong>Vous \u00eates vraiment les super-h\u00e9ros quotidiens de Ho Chi Minh. Vous rendez le quotidien des gens un peu plus agr\u00e9able et surtout notre vie 1000 fois meilleure en nous permettant de vivre ces 7 semaines avec vous.<\/strong><\/em><\/p>\n<p class=\"p1\" style=\"text-align: justify;\"><em><strong>Avant de venir ici, quand je pensais venir au Vietnam, je pensais vraiment que ce serait une aventure et que je d\u00e9couvrirais quelque chose que je ne saurais pas comment faire. Mais en fin de compte, pour \u00eatre honn\u00eate, vous nous avez fait sentir comme si nous \u00e9tions \u00e0 la maison et vous avoir avec nous, c&rsquo;\u00e9tait comme avoir une famille. Vous avez pris soin de nous comme si nous nous \u00e9tions toujours connu.<\/strong><\/em><\/p>\n<p class=\"p1\" style=\"text-align: justify;\"><em><strong>Mais c&rsquo;est ce que nous avons ressenti et nous nous souviendrons toujours, toujours, de notre voyage au Vietnam \u00e0 Ho Chi Minh, c\u2019est surtout vous. Je disais que ce serait le voyage de ma vie et j&rsquo;avais raison. C&rsquo;est vraiment la plus belle chose que j&rsquo;ai v\u00e9cue dans ma vie pour l&rsquo;instant. Nous nous souviendrons de chaque partie de ce voyage et de tout ce que nous avons fait ici avec vous, les repas \u00e0 la maison et \u00e0 c\u00f4t\u00e9 de l&rsquo;h\u00f4pital, prendre le bus pour la premi\u00e8re fois ici&#8230;<\/strong><\/em><\/p>\n<p class=\"p1\" style=\"text-align: justify;\"><em><strong>J&rsquo;ai vraiment v\u00e9cu une autre vie ici et j&rsquo;en avais besoin. Nos vraies vies ont commenc\u00e9 quand vous nous avez r\u00e9cup\u00e9r\u00e9es \u00e0 l&rsquo;a\u00e9roport. Nous nous souviendrons toujours de vous et nous vous aimerons toujours. De tout mon c\u0153ur, \u00e0 bient\u00f4t.<\/strong><\/em><\/p>\n<p class=\"p1\" style=\"text-align: justify;\"><em><strong>Love, take care \u00a0\u00bb\u00a0<\/strong><\/em><\/p>\n<p>&nbsp;<\/p>\n<p><a href=\"https:\/\/www.globalong.com\/blog\/wp-content\/uploads\/2023\/04\/Mission-me\u0301dicale-au-Vietnam-1.png\" target=\"_blank\" rel=\"noopener\"><img loading=\"lazy\" decoding=\"async\" class=\"alignnone wp-image-15318 size-full\" src=\"https:\/\/www.globalong.com\/blog\/wp-content\/uploads\/2023\/04\/Mission-me\u0301dicale-au-Vietnam-1.png\" alt=\"\" width=\"2410\" height=\"808\" srcset=\"https:\/\/www.globalong.com\/blog\/wp-content\/uploads\/2023\/04\/Mission-me\u0301dicale-au-Vietnam-1.png 2410w, https:\/\/www.globalong.com\/blog\/wp-content\/uploads\/2023\/04\/Mission-me\u0301dicale-au-Vietnam-1-300x101.png 300w, https:\/\/www.globalong.com\/blog\/wp-content\/uploads\/2023\/04\/Mission-me\u0301dicale-au-Vietnam-1-1024x343.png 1024w, https:\/\/www.globalong.com\/blog\/wp-content\/uploads\/2023\/04\/Mission-me\u0301dicale-au-Vietnam-1-768x257.png 768w, https:\/\/www.globalong.com\/blog\/wp-content\/uploads\/2023\/04\/Mission-me\u0301dicale-au-Vietnam-1-1536x515.png 1536w, https:\/\/www.globalong.com\/blog\/wp-content\/uploads\/2023\/04\/Mission-me\u0301dicale-au-Vietnam-1-2048x687.png 2048w\" sizes=\"(max-width: 2410px) 100vw, 2410px\" \/><\/a><\/p>\n<p class=\"p1\" style=\"text-align: justify;\"><strong>\u00ab\u00a0Concernant les aspects logistiques de la mission, nous avons eu de bonnes informations sur l&rsquo;endroit o\u00f9 nous allions loger, qui allait s&rsquo;occuper de nous et comment notre s\u00e9jour allait \u00eatre organis\u00e9 ! Parfait ! <\/strong><strong>J&rsquo;ai trouv\u00e9 le coordinateur facilement \u00e0 l&rsquo;a\u00e9roport et tout \u00e9tait parfait, il \u00e9tait l\u00e0 \u00e0 l&rsquo;heure et tr\u00e8s accueillant. (Merci)<\/strong><strong>Le stage \u00e9tait super, mon stage pour voir comment sont les infirmi\u00e8res au Vietnam ! Il n&rsquo;y avait peut-\u00eatre pas grand-chose \u00e0 faire pour nous, les \u00e9tudiants \u00e9trangers, mais certaines unit\u00e9s \u00e9taient tr\u00e8s accueillantes et voulaient vraiment nous apprendre beaucoup de choses sur la fa\u00e7on dont elles pratiquent ici au Vietnam. <\/strong><strong>De plus, le fait de pouvoir se rendre au th\u00e9\u00e2tre \u00e9tait incroyable ! L&rsquo;h\u00f4pital \u00e9tait peut-\u00eatre un peu trop loin de l&rsquo;endroit o\u00f9 nous vivions. La maison \u00e9tait bien ! J&rsquo;\u00e9tais contente d&rsquo;\u00eatre dans la m\u00eame chambre que mes amies et de rencontrer d&rsquo;autres volontaires. Peut-\u00eatre que la nourriture devrait \u00eatre plus vari\u00e9e mais c&rsquo;\u00e9tait bien ! (Il faudrait peut-\u00eatre un micro-ondes)\u00a0\u00bb\u00a0 <\/strong><strong>Charlotte<\/strong><\/p>\n<p class=\"p1\" style=\"text-align: justify;\"><strong>\u00ab\u00a0Nous avons eu la chance d&rsquo;\u00eatre bien inform\u00e9es sur tout ce que nous devions savoir. Nous avons eu des r\u00e9ponses \u00e0 toutes nos questions. <\/strong><strong>Les coordinateurs nous ont bien accueillis ! Nous nous sommes tout de suite sentis en s\u00e9curit\u00e9 avec eux et tous nos besoins ont \u00e9t\u00e9 satisfaits. <\/strong><strong>Nous avons eu la chance d&rsquo;\u00eatre bien accueillies dans nos services et de pouvoir d\u00e9couvrir le domaine de la sant\u00e9 dans une nouvelle culture. La barri\u00e8re de la langue a parfois \u00e9t\u00e9 compliqu\u00e9e, maise tout s&rsquo;est toujours bien pass\u00e9. La maison \u00e9tait un peu loin. <\/strong><strong>Le logement \u00e9tait bien. Notre chambre \u00e9tait bien aussi. Nous avons rencontr\u00e9 beaucoup d&rsquo;amis qui resteront dans nos m\u00e9moires.\u00a0\u00bb <\/strong><strong>L\u00e9a<\/strong><\/p>\n<p class=\"p1\" style=\"text-align: justify;\"><strong>\u00a0\u00bb Nous avons eu toutes les informations n\u00e9cessaires au bon d\u00e9roulement de notre voyage. <\/strong><strong>Nous avons \u00e9t\u00e9 bien accueillies \u00e0 l&rsquo;a\u00e9roport et \u00e0 l&rsquo;heure. <\/strong><strong>Nous avons pu pratiquer \u00e0 l&rsquo;h\u00f4pital et rencontrer de nombreux professionnels de sant\u00e9, ce qui a \u00e9t\u00e9 tr\u00e8s enrichissant. Il serait peut-\u00eatre bon que nous soyons plus accompagn\u00e9s par les infirmi\u00e8res. <\/strong><strong>Nous avons \u00e9t\u00e9 tr\u00e8s bien log\u00e9s et nous n&rsquo;avons manqu\u00e9 de rien. Avoir une salle de bain dans la chambre \u00e9tait tr\u00e8s pratique. \u00a0\u00bb <\/strong><strong>Sarah<\/strong><\/p>\n<p class=\"p1\" style=\"text-align: justify;\"><strong>Toutes s\u2019accordent \u00e0 dire que les coordinateurs sont \u00ab les meilleurs coordinateurs \u00bb. \u00ab Ils \u00e9taient toujours l\u00e0 pour nous, ils sont devenus de vrais amis ! Les coordinateurs ont \u00e9t\u00e9 formidables, toujours disponibles et r\u00e9actifs. Nous nous sommes toujours senties tr\u00e8s soutenues. \u00bb<\/strong><\/p>\n<p class=\"p1\" style=\"text-align: justify;\"><strong>Charlotte, L\u00e9a et Sarah recommandent ce programme \u00e0 de futurs volontaires ! Merci \u00e0 elles pour leur engagement !<\/strong><\/p>\n<p><a href=\"https:\/\/www.globalong.com\/blog\/wp-content\/uploads\/2023\/04\/vietnam-ong-humanitaire.jpg\" target=\"_blank\" rel=\"noopener\"><img loading=\"lazy\" decoding=\"async\" class=\"alignnone wp-image-15313 size-full\" src=\"https:\/\/www.globalong.com\/blog\/wp-content\/uploads\/2023\/04\/vietnam-ong-humanitaire.jpg\" alt=\"\" width=\"1536\" height=\"2048\" srcset=\"https:\/\/www.globalong.com\/blog\/wp-content\/uploads\/2023\/04\/vietnam-ong-humanitaire.jpg 1536w, https:\/\/www.globalong.com\/blog\/wp-content\/uploads\/2023\/04\/vietnam-ong-humanitaire-225x300.jpg 225w, https:\/\/www.globalong.com\/blog\/wp-content\/uploads\/2023\/04\/vietnam-ong-humanitaire-768x1024.jpg 768w, https:\/\/www.globalong.com\/blog\/wp-content\/uploads\/2023\/04\/vietnam-ong-humanitaire-1152x1536.jpg 1152w\" sizes=\"(max-width: 1536px) 100vw, 1536px\" \/><\/a><\/p>\n","protected":false},"excerpt":{"rendered":"<p>En f\u00e9vrier, L\u00e9a, Charlotte et Sarah sont parties au Vietnam en mission m\u00e9dicale. Dans le cadre de leurs \u00e9tudes d\u2019infirmi\u00e8res, elles ont int\u00e9gr\u00e9 un h\u00f4pital de Ho Chi Minh. Apr\u00e8s 7 semaines sur place, elles sont rentr\u00e9es en France et nous livrent le t\u00e9moignage qu\u2019elles ont adress\u00e9 aux coordinateurs locaux : \u00a0\u00bb J&rsquo;essaie de ne [&hellip;]<\/p>\n","protected":false},"author":9,"featured_media":15316,"parent":883,"menu_order":0,"comment_status":"closed","ping_status":"closed","template":"","meta":{"footnotes":""},"yoast_head":"<!-- This site is optimized with the Yoast SEO Premium plugin v23.4 (Yoast SEO v23.4) - https:\/\/yoast.com\/wordpress\/plugins\/seo\/ -->\n<title>Vietnam - Sarah, L\u00e9a et Charlotte (m\u00e9dical) - Association Globalong<\/title>\n<meta name=\"robots\" content=\"index, follow, max-snippet:-1, max-image-preview:large, max-video-preview:-1\" \/>\n<link rel=\"canonical\" href=\"https:\/\/www.globalong.com\/blog\/avis-temoignages-globalong\/vietnam-sarah-lea-et-charlotte-medical\/\" \/>\n<meta property=\"og:locale\" content=\"fr_FR\" \/>\n<meta property=\"og:type\" content=\"article\" \/>\n<meta property=\"og:title\" content=\"Vietnam - Sarah, L\u00e9a et Charlotte (m\u00e9dical)\" \/>\n<meta property=\"og:description\" content=\"En f\u00e9vrier, L\u00e9a, Charlotte et Sarah sont parties au Vietnam en mission m\u00e9dicale. Dans le cadre de leurs \u00e9tudes d\u2019infirmi\u00e8res, elles ont int\u00e9gr\u00e9 un h\u00f4pital de Ho Chi Minh. Apr\u00e8s 7 semaines sur place, elles sont rentr\u00e9es en France et nous livrent le t\u00e9moignage qu\u2019elles ont adress\u00e9 aux coordinateurs locaux : \u00a0\u00bb J&rsquo;essaie de ne [&hellip;]\" \/>\n<meta property=\"og:url\" content=\"https:\/\/www.globalong.com\/blog\/avis-temoignages-globalong\/vietnam-sarah-lea-et-charlotte-medical\/\" \/>\n<meta property=\"og:site_name\" content=\"Association Globalong\" \/>\n<meta property=\"article:publisher\" content=\"https:\/\/www.facebook.com\/globalong\" \/>\n<meta property=\"og:image\" content=\"https:\/\/www.globalong.com\/blog\/wp-content\/uploads\/2023\/04\/volontaires-au-vietnam.jpg\" \/>\n\t<meta property=\"og:image:width\" content=\"2048\" \/>\n\t<meta property=\"og:image:height\" content=\"1520\" \/>\n\t<meta property=\"og:image:type\" content=\"image\/jpeg\" \/>\n<meta name=\"twitter:card\" content=\"summary_large_image\" \/>\n<meta name=\"twitter:label1\" content=\"Dur\u00e9e de lecture estim\u00e9e\" \/>\n\t<meta name=\"twitter:data1\" content=\"5 minutes\" \/>\n<script type=\"application\/ld+json\" class=\"yoast-schema-graph\">{\"@context\":\"https:\/\/schema.org\",\"@graph\":[{\"@type\":\"WebPage\",\"@id\":\"https:\/\/www.globalong.com\/blog\/avis-temoignages-globalong\/vietnam-sarah-lea-et-charlotte-medical\/\",\"url\":\"https:\/\/www.globalong.com\/blog\/avis-temoignages-globalong\/vietnam-sarah-lea-et-charlotte-medical\/\",\"name\":\"Vietnam - Sarah, L\u00e9a et Charlotte (m\u00e9dical) - Association Globalong\",\"isPartOf\":{\"@id\":\"https:\/\/www.globalong.com\/blog\/#website\"},\"primaryImageOfPage\":{\"@id\":\"https:\/\/www.globalong.com\/blog\/avis-temoignages-globalong\/vietnam-sarah-lea-et-charlotte-medical\/#primaryimage\"},\"image\":{\"@id\":\"https:\/\/www.globalong.com\/blog\/avis-temoignages-globalong\/vietnam-sarah-lea-et-charlotte-medical\/#primaryimage\"},\"thumbnailUrl\":\"https:\/\/www.globalong.com\/blog\/wp-content\/uploads\/2023\/04\/volontaires-au-vietnam.jpg\",\"datePublished\":\"2023-04-07T14:11:25+00:00\",\"dateModified\":\"2023-04-07T14:11:25+00:00\",\"breadcrumb\":{\"@id\":\"https:\/\/www.globalong.com\/blog\/avis-temoignages-globalong\/vietnam-sarah-lea-et-charlotte-medical\/#breadcrumb\"},\"inLanguage\":\"fr-FR\",\"potentialAction\":[{\"@type\":\"ReadAction\",\"target\":[\"https:\/\/www.globalong.com\/blog\/avis-temoignages-globalong\/vietnam-sarah-lea-et-charlotte-medical\/\"]}]},{\"@type\":\"ImageObject\",\"inLanguage\":\"fr-FR\",\"@id\":\"https:\/\/www.globalong.com\/blog\/avis-temoignages-globalong\/vietnam-sarah-lea-et-charlotte-medical\/#primaryimage\",\"url\":\"https:\/\/www.globalong.com\/blog\/wp-content\/uploads\/2023\/04\/volontaires-au-vietnam.jpg\",\"contentUrl\":\"https:\/\/www.globalong.com\/blog\/wp-content\/uploads\/2023\/04\/volontaires-au-vietnam.jpg\",\"width\":2048,\"height\":1520,\"caption\":\"Journ\u00e9e des volontaires\"},{\"@type\":\"BreadcrumbList\",\"@id\":\"https:\/\/www.globalong.com\/blog\/avis-temoignages-globalong\/vietnam-sarah-lea-et-charlotte-medical\/#breadcrumb\",\"itemListElement\":[{\"@type\":\"ListItem\",\"position\":1,\"name\":\"Accueil\",\"item\":\"https:\/\/www.globalong.com\/blog\/\"},{\"@type\":\"ListItem\",\"position\":2,\"name\":\"T\u00e9moignages et avis de volontaires Globalong\",\"item\":\"https:\/\/www.globalong.com\/blog\/avis-temoignages-globalong\/\"},{\"@type\":\"ListItem\",\"position\":3,\"name\":\"Vietnam &#8211; Sarah, L\u00e9a et Charlotte (m\u00e9dical)\"}]},{\"@type\":\"WebSite\",\"@id\":\"https:\/\/www.globalong.com\/blog\/#website\",\"url\":\"https:\/\/www.globalong.com\/blog\/\",\"name\":\"https:\/\/www.globalong.com\/\",\"description\":\"Mission humanitaire, stage \u00e9tudiant et voyage linguistique\",\"publisher\":{\"@id\":\"https:\/\/www.globalong.com\/blog\/#organization\"},\"potentialAction\":[{\"@type\":\"SearchAction\",\"target\":{\"@type\":\"EntryPoint\",\"urlTemplate\":\"https:\/\/www.globalong.com\/blog\/?s={search_term_string}\"},\"query-input\":{\"@type\":\"PropertyValueSpecification\",\"valueRequired\":true,\"valueName\":\"search_term_string\"}}],\"inLanguage\":\"fr-FR\"},{\"@type\":\"Organization\",\"@id\":\"https:\/\/www.globalong.com\/blog\/#organization\",\"name\":\"Association Globalong\",\"url\":\"https:\/\/www.globalong.com\/blog\/\",\"logo\":{\"@type\":\"ImageObject\",\"inLanguage\":\"fr-FR\",\"@id\":\"https:\/\/www.globalong.com\/blog\/#\/schema\/logo\/image\/\",\"url\":\"https:\/\/www.globalong.com\/blog\/wp-content\/uploads\/2014\/11\/cropped-cropped-Logo-et-Afrique-Globalong-petite-taille-2.jpg\",\"contentUrl\":\"https:\/\/www.globalong.com\/blog\/wp-content\/uploads\/2014\/11\/cropped-cropped-Logo-et-Afrique-Globalong-petite-taille-2.jpg\",\"width\":512,\"height\":512,\"caption\":\"Association Globalong\"},\"image\":{\"@id\":\"https:\/\/www.globalong.com\/blog\/#\/schema\/logo\/image\/\"},\"sameAs\":[\"https:\/\/www.facebook.com\/globalong\"]}]}<\/script>\n<!-- \/ Yoast SEO Premium plugin. -->","yoast_head_json":{"title":"Vietnam - Sarah, L\u00e9a et Charlotte (m\u00e9dical) - Association Globalong","robots":{"index":"index","follow":"follow","max-snippet":"max-snippet:-1","max-image-preview":"max-image-preview:large","max-video-preview":"max-video-preview:-1"},"canonical":"https:\/\/www.globalong.com\/blog\/avis-temoignages-globalong\/vietnam-sarah-lea-et-charlotte-medical\/","og_locale":"fr_FR","og_type":"article","og_title":"Vietnam - Sarah, L\u00e9a et Charlotte (m\u00e9dical)","og_description":"En f\u00e9vrier, L\u00e9a, Charlotte et Sarah sont parties au Vietnam en mission m\u00e9dicale. Dans le cadre de leurs \u00e9tudes d\u2019infirmi\u00e8res, elles ont int\u00e9gr\u00e9 un h\u00f4pital de Ho Chi Minh. Apr\u00e8s 7 semaines sur place, elles sont rentr\u00e9es en France et nous livrent le t\u00e9moignage qu\u2019elles ont adress\u00e9 aux coordinateurs locaux : \u00a0\u00bb J&rsquo;essaie de ne [&hellip;]","og_url":"https:\/\/www.globalong.com\/blog\/avis-temoignages-globalong\/vietnam-sarah-lea-et-charlotte-medical\/","og_site_name":"Association Globalong","article_publisher":"https:\/\/www.facebook.com\/globalong","og_image":[{"width":2048,"height":1520,"url":"https:\/\/www.globalong.com\/blog\/wp-content\/uploads\/2023\/04\/volontaires-au-vietnam.jpg","type":"image\/jpeg"}],"twitter_card":"summary_large_image","twitter_misc":{"Dur\u00e9e de lecture estim\u00e9e":"5 minutes"},"schema":{"@context":"https:\/\/schema.org","@graph":[{"@type":"WebPage","@id":"https:\/\/www.globalong.com\/blog\/avis-temoignages-globalong\/vietnam-sarah-lea-et-charlotte-medical\/","url":"https:\/\/www.globalong.com\/blog\/avis-temoignages-globalong\/vietnam-sarah-lea-et-charlotte-medical\/","name":"Vietnam - Sarah, L\u00e9a et Charlotte (m\u00e9dical) - Association Globalong","isPartOf":{"@id":"https:\/\/www.globalong.com\/blog\/#website"},"primaryImageOfPage":{"@id":"https:\/\/www.globalong.com\/blog\/avis-temoignages-globalong\/vietnam-sarah-lea-et-charlotte-medical\/#primaryimage"},"image":{"@id":"https:\/\/www.globalong.com\/blog\/avis-temoignages-globalong\/vietnam-sarah-lea-et-charlotte-medical\/#primaryimage"},"thumbnailUrl":"https:\/\/www.globalong.com\/blog\/wp-content\/uploads\/2023\/04\/volontaires-au-vietnam.jpg","datePublished":"2023-04-07T14:11:25+00:00","dateModified":"2023-04-07T14:11:25+00:00","breadcrumb":{"@id":"https:\/\/www.globalong.com\/blog\/avis-temoignages-globalong\/vietnam-sarah-lea-et-charlotte-medical\/#breadcrumb"},"inLanguage":"fr-FR","potentialAction":[{"@type":"ReadAction","target":["https:\/\/www.globalong.com\/blog\/avis-temoignages-globalong\/vietnam-sarah-lea-et-charlotte-medical\/"]}]},{"@type":"ImageObject","inLanguage":"fr-FR","@id":"https:\/\/www.globalong.com\/blog\/avis-temoignages-globalong\/vietnam-sarah-lea-et-charlotte-medical\/#primaryimage","url":"https:\/\/www.globalong.com\/blog\/wp-content\/uploads\/2023\/04\/volontaires-au-vietnam.jpg","contentUrl":"https:\/\/www.globalong.com\/blog\/wp-content\/uploads\/2023\/04\/volontaires-au-vietnam.jpg","width":2048,"height":1520,"caption":"Journ\u00e9e des volontaires"},{"@type":"BreadcrumbList","@id":"https:\/\/www.globalong.com\/blog\/avis-temoignages-globalong\/vietnam-sarah-lea-et-charlotte-medical\/#breadcrumb","itemListElement":[{"@type":"ListItem","position":1,"name":"Accueil","item":"https:\/\/www.globalong.com\/blog\/"},{"@type":"ListItem","position":2,"name":"T\u00e9moignages et avis de volontaires Globalong","item":"https:\/\/www.globalong.com\/blog\/avis-temoignages-globalong\/"},{"@type":"ListItem","position":3,"name":"Vietnam &#8211; Sarah, L\u00e9a et Charlotte (m\u00e9dical)"}]},{"@type":"WebSite","@id":"https:\/\/www.globalong.com\/blog\/#website","url":"https:\/\/www.globalong.com\/blog\/","name":"https:\/\/www.globalong.com\/","description":"Mission humanitaire, stage \u00e9tudiant et voyage linguistique","publisher":{"@id":"https:\/\/www.globalong.com\/blog\/#organization"},"potentialAction":[{"@type":"SearchAction","target":{"@type":"EntryPoint","urlTemplate":"https:\/\/www.globalong.com\/blog\/?s={search_term_string}"},"query-input":{"@type":"PropertyValueSpecification","valueRequired":true,"valueName":"search_term_string"}}],"inLanguage":"fr-FR"},{"@type":"Organization","@id":"https:\/\/www.globalong.com\/blog\/#organization","name":"Association Globalong","url":"https:\/\/www.globalong.com\/blog\/","logo":{"@type":"ImageObject","inLanguage":"fr-FR","@id":"https:\/\/www.globalong.com\/blog\/#\/schema\/logo\/image\/","url":"https:\/\/www.globalong.com\/blog\/wp-content\/uploads\/2014\/11\/cropped-cropped-Logo-et-Afrique-Globalong-petite-taille-2.jpg","contentUrl":"https:\/\/www.globalong.com\/blog\/wp-content\/uploads\/2014\/11\/cropped-cropped-Logo-et-Afrique-Globalong-petite-taille-2.jpg","width":512,"height":512,"caption":"Association Globalong"},"image":{"@id":"https:\/\/www.globalong.com\/blog\/#\/schema\/logo\/image\/"},"sameAs":["https:\/\/www.facebook.com\/globalong"]}]}},"_links":{"self":[{"href":"https:\/\/www.globalong.com\/blog\/wp-json\/wp\/v2\/pages\/15312"}],"collection":[{"href":"https:\/\/www.globalong.com\/blog\/wp-json\/wp\/v2\/pages"}],"about":[{"href":"https:\/\/www.globalong.com\/blog\/wp-json\/wp\/v2\/types\/page"}],"author":[{"embeddable":true,"href":"https:\/\/www.globalong.com\/blog\/wp-json\/wp\/v2\/users\/9"}],"replies":[{"embeddable":true,"href":"https:\/\/www.globalong.com\/blog\/wp-json\/wp\/v2\/comments?post=15312"}],"version-history":[{"count":3,"href":"https:\/\/www.globalong.com\/blog\/wp-json\/wp\/v2\/pages\/15312\/revisions"}],"predecessor-version":[{"id":19525,"href":"https:\/\/www.globalong.com\/blog\/wp-json\/wp\/v2\/pages\/15312\/revisions\/19525"}],"up":[{"embeddable":true,"href":"https:\/\/www.globalong.com\/blog\/wp-json\/wp\/v2\/pages\/883"}],"wp:featuredmedia":[{"embeddable":true,"href":"https:\/\/www.globalong.com\/blog\/wp-json\/wp\/v2\/media\/15316"}],"wp:attachment":[{"href":"https:\/\/www.globalong.com\/blog\/wp-json\/wp\/v2\/media?parent=15312"}],"curies":[{"name":"wp","href":"https:\/\/api.w.org\/{rel}","templated":true}]}}