{"id":15333,"date":"2023-04-21T17:52:44","date_gmt":"2023-04-21T15:52:44","guid":{"rendered":"https:\/\/www.globalong.com\/blog\/?page_id=15333"},"modified":"2023-04-21T17:52:44","modified_gmt":"2023-04-21T15:52:44","slug":"irlande-melanie","status":"publish","type":"page","link":"https:\/\/www.globalong.com\/blog\/avis-temoignages-globalong\/irlande-melanie\/","title":{"rendered":"Irlande &#8211; M\u00e9lanie"},"content":{"rendered":"<p style=\"text-align: center;\"><strong>M\u00e9lanie, adh\u00e9rente partie en mission de soutien aux adultes en situation de handicap pendant 8 semaines, est rentr\u00e9e il y a quelques jours et nous livre son t\u00e9moignage.\u00a0<\/strong><\/p>\n<p><a href=\"https:\/\/www.globalong.com\/blog\/wp-content\/uploads\/2023\/04\/me\u0301lanie-en-irlande.png\"><img loading=\"lazy\" decoding=\"async\" class=\"alignnone size-full wp-image-15334\" src=\"https:\/\/www.globalong.com\/blog\/wp-content\/uploads\/2023\/04\/me\u0301lanie-en-irlande.png\" alt=\"\" width=\"2378\" height=\"864\" srcset=\"https:\/\/www.globalong.com\/blog\/wp-content\/uploads\/2023\/04\/me\u0301lanie-en-irlande.png 2378w, https:\/\/www.globalong.com\/blog\/wp-content\/uploads\/2023\/04\/me\u0301lanie-en-irlande-300x109.png 300w, https:\/\/www.globalong.com\/blog\/wp-content\/uploads\/2023\/04\/me\u0301lanie-en-irlande-1024x372.png 1024w, https:\/\/www.globalong.com\/blog\/wp-content\/uploads\/2023\/04\/me\u0301lanie-en-irlande-768x279.png 768w, https:\/\/www.globalong.com\/blog\/wp-content\/uploads\/2023\/04\/me\u0301lanie-en-irlande-1536x558.png 1536w, https:\/\/www.globalong.com\/blog\/wp-content\/uploads\/2023\/04\/me\u0301lanie-en-irlande-2048x744.png 2048w\" sizes=\"(max-width: 2378px) 100vw, 2378px\" \/><\/a><\/p>\n<p class=\"p1\" style=\"text-align: justify;\"><strong>J&rsquo;ai d\u00e9cid\u00e9 de partir en mission humanitaire afin de pouvoir dans un premier am\u00e9liorer mon anglais, vivre de nouvelle exp\u00e9rience, d\u00e9couvrir une nouvelle culture et voyager. Dans un second temps, pouvoir r\u00e9aliser une mission en lien avec mon futur projet de m\u00e9tier.<\/strong><\/p>\n<p class=\"p1\" style=\"text-align: justify;\"><strong>Mes attentes \u00e9taient plus ou moins li\u00e9es, c&rsquo;\u00e9tait, dans la majorit\u00e9, une am\u00e9lioration de mon anglais,<span class=\"Apple-converted-space\">\u00a0<\/span>vivre de nouvelles exp\u00e9riences et rencontrer de nouvelles personnes.<\/strong><\/p>\n<p class=\"p1\" style=\"text-align: justify;\"><strong>Dans n&rsquo;importe quel domaine, que ce soit au niveau de l&rsquo;h\u00e9bergement, de l&rsquo;accueil, du projet&#8230; Tout c&rsquo;est tr\u00e8s bien pass\u00e9. En g\u00e9n\u00e9ral, on travaille 5 jours par semaine pendant 6h (1h de pause pour manger). Concernant les t\u00e2ches quotidiennes, il y a 2 activit\u00e9s d&rsquo;un peu pr\u00e8s 1h environ, un matin et l&rsquo;apr\u00e8s-midi, elles \u00e9taient en g\u00e9n\u00e9ral assez diverses et vari\u00e9es. \u00c7a pouvait \u00eatre des activit\u00e9s r\u00e9alis\u00e9es par les b\u00e9n\u00e9voles comme des jeux de soci\u00e9t\u00e9 ou bien r\u00e9aliser par des personnels sur places et en tant que b\u00e9n\u00e9voles, on peut y participer et aider les r\u00e9sidents lors de l&rsquo;activit\u00e9.<\/strong><\/p>\n<p class=\"p5\" style=\"text-align: justify;\"><strong>Le support mat\u00e9riel \u00e0 disposition est assez divers et vari\u00e9. On avait \u00e0 notre disposition des jeux de soci\u00e9t\u00e9, une tablette afin de r\u00e9aliser des visios pour les r\u00e9sidents ou simplement envoyer des messages avec eux..<\/strong><\/p>\n<p class=\"p5\" style=\"text-align: justify;\"><strong>Concernant les nouvelles connaissances acquises, d\u2019un point de vue personnel, je dirai une am\u00e9lioration de la compr\u00e9hension et de mon vocabulaire en anglais. Je dirai aussi d&rsquo;un point de vue qualit\u00e9 humaine que j&rsquo;ai pu d\u00e9velopper ma patience et mon empathie.<\/strong><\/p>\n<p class=\"p1\" style=\"text-align: justify;\"><strong>Mon conseil pour les prochains b\u00e9n\u00e9voles est simplement que si vous avez peur ou vous n&rsquo;osez pas, je dirai juste, lancez-vous \u00e7a en vaut tellement la peine. Je dirai que cette mission est tr\u00e8s enrichissante d&rsquo;un point de vue humain.<span class=\"Apple-converted-space\">\u00a0 <\/span>L&rsquo;exp\u00e9rience est unique, les Irlandais sont tellement chaleureux et accueillants.<\/strong><\/p>\n<p class=\"p1\" style=\"text-align: justify;\"><strong>J&rsquo;ai sinc\u00e8rement aucun regret et je le refais tel quelle si je devais le refaire !<\/strong><\/p>\n<p class=\"p1\" style=\"text-align: justify;\"><strong>Cette mission m\u2019a apport\u00e9 de tr\u00e8s beaux moments et souvenirs partag\u00e9s avec les r\u00e9sidents, le personnel ou bien les autres volontaires. Tout c&rsquo;est parfaitement bien pass\u00e9 et toutes mes attentes, voire bien plus, ont \u00e9t\u00e9 satisfaites. J&rsquo;ai ressenti une \u00e9volution entre le d\u00e9but et la fin de mon projet.<\/strong><\/p>\n<p class=\"p1\" style=\"text-align: justify;\"><strong>Je qualifierai l&rsquo;engagement b\u00e9n\u00e9vole \u00e0 l&rsquo;international comme une exp\u00e9rience unique que l&rsquo;on doit vivre au moins une fois dans sa vie afin de s&rsquo;ouvrir un peu au monde qui nous entoure , faire de tr\u00e8s belles rencontres et pouvoir vivre des tr\u00e8s beaux moments. Sachant qu&rsquo;il s&rsquo;agissait de ma premi\u00e8re mission en tant que b\u00e9n\u00e9vole \u00e0 l&rsquo;international, je pense m&rsquo;a fait prendre conscience de ma capacit\u00e9 \u00e0 \u00eatre autonome dans un pays qui m&rsquo;\u00e9tais inconnu \u00e0 ce jours. Je dirai aussi que cela m&rsquo;aidera d&rsquo;un point de vue professionnel, je l&rsquo;esp\u00e8re et avoir un profil un peu plus atypique.<\/strong><\/p>\n<p class=\"p5\" style=\"text-align: justify;\"><strong>Les bonnes adresses de M\u00e9lanie :<\/strong><\/p>\n<p class=\"p1\" style=\"text-align: justify;\"><strong>J&rsquo;ai pu visiter Arklow avec une tr\u00e8s belle randonn\u00e9e que ce nomm\u00e9 Arklow Rock walking trail. Carlow, Duckett&rsquo;s Grove, Huntington Castle &amp; Gardens<\/strong><\/p>\n<p class=\"p1\" style=\"text-align: justify;\"><strong>Howth Castle, Dublin (si vous souhaitez visiter guiness store house ou la prison ou bien la librairie, pensez \u00e0 r\u00e9server vos tickets \u00e0 l&rsquo;avance sinon c&rsquo;est impossible de rentrer sans). Au niveau de la c\u00f4te de Dublin Howth est vraiment sympa.<\/strong><\/p>\n","protected":false},"excerpt":{"rendered":"<p>M\u00e9lanie, adh\u00e9rente partie en mission de soutien aux adultes en situation de handicap pendant 8 semaines, est rentr\u00e9e il y a quelques jours et nous livre son t\u00e9moignage.\u00a0 J&rsquo;ai d\u00e9cid\u00e9 de partir en mission humanitaire afin de pouvoir dans un premier am\u00e9liorer mon anglais, vivre de nouvelle exp\u00e9rience, d\u00e9couvrir une nouvelle culture et voyager. Dans [&hellip;]<\/p>\n","protected":false},"author":9,"featured_media":15335,"parent":883,"menu_order":0,"comment_status":"closed","ping_status":"closed","template":"","meta":{"footnotes":""},"yoast_head":"<!-- This site is optimized with the Yoast SEO Premium plugin v23.4 (Yoast SEO v23.4) - https:\/\/yoast.com\/wordpress\/plugins\/seo\/ -->\n<title>Irlande - M\u00e9lanie - Association Globalong<\/title>\n<meta name=\"robots\" content=\"index, follow, max-snippet:-1, max-image-preview:large, max-video-preview:-1\" \/>\n<link rel=\"canonical\" href=\"https:\/\/www.globalong.com\/blog\/avis-temoignages-globalong\/irlande-melanie\/\" \/>\n<meta property=\"og:locale\" content=\"fr_FR\" \/>\n<meta property=\"og:type\" content=\"article\" \/>\n<meta property=\"og:title\" content=\"Irlande - M\u00e9lanie\" \/>\n<meta property=\"og:description\" content=\"M\u00e9lanie, adh\u00e9rente partie en mission de soutien aux adultes en situation de handicap pendant 8 semaines, est rentr\u00e9e il y a quelques jours et nous livre son t\u00e9moignage.\u00a0 J&rsquo;ai d\u00e9cid\u00e9 de partir en mission humanitaire afin de pouvoir dans un premier am\u00e9liorer mon anglais, vivre de nouvelle exp\u00e9rience, d\u00e9couvrir une nouvelle culture et voyager. Dans [&hellip;]\" \/>\n<meta property=\"og:url\" content=\"https:\/\/www.globalong.com\/blog\/avis-temoignages-globalong\/irlande-melanie\/\" \/>\n<meta property=\"og:site_name\" content=\"Association Globalong\" \/>\n<meta property=\"article:publisher\" content=\"https:\/\/www.facebook.com\/globalong\" \/>\n<meta property=\"og:image\" content=\"https:\/\/www.globalong.com\/blog\/wp-content\/uploads\/2023\/04\/Melanie-en-Irlande-mission.jpeg\" \/>\n\t<meta property=\"og:image:width\" content=\"1024\" \/>\n\t<meta property=\"og:image:height\" content=\"576\" \/>\n\t<meta property=\"og:image:type\" content=\"image\/jpeg\" \/>\n<meta name=\"twitter:card\" content=\"summary_large_image\" \/>\n<meta name=\"twitter:label1\" content=\"Dur\u00e9e de lecture estim\u00e9e\" \/>\n\t<meta name=\"twitter:data1\" content=\"3 minutes\" \/>\n<script type=\"application\/ld+json\" class=\"yoast-schema-graph\">{\"@context\":\"https:\/\/schema.org\",\"@graph\":[{\"@type\":\"WebPage\",\"@id\":\"https:\/\/www.globalong.com\/blog\/avis-temoignages-globalong\/irlande-melanie\/\",\"url\":\"https:\/\/www.globalong.com\/blog\/avis-temoignages-globalong\/irlande-melanie\/\",\"name\":\"Irlande - M\u00e9lanie - Association Globalong\",\"isPartOf\":{\"@id\":\"https:\/\/www.globalong.com\/blog\/#website\"},\"primaryImageOfPage\":{\"@id\":\"https:\/\/www.globalong.com\/blog\/avis-temoignages-globalong\/irlande-melanie\/#primaryimage\"},\"image\":{\"@id\":\"https:\/\/www.globalong.com\/blog\/avis-temoignages-globalong\/irlande-melanie\/#primaryimage\"},\"thumbnailUrl\":\"https:\/\/www.globalong.com\/blog\/wp-content\/uploads\/2023\/04\/Melanie-en-Irlande-mission.jpeg\",\"datePublished\":\"2023-04-21T15:52:44+00:00\",\"dateModified\":\"2023-04-21T15:52:44+00:00\",\"breadcrumb\":{\"@id\":\"https:\/\/www.globalong.com\/blog\/avis-temoignages-globalong\/irlande-melanie\/#breadcrumb\"},\"inLanguage\":\"fr-FR\",\"potentialAction\":[{\"@type\":\"ReadAction\",\"target\":[\"https:\/\/www.globalong.com\/blog\/avis-temoignages-globalong\/irlande-melanie\/\"]}]},{\"@type\":\"ImageObject\",\"inLanguage\":\"fr-FR\",\"@id\":\"https:\/\/www.globalong.com\/blog\/avis-temoignages-globalong\/irlande-melanie\/#primaryimage\",\"url\":\"https:\/\/www.globalong.com\/blog\/wp-content\/uploads\/2023\/04\/Melanie-en-Irlande-mission.jpeg\",\"contentUrl\":\"https:\/\/www.globalong.com\/blog\/wp-content\/uploads\/2023\/04\/Melanie-en-Irlande-mission.jpeg\",\"width\":1024,\"height\":576},{\"@type\":\"BreadcrumbList\",\"@id\":\"https:\/\/www.globalong.com\/blog\/avis-temoignages-globalong\/irlande-melanie\/#breadcrumb\",\"itemListElement\":[{\"@type\":\"ListItem\",\"position\":1,\"name\":\"Accueil\",\"item\":\"https:\/\/www.globalong.com\/blog\/\"},{\"@type\":\"ListItem\",\"position\":2,\"name\":\"T\u00e9moignages et avis de volontaires Globalong\",\"item\":\"https:\/\/www.globalong.com\/blog\/avis-temoignages-globalong\/\"},{\"@type\":\"ListItem\",\"position\":3,\"name\":\"Irlande &#8211; M\u00e9lanie\"}]},{\"@type\":\"WebSite\",\"@id\":\"https:\/\/www.globalong.com\/blog\/#website\",\"url\":\"https:\/\/www.globalong.com\/blog\/\",\"name\":\"https:\/\/www.globalong.com\/\",\"description\":\"Mission humanitaire, stage \u00e9tudiant et voyage linguistique\",\"publisher\":{\"@id\":\"https:\/\/www.globalong.com\/blog\/#organization\"},\"potentialAction\":[{\"@type\":\"SearchAction\",\"target\":{\"@type\":\"EntryPoint\",\"urlTemplate\":\"https:\/\/www.globalong.com\/blog\/?s={search_term_string}\"},\"query-input\":{\"@type\":\"PropertyValueSpecification\",\"valueRequired\":true,\"valueName\":\"search_term_string\"}}],\"inLanguage\":\"fr-FR\"},{\"@type\":\"Organization\",\"@id\":\"https:\/\/www.globalong.com\/blog\/#organization\",\"name\":\"Association Globalong\",\"url\":\"https:\/\/www.globalong.com\/blog\/\",\"logo\":{\"@type\":\"ImageObject\",\"inLanguage\":\"fr-FR\",\"@id\":\"https:\/\/www.globalong.com\/blog\/#\/schema\/logo\/image\/\",\"url\":\"https:\/\/www.globalong.com\/blog\/wp-content\/uploads\/2014\/11\/cropped-cropped-Logo-et-Afrique-Globalong-petite-taille-2.jpg\",\"contentUrl\":\"https:\/\/www.globalong.com\/blog\/wp-content\/uploads\/2014\/11\/cropped-cropped-Logo-et-Afrique-Globalong-petite-taille-2.jpg\",\"width\":512,\"height\":512,\"caption\":\"Association Globalong\"},\"image\":{\"@id\":\"https:\/\/www.globalong.com\/blog\/#\/schema\/logo\/image\/\"},\"sameAs\":[\"https:\/\/www.facebook.com\/globalong\"]}]}<\/script>\n<!-- \/ Yoast SEO Premium plugin. -->","yoast_head_json":{"title":"Irlande - M\u00e9lanie - Association Globalong","robots":{"index":"index","follow":"follow","max-snippet":"max-snippet:-1","max-image-preview":"max-image-preview:large","max-video-preview":"max-video-preview:-1"},"canonical":"https:\/\/www.globalong.com\/blog\/avis-temoignages-globalong\/irlande-melanie\/","og_locale":"fr_FR","og_type":"article","og_title":"Irlande - M\u00e9lanie","og_description":"M\u00e9lanie, adh\u00e9rente partie en mission de soutien aux adultes en situation de handicap pendant 8 semaines, est rentr\u00e9e il y a quelques jours et nous livre son t\u00e9moignage.\u00a0 J&rsquo;ai d\u00e9cid\u00e9 de partir en mission humanitaire afin de pouvoir dans un premier am\u00e9liorer mon anglais, vivre de nouvelle exp\u00e9rience, d\u00e9couvrir une nouvelle culture et voyager. Dans [&hellip;]","og_url":"https:\/\/www.globalong.com\/blog\/avis-temoignages-globalong\/irlande-melanie\/","og_site_name":"Association Globalong","article_publisher":"https:\/\/www.facebook.com\/globalong","og_image":[{"width":1024,"height":576,"url":"https:\/\/www.globalong.com\/blog\/wp-content\/uploads\/2023\/04\/Melanie-en-Irlande-mission.jpeg","type":"image\/jpeg"}],"twitter_card":"summary_large_image","twitter_misc":{"Dur\u00e9e de lecture estim\u00e9e":"3 minutes"},"schema":{"@context":"https:\/\/schema.org","@graph":[{"@type":"WebPage","@id":"https:\/\/www.globalong.com\/blog\/avis-temoignages-globalong\/irlande-melanie\/","url":"https:\/\/www.globalong.com\/blog\/avis-temoignages-globalong\/irlande-melanie\/","name":"Irlande - M\u00e9lanie - Association Globalong","isPartOf":{"@id":"https:\/\/www.globalong.com\/blog\/#website"},"primaryImageOfPage":{"@id":"https:\/\/www.globalong.com\/blog\/avis-temoignages-globalong\/irlande-melanie\/#primaryimage"},"image":{"@id":"https:\/\/www.globalong.com\/blog\/avis-temoignages-globalong\/irlande-melanie\/#primaryimage"},"thumbnailUrl":"https:\/\/www.globalong.com\/blog\/wp-content\/uploads\/2023\/04\/Melanie-en-Irlande-mission.jpeg","datePublished":"2023-04-21T15:52:44+00:00","dateModified":"2023-04-21T15:52:44+00:00","breadcrumb":{"@id":"https:\/\/www.globalong.com\/blog\/avis-temoignages-globalong\/irlande-melanie\/#breadcrumb"},"inLanguage":"fr-FR","potentialAction":[{"@type":"ReadAction","target":["https:\/\/www.globalong.com\/blog\/avis-temoignages-globalong\/irlande-melanie\/"]}]},{"@type":"ImageObject","inLanguage":"fr-FR","@id":"https:\/\/www.globalong.com\/blog\/avis-temoignages-globalong\/irlande-melanie\/#primaryimage","url":"https:\/\/www.globalong.com\/blog\/wp-content\/uploads\/2023\/04\/Melanie-en-Irlande-mission.jpeg","contentUrl":"https:\/\/www.globalong.com\/blog\/wp-content\/uploads\/2023\/04\/Melanie-en-Irlande-mission.jpeg","width":1024,"height":576},{"@type":"BreadcrumbList","@id":"https:\/\/www.globalong.com\/blog\/avis-temoignages-globalong\/irlande-melanie\/#breadcrumb","itemListElement":[{"@type":"ListItem","position":1,"name":"Accueil","item":"https:\/\/www.globalong.com\/blog\/"},{"@type":"ListItem","position":2,"name":"T\u00e9moignages et avis de volontaires Globalong","item":"https:\/\/www.globalong.com\/blog\/avis-temoignages-globalong\/"},{"@type":"ListItem","position":3,"name":"Irlande &#8211; M\u00e9lanie"}]},{"@type":"WebSite","@id":"https:\/\/www.globalong.com\/blog\/#website","url":"https:\/\/www.globalong.com\/blog\/","name":"https:\/\/www.globalong.com\/","description":"Mission humanitaire, stage \u00e9tudiant et voyage linguistique","publisher":{"@id":"https:\/\/www.globalong.com\/blog\/#organization"},"potentialAction":[{"@type":"SearchAction","target":{"@type":"EntryPoint","urlTemplate":"https:\/\/www.globalong.com\/blog\/?s={search_term_string}"},"query-input":{"@type":"PropertyValueSpecification","valueRequired":true,"valueName":"search_term_string"}}],"inLanguage":"fr-FR"},{"@type":"Organization","@id":"https:\/\/www.globalong.com\/blog\/#organization","name":"Association Globalong","url":"https:\/\/www.globalong.com\/blog\/","logo":{"@type":"ImageObject","inLanguage":"fr-FR","@id":"https:\/\/www.globalong.com\/blog\/#\/schema\/logo\/image\/","url":"https:\/\/www.globalong.com\/blog\/wp-content\/uploads\/2014\/11\/cropped-cropped-Logo-et-Afrique-Globalong-petite-taille-2.jpg","contentUrl":"https:\/\/www.globalong.com\/blog\/wp-content\/uploads\/2014\/11\/cropped-cropped-Logo-et-Afrique-Globalong-petite-taille-2.jpg","width":512,"height":512,"caption":"Association Globalong"},"image":{"@id":"https:\/\/www.globalong.com\/blog\/#\/schema\/logo\/image\/"},"sameAs":["https:\/\/www.facebook.com\/globalong"]}]}},"_links":{"self":[{"href":"https:\/\/www.globalong.com\/blog\/wp-json\/wp\/v2\/pages\/15333"}],"collection":[{"href":"https:\/\/www.globalong.com\/blog\/wp-json\/wp\/v2\/pages"}],"about":[{"href":"https:\/\/www.globalong.com\/blog\/wp-json\/wp\/v2\/types\/page"}],"author":[{"embeddable":true,"href":"https:\/\/www.globalong.com\/blog\/wp-json\/wp\/v2\/users\/9"}],"replies":[{"embeddable":true,"href":"https:\/\/www.globalong.com\/blog\/wp-json\/wp\/v2\/comments?post=15333"}],"version-history":[{"count":2,"href":"https:\/\/www.globalong.com\/blog\/wp-json\/wp\/v2\/pages\/15333\/revisions"}],"predecessor-version":[{"id":19523,"href":"https:\/\/www.globalong.com\/blog\/wp-json\/wp\/v2\/pages\/15333\/revisions\/19523"}],"up":[{"embeddable":true,"href":"https:\/\/www.globalong.com\/blog\/wp-json\/wp\/v2\/pages\/883"}],"wp:featuredmedia":[{"embeddable":true,"href":"https:\/\/www.globalong.com\/blog\/wp-json\/wp\/v2\/media\/15335"}],"wp:attachment":[{"href":"https:\/\/www.globalong.com\/blog\/wp-json\/wp\/v2\/media?parent=15333"}],"curies":[{"name":"wp","href":"https:\/\/api.w.org\/{rel}","templated":true}]}}