{"id":15378,"date":"2023-05-26T17:15:58","date_gmt":"2023-05-26T15:15:58","guid":{"rendered":"https:\/\/www.globalong.com\/blog\/?page_id=15378"},"modified":"2023-05-26T17:16:08","modified_gmt":"2023-05-26T15:16:08","slug":"kenya-luna","status":"publish","type":"page","link":"https:\/\/www.globalong.com\/blog\/avis-temoignages-globalong\/kenya-luna\/","title":{"rendered":"Kenya &#8211; Luna"},"content":{"rendered":"<p style=\"text-align: center;\"><strong>Luna, adh\u00e9rente de Globalong partie 12 semaines en mission dans un <a href=\"https:\/\/www.globalong.com\/sejour-benevolat\/benevolat-kenya\/parcs-nationaux.html\" target=\"_blank\" rel=\"noopener\">centre de r\u00e9habilitation pour animaux sauvages<\/a> au Kenya nous livre son t\u00e9moignage !<\/strong><\/p>\n<p class=\"p3\" style=\"text-align: justify;\">\u00a0\u00bb Dans le cadre de la deuxi\u00e8me partie du Programme Take Me Up du groupe IGS. J&rsquo;ai fait le choix de partir en mission humanitaire car c&rsquo;est un projet qui me tenait \u00e0 c\u0153ur depuis des ann\u00e9es d\u00e9j\u00e0. J&rsquo;ai essay\u00e9 de ne pas avoir d&rsquo;attentes avant de partir si ce n&rsquo;est d\u00e9couvrir une nouvelle culture et me d\u00e9couvrir un peu plus moi-m\u00eame.<\/p>\n<p class=\"p5\" style=\"text-align: justify;\">Les premi\u00e8res semaines ont \u00e9t\u00e9s compliqu\u00e9es car je me suis retrouv\u00e9e avec 6 volontaires danois qui ne faisait aucun effort pour m&rsquo;int\u00e9grer et ne parlais qu&rsquo;en danois donc qu&rsquo;entre eux. (\u00c0 part une volontaire qui travaillait \u00e0 l&rsquo;orphelinat avec moi et qui faisait donc plus d&rsquo;efforts)<\/p>\n<p class=\"p6\" style=\"text-align: justify;\"><em>Quel \u00e9tait le planning des activit\u00e9s quotidiennes ?<\/em><\/p>\n<p class=\"p5\" style=\"text-align: justify;\">Pr\u00e9paration de la nourriture et des biberons (entre 3 et 5 fois par jour)<\/p>\n<ul style=\"text-align: justify;\">\n<li class=\"p5\">Nourrir les animaux (entre 3 et 5 fois par jour)<\/li>\n<li class=\"p5\">Nettoyage de la nurserie (1 \u00e0 2 fois par jour)<\/li>\n<li class=\"p5\">S&rsquo;occuper des animaux : les brosser, caresser et jouer avec eux<\/li>\n<li class=\"p5\">Nourrir les lions le mardi, mercredi et jeudi+ donner des snacks aux lionceaux et l\u00e9opards<\/li>\n<\/ul>\n<p class=\"p5\" style=\"text-align: justify;\">Il y avait \u00e9galement des activit\u00e9s non quotidiennes, quand on a un moment de libre, il ne faut pas h\u00e9siter \u00e0 demander si quelqu&rsquo;un a besoin d&rsquo;aide pour faire une tache, car il y a toujours \u00e0 faire.<\/p>\n<p class=\"p6\" style=\"text-align: justify;\">J\u2019ai pu acqu\u00e9rir des nouvelles connaissances telles que<\/p>\n<p class=\"p5\" style=\"text-align: justify;\">&#8211; LA PATIENCE qui m\u00e8ne au contr\u00f4le\/la maitrise de soi et de ses \u00e9motions.<\/p>\n<p class=\"p5\" style=\"text-align: justify;\">&#8211; Comment agir face \u00e0 un animal apeur\u00e9 et\/ou bless\u00e9<\/p>\n<p class=\"p5\" style=\"text-align: justify;\">&#8211; Comment nourrir un animal orphelin et \u00e0 quelle fr\u00e9quence<\/p>\n<p class=\"p5\" style=\"text-align: justify;\">&#8211; S\u2019occuper d&rsquo;un \u00eatre dont la survie ne d\u00e9pend que de nous<\/p>\n<p class=\"p5\" style=\"text-align: justify;\">&#8211; Reconnaitre quand un animal montre les premiers signes de maladie<\/p>\n<p class=\"p6\" style=\"text-align: justify;\">Mes conseils pour les prochains b\u00e9n\u00e9voles sont qu\u2019il ne faut pas h\u00e9siter \u00e0 demander \u00e0 faire plus et \u00e0 prendre des initiatives pour le bien-\u00eatre des animaux. Quand tu as un doute, arr\u00eate-toi et demande conseil\u202f!<\/p>\n<p class=\"p5\" style=\"text-align: justify;\">\u00catre patient et essayer de prendre du recul sur les situations qui peuvent \u00eatre difficile \u00e0 g\u00e9rer \u00e9motionnellement.<\/p>\n<p class=\"p6\" style=\"text-align: justify;\">Bien que la gestion de l\u2019orphelinat pour les animaux pourrait \u00eatre am\u00e9lior\u00e9e, cette mission est une exp\u00e9rience incroyable qui restera grav\u00e9 dans mon c\u0153ur.<\/p>\n<p class=\"p5\" style=\"text-align: justify;\">J\u2019ai aussi appris \u00e0 \u00eatre plus patiente, \u00e0 savoir prendre du recul sur les situations et \u00e0 apprendre \u00e0 g\u00e9rer mes \u00e9motions.<\/p>\n<p class=\"p5\" style=\"text-align: justify;\">Cette mission m\u2019a apport\u00e9 une connaissance de moi-m\u00eame plus approfondie.<\/p>\n<p class=\"p6\" style=\"text-align: justify;\">Pour moi, la d\u00e9finition de l&rsquo;engagement b\u00e9n\u00e9vole \u00e0 l&rsquo;international, c&rsquo;est \u00eatre \u00e0 l&rsquo;\u00e9coute et aux besoins des personnes que l&rsquo;on vient aider. Donner de son temps et de son \u00e2me pour une cause qui nous tient a c\u0153ur. Se sentir utile\u202f!<\/p>\n<p class=\"p6\" style=\"text-align: justify;\"><em>Comment pensez-vous que votre exp\u00e9rience aura un impact sur votre quotidien au retour ?\u00a0<\/em><\/p>\n<p class=\"p5\" style=\"text-align: justify;\">Savoir prendre du recul sur des situations qui, avant, m&rsquo;aurait envahi l&rsquo;esprit. \u00catre plus patiente avec les autres, mais \u00e9galement nous m\u00eame. Savoir que l&rsquo;on est toujours l\u00e0 o\u00f9 l&rsquo;on a besoin d&rsquo;\u00eatre \u00e0 ce moment.<\/p>\n<p class=\"p6\" style=\"text-align: justify;\"><em>Quel budget (par semaine) conseilleriez-vous aux futurs adh\u00e9rents de pr\u00e9voir ?\u00a0<\/em><\/p>\n<p class=\"p5\" style=\"text-align: justify;\">Cela d\u00e9pend vraiment de ce que tu attends de ton voyage. Entre 50 et 150 euros.<\/p>\n<p class=\"p6\" style=\"text-align: justify;\">Les bonnes adresses de Luna \ud83d\ude09<\/p>\n<p class=\"p5\" style=\"text-align: justify;\">Villes : Naivasha, Diani (\u00e0 faire absolument)<\/p>\n<p class=\"p5\" style=\"text-align: justify;\">Bars : Geco caffee<\/p>\n<p class=\"p5\" style=\"text-align: justify;\">Restaurants : Cultiva farm, Boho<\/p>\n<p class=\"p5\" style=\"text-align: justify;\">Activit\u00e9 du weekend : Organic farmers market (un endroit magique pour rencontrer des gens autour d&rsquo;un verre ou en grignotant, il y a \u00e9galement des stands comme dans un march\u00e9 ordinaire, 10\/10!)<\/p>\n<p class=\"p5\" style=\"text-align: justify;\">Ocean Sole (fabrique toutes sortes de sculptures uniquement faites \u00e0 base de tong recycl\u00e9es trouv\u00e9es sur les plages)\u00a0\u00bb<\/p>\n<p style=\"text-align: justify;\">Merci \u00e0 Luna pour son t\u00e9moignage et son engagement ! Si vous souhaitez en savoir plus, n&rsquo;h\u00e9sitez pas \u00e0 nous contacter \u00e0 <a href=\"mailto:info@globalong.com\"><span class=\"s1\">info@globalong.com<\/span><\/a>.<\/p>\n","protected":false},"excerpt":{"rendered":"<p>Luna, adh\u00e9rente de Globalong partie 12 semaines en mission dans un centre de r\u00e9habilitation pour animaux sauvages au Kenya nous livre son t\u00e9moignage ! \u00a0\u00bb Dans le cadre de la deuxi\u00e8me partie du Programme Take Me Up du groupe IGS. J&rsquo;ai fait le choix de partir en mission humanitaire car c&rsquo;est un projet qui me [&hellip;]<\/p>\n","protected":false},"author":9,"featured_media":15379,"parent":883,"menu_order":0,"comment_status":"closed","ping_status":"closed","template":"","meta":{"footnotes":""},"yoast_head":"<!-- This site is optimized with the Yoast SEO Premium plugin v23.4 (Yoast SEO v23.4) - https:\/\/yoast.com\/wordpress\/plugins\/seo\/ -->\n<title>Kenya - Luna - Association Globalong<\/title>\n<meta name=\"robots\" content=\"index, follow, max-snippet:-1, max-image-preview:large, max-video-preview:-1\" \/>\n<link rel=\"canonical\" href=\"https:\/\/www.globalong.com\/blog\/avis-temoignages-globalong\/kenya-luna\/\" \/>\n<meta property=\"og:locale\" content=\"fr_FR\" \/>\n<meta property=\"og:type\" content=\"article\" \/>\n<meta property=\"og:title\" content=\"Kenya - Luna\" \/>\n<meta property=\"og:description\" content=\"Luna, adh\u00e9rente de Globalong partie 12 semaines en mission dans un centre de r\u00e9habilitation pour animaux sauvages au Kenya nous livre son t\u00e9moignage ! \u00a0\u00bb Dans le cadre de la deuxi\u00e8me partie du Programme Take Me Up du groupe IGS. J&rsquo;ai fait le choix de partir en mission humanitaire car c&rsquo;est un projet qui me [&hellip;]\" \/>\n<meta property=\"og:url\" content=\"https:\/\/www.globalong.com\/blog\/avis-temoignages-globalong\/kenya-luna\/\" \/>\n<meta property=\"og:site_name\" content=\"Association Globalong\" \/>\n<meta property=\"article:publisher\" content=\"https:\/\/www.facebook.com\/globalong\" \/>\n<meta property=\"article:modified_time\" content=\"2023-05-26T15:16:08+00:00\" \/>\n<meta property=\"og:image\" content=\"https:\/\/www.globalong.com\/blog\/wp-content\/uploads\/2023\/05\/luna-au-Kenya.jpeg\" \/>\n\t<meta property=\"og:image:width\" content=\"925\" \/>\n\t<meta property=\"og:image:height\" content=\"1237\" \/>\n\t<meta property=\"og:image:type\" content=\"image\/jpeg\" \/>\n<meta name=\"twitter:card\" content=\"summary_large_image\" \/>\n<meta name=\"twitter:label1\" content=\"Dur\u00e9e de lecture estim\u00e9e\" \/>\n\t<meta name=\"twitter:data1\" content=\"3 minutes\" \/>\n<script type=\"application\/ld+json\" class=\"yoast-schema-graph\">{\"@context\":\"https:\/\/schema.org\",\"@graph\":[{\"@type\":\"WebPage\",\"@id\":\"https:\/\/www.globalong.com\/blog\/avis-temoignages-globalong\/kenya-luna\/\",\"url\":\"https:\/\/www.globalong.com\/blog\/avis-temoignages-globalong\/kenya-luna\/\",\"name\":\"Kenya - Luna - Association Globalong\",\"isPartOf\":{\"@id\":\"https:\/\/www.globalong.com\/blog\/#website\"},\"primaryImageOfPage\":{\"@id\":\"https:\/\/www.globalong.com\/blog\/avis-temoignages-globalong\/kenya-luna\/#primaryimage\"},\"image\":{\"@id\":\"https:\/\/www.globalong.com\/blog\/avis-temoignages-globalong\/kenya-luna\/#primaryimage\"},\"thumbnailUrl\":\"https:\/\/www.globalong.com\/blog\/wp-content\/uploads\/2023\/05\/luna-au-Kenya.jpeg\",\"datePublished\":\"2023-05-26T15:15:58+00:00\",\"dateModified\":\"2023-05-26T15:16:08+00:00\",\"breadcrumb\":{\"@id\":\"https:\/\/www.globalong.com\/blog\/avis-temoignages-globalong\/kenya-luna\/#breadcrumb\"},\"inLanguage\":\"fr-FR\",\"potentialAction\":[{\"@type\":\"ReadAction\",\"target\":[\"https:\/\/www.globalong.com\/blog\/avis-temoignages-globalong\/kenya-luna\/\"]}]},{\"@type\":\"ImageObject\",\"inLanguage\":\"fr-FR\",\"@id\":\"https:\/\/www.globalong.com\/blog\/avis-temoignages-globalong\/kenya-luna\/#primaryimage\",\"url\":\"https:\/\/www.globalong.com\/blog\/wp-content\/uploads\/2023\/05\/luna-au-Kenya.jpeg\",\"contentUrl\":\"https:\/\/www.globalong.com\/blog\/wp-content\/uploads\/2023\/05\/luna-au-Kenya.jpeg\",\"width\":925,\"height\":1237},{\"@type\":\"BreadcrumbList\",\"@id\":\"https:\/\/www.globalong.com\/blog\/avis-temoignages-globalong\/kenya-luna\/#breadcrumb\",\"itemListElement\":[{\"@type\":\"ListItem\",\"position\":1,\"name\":\"Accueil\",\"item\":\"https:\/\/www.globalong.com\/blog\/\"},{\"@type\":\"ListItem\",\"position\":2,\"name\":\"T\u00e9moignages et avis de volontaires Globalong\",\"item\":\"https:\/\/www.globalong.com\/blog\/avis-temoignages-globalong\/\"},{\"@type\":\"ListItem\",\"position\":3,\"name\":\"Kenya &#8211; Luna\"}]},{\"@type\":\"WebSite\",\"@id\":\"https:\/\/www.globalong.com\/blog\/#website\",\"url\":\"https:\/\/www.globalong.com\/blog\/\",\"name\":\"https:\/\/www.globalong.com\/\",\"description\":\"Mission humanitaire, stage \u00e9tudiant et voyage linguistique\",\"publisher\":{\"@id\":\"https:\/\/www.globalong.com\/blog\/#organization\"},\"potentialAction\":[{\"@type\":\"SearchAction\",\"target\":{\"@type\":\"EntryPoint\",\"urlTemplate\":\"https:\/\/www.globalong.com\/blog\/?s={search_term_string}\"},\"query-input\":{\"@type\":\"PropertyValueSpecification\",\"valueRequired\":true,\"valueName\":\"search_term_string\"}}],\"inLanguage\":\"fr-FR\"},{\"@type\":\"Organization\",\"@id\":\"https:\/\/www.globalong.com\/blog\/#organization\",\"name\":\"Association Globalong\",\"url\":\"https:\/\/www.globalong.com\/blog\/\",\"logo\":{\"@type\":\"ImageObject\",\"inLanguage\":\"fr-FR\",\"@id\":\"https:\/\/www.globalong.com\/blog\/#\/schema\/logo\/image\/\",\"url\":\"https:\/\/www.globalong.com\/blog\/wp-content\/uploads\/2014\/11\/cropped-cropped-Logo-et-Afrique-Globalong-petite-taille-2.jpg\",\"contentUrl\":\"https:\/\/www.globalong.com\/blog\/wp-content\/uploads\/2014\/11\/cropped-cropped-Logo-et-Afrique-Globalong-petite-taille-2.jpg\",\"width\":512,\"height\":512,\"caption\":\"Association Globalong\"},\"image\":{\"@id\":\"https:\/\/www.globalong.com\/blog\/#\/schema\/logo\/image\/\"},\"sameAs\":[\"https:\/\/www.facebook.com\/globalong\"]}]}<\/script>\n<!-- \/ Yoast SEO Premium plugin. -->","yoast_head_json":{"title":"Kenya - Luna - Association Globalong","robots":{"index":"index","follow":"follow","max-snippet":"max-snippet:-1","max-image-preview":"max-image-preview:large","max-video-preview":"max-video-preview:-1"},"canonical":"https:\/\/www.globalong.com\/blog\/avis-temoignages-globalong\/kenya-luna\/","og_locale":"fr_FR","og_type":"article","og_title":"Kenya - Luna","og_description":"Luna, adh\u00e9rente de Globalong partie 12 semaines en mission dans un centre de r\u00e9habilitation pour animaux sauvages au Kenya nous livre son t\u00e9moignage ! \u00a0\u00bb Dans le cadre de la deuxi\u00e8me partie du Programme Take Me Up du groupe IGS. J&rsquo;ai fait le choix de partir en mission humanitaire car c&rsquo;est un projet qui me [&hellip;]","og_url":"https:\/\/www.globalong.com\/blog\/avis-temoignages-globalong\/kenya-luna\/","og_site_name":"Association Globalong","article_publisher":"https:\/\/www.facebook.com\/globalong","article_modified_time":"2023-05-26T15:16:08+00:00","og_image":[{"width":925,"height":1237,"url":"https:\/\/www.globalong.com\/blog\/wp-content\/uploads\/2023\/05\/luna-au-Kenya.jpeg","type":"image\/jpeg"}],"twitter_card":"summary_large_image","twitter_misc":{"Dur\u00e9e de lecture estim\u00e9e":"3 minutes"},"schema":{"@context":"https:\/\/schema.org","@graph":[{"@type":"WebPage","@id":"https:\/\/www.globalong.com\/blog\/avis-temoignages-globalong\/kenya-luna\/","url":"https:\/\/www.globalong.com\/blog\/avis-temoignages-globalong\/kenya-luna\/","name":"Kenya - Luna - Association Globalong","isPartOf":{"@id":"https:\/\/www.globalong.com\/blog\/#website"},"primaryImageOfPage":{"@id":"https:\/\/www.globalong.com\/blog\/avis-temoignages-globalong\/kenya-luna\/#primaryimage"},"image":{"@id":"https:\/\/www.globalong.com\/blog\/avis-temoignages-globalong\/kenya-luna\/#primaryimage"},"thumbnailUrl":"https:\/\/www.globalong.com\/blog\/wp-content\/uploads\/2023\/05\/luna-au-Kenya.jpeg","datePublished":"2023-05-26T15:15:58+00:00","dateModified":"2023-05-26T15:16:08+00:00","breadcrumb":{"@id":"https:\/\/www.globalong.com\/blog\/avis-temoignages-globalong\/kenya-luna\/#breadcrumb"},"inLanguage":"fr-FR","potentialAction":[{"@type":"ReadAction","target":["https:\/\/www.globalong.com\/blog\/avis-temoignages-globalong\/kenya-luna\/"]}]},{"@type":"ImageObject","inLanguage":"fr-FR","@id":"https:\/\/www.globalong.com\/blog\/avis-temoignages-globalong\/kenya-luna\/#primaryimage","url":"https:\/\/www.globalong.com\/blog\/wp-content\/uploads\/2023\/05\/luna-au-Kenya.jpeg","contentUrl":"https:\/\/www.globalong.com\/blog\/wp-content\/uploads\/2023\/05\/luna-au-Kenya.jpeg","width":925,"height":1237},{"@type":"BreadcrumbList","@id":"https:\/\/www.globalong.com\/blog\/avis-temoignages-globalong\/kenya-luna\/#breadcrumb","itemListElement":[{"@type":"ListItem","position":1,"name":"Accueil","item":"https:\/\/www.globalong.com\/blog\/"},{"@type":"ListItem","position":2,"name":"T\u00e9moignages et avis de volontaires Globalong","item":"https:\/\/www.globalong.com\/blog\/avis-temoignages-globalong\/"},{"@type":"ListItem","position":3,"name":"Kenya &#8211; Luna"}]},{"@type":"WebSite","@id":"https:\/\/www.globalong.com\/blog\/#website","url":"https:\/\/www.globalong.com\/blog\/","name":"https:\/\/www.globalong.com\/","description":"Mission humanitaire, stage \u00e9tudiant et voyage linguistique","publisher":{"@id":"https:\/\/www.globalong.com\/blog\/#organization"},"potentialAction":[{"@type":"SearchAction","target":{"@type":"EntryPoint","urlTemplate":"https:\/\/www.globalong.com\/blog\/?s={search_term_string}"},"query-input":{"@type":"PropertyValueSpecification","valueRequired":true,"valueName":"search_term_string"}}],"inLanguage":"fr-FR"},{"@type":"Organization","@id":"https:\/\/www.globalong.com\/blog\/#organization","name":"Association Globalong","url":"https:\/\/www.globalong.com\/blog\/","logo":{"@type":"ImageObject","inLanguage":"fr-FR","@id":"https:\/\/www.globalong.com\/blog\/#\/schema\/logo\/image\/","url":"https:\/\/www.globalong.com\/blog\/wp-content\/uploads\/2014\/11\/cropped-cropped-Logo-et-Afrique-Globalong-petite-taille-2.jpg","contentUrl":"https:\/\/www.globalong.com\/blog\/wp-content\/uploads\/2014\/11\/cropped-cropped-Logo-et-Afrique-Globalong-petite-taille-2.jpg","width":512,"height":512,"caption":"Association Globalong"},"image":{"@id":"https:\/\/www.globalong.com\/blog\/#\/schema\/logo\/image\/"},"sameAs":["https:\/\/www.facebook.com\/globalong"]}]}},"_links":{"self":[{"href":"https:\/\/www.globalong.com\/blog\/wp-json\/wp\/v2\/pages\/15378"}],"collection":[{"href":"https:\/\/www.globalong.com\/blog\/wp-json\/wp\/v2\/pages"}],"about":[{"href":"https:\/\/www.globalong.com\/blog\/wp-json\/wp\/v2\/types\/page"}],"author":[{"embeddable":true,"href":"https:\/\/www.globalong.com\/blog\/wp-json\/wp\/v2\/users\/9"}],"replies":[{"embeddable":true,"href":"https:\/\/www.globalong.com\/blog\/wp-json\/wp\/v2\/comments?post=15378"}],"version-history":[{"count":2,"href":"https:\/\/www.globalong.com\/blog\/wp-json\/wp\/v2\/pages\/15378\/revisions"}],"predecessor-version":[{"id":19526,"href":"https:\/\/www.globalong.com\/blog\/wp-json\/wp\/v2\/pages\/15378\/revisions\/19526"}],"up":[{"embeddable":true,"href":"https:\/\/www.globalong.com\/blog\/wp-json\/wp\/v2\/pages\/883"}],"wp:featuredmedia":[{"embeddable":true,"href":"https:\/\/www.globalong.com\/blog\/wp-json\/wp\/v2\/media\/15379"}],"wp:attachment":[{"href":"https:\/\/www.globalong.com\/blog\/wp-json\/wp\/v2\/media?parent=15378"}],"curies":[{"name":"wp","href":"https:\/\/api.w.org\/{rel}","templated":true}]}}