{"id":15399,"date":"2023-06-08T17:52:54","date_gmt":"2023-06-08T15:52:54","guid":{"rendered":"https:\/\/www.globalong.com\/blog\/?page_id=15399"},"modified":"2023-07-07T12:14:30","modified_gmt":"2023-07-07T10:14:30","slug":"zanzibar-karine-et-ses-enfants-lucy-et-jules","status":"publish","type":"page","link":"https:\/\/www.globalong.com\/blog\/avis-temoignages-globalong\/zanzibar-karine-et-ses-enfants-lucy-et-jules\/","title":{"rendered":"Zanzibar &#8211; Karine et ses enfants Lucy et Jules"},"content":{"rendered":"<p style=\"text-align: center;\"><strong>Karine, Lucy et Jules sont partis en famille \u00e0 Zanzibar pour s&rsquo;engager sur une mission d&rsquo;enseignement, ils nous livrent leur t\u00e9moignage !<\/strong><\/p>\n<p style=\"text-align: center;\"><strong>Retrouvez leur carnet de bord humanitaire <a href=\"https:\/\/www.globalong.com\/blog\/wp-content\/uploads\/2023\/07\/Carnet-de-bord-Karine-Melou-compressed.pdf\" target=\"_blank\" rel=\"noopener\"><span style=\"text-decoration: underline;\">en cliquant ici<\/span><\/a> !\u00a0<\/strong><\/p>\n<p>&nbsp;<\/p>\n<p><em>\u00a0\u00bb <span class=\"s1\">Karibu \u2026 cela signifie Bienvenue ici !<\/span><\/em><\/p>\n<p class=\"p3\"><em>Nous sommes accueillis ici avec un grand sourire, ils sont rayonnants sur cette jolie \u00eele de l&rsquo;Oc\u00e9an Indien. Direction le nord vers Matemwe, plonger, nager avec les dauphins et se poser sur les belles plages jusqu\u2019\u00e0 dimanche, ou nous rejoindrons la maison des b\u00e9n\u00e9voles pour commencer lundi notre mission.<\/em><\/p>\n<p class=\"p5\"><em><span class=\"s2\">Zanzibar, cette \u00eele des extr\u00eames\u2026<\/span> : Ils ont si peu de choses, et pourtant ils sourient tout le temps ! Les enfants jouent au ballon, dansent et rient sur leur plage avec une si belle insouciance, c\u2019est magique\u2026<\/em><\/p>\n<p class=\"p7\"><em>Cette \u00eele avec ses d\u00e9grad\u00e9s de bleu, c&rsquo;est tellement magnifique, j&rsquo;ai rarement vu un bleu aussi joli qu\u2019\u00e0 Zanzibar\u2026 et pourtant nous alertons soleil et pluie ici (c&rsquo;est tout sauf la saison des touristes et les plages sont d\u00e9sertes\u202f!)<\/em><\/p>\n<p class=\"p7\"><em>Ici, dans ce village de p\u00eacheurs de Matemwe, les habitants ont peu de choses (ni eau courante ni \u00e9lectricit\u00e9) mais ils ont la mer et la for\u00eat, \u00e7a les nourrit, et les touristes aussi, nous leur offrons un travail et des devises pr\u00e9cieuses.<\/em><\/p>\n<p class=\"p7\"><em>Sortie ce matin \u00e0 7h avec un p\u00eacheur pour voir les dauphins au large, l\u2019oc\u00e9an leur appartient\u2026 et nous sommes peu de choses ! Et toujours leur immense sourire\u2026 \u00e7a illumine ma journ\u00e9e !<\/em><\/p>\n<p class=\"p7\"><em>C&rsquo;est aussi l \u00eele des animaux, des tortues de Terre et de Mer aussi, une esp\u00e8ce que le gouvernement prot\u00e8ge (notamment lors de la ponte des \u0153ufs sur la plage) singes, alligator, l\u00e9muriens, mini daims, autruches\u2026 tout le monde vit ici !<\/em><\/p>\n<p class=\"p7\"><em>Ce dimanche, le march\u00e9 aux poissons a eu lieu dans le village. Les femmes \u00ab sortent \u00bb davantage, la vie semble diff\u00e9rente aujourd\u2019hui sur cette plage. Les vaches sont toujours l\u00e0, au milieu de tout le monde et c\u2019est juste normal ici\u2026 Tous les enfants jouent au foot (uniquement les gar\u00e7ons), les hommes reviennent de p\u00eacher des crabes, poulpes, barracudas et autres poissons pour les vendre aux h\u00f4tels, mais aussi aux locaux. Notre r\u00e9ceptionniste en a ach\u00e8te pour sa famille. Ils sont adorables et toujours leur \u00e9ternel sourire\u2026 ouah !<\/em><\/p>\n<p class=\"p7\"><em><span class=\"s2\">C\u2019est parti pour notre mission aupr\u00e8s des enfants de l\u2019\u00e9cole de Monbassa<\/span> Nous sommes accueillis tous les trois par la directrice, puis pr\u00e9sentes \u00e0 chacune des classes d&rsquo;enfants (\u00e9cole mixte de 3 \u00e0 15 ans). Ils nous chantent une chanson en anglais, leur langue obligatoire \u00e0 l\u2019\u00e9cole (entre eux, ils parlent Swaili).<\/em><\/p>\n<p class=\"p9\"><em>Jules part avec les 12\/13 ans\u2026 et voil\u00e0 qu\u2019il les fait travailler leur anglais !<\/em><\/p>\n<p class=\"p9\"><em>Lucy est avec les 14\/15 ans, ils apprennent la grammaire anglaise, puis elle leur apprend des mots en fran\u00e7ais, ils sont tr\u00e8s demandeurs.<\/em><\/p>\n<p class=\"p9\"><em>Quant \u00e0 moi, je reste avec les maternelles (3\/6 ans), et nous sommes vite en contact, ils sourient, chantent, font des c\u00e2lins\u2026 puis la r\u00e9cr\u00e9ation arrive vite pour eux !<\/em><\/p>\n<p class=\"p9\"><em>La matin\u00e9e passera tr\u00e8s vite, quelle belle d\u00e9couverte !<\/em><\/p>\n<p class=\"p9\"><em>Vivement demain pour les retrouver, leur envie, leur ouverture d\u2019esprit envers nous \u00ab inconnus \u00bb fait tant plaisir \u00e0 voir\u2026<\/em><\/p>\n<p class=\"p9\"><em>Ce matin, nous avons d\u00fb aller dans une autre \u00e9cole \u2026 pas question de s\u2019amuser, le programme est charg\u00e9 pour les enfants 7\/9 ans que j&rsquo;ai accompagn\u00e9 : cours de sciences, puis math (les fractions), anglais et religion islamique au programme \u2026. Ils ont tant la volont\u00e9 d&rsquo;apprendre, le respect des enseignants, cela est assez surprenant en fait. Par exemple, ils doivent lever la main, se lever pour prendre la parole. S&rsquo;entraider, se pr\u00eater la seule gomme et r\u00e9gl\u00e9 qu\u2019ils ont\u2026 sans trousse<\/em><\/p>\n<p class=\"p9\"><em>Jules a assur\u00e9 aussi avec les plus petits, qui savent compter en anglais jusqu\u2019\u00e0 200 alors m\u00eame qu&rsquo;ils ont six ans, il a m\u00eame corrig\u00e9 leurs cahiers !<\/em><\/p>\n<p class=\"p7\"><em>\u2026 Ce matin, on s&rsquo;amuse, le week-end arrive. Il fait tr\u00e8s chaud pour moi, j&rsquo;en peux plus ! Alors qu\u2019eux avec leur surv\u00eatement et leur voile, on dirait que la chaleur ne les atteint pas \u2026 ils sont exceptionnels ces enfants. On en prend plein les yeux et plein le c\u0153ur \u00e0 leur c\u00f4t\u00e9\u2026 c&rsquo;est juste g\u00e9nial !<\/em><\/p>\n<p class=\"p10\"><em><span class=\"s1\">Les sourires de ces Tanzaniens\u2026 que de joie !<\/span><\/em><\/p>\n<p class=\"p7\"><em>Clin d \u0153il \u00e0 Delphine, merci pour tes crayons de couleur qui font leur bonheur\u2026 les gommes et tailles crayons aussi, ils n&rsquo;en ont pas tous \u00e0 eux et ils apprennent le partage. D&rsquo;ailleurs, ils ont des cours d&rsquo;\u00e9ducation morale d\u00e8s 6 ans, apprennent le savoir-vivre ensemble. Et en sciences, ils voient l&rsquo;environnement, le respect de la nature, c&rsquo;est chouette \u00e7a aussi !<\/em><\/p>\n<p class=\"p7\"><em><span class=\"s2\">Apr\u00e8s l\u2019effort, le r\u00e9confort \u00e0 la plage de Paje \u2026<\/span> Et toujours les vaches qui viennent boire dans l\u2019Oc\u00e9an Indien \u00e0 mar\u00e9e basse, pendant que les kite-surfeurs et les plongeurs s&rsquo;amusent non loin des habitations<\/em><\/p>\n<p class=\"p9\"><em>la plage est un lieu de mixit\u00e9 sociale, les femmes, les enfants viennent se rafra\u00eechir ou chercher de l\u2019eau juste \u00e0 c\u00f4t\u00e9 des touristes des beaux h\u00f4tels. Les beach boys servent de guides aux touristes. Les Massa\u00ef du Kilimandjaro sont venus vendre leurs colliers de perle, pour rentrer ensuite dans leur r\u00e9gion de Tanzanie ou du Kenya avec des dollars.<\/em><\/p>\n<p class=\"p12\"><em><span class=\"s1\">Partage de bons moments au c\u0153ur d\u2019un quartier d\u00e9favoris\u00e9<\/span> Aujourd\u2019hui, nous sommes retourn\u00e9s \u00e0 Monbasa School\u2026 et une heure apr\u00e8s, nous apprenons que cette \u00e9cole ferm\u00e9e pour la semaine, les enfants ravis de rentrer chez eux\u202f!<\/em><br \/>\n<em>Alors un enseignant, Iniassa, nous a amen\u00e9 \u00e0 la d\u00e9couverte de son quartier de Stone Town, de son ancienne \u00e9cole (avec les enfants v\u00eatus de jaune) dans une banlieue tr\u00e8s tr\u00e8s pauvre.<\/em><\/p>\n<p class=\"p12\"><em>Quelle fiert\u00e9 pour lui de nous pr\u00e9senter \u00e0 tout le monde, ses amis d\u2019enfance, il \u00e9tait comme un enfant lui-m\u00eame et tellement heureux de nous pr\u00e9senter \u00e0 TOUT le village\u2026 en plus v\u00eatu d\u2019un maillot de foot \u00ab France \u00bb que Jules lui a offert\u2026 ils sont fan de MBapppe, d Arsenal, de Manchester et du football europ\u00e9en en g\u00e9n\u00e9ral.<\/em><\/p>\n<p class=\"p12\"><em>1\/3 vit sous le seuil de pauvret\u00e9, nous \u00e9tions au c\u0153ur de cela, un vrai choc social et culturel<\/em><br \/>\n<em>Je lui ai offert le \u00ab restaurant local \u00bb, 7\u20ac pour nous 4, et il n&rsquo;y avait jamais \u00e9t\u00e9 alors qu&rsquo;il a grandi juste \u00e0 c\u00f4t\u00e9<\/em><\/p>\n<p class=\"p12\"><em>Quel clivage avec notre mode de vie, ce matin cette r\u00e9alit\u00e9 pays riche\/pays pauvre est omnipr\u00e9sente.<\/em><\/p>\n<p class=\"p12\"><em>De retour \u00e0 notre logement, nous avons donn\u00e9 une valise d&rsquo;habits de gar\u00e7on (merci les copines\u202f!) \u00e0 la dame de m\u00e9nage, ravie pour son petit gar\u00e7on de 6 ans\u2026 et ils vont s\u00fbrement en faire bon usage de g\u00e9n\u00e9ration en g\u00e9n\u00e9ration.<\/em><\/p>\n<p class=\"p12\"><em>Et malgr\u00e9 tout\u2026 malgr\u00e9 cette mis\u00e8re, ils sourient tout le temps !!!<\/em><\/p>\n<p class=\"p9\"><em><span class=\"s2\">Une journ\u00e9e sp\u00e9ciale<\/span> (09\/05):\u00a0 Aujourd\u2019hui c&rsquo;est un grand jour, Jules a 16 ans !<\/em><\/p>\n<p class=\"p9\"><em>Les \u00e9coles \u00e9tant ferm\u00e9es, nous n&rsquo;avons pas pu le f\u00eater comme pr\u00e9vu avec les enfants, alors \u00e7a a \u00e9t\u00e9 une journ\u00e9e diff\u00e9rente : un petit d\u00e9jeuner am\u00e9lior\u00e9, un bel h\u00f4tel avec journ\u00e9e piscine, pizzas, bonbons et chips, un coucher de soleil sur la plage et un repas partag\u00e9 avec des volontaires de la maison\u2026 \u00e0 d\u00e9faut de copains ici ! Pour autant des moments uniques aussi, m\u00eame \u00e0 des milliers de kilom\u00e8tres et avec des inconnus<\/em><\/p>\n<p class=\"p9\"><em>Et le bonus du jour : une superconnexion wifi\u00a0<\/em><\/p>\n<p class=\"p9\"><em><span class=\"s2\">Derniers moments \u00e0 l\u2019\u00e9cole<\/span> Derni\u00e8res \u00e9motions, derni\u00e8re partie de foot aussi. Il est temps de rentrer chez nous, retrouver nos proches, nos habitudes.<\/em><\/p>\n<p class=\"p9\"><em>Ce s\u00e9jour nous aura marqu\u00e9, je retiendrai la gentillesse de tous ces gens, leur simplicit\u00e9 et leur bonne humeur permanente. Ils ont peu, on a beaucoup, ils sourient tant, on sourit tellement moins \u00ab\u00a0chez nous\u00a0\u00bb<\/em><\/p>\n<p class=\"p7\"><em>\u00ab P\u00f4le p\u00f4le \u00bb signifie\u2026 prendre le temps, doucement\u2026 cette \u00eele invite \u00e0 prendre le temps, de se poser, d\u2019aller \u00e0 la rencontre de gens merveilleux.<\/em><\/p>\n<p class=\"p7\"><em>C&rsquo;est aussi de tr\u00e8s beaux paysages, tous diff\u00e9rents, des belles senteurs, de la chaleur (m\u00eame en saison des pluies) \u2026<\/em><\/p>\n<p class=\"p9\"><em>En bref, je reviendrai \u00e0 Zanzibar !!! \u00ab\u00a0<\/em><\/p>\n<p><a href=\"https:\/\/www.globalong.com\/blog\/wp-content\/uploads\/2023\/06\/mission-humanitaire-eductaion.png\"><img loading=\"lazy\" decoding=\"async\" class=\"alignnone size-full wp-image-15400\" src=\"https:\/\/www.globalong.com\/blog\/wp-content\/uploads\/2023\/06\/mission-humanitaire-eductaion.png\" alt=\"\" width=\"2206\" height=\"896\" srcset=\"https:\/\/www.globalong.com\/blog\/wp-content\/uploads\/2023\/06\/mission-humanitaire-eductaion.png 2206w, https:\/\/www.globalong.com\/blog\/wp-content\/uploads\/2023\/06\/mission-humanitaire-eductaion-300x122.png 300w, https:\/\/www.globalong.com\/blog\/wp-content\/uploads\/2023\/06\/mission-humanitaire-eductaion-1024x416.png 1024w, https:\/\/www.globalong.com\/blog\/wp-content\/uploads\/2023\/06\/mission-humanitaire-eductaion-768x312.png 768w, https:\/\/www.globalong.com\/blog\/wp-content\/uploads\/2023\/06\/mission-humanitaire-eductaion-1536x624.png 1536w, https:\/\/www.globalong.com\/blog\/wp-content\/uploads\/2023\/06\/mission-humanitaire-eductaion-2048x832.png 2048w\" sizes=\"(max-width: 2206px) 100vw, 2206px\" \/><\/a> <a href=\"https:\/\/www.globalong.com\/blog\/wp-content\/uploads\/2023\/06\/mission-humanitaire-zanzibar.png\"><img loading=\"lazy\" decoding=\"async\" class=\"alignnone size-full wp-image-15401\" src=\"https:\/\/www.globalong.com\/blog\/wp-content\/uploads\/2023\/06\/mission-humanitaire-zanzibar.png\" alt=\"\" width=\"2206\" height=\"896\" srcset=\"https:\/\/www.globalong.com\/blog\/wp-content\/uploads\/2023\/06\/mission-humanitaire-zanzibar.png 2206w, https:\/\/www.globalong.com\/blog\/wp-content\/uploads\/2023\/06\/mission-humanitaire-zanzibar-300x122.png 300w, https:\/\/www.globalong.com\/blog\/wp-content\/uploads\/2023\/06\/mission-humanitaire-zanzibar-1024x416.png 1024w, https:\/\/www.globalong.com\/blog\/wp-content\/uploads\/2023\/06\/mission-humanitaire-zanzibar-768x312.png 768w, https:\/\/www.globalong.com\/blog\/wp-content\/uploads\/2023\/06\/mission-humanitaire-zanzibar-1536x624.png 1536w, https:\/\/www.globalong.com\/blog\/wp-content\/uploads\/2023\/06\/mission-humanitaire-zanzibar-2048x832.png 2048w\" sizes=\"(max-width: 2206px) 100vw, 2206px\" \/><\/a><\/p>\n","protected":false},"excerpt":{"rendered":"<p>Karine, Lucy et Jules sont partis en famille \u00e0 Zanzibar pour s&rsquo;engager sur une mission d&rsquo;enseignement, ils nous livrent leur t\u00e9moignage ! Retrouvez leur carnet de bord humanitaire en cliquant ici !\u00a0 &nbsp; \u00a0\u00bb Karibu \u2026 cela signifie Bienvenue ici ! Nous sommes accueillis ici avec un grand sourire, ils sont rayonnants sur cette jolie [&hellip;]<\/p>\n","protected":false},"author":9,"featured_media":15402,"parent":883,"menu_order":0,"comment_status":"closed","ping_status":"closed","template":"","meta":{"footnotes":""},"yoast_head":"<!-- This site is optimized with the Yoast SEO Premium plugin v23.4 (Yoast SEO v23.4) - https:\/\/yoast.com\/wordpress\/plugins\/seo\/ -->\n<title>Zanzibar - Karine et ses enfants Lucy et Jules - Association Globalong<\/title>\n<meta name=\"robots\" content=\"index, follow, max-snippet:-1, max-image-preview:large, max-video-preview:-1\" \/>\n<link rel=\"canonical\" href=\"https:\/\/www.globalong.com\/blog\/avis-temoignages-globalong\/zanzibar-karine-et-ses-enfants-lucy-et-jules\/\" \/>\n<meta property=\"og:locale\" content=\"fr_FR\" \/>\n<meta property=\"og:type\" content=\"article\" \/>\n<meta property=\"og:title\" content=\"Zanzibar - Karine et ses enfants Lucy et Jules\" \/>\n<meta property=\"og:description\" content=\"Karine, Lucy et Jules sont partis en famille \u00e0 Zanzibar pour s&rsquo;engager sur une mission d&rsquo;enseignement, ils nous livrent leur t\u00e9moignage ! Retrouvez leur carnet de bord humanitaire en cliquant ici !\u00a0 &nbsp; \u00a0\u00bb Karibu \u2026 cela signifie Bienvenue ici ! Nous sommes accueillis ici avec un grand sourire, ils sont rayonnants sur cette jolie [&hellip;]\" \/>\n<meta property=\"og:url\" content=\"https:\/\/www.globalong.com\/blog\/avis-temoignages-globalong\/zanzibar-karine-et-ses-enfants-lucy-et-jules\/\" \/>\n<meta property=\"og:site_name\" content=\"Association Globalong\" \/>\n<meta property=\"article:publisher\" content=\"https:\/\/www.facebook.com\/globalong\" \/>\n<meta property=\"article:modified_time\" content=\"2023-07-07T10:14:30+00:00\" \/>\n<meta property=\"og:image\" content=\"https:\/\/www.globalong.com\/blog\/wp-content\/uploads\/2023\/06\/en-mission-humanitaire-a-zanzibar.jpeg\" \/>\n\t<meta property=\"og:image:width\" content=\"1536\" \/>\n\t<meta property=\"og:image:height\" content=\"2048\" \/>\n\t<meta property=\"og:image:type\" content=\"image\/jpeg\" \/>\n<meta name=\"twitter:card\" content=\"summary_large_image\" \/>\n<meta name=\"twitter:label1\" content=\"Dur\u00e9e de lecture estim\u00e9e\" \/>\n\t<meta name=\"twitter:data1\" content=\"7 minutes\" \/>\n<script type=\"application\/ld+json\" class=\"yoast-schema-graph\">{\"@context\":\"https:\/\/schema.org\",\"@graph\":[{\"@type\":\"WebPage\",\"@id\":\"https:\/\/www.globalong.com\/blog\/avis-temoignages-globalong\/zanzibar-karine-et-ses-enfants-lucy-et-jules\/\",\"url\":\"https:\/\/www.globalong.com\/blog\/avis-temoignages-globalong\/zanzibar-karine-et-ses-enfants-lucy-et-jules\/\",\"name\":\"Zanzibar - Karine et ses enfants Lucy et Jules - Association Globalong\",\"isPartOf\":{\"@id\":\"https:\/\/www.globalong.com\/blog\/#website\"},\"primaryImageOfPage\":{\"@id\":\"https:\/\/www.globalong.com\/blog\/avis-temoignages-globalong\/zanzibar-karine-et-ses-enfants-lucy-et-jules\/#primaryimage\"},\"image\":{\"@id\":\"https:\/\/www.globalong.com\/blog\/avis-temoignages-globalong\/zanzibar-karine-et-ses-enfants-lucy-et-jules\/#primaryimage\"},\"thumbnailUrl\":\"https:\/\/www.globalong.com\/blog\/wp-content\/uploads\/2023\/06\/en-mission-humanitaire-a-zanzibar.jpeg\",\"datePublished\":\"2023-06-08T15:52:54+00:00\",\"dateModified\":\"2023-07-07T10:14:30+00:00\",\"breadcrumb\":{\"@id\":\"https:\/\/www.globalong.com\/blog\/avis-temoignages-globalong\/zanzibar-karine-et-ses-enfants-lucy-et-jules\/#breadcrumb\"},\"inLanguage\":\"fr-FR\",\"potentialAction\":[{\"@type\":\"ReadAction\",\"target\":[\"https:\/\/www.globalong.com\/blog\/avis-temoignages-globalong\/zanzibar-karine-et-ses-enfants-lucy-et-jules\/\"]}]},{\"@type\":\"ImageObject\",\"inLanguage\":\"fr-FR\",\"@id\":\"https:\/\/www.globalong.com\/blog\/avis-temoignages-globalong\/zanzibar-karine-et-ses-enfants-lucy-et-jules\/#primaryimage\",\"url\":\"https:\/\/www.globalong.com\/blog\/wp-content\/uploads\/2023\/06\/en-mission-humanitaire-a-zanzibar.jpeg\",\"contentUrl\":\"https:\/\/www.globalong.com\/blog\/wp-content\/uploads\/2023\/06\/en-mission-humanitaire-a-zanzibar.jpeg\",\"width\":1536,\"height\":2048,\"caption\":\"Mission Zanzibar\"},{\"@type\":\"BreadcrumbList\",\"@id\":\"https:\/\/www.globalong.com\/blog\/avis-temoignages-globalong\/zanzibar-karine-et-ses-enfants-lucy-et-jules\/#breadcrumb\",\"itemListElement\":[{\"@type\":\"ListItem\",\"position\":1,\"name\":\"Accueil\",\"item\":\"https:\/\/www.globalong.com\/blog\/\"},{\"@type\":\"ListItem\",\"position\":2,\"name\":\"T\u00e9moignages et avis de volontaires Globalong\",\"item\":\"https:\/\/www.globalong.com\/blog\/avis-temoignages-globalong\/\"},{\"@type\":\"ListItem\",\"position\":3,\"name\":\"Zanzibar &#8211; Karine et ses enfants Lucy et Jules\"}]},{\"@type\":\"WebSite\",\"@id\":\"https:\/\/www.globalong.com\/blog\/#website\",\"url\":\"https:\/\/www.globalong.com\/blog\/\",\"name\":\"https:\/\/www.globalong.com\/\",\"description\":\"Mission humanitaire, stage \u00e9tudiant et voyage linguistique\",\"publisher\":{\"@id\":\"https:\/\/www.globalong.com\/blog\/#organization\"},\"potentialAction\":[{\"@type\":\"SearchAction\",\"target\":{\"@type\":\"EntryPoint\",\"urlTemplate\":\"https:\/\/www.globalong.com\/blog\/?s={search_term_string}\"},\"query-input\":{\"@type\":\"PropertyValueSpecification\",\"valueRequired\":true,\"valueName\":\"search_term_string\"}}],\"inLanguage\":\"fr-FR\"},{\"@type\":\"Organization\",\"@id\":\"https:\/\/www.globalong.com\/blog\/#organization\",\"name\":\"Association Globalong\",\"url\":\"https:\/\/www.globalong.com\/blog\/\",\"logo\":{\"@type\":\"ImageObject\",\"inLanguage\":\"fr-FR\",\"@id\":\"https:\/\/www.globalong.com\/blog\/#\/schema\/logo\/image\/\",\"url\":\"https:\/\/www.globalong.com\/blog\/wp-content\/uploads\/2014\/11\/cropped-cropped-Logo-et-Afrique-Globalong-petite-taille-2.jpg\",\"contentUrl\":\"https:\/\/www.globalong.com\/blog\/wp-content\/uploads\/2014\/11\/cropped-cropped-Logo-et-Afrique-Globalong-petite-taille-2.jpg\",\"width\":512,\"height\":512,\"caption\":\"Association Globalong\"},\"image\":{\"@id\":\"https:\/\/www.globalong.com\/blog\/#\/schema\/logo\/image\/\"},\"sameAs\":[\"https:\/\/www.facebook.com\/globalong\"]}]}<\/script>\n<!-- \/ Yoast SEO Premium plugin. -->","yoast_head_json":{"title":"Zanzibar - Karine et ses enfants Lucy et Jules - Association Globalong","robots":{"index":"index","follow":"follow","max-snippet":"max-snippet:-1","max-image-preview":"max-image-preview:large","max-video-preview":"max-video-preview:-1"},"canonical":"https:\/\/www.globalong.com\/blog\/avis-temoignages-globalong\/zanzibar-karine-et-ses-enfants-lucy-et-jules\/","og_locale":"fr_FR","og_type":"article","og_title":"Zanzibar - Karine et ses enfants Lucy et Jules","og_description":"Karine, Lucy et Jules sont partis en famille \u00e0 Zanzibar pour s&rsquo;engager sur une mission d&rsquo;enseignement, ils nous livrent leur t\u00e9moignage ! Retrouvez leur carnet de bord humanitaire en cliquant ici !\u00a0 &nbsp; \u00a0\u00bb Karibu \u2026 cela signifie Bienvenue ici ! Nous sommes accueillis ici avec un grand sourire, ils sont rayonnants sur cette jolie [&hellip;]","og_url":"https:\/\/www.globalong.com\/blog\/avis-temoignages-globalong\/zanzibar-karine-et-ses-enfants-lucy-et-jules\/","og_site_name":"Association Globalong","article_publisher":"https:\/\/www.facebook.com\/globalong","article_modified_time":"2023-07-07T10:14:30+00:00","og_image":[{"width":1536,"height":2048,"url":"https:\/\/www.globalong.com\/blog\/wp-content\/uploads\/2023\/06\/en-mission-humanitaire-a-zanzibar.jpeg","type":"image\/jpeg"}],"twitter_card":"summary_large_image","twitter_misc":{"Dur\u00e9e de lecture estim\u00e9e":"7 minutes"},"schema":{"@context":"https:\/\/schema.org","@graph":[{"@type":"WebPage","@id":"https:\/\/www.globalong.com\/blog\/avis-temoignages-globalong\/zanzibar-karine-et-ses-enfants-lucy-et-jules\/","url":"https:\/\/www.globalong.com\/blog\/avis-temoignages-globalong\/zanzibar-karine-et-ses-enfants-lucy-et-jules\/","name":"Zanzibar - Karine et ses enfants Lucy et Jules - Association Globalong","isPartOf":{"@id":"https:\/\/www.globalong.com\/blog\/#website"},"primaryImageOfPage":{"@id":"https:\/\/www.globalong.com\/blog\/avis-temoignages-globalong\/zanzibar-karine-et-ses-enfants-lucy-et-jules\/#primaryimage"},"image":{"@id":"https:\/\/www.globalong.com\/blog\/avis-temoignages-globalong\/zanzibar-karine-et-ses-enfants-lucy-et-jules\/#primaryimage"},"thumbnailUrl":"https:\/\/www.globalong.com\/blog\/wp-content\/uploads\/2023\/06\/en-mission-humanitaire-a-zanzibar.jpeg","datePublished":"2023-06-08T15:52:54+00:00","dateModified":"2023-07-07T10:14:30+00:00","breadcrumb":{"@id":"https:\/\/www.globalong.com\/blog\/avis-temoignages-globalong\/zanzibar-karine-et-ses-enfants-lucy-et-jules\/#breadcrumb"},"inLanguage":"fr-FR","potentialAction":[{"@type":"ReadAction","target":["https:\/\/www.globalong.com\/blog\/avis-temoignages-globalong\/zanzibar-karine-et-ses-enfants-lucy-et-jules\/"]}]},{"@type":"ImageObject","inLanguage":"fr-FR","@id":"https:\/\/www.globalong.com\/blog\/avis-temoignages-globalong\/zanzibar-karine-et-ses-enfants-lucy-et-jules\/#primaryimage","url":"https:\/\/www.globalong.com\/blog\/wp-content\/uploads\/2023\/06\/en-mission-humanitaire-a-zanzibar.jpeg","contentUrl":"https:\/\/www.globalong.com\/blog\/wp-content\/uploads\/2023\/06\/en-mission-humanitaire-a-zanzibar.jpeg","width":1536,"height":2048,"caption":"Mission Zanzibar"},{"@type":"BreadcrumbList","@id":"https:\/\/www.globalong.com\/blog\/avis-temoignages-globalong\/zanzibar-karine-et-ses-enfants-lucy-et-jules\/#breadcrumb","itemListElement":[{"@type":"ListItem","position":1,"name":"Accueil","item":"https:\/\/www.globalong.com\/blog\/"},{"@type":"ListItem","position":2,"name":"T\u00e9moignages et avis de volontaires Globalong","item":"https:\/\/www.globalong.com\/blog\/avis-temoignages-globalong\/"},{"@type":"ListItem","position":3,"name":"Zanzibar &#8211; Karine et ses enfants Lucy et Jules"}]},{"@type":"WebSite","@id":"https:\/\/www.globalong.com\/blog\/#website","url":"https:\/\/www.globalong.com\/blog\/","name":"https:\/\/www.globalong.com\/","description":"Mission humanitaire, stage \u00e9tudiant et voyage linguistique","publisher":{"@id":"https:\/\/www.globalong.com\/blog\/#organization"},"potentialAction":[{"@type":"SearchAction","target":{"@type":"EntryPoint","urlTemplate":"https:\/\/www.globalong.com\/blog\/?s={search_term_string}"},"query-input":{"@type":"PropertyValueSpecification","valueRequired":true,"valueName":"search_term_string"}}],"inLanguage":"fr-FR"},{"@type":"Organization","@id":"https:\/\/www.globalong.com\/blog\/#organization","name":"Association Globalong","url":"https:\/\/www.globalong.com\/blog\/","logo":{"@type":"ImageObject","inLanguage":"fr-FR","@id":"https:\/\/www.globalong.com\/blog\/#\/schema\/logo\/image\/","url":"https:\/\/www.globalong.com\/blog\/wp-content\/uploads\/2014\/11\/cropped-cropped-Logo-et-Afrique-Globalong-petite-taille-2.jpg","contentUrl":"https:\/\/www.globalong.com\/blog\/wp-content\/uploads\/2014\/11\/cropped-cropped-Logo-et-Afrique-Globalong-petite-taille-2.jpg","width":512,"height":512,"caption":"Association Globalong"},"image":{"@id":"https:\/\/www.globalong.com\/blog\/#\/schema\/logo\/image\/"},"sameAs":["https:\/\/www.facebook.com\/globalong"]}]}},"_links":{"self":[{"href":"https:\/\/www.globalong.com\/blog\/wp-json\/wp\/v2\/pages\/15399"}],"collection":[{"href":"https:\/\/www.globalong.com\/blog\/wp-json\/wp\/v2\/pages"}],"about":[{"href":"https:\/\/www.globalong.com\/blog\/wp-json\/wp\/v2\/types\/page"}],"author":[{"embeddable":true,"href":"https:\/\/www.globalong.com\/blog\/wp-json\/wp\/v2\/users\/9"}],"replies":[{"embeddable":true,"href":"https:\/\/www.globalong.com\/blog\/wp-json\/wp\/v2\/comments?post=15399"}],"version-history":[{"count":4,"href":"https:\/\/www.globalong.com\/blog\/wp-json\/wp\/v2\/pages\/15399\/revisions"}],"predecessor-version":[{"id":19532,"href":"https:\/\/www.globalong.com\/blog\/wp-json\/wp\/v2\/pages\/15399\/revisions\/19532"}],"up":[{"embeddable":true,"href":"https:\/\/www.globalong.com\/blog\/wp-json\/wp\/v2\/pages\/883"}],"wp:featuredmedia":[{"embeddable":true,"href":"https:\/\/www.globalong.com\/blog\/wp-json\/wp\/v2\/media\/15402"}],"wp:attachment":[{"href":"https:\/\/www.globalong.com\/blog\/wp-json\/wp\/v2\/media?parent=15399"}],"curies":[{"name":"wp","href":"https:\/\/api.w.org\/{rel}","templated":true}]}}