{"id":15470,"date":"2023-07-05T17:58:52","date_gmt":"2023-07-05T15:58:52","guid":{"rendered":"https:\/\/www.globalong.com\/blog\/?page_id=15470"},"modified":"2023-07-05T17:59:46","modified_gmt":"2023-07-05T15:59:46","slug":"laos-marion","status":"publish","type":"page","link":"https:\/\/www.globalong.com\/blog\/avis-temoignages-globalong\/laos-marion\/","title":{"rendered":"Laos &#8211; Marion"},"content":{"rendered":"<p style=\"text-align: center;\"><strong>Marion, adh\u00e9rente de l\u2019Association Globalong et r\u00e9cemment engag\u00e9e sur <a href=\"https:\/\/www.globalong.com\/sejour-benevolat\/mission-humanitaire-laos-elephant-asie-stage-etudiant-\/Stage-enseignement-volontariat-humanitaire-laos-.html\" target=\"_blank\" rel=\"noopener\">une mission au Laos<\/a> nous livre son t\u00e9moignage !<\/strong><\/p>\n<p class=\"p2\" style=\"text-align: justify;\">\u00ab Je souhaitais partir faire une mission humanitaire dans l&rsquo;enseignement de l&rsquo;anglais \u00e0 des jeunes, car je fais actuellement des \u00e9tudes pour devenir professeure d&rsquo;anglais dans le secondaire. En plus d&rsquo;acqu\u00e9rir de l&rsquo;exp\u00e9rience pour mon futur m\u00e9tier, je voulais me sentir utile et aider des gens qui n&rsquo;ont pas forc\u00e9ment acc\u00e8s \u00e0 l&rsquo;apprentissage de l&rsquo;anglais.<\/p>\n<p class=\"p4\" style=\"text-align: justify;\">Le matin, nous avions toutes sortes de t\u00e2ches \u00e0 effectuer pour am\u00e9liorer la vie du camp et am\u00e9liorer le projet, puis l&rsquo;apr\u00e8s-midi, nous pr\u00e9parions les classes pour ensuite donner cours de 17h \u00e0 19h. Ensuite, de 19 h 30 \u00e0 20 h 30, certains \u00e9l\u00e8ves ont cours d&rsquo;informatique.<\/p>\n<p class=\"p4\" style=\"text-align: justify;\">Chaque jour, nous avions aussi une t\u00e2che m\u00e9nag\u00e8re \u00e0 r\u00e9aliser (cuisine, vaisselle, nettoyage des parties communes).<\/p>\n<p class=\"p4\" style=\"text-align: justify;\">Concernant les t\u00e2ches quotidiennes, le matin, nous avions toutes sortes de t\u00e2ches \u00e0 effectuer pour am\u00e9liorer la vie du camp et am\u00e9liorer le projet, puis l&rsquo;apr\u00e8s-midi, nous pr\u00e9parions les classes pour ensuite donner cours de 17h \u00e0 19h. Ensuite, de 19 h 30 \u00e0 20 h 30, certains \u00e9l\u00e8ves ont cours d&rsquo;informatique.<\/p>\n<p class=\"p4\" style=\"text-align: justify;\">Chaque jour, nous avions aussi une t\u00e2che m\u00e9nag\u00e8re \u00e0 r\u00e9aliser (cuisine, vaisselle, nettoyage des parties communes).<\/p>\n<p class=\"p5\" style=\"text-align: justify;\">Nous avions \u00e0 disposition une imprimante, un ordinateur portable, du mat\u00e9riel scolaire pour pr\u00e9parer les cours, une camionnette et des v\u00e9los.<\/p>\n<p class=\"p2\" style=\"text-align: justify;\">Concernant les nouvelles connaissances que j\u2019ai pu acqu\u00e9rir durant ma mission : Am\u00e9lioration de mon anglais, pr\u00e9paration des cours, \u00eatre \u00e0 l&rsquo;aise devant des \u00e9l\u00e8ves, am\u00e9lioration de ma p\u00e9dagogie d&rsquo;enseignement, nouvelles comp\u00e9tences au niveau de la construction et du bricolage (usage d&rsquo;outils)<\/p>\n<p class=\"p2\" style=\"text-align: justify;\">Cette mission m&rsquo;a permis de d\u00e9couvrir de l&rsquo;int\u00e9rieur la culture laotienne. De cr\u00e9er de forts liens avec la population locale (en particulier les membres de l&rsquo;association et mes \u00e9l\u00e8ves) ainsi qu&rsquo;avec les autres b\u00e9n\u00e9voles internationaux. Elle m&rsquo;a apport\u00e9 tellement d&rsquo;un point de vue humain, j&rsquo;en ressors grandie avec de fabuleux souvenirs pleins la t\u00eate.<\/p>\n<p class=\"p2\" style=\"text-align: justify;\">Cette mission a \u00e9t\u00e9 conforme \u00e0 mes attentes, mon exp\u00e9rience a \u00e9t\u00e9 encore meilleure que ce qu&rsquo;\u00e0 quoi je m&rsquo;attendais. J&rsquo;ai vraiment eu le sentiment d&rsquo;avoir \u00e9t\u00e9 utile et d&rsquo;avoir \u00e9t\u00e9 int\u00e9gr\u00e9e au sein des Laotiens.<\/p>\n<p class=\"p2\" style=\"text-align: justify;\">Mes conseils pour les futurs b\u00e9n\u00e9voles au Laos : Le logement est assez rudimentaire ainsi que les toilettes. Il n&rsquo;y a pas beaucoup de confort, mais on s&rsquo;y habitue assez vite. La team Laotienne qui s&rsquo;occupe de l&rsquo;association l\u00e0-bas est formidable, ils sont juste un peu timides au d\u00e9part donc, \u00e7a sera s\u00fbrement \u00e0 vous de faire le premier pas pour entamer la discussion. Si vous avez une id\u00e9e, un projet que vous voulez r\u00e9aliser, n&rsquo;h\u00e9sitez pas \u00e0 proposer \u00e0 la team Laotienne, ils sont tr\u00e8s ouverts et motiv\u00e9s pour mener \u00e0 bien plein de projets.<\/p>\n<p class=\"p2\" style=\"text-align: justify;\">En arrivant \u00e0 l&rsquo;a\u00e9roport, vous allez pouvoir \u00e9changer votre argent en lao kip (lak) qui est la monnaie de l\u00e0-bas ainsi que d&rsquo;acheter une carte sim pour pouvoir avoir de l&rsquo;internet l\u00e0-bas.<\/p>\n<p class=\"p2\" style=\"text-align: justify;\">Ne rentrez surtout pas en France avec des kips, car vous ne pourrez plus les \u00e9changer. Et, pour aller de Ventiane\/Luang Prabang (les deux villes avec un a\u00e9roport au Laos), vous pourrez prendre un minivan ou le train. Emmenez que des habits que vous pouvez salir (ou auxquels vous ne tenez pas tellement) et seulement une tenue sympa pour sortir en ville le weekend.<\/p>\n<p class=\"p2\" style=\"text-align: justify;\">Et surtout pas de stress, vous \u00eates sur le point de vivre la plus belle exp\u00e9rience de votre vie \ud83d\ude42<\/p>\n<p class=\"p5\" style=\"text-align: justify;\">Mes bonnes adresses :<span class=\"Apple-converted-space\">\u00a0 <\/span>Luang Prabang (j&rsquo;ai visit\u00e9 la r\u00e9serve naturelle des \u00e9l\u00e9phants l\u00e0-bas avec Mandalao). Le budget \u00e0 pr\u00e9voir par semaine pour les futurs b\u00e9n\u00e9voles et de 50 euros.<\/p>\n<p class=\"p5\" style=\"text-align: justify;\">Pour moi, la d\u00e9finition de l&rsquo;engagement b\u00e9n\u00e9vole \u00e0 l&rsquo;international, c&rsquo;est :<span class=\"Apple-converted-space\">\u00a0 <\/span>\u00catre \u00e0 l&rsquo;\u00e9coute de la population locale, faire de son mieux pour r\u00e9pondre \u00e0 leurs besoins, \u00eatre respectueux, aimable, positif et ouvert d&rsquo;esprit. \u00catre capable de s&rsquo;adapter facilement \u00e0 diff\u00e9rentes situations.<\/p>\n<p class=\"p2\" style=\"text-align: justify;\">\u00c0 mon retour, je pense que j&rsquo;aurais tendance \u00e0 beaucoup plus relativiser, que je serais moins mat\u00e9rialiste et que je serais plus heureuse tout simplement. \u00bb<\/p>\n<p style=\"text-align: justify;\">Merci \u00e0 Marion pour son engagement ! Pour plus d&rsquo;informations, n&rsquo;h\u00e9sitez pas \u00e0 nous contacter \u00e0 l&rsquo;adresse <u><a href=\"mailto:info@globalong.com\" target=\"_blank\" rel=\"noopener\">info@globalong.com<\/a><\/u>.<\/p>\n","protected":false},"excerpt":{"rendered":"<p>Marion, adh\u00e9rente de l\u2019Association Globalong et r\u00e9cemment engag\u00e9e sur une mission au Laos nous livre son t\u00e9moignage ! \u00ab Je souhaitais partir faire une mission humanitaire dans l&rsquo;enseignement de l&rsquo;anglais \u00e0 des jeunes, car je fais actuellement des \u00e9tudes pour devenir professeure d&rsquo;anglais dans le secondaire. En plus d&rsquo;acqu\u00e9rir de l&rsquo;exp\u00e9rience pour mon futur m\u00e9tier, [&hellip;]<\/p>\n","protected":false},"author":9,"featured_media":15471,"parent":883,"menu_order":0,"comment_status":"closed","ping_status":"closed","template":"","meta":{"footnotes":""},"yoast_head":"<!-- This site is optimized with the Yoast SEO Premium plugin v23.4 (Yoast SEO v23.4) - https:\/\/yoast.com\/wordpress\/plugins\/seo\/ -->\n<title>Laos - Marion - Association Globalong<\/title>\n<meta name=\"robots\" content=\"index, follow, max-snippet:-1, max-image-preview:large, max-video-preview:-1\" \/>\n<link rel=\"canonical\" href=\"https:\/\/www.globalong.com\/blog\/avis-temoignages-globalong\/laos-marion\/\" \/>\n<meta property=\"og:locale\" content=\"fr_FR\" \/>\n<meta property=\"og:type\" content=\"article\" \/>\n<meta property=\"og:title\" content=\"Laos - Marion\" \/>\n<meta property=\"og:description\" content=\"Marion, adh\u00e9rente de l\u2019Association Globalong et r\u00e9cemment engag\u00e9e sur une mission au Laos nous livre son t\u00e9moignage ! \u00ab Je souhaitais partir faire une mission humanitaire dans l&rsquo;enseignement de l&rsquo;anglais \u00e0 des jeunes, car je fais actuellement des \u00e9tudes pour devenir professeure d&rsquo;anglais dans le secondaire. En plus d&rsquo;acqu\u00e9rir de l&rsquo;exp\u00e9rience pour mon futur m\u00e9tier, [&hellip;]\" \/>\n<meta property=\"og:url\" content=\"https:\/\/www.globalong.com\/blog\/avis-temoignages-globalong\/laos-marion\/\" \/>\n<meta property=\"og:site_name\" content=\"Association Globalong\" \/>\n<meta property=\"article:publisher\" content=\"https:\/\/www.facebook.com\/globalong\" \/>\n<meta property=\"article:modified_time\" content=\"2023-07-05T15:59:46+00:00\" \/>\n<meta property=\"og:image\" content=\"https:\/\/www.globalong.com\/blog\/wp-content\/uploads\/2023\/07\/Marion-en-mission-au-Laos-Globalong.jpg\" \/>\n\t<meta property=\"og:image:width\" content=\"1200\" \/>\n\t<meta property=\"og:image:height\" content=\"1600\" \/>\n\t<meta property=\"og:image:type\" content=\"image\/jpeg\" \/>\n<meta name=\"twitter:card\" content=\"summary_large_image\" \/>\n<meta name=\"twitter:label1\" content=\"Dur\u00e9e de lecture estim\u00e9e\" \/>\n\t<meta name=\"twitter:data1\" content=\"4 minutes\" \/>\n<script type=\"application\/ld+json\" class=\"yoast-schema-graph\">{\"@context\":\"https:\/\/schema.org\",\"@graph\":[{\"@type\":\"WebPage\",\"@id\":\"https:\/\/www.globalong.com\/blog\/avis-temoignages-globalong\/laos-marion\/\",\"url\":\"https:\/\/www.globalong.com\/blog\/avis-temoignages-globalong\/laos-marion\/\",\"name\":\"Laos - Marion - Association Globalong\",\"isPartOf\":{\"@id\":\"https:\/\/www.globalong.com\/blog\/#website\"},\"primaryImageOfPage\":{\"@id\":\"https:\/\/www.globalong.com\/blog\/avis-temoignages-globalong\/laos-marion\/#primaryimage\"},\"image\":{\"@id\":\"https:\/\/www.globalong.com\/blog\/avis-temoignages-globalong\/laos-marion\/#primaryimage\"},\"thumbnailUrl\":\"https:\/\/www.globalong.com\/blog\/wp-content\/uploads\/2023\/07\/Marion-en-mission-au-Laos-Globalong.jpg\",\"datePublished\":\"2023-07-05T15:58:52+00:00\",\"dateModified\":\"2023-07-05T15:59:46+00:00\",\"breadcrumb\":{\"@id\":\"https:\/\/www.globalong.com\/blog\/avis-temoignages-globalong\/laos-marion\/#breadcrumb\"},\"inLanguage\":\"fr-FR\",\"potentialAction\":[{\"@type\":\"ReadAction\",\"target\":[\"https:\/\/www.globalong.com\/blog\/avis-temoignages-globalong\/laos-marion\/\"]}]},{\"@type\":\"ImageObject\",\"inLanguage\":\"fr-FR\",\"@id\":\"https:\/\/www.globalong.com\/blog\/avis-temoignages-globalong\/laos-marion\/#primaryimage\",\"url\":\"https:\/\/www.globalong.com\/blog\/wp-content\/uploads\/2023\/07\/Marion-en-mission-au-Laos-Globalong.jpg\",\"contentUrl\":\"https:\/\/www.globalong.com\/blog\/wp-content\/uploads\/2023\/07\/Marion-en-mission-au-Laos-Globalong.jpg\",\"width\":1200,\"height\":1600,\"caption\":\"volontaire en mission humanitaire au laos\"},{\"@type\":\"BreadcrumbList\",\"@id\":\"https:\/\/www.globalong.com\/blog\/avis-temoignages-globalong\/laos-marion\/#breadcrumb\",\"itemListElement\":[{\"@type\":\"ListItem\",\"position\":1,\"name\":\"Accueil\",\"item\":\"https:\/\/www.globalong.com\/blog\/\"},{\"@type\":\"ListItem\",\"position\":2,\"name\":\"T\u00e9moignages et avis de volontaires Globalong\",\"item\":\"https:\/\/www.globalong.com\/blog\/avis-temoignages-globalong\/\"},{\"@type\":\"ListItem\",\"position\":3,\"name\":\"Laos &#8211; Marion\"}]},{\"@type\":\"WebSite\",\"@id\":\"https:\/\/www.globalong.com\/blog\/#website\",\"url\":\"https:\/\/www.globalong.com\/blog\/\",\"name\":\"https:\/\/www.globalong.com\/\",\"description\":\"Mission humanitaire, stage \u00e9tudiant et voyage linguistique\",\"publisher\":{\"@id\":\"https:\/\/www.globalong.com\/blog\/#organization\"},\"potentialAction\":[{\"@type\":\"SearchAction\",\"target\":{\"@type\":\"EntryPoint\",\"urlTemplate\":\"https:\/\/www.globalong.com\/blog\/?s={search_term_string}\"},\"query-input\":{\"@type\":\"PropertyValueSpecification\",\"valueRequired\":true,\"valueName\":\"search_term_string\"}}],\"inLanguage\":\"fr-FR\"},{\"@type\":\"Organization\",\"@id\":\"https:\/\/www.globalong.com\/blog\/#organization\",\"name\":\"Association Globalong\",\"url\":\"https:\/\/www.globalong.com\/blog\/\",\"logo\":{\"@type\":\"ImageObject\",\"inLanguage\":\"fr-FR\",\"@id\":\"https:\/\/www.globalong.com\/blog\/#\/schema\/logo\/image\/\",\"url\":\"https:\/\/www.globalong.com\/blog\/wp-content\/uploads\/2014\/11\/cropped-cropped-Logo-et-Afrique-Globalong-petite-taille-2.jpg\",\"contentUrl\":\"https:\/\/www.globalong.com\/blog\/wp-content\/uploads\/2014\/11\/cropped-cropped-Logo-et-Afrique-Globalong-petite-taille-2.jpg\",\"width\":512,\"height\":512,\"caption\":\"Association Globalong\"},\"image\":{\"@id\":\"https:\/\/www.globalong.com\/blog\/#\/schema\/logo\/image\/\"},\"sameAs\":[\"https:\/\/www.facebook.com\/globalong\"]}]}<\/script>\n<!-- \/ Yoast SEO Premium plugin. -->","yoast_head_json":{"title":"Laos - Marion - Association Globalong","robots":{"index":"index","follow":"follow","max-snippet":"max-snippet:-1","max-image-preview":"max-image-preview:large","max-video-preview":"max-video-preview:-1"},"canonical":"https:\/\/www.globalong.com\/blog\/avis-temoignages-globalong\/laos-marion\/","og_locale":"fr_FR","og_type":"article","og_title":"Laos - Marion","og_description":"Marion, adh\u00e9rente de l\u2019Association Globalong et r\u00e9cemment engag\u00e9e sur une mission au Laos nous livre son t\u00e9moignage ! \u00ab Je souhaitais partir faire une mission humanitaire dans l&rsquo;enseignement de l&rsquo;anglais \u00e0 des jeunes, car je fais actuellement des \u00e9tudes pour devenir professeure d&rsquo;anglais dans le secondaire. En plus d&rsquo;acqu\u00e9rir de l&rsquo;exp\u00e9rience pour mon futur m\u00e9tier, [&hellip;]","og_url":"https:\/\/www.globalong.com\/blog\/avis-temoignages-globalong\/laos-marion\/","og_site_name":"Association Globalong","article_publisher":"https:\/\/www.facebook.com\/globalong","article_modified_time":"2023-07-05T15:59:46+00:00","og_image":[{"width":1200,"height":1600,"url":"https:\/\/www.globalong.com\/blog\/wp-content\/uploads\/2023\/07\/Marion-en-mission-au-Laos-Globalong.jpg","type":"image\/jpeg"}],"twitter_card":"summary_large_image","twitter_misc":{"Dur\u00e9e de lecture estim\u00e9e":"4 minutes"},"schema":{"@context":"https:\/\/schema.org","@graph":[{"@type":"WebPage","@id":"https:\/\/www.globalong.com\/blog\/avis-temoignages-globalong\/laos-marion\/","url":"https:\/\/www.globalong.com\/blog\/avis-temoignages-globalong\/laos-marion\/","name":"Laos - Marion - Association Globalong","isPartOf":{"@id":"https:\/\/www.globalong.com\/blog\/#website"},"primaryImageOfPage":{"@id":"https:\/\/www.globalong.com\/blog\/avis-temoignages-globalong\/laos-marion\/#primaryimage"},"image":{"@id":"https:\/\/www.globalong.com\/blog\/avis-temoignages-globalong\/laos-marion\/#primaryimage"},"thumbnailUrl":"https:\/\/www.globalong.com\/blog\/wp-content\/uploads\/2023\/07\/Marion-en-mission-au-Laos-Globalong.jpg","datePublished":"2023-07-05T15:58:52+00:00","dateModified":"2023-07-05T15:59:46+00:00","breadcrumb":{"@id":"https:\/\/www.globalong.com\/blog\/avis-temoignages-globalong\/laos-marion\/#breadcrumb"},"inLanguage":"fr-FR","potentialAction":[{"@type":"ReadAction","target":["https:\/\/www.globalong.com\/blog\/avis-temoignages-globalong\/laos-marion\/"]}]},{"@type":"ImageObject","inLanguage":"fr-FR","@id":"https:\/\/www.globalong.com\/blog\/avis-temoignages-globalong\/laos-marion\/#primaryimage","url":"https:\/\/www.globalong.com\/blog\/wp-content\/uploads\/2023\/07\/Marion-en-mission-au-Laos-Globalong.jpg","contentUrl":"https:\/\/www.globalong.com\/blog\/wp-content\/uploads\/2023\/07\/Marion-en-mission-au-Laos-Globalong.jpg","width":1200,"height":1600,"caption":"volontaire en mission humanitaire au laos"},{"@type":"BreadcrumbList","@id":"https:\/\/www.globalong.com\/blog\/avis-temoignages-globalong\/laos-marion\/#breadcrumb","itemListElement":[{"@type":"ListItem","position":1,"name":"Accueil","item":"https:\/\/www.globalong.com\/blog\/"},{"@type":"ListItem","position":2,"name":"T\u00e9moignages et avis de volontaires Globalong","item":"https:\/\/www.globalong.com\/blog\/avis-temoignages-globalong\/"},{"@type":"ListItem","position":3,"name":"Laos &#8211; Marion"}]},{"@type":"WebSite","@id":"https:\/\/www.globalong.com\/blog\/#website","url":"https:\/\/www.globalong.com\/blog\/","name":"https:\/\/www.globalong.com\/","description":"Mission humanitaire, stage \u00e9tudiant et voyage linguistique","publisher":{"@id":"https:\/\/www.globalong.com\/blog\/#organization"},"potentialAction":[{"@type":"SearchAction","target":{"@type":"EntryPoint","urlTemplate":"https:\/\/www.globalong.com\/blog\/?s={search_term_string}"},"query-input":{"@type":"PropertyValueSpecification","valueRequired":true,"valueName":"search_term_string"}}],"inLanguage":"fr-FR"},{"@type":"Organization","@id":"https:\/\/www.globalong.com\/blog\/#organization","name":"Association Globalong","url":"https:\/\/www.globalong.com\/blog\/","logo":{"@type":"ImageObject","inLanguage":"fr-FR","@id":"https:\/\/www.globalong.com\/blog\/#\/schema\/logo\/image\/","url":"https:\/\/www.globalong.com\/blog\/wp-content\/uploads\/2014\/11\/cropped-cropped-Logo-et-Afrique-Globalong-petite-taille-2.jpg","contentUrl":"https:\/\/www.globalong.com\/blog\/wp-content\/uploads\/2014\/11\/cropped-cropped-Logo-et-Afrique-Globalong-petite-taille-2.jpg","width":512,"height":512,"caption":"Association Globalong"},"image":{"@id":"https:\/\/www.globalong.com\/blog\/#\/schema\/logo\/image\/"},"sameAs":["https:\/\/www.facebook.com\/globalong"]}]}},"_links":{"self":[{"href":"https:\/\/www.globalong.com\/blog\/wp-json\/wp\/v2\/pages\/15470"}],"collection":[{"href":"https:\/\/www.globalong.com\/blog\/wp-json\/wp\/v2\/pages"}],"about":[{"href":"https:\/\/www.globalong.com\/blog\/wp-json\/wp\/v2\/types\/page"}],"author":[{"embeddable":true,"href":"https:\/\/www.globalong.com\/blog\/wp-json\/wp\/v2\/users\/9"}],"replies":[{"embeddable":true,"href":"https:\/\/www.globalong.com\/blog\/wp-json\/wp\/v2\/comments?post=15470"}],"version-history":[{"count":3,"href":"https:\/\/www.globalong.com\/blog\/wp-json\/wp\/v2\/pages\/15470\/revisions"}],"predecessor-version":[{"id":15474,"href":"https:\/\/www.globalong.com\/blog\/wp-json\/wp\/v2\/pages\/15470\/revisions\/15474"}],"up":[{"embeddable":true,"href":"https:\/\/www.globalong.com\/blog\/wp-json\/wp\/v2\/pages\/883"}],"wp:featuredmedia":[{"embeddable":true,"href":"https:\/\/www.globalong.com\/blog\/wp-json\/wp\/v2\/media\/15471"}],"wp:attachment":[{"href":"https:\/\/www.globalong.com\/blog\/wp-json\/wp\/v2\/media?parent=15470"}],"curies":[{"name":"wp","href":"https:\/\/api.w.org\/{rel}","templated":true}]}}