{"id":15485,"date":"2023-07-11T17:56:53","date_gmt":"2023-07-11T15:56:53","guid":{"rendered":"https:\/\/www.globalong.com\/blog\/?page_id=15485"},"modified":"2023-07-11T17:57:03","modified_gmt":"2023-07-11T15:57:03","slug":"iles-galapagos-marius","status":"publish","type":"page","link":"https:\/\/www.globalong.com\/blog\/avis-temoignages-globalong\/iles-galapagos-marius\/","title":{"rendered":"Iles Galapagos &#8211; Marius"},"content":{"rendered":"<p style=\"text-align: center;\"><strong>Marius, adh\u00e9rent de l\u2019Association Globalong et r\u00e9cemment engag\u00e9 sur une <a href=\"https:\/\/www.globalong.com\/sejour-benevolat\/volontariat-international-galapagos-stage-etudiant\/ecovolontariat-galapagos-restauration-protection-stage.html\" target=\"_blank\" rel=\"noopener\">mission de protection de l&rsquo;environnement des Iles Galapagos<\/a>, nous livre son t\u00e9moignage !<\/strong><\/p>\n<p class=\"p1\" style=\"text-align: justify;\">\u00ab\u00a0J\u2019ai souhait\u00e9 partir car je souhaitais d\u00e9couvrir une nouvelle culture et une nouvelle r\u00e9gion du monde et franchement, tout \u00e9tait parfait !<\/p>\n<p class=\"p1\" style=\"text-align: justify;\">Concernant le planning, on travaillait 5j\/7 g\u00e9n\u00e9ralement de 8 \u00e0 12h.<\/p>\n<p class=\"p1\" style=\"text-align: justify;\">Les t\u00e2ches quotidiennes \u00e9taient nourrir les tortues, nettoyer des plages, planter de nouvelles plantes indig\u00e8nes et enlever les plantes invasives.<\/p>\n<p class=\"p1\" style=\"text-align: justify;\">Comme mat\u00e9riel, nous avions \u00e0 disposition des outils de jardinage et des bottes.<\/p>\n<p class=\"p3\" style=\"text-align: justify;\">J\u2019ai pu am\u00e9liorer mon niveau d\u2019espagnol et acqu\u00e9rir des connaissances en bricolage.<\/p>\n<p class=\"p3\" style=\"text-align: justify;\">Mes conseils pour les futurs b\u00e9n\u00e9voles sont de ne pas oublier de prendre des gants, une gourde d\u2019eau et partir avec des affaires que l\u2019on peut salir.<\/p>\n<p class=\"p3\" style=\"text-align: justify;\">Peut-\u00eatre que les activit\u00e9s sur place (en dehors du travail) n\u00e9cessitent un masque de plong\u00e9e (pour \u00e9viter de devoir en louer un sur place).<\/p>\n<p class=\"p3\" style=\"text-align: justify;\">Sur place, je conseillerai aux b\u00e9n\u00e9voles de pr\u00e9voir entre 100-150\u20ac\/semaine je pense.<\/p>\n<p class=\"p3\" style=\"text-align: justify;\">Cette mission m\u2019a apport\u00e9 une ouverture aux autres et la d\u00e9couverte d\u2019un endroit magnifique et incroyable. Elle a \u00e9t\u00e9 parfaitement conforme \u00e0 mes attentes, le lieu \u00e9tait \u00e0 la hauteur de mes esp\u00e9rances et les locaux et volontaires tous gentils !<\/p>\n<p class=\"p3\" style=\"text-align: justify;\">Pour moi, la d\u00e9finition de l\u2019engagement b\u00e9n\u00e9vole, c&rsquo;est un engagement complet pour aider du mieux que l\u2019on peut les personnes sur places.<\/p>\n<p class=\"p3\" style=\"text-align: justify;\">J\u2019ai envie de repartir ! \u00ab\u00a0<\/p>\n<p style=\"text-align: justify;\"><strong>Merci \u00e0 Marius pour son engagement, si vous souhaitez en savoir plus, n&rsquo;h\u00e9sitez pas \u00e0 nous contacter !<\/strong><\/p>\n<p><a href=\"https:\/\/www.globalong.com\/blog\/wp-content\/uploads\/2023\/06\/mission-de-protection-de-lenvironnement-des-galapagos.png\"><img loading=\"lazy\" decoding=\"async\" class=\"alignnone size-full wp-image-15410\" src=\"https:\/\/www.globalong.com\/blog\/wp-content\/uploads\/2023\/06\/mission-de-protection-de-lenvironnement-des-galapagos.png\" alt=\"\" width=\"2408\" height=\"888\" srcset=\"https:\/\/www.globalong.com\/blog\/wp-content\/uploads\/2023\/06\/mission-de-protection-de-lenvironnement-des-galapagos.png 2408w, https:\/\/www.globalong.com\/blog\/wp-content\/uploads\/2023\/06\/mission-de-protection-de-lenvironnement-des-galapagos-300x111.png 300w, https:\/\/www.globalong.com\/blog\/wp-content\/uploads\/2023\/06\/mission-de-protection-de-lenvironnement-des-galapagos-1024x378.png 1024w, https:\/\/www.globalong.com\/blog\/wp-content\/uploads\/2023\/06\/mission-de-protection-de-lenvironnement-des-galapagos-768x283.png 768w, https:\/\/www.globalong.com\/blog\/wp-content\/uploads\/2023\/06\/mission-de-protection-de-lenvironnement-des-galapagos-1536x566.png 1536w, https:\/\/www.globalong.com\/blog\/wp-content\/uploads\/2023\/06\/mission-de-protection-de-lenvironnement-des-galapagos-2048x755.png 2048w\" sizes=\"(max-width: 2408px) 100vw, 2408px\" \/><\/a> <a href=\"https:\/\/www.globalong.com\/blog\/wp-content\/uploads\/2023\/06\/mission-humanitaire-aux-galapagos.png\"><img loading=\"lazy\" decoding=\"async\" class=\"alignnone wp-image-15412 size-full\" src=\"https:\/\/www.globalong.com\/blog\/wp-content\/uploads\/2023\/06\/mission-humanitaire-aux-galapagos.png\" alt=\"\" width=\"2408\" height=\"888\" srcset=\"https:\/\/www.globalong.com\/blog\/wp-content\/uploads\/2023\/06\/mission-humanitaire-aux-galapagos.png 2408w, https:\/\/www.globalong.com\/blog\/wp-content\/uploads\/2023\/06\/mission-humanitaire-aux-galapagos-300x111.png 300w, https:\/\/www.globalong.com\/blog\/wp-content\/uploads\/2023\/06\/mission-humanitaire-aux-galapagos-1024x378.png 1024w, https:\/\/www.globalong.com\/blog\/wp-content\/uploads\/2023\/06\/mission-humanitaire-aux-galapagos-768x283.png 768w, https:\/\/www.globalong.com\/blog\/wp-content\/uploads\/2023\/06\/mission-humanitaire-aux-galapagos-1536x566.png 1536w, https:\/\/www.globalong.com\/blog\/wp-content\/uploads\/2023\/06\/mission-humanitaire-aux-galapagos-2048x755.png 2048w\" sizes=\"(max-width: 2408px) 100vw, 2408px\" \/><\/a><\/p>\n","protected":false},"excerpt":{"rendered":"<p>Marius, adh\u00e9rent de l\u2019Association Globalong et r\u00e9cemment engag\u00e9 sur une mission de protection de l&rsquo;environnement des Iles Galapagos, nous livre son t\u00e9moignage ! \u00ab\u00a0J\u2019ai souhait\u00e9 partir car je souhaitais d\u00e9couvrir une nouvelle culture et une nouvelle r\u00e9gion du monde et franchement, tout \u00e9tait parfait ! Concernant le planning, on travaillait 5j\/7 g\u00e9n\u00e9ralement de 8 \u00e0 [&hellip;]<\/p>\n","protected":false},"author":9,"featured_media":15486,"parent":883,"menu_order":0,"comment_status":"closed","ping_status":"closed","template":"","meta":{"footnotes":""},"yoast_head":"<!-- This site is optimized with the Yoast SEO Premium plugin v23.4 (Yoast SEO v23.4) - https:\/\/yoast.com\/wordpress\/plugins\/seo\/ -->\n<title>Iles Galapagos - Marius - Association Globalong<\/title>\n<meta name=\"robots\" content=\"index, follow, max-snippet:-1, max-image-preview:large, max-video-preview:-1\" \/>\n<link rel=\"canonical\" href=\"https:\/\/www.globalong.com\/blog\/avis-temoignages-globalong\/iles-galapagos-marius\/\" \/>\n<meta property=\"og:locale\" content=\"fr_FR\" \/>\n<meta property=\"og:type\" content=\"article\" \/>\n<meta property=\"og:title\" content=\"Iles Galapagos - Marius\" \/>\n<meta property=\"og:description\" content=\"Marius, adh\u00e9rent de l\u2019Association Globalong et r\u00e9cemment engag\u00e9 sur une mission de protection de l&rsquo;environnement des Iles Galapagos, nous livre son t\u00e9moignage ! \u00ab\u00a0J\u2019ai souhait\u00e9 partir car je souhaitais d\u00e9couvrir une nouvelle culture et une nouvelle r\u00e9gion du monde et franchement, tout \u00e9tait parfait ! Concernant le planning, on travaillait 5j\/7 g\u00e9n\u00e9ralement de 8 \u00e0 [&hellip;]\" \/>\n<meta property=\"og:url\" content=\"https:\/\/www.globalong.com\/blog\/avis-temoignages-globalong\/iles-galapagos-marius\/\" \/>\n<meta property=\"og:site_name\" content=\"Association Globalong\" \/>\n<meta property=\"article:publisher\" content=\"https:\/\/www.facebook.com\/globalong\" \/>\n<meta property=\"article:modified_time\" content=\"2023-07-11T15:57:03+00:00\" \/>\n<meta property=\"og:image\" content=\"https:\/\/www.globalong.com\/blog\/wp-content\/uploads\/2023\/07\/marius-galapagos.jpeg\" \/>\n\t<meta property=\"og:image:width\" content=\"1108\" \/>\n\t<meta property=\"og:image:height\" content=\"1478\" \/>\n\t<meta property=\"og:image:type\" content=\"image\/jpeg\" \/>\n<meta name=\"twitter:card\" content=\"summary_large_image\" \/>\n<meta name=\"twitter:label1\" content=\"Dur\u00e9e de lecture estim\u00e9e\" \/>\n\t<meta name=\"twitter:data1\" content=\"1 minute\" \/>\n<script type=\"application\/ld+json\" class=\"yoast-schema-graph\">{\"@context\":\"https:\/\/schema.org\",\"@graph\":[{\"@type\":\"WebPage\",\"@id\":\"https:\/\/www.globalong.com\/blog\/avis-temoignages-globalong\/iles-galapagos-marius\/\",\"url\":\"https:\/\/www.globalong.com\/blog\/avis-temoignages-globalong\/iles-galapagos-marius\/\",\"name\":\"Iles Galapagos - Marius - Association Globalong\",\"isPartOf\":{\"@id\":\"https:\/\/www.globalong.com\/blog\/#website\"},\"primaryImageOfPage\":{\"@id\":\"https:\/\/www.globalong.com\/blog\/avis-temoignages-globalong\/iles-galapagos-marius\/#primaryimage\"},\"image\":{\"@id\":\"https:\/\/www.globalong.com\/blog\/avis-temoignages-globalong\/iles-galapagos-marius\/#primaryimage\"},\"thumbnailUrl\":\"https:\/\/www.globalong.com\/blog\/wp-content\/uploads\/2023\/07\/marius-galapagos.jpeg\",\"datePublished\":\"2023-07-11T15:56:53+00:00\",\"dateModified\":\"2023-07-11T15:57:03+00:00\",\"breadcrumb\":{\"@id\":\"https:\/\/www.globalong.com\/blog\/avis-temoignages-globalong\/iles-galapagos-marius\/#breadcrumb\"},\"inLanguage\":\"fr-FR\",\"potentialAction\":[{\"@type\":\"ReadAction\",\"target\":[\"https:\/\/www.globalong.com\/blog\/avis-temoignages-globalong\/iles-galapagos-marius\/\"]}]},{\"@type\":\"ImageObject\",\"inLanguage\":\"fr-FR\",\"@id\":\"https:\/\/www.globalong.com\/blog\/avis-temoignages-globalong\/iles-galapagos-marius\/#primaryimage\",\"url\":\"https:\/\/www.globalong.com\/blog\/wp-content\/uploads\/2023\/07\/marius-galapagos.jpeg\",\"contentUrl\":\"https:\/\/www.globalong.com\/blog\/wp-content\/uploads\/2023\/07\/marius-galapagos.jpeg\",\"width\":1108,\"height\":1478,\"caption\":\"galapagos\"},{\"@type\":\"BreadcrumbList\",\"@id\":\"https:\/\/www.globalong.com\/blog\/avis-temoignages-globalong\/iles-galapagos-marius\/#breadcrumb\",\"itemListElement\":[{\"@type\":\"ListItem\",\"position\":1,\"name\":\"Accueil\",\"item\":\"https:\/\/www.globalong.com\/blog\/\"},{\"@type\":\"ListItem\",\"position\":2,\"name\":\"T\u00e9moignages et avis de volontaires Globalong\",\"item\":\"https:\/\/www.globalong.com\/blog\/avis-temoignages-globalong\/\"},{\"@type\":\"ListItem\",\"position\":3,\"name\":\"Iles Galapagos &#8211; Marius\"}]},{\"@type\":\"WebSite\",\"@id\":\"https:\/\/www.globalong.com\/blog\/#website\",\"url\":\"https:\/\/www.globalong.com\/blog\/\",\"name\":\"https:\/\/www.globalong.com\/\",\"description\":\"Mission humanitaire, stage \u00e9tudiant et voyage linguistique\",\"publisher\":{\"@id\":\"https:\/\/www.globalong.com\/blog\/#organization\"},\"potentialAction\":[{\"@type\":\"SearchAction\",\"target\":{\"@type\":\"EntryPoint\",\"urlTemplate\":\"https:\/\/www.globalong.com\/blog\/?s={search_term_string}\"},\"query-input\":{\"@type\":\"PropertyValueSpecification\",\"valueRequired\":true,\"valueName\":\"search_term_string\"}}],\"inLanguage\":\"fr-FR\"},{\"@type\":\"Organization\",\"@id\":\"https:\/\/www.globalong.com\/blog\/#organization\",\"name\":\"Association Globalong\",\"url\":\"https:\/\/www.globalong.com\/blog\/\",\"logo\":{\"@type\":\"ImageObject\",\"inLanguage\":\"fr-FR\",\"@id\":\"https:\/\/www.globalong.com\/blog\/#\/schema\/logo\/image\/\",\"url\":\"https:\/\/www.globalong.com\/blog\/wp-content\/uploads\/2014\/11\/cropped-cropped-Logo-et-Afrique-Globalong-petite-taille-2.jpg\",\"contentUrl\":\"https:\/\/www.globalong.com\/blog\/wp-content\/uploads\/2014\/11\/cropped-cropped-Logo-et-Afrique-Globalong-petite-taille-2.jpg\",\"width\":512,\"height\":512,\"caption\":\"Association Globalong\"},\"image\":{\"@id\":\"https:\/\/www.globalong.com\/blog\/#\/schema\/logo\/image\/\"},\"sameAs\":[\"https:\/\/www.facebook.com\/globalong\"]}]}<\/script>\n<!-- \/ Yoast SEO Premium plugin. -->","yoast_head_json":{"title":"Iles Galapagos - Marius - Association Globalong","robots":{"index":"index","follow":"follow","max-snippet":"max-snippet:-1","max-image-preview":"max-image-preview:large","max-video-preview":"max-video-preview:-1"},"canonical":"https:\/\/www.globalong.com\/blog\/avis-temoignages-globalong\/iles-galapagos-marius\/","og_locale":"fr_FR","og_type":"article","og_title":"Iles Galapagos - Marius","og_description":"Marius, adh\u00e9rent de l\u2019Association Globalong et r\u00e9cemment engag\u00e9 sur une mission de protection de l&rsquo;environnement des Iles Galapagos, nous livre son t\u00e9moignage ! \u00ab\u00a0J\u2019ai souhait\u00e9 partir car je souhaitais d\u00e9couvrir une nouvelle culture et une nouvelle r\u00e9gion du monde et franchement, tout \u00e9tait parfait ! Concernant le planning, on travaillait 5j\/7 g\u00e9n\u00e9ralement de 8 \u00e0 [&hellip;]","og_url":"https:\/\/www.globalong.com\/blog\/avis-temoignages-globalong\/iles-galapagos-marius\/","og_site_name":"Association Globalong","article_publisher":"https:\/\/www.facebook.com\/globalong","article_modified_time":"2023-07-11T15:57:03+00:00","og_image":[{"width":1108,"height":1478,"url":"https:\/\/www.globalong.com\/blog\/wp-content\/uploads\/2023\/07\/marius-galapagos.jpeg","type":"image\/jpeg"}],"twitter_card":"summary_large_image","twitter_misc":{"Dur\u00e9e de lecture estim\u00e9e":"1 minute"},"schema":{"@context":"https:\/\/schema.org","@graph":[{"@type":"WebPage","@id":"https:\/\/www.globalong.com\/blog\/avis-temoignages-globalong\/iles-galapagos-marius\/","url":"https:\/\/www.globalong.com\/blog\/avis-temoignages-globalong\/iles-galapagos-marius\/","name":"Iles Galapagos - Marius - Association Globalong","isPartOf":{"@id":"https:\/\/www.globalong.com\/blog\/#website"},"primaryImageOfPage":{"@id":"https:\/\/www.globalong.com\/blog\/avis-temoignages-globalong\/iles-galapagos-marius\/#primaryimage"},"image":{"@id":"https:\/\/www.globalong.com\/blog\/avis-temoignages-globalong\/iles-galapagos-marius\/#primaryimage"},"thumbnailUrl":"https:\/\/www.globalong.com\/blog\/wp-content\/uploads\/2023\/07\/marius-galapagos.jpeg","datePublished":"2023-07-11T15:56:53+00:00","dateModified":"2023-07-11T15:57:03+00:00","breadcrumb":{"@id":"https:\/\/www.globalong.com\/blog\/avis-temoignages-globalong\/iles-galapagos-marius\/#breadcrumb"},"inLanguage":"fr-FR","potentialAction":[{"@type":"ReadAction","target":["https:\/\/www.globalong.com\/blog\/avis-temoignages-globalong\/iles-galapagos-marius\/"]}]},{"@type":"ImageObject","inLanguage":"fr-FR","@id":"https:\/\/www.globalong.com\/blog\/avis-temoignages-globalong\/iles-galapagos-marius\/#primaryimage","url":"https:\/\/www.globalong.com\/blog\/wp-content\/uploads\/2023\/07\/marius-galapagos.jpeg","contentUrl":"https:\/\/www.globalong.com\/blog\/wp-content\/uploads\/2023\/07\/marius-galapagos.jpeg","width":1108,"height":1478,"caption":"galapagos"},{"@type":"BreadcrumbList","@id":"https:\/\/www.globalong.com\/blog\/avis-temoignages-globalong\/iles-galapagos-marius\/#breadcrumb","itemListElement":[{"@type":"ListItem","position":1,"name":"Accueil","item":"https:\/\/www.globalong.com\/blog\/"},{"@type":"ListItem","position":2,"name":"T\u00e9moignages et avis de volontaires Globalong","item":"https:\/\/www.globalong.com\/blog\/avis-temoignages-globalong\/"},{"@type":"ListItem","position":3,"name":"Iles Galapagos &#8211; Marius"}]},{"@type":"WebSite","@id":"https:\/\/www.globalong.com\/blog\/#website","url":"https:\/\/www.globalong.com\/blog\/","name":"https:\/\/www.globalong.com\/","description":"Mission humanitaire, stage \u00e9tudiant et voyage linguistique","publisher":{"@id":"https:\/\/www.globalong.com\/blog\/#organization"},"potentialAction":[{"@type":"SearchAction","target":{"@type":"EntryPoint","urlTemplate":"https:\/\/www.globalong.com\/blog\/?s={search_term_string}"},"query-input":{"@type":"PropertyValueSpecification","valueRequired":true,"valueName":"search_term_string"}}],"inLanguage":"fr-FR"},{"@type":"Organization","@id":"https:\/\/www.globalong.com\/blog\/#organization","name":"Association Globalong","url":"https:\/\/www.globalong.com\/blog\/","logo":{"@type":"ImageObject","inLanguage":"fr-FR","@id":"https:\/\/www.globalong.com\/blog\/#\/schema\/logo\/image\/","url":"https:\/\/www.globalong.com\/blog\/wp-content\/uploads\/2014\/11\/cropped-cropped-Logo-et-Afrique-Globalong-petite-taille-2.jpg","contentUrl":"https:\/\/www.globalong.com\/blog\/wp-content\/uploads\/2014\/11\/cropped-cropped-Logo-et-Afrique-Globalong-petite-taille-2.jpg","width":512,"height":512,"caption":"Association Globalong"},"image":{"@id":"https:\/\/www.globalong.com\/blog\/#\/schema\/logo\/image\/"},"sameAs":["https:\/\/www.facebook.com\/globalong"]}]}},"_links":{"self":[{"href":"https:\/\/www.globalong.com\/blog\/wp-json\/wp\/v2\/pages\/15485"}],"collection":[{"href":"https:\/\/www.globalong.com\/blog\/wp-json\/wp\/v2\/pages"}],"about":[{"href":"https:\/\/www.globalong.com\/blog\/wp-json\/wp\/v2\/types\/page"}],"author":[{"embeddable":true,"href":"https:\/\/www.globalong.com\/blog\/wp-json\/wp\/v2\/users\/9"}],"replies":[{"embeddable":true,"href":"https:\/\/www.globalong.com\/blog\/wp-json\/wp\/v2\/comments?post=15485"}],"version-history":[{"count":2,"href":"https:\/\/www.globalong.com\/blog\/wp-json\/wp\/v2\/pages\/15485\/revisions"}],"predecessor-version":[{"id":19535,"href":"https:\/\/www.globalong.com\/blog\/wp-json\/wp\/v2\/pages\/15485\/revisions\/19535"}],"up":[{"embeddable":true,"href":"https:\/\/www.globalong.com\/blog\/wp-json\/wp\/v2\/pages\/883"}],"wp:featuredmedia":[{"embeddable":true,"href":"https:\/\/www.globalong.com\/blog\/wp-json\/wp\/v2\/media\/15486"}],"wp:attachment":[{"href":"https:\/\/www.globalong.com\/blog\/wp-json\/wp\/v2\/media?parent=15485"}],"curies":[{"name":"wp","href":"https:\/\/api.w.org\/{rel}","templated":true}]}}