{"id":15493,"date":"2023-07-13T16:21:46","date_gmt":"2023-07-13T14:21:46","guid":{"rendered":"https:\/\/www.globalong.com\/blog\/?page_id=15493"},"modified":"2023-07-13T16:21:54","modified_gmt":"2023-07-13T14:21:54","slug":"togo-anna","status":"publish","type":"page","link":"https:\/\/www.globalong.com\/blog\/avis-temoignages-globalong\/togo-anna\/","title":{"rendered":"Togo &#8211; Anna"},"content":{"rendered":"<p style=\"text-align: center;\"><strong>Anna, adh\u00e9rente de l&rsquo;Association Globalong et r\u00e9cemment engag\u00e9e sur une mission dans un orphelinat au Togo nous livre son t\u00e9moignage !\u00a0<\/strong><\/p>\n<p class=\"p1\">\u00ab\u00a0Je souhaitais d\u00e9couvrir une culture, approfondir des connaissances de mon m\u00e9tier en apprenant dans un orphelinat en Afrique, faire des rencontres.<\/p>\n<p class=\"p1\">Pour la mission \u00e0 l\u2019orphelinat, mettre en place des projets n\u2019est pas aussi simple. Je n\u2019ai pas pu r\u00e9aliser toutes les activit\u00e9s que j\u2019avais pr\u00e9vues. Je n\u2019ai pas eu de planning (prendre en compte que l\u2019orphelinat \u00e9tait en p\u00e9riode de vacances).<\/p>\n<p class=\"p1\">Mes t\u00e2ches quotidiennes \u00e9taient s\u2019occuper des enfants, g\u00e9rer tout l\u2019aspect du quotidien et rendre service aux mamas de l\u2019orphelinat. Concernant les nouvelles connaissances que j\u2019ai pu acqu\u00e9rir : L\u2019\u00e9ducation, la connaissance de culture, de valeurs et de croyances.<\/p>\n<p class=\"p1\">\u00c9norm\u00e9ment de partage \u00e0 travers la famille, les b\u00e9n\u00e9voles, les chauffeurs, les enfants et les employ\u00e9s de l\u2019orphelinat. Je me sens riche en mati\u00e8re humaine de cette exp\u00e9rience.<\/p>\n<p class=\"p1\">Mes conseils pour les futurs b\u00e9n\u00e9voles : bien lire les documents avant de partir, ne pas rester dans son coin et oser !<\/p>\n<p class=\"p1\">Pour moi, la d\u00e9finition de l\u2019engagement b\u00e9n\u00e9vole et la suivante : Un b\u00e9n\u00e9vole se doit respecter le pays, la culture et les valeurs des personnes appartenant \u00e0 ce pays. \u00catre ouvert au dialogue et aux \u00e9changes, ce qui permet un apprentissage approfondi.<\/p>\n<p class=\"p1\">\u00catre constamment dans la remise en question de ses actes afin de se mettre \u00e0 la place de l\u2019autre. Apporter bienveillance et partage.<\/p>\n<p class=\"p1\">C\u00f4t\u00e9 budget sur place, je vous conseille de pr\u00e9voir environ 100 euros pour trois semaines.<\/p>\n<p class=\"p1\">Cette mission m\u2019a apport\u00e9 l\u2019apprentissage d\u2019une culture, le partage, de la maturit\u00e9 et des connaissances bas\u00e9es sur une autre \u00e9ducation, cette mission a \u00e9t\u00e9 parfaitement conforme \u00e0 mes attentes.<\/p>\n<p class=\"p1\">De retour en France, j\u2019accompagne deux familles venant du continent africain. J\u2019ai l\u2019impression de pouvoir mieux me mettre \u00e0 leur place et donc mieux pouvoir les accompagner par la suite. De plus, cela m\u2019a ouvert en plus aux autres et au monde, j\u2019aimerais red\u00e9finir mes projets de vie et continuer dans cette voie. Cela m\u2019a apport\u00e9 de la maturit\u00e9.<\/p>\n<p class=\"p4\">Sans Globalong, je n\u2019aurais pas pu r\u00e9aliser cette exp\u00e9rience de vie incroyable.<\/p>\n<p class=\"p4\">Aujourd\u2019hui, je rentre le c\u0153ur rempli d\u2019amour et de joie. Vous avez permis de mettre sur mon chemin des rencontres que je n\u2019oublierai jamais.<\/p>\n<p class=\"p4\">Je rentre aussi avec un bagage enrichissant gr\u00e2ce aux apprentissages et le partage d\u2019une culture extraordinaire.<\/p>\n<p class=\"p4\">Mille mercis et j\u2019esp\u00e8re au plus profond de moi pouvoir renouveler une telle exp\u00e9rience.\u00a0\u00bb<\/p>\n<p><strong>Encore merci \u00e0 Anna pour son engagement et son soutien, nous vous laissons d\u00e9couvrir son exp\u00e9rience en photos ! Pour plus d\u2019informations, contactez-nous \u00e0 <u><a href=\"mailto:info@globalong.com\">info@globalong.com<\/a><\/u>.<\/strong><\/p>\n<p><a href=\"https:\/\/www.globalong.com\/blog\/wp-content\/uploads\/2023\/07\/anna-en-mission-au-togo.png\"><img loading=\"lazy\" decoding=\"async\" class=\"alignnone size-full wp-image-15494\" src=\"https:\/\/www.globalong.com\/blog\/wp-content\/uploads\/2023\/07\/anna-en-mission-au-togo.png\" alt=\"\" width=\"2422\" height=\"1076\" srcset=\"https:\/\/www.globalong.com\/blog\/wp-content\/uploads\/2023\/07\/anna-en-mission-au-togo.png 2422w, https:\/\/www.globalong.com\/blog\/wp-content\/uploads\/2023\/07\/anna-en-mission-au-togo-300x133.png 300w, https:\/\/www.globalong.com\/blog\/wp-content\/uploads\/2023\/07\/anna-en-mission-au-togo-1024x455.png 1024w, https:\/\/www.globalong.com\/blog\/wp-content\/uploads\/2023\/07\/anna-en-mission-au-togo-768x341.png 768w, https:\/\/www.globalong.com\/blog\/wp-content\/uploads\/2023\/07\/anna-en-mission-au-togo-1536x682.png 1536w, https:\/\/www.globalong.com\/blog\/wp-content\/uploads\/2023\/07\/anna-en-mission-au-togo-2048x910.png 2048w\" sizes=\"(max-width: 2422px) 100vw, 2422px\" \/><\/a> <a href=\"https:\/\/www.globalong.com\/blog\/wp-content\/uploads\/2023\/07\/mission-humanitaire-orphelinat-togo.png\"><img loading=\"lazy\" decoding=\"async\" class=\"alignnone size-full wp-image-15495\" src=\"https:\/\/www.globalong.com\/blog\/wp-content\/uploads\/2023\/07\/mission-humanitaire-orphelinat-togo.png\" alt=\"\" width=\"2422\" height=\"1076\" srcset=\"https:\/\/www.globalong.com\/blog\/wp-content\/uploads\/2023\/07\/mission-humanitaire-orphelinat-togo.png 2422w, https:\/\/www.globalong.com\/blog\/wp-content\/uploads\/2023\/07\/mission-humanitaire-orphelinat-togo-300x133.png 300w, https:\/\/www.globalong.com\/blog\/wp-content\/uploads\/2023\/07\/mission-humanitaire-orphelinat-togo-1024x455.png 1024w, https:\/\/www.globalong.com\/blog\/wp-content\/uploads\/2023\/07\/mission-humanitaire-orphelinat-togo-768x341.png 768w, https:\/\/www.globalong.com\/blog\/wp-content\/uploads\/2023\/07\/mission-humanitaire-orphelinat-togo-1536x682.png 1536w, https:\/\/www.globalong.com\/blog\/wp-content\/uploads\/2023\/07\/mission-humanitaire-orphelinat-togo-2048x910.png 2048w\" sizes=\"(max-width: 2422px) 100vw, 2422px\" \/><\/a><\/p>\n","protected":false},"excerpt":{"rendered":"<p>Anna, adh\u00e9rente de l&rsquo;Association Globalong et r\u00e9cemment engag\u00e9e sur une mission dans un orphelinat au Togo nous livre son t\u00e9moignage !\u00a0 \u00ab\u00a0Je souhaitais d\u00e9couvrir une culture, approfondir des connaissances de mon m\u00e9tier en apprenant dans un orphelinat en Afrique, faire des rencontres. Pour la mission \u00e0 l\u2019orphelinat, mettre en place des projets n\u2019est pas aussi [&hellip;]<\/p>\n","protected":false},"author":9,"featured_media":15496,"parent":883,"menu_order":0,"comment_status":"closed","ping_status":"closed","template":"","meta":{"footnotes":""},"yoast_head":"<!-- This site is optimized with the Yoast SEO Premium plugin v23.4 (Yoast SEO v23.4) - https:\/\/yoast.com\/wordpress\/plugins\/seo\/ -->\n<title>Togo - Anna - Association Globalong<\/title>\n<meta name=\"robots\" content=\"index, follow, max-snippet:-1, max-image-preview:large, max-video-preview:-1\" \/>\n<link rel=\"canonical\" href=\"https:\/\/www.globalong.com\/blog\/avis-temoignages-globalong\/togo-anna\/\" \/>\n<meta property=\"og:locale\" content=\"fr_FR\" \/>\n<meta property=\"og:type\" content=\"article\" \/>\n<meta property=\"og:title\" content=\"Togo - Anna\" \/>\n<meta property=\"og:description\" content=\"Anna, adh\u00e9rente de l&rsquo;Association Globalong et r\u00e9cemment engag\u00e9e sur une mission dans un orphelinat au Togo nous livre son t\u00e9moignage !\u00a0 \u00ab\u00a0Je souhaitais d\u00e9couvrir une culture, approfondir des connaissances de mon m\u00e9tier en apprenant dans un orphelinat en Afrique, faire des rencontres. Pour la mission \u00e0 l\u2019orphelinat, mettre en place des projets n\u2019est pas aussi [&hellip;]\" \/>\n<meta property=\"og:url\" content=\"https:\/\/www.globalong.com\/blog\/avis-temoignages-globalong\/togo-anna\/\" \/>\n<meta property=\"og:site_name\" content=\"Association Globalong\" \/>\n<meta property=\"article:publisher\" content=\"https:\/\/www.facebook.com\/globalong\" \/>\n<meta property=\"article:modified_time\" content=\"2023-07-13T14:21:54+00:00\" \/>\n<meta property=\"og:image\" content=\"https:\/\/www.globalong.com\/blog\/wp-content\/uploads\/2023\/07\/mission-humanitaire-anna-au-togo-scaled.jpeg\" \/>\n\t<meta property=\"og:image:width\" content=\"1920\" \/>\n\t<meta property=\"og:image:height\" content=\"2560\" \/>\n\t<meta property=\"og:image:type\" content=\"image\/jpeg\" \/>\n<meta name=\"twitter:card\" content=\"summary_large_image\" \/>\n<meta name=\"twitter:label1\" content=\"Dur\u00e9e de lecture estim\u00e9e\" \/>\n\t<meta name=\"twitter:data1\" content=\"3 minutes\" \/>\n<script type=\"application\/ld+json\" class=\"yoast-schema-graph\">{\"@context\":\"https:\/\/schema.org\",\"@graph\":[{\"@type\":\"WebPage\",\"@id\":\"https:\/\/www.globalong.com\/blog\/avis-temoignages-globalong\/togo-anna\/\",\"url\":\"https:\/\/www.globalong.com\/blog\/avis-temoignages-globalong\/togo-anna\/\",\"name\":\"Togo - Anna - Association Globalong\",\"isPartOf\":{\"@id\":\"https:\/\/www.globalong.com\/blog\/#website\"},\"primaryImageOfPage\":{\"@id\":\"https:\/\/www.globalong.com\/blog\/avis-temoignages-globalong\/togo-anna\/#primaryimage\"},\"image\":{\"@id\":\"https:\/\/www.globalong.com\/blog\/avis-temoignages-globalong\/togo-anna\/#primaryimage\"},\"thumbnailUrl\":\"https:\/\/www.globalong.com\/blog\/wp-content\/uploads\/2023\/07\/mission-humanitaire-anna-au-togo-scaled.jpeg\",\"datePublished\":\"2023-07-13T14:21:46+00:00\",\"dateModified\":\"2023-07-13T14:21:54+00:00\",\"breadcrumb\":{\"@id\":\"https:\/\/www.globalong.com\/blog\/avis-temoignages-globalong\/togo-anna\/#breadcrumb\"},\"inLanguage\":\"fr-FR\",\"potentialAction\":[{\"@type\":\"ReadAction\",\"target\":[\"https:\/\/www.globalong.com\/blog\/avis-temoignages-globalong\/togo-anna\/\"]}]},{\"@type\":\"ImageObject\",\"inLanguage\":\"fr-FR\",\"@id\":\"https:\/\/www.globalong.com\/blog\/avis-temoignages-globalong\/togo-anna\/#primaryimage\",\"url\":\"https:\/\/www.globalong.com\/blog\/wp-content\/uploads\/2023\/07\/mission-humanitaire-anna-au-togo-scaled.jpeg\",\"contentUrl\":\"https:\/\/www.globalong.com\/blog\/wp-content\/uploads\/2023\/07\/mission-humanitaire-anna-au-togo-scaled.jpeg\",\"width\":1920,\"height\":2560},{\"@type\":\"BreadcrumbList\",\"@id\":\"https:\/\/www.globalong.com\/blog\/avis-temoignages-globalong\/togo-anna\/#breadcrumb\",\"itemListElement\":[{\"@type\":\"ListItem\",\"position\":1,\"name\":\"Accueil\",\"item\":\"https:\/\/www.globalong.com\/blog\/\"},{\"@type\":\"ListItem\",\"position\":2,\"name\":\"T\u00e9moignages et avis de volontaires Globalong\",\"item\":\"https:\/\/www.globalong.com\/blog\/avis-temoignages-globalong\/\"},{\"@type\":\"ListItem\",\"position\":3,\"name\":\"Togo &#8211; Anna\"}]},{\"@type\":\"WebSite\",\"@id\":\"https:\/\/www.globalong.com\/blog\/#website\",\"url\":\"https:\/\/www.globalong.com\/blog\/\",\"name\":\"https:\/\/www.globalong.com\/\",\"description\":\"Mission humanitaire, stage \u00e9tudiant et voyage linguistique\",\"publisher\":{\"@id\":\"https:\/\/www.globalong.com\/blog\/#organization\"},\"potentialAction\":[{\"@type\":\"SearchAction\",\"target\":{\"@type\":\"EntryPoint\",\"urlTemplate\":\"https:\/\/www.globalong.com\/blog\/?s={search_term_string}\"},\"query-input\":{\"@type\":\"PropertyValueSpecification\",\"valueRequired\":true,\"valueName\":\"search_term_string\"}}],\"inLanguage\":\"fr-FR\"},{\"@type\":\"Organization\",\"@id\":\"https:\/\/www.globalong.com\/blog\/#organization\",\"name\":\"Association Globalong\",\"url\":\"https:\/\/www.globalong.com\/blog\/\",\"logo\":{\"@type\":\"ImageObject\",\"inLanguage\":\"fr-FR\",\"@id\":\"https:\/\/www.globalong.com\/blog\/#\/schema\/logo\/image\/\",\"url\":\"https:\/\/www.globalong.com\/blog\/wp-content\/uploads\/2014\/11\/cropped-cropped-Logo-et-Afrique-Globalong-petite-taille-2.jpg\",\"contentUrl\":\"https:\/\/www.globalong.com\/blog\/wp-content\/uploads\/2014\/11\/cropped-cropped-Logo-et-Afrique-Globalong-petite-taille-2.jpg\",\"width\":512,\"height\":512,\"caption\":\"Association Globalong\"},\"image\":{\"@id\":\"https:\/\/www.globalong.com\/blog\/#\/schema\/logo\/image\/\"},\"sameAs\":[\"https:\/\/www.facebook.com\/globalong\"]}]}<\/script>\n<!-- \/ Yoast SEO Premium plugin. -->","yoast_head_json":{"title":"Togo - Anna - Association Globalong","robots":{"index":"index","follow":"follow","max-snippet":"max-snippet:-1","max-image-preview":"max-image-preview:large","max-video-preview":"max-video-preview:-1"},"canonical":"https:\/\/www.globalong.com\/blog\/avis-temoignages-globalong\/togo-anna\/","og_locale":"fr_FR","og_type":"article","og_title":"Togo - Anna","og_description":"Anna, adh\u00e9rente de l&rsquo;Association Globalong et r\u00e9cemment engag\u00e9e sur une mission dans un orphelinat au Togo nous livre son t\u00e9moignage !\u00a0 \u00ab\u00a0Je souhaitais d\u00e9couvrir une culture, approfondir des connaissances de mon m\u00e9tier en apprenant dans un orphelinat en Afrique, faire des rencontres. Pour la mission \u00e0 l\u2019orphelinat, mettre en place des projets n\u2019est pas aussi [&hellip;]","og_url":"https:\/\/www.globalong.com\/blog\/avis-temoignages-globalong\/togo-anna\/","og_site_name":"Association Globalong","article_publisher":"https:\/\/www.facebook.com\/globalong","article_modified_time":"2023-07-13T14:21:54+00:00","og_image":[{"width":1920,"height":2560,"url":"https:\/\/www.globalong.com\/blog\/wp-content\/uploads\/2023\/07\/mission-humanitaire-anna-au-togo-scaled.jpeg","type":"image\/jpeg"}],"twitter_card":"summary_large_image","twitter_misc":{"Dur\u00e9e de lecture estim\u00e9e":"3 minutes"},"schema":{"@context":"https:\/\/schema.org","@graph":[{"@type":"WebPage","@id":"https:\/\/www.globalong.com\/blog\/avis-temoignages-globalong\/togo-anna\/","url":"https:\/\/www.globalong.com\/blog\/avis-temoignages-globalong\/togo-anna\/","name":"Togo - Anna - Association Globalong","isPartOf":{"@id":"https:\/\/www.globalong.com\/blog\/#website"},"primaryImageOfPage":{"@id":"https:\/\/www.globalong.com\/blog\/avis-temoignages-globalong\/togo-anna\/#primaryimage"},"image":{"@id":"https:\/\/www.globalong.com\/blog\/avis-temoignages-globalong\/togo-anna\/#primaryimage"},"thumbnailUrl":"https:\/\/www.globalong.com\/blog\/wp-content\/uploads\/2023\/07\/mission-humanitaire-anna-au-togo-scaled.jpeg","datePublished":"2023-07-13T14:21:46+00:00","dateModified":"2023-07-13T14:21:54+00:00","breadcrumb":{"@id":"https:\/\/www.globalong.com\/blog\/avis-temoignages-globalong\/togo-anna\/#breadcrumb"},"inLanguage":"fr-FR","potentialAction":[{"@type":"ReadAction","target":["https:\/\/www.globalong.com\/blog\/avis-temoignages-globalong\/togo-anna\/"]}]},{"@type":"ImageObject","inLanguage":"fr-FR","@id":"https:\/\/www.globalong.com\/blog\/avis-temoignages-globalong\/togo-anna\/#primaryimage","url":"https:\/\/www.globalong.com\/blog\/wp-content\/uploads\/2023\/07\/mission-humanitaire-anna-au-togo-scaled.jpeg","contentUrl":"https:\/\/www.globalong.com\/blog\/wp-content\/uploads\/2023\/07\/mission-humanitaire-anna-au-togo-scaled.jpeg","width":1920,"height":2560},{"@type":"BreadcrumbList","@id":"https:\/\/www.globalong.com\/blog\/avis-temoignages-globalong\/togo-anna\/#breadcrumb","itemListElement":[{"@type":"ListItem","position":1,"name":"Accueil","item":"https:\/\/www.globalong.com\/blog\/"},{"@type":"ListItem","position":2,"name":"T\u00e9moignages et avis de volontaires Globalong","item":"https:\/\/www.globalong.com\/blog\/avis-temoignages-globalong\/"},{"@type":"ListItem","position":3,"name":"Togo &#8211; Anna"}]},{"@type":"WebSite","@id":"https:\/\/www.globalong.com\/blog\/#website","url":"https:\/\/www.globalong.com\/blog\/","name":"https:\/\/www.globalong.com\/","description":"Mission humanitaire, stage \u00e9tudiant et voyage linguistique","publisher":{"@id":"https:\/\/www.globalong.com\/blog\/#organization"},"potentialAction":[{"@type":"SearchAction","target":{"@type":"EntryPoint","urlTemplate":"https:\/\/www.globalong.com\/blog\/?s={search_term_string}"},"query-input":{"@type":"PropertyValueSpecification","valueRequired":true,"valueName":"search_term_string"}}],"inLanguage":"fr-FR"},{"@type":"Organization","@id":"https:\/\/www.globalong.com\/blog\/#organization","name":"Association Globalong","url":"https:\/\/www.globalong.com\/blog\/","logo":{"@type":"ImageObject","inLanguage":"fr-FR","@id":"https:\/\/www.globalong.com\/blog\/#\/schema\/logo\/image\/","url":"https:\/\/www.globalong.com\/blog\/wp-content\/uploads\/2014\/11\/cropped-cropped-Logo-et-Afrique-Globalong-petite-taille-2.jpg","contentUrl":"https:\/\/www.globalong.com\/blog\/wp-content\/uploads\/2014\/11\/cropped-cropped-Logo-et-Afrique-Globalong-petite-taille-2.jpg","width":512,"height":512,"caption":"Association Globalong"},"image":{"@id":"https:\/\/www.globalong.com\/blog\/#\/schema\/logo\/image\/"},"sameAs":["https:\/\/www.facebook.com\/globalong"]}]}},"_links":{"self":[{"href":"https:\/\/www.globalong.com\/blog\/wp-json\/wp\/v2\/pages\/15493"}],"collection":[{"href":"https:\/\/www.globalong.com\/blog\/wp-json\/wp\/v2\/pages"}],"about":[{"href":"https:\/\/www.globalong.com\/blog\/wp-json\/wp\/v2\/types\/page"}],"author":[{"embeddable":true,"href":"https:\/\/www.globalong.com\/blog\/wp-json\/wp\/v2\/users\/9"}],"replies":[{"embeddable":true,"href":"https:\/\/www.globalong.com\/blog\/wp-json\/wp\/v2\/comments?post=15493"}],"version-history":[{"count":2,"href":"https:\/\/www.globalong.com\/blog\/wp-json\/wp\/v2\/pages\/15493\/revisions"}],"predecessor-version":[{"id":19538,"href":"https:\/\/www.globalong.com\/blog\/wp-json\/wp\/v2\/pages\/15493\/revisions\/19538"}],"up":[{"embeddable":true,"href":"https:\/\/www.globalong.com\/blog\/wp-json\/wp\/v2\/pages\/883"}],"wp:featuredmedia":[{"embeddable":true,"href":"https:\/\/www.globalong.com\/blog\/wp-json\/wp\/v2\/media\/15496"}],"wp:attachment":[{"href":"https:\/\/www.globalong.com\/blog\/wp-json\/wp\/v2\/media?parent=15493"}],"curies":[{"name":"wp","href":"https:\/\/api.w.org\/{rel}","templated":true}]}}