{"id":15530,"date":"2023-07-28T11:59:30","date_gmt":"2023-07-28T09:59:30","guid":{"rendered":"https:\/\/www.globalong.com\/blog\/?page_id=15530"},"modified":"2023-07-28T11:59:30","modified_gmt":"2023-07-28T09:59:30","slug":"mexique-zoe","status":"publish","type":"page","link":"https:\/\/www.globalong.com\/blog\/avis-temoignages-globalong\/mexique-zoe\/","title":{"rendered":"Mexique &#8211; Zo\u00e9"},"content":{"rendered":"<p class=\"p1\" style=\"text-align: center;\"><strong>Zo\u00e9, adh\u00e9rente de l\u2019association Gloablong s\u2019est engag\u00e9e sur une <a href=\"https:\/\/www.globalong.com\/sejour-benevolat\/volontariat-mexique-stage-humanitaire-amerique-latine\/volontariat-benevolat-stage-protection-tortues-mexique.html\" target=\"_blank\" rel=\"noopener\"><span style=\"text-decoration: underline;\">mission de protection des tortues marines au Mexique<\/span><\/a> et nous livre son t\u00e9moignage :<\/strong><\/p>\n<p class=\"p1\">\u00a0\u00bb J\u2019ai souhait\u00e9 partir, car je souhaitais m&rsquo;enrichir d&rsquo;une nouvelle exp\u00e9rience.<\/p>\n<p class=\"p1\">Concernant mon planning, j&rsquo;ai travaill\u00e9 de jour et de nuit, mais je n&rsquo;ai eu qu&rsquo;un jour de pause en deux semaines. Mes t\u00e2ches quotidiennes \u00e9taient le nettoyage des nids, la rel\u00e8ve des informations lors de la ponte des tortues et la surveillance de la plage.<\/p>\n<p class=\"p1\">Comme mat\u00e9riel, nous avions notamment une lampe \u00e0 infrarouge \u00e0 disposition.<\/p>\n<p class=\"p1\">J\u2019ai acquis des connaissances sur les tortues et j\u2019ai \u00e9galement appris \u00e0 travailler dans une langue \u00e9trang\u00e8re. De plus, j\u2019ai fait la d\u00e9couverte d\u2019une nouvelle culture. J&rsquo;ai appris beaucoup de choses sur le plan personnel et j&rsquo;ai acquis de nombreuses nouvelles connaissances. J\u2019ai pu vivre mon exp\u00e9rience comme je l\u2019avais imagin\u00e9.<\/p>\n<p class=\"p1\">Selon moi, un b\u00e9n\u00e9vole doit \u00eatre ouvert d&rsquo;esprit, disponible, curieux et motiv\u00e9. Le b\u00e9n\u00e9volat international combine travail et d\u00e9couverte.<\/p>\n<p class=\"p1\">Mes conseils pour les futurs b\u00e9n\u00e9voles sont de bien pr\u00e9parer son voyage et de ne pas h\u00e9siter \u00e0 se m\u00e9langer avec les autres b\u00e9n\u00e9voles. \u00ab\u00a0<\/p>\n<p>Merci \u00e0 Zo\u00e9 pour son engagement !<\/p>\n<p class=\"p1\" style=\"text-align: center;\"><strong>Pour plus d\u2019informations, n\u2019h\u00e9sitez pas \u00e0 nous contacter \u00e0 l\u2019adresse\u00a0<u><a href=\"mailto:info@globalong.com\">info@globalong.com<\/a><\/u>.<\/strong><\/p>\n<p class=\"p1\" style=\"text-align: center;\"><strong>Pour en savoir plus sur l\u2019Association Globalong et ses adh\u00e9rents, rendez-vous sur\u00a0<a href=\"https:\/\/www.instagram.com\/globalongofficiel\/\" target=\"_blank\" rel=\"noopener\">Instagram<\/a>,\u00a0<a href=\"https:\/\/www.facebook.com\/globalong\" target=\"_blank\" rel=\"noopener\">Facebook<\/a>,\u00a0<a href=\"https:\/\/www.linkedin.com\/company\/5113177\/admin\/feed\/posts\/\" target=\"_blank\" rel=\"noopener\">LinkedIn<\/a>\u00a0et\u00a0<a href=\"https:\/\/www.youtube.com\/c\/globalong\/videos\" target=\"_blank\" rel=\"noopener\">Youtube<\/a>\u00a0!\u00a0<\/strong><\/p>\n<p><a href=\"https:\/\/www.globalong.com\/blog\/wp-content\/uploads\/2023\/07\/mexique-mission-humanitaire.jpeg\" target=\"_blank\" rel=\"noopener\"><img loading=\"lazy\" decoding=\"async\" class=\"aligncenter wp-image-15531 size-full\" src=\"https:\/\/www.globalong.com\/blog\/wp-content\/uploads\/2023\/07\/mexique-mission-humanitaire.jpeg\" alt=\"\" width=\"1200\" height=\"400\" srcset=\"https:\/\/www.globalong.com\/blog\/wp-content\/uploads\/2023\/07\/mexique-mission-humanitaire.jpeg 1200w, https:\/\/www.globalong.com\/blog\/wp-content\/uploads\/2023\/07\/mexique-mission-humanitaire-300x100.jpeg 300w, https:\/\/www.globalong.com\/blog\/wp-content\/uploads\/2023\/07\/mexique-mission-humanitaire-1024x341.jpeg 1024w, https:\/\/www.globalong.com\/blog\/wp-content\/uploads\/2023\/07\/mexique-mission-humanitaire-768x256.jpeg 768w\" sizes=\"(max-width: 1200px) 100vw, 1200px\" \/><\/a><\/p>\n","protected":false},"excerpt":{"rendered":"<p>Zo\u00e9, adh\u00e9rente de l\u2019association Gloablong s\u2019est engag\u00e9e sur une mission de protection des tortues marines au Mexique et nous livre son t\u00e9moignage : \u00a0\u00bb J\u2019ai souhait\u00e9 partir, car je souhaitais m&rsquo;enrichir d&rsquo;une nouvelle exp\u00e9rience. Concernant mon planning, j&rsquo;ai travaill\u00e9 de jour et de nuit, mais je n&rsquo;ai eu qu&rsquo;un jour de pause en deux semaines. [&hellip;]<\/p>\n","protected":false},"author":9,"featured_media":15531,"parent":883,"menu_order":0,"comment_status":"closed","ping_status":"closed","template":"","meta":{"footnotes":""},"yoast_head":"<!-- This site is optimized with the Yoast SEO Premium plugin v23.4 (Yoast SEO v23.4) - https:\/\/yoast.com\/wordpress\/plugins\/seo\/ -->\n<title>Mexique - Zo\u00e9 - Association Globalong<\/title>\n<meta name=\"robots\" content=\"index, follow, max-snippet:-1, max-image-preview:large, max-video-preview:-1\" \/>\n<link rel=\"canonical\" href=\"https:\/\/www.globalong.com\/blog\/avis-temoignages-globalong\/mexique-zoe\/\" \/>\n<meta property=\"og:locale\" content=\"fr_FR\" \/>\n<meta property=\"og:type\" content=\"article\" \/>\n<meta property=\"og:title\" content=\"Mexique - Zo\u00e9\" \/>\n<meta property=\"og:description\" content=\"Zo\u00e9, adh\u00e9rente de l\u2019association Gloablong s\u2019est engag\u00e9e sur une mission de protection des tortues marines au Mexique et nous livre son t\u00e9moignage : \u00a0\u00bb J\u2019ai souhait\u00e9 partir, car je souhaitais m&rsquo;enrichir d&rsquo;une nouvelle exp\u00e9rience. Concernant mon planning, j&rsquo;ai travaill\u00e9 de jour et de nuit, mais je n&rsquo;ai eu qu&rsquo;un jour de pause en deux semaines. [&hellip;]\" \/>\n<meta property=\"og:url\" content=\"https:\/\/www.globalong.com\/blog\/avis-temoignages-globalong\/mexique-zoe\/\" \/>\n<meta property=\"og:site_name\" content=\"Association Globalong\" \/>\n<meta property=\"article:publisher\" content=\"https:\/\/www.facebook.com\/globalong\" \/>\n<meta property=\"og:image\" content=\"https:\/\/www.globalong.com\/blog\/wp-content\/uploads\/2023\/07\/mexique-mission-humanitaire.jpeg\" \/>\n\t<meta property=\"og:image:width\" content=\"1200\" \/>\n\t<meta property=\"og:image:height\" content=\"400\" \/>\n\t<meta property=\"og:image:type\" content=\"image\/jpeg\" \/>\n<meta name=\"twitter:card\" content=\"summary_large_image\" \/>\n<meta name=\"twitter:label1\" content=\"Dur\u00e9e de lecture estim\u00e9e\" \/>\n\t<meta name=\"twitter:data1\" content=\"2 minutes\" \/>\n<script type=\"application\/ld+json\" class=\"yoast-schema-graph\">{\"@context\":\"https:\/\/schema.org\",\"@graph\":[{\"@type\":\"WebPage\",\"@id\":\"https:\/\/www.globalong.com\/blog\/avis-temoignages-globalong\/mexique-zoe\/\",\"url\":\"https:\/\/www.globalong.com\/blog\/avis-temoignages-globalong\/mexique-zoe\/\",\"name\":\"Mexique - Zo\u00e9 - Association Globalong\",\"isPartOf\":{\"@id\":\"https:\/\/www.globalong.com\/blog\/#website\"},\"primaryImageOfPage\":{\"@id\":\"https:\/\/www.globalong.com\/blog\/avis-temoignages-globalong\/mexique-zoe\/#primaryimage\"},\"image\":{\"@id\":\"https:\/\/www.globalong.com\/blog\/avis-temoignages-globalong\/mexique-zoe\/#primaryimage\"},\"thumbnailUrl\":\"https:\/\/www.globalong.com\/blog\/wp-content\/uploads\/2023\/07\/mexique-mission-humanitaire.jpeg\",\"datePublished\":\"2023-07-28T09:59:30+00:00\",\"dateModified\":\"2023-07-28T09:59:30+00:00\",\"breadcrumb\":{\"@id\":\"https:\/\/www.globalong.com\/blog\/avis-temoignages-globalong\/mexique-zoe\/#breadcrumb\"},\"inLanguage\":\"fr-FR\",\"potentialAction\":[{\"@type\":\"ReadAction\",\"target\":[\"https:\/\/www.globalong.com\/blog\/avis-temoignages-globalong\/mexique-zoe\/\"]}]},{\"@type\":\"ImageObject\",\"inLanguage\":\"fr-FR\",\"@id\":\"https:\/\/www.globalong.com\/blog\/avis-temoignages-globalong\/mexique-zoe\/#primaryimage\",\"url\":\"https:\/\/www.globalong.com\/blog\/wp-content\/uploads\/2023\/07\/mexique-mission-humanitaire.jpeg\",\"contentUrl\":\"https:\/\/www.globalong.com\/blog\/wp-content\/uploads\/2023\/07\/mexique-mission-humanitaire.jpeg\",\"width\":1200,\"height\":400,\"caption\":\"Mission Am\u00e9rique - Mexique\"},{\"@type\":\"BreadcrumbList\",\"@id\":\"https:\/\/www.globalong.com\/blog\/avis-temoignages-globalong\/mexique-zoe\/#breadcrumb\",\"itemListElement\":[{\"@type\":\"ListItem\",\"position\":1,\"name\":\"Accueil\",\"item\":\"https:\/\/www.globalong.com\/blog\/\"},{\"@type\":\"ListItem\",\"position\":2,\"name\":\"T\u00e9moignages et avis de volontaires Globalong\",\"item\":\"https:\/\/www.globalong.com\/blog\/avis-temoignages-globalong\/\"},{\"@type\":\"ListItem\",\"position\":3,\"name\":\"Mexique &#8211; Zo\u00e9\"}]},{\"@type\":\"WebSite\",\"@id\":\"https:\/\/www.globalong.com\/blog\/#website\",\"url\":\"https:\/\/www.globalong.com\/blog\/\",\"name\":\"https:\/\/www.globalong.com\/\",\"description\":\"Mission humanitaire, stage \u00e9tudiant et voyage linguistique\",\"publisher\":{\"@id\":\"https:\/\/www.globalong.com\/blog\/#organization\"},\"potentialAction\":[{\"@type\":\"SearchAction\",\"target\":{\"@type\":\"EntryPoint\",\"urlTemplate\":\"https:\/\/www.globalong.com\/blog\/?s={search_term_string}\"},\"query-input\":{\"@type\":\"PropertyValueSpecification\",\"valueRequired\":true,\"valueName\":\"search_term_string\"}}],\"inLanguage\":\"fr-FR\"},{\"@type\":\"Organization\",\"@id\":\"https:\/\/www.globalong.com\/blog\/#organization\",\"name\":\"Association Globalong\",\"url\":\"https:\/\/www.globalong.com\/blog\/\",\"logo\":{\"@type\":\"ImageObject\",\"inLanguage\":\"fr-FR\",\"@id\":\"https:\/\/www.globalong.com\/blog\/#\/schema\/logo\/image\/\",\"url\":\"https:\/\/www.globalong.com\/blog\/wp-content\/uploads\/2014\/11\/cropped-cropped-Logo-et-Afrique-Globalong-petite-taille-2.jpg\",\"contentUrl\":\"https:\/\/www.globalong.com\/blog\/wp-content\/uploads\/2014\/11\/cropped-cropped-Logo-et-Afrique-Globalong-petite-taille-2.jpg\",\"width\":512,\"height\":512,\"caption\":\"Association Globalong\"},\"image\":{\"@id\":\"https:\/\/www.globalong.com\/blog\/#\/schema\/logo\/image\/\"},\"sameAs\":[\"https:\/\/www.facebook.com\/globalong\"]}]}<\/script>\n<!-- \/ Yoast SEO Premium plugin. -->","yoast_head_json":{"title":"Mexique - Zo\u00e9 - Association Globalong","robots":{"index":"index","follow":"follow","max-snippet":"max-snippet:-1","max-image-preview":"max-image-preview:large","max-video-preview":"max-video-preview:-1"},"canonical":"https:\/\/www.globalong.com\/blog\/avis-temoignages-globalong\/mexique-zoe\/","og_locale":"fr_FR","og_type":"article","og_title":"Mexique - Zo\u00e9","og_description":"Zo\u00e9, adh\u00e9rente de l\u2019association Gloablong s\u2019est engag\u00e9e sur une mission de protection des tortues marines au Mexique et nous livre son t\u00e9moignage : \u00a0\u00bb J\u2019ai souhait\u00e9 partir, car je souhaitais m&rsquo;enrichir d&rsquo;une nouvelle exp\u00e9rience. Concernant mon planning, j&rsquo;ai travaill\u00e9 de jour et de nuit, mais je n&rsquo;ai eu qu&rsquo;un jour de pause en deux semaines. [&hellip;]","og_url":"https:\/\/www.globalong.com\/blog\/avis-temoignages-globalong\/mexique-zoe\/","og_site_name":"Association Globalong","article_publisher":"https:\/\/www.facebook.com\/globalong","og_image":[{"width":1200,"height":400,"url":"https:\/\/www.globalong.com\/blog\/wp-content\/uploads\/2023\/07\/mexique-mission-humanitaire.jpeg","type":"image\/jpeg"}],"twitter_card":"summary_large_image","twitter_misc":{"Dur\u00e9e de lecture estim\u00e9e":"2 minutes"},"schema":{"@context":"https:\/\/schema.org","@graph":[{"@type":"WebPage","@id":"https:\/\/www.globalong.com\/blog\/avis-temoignages-globalong\/mexique-zoe\/","url":"https:\/\/www.globalong.com\/blog\/avis-temoignages-globalong\/mexique-zoe\/","name":"Mexique - Zo\u00e9 - Association Globalong","isPartOf":{"@id":"https:\/\/www.globalong.com\/blog\/#website"},"primaryImageOfPage":{"@id":"https:\/\/www.globalong.com\/blog\/avis-temoignages-globalong\/mexique-zoe\/#primaryimage"},"image":{"@id":"https:\/\/www.globalong.com\/blog\/avis-temoignages-globalong\/mexique-zoe\/#primaryimage"},"thumbnailUrl":"https:\/\/www.globalong.com\/blog\/wp-content\/uploads\/2023\/07\/mexique-mission-humanitaire.jpeg","datePublished":"2023-07-28T09:59:30+00:00","dateModified":"2023-07-28T09:59:30+00:00","breadcrumb":{"@id":"https:\/\/www.globalong.com\/blog\/avis-temoignages-globalong\/mexique-zoe\/#breadcrumb"},"inLanguage":"fr-FR","potentialAction":[{"@type":"ReadAction","target":["https:\/\/www.globalong.com\/blog\/avis-temoignages-globalong\/mexique-zoe\/"]}]},{"@type":"ImageObject","inLanguage":"fr-FR","@id":"https:\/\/www.globalong.com\/blog\/avis-temoignages-globalong\/mexique-zoe\/#primaryimage","url":"https:\/\/www.globalong.com\/blog\/wp-content\/uploads\/2023\/07\/mexique-mission-humanitaire.jpeg","contentUrl":"https:\/\/www.globalong.com\/blog\/wp-content\/uploads\/2023\/07\/mexique-mission-humanitaire.jpeg","width":1200,"height":400,"caption":"Mission Am\u00e9rique - Mexique"},{"@type":"BreadcrumbList","@id":"https:\/\/www.globalong.com\/blog\/avis-temoignages-globalong\/mexique-zoe\/#breadcrumb","itemListElement":[{"@type":"ListItem","position":1,"name":"Accueil","item":"https:\/\/www.globalong.com\/blog\/"},{"@type":"ListItem","position":2,"name":"T\u00e9moignages et avis de volontaires Globalong","item":"https:\/\/www.globalong.com\/blog\/avis-temoignages-globalong\/"},{"@type":"ListItem","position":3,"name":"Mexique &#8211; Zo\u00e9"}]},{"@type":"WebSite","@id":"https:\/\/www.globalong.com\/blog\/#website","url":"https:\/\/www.globalong.com\/blog\/","name":"https:\/\/www.globalong.com\/","description":"Mission humanitaire, stage \u00e9tudiant et voyage linguistique","publisher":{"@id":"https:\/\/www.globalong.com\/blog\/#organization"},"potentialAction":[{"@type":"SearchAction","target":{"@type":"EntryPoint","urlTemplate":"https:\/\/www.globalong.com\/blog\/?s={search_term_string}"},"query-input":{"@type":"PropertyValueSpecification","valueRequired":true,"valueName":"search_term_string"}}],"inLanguage":"fr-FR"},{"@type":"Organization","@id":"https:\/\/www.globalong.com\/blog\/#organization","name":"Association Globalong","url":"https:\/\/www.globalong.com\/blog\/","logo":{"@type":"ImageObject","inLanguage":"fr-FR","@id":"https:\/\/www.globalong.com\/blog\/#\/schema\/logo\/image\/","url":"https:\/\/www.globalong.com\/blog\/wp-content\/uploads\/2014\/11\/cropped-cropped-Logo-et-Afrique-Globalong-petite-taille-2.jpg","contentUrl":"https:\/\/www.globalong.com\/blog\/wp-content\/uploads\/2014\/11\/cropped-cropped-Logo-et-Afrique-Globalong-petite-taille-2.jpg","width":512,"height":512,"caption":"Association Globalong"},"image":{"@id":"https:\/\/www.globalong.com\/blog\/#\/schema\/logo\/image\/"},"sameAs":["https:\/\/www.facebook.com\/globalong"]}]}},"_links":{"self":[{"href":"https:\/\/www.globalong.com\/blog\/wp-json\/wp\/v2\/pages\/15530"}],"collection":[{"href":"https:\/\/www.globalong.com\/blog\/wp-json\/wp\/v2\/pages"}],"about":[{"href":"https:\/\/www.globalong.com\/blog\/wp-json\/wp\/v2\/types\/page"}],"author":[{"embeddable":true,"href":"https:\/\/www.globalong.com\/blog\/wp-json\/wp\/v2\/users\/9"}],"replies":[{"embeddable":true,"href":"https:\/\/www.globalong.com\/blog\/wp-json\/wp\/v2\/comments?post=15530"}],"version-history":[{"count":1,"href":"https:\/\/www.globalong.com\/blog\/wp-json\/wp\/v2\/pages\/15530\/revisions"}],"predecessor-version":[{"id":15532,"href":"https:\/\/www.globalong.com\/blog\/wp-json\/wp\/v2\/pages\/15530\/revisions\/15532"}],"up":[{"embeddable":true,"href":"https:\/\/www.globalong.com\/blog\/wp-json\/wp\/v2\/pages\/883"}],"wp:featuredmedia":[{"embeddable":true,"href":"https:\/\/www.globalong.com\/blog\/wp-json\/wp\/v2\/media\/15531"}],"wp:attachment":[{"href":"https:\/\/www.globalong.com\/blog\/wp-json\/wp\/v2\/media?parent=15530"}],"curies":[{"name":"wp","href":"https:\/\/api.w.org\/{rel}","templated":true}]}}