{"id":15542,"date":"2023-08-04T12:26:35","date_gmt":"2023-08-04T10:26:35","guid":{"rendered":"https:\/\/www.globalong.com\/blog\/?page_id=15542"},"modified":"2024-03-08T09:23:19","modified_gmt":"2024-03-08T08:23:19","slug":"cambodge-theo-affaires-publiques","status":"publish","type":"page","link":"https:\/\/www.globalong.com\/blog\/avis-temoignages-globalong\/cambodge-theo-affaires-publiques\/","title":{"rendered":"Cambodge &#8211; Th\u00e9o (Affaires publiques)"},"content":{"rendered":"<p class=\"p1\" style=\"text-align: center;\"><strong>Th\u00e9o, adh\u00e9rent de l\u2019<a href=\"https:\/\/www.globalong.com\/association-globalong.html\" target=\"_blank\" rel=\"noopener\">Association Globalong<\/a> et \u00e9tudiant en relations internationales, s\u2019est engag\u00e9 sur une <a href=\"https:\/\/www.globalong.com\/sejour-benevolat\/benevolat-cambodge-enfants.html\" target=\"_blank\" rel=\"noopener\">mission de Management des Affaires Publiques au Cambodge<\/a>.<\/strong><\/p>\n<p style=\"text-align: center;\"><strong>D\u00e9couvrez son t\u00e9moignage \u00a0&#x2935;<\/strong><\/p>\n<p class=\"p3\" style=\"text-align: justify;\"><strong>\u00ab\u00a0Je suis parti pour effectuer un stage dans un cadre international. Mes attentes \u00e9taient de d\u00e9couvrir le fonctionnement d&rsquo;une ONG, mais aussi de d\u00e9couvrir une nouvelle culture, le fonctionnement du travail au Cambodge et de faire de nouvelles rencontres.<\/strong><\/p>\n<p class=\"p3\" style=\"text-align: justify;\"><strong>Mon travail au bureau de 8h \u00e0 17 h 30 avec 2h de pause le midi, avec des voyages sur le terrain pour \u00eatre aupr\u00e8s des b\u00e9n\u00e9ficiaires de fa\u00e7on ponctuelle.<\/strong><\/p>\n<p class=\"p3\" style=\"text-align: justify;\"><strong>Au quotidien, je devais effectuer des rapports, r\u00e9diger des notes, effectuer des validations des t\u00e2ches r\u00e9alis\u00e9es par le personnel, aider \u00e0 la pr\u00e9paration de workshop\u2026<\/strong><\/p>\n<p class=\"p6\" style=\"text-align: justify;\"><strong>J\u2019ai d\u00e9velopp\u00e9 des comp\u00e9tences en gestion de projet et j\u2019ai eu beaucoup relationnel avec la population locale.<\/strong><\/p>\n<p class=\"p7\" style=\"text-align: justify;\"><strong>Mon conseil pour les prochains b\u00e9n\u00e9voles : Pr\u00e9parez-vous \u00e0 vivre une exp\u00e9rience hors du commun !<\/strong><\/p>\n<p class=\"p6\" style=\"text-align: justify;\"><strong>Cette mission m\u2019a permis de d\u00e9couvrir une nouvelle fa\u00e7on de travailler, une nouvelle culture et des comp\u00e9tences suppl\u00e9mentaires.<\/strong><\/p>\n<p class=\"p6\" style=\"text-align: justify;\"><strong>La fiche mission \u00e9tait conforme aux t\u00e2ches et activit\u00e9s r\u00e9alis\u00e9es.<\/strong><\/p>\n<p class=\"p7\" style=\"text-align: justify;\"><strong>Pour moi, la d\u00e9finition de l&rsquo;engagement b\u00e9n\u00e9vole \u00e0 l&rsquo;international <\/strong><strong>c&rsquo;est une personne qui s&rsquo;engage dans une association ou une communaut\u00e9 dans un pays autre que la France pour aider \u00e0 la mise en place d&rsquo;actions qui permettent d&rsquo;am\u00e9liorer le niveau de vie de personnes.<\/strong><\/p>\n<p class=\"p6\" style=\"text-align: justify;\"><strong>\u00c0 mon retour, cette mission me permettra de voir le monde diff\u00e9remment et m&rsquo;a donn\u00e9 envie d&rsquo;encore plus m&rsquo;engager.<\/strong><\/p>\n<p class=\"p3\" style=\"text-align: justify;\"><strong>Concernant mes bons plans, j\u2019ai fait tellement d&rsquo;excursion que si je vous donnais les bonnes adresses, cela ferait un document Word de 4 pages au moins^^^<\/strong><\/p>\n<p class=\"p3\" style=\"text-align: justify;\"><strong>Sinon, il y a l&rsquo;ONG Mondulkiri Project qui fait de l&rsquo;\u00e9cotourisme dans la r\u00e9gion de Mondulkiri (protection et sanctuaire pour \u00e9l\u00e9phant) ou encore la ferme \u00e0 poivre \u00ab\u00a0La plantation\u00a0\u00bb situ\u00e9 \u00e0 Kampot.\u00a0\u00bb<\/strong><\/p>\n<p style=\"text-align: center;\"><strong>Encore merci \u00e0 Th\u00e9o pour son engagement ! D\u00e9couvrez ci-dessous quelques photos de sa mission !<\/strong><\/p>\n<p><a href=\"https:\/\/www.globalong.com\/blog\/wp-content\/uploads\/2023\/08\/mission-humanitaire-cambodge-1.jpg\" target=\"_blank\" rel=\"noopener\"><img loading=\"lazy\" decoding=\"async\" class=\"aligncenter wp-image-15543 size-full\" src=\"https:\/\/www.globalong.com\/blog\/wp-content\/uploads\/2023\/08\/mission-humanitaire-cambodge-1.jpg\" alt=\"\" width=\"1280\" height=\"853\" srcset=\"https:\/\/www.globalong.com\/blog\/wp-content\/uploads\/2023\/08\/mission-humanitaire-cambodge-1.jpg 1280w, https:\/\/www.globalong.com\/blog\/wp-content\/uploads\/2023\/08\/mission-humanitaire-cambodge-1-300x200.jpg 300w, https:\/\/www.globalong.com\/blog\/wp-content\/uploads\/2023\/08\/mission-humanitaire-cambodge-1-1024x682.jpg 1024w, https:\/\/www.globalong.com\/blog\/wp-content\/uploads\/2023\/08\/mission-humanitaire-cambodge-1-768x512.jpg 768w\" sizes=\"(max-width: 1280px) 100vw, 1280px\" \/><\/a><\/p>\n<p>&nbsp;<\/p>\n<p style=\"text-align: center;\"><a href=\"https:\/\/www.globalong.com\/blog\/wp-content\/uploads\/2023\/08\/mission-humanitaire-cambodge-5.jpeg\" target=\"_blank\" rel=\"noopener\"><img loading=\"lazy\" decoding=\"async\" class=\"aligncenter wp-image-15547 size-full\" src=\"https:\/\/www.globalong.com\/blog\/wp-content\/uploads\/2023\/08\/mission-humanitaire-cambodge-5.jpeg\" alt=\"\" width=\"1280\" height=\"960\" srcset=\"https:\/\/www.globalong.com\/blog\/wp-content\/uploads\/2023\/08\/mission-humanitaire-cambodge-5.jpeg 1280w, https:\/\/www.globalong.com\/blog\/wp-content\/uploads\/2023\/08\/mission-humanitaire-cambodge-5-300x225.jpeg 300w, https:\/\/www.globalong.com\/blog\/wp-content\/uploads\/2023\/08\/mission-humanitaire-cambodge-5-1024x768.jpeg 1024w, https:\/\/www.globalong.com\/blog\/wp-content\/uploads\/2023\/08\/mission-humanitaire-cambodge-5-768x576.jpeg 768w\" sizes=\"(max-width: 1280px) 100vw, 1280px\" \/><\/a> <a href=\"https:\/\/www.globalong.com\/blog\/wp-content\/uploads\/2023\/08\/mission-humanitaire-cambodge-6.jpeg\" target=\"_blank\" rel=\"noopener\"><img loading=\"lazy\" decoding=\"async\" class=\"aligncenter wp-image-15548 size-full\" src=\"https:\/\/www.globalong.com\/blog\/wp-content\/uploads\/2023\/08\/mission-humanitaire-cambodge-6.jpeg\" alt=\"\" width=\"1280\" height=\"960\" srcset=\"https:\/\/www.globalong.com\/blog\/wp-content\/uploads\/2023\/08\/mission-humanitaire-cambodge-6.jpeg 1280w, https:\/\/www.globalong.com\/blog\/wp-content\/uploads\/2023\/08\/mission-humanitaire-cambodge-6-300x225.jpeg 300w, https:\/\/www.globalong.com\/blog\/wp-content\/uploads\/2023\/08\/mission-humanitaire-cambodge-6-1024x768.jpeg 1024w, https:\/\/www.globalong.com\/blog\/wp-content\/uploads\/2023\/08\/mission-humanitaire-cambodge-6-768x576.jpeg 768w\" sizes=\"(max-width: 1280px) 100vw, 1280px\" \/><\/a> <a href=\"https:\/\/www.globalong.com\/blog\/wp-content\/uploads\/2023\/08\/mission-humanitaire-cambodge-7.jpeg\" target=\"_blank\" rel=\"noopener\"><img loading=\"lazy\" decoding=\"async\" class=\"aligncenter wp-image-15549 size-full\" src=\"https:\/\/www.globalong.com\/blog\/wp-content\/uploads\/2023\/08\/mission-humanitaire-cambodge-7.jpeg\" alt=\"\" width=\"1280\" height=\"962\" srcset=\"https:\/\/www.globalong.com\/blog\/wp-content\/uploads\/2023\/08\/mission-humanitaire-cambodge-7.jpeg 1280w, https:\/\/www.globalong.com\/blog\/wp-content\/uploads\/2023\/08\/mission-humanitaire-cambodge-7-300x225.jpeg 300w, https:\/\/www.globalong.com\/blog\/wp-content\/uploads\/2023\/08\/mission-humanitaire-cambodge-7-1024x770.jpeg 1024w, https:\/\/www.globalong.com\/blog\/wp-content\/uploads\/2023\/08\/mission-humanitaire-cambodge-7-768x577.jpeg 768w\" sizes=\"(max-width: 1280px) 100vw, 1280px\" \/><\/a><strong><a href=\"https:\/\/www.globalong.com\/blog\/wp-content\/uploads\/2023\/08\/mission-humanitaire-cambodge-4.jpeg\" target=\"_blank\" rel=\"noopener\"><img loading=\"lazy\" decoding=\"async\" class=\"aligncenter wp-image-15546 size-full\" src=\"https:\/\/www.globalong.com\/blog\/wp-content\/uploads\/2023\/08\/mission-humanitaire-cambodge-4.jpeg\" alt=\"\" width=\"1280\" height=\"579\" srcset=\"https:\/\/www.globalong.com\/blog\/wp-content\/uploads\/2023\/08\/mission-humanitaire-cambodge-4.jpeg 1280w, https:\/\/www.globalong.com\/blog\/wp-content\/uploads\/2023\/08\/mission-humanitaire-cambodge-4-300x136.jpeg 300w, https:\/\/www.globalong.com\/blog\/wp-content\/uploads\/2023\/08\/mission-humanitaire-cambodge-4-1024x463.jpeg 1024w, https:\/\/www.globalong.com\/blog\/wp-content\/uploads\/2023\/08\/mission-humanitaire-cambodge-4-768x347.jpeg 768w\" sizes=\"(max-width: 1280px) 100vw, 1280px\" \/><\/a> <a href=\"https:\/\/www.globalong.com\/blog\/wp-content\/uploads\/2023\/08\/mission-humanitaire-cambodge-8.jpeg\" target=\"_blank\" rel=\"noopener\"><img loading=\"lazy\" decoding=\"async\" class=\"aligncenter wp-image-15550 size-full\" src=\"https:\/\/www.globalong.com\/blog\/wp-content\/uploads\/2023\/08\/mission-humanitaire-cambodge-8.jpeg\" alt=\"\" width=\"1280\" height=\"960\" srcset=\"https:\/\/www.globalong.com\/blog\/wp-content\/uploads\/2023\/08\/mission-humanitaire-cambodge-8.jpeg 1280w, https:\/\/www.globalong.com\/blog\/wp-content\/uploads\/2023\/08\/mission-humanitaire-cambodge-8-300x225.jpeg 300w, https:\/\/www.globalong.com\/blog\/wp-content\/uploads\/2023\/08\/mission-humanitaire-cambodge-8-1024x768.jpeg 1024w, https:\/\/www.globalong.com\/blog\/wp-content\/uploads\/2023\/08\/mission-humanitaire-cambodge-8-768x576.jpeg 768w\" sizes=\"(max-width: 1280px) 100vw, 1280px\" \/><\/a>Pour plus d\u2019informations, n\u2019h\u00e9sitez pas \u00e0 nous contacter \u00e0 l\u2019adresse\u00a0<u><a href=\"mailto:info@globalong.com\">info@globalong.com<\/a><\/u>.<\/strong><\/p>\n<p class=\"p1\" style=\"text-align: center;\"><strong>Pour en savoir plus sur l\u2019Association Globalong et ses adh\u00e9rents, rendez-vous sur\u00a0<a href=\"https:\/\/www.instagram.com\/globalongofficiel\/\" target=\"_blank\" rel=\"noopener\">Instagram<\/a>,\u00a0<a href=\"https:\/\/www.facebook.com\/globalong\" target=\"_blank\" rel=\"noopener\">Facebook<\/a>,\u00a0<a href=\"https:\/\/www.linkedin.com\/company\/5113177\/admin\/feed\/posts\/\" target=\"_blank\" rel=\"noopener\">LinkedIn<\/a>\u00a0et\u00a0<a href=\"https:\/\/www.youtube.com\/c\/globalong\/videos\" target=\"_blank\" rel=\"noopener\">Youtube<\/a>\u00a0!\u00a0<\/strong><\/p>\n","protected":false},"excerpt":{"rendered":"<p>Th\u00e9o, adh\u00e9rent de l\u2019Association Globalong et \u00e9tudiant en relations internationales, s\u2019est engag\u00e9 sur une mission de Management des Affaires Publiques au Cambodge. D\u00e9couvrez son t\u00e9moignage \u00a0&#x2935; \u00ab\u00a0Je suis parti pour effectuer un stage dans un cadre international. Mes attentes \u00e9taient de d\u00e9couvrir le fonctionnement d&rsquo;une ONG, mais aussi de d\u00e9couvrir une nouvelle culture, le fonctionnement [&hellip;]<\/p>\n","protected":false},"author":9,"featured_media":15544,"parent":883,"menu_order":0,"comment_status":"closed","ping_status":"closed","template":"","meta":{"footnotes":""},"yoast_head":"<!-- This site is optimized with the Yoast SEO Premium plugin v23.4 (Yoast SEO v23.4) - https:\/\/yoast.com\/wordpress\/plugins\/seo\/ -->\n<title>Cambodge - Th\u00e9o (Affaires publiques) - Association Globalong<\/title>\n<meta name=\"robots\" content=\"index, follow, max-snippet:-1, max-image-preview:large, max-video-preview:-1\" \/>\n<link rel=\"canonical\" href=\"https:\/\/www.globalong.com\/blog\/avis-temoignages-globalong\/cambodge-theo-affaires-publiques\/\" \/>\n<meta property=\"og:locale\" content=\"fr_FR\" \/>\n<meta property=\"og:type\" content=\"article\" \/>\n<meta property=\"og:title\" content=\"Cambodge - Th\u00e9o (Affaires publiques)\" \/>\n<meta property=\"og:description\" content=\"Th\u00e9o, adh\u00e9rent de l\u2019Association Globalong et \u00e9tudiant en relations internationales, s\u2019est engag\u00e9 sur une mission de Management des Affaires Publiques au Cambodge. D\u00e9couvrez son t\u00e9moignage \u00a0&#x2935; \u00ab\u00a0Je suis parti pour effectuer un stage dans un cadre international. Mes attentes \u00e9taient de d\u00e9couvrir le fonctionnement d&rsquo;une ONG, mais aussi de d\u00e9couvrir une nouvelle culture, le fonctionnement [&hellip;]\" \/>\n<meta property=\"og:url\" content=\"https:\/\/www.globalong.com\/blog\/avis-temoignages-globalong\/cambodge-theo-affaires-publiques\/\" \/>\n<meta property=\"og:site_name\" content=\"Association Globalong\" \/>\n<meta property=\"article:publisher\" content=\"https:\/\/www.facebook.com\/globalong\" \/>\n<meta property=\"article:modified_time\" content=\"2024-03-08T08:23:19+00:00\" \/>\n<meta property=\"og:image\" content=\"https:\/\/www.globalong.com\/blog\/wp-content\/uploads\/2023\/08\/mission-humanitaire-cambodge-2-scaled.jpg\" \/>\n\t<meta property=\"og:image:width\" content=\"2560\" \/>\n\t<meta property=\"og:image:height\" content=\"1920\" \/>\n\t<meta property=\"og:image:type\" content=\"image\/jpeg\" \/>\n<meta name=\"twitter:card\" content=\"summary_large_image\" \/>\n<meta name=\"twitter:label1\" content=\"Dur\u00e9e de lecture estim\u00e9e\" \/>\n\t<meta name=\"twitter:data1\" content=\"2 minutes\" \/>\n<script type=\"application\/ld+json\" class=\"yoast-schema-graph\">{\"@context\":\"https:\/\/schema.org\",\"@graph\":[{\"@type\":\"WebPage\",\"@id\":\"https:\/\/www.globalong.com\/blog\/avis-temoignages-globalong\/cambodge-theo-affaires-publiques\/\",\"url\":\"https:\/\/www.globalong.com\/blog\/avis-temoignages-globalong\/cambodge-theo-affaires-publiques\/\",\"name\":\"Cambodge - Th\u00e9o (Affaires publiques) - Association Globalong\",\"isPartOf\":{\"@id\":\"https:\/\/www.globalong.com\/blog\/#website\"},\"primaryImageOfPage\":{\"@id\":\"https:\/\/www.globalong.com\/blog\/avis-temoignages-globalong\/cambodge-theo-affaires-publiques\/#primaryimage\"},\"image\":{\"@id\":\"https:\/\/www.globalong.com\/blog\/avis-temoignages-globalong\/cambodge-theo-affaires-publiques\/#primaryimage\"},\"thumbnailUrl\":\"https:\/\/www.globalong.com\/blog\/wp-content\/uploads\/2023\/08\/mission-humanitaire-cambodge-2-scaled.jpg\",\"datePublished\":\"2023-08-04T10:26:35+00:00\",\"dateModified\":\"2024-03-08T08:23:19+00:00\",\"breadcrumb\":{\"@id\":\"https:\/\/www.globalong.com\/blog\/avis-temoignages-globalong\/cambodge-theo-affaires-publiques\/#breadcrumb\"},\"inLanguage\":\"fr-FR\",\"potentialAction\":[{\"@type\":\"ReadAction\",\"target\":[\"https:\/\/www.globalong.com\/blog\/avis-temoignages-globalong\/cambodge-theo-affaires-publiques\/\"]}]},{\"@type\":\"ImageObject\",\"inLanguage\":\"fr-FR\",\"@id\":\"https:\/\/www.globalong.com\/blog\/avis-temoignages-globalong\/cambodge-theo-affaires-publiques\/#primaryimage\",\"url\":\"https:\/\/www.globalong.com\/blog\/wp-content\/uploads\/2023\/08\/mission-humanitaire-cambodge-2-scaled.jpg\",\"contentUrl\":\"https:\/\/www.globalong.com\/blog\/wp-content\/uploads\/2023\/08\/mission-humanitaire-cambodge-2-scaled.jpg\",\"width\":2560,\"height\":1920},{\"@type\":\"BreadcrumbList\",\"@id\":\"https:\/\/www.globalong.com\/blog\/avis-temoignages-globalong\/cambodge-theo-affaires-publiques\/#breadcrumb\",\"itemListElement\":[{\"@type\":\"ListItem\",\"position\":1,\"name\":\"Accueil\",\"item\":\"https:\/\/www.globalong.com\/blog\/\"},{\"@type\":\"ListItem\",\"position\":2,\"name\":\"T\u00e9moignages et avis de volontaires Globalong\",\"item\":\"https:\/\/www.globalong.com\/blog\/avis-temoignages-globalong\/\"},{\"@type\":\"ListItem\",\"position\":3,\"name\":\"Cambodge &#8211; Th\u00e9o (Affaires publiques)\"}]},{\"@type\":\"WebSite\",\"@id\":\"https:\/\/www.globalong.com\/blog\/#website\",\"url\":\"https:\/\/www.globalong.com\/blog\/\",\"name\":\"https:\/\/www.globalong.com\/\",\"description\":\"Mission humanitaire, stage \u00e9tudiant et voyage linguistique\",\"publisher\":{\"@id\":\"https:\/\/www.globalong.com\/blog\/#organization\"},\"potentialAction\":[{\"@type\":\"SearchAction\",\"target\":{\"@type\":\"EntryPoint\",\"urlTemplate\":\"https:\/\/www.globalong.com\/blog\/?s={search_term_string}\"},\"query-input\":{\"@type\":\"PropertyValueSpecification\",\"valueRequired\":true,\"valueName\":\"search_term_string\"}}],\"inLanguage\":\"fr-FR\"},{\"@type\":\"Organization\",\"@id\":\"https:\/\/www.globalong.com\/blog\/#organization\",\"name\":\"Association Globalong\",\"url\":\"https:\/\/www.globalong.com\/blog\/\",\"logo\":{\"@type\":\"ImageObject\",\"inLanguage\":\"fr-FR\",\"@id\":\"https:\/\/www.globalong.com\/blog\/#\/schema\/logo\/image\/\",\"url\":\"https:\/\/www.globalong.com\/blog\/wp-content\/uploads\/2014\/11\/cropped-cropped-Logo-et-Afrique-Globalong-petite-taille-2.jpg\",\"contentUrl\":\"https:\/\/www.globalong.com\/blog\/wp-content\/uploads\/2014\/11\/cropped-cropped-Logo-et-Afrique-Globalong-petite-taille-2.jpg\",\"width\":512,\"height\":512,\"caption\":\"Association Globalong\"},\"image\":{\"@id\":\"https:\/\/www.globalong.com\/blog\/#\/schema\/logo\/image\/\"},\"sameAs\":[\"https:\/\/www.facebook.com\/globalong\"]}]}<\/script>\n<!-- \/ Yoast SEO Premium plugin. -->","yoast_head_json":{"title":"Cambodge - Th\u00e9o (Affaires publiques) - Association Globalong","robots":{"index":"index","follow":"follow","max-snippet":"max-snippet:-1","max-image-preview":"max-image-preview:large","max-video-preview":"max-video-preview:-1"},"canonical":"https:\/\/www.globalong.com\/blog\/avis-temoignages-globalong\/cambodge-theo-affaires-publiques\/","og_locale":"fr_FR","og_type":"article","og_title":"Cambodge - Th\u00e9o (Affaires publiques)","og_description":"Th\u00e9o, adh\u00e9rent de l\u2019Association Globalong et \u00e9tudiant en relations internationales, s\u2019est engag\u00e9 sur une mission de Management des Affaires Publiques au Cambodge. D\u00e9couvrez son t\u00e9moignage \u00a0&#x2935; \u00ab\u00a0Je suis parti pour effectuer un stage dans un cadre international. Mes attentes \u00e9taient de d\u00e9couvrir le fonctionnement d&rsquo;une ONG, mais aussi de d\u00e9couvrir une nouvelle culture, le fonctionnement [&hellip;]","og_url":"https:\/\/www.globalong.com\/blog\/avis-temoignages-globalong\/cambodge-theo-affaires-publiques\/","og_site_name":"Association Globalong","article_publisher":"https:\/\/www.facebook.com\/globalong","article_modified_time":"2024-03-08T08:23:19+00:00","og_image":[{"width":2560,"height":1920,"url":"https:\/\/www.globalong.com\/blog\/wp-content\/uploads\/2023\/08\/mission-humanitaire-cambodge-2-scaled.jpg","type":"image\/jpeg"}],"twitter_card":"summary_large_image","twitter_misc":{"Dur\u00e9e de lecture estim\u00e9e":"2 minutes"},"schema":{"@context":"https:\/\/schema.org","@graph":[{"@type":"WebPage","@id":"https:\/\/www.globalong.com\/blog\/avis-temoignages-globalong\/cambodge-theo-affaires-publiques\/","url":"https:\/\/www.globalong.com\/blog\/avis-temoignages-globalong\/cambodge-theo-affaires-publiques\/","name":"Cambodge - Th\u00e9o (Affaires publiques) - Association Globalong","isPartOf":{"@id":"https:\/\/www.globalong.com\/blog\/#website"},"primaryImageOfPage":{"@id":"https:\/\/www.globalong.com\/blog\/avis-temoignages-globalong\/cambodge-theo-affaires-publiques\/#primaryimage"},"image":{"@id":"https:\/\/www.globalong.com\/blog\/avis-temoignages-globalong\/cambodge-theo-affaires-publiques\/#primaryimage"},"thumbnailUrl":"https:\/\/www.globalong.com\/blog\/wp-content\/uploads\/2023\/08\/mission-humanitaire-cambodge-2-scaled.jpg","datePublished":"2023-08-04T10:26:35+00:00","dateModified":"2024-03-08T08:23:19+00:00","breadcrumb":{"@id":"https:\/\/www.globalong.com\/blog\/avis-temoignages-globalong\/cambodge-theo-affaires-publiques\/#breadcrumb"},"inLanguage":"fr-FR","potentialAction":[{"@type":"ReadAction","target":["https:\/\/www.globalong.com\/blog\/avis-temoignages-globalong\/cambodge-theo-affaires-publiques\/"]}]},{"@type":"ImageObject","inLanguage":"fr-FR","@id":"https:\/\/www.globalong.com\/blog\/avis-temoignages-globalong\/cambodge-theo-affaires-publiques\/#primaryimage","url":"https:\/\/www.globalong.com\/blog\/wp-content\/uploads\/2023\/08\/mission-humanitaire-cambodge-2-scaled.jpg","contentUrl":"https:\/\/www.globalong.com\/blog\/wp-content\/uploads\/2023\/08\/mission-humanitaire-cambodge-2-scaled.jpg","width":2560,"height":1920},{"@type":"BreadcrumbList","@id":"https:\/\/www.globalong.com\/blog\/avis-temoignages-globalong\/cambodge-theo-affaires-publiques\/#breadcrumb","itemListElement":[{"@type":"ListItem","position":1,"name":"Accueil","item":"https:\/\/www.globalong.com\/blog\/"},{"@type":"ListItem","position":2,"name":"T\u00e9moignages et avis de volontaires Globalong","item":"https:\/\/www.globalong.com\/blog\/avis-temoignages-globalong\/"},{"@type":"ListItem","position":3,"name":"Cambodge &#8211; Th\u00e9o (Affaires publiques)"}]},{"@type":"WebSite","@id":"https:\/\/www.globalong.com\/blog\/#website","url":"https:\/\/www.globalong.com\/blog\/","name":"https:\/\/www.globalong.com\/","description":"Mission humanitaire, stage \u00e9tudiant et voyage linguistique","publisher":{"@id":"https:\/\/www.globalong.com\/blog\/#organization"},"potentialAction":[{"@type":"SearchAction","target":{"@type":"EntryPoint","urlTemplate":"https:\/\/www.globalong.com\/blog\/?s={search_term_string}"},"query-input":{"@type":"PropertyValueSpecification","valueRequired":true,"valueName":"search_term_string"}}],"inLanguage":"fr-FR"},{"@type":"Organization","@id":"https:\/\/www.globalong.com\/blog\/#organization","name":"Association Globalong","url":"https:\/\/www.globalong.com\/blog\/","logo":{"@type":"ImageObject","inLanguage":"fr-FR","@id":"https:\/\/www.globalong.com\/blog\/#\/schema\/logo\/image\/","url":"https:\/\/www.globalong.com\/blog\/wp-content\/uploads\/2014\/11\/cropped-cropped-Logo-et-Afrique-Globalong-petite-taille-2.jpg","contentUrl":"https:\/\/www.globalong.com\/blog\/wp-content\/uploads\/2014\/11\/cropped-cropped-Logo-et-Afrique-Globalong-petite-taille-2.jpg","width":512,"height":512,"caption":"Association Globalong"},"image":{"@id":"https:\/\/www.globalong.com\/blog\/#\/schema\/logo\/image\/"},"sameAs":["https:\/\/www.facebook.com\/globalong"]}]}},"_links":{"self":[{"href":"https:\/\/www.globalong.com\/blog\/wp-json\/wp\/v2\/pages\/15542"}],"collection":[{"href":"https:\/\/www.globalong.com\/blog\/wp-json\/wp\/v2\/pages"}],"about":[{"href":"https:\/\/www.globalong.com\/blog\/wp-json\/wp\/v2\/types\/page"}],"author":[{"embeddable":true,"href":"https:\/\/www.globalong.com\/blog\/wp-json\/wp\/v2\/users\/9"}],"replies":[{"embeddable":true,"href":"https:\/\/www.globalong.com\/blog\/wp-json\/wp\/v2\/comments?post=15542"}],"version-history":[{"count":4,"href":"https:\/\/www.globalong.com\/blog\/wp-json\/wp\/v2\/pages\/15542\/revisions"}],"predecessor-version":[{"id":16024,"href":"https:\/\/www.globalong.com\/blog\/wp-json\/wp\/v2\/pages\/15542\/revisions\/16024"}],"up":[{"embeddable":true,"href":"https:\/\/www.globalong.com\/blog\/wp-json\/wp\/v2\/pages\/883"}],"wp:featuredmedia":[{"embeddable":true,"href":"https:\/\/www.globalong.com\/blog\/wp-json\/wp\/v2\/media\/15544"}],"wp:attachment":[{"href":"https:\/\/www.globalong.com\/blog\/wp-json\/wp\/v2\/media?parent=15542"}],"curies":[{"name":"wp","href":"https:\/\/api.w.org\/{rel}","templated":true}]}}