{"id":15563,"date":"2023-08-04T16:59:42","date_gmt":"2023-08-04T14:59:42","guid":{"rendered":"https:\/\/www.globalong.com\/blog\/?page_id=15563"},"modified":"2026-04-04T16:27:29","modified_gmt":"2026-04-04T14:27:29","slug":"indonesie-ilias","status":"publish","type":"page","link":"https:\/\/www.globalong.com\/blog\/avis-temoignages-globalong\/indonesie-ilias\/","title":{"rendered":"Indon\u00e9sie &#8211; Ilias"},"content":{"rendered":"<p class=\"p1\" style=\"text-align: center;\"><b>Ilias, adh\u00e9rent de l\u2019<\/b><a href=\"https:\/\/www.globalong.com\/association-globalong.html\"><span class=\"s1\"><b>Association Globalong<\/b><\/span><\/a><b> et \u00e9tudiant en \u00e9cole de commerce s\u2019est engag\u00e9 sur une mission de lutte contre le trafic animalier en Indon\u00e9sie.<\/b><\/p>\n<p class=\"p1\" style=\"text-align: center;\"><b>D\u00e9couvrez son t\u00e9moignage \u00a0<\/b><span class=\"s2\"><b>&#x2935;<\/b><\/span><\/p>\n<div style=\"text-align: center; margin: 24px 0;\"><a style=\"display: inline-block; background: #ba372a; color: #ffffff; padding: 14px 28px; border-radius: 6px; text-decoration: none; font-weight: bold;\" href=\"https:\/\/www.globalong.com\/blog\/mission-humanitaire-en-indonesie\/\"><br \/>\nD\u00e9couvrir la mission humanitaire en Indon\u00e9sie<br \/>\n<\/a><\/p>\n<p style=\"margin-top: 10px; font-size: 14px;\">Trouvez une mission adapt\u00e9e \u00e0 votre profil, \u00e0 vos objectifs et \u00e0 votre budget.<\/p>\n<\/div>\n<p class=\"p3\" style=\"text-align: justify;\"><strong>\u00ab\u00a0Je suis parti, car je devais effectuer un stage \u00e0 l&rsquo;\u00e9tranger dans le cadre de mes \u00e9tudes. \u00c9tant donn\u00e9 que mon \u00e9cole acceptait les missions humanitaires \/ b\u00e9n\u00e9volat, et que c&rsquo;\u00e9tait l&rsquo;un de mes souhaits depuis longtemps, j&rsquo;ai profit\u00e9 de l&rsquo;occasion pour faire cette mission en Indon\u00e9sie.<\/strong><\/p>\n<p class=\"p3\" style=\"text-align: justify;\"><strong>Cela m&rsquo;a un petit peu perturb\u00e9 les premiers jours dans le sens o\u00f9 je ne m&rsquo;attendais pas \u00e0 ce que cela soit aussi rudimentaire (au vu de mes habitudes et de mes \u00ab\u00a0standards\u00a0\u00bb d&rsquo;europ\u00e9en). De plus, m\u00eame pour la nourriture, j&rsquo;aurais aim\u00e9 en savoir un peu plus, et surtout qu&rsquo;il y a du riz \u00e0 TOUS les repas sans exception (alors que je n&rsquo;aime pas le riz de base&#8230;).<\/strong><\/p>\n<p class=\"p3\" style=\"text-align: justify;\"><strong>Pour \u00eatre honn\u00eate, j&rsquo;ai m\u00eame song\u00e9 \u00e0 partir d\u00e8s le premier jour, car je ne trouvais strictement aucun point commun avec mes habitudes \u00ab\u00a0de fran\u00e7ais\u00a0\u00bb, je me sentais perdu.<\/strong><\/p>\n<p class=\"p3\" style=\"text-align: justify;\"><strong>Je suis pass\u00e9 outre et je suis rest\u00e9, heureusement d&rsquo;ailleurs parce qu&rsquo;une fois adapt\u00e9 en quelques jours, j&rsquo;ai commenc\u00e9 \u00e0 appr\u00e9cier mon exp\u00e9rience, et au bout de neuf semaines, je peux dire que c&rsquo;\u00e9tait vraiment une exp\u00e9rience unique. Je dirais m\u00eame \u00e0 refaire.<\/strong><\/p>\n<p class=\"p3\" style=\"text-align: justify;\"><strong>Il n&rsquo;y avait pas vraiment de planning d\u00e9fini, nous faisions selon les besoins du centre le moment venu. Cela d\u00e9pend des jours, mais globalement cela se r\u00e9sumait \u00e0 couper les fruits pour les animaux, puis leur donner, ainsi que de temps en temps nettoyer leur cage.<\/strong><\/p>\n<p class=\"p3\" style=\"text-align: justify;\"><strong>Parfois aussi, nous avons contribu\u00e9 \u00e0 refaire les cages dans le sens remettre de nouveaux bambous, de nouvelles feuilles pour certains animaux\u2026<\/strong><\/p>\n<p class=\"p3\" style=\"text-align: justify;\"><strong>Le mat\u00e9riel mis \u00e0 disposition est rudimentaire. Une planche \u00e0 d\u00e9couper, des couteaux \/ machettes, des paniers&#8230; et c&rsquo;est \u00e0 peu pr\u00e8s tout (pas que pour les volontaires, pour les keepers du refuge aussi&#8230;)<\/strong><\/p>\n<p class=\"p3\" style=\"text-align: justify;\"><strong>La clinique v\u00e9t\u00e9rinaire a un peu plus d&rsquo;\u00e9quipement pour pouvoir soigner les animaux, et faire des analyses.<\/strong><\/p>\n<p class=\"p3\" style=\"text-align: justify;\"><strong>Concernant les nouvelles connaissances que j\u2019ai acquises, ce sont plus des soft skills, communication, et surtout la patience.<\/strong><\/p>\n<p class=\"p3\" style=\"text-align: justify;\"><strong>Mes conseils pour les futurs b\u00e9n\u00e9voles en <a href=\"https:\/\/www.globalong.com\/blog\/volontariat-en-indonesie\/\" target=\"_blank\" rel=\"noopener\">Indon\u00e9sie<\/a> sont que les premiers jours, vous aurez des attentes, et vous serez d\u00e9\u00e7us, peut-\u00eatre m\u00eame beaucoup par \u00e0 la fois l&rsquo;h\u00e9bergement, la nourriture, et ce que l&rsquo;on fait avec les animaux. Mais laissez le temps passer et apprenez les indon\u00e9siens. M\u00eame s&rsquo;ils ne parlent pas anglais, les keepers sont d&rsquo;une gentillesse incroyable, ils rigolent tout le temps (on ne sait pas toujours pourquoi, mais leur rire est contagieux). Et puis m\u00eame si vous avez l&rsquo;impression qu&rsquo;on pourrait en faire plus, dites-vous que c&rsquo;est le rythme indon\u00e9sien, on fait des pauses VRAIMENT TOUT LE TEMPS. Et puis vous verrez que les moments que vous partagez avec eux ainsi que les moments avec les animaux sont magiques.<\/strong><\/p>\n<p class=\"p3\" style=\"text-align: justify;\"><strong>(Allez voir Betty, le gibbon et laissez-la vous faire du grooming, c&rsquo;est perturbant, mais tellement&#8230; comment dire&#8230; je ne sais pas en fait, il faut le vivre pour le croire. Betty qui cherche \u00e0 vous \u00e9piler les cheveux ou les bras, c&rsquo;est vraiment unique).<\/strong><\/p>\n<p class=\"p3\" style=\"text-align: justify;\"><strong>Je savais presque tout \u00e7a avant de partir. Mais des photos ou des t\u00e9moignages m&rsquo;auraient permis de mieux me pr\u00e9parer psychologiquement \u00e0 ce choc, \u00e9norme, il faut le dire, des cultures.<\/strong><\/p>\n<p class=\"p3\" style=\"text-align: justify;\"><strong>Pour moi, la d\u00e9finition de l&rsquo;engagement b\u00e9n\u00e9vole \u00e0 l\u2019international est la m\u00eame qu\u2019au niveau national, l\u2019engagement b\u00e9n\u00e9vole, c&rsquo;est donner de son temps \u00e0 une association ou pour une cause qui nous tient \u00e0 c\u0153ur.<\/strong><\/p>\n<p class=\"p3\" style=\"text-align: justify;\"><strong>L\u2019impact de cette mission \u00e0 mon retour, c&rsquo;est peut-\u00eatre moins me plaindre des petites choses qui peuvent nous emb\u00eater. Les Indon\u00e9siens ne se plaignent jamais, alors qu&rsquo;il pourrait le faire BEAUCOUP PLUS que nous, europ\u00e9ens.<\/strong><\/p>\n<p class=\"p3\" style=\"text-align: justify;\"><strong>Mes bons plans (et le budget n\u00e9cessaire !) :<\/strong><\/p>\n<p class=\"p3\" style=\"text-align: justify;\"><strong>Cela d\u00e9pend vraiment de vous et de vos envies.<\/strong><\/p>\n<p class=\"p3\" style=\"text-align: justify;\"><strong>Je pense que 30\u20ac par semaine, c&rsquo;est suffisant (les prix sont vraiment bas en Indon\u00e9sie, nous, europ\u00e9ens, sommes vu comme des personnes richissimes l\u00e0-bas)<\/strong><\/p>\n<p class=\"p3\" style=\"text-align: justify;\"><strong>Trois sorties \u00e0 faire absolument en plus des 30\u20ac\/semaine (prix par personne)<\/strong><\/p>\n<p class=\"p3\" style=\"text-align: justify;\"><strong>&#8211; Parc national maritime de l&rsquo;\u00eele de Bunaken :<\/strong><\/p>\n<p class=\"p3\" style=\"text-align: justify;\"><strong>50\u20ac par nuit en hotel pension compl\u00e8te (j&rsquo;ai dormi dans le plus bel h\u00f4tel de l&rsquo;\u00eele, The Village, qui m&rsquo;a fait pendant 2 jours retrouver un peu mes standards d&rsquo;europ\u00e9en au bout de 4 semaines en Indon\u00e9sie)<\/strong><\/p>\n<p class=\"p3\" style=\"text-align: justify;\"><strong>90\u20ac pour une plong\u00e9e (l&rsquo;un des plus beaux sites de plong\u00e9e au monde pour les fans de microbiodiversit\u00e9)<\/strong><\/p>\n<p class=\"p3\" style=\"text-align: justify;\"><strong>35\u20ac aller\/retour taxi pour Manado + bateau pour Bunaken pour rejoinde l&rsquo;h\u00f4tel<\/strong><\/p>\n<p class=\"p3\" style=\"text-align: justify;\"><strong>&#8211; Tomohon:<\/strong><\/p>\n<p class=\"p3\" style=\"text-align: justify;\"><strong>30\u20ac pour aller y passer la journ\u00e9e (+20\u20ac pour une sortie rafting dans la jungle, un must \u00e0 faire une fois dans sa vie, probablement mon meilleur souvenir de mon s\u00e9jour en Indon\u00e9sie, ils vous am\u00e8nent \u00e0 une cascade perdue au milieu de nulle part, c&rsquo;est un moment plus que magique !) mon seul regret est de ne pas y avoir pass\u00e9 le week-end pour plus d\u00e9couvrir !<\/strong><\/p>\n<p class=\"p3\" style=\"text-align: justify;\"><strong>&#8211; Parc (national ?) de Tangkoko<\/strong><\/p>\n<p class=\"p3\" style=\"text-align: justify;\"><strong>50\u20ac taxi + h\u00f4tel 1 nuit + repas + entr\u00e9e dans le pars + guide\u00a0 : \u00e0 faire si vous voulez voir des macaques, kuskus, toucans en plein d&rsquo;autres animaux en libert\u00e9 sur le chemin retour de l&rsquo;excursion, vous passerez sur une plage paradisiaque d\u00e9serte avec sable noir immacul\u00e9 (incroyable !)<\/strong><\/p>\n<p class=\"p3\" style=\"text-align: justify;\"><strong>Mes bonnes adresses :<\/strong><\/p>\n<ul>\n<li class=\"p3\" style=\"text-align: justify;\"><strong>Parc national de Bunaken<\/strong><\/li>\n<li class=\"p3\" style=\"text-align: justify;\"><strong>Tomohon<\/strong><\/li>\n<li class=\"p3\" style=\"text-align: justify;\"><strong>Rafting dans la jungle \u00e0 Timbukar (pr\u00e8s de Tomohon)<\/strong><\/li>\n<li class=\"p3\" style=\"text-align: justify;\"><strong>\u00cele de Lembeh (je ne recommande pas sp\u00e9cialement, il n&rsquo;y a vraiment rien \u00e0 faire)<\/strong><\/li>\n<li class=\"p3\" style=\"text-align: justify;\"><strong>Tangkoko<\/strong><\/li>\n<li class=\"p3\" style=\"text-align: justify;\"><strong>Manado, voir avec Esti si vous pouvez faire, ou essayer pour les d\u00e9butants, du wakeboard avec ses ami(e)s, c&rsquo;est l&rsquo;une de mes meilleures journ\u00e9es l\u00e0-bas. En esp\u00e9rant qu&rsquo;elle soit encore l\u00e0 quand vous viendrez !\u00a0\u00bb<\/strong><\/li>\n<\/ul>\n<p style=\"text-align: center;\"><strong>Encore merci \u00e0 Ilias pour son engagement ! &#x1f1ee;&#x1f1e9;\u00a0<\/strong><\/p>\n<p><a href=\"https:\/\/www.globalong.com\/blog\/wp-content\/uploads\/2023\/08\/lutte-contre-le-trafic-animalier-humanitaire.png\"><img loading=\"lazy\" decoding=\"async\" class=\"alignnone size-full wp-image-15569\" src=\"https:\/\/www.globalong.com\/blog\/wp-content\/uploads\/2023\/08\/lutte-contre-le-trafic-animalier-humanitaire.png\" alt=\"\" width=\"2044\" height=\"924\" srcset=\"https:\/\/www.globalong.com\/blog\/wp-content\/uploads\/2023\/08\/lutte-contre-le-trafic-animalier-humanitaire.png 2044w, https:\/\/www.globalong.com\/blog\/wp-content\/uploads\/2023\/08\/lutte-contre-le-trafic-animalier-humanitaire-300x136.png 300w, https:\/\/www.globalong.com\/blog\/wp-content\/uploads\/2023\/08\/lutte-contre-le-trafic-animalier-humanitaire-1024x463.png 1024w, https:\/\/www.globalong.com\/blog\/wp-content\/uploads\/2023\/08\/lutte-contre-le-trafic-animalier-humanitaire-768x347.png 768w, https:\/\/www.globalong.com\/blog\/wp-content\/uploads\/2023\/08\/lutte-contre-le-trafic-animalier-humanitaire-1536x694.png 1536w\" sizes=\"(max-width: 2044px) 100vw, 2044px\" \/><\/a><\/p>\n<p class=\"p4\" style=\"text-align: center;\"><strong>Pour plus d\u2019informations, n\u2019h\u00e9sitez pas \u00e0 nous contacter \u00e0 l\u2019adresse\u00a0<a href=\"mailto:info@globalong.com\"><span class=\"s2\">info@globalong.com<\/span><\/a><\/strong><\/p>\n<p class=\"p4\" style=\"text-align: center;\"><strong>Pour en savoir plus sur l\u2019Association Globalong et ses adh\u00e9rents, rendez-vous sur\u00a0<a href=\"https:\/\/www.instagram.com\/globalongofficiel\/\"><span class=\"s2\">Instagram<\/span><\/a>,\u00a0<a href=\"https:\/\/www.facebook.com\/globalong\"><span class=\"s2\">Facebook<\/span><\/a>,\u00a0<a href=\"https:\/\/www.linkedin.com\/company\/5113177\/admin\/feed\/posts\/\"><span class=\"s2\">LinkedIn<\/span><\/a>\u00a0et\u00a0<a href=\"https:\/\/www.youtube.com\/c\/globalong\/videos\"><span class=\"s2\">Youtube<\/span><\/a>\u00a0!\u00a0<\/strong><\/p>\n","protected":false},"excerpt":{"rendered":"<p>Ilias, adh\u00e9rent de l\u2019Association Globalong et \u00e9tudiant en \u00e9cole de commerce s\u2019est engag\u00e9 sur une mission de lutte contre le trafic animalier en Indon\u00e9sie. D\u00e9couvrez son t\u00e9moignage \u00a0&#x2935; D\u00e9couvrir la mission humanitaire en Indon\u00e9sie Trouvez une mission adapt\u00e9e \u00e0 votre profil, \u00e0 vos objectifs et \u00e0 votre budget. \u00ab\u00a0Je suis parti, car je devais effectuer [&hellip;]<\/p>\n","protected":false},"author":9,"featured_media":15566,"parent":883,"menu_order":0,"comment_status":"closed","ping_status":"closed","template":"","meta":{"footnotes":""},"yoast_head":"<!-- This site is optimized with the Yoast SEO Premium plugin v23.4 (Yoast SEO v23.4) - https:\/\/yoast.com\/wordpress\/plugins\/seo\/ -->\n<title>Indon\u00e9sie - Ilias - Association Globalong<\/title>\n<meta name=\"robots\" content=\"index, follow, max-snippet:-1, max-image-preview:large, max-video-preview:-1\" \/>\n<link rel=\"canonical\" href=\"https:\/\/www.globalong.com\/blog\/avis-temoignages-globalong\/indonesie-ilias\/\" \/>\n<meta property=\"og:locale\" content=\"fr_FR\" \/>\n<meta property=\"og:type\" content=\"article\" \/>\n<meta property=\"og:title\" content=\"Indon\u00e9sie - Ilias\" \/>\n<meta property=\"og:description\" content=\"Ilias, adh\u00e9rent de l\u2019Association Globalong et \u00e9tudiant en \u00e9cole de commerce s\u2019est engag\u00e9 sur une mission de lutte contre le trafic animalier en Indon\u00e9sie. D\u00e9couvrez son t\u00e9moignage \u00a0&#x2935; D\u00e9couvrir la mission humanitaire en Indon\u00e9sie Trouvez une mission adapt\u00e9e \u00e0 votre profil, \u00e0 vos objectifs et \u00e0 votre budget. \u00ab\u00a0Je suis parti, car je devais effectuer [&hellip;]\" \/>\n<meta property=\"og:url\" content=\"https:\/\/www.globalong.com\/blog\/avis-temoignages-globalong\/indonesie-ilias\/\" \/>\n<meta property=\"og:site_name\" content=\"Association Globalong\" \/>\n<meta property=\"article:publisher\" content=\"https:\/\/www.facebook.com\/globalong\" \/>\n<meta property=\"article:modified_time\" content=\"2026-04-04T14:27:29+00:00\" \/>\n<meta property=\"og:image\" content=\"https:\/\/www.globalong.com\/blog\/wp-content\/uploads\/2023\/08\/mission-humanitaire-indonesie.jpeg\" \/>\n\t<meta property=\"og:image:width\" content=\"1536\" \/>\n\t<meta property=\"og:image:height\" content=\"1536\" \/>\n\t<meta property=\"og:image:type\" content=\"image\/jpeg\" \/>\n<meta name=\"twitter:card\" content=\"summary_large_image\" \/>\n<meta name=\"twitter:label1\" content=\"Dur\u00e9e de lecture estim\u00e9e\" \/>\n\t<meta name=\"twitter:data1\" content=\"6 minutes\" \/>\n<script type=\"application\/ld+json\" class=\"yoast-schema-graph\">{\"@context\":\"https:\/\/schema.org\",\"@graph\":[{\"@type\":\"WebPage\",\"@id\":\"https:\/\/www.globalong.com\/blog\/avis-temoignages-globalong\/indonesie-ilias\/\",\"url\":\"https:\/\/www.globalong.com\/blog\/avis-temoignages-globalong\/indonesie-ilias\/\",\"name\":\"Indon\u00e9sie - Ilias - Association Globalong\",\"isPartOf\":{\"@id\":\"https:\/\/www.globalong.com\/blog\/#website\"},\"primaryImageOfPage\":{\"@id\":\"https:\/\/www.globalong.com\/blog\/avis-temoignages-globalong\/indonesie-ilias\/#primaryimage\"},\"image\":{\"@id\":\"https:\/\/www.globalong.com\/blog\/avis-temoignages-globalong\/indonesie-ilias\/#primaryimage\"},\"thumbnailUrl\":\"https:\/\/www.globalong.com\/blog\/wp-content\/uploads\/2023\/08\/mission-humanitaire-indonesie.jpeg\",\"datePublished\":\"2023-08-04T14:59:42+00:00\",\"dateModified\":\"2026-04-04T14:27:29+00:00\",\"breadcrumb\":{\"@id\":\"https:\/\/www.globalong.com\/blog\/avis-temoignages-globalong\/indonesie-ilias\/#breadcrumb\"},\"inLanguage\":\"fr-FR\",\"potentialAction\":[{\"@type\":\"ReadAction\",\"target\":[\"https:\/\/www.globalong.com\/blog\/avis-temoignages-globalong\/indonesie-ilias\/\"]}]},{\"@type\":\"ImageObject\",\"inLanguage\":\"fr-FR\",\"@id\":\"https:\/\/www.globalong.com\/blog\/avis-temoignages-globalong\/indonesie-ilias\/#primaryimage\",\"url\":\"https:\/\/www.globalong.com\/blog\/wp-content\/uploads\/2023\/08\/mission-humanitaire-indonesie.jpeg\",\"contentUrl\":\"https:\/\/www.globalong.com\/blog\/wp-content\/uploads\/2023\/08\/mission-humanitaire-indonesie.jpeg\",\"width\":1536,\"height\":1536,\"caption\":\"Volontariat en Indon\u00e9sie\"},{\"@type\":\"BreadcrumbList\",\"@id\":\"https:\/\/www.globalong.com\/blog\/avis-temoignages-globalong\/indonesie-ilias\/#breadcrumb\",\"itemListElement\":[{\"@type\":\"ListItem\",\"position\":1,\"name\":\"Accueil\",\"item\":\"https:\/\/www.globalong.com\/blog\/\"},{\"@type\":\"ListItem\",\"position\":2,\"name\":\"T\u00e9moignages et avis de volontaires Globalong\",\"item\":\"https:\/\/www.globalong.com\/blog\/avis-temoignages-globalong\/\"},{\"@type\":\"ListItem\",\"position\":3,\"name\":\"Indon\u00e9sie &#8211; Ilias\"}]},{\"@type\":\"WebSite\",\"@id\":\"https:\/\/www.globalong.com\/blog\/#website\",\"url\":\"https:\/\/www.globalong.com\/blog\/\",\"name\":\"https:\/\/www.globalong.com\/\",\"description\":\"Mission humanitaire, stage \u00e9tudiant et voyage linguistique\",\"publisher\":{\"@id\":\"https:\/\/www.globalong.com\/blog\/#organization\"},\"potentialAction\":[{\"@type\":\"SearchAction\",\"target\":{\"@type\":\"EntryPoint\",\"urlTemplate\":\"https:\/\/www.globalong.com\/blog\/?s={search_term_string}\"},\"query-input\":{\"@type\":\"PropertyValueSpecification\",\"valueRequired\":true,\"valueName\":\"search_term_string\"}}],\"inLanguage\":\"fr-FR\"},{\"@type\":\"Organization\",\"@id\":\"https:\/\/www.globalong.com\/blog\/#organization\",\"name\":\"Association Globalong\",\"url\":\"https:\/\/www.globalong.com\/blog\/\",\"logo\":{\"@type\":\"ImageObject\",\"inLanguage\":\"fr-FR\",\"@id\":\"https:\/\/www.globalong.com\/blog\/#\/schema\/logo\/image\/\",\"url\":\"https:\/\/www.globalong.com\/blog\/wp-content\/uploads\/2014\/11\/cropped-cropped-Logo-et-Afrique-Globalong-petite-taille-2.jpg\",\"contentUrl\":\"https:\/\/www.globalong.com\/blog\/wp-content\/uploads\/2014\/11\/cropped-cropped-Logo-et-Afrique-Globalong-petite-taille-2.jpg\",\"width\":512,\"height\":512,\"caption\":\"Association Globalong\"},\"image\":{\"@id\":\"https:\/\/www.globalong.com\/blog\/#\/schema\/logo\/image\/\"},\"sameAs\":[\"https:\/\/www.facebook.com\/globalong\"]}]}<\/script>\n<!-- \/ Yoast SEO Premium plugin. -->","yoast_head_json":{"title":"Indon\u00e9sie - Ilias - Association Globalong","robots":{"index":"index","follow":"follow","max-snippet":"max-snippet:-1","max-image-preview":"max-image-preview:large","max-video-preview":"max-video-preview:-1"},"canonical":"https:\/\/www.globalong.com\/blog\/avis-temoignages-globalong\/indonesie-ilias\/","og_locale":"fr_FR","og_type":"article","og_title":"Indon\u00e9sie - Ilias","og_description":"Ilias, adh\u00e9rent de l\u2019Association Globalong et \u00e9tudiant en \u00e9cole de commerce s\u2019est engag\u00e9 sur une mission de lutte contre le trafic animalier en Indon\u00e9sie. D\u00e9couvrez son t\u00e9moignage \u00a0&#x2935; D\u00e9couvrir la mission humanitaire en Indon\u00e9sie Trouvez une mission adapt\u00e9e \u00e0 votre profil, \u00e0 vos objectifs et \u00e0 votre budget. \u00ab\u00a0Je suis parti, car je devais effectuer [&hellip;]","og_url":"https:\/\/www.globalong.com\/blog\/avis-temoignages-globalong\/indonesie-ilias\/","og_site_name":"Association Globalong","article_publisher":"https:\/\/www.facebook.com\/globalong","article_modified_time":"2026-04-04T14:27:29+00:00","og_image":[{"width":1536,"height":1536,"url":"https:\/\/www.globalong.com\/blog\/wp-content\/uploads\/2023\/08\/mission-humanitaire-indonesie.jpeg","type":"image\/jpeg"}],"twitter_card":"summary_large_image","twitter_misc":{"Dur\u00e9e de lecture estim\u00e9e":"6 minutes"},"schema":{"@context":"https:\/\/schema.org","@graph":[{"@type":"WebPage","@id":"https:\/\/www.globalong.com\/blog\/avis-temoignages-globalong\/indonesie-ilias\/","url":"https:\/\/www.globalong.com\/blog\/avis-temoignages-globalong\/indonesie-ilias\/","name":"Indon\u00e9sie - Ilias - Association Globalong","isPartOf":{"@id":"https:\/\/www.globalong.com\/blog\/#website"},"primaryImageOfPage":{"@id":"https:\/\/www.globalong.com\/blog\/avis-temoignages-globalong\/indonesie-ilias\/#primaryimage"},"image":{"@id":"https:\/\/www.globalong.com\/blog\/avis-temoignages-globalong\/indonesie-ilias\/#primaryimage"},"thumbnailUrl":"https:\/\/www.globalong.com\/blog\/wp-content\/uploads\/2023\/08\/mission-humanitaire-indonesie.jpeg","datePublished":"2023-08-04T14:59:42+00:00","dateModified":"2026-04-04T14:27:29+00:00","breadcrumb":{"@id":"https:\/\/www.globalong.com\/blog\/avis-temoignages-globalong\/indonesie-ilias\/#breadcrumb"},"inLanguage":"fr-FR","potentialAction":[{"@type":"ReadAction","target":["https:\/\/www.globalong.com\/blog\/avis-temoignages-globalong\/indonesie-ilias\/"]}]},{"@type":"ImageObject","inLanguage":"fr-FR","@id":"https:\/\/www.globalong.com\/blog\/avis-temoignages-globalong\/indonesie-ilias\/#primaryimage","url":"https:\/\/www.globalong.com\/blog\/wp-content\/uploads\/2023\/08\/mission-humanitaire-indonesie.jpeg","contentUrl":"https:\/\/www.globalong.com\/blog\/wp-content\/uploads\/2023\/08\/mission-humanitaire-indonesie.jpeg","width":1536,"height":1536,"caption":"Volontariat en Indon\u00e9sie"},{"@type":"BreadcrumbList","@id":"https:\/\/www.globalong.com\/blog\/avis-temoignages-globalong\/indonesie-ilias\/#breadcrumb","itemListElement":[{"@type":"ListItem","position":1,"name":"Accueil","item":"https:\/\/www.globalong.com\/blog\/"},{"@type":"ListItem","position":2,"name":"T\u00e9moignages et avis de volontaires Globalong","item":"https:\/\/www.globalong.com\/blog\/avis-temoignages-globalong\/"},{"@type":"ListItem","position":3,"name":"Indon\u00e9sie &#8211; Ilias"}]},{"@type":"WebSite","@id":"https:\/\/www.globalong.com\/blog\/#website","url":"https:\/\/www.globalong.com\/blog\/","name":"https:\/\/www.globalong.com\/","description":"Mission humanitaire, stage \u00e9tudiant et voyage linguistique","publisher":{"@id":"https:\/\/www.globalong.com\/blog\/#organization"},"potentialAction":[{"@type":"SearchAction","target":{"@type":"EntryPoint","urlTemplate":"https:\/\/www.globalong.com\/blog\/?s={search_term_string}"},"query-input":{"@type":"PropertyValueSpecification","valueRequired":true,"valueName":"search_term_string"}}],"inLanguage":"fr-FR"},{"@type":"Organization","@id":"https:\/\/www.globalong.com\/blog\/#organization","name":"Association Globalong","url":"https:\/\/www.globalong.com\/blog\/","logo":{"@type":"ImageObject","inLanguage":"fr-FR","@id":"https:\/\/www.globalong.com\/blog\/#\/schema\/logo\/image\/","url":"https:\/\/www.globalong.com\/blog\/wp-content\/uploads\/2014\/11\/cropped-cropped-Logo-et-Afrique-Globalong-petite-taille-2.jpg","contentUrl":"https:\/\/www.globalong.com\/blog\/wp-content\/uploads\/2014\/11\/cropped-cropped-Logo-et-Afrique-Globalong-petite-taille-2.jpg","width":512,"height":512,"caption":"Association Globalong"},"image":{"@id":"https:\/\/www.globalong.com\/blog\/#\/schema\/logo\/image\/"},"sameAs":["https:\/\/www.facebook.com\/globalong"]}]}},"_links":{"self":[{"href":"https:\/\/www.globalong.com\/blog\/wp-json\/wp\/v2\/pages\/15563"}],"collection":[{"href":"https:\/\/www.globalong.com\/blog\/wp-json\/wp\/v2\/pages"}],"about":[{"href":"https:\/\/www.globalong.com\/blog\/wp-json\/wp\/v2\/types\/page"}],"author":[{"embeddable":true,"href":"https:\/\/www.globalong.com\/blog\/wp-json\/wp\/v2\/users\/9"}],"replies":[{"embeddable":true,"href":"https:\/\/www.globalong.com\/blog\/wp-json\/wp\/v2\/comments?post=15563"}],"version-history":[{"count":8,"href":"https:\/\/www.globalong.com\/blog\/wp-json\/wp\/v2\/pages\/15563\/revisions"}],"predecessor-version":[{"id":26123,"href":"https:\/\/www.globalong.com\/blog\/wp-json\/wp\/v2\/pages\/15563\/revisions\/26123"}],"up":[{"embeddable":true,"href":"https:\/\/www.globalong.com\/blog\/wp-json\/wp\/v2\/pages\/883"}],"wp:featuredmedia":[{"embeddable":true,"href":"https:\/\/www.globalong.com\/blog\/wp-json\/wp\/v2\/media\/15566"}],"wp:attachment":[{"href":"https:\/\/www.globalong.com\/blog\/wp-json\/wp\/v2\/media?parent=15563"}],"curies":[{"name":"wp","href":"https:\/\/api.w.org\/{rel}","templated":true}]}}