{"id":15580,"date":"2023-08-08T12:42:05","date_gmt":"2023-08-08T10:42:05","guid":{"rendered":"https:\/\/www.globalong.com\/blog\/?page_id=15580"},"modified":"2024-03-08T09:26:26","modified_gmt":"2024-03-08T08:26:26","slug":"grece-ombeline","status":"publish","type":"page","link":"https:\/\/www.globalong.com\/blog\/avis-temoignages-globalong\/grece-ombeline\/","title":{"rendered":"Gr\u00e8ce &#8211; Ombeline"},"content":{"rendered":"<p style=\"text-align: justify;\"><strong>Ombeline, adh\u00e9rente de l&rsquo;<span style=\"text-decoration: underline;\"><a href=\"https:\/\/www.globalong.com\/association-globalong.html\" target=\"_blank\" rel=\"noopener\">Association Globalong<\/a><\/span> et \u00e9tudiante en Bioinformatique et Mod\u00e9lisation, s&rsquo;est engag\u00e9e en Gr\u00e8ce dans le cadre d&rsquo;un stage sur une mission dans un centre de protection maritime aux c\u00f4t\u00e9s des \u00e9quipes g\u00e9rant les syst\u00e8mes d&rsquo;informations g\u00e9ographiques.\u00a0<\/strong><\/p>\n<p style=\"text-align: justify;\"><strong>Durant son stage, Ombeline a notamment cr\u00e9\u00e9 et rendu op\u00e9rationnel un logiciel de suivi de la variabilit\u00e9 des caract\u00e9ristiques environnementales favorisant la pr\u00e9sence de mammif\u00e8res marins par t\u00e9l\u00e9d\u00e9tection.<\/strong><\/p>\n<p style=\"text-align: justify;\"><strong>Nous vous laissons d\u00e9couvrir son t\u00e9moignage ci-dessous :<\/strong><\/p>\n<p class=\"p1\" style=\"text-align: justify;\"><strong>\u00ab\u00a0Durant ces 3 mois, j&rsquo;ai d\u00e9velopp\u00e9 un logiciel en Python appel\u00e9 Aristarchus the MarineDataTrawler. Le but d&rsquo;AMDT est d&rsquo;analyser les variables comme la temp\u00e9rature de la mer, la salinit\u00e9 ou la concentration en chlorophylle, et de les corr\u00e9ler avec les observations de mammif\u00e8res marins enregistr\u00e9es lors des sorties en mer.<\/strong><\/p>\n<p class=\"p1\" style=\"text-align: justify;\"><strong>Le logiciel utilise les donn\u00e9es satellitaires du Copernicus Marine Service du programme spatial de l&rsquo;Union europ\u00e9enne. Les donn\u00e9es satellitaires sont collect\u00e9es en continu \u00e0 diff\u00e9rentes \u00e9chelles de temps (horaire, quotidienne et mensuelle) et sont plus susceptibles de contenir moins d&rsquo;erreurs d&rsquo;acquisition si elles sont correctement trait\u00e9es. L&rsquo;utilisateur d\u00e9finit d&rsquo;abord les coordonn\u00e9es souhait\u00e9es dans AMDT, colle l&rsquo;URL d&rsquo;un jeu de donn\u00e9es de Copernicus et choisit plusieurs informations (ann\u00e9e, profondeur, variable).<\/strong><\/p>\n<p class=\"p1\" style=\"text-align: justify;\"><strong>Ensuite, il peut proc\u00e9der \u00e0 plusieurs analyses sur les variables environnementales : statistiques sur l&rsquo;ensemble de la zone, statistiques sur chaque pixel, ou encore corr\u00e9lation avec les observations rapport\u00e9es dans un fichier csv. De plus, AMDT permet de visualiser les tendances des variables, de traiter certains tests statistiques et peut \u00e9galement afficher des cartes de donn\u00e9es moyennes par exemple.<\/strong><\/p>\n<p class=\"p1\" style=\"text-align: justify;\"><strong>Cet outil peut \u00eatre utile pour analyser les tendances des variables environnementales \u00e0 diff\u00e9rentes \u00e9chelles g\u00e9ographiques et les impacts possibles du changement climatique. En corr\u00e9lant ces donn\u00e9es avec les pr\u00e9f\u00e9rences d&rsquo;habitat des esp\u00e8ces de mammif\u00e8res marins, il peut aider \u00e0 pr\u00e9dire un changement dans l&rsquo;habitat des esp\u00e8ces, et donc de mettre en \u0153uvre des actions de conservation et de d\u00e9finir des zones plus propices \u00e0 \u00e0 prot\u00e9ger. AMDT pourrait \u00eatre utilis\u00e9 par d&rsquo;autres organisations \u00e0 travers le monde pour aider \u00e0 poursuivre l\u2019analyse.<\/strong><\/p>\n<p class=\"p1\" style=\"text-align: justify;\"><strong>J&rsquo;ai vraiment appr\u00e9ci\u00e9 mon s\u00e9jour ici ! En plus de pouvoir mettre \u00e0 profit mes comp\u00e9tences sur un sujet qui me tient \u00e0 c\u0153ur, j&rsquo;ai pu participer \u00e0 de nombreuses enqu\u00eates et en apprendre davantage sur les \u00e9cosyst\u00e8mes marins et les moyens de les \u00e9tudier sans les perturber. Ce fut une exp\u00e9rience incroyable et je suis ravie d&rsquo;avoir pu contribuer \u00e0 une organisation qui partage mes valeurs.\u00a0\u00bb<\/strong><\/p>\n<p style=\"text-align: justify;\"><strong>Merci \u00e0 Ombeline pour son travail ardent et son engagement pr\u00e9cieux pour la conservation de la biodiversit\u00e9 marine en Gr\u00e8ce ! D\u00e9couvrez l&rsquo;interface du logiciel cr\u00e9\u00e9 par Ombeline ainsi que des photos de sa mission !\u00a0<\/strong><\/p>\n<p><a href=\"https:\/\/www.globalong.com\/blog\/wp-content\/uploads\/2023\/08\/humanitaire-ingenieur-1.png\" target=\"_blank\" rel=\"noopener\"><img loading=\"lazy\" decoding=\"async\" class=\"aligncenter wp-image-15538 size-full\" src=\"https:\/\/www.globalong.com\/blog\/wp-content\/uploads\/2023\/08\/humanitaire-ingenieur-1.png\" alt=\"\" width=\"1349\" height=\"596\" srcset=\"https:\/\/www.globalong.com\/blog\/wp-content\/uploads\/2023\/08\/humanitaire-ingenieur-1.png 1349w, https:\/\/www.globalong.com\/blog\/wp-content\/uploads\/2023\/08\/humanitaire-ingenieur-1-300x133.png 300w, https:\/\/www.globalong.com\/blog\/wp-content\/uploads\/2023\/08\/humanitaire-ingenieur-1-1024x452.png 1024w, https:\/\/www.globalong.com\/blog\/wp-content\/uploads\/2023\/08\/humanitaire-ingenieur-1-768x339.png 768w\" sizes=\"(max-width: 1349px) 100vw, 1349px\" \/><\/a> <a href=\"https:\/\/www.globalong.com\/blog\/wp-content\/uploads\/2023\/08\/eco-volontariat-europe.jpg\" target=\"_blank\" rel=\"noopener\"><img loading=\"lazy\" decoding=\"async\" class=\"aligncenter wp-image-15575 size-full\" src=\"https:\/\/www.globalong.com\/blog\/wp-content\/uploads\/2023\/08\/eco-volontariat-europe.jpg\" alt=\"\" width=\"1280\" height=\"960\" srcset=\"https:\/\/www.globalong.com\/blog\/wp-content\/uploads\/2023\/08\/eco-volontariat-europe.jpg 1280w, https:\/\/www.globalong.com\/blog\/wp-content\/uploads\/2023\/08\/eco-volontariat-europe-300x225.jpg 300w, https:\/\/www.globalong.com\/blog\/wp-content\/uploads\/2023\/08\/eco-volontariat-europe-1024x768.jpg 1024w, https:\/\/www.globalong.com\/blog\/wp-content\/uploads\/2023\/08\/eco-volontariat-europe-768x576.jpg 768w\" sizes=\"(max-width: 1280px) 100vw, 1280px\" \/><\/a> <a href=\"https:\/\/www.globalong.com\/blog\/wp-content\/uploads\/2023\/08\/eco-volontariat-grece.jpg\" target=\"_blank\" rel=\"noopener\"><img loading=\"lazy\" decoding=\"async\" class=\"aligncenter wp-image-15576 size-full\" src=\"https:\/\/www.globalong.com\/blog\/wp-content\/uploads\/2023\/08\/eco-volontariat-grece.jpg\" alt=\"\" width=\"1500\" height=\"2000\" srcset=\"https:\/\/www.globalong.com\/blog\/wp-content\/uploads\/2023\/08\/eco-volontariat-grece.jpg 1500w, https:\/\/www.globalong.com\/blog\/wp-content\/uploads\/2023\/08\/eco-volontariat-grece-225x300.jpg 225w, https:\/\/www.globalong.com\/blog\/wp-content\/uploads\/2023\/08\/eco-volontariat-grece-768x1024.jpg 768w, https:\/\/www.globalong.com\/blog\/wp-content\/uploads\/2023\/08\/eco-volontariat-grece-1152x1536.jpg 1152w\" sizes=\"(max-width: 1500px) 100vw, 1500px\" \/><\/a> <a href=\"https:\/\/www.globalong.com\/blog\/wp-content\/uploads\/2023\/08\/stage-etudiant-en-grece.jpg\" target=\"_blank\" rel=\"noopener\"><img loading=\"lazy\" decoding=\"async\" class=\"aligncenter wp-image-15577 size-full\" src=\"https:\/\/www.globalong.com\/blog\/wp-content\/uploads\/2023\/08\/stage-etudiant-en-grece.jpg\" alt=\"\" width=\"1024\" height=\"768\" srcset=\"https:\/\/www.globalong.com\/blog\/wp-content\/uploads\/2023\/08\/stage-etudiant-en-grece.jpg 1024w, https:\/\/www.globalong.com\/blog\/wp-content\/uploads\/2023\/08\/stage-etudiant-en-grece-300x225.jpg 300w, https:\/\/www.globalong.com\/blog\/wp-content\/uploads\/2023\/08\/stage-etudiant-en-grece-768x576.jpg 768w\" sizes=\"(max-width: 1024px) 100vw, 1024px\" \/><\/a><\/p>\n<p class=\"p4\" style=\"text-align: center;\"><b>Pour plus d\u2019informations, n\u2019h\u00e9sitez pas \u00e0 nous contacter \u00e0 l\u2019adresse\u00a0<\/b><a href=\"mailto:info@globalong.com\"><span class=\"s2\"><b><span style=\"text-decoration: underline;\">info@globalong.com<\/span><\/b><\/span><\/a><\/p>\n<p class=\"p4\" style=\"text-align: center;\"><b>Pour en savoir plus sur l\u2019Association Globalong et ses adh\u00e9rents, rendez-vous sur\u00a0<\/b><a href=\"https:\/\/www.instagram.com\/globalongofficiel\/\"><span class=\"s2\"><b><span style=\"text-decoration: underline;\">Instagram<\/span><\/b><\/span><\/a><b>,\u00a0<\/b><span style=\"text-decoration: underline;\"><a href=\"https:\/\/www.facebook.com\/globalong\"><span class=\"s2\"><b>Facebook<\/b><\/span><\/a><\/span><b>,\u00a0<\/b><a href=\"https:\/\/www.linkedin.com\/company\/5113177\/admin\/feed\/posts\/\"><span class=\"s2\"><b><span style=\"text-decoration: underline;\">LinkedIn<\/span><\/b><\/span><\/a><b>\u00a0et\u00a0<\/b><span style=\"text-decoration: underline;\"><a href=\"https:\/\/www.youtube.com\/c\/globalong\/videos\"><span class=\"s2\"><b>Youtube<\/b><\/span><\/a><\/span><b>\u00a0!\u00a0<\/b><\/p>\n<p>&nbsp;<\/p>\n","protected":false},"excerpt":{"rendered":"<p>Ombeline, adh\u00e9rente de l&rsquo;Association Globalong et \u00e9tudiante en Bioinformatique et Mod\u00e9lisation, s&rsquo;est engag\u00e9e en Gr\u00e8ce dans le cadre d&rsquo;un stage sur une mission dans un centre de protection maritime aux c\u00f4t\u00e9s des \u00e9quipes g\u00e9rant les syst\u00e8mes d&rsquo;informations g\u00e9ographiques.\u00a0 Durant son stage, Ombeline a notamment cr\u00e9\u00e9 et rendu op\u00e9rationnel un logiciel de suivi de la variabilit\u00e9 [&hellip;]<\/p>\n","protected":false},"author":9,"featured_media":15573,"parent":883,"menu_order":0,"comment_status":"closed","ping_status":"closed","template":"","meta":{"footnotes":""},"yoast_head":"<!-- This site is optimized with the Yoast SEO Premium plugin v23.4 (Yoast SEO v23.4) - https:\/\/yoast.com\/wordpress\/plugins\/seo\/ -->\n<title>Gr\u00e8ce - Ombeline - Association Globalong<\/title>\n<meta name=\"robots\" content=\"index, follow, max-snippet:-1, max-image-preview:large, max-video-preview:-1\" \/>\n<link rel=\"canonical\" href=\"https:\/\/www.globalong.com\/blog\/avis-temoignages-globalong\/grece-ombeline\/\" \/>\n<meta property=\"og:locale\" content=\"fr_FR\" \/>\n<meta property=\"og:type\" content=\"article\" \/>\n<meta property=\"og:title\" content=\"Gr\u00e8ce - Ombeline\" \/>\n<meta property=\"og:description\" content=\"Ombeline, adh\u00e9rente de l&rsquo;Association Globalong et \u00e9tudiante en Bioinformatique et Mod\u00e9lisation, s&rsquo;est engag\u00e9e en Gr\u00e8ce dans le cadre d&rsquo;un stage sur une mission dans un centre de protection maritime aux c\u00f4t\u00e9s des \u00e9quipes g\u00e9rant les syst\u00e8mes d&rsquo;informations g\u00e9ographiques.\u00a0 Durant son stage, Ombeline a notamment cr\u00e9\u00e9 et rendu op\u00e9rationnel un logiciel de suivi de la variabilit\u00e9 [&hellip;]\" \/>\n<meta property=\"og:url\" content=\"https:\/\/www.globalong.com\/blog\/avis-temoignages-globalong\/grece-ombeline\/\" \/>\n<meta property=\"og:site_name\" content=\"Association Globalong\" \/>\n<meta property=\"article:publisher\" content=\"https:\/\/www.facebook.com\/globalong\" \/>\n<meta property=\"article:modified_time\" content=\"2024-03-08T08:26:26+00:00\" \/>\n<meta property=\"og:image\" content=\"https:\/\/www.globalong.com\/blog\/wp-content\/uploads\/2023\/08\/mission-humanitaire-grece.jpg\" \/>\n\t<meta property=\"og:image:width\" content=\"1600\" \/>\n\t<meta property=\"og:image:height\" content=\"1066\" \/>\n\t<meta property=\"og:image:type\" content=\"image\/jpeg\" \/>\n<meta name=\"twitter:card\" content=\"summary_large_image\" \/>\n<meta name=\"twitter:label1\" content=\"Dur\u00e9e de lecture estim\u00e9e\" \/>\n\t<meta name=\"twitter:data1\" content=\"3 minutes\" \/>\n<script type=\"application\/ld+json\" class=\"yoast-schema-graph\">{\"@context\":\"https:\/\/schema.org\",\"@graph\":[{\"@type\":\"WebPage\",\"@id\":\"https:\/\/www.globalong.com\/blog\/avis-temoignages-globalong\/grece-ombeline\/\",\"url\":\"https:\/\/www.globalong.com\/blog\/avis-temoignages-globalong\/grece-ombeline\/\",\"name\":\"Gr\u00e8ce - Ombeline - Association Globalong\",\"isPartOf\":{\"@id\":\"https:\/\/www.globalong.com\/blog\/#website\"},\"primaryImageOfPage\":{\"@id\":\"https:\/\/www.globalong.com\/blog\/avis-temoignages-globalong\/grece-ombeline\/#primaryimage\"},\"image\":{\"@id\":\"https:\/\/www.globalong.com\/blog\/avis-temoignages-globalong\/grece-ombeline\/#primaryimage\"},\"thumbnailUrl\":\"https:\/\/www.globalong.com\/blog\/wp-content\/uploads\/2023\/08\/mission-humanitaire-grece.jpg\",\"datePublished\":\"2023-08-08T10:42:05+00:00\",\"dateModified\":\"2024-03-08T08:26:26+00:00\",\"breadcrumb\":{\"@id\":\"https:\/\/www.globalong.com\/blog\/avis-temoignages-globalong\/grece-ombeline\/#breadcrumb\"},\"inLanguage\":\"fr-FR\",\"potentialAction\":[{\"@type\":\"ReadAction\",\"target\":[\"https:\/\/www.globalong.com\/blog\/avis-temoignages-globalong\/grece-ombeline\/\"]}]},{\"@type\":\"ImageObject\",\"inLanguage\":\"fr-FR\",\"@id\":\"https:\/\/www.globalong.com\/blog\/avis-temoignages-globalong\/grece-ombeline\/#primaryimage\",\"url\":\"https:\/\/www.globalong.com\/blog\/wp-content\/uploads\/2023\/08\/mission-humanitaire-grece.jpg\",\"contentUrl\":\"https:\/\/www.globalong.com\/blog\/wp-content\/uploads\/2023\/08\/mission-humanitaire-grece.jpg\",\"width\":1600,\"height\":1066},{\"@type\":\"BreadcrumbList\",\"@id\":\"https:\/\/www.globalong.com\/blog\/avis-temoignages-globalong\/grece-ombeline\/#breadcrumb\",\"itemListElement\":[{\"@type\":\"ListItem\",\"position\":1,\"name\":\"Accueil\",\"item\":\"https:\/\/www.globalong.com\/blog\/\"},{\"@type\":\"ListItem\",\"position\":2,\"name\":\"T\u00e9moignages et avis de volontaires Globalong\",\"item\":\"https:\/\/www.globalong.com\/blog\/avis-temoignages-globalong\/\"},{\"@type\":\"ListItem\",\"position\":3,\"name\":\"Gr\u00e8ce &#8211; Ombeline\"}]},{\"@type\":\"WebSite\",\"@id\":\"https:\/\/www.globalong.com\/blog\/#website\",\"url\":\"https:\/\/www.globalong.com\/blog\/\",\"name\":\"https:\/\/www.globalong.com\/\",\"description\":\"Mission humanitaire, stage \u00e9tudiant et voyage linguistique\",\"publisher\":{\"@id\":\"https:\/\/www.globalong.com\/blog\/#organization\"},\"potentialAction\":[{\"@type\":\"SearchAction\",\"target\":{\"@type\":\"EntryPoint\",\"urlTemplate\":\"https:\/\/www.globalong.com\/blog\/?s={search_term_string}\"},\"query-input\":{\"@type\":\"PropertyValueSpecification\",\"valueRequired\":true,\"valueName\":\"search_term_string\"}}],\"inLanguage\":\"fr-FR\"},{\"@type\":\"Organization\",\"@id\":\"https:\/\/www.globalong.com\/blog\/#organization\",\"name\":\"Association Globalong\",\"url\":\"https:\/\/www.globalong.com\/blog\/\",\"logo\":{\"@type\":\"ImageObject\",\"inLanguage\":\"fr-FR\",\"@id\":\"https:\/\/www.globalong.com\/blog\/#\/schema\/logo\/image\/\",\"url\":\"https:\/\/www.globalong.com\/blog\/wp-content\/uploads\/2014\/11\/cropped-cropped-Logo-et-Afrique-Globalong-petite-taille-2.jpg\",\"contentUrl\":\"https:\/\/www.globalong.com\/blog\/wp-content\/uploads\/2014\/11\/cropped-cropped-Logo-et-Afrique-Globalong-petite-taille-2.jpg\",\"width\":512,\"height\":512,\"caption\":\"Association Globalong\"},\"image\":{\"@id\":\"https:\/\/www.globalong.com\/blog\/#\/schema\/logo\/image\/\"},\"sameAs\":[\"https:\/\/www.facebook.com\/globalong\"]}]}<\/script>\n<!-- \/ Yoast SEO Premium plugin. -->","yoast_head_json":{"title":"Gr\u00e8ce - Ombeline - Association Globalong","robots":{"index":"index","follow":"follow","max-snippet":"max-snippet:-1","max-image-preview":"max-image-preview:large","max-video-preview":"max-video-preview:-1"},"canonical":"https:\/\/www.globalong.com\/blog\/avis-temoignages-globalong\/grece-ombeline\/","og_locale":"fr_FR","og_type":"article","og_title":"Gr\u00e8ce - Ombeline","og_description":"Ombeline, adh\u00e9rente de l&rsquo;Association Globalong et \u00e9tudiante en Bioinformatique et Mod\u00e9lisation, s&rsquo;est engag\u00e9e en Gr\u00e8ce dans le cadre d&rsquo;un stage sur une mission dans un centre de protection maritime aux c\u00f4t\u00e9s des \u00e9quipes g\u00e9rant les syst\u00e8mes d&rsquo;informations g\u00e9ographiques.\u00a0 Durant son stage, Ombeline a notamment cr\u00e9\u00e9 et rendu op\u00e9rationnel un logiciel de suivi de la variabilit\u00e9 [&hellip;]","og_url":"https:\/\/www.globalong.com\/blog\/avis-temoignages-globalong\/grece-ombeline\/","og_site_name":"Association Globalong","article_publisher":"https:\/\/www.facebook.com\/globalong","article_modified_time":"2024-03-08T08:26:26+00:00","og_image":[{"width":1600,"height":1066,"url":"https:\/\/www.globalong.com\/blog\/wp-content\/uploads\/2023\/08\/mission-humanitaire-grece.jpg","type":"image\/jpeg"}],"twitter_card":"summary_large_image","twitter_misc":{"Dur\u00e9e de lecture estim\u00e9e":"3 minutes"},"schema":{"@context":"https:\/\/schema.org","@graph":[{"@type":"WebPage","@id":"https:\/\/www.globalong.com\/blog\/avis-temoignages-globalong\/grece-ombeline\/","url":"https:\/\/www.globalong.com\/blog\/avis-temoignages-globalong\/grece-ombeline\/","name":"Gr\u00e8ce - Ombeline - Association Globalong","isPartOf":{"@id":"https:\/\/www.globalong.com\/blog\/#website"},"primaryImageOfPage":{"@id":"https:\/\/www.globalong.com\/blog\/avis-temoignages-globalong\/grece-ombeline\/#primaryimage"},"image":{"@id":"https:\/\/www.globalong.com\/blog\/avis-temoignages-globalong\/grece-ombeline\/#primaryimage"},"thumbnailUrl":"https:\/\/www.globalong.com\/blog\/wp-content\/uploads\/2023\/08\/mission-humanitaire-grece.jpg","datePublished":"2023-08-08T10:42:05+00:00","dateModified":"2024-03-08T08:26:26+00:00","breadcrumb":{"@id":"https:\/\/www.globalong.com\/blog\/avis-temoignages-globalong\/grece-ombeline\/#breadcrumb"},"inLanguage":"fr-FR","potentialAction":[{"@type":"ReadAction","target":["https:\/\/www.globalong.com\/blog\/avis-temoignages-globalong\/grece-ombeline\/"]}]},{"@type":"ImageObject","inLanguage":"fr-FR","@id":"https:\/\/www.globalong.com\/blog\/avis-temoignages-globalong\/grece-ombeline\/#primaryimage","url":"https:\/\/www.globalong.com\/blog\/wp-content\/uploads\/2023\/08\/mission-humanitaire-grece.jpg","contentUrl":"https:\/\/www.globalong.com\/blog\/wp-content\/uploads\/2023\/08\/mission-humanitaire-grece.jpg","width":1600,"height":1066},{"@type":"BreadcrumbList","@id":"https:\/\/www.globalong.com\/blog\/avis-temoignages-globalong\/grece-ombeline\/#breadcrumb","itemListElement":[{"@type":"ListItem","position":1,"name":"Accueil","item":"https:\/\/www.globalong.com\/blog\/"},{"@type":"ListItem","position":2,"name":"T\u00e9moignages et avis de volontaires Globalong","item":"https:\/\/www.globalong.com\/blog\/avis-temoignages-globalong\/"},{"@type":"ListItem","position":3,"name":"Gr\u00e8ce &#8211; Ombeline"}]},{"@type":"WebSite","@id":"https:\/\/www.globalong.com\/blog\/#website","url":"https:\/\/www.globalong.com\/blog\/","name":"https:\/\/www.globalong.com\/","description":"Mission humanitaire, stage \u00e9tudiant et voyage linguistique","publisher":{"@id":"https:\/\/www.globalong.com\/blog\/#organization"},"potentialAction":[{"@type":"SearchAction","target":{"@type":"EntryPoint","urlTemplate":"https:\/\/www.globalong.com\/blog\/?s={search_term_string}"},"query-input":{"@type":"PropertyValueSpecification","valueRequired":true,"valueName":"search_term_string"}}],"inLanguage":"fr-FR"},{"@type":"Organization","@id":"https:\/\/www.globalong.com\/blog\/#organization","name":"Association Globalong","url":"https:\/\/www.globalong.com\/blog\/","logo":{"@type":"ImageObject","inLanguage":"fr-FR","@id":"https:\/\/www.globalong.com\/blog\/#\/schema\/logo\/image\/","url":"https:\/\/www.globalong.com\/blog\/wp-content\/uploads\/2014\/11\/cropped-cropped-Logo-et-Afrique-Globalong-petite-taille-2.jpg","contentUrl":"https:\/\/www.globalong.com\/blog\/wp-content\/uploads\/2014\/11\/cropped-cropped-Logo-et-Afrique-Globalong-petite-taille-2.jpg","width":512,"height":512,"caption":"Association Globalong"},"image":{"@id":"https:\/\/www.globalong.com\/blog\/#\/schema\/logo\/image\/"},"sameAs":["https:\/\/www.facebook.com\/globalong"]}]}},"_links":{"self":[{"href":"https:\/\/www.globalong.com\/blog\/wp-json\/wp\/v2\/pages\/15580"}],"collection":[{"href":"https:\/\/www.globalong.com\/blog\/wp-json\/wp\/v2\/pages"}],"about":[{"href":"https:\/\/www.globalong.com\/blog\/wp-json\/wp\/v2\/types\/page"}],"author":[{"embeddable":true,"href":"https:\/\/www.globalong.com\/blog\/wp-json\/wp\/v2\/users\/9"}],"replies":[{"embeddable":true,"href":"https:\/\/www.globalong.com\/blog\/wp-json\/wp\/v2\/comments?post=15580"}],"version-history":[{"count":3,"href":"https:\/\/www.globalong.com\/blog\/wp-json\/wp\/v2\/pages\/15580\/revisions"}],"predecessor-version":[{"id":16026,"href":"https:\/\/www.globalong.com\/blog\/wp-json\/wp\/v2\/pages\/15580\/revisions\/16026"}],"up":[{"embeddable":true,"href":"https:\/\/www.globalong.com\/blog\/wp-json\/wp\/v2\/pages\/883"}],"wp:featuredmedia":[{"embeddable":true,"href":"https:\/\/www.globalong.com\/blog\/wp-json\/wp\/v2\/media\/15573"}],"wp:attachment":[{"href":"https:\/\/www.globalong.com\/blog\/wp-json\/wp\/v2\/media?parent=15580"}],"curies":[{"name":"wp","href":"https:\/\/api.w.org\/{rel}","templated":true}]}}