{"id":15701,"date":"2023-09-27T10:14:32","date_gmt":"2023-09-27T08:14:32","guid":{"rendered":"https:\/\/www.globalong.com\/blog\/?page_id=15701"},"modified":"2024-10-24T15:25:30","modified_gmt":"2024-10-24T13:25:30","slug":"tanzanie-raphael","status":"publish","type":"page","link":"https:\/\/www.globalong.com\/blog\/avis-temoignages-globalong\/tanzanie-raphael\/","title":{"rendered":"Tanzanie &#8211; Rapha\u00ebl (Droits de l&rsquo;Homme)"},"content":{"rendered":"<p style=\"text-align: center;\"><strong>Rapha\u00ebl, \u00e9tudiant en sciences politiques et adh\u00e9rent de l&rsquo;<a href=\"https:\/\/www.linkedin.com\/company\/globalong\/\" data-attribute-index=\"4\" data-entity-type=\"MINI_COMPANY\"><span style=\"text-decoration: underline;\">Association GlobAlong<\/span><\/a>\u00a0s&rsquo;est engag\u00e9 sur une mission de deux mois dans un <span style=\"text-decoration: underline;\"><a href=\"https:\/\/www.globalong.com\/sejour-benevolat\/benevolat-tanzanie-missions-humanitaire\/tanzanie-humanitaire-droits-de-l-Homme.html\" target=\"_blank\" rel=\"noopener\">centre de protection des droits de l&rsquo;homme en Tanzanie<\/a><\/span>&#x1f1f9;&#x1f1ff;<\/strong><\/p>\n<p style=\"text-align: center;\"><strong>Merci \u00e0 lui pour son engagement et son soutien pr\u00e9cieux aupr\u00e8s des communaut\u00e9s d\u00e9favoris\u00e9es de la ville d&rsquo;Arusha &#x1f30d;<\/strong><\/p>\n<p style=\"text-align: center;\"><strong>D\u00e9couvrez son t\u00e9moignage &#x2935;\u00a0<\/strong><\/p>\n<p class=\"p1\" style=\"text-align: justify;\">C\u2019est apr\u00e8s 2 mois et demi de volontariat en Tanzanie (Arusha) que je cl\u00f4ture une exp\u00e9rience inoubliable et plus qu\u2019enrichissante.<\/p>\n<p class=\"p1\" style=\"text-align: justify;\">Durant cette p\u00e9riode, notre groupe de volontaires s\u2019est engag\u00e9 dans la construction d\u2019une fosse septique pour un orphelinat gr\u00e2ce \u00e0 une cagnotte effectu\u00e9e au pr\u00e9alable.<\/p>\n<p class=\"p1\" style=\"text-align: justify;\">Cette lev\u00e9e de fonds a \u00e9galement permis l\u2019achat de mat\u00e9riaux ainsi que de a nourriture pour la pr\u00e9paration d\u2019un d\u00eener pour les orphelins tous les lundis soir.<\/p>\n<p class=\"p1\" style=\"text-align: justify;\">Pour ma part, j\u2019ai pass\u00e9 mes 3 premi\u00e8res semaines dans un centre de droits de l\u2019homme o\u00f9 j\u2019ai pu me familiariser avec les bases du droit des femmes ainsi que des enfants en <a href=\"https:\/\/www.globalong.com\/blog\/mission-humanitaire-en-tanzanie\/\" target=\"_blank\" rel=\"noopener\">Tanzanie.<\/a> Nous avons pu par exemple rencontrer un groupe de veuves ayant des enfants en bas \u00e2ge (\u00e0 Neema Village, Arusha) et comprendre leur situation difficile au sein du pays et qu\u2019elles \u00e9taient les techniques d\u2019\u00e9ducation utilis\u00e9es.<\/p>\n<p class=\"p1\" style=\"text-align: justify;\">Le temps pass\u00e9 avec les habitants, les enseignants et les orphelins a pour ma part laiss\u00e9 une trace dans ma fa\u00e7on de percevoir cette autre culture et mode de vie. De ce fait, c\u2019est une population tr\u00e8s accueillante et agr\u00e9able envers les personnes pr\u00eates \u00e0 agir pour aider les plus d\u00e9munis. En effet, les services sociaux et le budget d\u00e9di\u00e9 \u00e0 la sant\u00e9 restent tr\u00e8s limit\u00e9s, et cela se fait ressentir \u00e0 travers les habitations ou encore la sant\u00e9 de certains orphelins.<\/p>\n<p class=\"p1\" style=\"text-align: justify;\">Mais la d\u00e9termination et le courage des volontaires et des responsables des orphelinats nous ont montr\u00e9 qu\u2019il n\u2019est jamais trop tard pour changer les choses et qu\u2019un petit investissement repr\u00e9sente souvent \u00e9norm\u00e9ment pour ceux dans le besoin.<\/p>\n<p class=\"p1\" style=\"text-align: justify;\">Je remercie notamment l\u2019\u00e9quipe de l&rsquo;Association GlobAlong pour avoir organis\u00e9 cette mission ainsi que les organisateurs sur place qui ont veill\u00e9 \u00e0 son bon d\u00e9roulement. Et une pens\u00e9e particuli\u00e8re pour l\u2019activisme et la passion que j\u2019ai pu d\u00e9couvrir chez certains volontaires qui ont pu partager cette soif de se rendre utile pour les autres\u202f!<\/p>\n<p style=\"text-align: center;\"><strong>D\u00e9couvrez sa mission en photos &#x2935;\u00a0<\/strong><\/p>\n<p><a href=\"https:\/\/www.globalong.com\/blog\/wp-content\/uploads\/2023\/09\/tanzanie-humanitaire-4.jpeg\" target=\"_blank\" rel=\"noopener\"><img loading=\"lazy\" decoding=\"async\" class=\"aligncenter wp-image-15702 size-full\" src=\"https:\/\/www.globalong.com\/blog\/wp-content\/uploads\/2023\/09\/tanzanie-humanitaire-4.jpeg\" alt=\"\" width=\"750\" height=\"563\" srcset=\"https:\/\/www.globalong.com\/blog\/wp-content\/uploads\/2023\/09\/tanzanie-humanitaire-4.jpeg 750w, https:\/\/www.globalong.com\/blog\/wp-content\/uploads\/2023\/09\/tanzanie-humanitaire-4-300x225.jpeg 300w\" sizes=\"(max-width: 750px) 100vw, 750px\" \/><\/a> <a href=\"https:\/\/www.globalong.com\/blog\/wp-content\/uploads\/2023\/09\/tanzanie-humanitaire-5.jpeg\" target=\"_blank\" rel=\"noopener\"><img loading=\"lazy\" decoding=\"async\" class=\"aligncenter wp-image-15703 size-full\" src=\"https:\/\/www.globalong.com\/blog\/wp-content\/uploads\/2023\/09\/tanzanie-humanitaire-5.jpeg\" alt=\"\" width=\"750\" height=\"1000\" srcset=\"https:\/\/www.globalong.com\/blog\/wp-content\/uploads\/2023\/09\/tanzanie-humanitaire-5.jpeg 750w, https:\/\/www.globalong.com\/blog\/wp-content\/uploads\/2023\/09\/tanzanie-humanitaire-5-225x300.jpeg 225w\" sizes=\"(max-width: 750px) 100vw, 750px\" \/><\/a> <a href=\"https:\/\/www.globalong.com\/blog\/wp-content\/uploads\/2023\/09\/tanzanie-humanitaire-6.jpeg\" target=\"_blank\" rel=\"noopener\"><img loading=\"lazy\" decoding=\"async\" class=\"aligncenter wp-image-15704 size-full\" src=\"https:\/\/www.globalong.com\/blog\/wp-content\/uploads\/2023\/09\/tanzanie-humanitaire-6.jpeg\" alt=\"\" width=\"750\" height=\"563\" srcset=\"https:\/\/www.globalong.com\/blog\/wp-content\/uploads\/2023\/09\/tanzanie-humanitaire-6.jpeg 750w, https:\/\/www.globalong.com\/blog\/wp-content\/uploads\/2023\/09\/tanzanie-humanitaire-6-300x225.jpeg 300w\" sizes=\"(max-width: 750px) 100vw, 750px\" \/><\/a> <a href=\"https:\/\/www.globalong.com\/blog\/wp-content\/uploads\/2023\/09\/tanzanie-humanitaire-7.jpeg\"><img loading=\"lazy\" decoding=\"async\" class=\"size-full wp-image-15705 aligncenter\" src=\"https:\/\/www.globalong.com\/blog\/wp-content\/uploads\/2023\/09\/tanzanie-humanitaire-7.jpeg\" alt=\"\" width=\"750\" height=\"563\" srcset=\"https:\/\/www.globalong.com\/blog\/wp-content\/uploads\/2023\/09\/tanzanie-humanitaire-7.jpeg 750w, https:\/\/www.globalong.com\/blog\/wp-content\/uploads\/2023\/09\/tanzanie-humanitaire-7-300x225.jpeg 300w\" sizes=\"(max-width: 750px) 100vw, 750px\" \/><\/a> <a href=\"https:\/\/www.globalong.com\/blog\/wp-content\/uploads\/2023\/09\/tanzanie-humanitaire-8.jpeg\" target=\"_blank\" rel=\"noopener\"><img loading=\"lazy\" decoding=\"async\" class=\"aligncenter wp-image-15706 size-full\" src=\"https:\/\/www.globalong.com\/blog\/wp-content\/uploads\/2023\/09\/tanzanie-humanitaire-8.jpeg\" alt=\"\" width=\"750\" height=\"563\" srcset=\"https:\/\/www.globalong.com\/blog\/wp-content\/uploads\/2023\/09\/tanzanie-humanitaire-8.jpeg 750w, https:\/\/www.globalong.com\/blog\/wp-content\/uploads\/2023\/09\/tanzanie-humanitaire-8-300x225.jpeg 300w\" sizes=\"(max-width: 750px) 100vw, 750px\" \/><\/a> <a href=\"https:\/\/www.globalong.com\/blog\/wp-content\/uploads\/2023\/09\/tanzanie-humanitaire.jpeg\" target=\"_blank\" rel=\"noopener\"><img loading=\"lazy\" decoding=\"async\" class=\"aligncenter wp-image-15707 size-full\" src=\"https:\/\/www.globalong.com\/blog\/wp-content\/uploads\/2023\/09\/tanzanie-humanitaire.jpeg\" alt=\"\" width=\"750\" height=\"563\" srcset=\"https:\/\/www.globalong.com\/blog\/wp-content\/uploads\/2023\/09\/tanzanie-humanitaire.jpeg 750w, https:\/\/www.globalong.com\/blog\/wp-content\/uploads\/2023\/09\/tanzanie-humanitaire-300x225.jpeg 300w\" sizes=\"(max-width: 750px) 100vw, 750px\" \/><\/a> <a href=\"https:\/\/www.globalong.com\/blog\/wp-content\/uploads\/2023\/09\/tanzanie-humanitaire-3.jpeg\" target=\"_blank\" rel=\"noopener\"><img loading=\"lazy\" decoding=\"async\" class=\"aligncenter wp-image-15709 size-full\" src=\"https:\/\/www.globalong.com\/blog\/wp-content\/uploads\/2023\/09\/tanzanie-humanitaire-3.jpeg\" alt=\"\" width=\"750\" height=\"991\" srcset=\"https:\/\/www.globalong.com\/blog\/wp-content\/uploads\/2023\/09\/tanzanie-humanitaire-3.jpeg 750w, https:\/\/www.globalong.com\/blog\/wp-content\/uploads\/2023\/09\/tanzanie-humanitaire-3-227x300.jpeg 227w\" sizes=\"(max-width: 750px) 100vw, 750px\" \/><\/a><\/p>\n<p class=\"p3\" style=\"text-align: center;\"><b>Pour plus d\u2019informations, n\u2019h\u00e9sitez pas \u00e0 nous contacter \u00e0 l\u2019adresse\u00a0<\/b><a href=\"mailto:info@globalong.com\"><span class=\"s1\"><b>info@globalong.com<\/b><\/span><\/a><\/p>\n<p class=\"p3\" style=\"text-align: center;\"><b>Pour en savoir plus sur l\u2019Association Globalong et ses adh\u00e9rents, rendez-vous sur\u00a0<\/b><a href=\"https:\/\/www.instagram.com\/globalongofficiel\/\"><span class=\"s1\"><b>Instagram<\/b><\/span><\/a><b>,\u00a0<\/b><a href=\"https:\/\/www.facebook.com\/globalong\"><span class=\"s1\"><b>Facebook<\/b><\/span><\/a><b>,\u00a0<\/b><a href=\"https:\/\/www.linkedin.com\/company\/5113177\/admin\/feed\/posts\/\"><span class=\"s1\"><b>LinkedIn<\/b><\/span><\/a><b>\u00a0et\u00a0<\/b><a href=\"https:\/\/www.youtube.com\/c\/globalong\/videos\"><span class=\"s1\"><b>Youtube<\/b><\/span><\/a><b>\u00a0!\u00a0<\/b><\/p>\n","protected":false},"excerpt":{"rendered":"<p>Rapha\u00ebl, \u00e9tudiant en sciences politiques et adh\u00e9rent de l&rsquo;Association GlobAlong\u00a0s&rsquo;est engag\u00e9 sur une mission de deux mois dans un centre de protection des droits de l&rsquo;homme en Tanzanie&#x1f1f9;&#x1f1ff; Merci \u00e0 lui pour son engagement et son soutien pr\u00e9cieux aupr\u00e8s des communaut\u00e9s d\u00e9favoris\u00e9es de la ville d&rsquo;Arusha &#x1f30d; D\u00e9couvrez son t\u00e9moignage &#x2935;\u00a0 C\u2019est apr\u00e8s 2 mois [&hellip;]<\/p>\n","protected":false},"author":9,"featured_media":15708,"parent":883,"menu_order":0,"comment_status":"closed","ping_status":"closed","template":"","meta":{"footnotes":""},"yoast_head":"<!-- This site is optimized with the Yoast SEO Premium plugin v23.4 (Yoast SEO v23.4) - https:\/\/yoast.com\/wordpress\/plugins\/seo\/ -->\n<title>Tanzanie - Rapha\u00ebl (Droits de l&#039;Homme) - Association Globalong<\/title>\n<meta name=\"robots\" content=\"index, follow, max-snippet:-1, max-image-preview:large, max-video-preview:-1\" \/>\n<link rel=\"canonical\" href=\"https:\/\/www.globalong.com\/blog\/avis-temoignages-globalong\/tanzanie-raphael\/\" \/>\n<meta property=\"og:locale\" content=\"fr_FR\" \/>\n<meta property=\"og:type\" content=\"article\" \/>\n<meta property=\"og:title\" content=\"Tanzanie - Rapha\u00ebl (Droits de l&#039;Homme)\" \/>\n<meta property=\"og:description\" content=\"Rapha\u00ebl, \u00e9tudiant en sciences politiques et adh\u00e9rent de l&rsquo;Association GlobAlong\u00a0s&rsquo;est engag\u00e9 sur une mission de deux mois dans un centre de protection des droits de l&rsquo;homme en Tanzanie&#x1f1f9;&#x1f1ff; Merci \u00e0 lui pour son engagement et son soutien pr\u00e9cieux aupr\u00e8s des communaut\u00e9s d\u00e9favoris\u00e9es de la ville d&rsquo;Arusha &#x1f30d; D\u00e9couvrez son t\u00e9moignage &#x2935;\u00a0 C\u2019est apr\u00e8s 2 mois [&hellip;]\" \/>\n<meta property=\"og:url\" content=\"https:\/\/www.globalong.com\/blog\/avis-temoignages-globalong\/tanzanie-raphael\/\" \/>\n<meta property=\"og:site_name\" content=\"Association Globalong\" \/>\n<meta property=\"article:publisher\" content=\"https:\/\/www.facebook.com\/globalong\" \/>\n<meta property=\"article:modified_time\" content=\"2024-10-24T13:25:30+00:00\" \/>\n<meta property=\"og:image\" content=\"https:\/\/www.globalong.com\/blog\/wp-content\/uploads\/2023\/09\/tanzanie-humanitaire-1.jpeg\" \/>\n\t<meta property=\"og:image:width\" content=\"750\" \/>\n\t<meta property=\"og:image:height\" content=\"563\" \/>\n\t<meta property=\"og:image:type\" content=\"image\/jpeg\" \/>\n<meta name=\"twitter:card\" content=\"summary_large_image\" \/>\n<meta name=\"twitter:label1\" content=\"Dur\u00e9e de lecture estim\u00e9e\" \/>\n\t<meta name=\"twitter:data1\" content=\"4 minutes\" \/>\n<script type=\"application\/ld+json\" class=\"yoast-schema-graph\">{\"@context\":\"https:\/\/schema.org\",\"@graph\":[{\"@type\":\"WebPage\",\"@id\":\"https:\/\/www.globalong.com\/blog\/avis-temoignages-globalong\/tanzanie-raphael\/\",\"url\":\"https:\/\/www.globalong.com\/blog\/avis-temoignages-globalong\/tanzanie-raphael\/\",\"name\":\"Tanzanie - Rapha\u00ebl (Droits de l'Homme) - Association Globalong\",\"isPartOf\":{\"@id\":\"https:\/\/www.globalong.com\/blog\/#website\"},\"primaryImageOfPage\":{\"@id\":\"https:\/\/www.globalong.com\/blog\/avis-temoignages-globalong\/tanzanie-raphael\/#primaryimage\"},\"image\":{\"@id\":\"https:\/\/www.globalong.com\/blog\/avis-temoignages-globalong\/tanzanie-raphael\/#primaryimage\"},\"thumbnailUrl\":\"https:\/\/www.globalong.com\/blog\/wp-content\/uploads\/2023\/09\/tanzanie-humanitaire-1.jpeg\",\"datePublished\":\"2023-09-27T08:14:32+00:00\",\"dateModified\":\"2024-10-24T13:25:30+00:00\",\"breadcrumb\":{\"@id\":\"https:\/\/www.globalong.com\/blog\/avis-temoignages-globalong\/tanzanie-raphael\/#breadcrumb\"},\"inLanguage\":\"fr-FR\",\"potentialAction\":[{\"@type\":\"ReadAction\",\"target\":[\"https:\/\/www.globalong.com\/blog\/avis-temoignages-globalong\/tanzanie-raphael\/\"]}]},{\"@type\":\"ImageObject\",\"inLanguage\":\"fr-FR\",\"@id\":\"https:\/\/www.globalong.com\/blog\/avis-temoignages-globalong\/tanzanie-raphael\/#primaryimage\",\"url\":\"https:\/\/www.globalong.com\/blog\/wp-content\/uploads\/2023\/09\/tanzanie-humanitaire-1.jpeg\",\"contentUrl\":\"https:\/\/www.globalong.com\/blog\/wp-content\/uploads\/2023\/09\/tanzanie-humanitaire-1.jpeg\",\"width\":750,\"height\":563,\"caption\":\"Stage hec \u00e0 l'\u00e9tranger\"},{\"@type\":\"BreadcrumbList\",\"@id\":\"https:\/\/www.globalong.com\/blog\/avis-temoignages-globalong\/tanzanie-raphael\/#breadcrumb\",\"itemListElement\":[{\"@type\":\"ListItem\",\"position\":1,\"name\":\"Accueil\",\"item\":\"https:\/\/www.globalong.com\/blog\/\"},{\"@type\":\"ListItem\",\"position\":2,\"name\":\"T\u00e9moignages et avis de volontaires Globalong\",\"item\":\"https:\/\/www.globalong.com\/blog\/avis-temoignages-globalong\/\"},{\"@type\":\"ListItem\",\"position\":3,\"name\":\"Tanzanie &#8211; Rapha\u00ebl (Droits de l&rsquo;Homme)\"}]},{\"@type\":\"WebSite\",\"@id\":\"https:\/\/www.globalong.com\/blog\/#website\",\"url\":\"https:\/\/www.globalong.com\/blog\/\",\"name\":\"https:\/\/www.globalong.com\/\",\"description\":\"Mission humanitaire, stage \u00e9tudiant et voyage linguistique\",\"publisher\":{\"@id\":\"https:\/\/www.globalong.com\/blog\/#organization\"},\"potentialAction\":[{\"@type\":\"SearchAction\",\"target\":{\"@type\":\"EntryPoint\",\"urlTemplate\":\"https:\/\/www.globalong.com\/blog\/?s={search_term_string}\"},\"query-input\":{\"@type\":\"PropertyValueSpecification\",\"valueRequired\":true,\"valueName\":\"search_term_string\"}}],\"inLanguage\":\"fr-FR\"},{\"@type\":\"Organization\",\"@id\":\"https:\/\/www.globalong.com\/blog\/#organization\",\"name\":\"Association Globalong\",\"url\":\"https:\/\/www.globalong.com\/blog\/\",\"logo\":{\"@type\":\"ImageObject\",\"inLanguage\":\"fr-FR\",\"@id\":\"https:\/\/www.globalong.com\/blog\/#\/schema\/logo\/image\/\",\"url\":\"https:\/\/www.globalong.com\/blog\/wp-content\/uploads\/2014\/11\/cropped-cropped-Logo-et-Afrique-Globalong-petite-taille-2.jpg\",\"contentUrl\":\"https:\/\/www.globalong.com\/blog\/wp-content\/uploads\/2014\/11\/cropped-cropped-Logo-et-Afrique-Globalong-petite-taille-2.jpg\",\"width\":512,\"height\":512,\"caption\":\"Association Globalong\"},\"image\":{\"@id\":\"https:\/\/www.globalong.com\/blog\/#\/schema\/logo\/image\/\"},\"sameAs\":[\"https:\/\/www.facebook.com\/globalong\"]}]}<\/script>\n<!-- \/ Yoast SEO Premium plugin. -->","yoast_head_json":{"title":"Tanzanie - Rapha\u00ebl (Droits de l'Homme) - Association Globalong","robots":{"index":"index","follow":"follow","max-snippet":"max-snippet:-1","max-image-preview":"max-image-preview:large","max-video-preview":"max-video-preview:-1"},"canonical":"https:\/\/www.globalong.com\/blog\/avis-temoignages-globalong\/tanzanie-raphael\/","og_locale":"fr_FR","og_type":"article","og_title":"Tanzanie - Rapha\u00ebl (Droits de l'Homme)","og_description":"Rapha\u00ebl, \u00e9tudiant en sciences politiques et adh\u00e9rent de l&rsquo;Association GlobAlong\u00a0s&rsquo;est engag\u00e9 sur une mission de deux mois dans un centre de protection des droits de l&rsquo;homme en Tanzanie&#x1f1f9;&#x1f1ff; Merci \u00e0 lui pour son engagement et son soutien pr\u00e9cieux aupr\u00e8s des communaut\u00e9s d\u00e9favoris\u00e9es de la ville d&rsquo;Arusha &#x1f30d; D\u00e9couvrez son t\u00e9moignage &#x2935;\u00a0 C\u2019est apr\u00e8s 2 mois [&hellip;]","og_url":"https:\/\/www.globalong.com\/blog\/avis-temoignages-globalong\/tanzanie-raphael\/","og_site_name":"Association Globalong","article_publisher":"https:\/\/www.facebook.com\/globalong","article_modified_time":"2024-10-24T13:25:30+00:00","og_image":[{"width":750,"height":563,"url":"https:\/\/www.globalong.com\/blog\/wp-content\/uploads\/2023\/09\/tanzanie-humanitaire-1.jpeg","type":"image\/jpeg"}],"twitter_card":"summary_large_image","twitter_misc":{"Dur\u00e9e de lecture estim\u00e9e":"4 minutes"},"schema":{"@context":"https:\/\/schema.org","@graph":[{"@type":"WebPage","@id":"https:\/\/www.globalong.com\/blog\/avis-temoignages-globalong\/tanzanie-raphael\/","url":"https:\/\/www.globalong.com\/blog\/avis-temoignages-globalong\/tanzanie-raphael\/","name":"Tanzanie - Rapha\u00ebl (Droits de l'Homme) - Association Globalong","isPartOf":{"@id":"https:\/\/www.globalong.com\/blog\/#website"},"primaryImageOfPage":{"@id":"https:\/\/www.globalong.com\/blog\/avis-temoignages-globalong\/tanzanie-raphael\/#primaryimage"},"image":{"@id":"https:\/\/www.globalong.com\/blog\/avis-temoignages-globalong\/tanzanie-raphael\/#primaryimage"},"thumbnailUrl":"https:\/\/www.globalong.com\/blog\/wp-content\/uploads\/2023\/09\/tanzanie-humanitaire-1.jpeg","datePublished":"2023-09-27T08:14:32+00:00","dateModified":"2024-10-24T13:25:30+00:00","breadcrumb":{"@id":"https:\/\/www.globalong.com\/blog\/avis-temoignages-globalong\/tanzanie-raphael\/#breadcrumb"},"inLanguage":"fr-FR","potentialAction":[{"@type":"ReadAction","target":["https:\/\/www.globalong.com\/blog\/avis-temoignages-globalong\/tanzanie-raphael\/"]}]},{"@type":"ImageObject","inLanguage":"fr-FR","@id":"https:\/\/www.globalong.com\/blog\/avis-temoignages-globalong\/tanzanie-raphael\/#primaryimage","url":"https:\/\/www.globalong.com\/blog\/wp-content\/uploads\/2023\/09\/tanzanie-humanitaire-1.jpeg","contentUrl":"https:\/\/www.globalong.com\/blog\/wp-content\/uploads\/2023\/09\/tanzanie-humanitaire-1.jpeg","width":750,"height":563,"caption":"Stage hec \u00e0 l'\u00e9tranger"},{"@type":"BreadcrumbList","@id":"https:\/\/www.globalong.com\/blog\/avis-temoignages-globalong\/tanzanie-raphael\/#breadcrumb","itemListElement":[{"@type":"ListItem","position":1,"name":"Accueil","item":"https:\/\/www.globalong.com\/blog\/"},{"@type":"ListItem","position":2,"name":"T\u00e9moignages et avis de volontaires Globalong","item":"https:\/\/www.globalong.com\/blog\/avis-temoignages-globalong\/"},{"@type":"ListItem","position":3,"name":"Tanzanie &#8211; Rapha\u00ebl (Droits de l&rsquo;Homme)"}]},{"@type":"WebSite","@id":"https:\/\/www.globalong.com\/blog\/#website","url":"https:\/\/www.globalong.com\/blog\/","name":"https:\/\/www.globalong.com\/","description":"Mission humanitaire, stage \u00e9tudiant et voyage linguistique","publisher":{"@id":"https:\/\/www.globalong.com\/blog\/#organization"},"potentialAction":[{"@type":"SearchAction","target":{"@type":"EntryPoint","urlTemplate":"https:\/\/www.globalong.com\/blog\/?s={search_term_string}"},"query-input":{"@type":"PropertyValueSpecification","valueRequired":true,"valueName":"search_term_string"}}],"inLanguage":"fr-FR"},{"@type":"Organization","@id":"https:\/\/www.globalong.com\/blog\/#organization","name":"Association Globalong","url":"https:\/\/www.globalong.com\/blog\/","logo":{"@type":"ImageObject","inLanguage":"fr-FR","@id":"https:\/\/www.globalong.com\/blog\/#\/schema\/logo\/image\/","url":"https:\/\/www.globalong.com\/blog\/wp-content\/uploads\/2014\/11\/cropped-cropped-Logo-et-Afrique-Globalong-petite-taille-2.jpg","contentUrl":"https:\/\/www.globalong.com\/blog\/wp-content\/uploads\/2014\/11\/cropped-cropped-Logo-et-Afrique-Globalong-petite-taille-2.jpg","width":512,"height":512,"caption":"Association Globalong"},"image":{"@id":"https:\/\/www.globalong.com\/blog\/#\/schema\/logo\/image\/"},"sameAs":["https:\/\/www.facebook.com\/globalong"]}]}},"_links":{"self":[{"href":"https:\/\/www.globalong.com\/blog\/wp-json\/wp\/v2\/pages\/15701"}],"collection":[{"href":"https:\/\/www.globalong.com\/blog\/wp-json\/wp\/v2\/pages"}],"about":[{"href":"https:\/\/www.globalong.com\/blog\/wp-json\/wp\/v2\/types\/page"}],"author":[{"embeddable":true,"href":"https:\/\/www.globalong.com\/blog\/wp-json\/wp\/v2\/users\/9"}],"replies":[{"embeddable":true,"href":"https:\/\/www.globalong.com\/blog\/wp-json\/wp\/v2\/comments?post=15701"}],"version-history":[{"count":5,"href":"https:\/\/www.globalong.com\/blog\/wp-json\/wp\/v2\/pages\/15701\/revisions"}],"predecessor-version":[{"id":18095,"href":"https:\/\/www.globalong.com\/blog\/wp-json\/wp\/v2\/pages\/15701\/revisions\/18095"}],"up":[{"embeddable":true,"href":"https:\/\/www.globalong.com\/blog\/wp-json\/wp\/v2\/pages\/883"}],"wp:featuredmedia":[{"embeddable":true,"href":"https:\/\/www.globalong.com\/blog\/wp-json\/wp\/v2\/media\/15708"}],"wp:attachment":[{"href":"https:\/\/www.globalong.com\/blog\/wp-json\/wp\/v2\/media?parent=15701"}],"curies":[{"name":"wp","href":"https:\/\/api.w.org\/{rel}","templated":true}]}}