{"id":15794,"date":"2023-11-06T17:57:02","date_gmt":"2023-11-06T16:57:02","guid":{"rendered":"https:\/\/www.globalong.com\/blog\/?page_id=15794"},"modified":"2023-11-06T17:57:02","modified_gmt":"2023-11-06T16:57:02","slug":"cuba-eva","status":"publish","type":"page","link":"https:\/\/www.globalong.com\/blog\/avis-temoignages-globalong\/cuba-eva\/","title":{"rendered":"Cuba &#8211; Eva"},"content":{"rendered":"<p style=\"text-align: center;\"><strong>Eva, adh\u00e9rente de l&rsquo;Association Globalong et r\u00e9cemment engag\u00e9e sur une mission \u00e0 Cuba, nous livre son t\u00e9moignage :\u00a0<\/strong><\/p>\n<p class=\"p1\" style=\"text-align: justify;\">Je suis partie pour approfondir mon niveau d&rsquo;espagnol, d\u00e9couvrir une nouvelle culture, participer \u00e0 l&rsquo;\u00e9ducation des jeunes dans un pays o\u00f9 les \u00e9tudes peuvent v\u00e9ritablement changer une vie. Donner de l&rsquo;amour, \u00eatre humain, partager !<\/p>\n<p class=\"p1\" style=\"text-align: justify;\">Je n\u2019ai rien \u00e0 signaler. Une exp\u00e9rience g\u00e9niale !<\/p>\n<p class=\"p1\" style=\"text-align: justify;\">Mes t\u00e2ches quotidiennes \u00e9taient l\u2019am\u00e9nagement d&rsquo;un espace en plein centre de la Havane pour accueillir les enfants \u00e0 la rentr\u00e9e, partager autour de la nature et travailler leurs intelligences multiples (peinture, jardinage, temps pass\u00e9 avec les enfants\u2026). Donner de l&rsquo;amour, c&rsquo;est le plus important !<\/p>\n<p class=\"p1\" style=\"text-align: justify;\">Comme mat\u00e9riel, nous avions \u00e0 disposition de la peinture, des pinceaux, des outils de jardinage, des jeux.<\/p>\n<p class=\"p1\" style=\"text-align: justify;\">Ce que m\u2019a apport\u00e9 cette mission :<\/p>\n<p class=\"p1\" style=\"text-align: justify;\">&#8211; Apprendre \u00e0 se rendre compte des chances que l&rsquo;on a dans les pays d\u00e9velopp\u00e9s, mais aussi des d\u00e9fauts de nos pays (pour la France le manque terrible de solidarit\u00e9 en comparaison de Cuba par exemple)<\/p>\n<p class=\"p1\" style=\"text-align: justify;\">&#8211; Approfondir mon niveau d&rsquo;espagnol et d&rsquo;anglais (en parlant \u00e0 la fois au personnel sur place et aux personnes dans les rues, mais aussi aux autres volontaires qui sont majoritairement anglophones)<\/p>\n<p class=\"p1\" style=\"text-align: justify;\">&#8211; Apprendre \u00e0 communiquer d&rsquo;une autre mani\u00e8re qu&rsquo;en parlant (l&rsquo;importance de la communication non verbale, plus on est bienveillant, plus on attire les gens vers nous et plus, on fait de belles rencontres)<\/p>\n<p>&#8211; Donner de l&rsquo;amour et apprendre \u00e0 en recevoir de la part de personnes qu&rsquo;on ne conna\u00eet pas (me redonner foi en l\u2019humain)<\/p>\n<p class=\"p1\" style=\"text-align: justify;\">Cette mission a \u00e9t\u00e9 bien au-del\u00e0 de mes attentes, l&rsquo;exp\u00e9rience humaine avec le staff m&rsquo;a v\u00e9ritablement ressourc\u00e9. Ils sont accueillants, souriants, et nous aident dans tout le d\u00e9roulement de notre voyage : ils nous mettent en contact avec des organismes locaux d&rsquo;activit\u00e9s touristiques, donnent des cours d&rsquo;espagnol et de salsa adapt\u00e9 \u00e0 tous les niveaux, g\u00e8rent la plupart de nos d\u00e9placements, organisent des temps de f\u00eate, nous aide dans les d\u00e9marches pour obtenir une carte SIM \/ faire l&rsquo;\u00e9change d&rsquo;argent, font des tours touristiques vari\u00e9s et optionnels pour ceux qui n&rsquo;auraient pas l&rsquo;envi de visiter tel ou tel endroit. Le staff est ultra flexible et arrangeant. Les heures de volontariat ne m&rsquo;ont pas d\u00e9\u00e7u, mais il est vrai que j&rsquo;aurais aim\u00e9 passer plus de temps avec les enfants. J&rsquo;ai quand m\u00eame gard\u00e9 contacte avec la membre de l&rsquo;association qui nous a accompagn\u00e9 pendant notre mission.<\/p>\n<p class=\"p1\" style=\"text-align: justify;\">Pour moi, la d\u00e9finition de l\u2019engagement b\u00e9n\u00e9vole \u00e0 l\u2019international, c&rsquo;est \u00ab Trouver l&rsquo;\u00e9quilibre parfait entre donner et recevoir. \u00bb<\/p>\n<p class=\"p1\" style=\"text-align: justify;\">L\u2019impact de ma mission sur mon quotidien, c&rsquo;est une mani\u00e8re de vivre plus raisonn\u00e9e et consciente des chances que nous avons en France et de mani\u00e8re g\u00e9n\u00e9rale dans les pays d\u00e9velopp\u00e9s. L&rsquo;envie de repartir bien s\u00fbr pour contribuer \u00e0 son \u00e9chelle aux causes qui nous tiennent \u00e0 c\u0153ur.<\/p>\n<p class=\"p1\" style=\"text-align: justify;\">Mes conseils pour les prochains b\u00e9n\u00e9voles sont de ne pas s&rsquo;attendre \u00e0 ce que le volontariat ne soit que du bon temps pass\u00e9 avec les enfants, mais aussi apprendre \u00e0 consacrer du temps dans l&rsquo;\u00e9laboration de projets propices \u00e0 leur apprentissage. Toujours garder le sourire, les Cubains vous appr\u00e9cieront d&rsquo;autant plus ! L&rsquo;organisme d&rsquo;accueil est une vraie petite famille, alors prenez bien soin d&rsquo;eux, ils vous rendront le double voire m\u00eame le triple de l&rsquo;amour que vous leur donnerez.<\/p>\n<p class=\"p1\" style=\"text-align: justify;\">Peut-\u00eatre juste informer les futurs b\u00e9n\u00e9voles des conditions de paiement (difficult\u00e9s avec Paypal, potentiel besoin d&rsquo;un VPN,&#8230;) + le fait de devoir apporter du cash pour faciliter l&rsquo;\u00e9change de devise (en plus de pouvoir payer en euros ou en dollars directement pour beaucoup d&rsquo;activit\u00e9s touristiques et dans beaucoup de restaurants) + Parler de la solution SuenaCuba = achat d&rsquo;une carte SIM en ligne (malgr\u00e9 le fait que l&rsquo;organisme d&rsquo;accueil nous guide beaucoup, cela pourrait rassurer ceux qui se poseraient la question)<\/p>\n<p class=\"p1\" style=\"text-align: justify;\">Concernant le budget par semaine, je conseille entre 100 \u20ac par semaine, 150 \u20ac pour \u00eatre large soit maximum 600\u20ac pour un mois (avec repas du soir compris, activit\u00e9s, achats de snacks et d&rsquo;eau, achats de souvenirs, cigarettes pour les fumeurs) sans compter les frais li\u00e9s \u00e0 la connexion (forfait carte SIM), les frais d\u2019assurance,\u2026<\/p>\n<p class=\"p1\" style=\"text-align: justify;\">Les bonnes adresses d&rsquo;Eva :<\/p>\n<p class=\"p1\" style=\"text-align: justify;\">Sur la petite place \u00e0 c\u00f4t\u00e9 de l&rsquo;organisme d&rsquo;accueil, il y a souvent un stand de frituras (trop bon !)<\/p>\n<p class=\"p1\" style=\"text-align: justify;\">Sur cette m\u00eame place il y a un bar restaurant qui s&rsquo;appelle El Dandy o\u00f9 les gens sont tr\u00e8s accueillants et o\u00f9 l&rsquo;on mange bien pour pas trop chers.<\/p>\n<p class=\"p1\" style=\"text-align: justify;\">La Fabrica del Arte Cubano est une bo\u00eete de nuit \/ galerie d&rsquo;art \u00e0 absolument visiter !<\/p>\n<p class=\"p1\" style=\"text-align: justify;\">La Casa de la Musica est un bar dansant de salsa sympa pour s&rsquo;exercer.<\/p>\n<p class=\"p1\" style=\"text-align: justify;\">Absolument faire l&rsquo;excursion \u00e0 Vinales, les paysages sont magnifiques.<\/p>\n<p class=\"p1\" style=\"text-align: justify;\">Les plages de Varadero sont aussi tr\u00e8s belles et pas tr\u00e8s loin de notre organisme d&rsquo;accueil (bien pr\u00e9voir deux trois heures de route quand m\u00eame)<\/p>\n<p style=\"text-align: center;\"><strong>Encore merci \u00e0 Eva pour son engagement et nous vous laissons d\u00e9couvrir sa mission en photos !<\/strong><\/p>\n<p><a href=\"https:\/\/www.globalong.com\/blog\/wp-content\/uploads\/2023\/11\/IMG_2104-Eva-Mondin-scaled.jpg\"><img loading=\"lazy\" decoding=\"async\" class=\"alignnone size-full wp-image-15798\" src=\"https:\/\/www.globalong.com\/blog\/wp-content\/uploads\/2023\/11\/IMG_2104-Eva-Mondin-scaled.jpg\" alt=\"\" width=\"1920\" height=\"2560\" srcset=\"https:\/\/www.globalong.com\/blog\/wp-content\/uploads\/2023\/11\/IMG_2104-Eva-Mondin-scaled.jpg 1920w, https:\/\/www.globalong.com\/blog\/wp-content\/uploads\/2023\/11\/IMG_2104-Eva-Mondin-225x300.jpg 225w, https:\/\/www.globalong.com\/blog\/wp-content\/uploads\/2023\/11\/IMG_2104-Eva-Mondin-768x1024.jpg 768w, https:\/\/www.globalong.com\/blog\/wp-content\/uploads\/2023\/11\/IMG_2104-Eva-Mondin-1152x1536.jpg 1152w, https:\/\/www.globalong.com\/blog\/wp-content\/uploads\/2023\/11\/IMG_2104-Eva-Mondin-1536x2048.jpg 1536w\" sizes=\"(max-width: 1920px) 100vw, 1920px\" \/><\/a> <a href=\"https:\/\/www.globalong.com\/blog\/wp-content\/uploads\/2023\/11\/IMG_0537-Eva-Mondin-scaled.jpg\"><img loading=\"lazy\" decoding=\"async\" class=\"alignnone size-full wp-image-15796\" src=\"https:\/\/www.globalong.com\/blog\/wp-content\/uploads\/2023\/11\/IMG_0537-Eva-Mondin-scaled.jpg\" alt=\"\" width=\"1920\" height=\"2560\" srcset=\"https:\/\/www.globalong.com\/blog\/wp-content\/uploads\/2023\/11\/IMG_0537-Eva-Mondin-scaled.jpg 1920w, https:\/\/www.globalong.com\/blog\/wp-content\/uploads\/2023\/11\/IMG_0537-Eva-Mondin-225x300.jpg 225w, https:\/\/www.globalong.com\/blog\/wp-content\/uploads\/2023\/11\/IMG_0537-Eva-Mondin-768x1024.jpg 768w, https:\/\/www.globalong.com\/blog\/wp-content\/uploads\/2023\/11\/IMG_0537-Eva-Mondin-1152x1536.jpg 1152w, https:\/\/www.globalong.com\/blog\/wp-content\/uploads\/2023\/11\/IMG_0537-Eva-Mondin-1536x2048.jpg 1536w\" sizes=\"(max-width: 1920px) 100vw, 1920px\" \/><\/a> <a href=\"https:\/\/www.globalong.com\/blog\/wp-content\/uploads\/2023\/11\/IMG_0532-Eva-Mondin-scaled.jpg\"><img loading=\"lazy\" decoding=\"async\" class=\"alignnone size-full wp-image-15795\" src=\"https:\/\/www.globalong.com\/blog\/wp-content\/uploads\/2023\/11\/IMG_0532-Eva-Mondin-scaled.jpg\" alt=\"\" width=\"2560\" height=\"1920\" srcset=\"https:\/\/www.globalong.com\/blog\/wp-content\/uploads\/2023\/11\/IMG_0532-Eva-Mondin-scaled.jpg 2560w, https:\/\/www.globalong.com\/blog\/wp-content\/uploads\/2023\/11\/IMG_0532-Eva-Mondin-300x225.jpg 300w, https:\/\/www.globalong.com\/blog\/wp-content\/uploads\/2023\/11\/IMG_0532-Eva-Mondin-1024x768.jpg 1024w, https:\/\/www.globalong.com\/blog\/wp-content\/uploads\/2023\/11\/IMG_0532-Eva-Mondin-768x576.jpg 768w, https:\/\/www.globalong.com\/blog\/wp-content\/uploads\/2023\/11\/IMG_0532-Eva-Mondin-1536x1152.jpg 1536w, https:\/\/www.globalong.com\/blog\/wp-content\/uploads\/2023\/11\/IMG_0532-Eva-Mondin-2048x1536.jpg 2048w\" sizes=\"(max-width: 2560px) 100vw, 2560px\" \/><\/a><\/p>\n<p class=\"p3\" style=\"text-align: center;\"><b>Pour plus d\u2019informations, n\u2019h\u00e9sitez pas \u00e0 nous contacter \u00e0 l\u2019adresse\u00a0<\/b><a href=\"mailto:info@globalong.com\"><span class=\"s1\"><b>info@globalong.com<\/b><\/span><\/a><\/p>\n<p class=\"p3\" style=\"text-align: center;\"><b>Pour en savoir plus sur l\u2019Association Globalong et ses adh\u00e9rents, rendez-vous sur\u00a0<\/b><a href=\"https:\/\/www.instagram.com\/globalongofficiel\/\"><span class=\"s1\"><b>Instagram<\/b><\/span><\/a><b>,\u00a0<\/b><a href=\"https:\/\/www.facebook.com\/globalong\"><span class=\"s1\"><b>Facebook<\/b><\/span><\/a><b>,\u00a0<\/b><a href=\"https:\/\/www.linkedin.com\/company\/5113177\/admin\/feed\/posts\/\"><span class=\"s1\"><b>LinkedIn<\/b><\/span><\/a><b>\u00a0et\u00a0<\/b><a href=\"https:\/\/www.youtube.com\/c\/globalong\/videos\"><span class=\"s1\"><b>Youtube<\/b><\/span><\/a><b>\u00a0!\u00a0<\/b><\/p>\n","protected":false},"excerpt":{"rendered":"<p>Eva, adh\u00e9rente de l&rsquo;Association Globalong et r\u00e9cemment engag\u00e9e sur une mission \u00e0 Cuba, nous livre son t\u00e9moignage :\u00a0 Je suis partie pour approfondir mon niveau d&rsquo;espagnol, d\u00e9couvrir une nouvelle culture, participer \u00e0 l&rsquo;\u00e9ducation des jeunes dans un pays o\u00f9 les \u00e9tudes peuvent v\u00e9ritablement changer une vie. Donner de l&rsquo;amour, \u00eatre humain, partager ! Je n\u2019ai [&hellip;]<\/p>\n","protected":false},"author":9,"featured_media":15797,"parent":883,"menu_order":0,"comment_status":"closed","ping_status":"closed","template":"","meta":{"footnotes":""},"yoast_head":"<!-- This site is optimized with the Yoast SEO Premium plugin v23.4 (Yoast SEO v23.4) - https:\/\/yoast.com\/wordpress\/plugins\/seo\/ -->\n<title>Cuba - Eva - Association Globalong<\/title>\n<meta name=\"robots\" content=\"index, follow, max-snippet:-1, max-image-preview:large, max-video-preview:-1\" \/>\n<link rel=\"canonical\" href=\"https:\/\/www.globalong.com\/blog\/avis-temoignages-globalong\/cuba-eva\/\" \/>\n<meta property=\"og:locale\" content=\"fr_FR\" \/>\n<meta property=\"og:type\" content=\"article\" \/>\n<meta property=\"og:title\" content=\"Cuba - Eva\" \/>\n<meta property=\"og:description\" content=\"Eva, adh\u00e9rente de l&rsquo;Association Globalong et r\u00e9cemment engag\u00e9e sur une mission \u00e0 Cuba, nous livre son t\u00e9moignage :\u00a0 Je suis partie pour approfondir mon niveau d&rsquo;espagnol, d\u00e9couvrir une nouvelle culture, participer \u00e0 l&rsquo;\u00e9ducation des jeunes dans un pays o\u00f9 les \u00e9tudes peuvent v\u00e9ritablement changer une vie. Donner de l&rsquo;amour, \u00eatre humain, partager ! Je n\u2019ai [&hellip;]\" \/>\n<meta property=\"og:url\" content=\"https:\/\/www.globalong.com\/blog\/avis-temoignages-globalong\/cuba-eva\/\" \/>\n<meta property=\"og:site_name\" content=\"Association Globalong\" \/>\n<meta property=\"article:publisher\" content=\"https:\/\/www.facebook.com\/globalong\" \/>\n<meta property=\"og:image\" content=\"https:\/\/www.globalong.com\/blog\/wp-content\/uploads\/2023\/11\/IMG_0562-Eva-Mondin-scaled.jpg\" \/>\n\t<meta property=\"og:image:width\" content=\"1920\" \/>\n\t<meta property=\"og:image:height\" content=\"2560\" \/>\n\t<meta property=\"og:image:type\" content=\"image\/jpeg\" \/>\n<meta name=\"twitter:card\" content=\"summary_large_image\" \/>\n<meta name=\"twitter:label1\" content=\"Dur\u00e9e de lecture estim\u00e9e\" \/>\n\t<meta name=\"twitter:data1\" content=\"4 minutes\" \/>\n<script type=\"application\/ld+json\" class=\"yoast-schema-graph\">{\"@context\":\"https:\/\/schema.org\",\"@graph\":[{\"@type\":\"WebPage\",\"@id\":\"https:\/\/www.globalong.com\/blog\/avis-temoignages-globalong\/cuba-eva\/\",\"url\":\"https:\/\/www.globalong.com\/blog\/avis-temoignages-globalong\/cuba-eva\/\",\"name\":\"Cuba - Eva - Association Globalong\",\"isPartOf\":{\"@id\":\"https:\/\/www.globalong.com\/blog\/#website\"},\"primaryImageOfPage\":{\"@id\":\"https:\/\/www.globalong.com\/blog\/avis-temoignages-globalong\/cuba-eva\/#primaryimage\"},\"image\":{\"@id\":\"https:\/\/www.globalong.com\/blog\/avis-temoignages-globalong\/cuba-eva\/#primaryimage\"},\"thumbnailUrl\":\"https:\/\/www.globalong.com\/blog\/wp-content\/uploads\/2023\/11\/IMG_0562-Eva-Mondin-scaled.jpg\",\"datePublished\":\"2023-11-06T16:57:02+00:00\",\"dateModified\":\"2023-11-06T16:57:02+00:00\",\"breadcrumb\":{\"@id\":\"https:\/\/www.globalong.com\/blog\/avis-temoignages-globalong\/cuba-eva\/#breadcrumb\"},\"inLanguage\":\"fr-FR\",\"potentialAction\":[{\"@type\":\"ReadAction\",\"target\":[\"https:\/\/www.globalong.com\/blog\/avis-temoignages-globalong\/cuba-eva\/\"]}]},{\"@type\":\"ImageObject\",\"inLanguage\":\"fr-FR\",\"@id\":\"https:\/\/www.globalong.com\/blog\/avis-temoignages-globalong\/cuba-eva\/#primaryimage\",\"url\":\"https:\/\/www.globalong.com\/blog\/wp-content\/uploads\/2023\/11\/IMG_0562-Eva-Mondin-scaled.jpg\",\"contentUrl\":\"https:\/\/www.globalong.com\/blog\/wp-content\/uploads\/2023\/11\/IMG_0562-Eva-Mondin-scaled.jpg\",\"width\":1920,\"height\":2560},{\"@type\":\"BreadcrumbList\",\"@id\":\"https:\/\/www.globalong.com\/blog\/avis-temoignages-globalong\/cuba-eva\/#breadcrumb\",\"itemListElement\":[{\"@type\":\"ListItem\",\"position\":1,\"name\":\"Accueil\",\"item\":\"https:\/\/www.globalong.com\/blog\/\"},{\"@type\":\"ListItem\",\"position\":2,\"name\":\"T\u00e9moignages et avis de volontaires Globalong\",\"item\":\"https:\/\/www.globalong.com\/blog\/avis-temoignages-globalong\/\"},{\"@type\":\"ListItem\",\"position\":3,\"name\":\"Cuba &#8211; Eva\"}]},{\"@type\":\"WebSite\",\"@id\":\"https:\/\/www.globalong.com\/blog\/#website\",\"url\":\"https:\/\/www.globalong.com\/blog\/\",\"name\":\"https:\/\/www.globalong.com\/\",\"description\":\"Mission humanitaire, stage \u00e9tudiant et voyage linguistique\",\"publisher\":{\"@id\":\"https:\/\/www.globalong.com\/blog\/#organization\"},\"potentialAction\":[{\"@type\":\"SearchAction\",\"target\":{\"@type\":\"EntryPoint\",\"urlTemplate\":\"https:\/\/www.globalong.com\/blog\/?s={search_term_string}\"},\"query-input\":{\"@type\":\"PropertyValueSpecification\",\"valueRequired\":true,\"valueName\":\"search_term_string\"}}],\"inLanguage\":\"fr-FR\"},{\"@type\":\"Organization\",\"@id\":\"https:\/\/www.globalong.com\/blog\/#organization\",\"name\":\"Association Globalong\",\"url\":\"https:\/\/www.globalong.com\/blog\/\",\"logo\":{\"@type\":\"ImageObject\",\"inLanguage\":\"fr-FR\",\"@id\":\"https:\/\/www.globalong.com\/blog\/#\/schema\/logo\/image\/\",\"url\":\"https:\/\/www.globalong.com\/blog\/wp-content\/uploads\/2014\/11\/cropped-cropped-Logo-et-Afrique-Globalong-petite-taille-2.jpg\",\"contentUrl\":\"https:\/\/www.globalong.com\/blog\/wp-content\/uploads\/2014\/11\/cropped-cropped-Logo-et-Afrique-Globalong-petite-taille-2.jpg\",\"width\":512,\"height\":512,\"caption\":\"Association Globalong\"},\"image\":{\"@id\":\"https:\/\/www.globalong.com\/blog\/#\/schema\/logo\/image\/\"},\"sameAs\":[\"https:\/\/www.facebook.com\/globalong\"]}]}<\/script>\n<!-- \/ Yoast SEO Premium plugin. -->","yoast_head_json":{"title":"Cuba - Eva - Association Globalong","robots":{"index":"index","follow":"follow","max-snippet":"max-snippet:-1","max-image-preview":"max-image-preview:large","max-video-preview":"max-video-preview:-1"},"canonical":"https:\/\/www.globalong.com\/blog\/avis-temoignages-globalong\/cuba-eva\/","og_locale":"fr_FR","og_type":"article","og_title":"Cuba - Eva","og_description":"Eva, adh\u00e9rente de l&rsquo;Association Globalong et r\u00e9cemment engag\u00e9e sur une mission \u00e0 Cuba, nous livre son t\u00e9moignage :\u00a0 Je suis partie pour approfondir mon niveau d&rsquo;espagnol, d\u00e9couvrir une nouvelle culture, participer \u00e0 l&rsquo;\u00e9ducation des jeunes dans un pays o\u00f9 les \u00e9tudes peuvent v\u00e9ritablement changer une vie. Donner de l&rsquo;amour, \u00eatre humain, partager ! Je n\u2019ai [&hellip;]","og_url":"https:\/\/www.globalong.com\/blog\/avis-temoignages-globalong\/cuba-eva\/","og_site_name":"Association Globalong","article_publisher":"https:\/\/www.facebook.com\/globalong","og_image":[{"width":1920,"height":2560,"url":"https:\/\/www.globalong.com\/blog\/wp-content\/uploads\/2023\/11\/IMG_0562-Eva-Mondin-scaled.jpg","type":"image\/jpeg"}],"twitter_card":"summary_large_image","twitter_misc":{"Dur\u00e9e de lecture estim\u00e9e":"4 minutes"},"schema":{"@context":"https:\/\/schema.org","@graph":[{"@type":"WebPage","@id":"https:\/\/www.globalong.com\/blog\/avis-temoignages-globalong\/cuba-eva\/","url":"https:\/\/www.globalong.com\/blog\/avis-temoignages-globalong\/cuba-eva\/","name":"Cuba - Eva - Association Globalong","isPartOf":{"@id":"https:\/\/www.globalong.com\/blog\/#website"},"primaryImageOfPage":{"@id":"https:\/\/www.globalong.com\/blog\/avis-temoignages-globalong\/cuba-eva\/#primaryimage"},"image":{"@id":"https:\/\/www.globalong.com\/blog\/avis-temoignages-globalong\/cuba-eva\/#primaryimage"},"thumbnailUrl":"https:\/\/www.globalong.com\/blog\/wp-content\/uploads\/2023\/11\/IMG_0562-Eva-Mondin-scaled.jpg","datePublished":"2023-11-06T16:57:02+00:00","dateModified":"2023-11-06T16:57:02+00:00","breadcrumb":{"@id":"https:\/\/www.globalong.com\/blog\/avis-temoignages-globalong\/cuba-eva\/#breadcrumb"},"inLanguage":"fr-FR","potentialAction":[{"@type":"ReadAction","target":["https:\/\/www.globalong.com\/blog\/avis-temoignages-globalong\/cuba-eva\/"]}]},{"@type":"ImageObject","inLanguage":"fr-FR","@id":"https:\/\/www.globalong.com\/blog\/avis-temoignages-globalong\/cuba-eva\/#primaryimage","url":"https:\/\/www.globalong.com\/blog\/wp-content\/uploads\/2023\/11\/IMG_0562-Eva-Mondin-scaled.jpg","contentUrl":"https:\/\/www.globalong.com\/blog\/wp-content\/uploads\/2023\/11\/IMG_0562-Eva-Mondin-scaled.jpg","width":1920,"height":2560},{"@type":"BreadcrumbList","@id":"https:\/\/www.globalong.com\/blog\/avis-temoignages-globalong\/cuba-eva\/#breadcrumb","itemListElement":[{"@type":"ListItem","position":1,"name":"Accueil","item":"https:\/\/www.globalong.com\/blog\/"},{"@type":"ListItem","position":2,"name":"T\u00e9moignages et avis de volontaires Globalong","item":"https:\/\/www.globalong.com\/blog\/avis-temoignages-globalong\/"},{"@type":"ListItem","position":3,"name":"Cuba &#8211; Eva"}]},{"@type":"WebSite","@id":"https:\/\/www.globalong.com\/blog\/#website","url":"https:\/\/www.globalong.com\/blog\/","name":"https:\/\/www.globalong.com\/","description":"Mission humanitaire, stage \u00e9tudiant et voyage linguistique","publisher":{"@id":"https:\/\/www.globalong.com\/blog\/#organization"},"potentialAction":[{"@type":"SearchAction","target":{"@type":"EntryPoint","urlTemplate":"https:\/\/www.globalong.com\/blog\/?s={search_term_string}"},"query-input":{"@type":"PropertyValueSpecification","valueRequired":true,"valueName":"search_term_string"}}],"inLanguage":"fr-FR"},{"@type":"Organization","@id":"https:\/\/www.globalong.com\/blog\/#organization","name":"Association Globalong","url":"https:\/\/www.globalong.com\/blog\/","logo":{"@type":"ImageObject","inLanguage":"fr-FR","@id":"https:\/\/www.globalong.com\/blog\/#\/schema\/logo\/image\/","url":"https:\/\/www.globalong.com\/blog\/wp-content\/uploads\/2014\/11\/cropped-cropped-Logo-et-Afrique-Globalong-petite-taille-2.jpg","contentUrl":"https:\/\/www.globalong.com\/blog\/wp-content\/uploads\/2014\/11\/cropped-cropped-Logo-et-Afrique-Globalong-petite-taille-2.jpg","width":512,"height":512,"caption":"Association Globalong"},"image":{"@id":"https:\/\/www.globalong.com\/blog\/#\/schema\/logo\/image\/"},"sameAs":["https:\/\/www.facebook.com\/globalong"]}]}},"_links":{"self":[{"href":"https:\/\/www.globalong.com\/blog\/wp-json\/wp\/v2\/pages\/15794"}],"collection":[{"href":"https:\/\/www.globalong.com\/blog\/wp-json\/wp\/v2\/pages"}],"about":[{"href":"https:\/\/www.globalong.com\/blog\/wp-json\/wp\/v2\/types\/page"}],"author":[{"embeddable":true,"href":"https:\/\/www.globalong.com\/blog\/wp-json\/wp\/v2\/users\/9"}],"replies":[{"embeddable":true,"href":"https:\/\/www.globalong.com\/blog\/wp-json\/wp\/v2\/comments?post=15794"}],"version-history":[{"count":1,"href":"https:\/\/www.globalong.com\/blog\/wp-json\/wp\/v2\/pages\/15794\/revisions"}],"predecessor-version":[{"id":15800,"href":"https:\/\/www.globalong.com\/blog\/wp-json\/wp\/v2\/pages\/15794\/revisions\/15800"}],"up":[{"embeddable":true,"href":"https:\/\/www.globalong.com\/blog\/wp-json\/wp\/v2\/pages\/883"}],"wp:featuredmedia":[{"embeddable":true,"href":"https:\/\/www.globalong.com\/blog\/wp-json\/wp\/v2\/media\/15797"}],"wp:attachment":[{"href":"https:\/\/www.globalong.com\/blog\/wp-json\/wp\/v2\/media?parent=15794"}],"curies":[{"name":"wp","href":"https:\/\/api.w.org\/{rel}","templated":true}]}}