{"id":15949,"date":"2024-01-19T12:29:13","date_gmt":"2024-01-19T11:29:13","guid":{"rendered":"https:\/\/www.globalong.com\/blog\/?page_id=15949"},"modified":"2024-10-24T15:23:54","modified_gmt":"2024-10-24T13:23:54","slug":"tanzanie-romain-construction","status":"publish","type":"page","link":"https:\/\/www.globalong.com\/blog\/avis-temoignages-globalong\/tanzanie-romain-construction\/","title":{"rendered":"Tanzanie &#8211; Romain (construction)"},"content":{"rendered":"<p style=\"text-align: center;\"><strong>Romain, \u00e9tudiant ing\u00e9nieur, s&rsquo;est engag\u00e9 durant l&rsquo;\u00e9t\u00e9 2023 sur une <span style=\"text-decoration: underline;\"><a href=\"https:\/\/www.globalong.com\/sejour-benevolat\/benevolat-tanzanie-missions-humanitaire\/architecture-tanzanie-ingenierie.html\" target=\"_blank\" rel=\"noopener\">mission de construction \u00e0 Arusha<\/a><\/span>, en Tazanie !\u00a0<\/strong><\/p>\n<p style=\"text-align: center;\"><strong>D\u00e9couvrez son t\u00e9moignage ci-dessous &#x2935;\u00a0<\/strong><\/p>\n<p style=\"text-align: justify;\"><strong>Retour sur ma mission humanitaire en <a href=\"https:\/\/www.globalong.com\/blog\/mission-humanitaire-en-tanzanie\/\">Tanzanie<\/a> :<\/strong><\/p>\n<p><strong>C\u2019est avec une grande \u00e9motion que je partage avec vous mes 8 semaines de volontariat en Tanzanie (Arusha) effectu\u00e9es de juin \u00e0 ao\u00fbt 2023. <\/strong><\/p>\n<p><strong>Mon projet intitul\u00e9 \u00ab construction et planification urbaine en Afrique \u00bb avec l&rsquo;<a class=\"app-aware-link \" href=\"https:\/\/www.linkedin.com\/company\/globalong\/\" target=\"_self\" rel=\"noopener\" data-test-app-aware-link=\"\">Association GlobAlong<\/a> m\u2019a permis de prendre part \u00e0 des chantiers venant en aide \u00e0 des orphelinats. J\u2019ai notamment eu la chance de participer \u00e0 la construction d\u2019une fosse septique ainsi que d\u2019une cuisine pour l&rsquo;orphelinat, avec l\u2019utilisation de mat\u00e9riaux locaux et de m\u00e9thodes traditionnelles.<\/strong><\/p>\n<p><strong>En plus de la partie construction, j\u2019ai r\u00e9ellement pris conscience de la dimension humaine de mon aventure \u00e0 Arusha gr\u00e2ce aux rencontres que j\u2019ai pu faire.<\/strong><\/p>\n<p style=\"text-align: justify;\"><strong>Tout d\u2019abord les enfants des orphelinats qui, malgr\u00e9 leur situation, avaient constamment un sourire sur leurs visages. Ces 8 semaines \u00e0 leur c\u00f4t\u00e9 \u00e0 \u00e9changer, passer du temps avec eux, organiser de petites activit\u00e9s, fut une le\u00e7on continue d\u2019humilit\u00e9. De m\u00eame, les interactions avec la population locale, le partage d\u2019exp\u00e9riences et la d\u00e9couverte d\u2019une nouvelle culture furent tr\u00e8s enrichissants. Enfin, cette exp\u00e9rience fut intensifi\u00e9e par la pr\u00e9sence de volontaires fran\u00e7ais et venant du monde entier avec qui j\u2019ai pu tisser des liens forts et partager des moments inoubliables en participant \u00e0 ce projet.<\/strong><\/p>\n<p><strong>Pour finir, je tiens \u00e0 remercier l\u2019ensemble des personnes avec qui j\u2019ai collabor\u00e9 ainsi que l\u2019association Globalong pour cette fabuleuse aventure humaine.<\/strong><\/p>\n<p><strong>D\u00e9couvrez sa mission en photos &#x2935;\u00a0<\/strong><\/p>\n<p><a href=\"https:\/\/www.globalong.com\/blog\/wp-content\/uploads\/2024\/01\/mission-de-construction-en-Tanzanie-2.jpeg\"><img loading=\"lazy\" decoding=\"async\" class=\"aligncenter wp-image-15951 size-large\" src=\"https:\/\/www.globalong.com\/blog\/wp-content\/uploads\/2024\/01\/mission-de-construction-en-Tanzanie-2-768x1024.jpeg\" alt=\"\" width=\"640\" height=\"853\" srcset=\"https:\/\/www.globalong.com\/blog\/wp-content\/uploads\/2024\/01\/mission-de-construction-en-Tanzanie-2-768x1024.jpeg 768w, https:\/\/www.globalong.com\/blog\/wp-content\/uploads\/2024\/01\/mission-de-construction-en-Tanzanie-2-225x300.jpeg 225w, https:\/\/www.globalong.com\/blog\/wp-content\/uploads\/2024\/01\/mission-de-construction-en-Tanzanie-2-1152x1536.jpeg 1152w, https:\/\/www.globalong.com\/blog\/wp-content\/uploads\/2024\/01\/mission-de-construction-en-Tanzanie-2.jpeg 1280w\" sizes=\"(max-width: 640px) 100vw, 640px\" \/><\/a> <a href=\"https:\/\/www.globalong.com\/blog\/wp-content\/uploads\/2024\/01\/mission-de-construction-en-Tanzanie-3.jpeg\" target=\"_blank\" rel=\"noopener\"><img loading=\"lazy\" decoding=\"async\" class=\"aligncenter wp-image-15952 size-full\" src=\"https:\/\/www.globalong.com\/blog\/wp-content\/uploads\/2024\/01\/mission-de-construction-en-Tanzanie-3.jpeg\" alt=\"\" width=\"768\" height=\"1024\" srcset=\"https:\/\/www.globalong.com\/blog\/wp-content\/uploads\/2024\/01\/mission-de-construction-en-Tanzanie-3.jpeg 768w, https:\/\/www.globalong.com\/blog\/wp-content\/uploads\/2024\/01\/mission-de-construction-en-Tanzanie-3-225x300.jpeg 225w\" sizes=\"(max-width: 768px) 100vw, 768px\" \/><\/a> <a href=\"https:\/\/www.globalong.com\/blog\/wp-content\/uploads\/2024\/01\/mission-de-construction-en-Tanzanie-4.jpeg\" target=\"_blank\" rel=\"noopener\"><img loading=\"lazy\" decoding=\"async\" class=\"aligncenter wp-image-15953 size-full\" src=\"https:\/\/www.globalong.com\/blog\/wp-content\/uploads\/2024\/01\/mission-de-construction-en-Tanzanie-4.jpeg\" alt=\"\" width=\"666\" height=\"889\" srcset=\"https:\/\/www.globalong.com\/blog\/wp-content\/uploads\/2024\/01\/mission-de-construction-en-Tanzanie-4.jpeg 666w, https:\/\/www.globalong.com\/blog\/wp-content\/uploads\/2024\/01\/mission-de-construction-en-Tanzanie-4-225x300.jpeg 225w\" sizes=\"(max-width: 666px) 100vw, 666px\" \/><\/a> <a href=\"https:\/\/www.globalong.com\/blog\/wp-content\/uploads\/2024\/01\/mission-de-construction-en-Tanzanie.jpeg\" target=\"_blank\" rel=\"noopener\"><img loading=\"lazy\" decoding=\"async\" class=\"aligncenter wp-image-15954 size-large\" src=\"https:\/\/www.globalong.com\/blog\/wp-content\/uploads\/2024\/01\/mission-de-construction-en-Tanzanie-768x1024.jpeg\" alt=\"\" width=\"640\" height=\"853\" srcset=\"https:\/\/www.globalong.com\/blog\/wp-content\/uploads\/2024\/01\/mission-de-construction-en-Tanzanie-768x1024.jpeg 768w, https:\/\/www.globalong.com\/blog\/wp-content\/uploads\/2024\/01\/mission-de-construction-en-Tanzanie-225x300.jpeg 225w, https:\/\/www.globalong.com\/blog\/wp-content\/uploads\/2024\/01\/mission-de-construction-en-Tanzanie-1152x1536.jpeg 1152w, https:\/\/www.globalong.com\/blog\/wp-content\/uploads\/2024\/01\/mission-de-construction-en-Tanzanie.jpeg 1280w\" sizes=\"(max-width: 640px) 100vw, 640px\" \/><\/a><\/p>\n<p style=\"text-align: center;\"><strong>Pour plus d\u2019informations, n\u2019h\u00e9sitez pas \u00e0 nous contacter \u00e0 l\u2019adresse\u00a0<u><a href=\"mailto:info@globalong.com\">info@globalong.com<\/a><\/u>.<\/strong><\/p>\n<p class=\"p1\" style=\"text-align: center;\"><strong>Pour en savoir plus sur l\u2019Association Globalong et ses adh\u00e9rents, rendez-vous sur\u00a0<a href=\"https:\/\/www.instagram.com\/globalongofficiel\/\" target=\"_blank\" rel=\"noopener\">Instagram<\/a>,\u00a0<a href=\"https:\/\/www.facebook.com\/globalong\" target=\"_blank\" rel=\"noopener\">Facebook<\/a>,\u00a0<a href=\"https:\/\/www.linkedin.com\/company\/5113177\/admin\/feed\/posts\/\" target=\"_blank\" rel=\"noopener\">LinkedIn<\/a>\u00a0et\u00a0<a href=\"https:\/\/www.youtube.com\/c\/globalong\/videos\" target=\"_blank\" rel=\"noopener\">Youtube<\/a>\u00a0!\u00a0<\/strong><\/p>\n","protected":false},"excerpt":{"rendered":"<p>Romain, \u00e9tudiant ing\u00e9nieur, s&rsquo;est engag\u00e9 durant l&rsquo;\u00e9t\u00e9 2023 sur une mission de construction \u00e0 Arusha, en Tazanie !\u00a0 D\u00e9couvrez son t\u00e9moignage ci-dessous &#x2935;\u00a0 Retour sur ma mission humanitaire en Tanzanie : C\u2019est avec une grande \u00e9motion que je partage avec vous mes 8 semaines de volontariat en Tanzanie (Arusha) effectu\u00e9es de juin \u00e0 ao\u00fbt 2023. [&hellip;]<\/p>\n","protected":false},"author":9,"featured_media":15950,"parent":883,"menu_order":0,"comment_status":"closed","ping_status":"closed","template":"","meta":{"footnotes":""},"yoast_head":"<!-- This site is optimized with the Yoast SEO Premium plugin v23.4 (Yoast SEO v23.4) - https:\/\/yoast.com\/wordpress\/plugins\/seo\/ -->\n<title>Tanzanie - Romain (construction) - Association Globalong<\/title>\n<meta name=\"robots\" content=\"index, follow, max-snippet:-1, max-image-preview:large, max-video-preview:-1\" \/>\n<link rel=\"canonical\" href=\"https:\/\/www.globalong.com\/blog\/avis-temoignages-globalong\/tanzanie-romain-construction\/\" \/>\n<meta property=\"og:locale\" content=\"fr_FR\" \/>\n<meta property=\"og:type\" content=\"article\" \/>\n<meta property=\"og:title\" content=\"Tanzanie - Romain (construction)\" \/>\n<meta property=\"og:description\" content=\"Romain, \u00e9tudiant ing\u00e9nieur, s&rsquo;est engag\u00e9 durant l&rsquo;\u00e9t\u00e9 2023 sur une mission de construction \u00e0 Arusha, en Tazanie !\u00a0 D\u00e9couvrez son t\u00e9moignage ci-dessous &#x2935;\u00a0 Retour sur ma mission humanitaire en Tanzanie : C\u2019est avec une grande \u00e9motion que je partage avec vous mes 8 semaines de volontariat en Tanzanie (Arusha) effectu\u00e9es de juin \u00e0 ao\u00fbt 2023. [&hellip;]\" \/>\n<meta property=\"og:url\" content=\"https:\/\/www.globalong.com\/blog\/avis-temoignages-globalong\/tanzanie-romain-construction\/\" \/>\n<meta property=\"og:site_name\" content=\"Association Globalong\" \/>\n<meta property=\"article:publisher\" content=\"https:\/\/www.facebook.com\/globalong\" \/>\n<meta property=\"article:modified_time\" content=\"2024-10-24T13:23:54+00:00\" \/>\n<meta property=\"og:image\" content=\"https:\/\/www.globalong.com\/blog\/wp-content\/uploads\/2024\/01\/mission-de-construction-en-Tanzanie-1.jpeg\" \/>\n\t<meta property=\"og:image:width\" content=\"768\" \/>\n\t<meta property=\"og:image:height\" content=\"1024\" \/>\n\t<meta property=\"og:image:type\" content=\"image\/jpeg\" \/>\n<meta name=\"twitter:card\" content=\"summary_large_image\" \/>\n<meta name=\"twitter:label1\" content=\"Dur\u00e9e de lecture estim\u00e9e\" \/>\n\t<meta name=\"twitter:data1\" content=\"3 minutes\" \/>\n<script type=\"application\/ld+json\" class=\"yoast-schema-graph\">{\"@context\":\"https:\/\/schema.org\",\"@graph\":[{\"@type\":\"WebPage\",\"@id\":\"https:\/\/www.globalong.com\/blog\/avis-temoignages-globalong\/tanzanie-romain-construction\/\",\"url\":\"https:\/\/www.globalong.com\/blog\/avis-temoignages-globalong\/tanzanie-romain-construction\/\",\"name\":\"Tanzanie - Romain (construction) - Association Globalong\",\"isPartOf\":{\"@id\":\"https:\/\/www.globalong.com\/blog\/#website\"},\"primaryImageOfPage\":{\"@id\":\"https:\/\/www.globalong.com\/blog\/avis-temoignages-globalong\/tanzanie-romain-construction\/#primaryimage\"},\"image\":{\"@id\":\"https:\/\/www.globalong.com\/blog\/avis-temoignages-globalong\/tanzanie-romain-construction\/#primaryimage\"},\"thumbnailUrl\":\"https:\/\/www.globalong.com\/blog\/wp-content\/uploads\/2024\/01\/mission-de-construction-en-Tanzanie-1.jpeg\",\"datePublished\":\"2024-01-19T11:29:13+00:00\",\"dateModified\":\"2024-10-24T13:23:54+00:00\",\"breadcrumb\":{\"@id\":\"https:\/\/www.globalong.com\/blog\/avis-temoignages-globalong\/tanzanie-romain-construction\/#breadcrumb\"},\"inLanguage\":\"fr-FR\",\"potentialAction\":[{\"@type\":\"ReadAction\",\"target\":[\"https:\/\/www.globalong.com\/blog\/avis-temoignages-globalong\/tanzanie-romain-construction\/\"]}]},{\"@type\":\"ImageObject\",\"inLanguage\":\"fr-FR\",\"@id\":\"https:\/\/www.globalong.com\/blog\/avis-temoignages-globalong\/tanzanie-romain-construction\/#primaryimage\",\"url\":\"https:\/\/www.globalong.com\/blog\/wp-content\/uploads\/2024\/01\/mission-de-construction-en-Tanzanie-1.jpeg\",\"contentUrl\":\"https:\/\/www.globalong.com\/blog\/wp-content\/uploads\/2024\/01\/mission-de-construction-en-Tanzanie-1.jpeg\",\"width\":768,\"height\":1024,\"caption\":\"Volontariat international pour les Suisses\"},{\"@type\":\"BreadcrumbList\",\"@id\":\"https:\/\/www.globalong.com\/blog\/avis-temoignages-globalong\/tanzanie-romain-construction\/#breadcrumb\",\"itemListElement\":[{\"@type\":\"ListItem\",\"position\":1,\"name\":\"Accueil\",\"item\":\"https:\/\/www.globalong.com\/blog\/\"},{\"@type\":\"ListItem\",\"position\":2,\"name\":\"T\u00e9moignages et avis de volontaires Globalong\",\"item\":\"https:\/\/www.globalong.com\/blog\/avis-temoignages-globalong\/\"},{\"@type\":\"ListItem\",\"position\":3,\"name\":\"Tanzanie &#8211; Romain (construction)\"}]},{\"@type\":\"WebSite\",\"@id\":\"https:\/\/www.globalong.com\/blog\/#website\",\"url\":\"https:\/\/www.globalong.com\/blog\/\",\"name\":\"https:\/\/www.globalong.com\/\",\"description\":\"Mission humanitaire, stage \u00e9tudiant et voyage linguistique\",\"publisher\":{\"@id\":\"https:\/\/www.globalong.com\/blog\/#organization\"},\"potentialAction\":[{\"@type\":\"SearchAction\",\"target\":{\"@type\":\"EntryPoint\",\"urlTemplate\":\"https:\/\/www.globalong.com\/blog\/?s={search_term_string}\"},\"query-input\":{\"@type\":\"PropertyValueSpecification\",\"valueRequired\":true,\"valueName\":\"search_term_string\"}}],\"inLanguage\":\"fr-FR\"},{\"@type\":\"Organization\",\"@id\":\"https:\/\/www.globalong.com\/blog\/#organization\",\"name\":\"Association Globalong\",\"url\":\"https:\/\/www.globalong.com\/blog\/\",\"logo\":{\"@type\":\"ImageObject\",\"inLanguage\":\"fr-FR\",\"@id\":\"https:\/\/www.globalong.com\/blog\/#\/schema\/logo\/image\/\",\"url\":\"https:\/\/www.globalong.com\/blog\/wp-content\/uploads\/2014\/11\/cropped-cropped-Logo-et-Afrique-Globalong-petite-taille-2.jpg\",\"contentUrl\":\"https:\/\/www.globalong.com\/blog\/wp-content\/uploads\/2014\/11\/cropped-cropped-Logo-et-Afrique-Globalong-petite-taille-2.jpg\",\"width\":512,\"height\":512,\"caption\":\"Association Globalong\"},\"image\":{\"@id\":\"https:\/\/www.globalong.com\/blog\/#\/schema\/logo\/image\/\"},\"sameAs\":[\"https:\/\/www.facebook.com\/globalong\"]}]}<\/script>\n<!-- \/ Yoast SEO Premium plugin. -->","yoast_head_json":{"title":"Tanzanie - Romain (construction) - Association Globalong","robots":{"index":"index","follow":"follow","max-snippet":"max-snippet:-1","max-image-preview":"max-image-preview:large","max-video-preview":"max-video-preview:-1"},"canonical":"https:\/\/www.globalong.com\/blog\/avis-temoignages-globalong\/tanzanie-romain-construction\/","og_locale":"fr_FR","og_type":"article","og_title":"Tanzanie - Romain (construction)","og_description":"Romain, \u00e9tudiant ing\u00e9nieur, s&rsquo;est engag\u00e9 durant l&rsquo;\u00e9t\u00e9 2023 sur une mission de construction \u00e0 Arusha, en Tazanie !\u00a0 D\u00e9couvrez son t\u00e9moignage ci-dessous &#x2935;\u00a0 Retour sur ma mission humanitaire en Tanzanie : C\u2019est avec une grande \u00e9motion que je partage avec vous mes 8 semaines de volontariat en Tanzanie (Arusha) effectu\u00e9es de juin \u00e0 ao\u00fbt 2023. [&hellip;]","og_url":"https:\/\/www.globalong.com\/blog\/avis-temoignages-globalong\/tanzanie-romain-construction\/","og_site_name":"Association Globalong","article_publisher":"https:\/\/www.facebook.com\/globalong","article_modified_time":"2024-10-24T13:23:54+00:00","og_image":[{"width":768,"height":1024,"url":"https:\/\/www.globalong.com\/blog\/wp-content\/uploads\/2024\/01\/mission-de-construction-en-Tanzanie-1.jpeg","type":"image\/jpeg"}],"twitter_card":"summary_large_image","twitter_misc":{"Dur\u00e9e de lecture estim\u00e9e":"3 minutes"},"schema":{"@context":"https:\/\/schema.org","@graph":[{"@type":"WebPage","@id":"https:\/\/www.globalong.com\/blog\/avis-temoignages-globalong\/tanzanie-romain-construction\/","url":"https:\/\/www.globalong.com\/blog\/avis-temoignages-globalong\/tanzanie-romain-construction\/","name":"Tanzanie - Romain (construction) - Association Globalong","isPartOf":{"@id":"https:\/\/www.globalong.com\/blog\/#website"},"primaryImageOfPage":{"@id":"https:\/\/www.globalong.com\/blog\/avis-temoignages-globalong\/tanzanie-romain-construction\/#primaryimage"},"image":{"@id":"https:\/\/www.globalong.com\/blog\/avis-temoignages-globalong\/tanzanie-romain-construction\/#primaryimage"},"thumbnailUrl":"https:\/\/www.globalong.com\/blog\/wp-content\/uploads\/2024\/01\/mission-de-construction-en-Tanzanie-1.jpeg","datePublished":"2024-01-19T11:29:13+00:00","dateModified":"2024-10-24T13:23:54+00:00","breadcrumb":{"@id":"https:\/\/www.globalong.com\/blog\/avis-temoignages-globalong\/tanzanie-romain-construction\/#breadcrumb"},"inLanguage":"fr-FR","potentialAction":[{"@type":"ReadAction","target":["https:\/\/www.globalong.com\/blog\/avis-temoignages-globalong\/tanzanie-romain-construction\/"]}]},{"@type":"ImageObject","inLanguage":"fr-FR","@id":"https:\/\/www.globalong.com\/blog\/avis-temoignages-globalong\/tanzanie-romain-construction\/#primaryimage","url":"https:\/\/www.globalong.com\/blog\/wp-content\/uploads\/2024\/01\/mission-de-construction-en-Tanzanie-1.jpeg","contentUrl":"https:\/\/www.globalong.com\/blog\/wp-content\/uploads\/2024\/01\/mission-de-construction-en-Tanzanie-1.jpeg","width":768,"height":1024,"caption":"Volontariat international pour les Suisses"},{"@type":"BreadcrumbList","@id":"https:\/\/www.globalong.com\/blog\/avis-temoignages-globalong\/tanzanie-romain-construction\/#breadcrumb","itemListElement":[{"@type":"ListItem","position":1,"name":"Accueil","item":"https:\/\/www.globalong.com\/blog\/"},{"@type":"ListItem","position":2,"name":"T\u00e9moignages et avis de volontaires Globalong","item":"https:\/\/www.globalong.com\/blog\/avis-temoignages-globalong\/"},{"@type":"ListItem","position":3,"name":"Tanzanie &#8211; Romain (construction)"}]},{"@type":"WebSite","@id":"https:\/\/www.globalong.com\/blog\/#website","url":"https:\/\/www.globalong.com\/blog\/","name":"https:\/\/www.globalong.com\/","description":"Mission humanitaire, stage \u00e9tudiant et voyage linguistique","publisher":{"@id":"https:\/\/www.globalong.com\/blog\/#organization"},"potentialAction":[{"@type":"SearchAction","target":{"@type":"EntryPoint","urlTemplate":"https:\/\/www.globalong.com\/blog\/?s={search_term_string}"},"query-input":{"@type":"PropertyValueSpecification","valueRequired":true,"valueName":"search_term_string"}}],"inLanguage":"fr-FR"},{"@type":"Organization","@id":"https:\/\/www.globalong.com\/blog\/#organization","name":"Association Globalong","url":"https:\/\/www.globalong.com\/blog\/","logo":{"@type":"ImageObject","inLanguage":"fr-FR","@id":"https:\/\/www.globalong.com\/blog\/#\/schema\/logo\/image\/","url":"https:\/\/www.globalong.com\/blog\/wp-content\/uploads\/2014\/11\/cropped-cropped-Logo-et-Afrique-Globalong-petite-taille-2.jpg","contentUrl":"https:\/\/www.globalong.com\/blog\/wp-content\/uploads\/2014\/11\/cropped-cropped-Logo-et-Afrique-Globalong-petite-taille-2.jpg","width":512,"height":512,"caption":"Association Globalong"},"image":{"@id":"https:\/\/www.globalong.com\/blog\/#\/schema\/logo\/image\/"},"sameAs":["https:\/\/www.facebook.com\/globalong"]}]}},"_links":{"self":[{"href":"https:\/\/www.globalong.com\/blog\/wp-json\/wp\/v2\/pages\/15949"}],"collection":[{"href":"https:\/\/www.globalong.com\/blog\/wp-json\/wp\/v2\/pages"}],"about":[{"href":"https:\/\/www.globalong.com\/blog\/wp-json\/wp\/v2\/types\/page"}],"author":[{"embeddable":true,"href":"https:\/\/www.globalong.com\/blog\/wp-json\/wp\/v2\/users\/9"}],"replies":[{"embeddable":true,"href":"https:\/\/www.globalong.com\/blog\/wp-json\/wp\/v2\/comments?post=15949"}],"version-history":[{"count":5,"href":"https:\/\/www.globalong.com\/blog\/wp-json\/wp\/v2\/pages\/15949\/revisions"}],"predecessor-version":[{"id":18094,"href":"https:\/\/www.globalong.com\/blog\/wp-json\/wp\/v2\/pages\/15949\/revisions\/18094"}],"up":[{"embeddable":true,"href":"https:\/\/www.globalong.com\/blog\/wp-json\/wp\/v2\/pages\/883"}],"wp:featuredmedia":[{"embeddable":true,"href":"https:\/\/www.globalong.com\/blog\/wp-json\/wp\/v2\/media\/15950"}],"wp:attachment":[{"href":"https:\/\/www.globalong.com\/blog\/wp-json\/wp\/v2\/media?parent=15949"}],"curies":[{"name":"wp","href":"https:\/\/api.w.org\/{rel}","templated":true}]}}