{"id":16008,"date":"2024-03-06T09:42:51","date_gmt":"2024-03-06T08:42:51","guid":{"rendered":"https:\/\/www.globalong.com\/blog\/?page_id=16008"},"modified":"2024-03-08T09:36:33","modified_gmt":"2024-03-08T08:36:33","slug":"nepal-bamboosteo-etudiants-osteopathes","status":"publish","type":"page","link":"https:\/\/www.globalong.com\/blog\/avis-temoignages-globalong\/nepal-bamboosteo-etudiants-osteopathes\/","title":{"rendered":"N\u00e9pal &#8211; Bamboosteo (\u00e9tudiants ost\u00e9opathes)"},"content":{"rendered":"<p style=\"text-align: center;\"><strong>Ambre, Marie, Maureen, Maellis et Ugo<\/strong>, une \u00e9quipe de <strong>5 \u00e9tudiants ost\u00e9opathes<\/strong>, accompagn\u00e9s de <strong>Vincent leur tuteur,<\/strong> se sont <strong>engag\u00e9s au <span style=\"text-decoration: underline;\"><a href=\"https:\/\/www.globalong.com\/sejour-benevolat\/benevolat-au-nepal-humanitaire\/volontariat-sante-au-nepal.html\" target=\"_blank\" rel=\"noopener\">N\u00e9pal<\/a><\/span>.<\/strong><\/p>\n<p style=\"text-align: center;\">Leur objectif \u00e9tait d\u2019aider les habitants dans leur quotidien hors norme et de d\u00e9couvrir un environnement et une culture !<\/p>\n<p style=\"text-align: center;\">Pour d\u00e9couvrir leur <strong>carnet de bord humanitaire<\/strong>, <span style=\"text-decoration: underline;\"><strong><a href=\"https:\/\/www.globalong.com\/blog\/wp-content\/uploads\/2024\/03\/Carnet-de-bord-Bamboosteo-compresse.pdf\" target=\"_blank\" rel=\"noopener\">cliquez ici<\/a><\/strong><\/span> !<\/p>\n<p><a href=\"https:\/\/www.globalong.com\/blog\/wp-content\/uploads\/2024\/03\/mission-humanitaire-au-nepal-osteo.png\" target=\"_blank\" rel=\"noopener\"><img loading=\"lazy\" decoding=\"async\" class=\"alignnone wp-image-16009 size-full\" src=\"https:\/\/www.globalong.com\/blog\/wp-content\/uploads\/2024\/03\/mission-humanitaire-au-nepal-osteo.png\" alt=\"\" width=\"2568\" height=\"890\" srcset=\"https:\/\/www.globalong.com\/blog\/wp-content\/uploads\/2024\/03\/mission-humanitaire-au-nepal-osteo.png 2568w, https:\/\/www.globalong.com\/blog\/wp-content\/uploads\/2024\/03\/mission-humanitaire-au-nepal-osteo-300x104.png 300w, https:\/\/www.globalong.com\/blog\/wp-content\/uploads\/2024\/03\/mission-humanitaire-au-nepal-osteo-1024x355.png 1024w, https:\/\/www.globalong.com\/blog\/wp-content\/uploads\/2024\/03\/mission-humanitaire-au-nepal-osteo-768x266.png 768w, https:\/\/www.globalong.com\/blog\/wp-content\/uploads\/2024\/03\/mission-humanitaire-au-nepal-osteo-1536x532.png 1536w, https:\/\/www.globalong.com\/blog\/wp-content\/uploads\/2024\/03\/mission-humanitaire-au-nepal-osteo-2048x710.png 2048w\" sizes=\"(max-width: 2568px) 100vw, 2568px\" \/><\/a> <a href=\"https:\/\/www.globalong.com\/blog\/wp-content\/uploads\/2024\/03\/mission-humanitaire-au-nepal-osteo-1.png\" target=\"_blank\" rel=\"noopener\"><img loading=\"lazy\" decoding=\"async\" class=\"alignnone wp-image-16010 size-full\" src=\"https:\/\/www.globalong.com\/blog\/wp-content\/uploads\/2024\/03\/mission-humanitaire-au-nepal-osteo-1.png\" alt=\"\" width=\"2568\" height=\"890\" srcset=\"https:\/\/www.globalong.com\/blog\/wp-content\/uploads\/2024\/03\/mission-humanitaire-au-nepal-osteo-1.png 2568w, https:\/\/www.globalong.com\/blog\/wp-content\/uploads\/2024\/03\/mission-humanitaire-au-nepal-osteo-1-300x104.png 300w, https:\/\/www.globalong.com\/blog\/wp-content\/uploads\/2024\/03\/mission-humanitaire-au-nepal-osteo-1-1024x355.png 1024w, https:\/\/www.globalong.com\/blog\/wp-content\/uploads\/2024\/03\/mission-humanitaire-au-nepal-osteo-1-768x266.png 768w, https:\/\/www.globalong.com\/blog\/wp-content\/uploads\/2024\/03\/mission-humanitaire-au-nepal-osteo-1-1536x532.png 1536w, https:\/\/www.globalong.com\/blog\/wp-content\/uploads\/2024\/03\/mission-humanitaire-au-nepal-osteo-1-2048x710.png 2048w\" sizes=\"(max-width: 2568px) 100vw, 2568px\" \/><\/a> <a href=\"https:\/\/www.globalong.com\/blog\/wp-content\/uploads\/2024\/03\/mission-humanitaire-au-nepal-osteo-2.png\" target=\"_blank\" rel=\"noopener\"><img loading=\"lazy\" decoding=\"async\" class=\"alignnone wp-image-16011 size-full\" src=\"https:\/\/www.globalong.com\/blog\/wp-content\/uploads\/2024\/03\/mission-humanitaire-au-nepal-osteo-2.png\" alt=\"\" width=\"2568\" height=\"890\" srcset=\"https:\/\/www.globalong.com\/blog\/wp-content\/uploads\/2024\/03\/mission-humanitaire-au-nepal-osteo-2.png 2568w, https:\/\/www.globalong.com\/blog\/wp-content\/uploads\/2024\/03\/mission-humanitaire-au-nepal-osteo-2-300x104.png 300w, https:\/\/www.globalong.com\/blog\/wp-content\/uploads\/2024\/03\/mission-humanitaire-au-nepal-osteo-2-1024x355.png 1024w, https:\/\/www.globalong.com\/blog\/wp-content\/uploads\/2024\/03\/mission-humanitaire-au-nepal-osteo-2-768x266.png 768w, https:\/\/www.globalong.com\/blog\/wp-content\/uploads\/2024\/03\/mission-humanitaire-au-nepal-osteo-2-1536x532.png 1536w, https:\/\/www.globalong.com\/blog\/wp-content\/uploads\/2024\/03\/mission-humanitaire-au-nepal-osteo-2-2048x710.png 2048w\" sizes=\"(max-width: 2568px) 100vw, 2568px\" \/><\/a><\/p>\n<p class=\"p10\" style=\"text-align: center;\"><b>Pour plus d\u2019informations, n\u2019h\u00e9sitez pas \u00e0 nous contacter \u00e0 l\u2019adresse\u00a0<\/b><a href=\"mailto:info@globalong.com\"><span class=\"s1\"><b>info@globalong.com<\/b><\/span><\/a><\/p>\n<p class=\"p11\" style=\"text-align: center;\"><b>Pour en savoir plus sur l\u2019Association Globalong et ses adh\u00e9rents, rendez-vous sur\u00a0<\/b><a href=\"https:\/\/www.instagram.com\/globalongofficiel\/\"><span class=\"s2\"><b>Instagram<\/b><\/span><\/a><b>,\u00a0<\/b><a href=\"https:\/\/www.tiktok.com\/@globalong\"><span class=\"s2\"><b>TikTok<\/b><\/span><\/a><b>,\u00a0<\/b><a href=\"https:\/\/www.facebook.com\/globalong\"><span class=\"s2\"><b>Facebook<\/b><\/span><\/a><b>,\u00a0<\/b><a href=\"https:\/\/www.linkedin.com\/company\/5113177\/admin\/feed\/posts\/\"><span class=\"s2\"><b>LinkedIn<\/b><\/span><\/a><b>\u00a0et\u00a0<\/b><a href=\"https:\/\/www.youtube.com\/c\/globalong\/videos\"><span class=\"s2\"><b>Youtube<\/b><\/span><\/a><b>\u00a0!\u00a0<\/b><\/p>\n<p>&nbsp;<\/p>\n","protected":false},"excerpt":{"rendered":"<p>Ambre, Marie, Maureen, Maellis et Ugo, une \u00e9quipe de 5 \u00e9tudiants ost\u00e9opathes, accompagn\u00e9s de Vincent leur tuteur, se sont engag\u00e9s au N\u00e9pal. Leur objectif \u00e9tait d\u2019aider les habitants dans leur quotidien hors norme et de d\u00e9couvrir un environnement et une culture ! Pour d\u00e9couvrir leur carnet de bord humanitaire, cliquez ici ! Pour plus d\u2019informations, [&hellip;]<\/p>\n","protected":false},"author":9,"featured_media":16016,"parent":883,"menu_order":0,"comment_status":"closed","ping_status":"closed","template":"","meta":{"footnotes":""},"yoast_head":"<!-- This site is optimized with the Yoast SEO Premium plugin v23.4 (Yoast SEO v23.4) - https:\/\/yoast.com\/wordpress\/plugins\/seo\/ -->\n<title>N\u00e9pal - Bamboosteo (\u00e9tudiants ost\u00e9opathes) - Association Globalong<\/title>\n<meta name=\"robots\" content=\"index, follow, max-snippet:-1, max-image-preview:large, max-video-preview:-1\" \/>\n<link rel=\"canonical\" href=\"https:\/\/www.globalong.com\/blog\/avis-temoignages-globalong\/nepal-bamboosteo-etudiants-osteopathes\/\" \/>\n<meta property=\"og:locale\" content=\"fr_FR\" \/>\n<meta property=\"og:type\" content=\"article\" \/>\n<meta property=\"og:title\" content=\"N\u00e9pal - Bamboosteo (\u00e9tudiants ost\u00e9opathes)\" \/>\n<meta property=\"og:description\" content=\"Ambre, Marie, Maureen, Maellis et Ugo, une \u00e9quipe de 5 \u00e9tudiants ost\u00e9opathes, accompagn\u00e9s de Vincent leur tuteur, se sont engag\u00e9s au N\u00e9pal. Leur objectif \u00e9tait d\u2019aider les habitants dans leur quotidien hors norme et de d\u00e9couvrir un environnement et une culture ! Pour d\u00e9couvrir leur carnet de bord humanitaire, cliquez ici ! Pour plus d\u2019informations, [&hellip;]\" \/>\n<meta property=\"og:url\" content=\"https:\/\/www.globalong.com\/blog\/avis-temoignages-globalong\/nepal-bamboosteo-etudiants-osteopathes\/\" \/>\n<meta property=\"og:site_name\" content=\"Association Globalong\" \/>\n<meta property=\"article:publisher\" content=\"https:\/\/www.facebook.com\/globalong\" \/>\n<meta property=\"article:modified_time\" content=\"2024-03-08T08:36:33+00:00\" \/>\n<meta property=\"og:image\" content=\"https:\/\/www.globalong.com\/blog\/wp-content\/uploads\/2024\/03\/mission-humanitaire-au-nepal-osteo-3-843x1024.png\" \/>\n\t<meta property=\"og:image:width\" content=\"843\" \/>\n\t<meta property=\"og:image:height\" content=\"1024\" \/>\n\t<meta property=\"og:image:type\" content=\"image\/png\" \/>\n<meta name=\"twitter:card\" content=\"summary_large_image\" \/>\n<script type=\"application\/ld+json\" class=\"yoast-schema-graph\">{\"@context\":\"https:\/\/schema.org\",\"@graph\":[{\"@type\":\"WebPage\",\"@id\":\"https:\/\/www.globalong.com\/blog\/avis-temoignages-globalong\/nepal-bamboosteo-etudiants-osteopathes\/\",\"url\":\"https:\/\/www.globalong.com\/blog\/avis-temoignages-globalong\/nepal-bamboosteo-etudiants-osteopathes\/\",\"name\":\"N\u00e9pal - Bamboosteo (\u00e9tudiants ost\u00e9opathes) - Association Globalong\",\"isPartOf\":{\"@id\":\"https:\/\/www.globalong.com\/blog\/#website\"},\"primaryImageOfPage\":{\"@id\":\"https:\/\/www.globalong.com\/blog\/avis-temoignages-globalong\/nepal-bamboosteo-etudiants-osteopathes\/#primaryimage\"},\"image\":{\"@id\":\"https:\/\/www.globalong.com\/blog\/avis-temoignages-globalong\/nepal-bamboosteo-etudiants-osteopathes\/#primaryimage\"},\"thumbnailUrl\":\"https:\/\/www.globalong.com\/blog\/wp-content\/uploads\/2024\/03\/mission-humanitaire-au-nepal-osteo-3.png\",\"datePublished\":\"2024-03-06T08:42:51+00:00\",\"dateModified\":\"2024-03-08T08:36:33+00:00\",\"breadcrumb\":{\"@id\":\"https:\/\/www.globalong.com\/blog\/avis-temoignages-globalong\/nepal-bamboosteo-etudiants-osteopathes\/#breadcrumb\"},\"inLanguage\":\"fr-FR\",\"potentialAction\":[{\"@type\":\"ReadAction\",\"target\":[\"https:\/\/www.globalong.com\/blog\/avis-temoignages-globalong\/nepal-bamboosteo-etudiants-osteopathes\/\"]}]},{\"@type\":\"ImageObject\",\"inLanguage\":\"fr-FR\",\"@id\":\"https:\/\/www.globalong.com\/blog\/avis-temoignages-globalong\/nepal-bamboosteo-etudiants-osteopathes\/#primaryimage\",\"url\":\"https:\/\/www.globalong.com\/blog\/wp-content\/uploads\/2024\/03\/mission-humanitaire-au-nepal-osteo-3.png\",\"contentUrl\":\"https:\/\/www.globalong.com\/blog\/wp-content\/uploads\/2024\/03\/mission-humanitaire-au-nepal-osteo-3.png\",\"width\":1074,\"height\":1304,\"caption\":\"Cinq \u00e9tudiants ost\u00e9opathes en stage humanitaire au N\u00e9pal\"},{\"@type\":\"BreadcrumbList\",\"@id\":\"https:\/\/www.globalong.com\/blog\/avis-temoignages-globalong\/nepal-bamboosteo-etudiants-osteopathes\/#breadcrumb\",\"itemListElement\":[{\"@type\":\"ListItem\",\"position\":1,\"name\":\"Accueil\",\"item\":\"https:\/\/www.globalong.com\/blog\/\"},{\"@type\":\"ListItem\",\"position\":2,\"name\":\"T\u00e9moignages et avis de volontaires Globalong\",\"item\":\"https:\/\/www.globalong.com\/blog\/avis-temoignages-globalong\/\"},{\"@type\":\"ListItem\",\"position\":3,\"name\":\"N\u00e9pal &#8211; Bamboosteo (\u00e9tudiants ost\u00e9opathes)\"}]},{\"@type\":\"WebSite\",\"@id\":\"https:\/\/www.globalong.com\/blog\/#website\",\"url\":\"https:\/\/www.globalong.com\/blog\/\",\"name\":\"https:\/\/www.globalong.com\/\",\"description\":\"Mission humanitaire, stage \u00e9tudiant et voyage linguistique\",\"publisher\":{\"@id\":\"https:\/\/www.globalong.com\/blog\/#organization\"},\"potentialAction\":[{\"@type\":\"SearchAction\",\"target\":{\"@type\":\"EntryPoint\",\"urlTemplate\":\"https:\/\/www.globalong.com\/blog\/?s={search_term_string}\"},\"query-input\":{\"@type\":\"PropertyValueSpecification\",\"valueRequired\":true,\"valueName\":\"search_term_string\"}}],\"inLanguage\":\"fr-FR\"},{\"@type\":\"Organization\",\"@id\":\"https:\/\/www.globalong.com\/blog\/#organization\",\"name\":\"Association Globalong\",\"url\":\"https:\/\/www.globalong.com\/blog\/\",\"logo\":{\"@type\":\"ImageObject\",\"inLanguage\":\"fr-FR\",\"@id\":\"https:\/\/www.globalong.com\/blog\/#\/schema\/logo\/image\/\",\"url\":\"https:\/\/www.globalong.com\/blog\/wp-content\/uploads\/2014\/11\/cropped-cropped-Logo-et-Afrique-Globalong-petite-taille-2.jpg\",\"contentUrl\":\"https:\/\/www.globalong.com\/blog\/wp-content\/uploads\/2014\/11\/cropped-cropped-Logo-et-Afrique-Globalong-petite-taille-2.jpg\",\"width\":512,\"height\":512,\"caption\":\"Association Globalong\"},\"image\":{\"@id\":\"https:\/\/www.globalong.com\/blog\/#\/schema\/logo\/image\/\"},\"sameAs\":[\"https:\/\/www.facebook.com\/globalong\"]}]}<\/script>\n<!-- \/ Yoast SEO Premium plugin. -->","yoast_head_json":{"title":"N\u00e9pal - Bamboosteo (\u00e9tudiants ost\u00e9opathes) - Association Globalong","robots":{"index":"index","follow":"follow","max-snippet":"max-snippet:-1","max-image-preview":"max-image-preview:large","max-video-preview":"max-video-preview:-1"},"canonical":"https:\/\/www.globalong.com\/blog\/avis-temoignages-globalong\/nepal-bamboosteo-etudiants-osteopathes\/","og_locale":"fr_FR","og_type":"article","og_title":"N\u00e9pal - Bamboosteo (\u00e9tudiants ost\u00e9opathes)","og_description":"Ambre, Marie, Maureen, Maellis et Ugo, une \u00e9quipe de 5 \u00e9tudiants ost\u00e9opathes, accompagn\u00e9s de Vincent leur tuteur, se sont engag\u00e9s au N\u00e9pal. Leur objectif \u00e9tait d\u2019aider les habitants dans leur quotidien hors norme et de d\u00e9couvrir un environnement et une culture ! Pour d\u00e9couvrir leur carnet de bord humanitaire, cliquez ici ! Pour plus d\u2019informations, [&hellip;]","og_url":"https:\/\/www.globalong.com\/blog\/avis-temoignages-globalong\/nepal-bamboosteo-etudiants-osteopathes\/","og_site_name":"Association Globalong","article_publisher":"https:\/\/www.facebook.com\/globalong","article_modified_time":"2024-03-08T08:36:33+00:00","og_image":[{"width":843,"height":1024,"url":"https:\/\/www.globalong.com\/blog\/wp-content\/uploads\/2024\/03\/mission-humanitaire-au-nepal-osteo-3-843x1024.png","type":"image\/png"}],"twitter_card":"summary_large_image","schema":{"@context":"https:\/\/schema.org","@graph":[{"@type":"WebPage","@id":"https:\/\/www.globalong.com\/blog\/avis-temoignages-globalong\/nepal-bamboosteo-etudiants-osteopathes\/","url":"https:\/\/www.globalong.com\/blog\/avis-temoignages-globalong\/nepal-bamboosteo-etudiants-osteopathes\/","name":"N\u00e9pal - Bamboosteo (\u00e9tudiants ost\u00e9opathes) - Association Globalong","isPartOf":{"@id":"https:\/\/www.globalong.com\/blog\/#website"},"primaryImageOfPage":{"@id":"https:\/\/www.globalong.com\/blog\/avis-temoignages-globalong\/nepal-bamboosteo-etudiants-osteopathes\/#primaryimage"},"image":{"@id":"https:\/\/www.globalong.com\/blog\/avis-temoignages-globalong\/nepal-bamboosteo-etudiants-osteopathes\/#primaryimage"},"thumbnailUrl":"https:\/\/www.globalong.com\/blog\/wp-content\/uploads\/2024\/03\/mission-humanitaire-au-nepal-osteo-3.png","datePublished":"2024-03-06T08:42:51+00:00","dateModified":"2024-03-08T08:36:33+00:00","breadcrumb":{"@id":"https:\/\/www.globalong.com\/blog\/avis-temoignages-globalong\/nepal-bamboosteo-etudiants-osteopathes\/#breadcrumb"},"inLanguage":"fr-FR","potentialAction":[{"@type":"ReadAction","target":["https:\/\/www.globalong.com\/blog\/avis-temoignages-globalong\/nepal-bamboosteo-etudiants-osteopathes\/"]}]},{"@type":"ImageObject","inLanguage":"fr-FR","@id":"https:\/\/www.globalong.com\/blog\/avis-temoignages-globalong\/nepal-bamboosteo-etudiants-osteopathes\/#primaryimage","url":"https:\/\/www.globalong.com\/blog\/wp-content\/uploads\/2024\/03\/mission-humanitaire-au-nepal-osteo-3.png","contentUrl":"https:\/\/www.globalong.com\/blog\/wp-content\/uploads\/2024\/03\/mission-humanitaire-au-nepal-osteo-3.png","width":1074,"height":1304,"caption":"Cinq \u00e9tudiants ost\u00e9opathes en stage humanitaire au N\u00e9pal"},{"@type":"BreadcrumbList","@id":"https:\/\/www.globalong.com\/blog\/avis-temoignages-globalong\/nepal-bamboosteo-etudiants-osteopathes\/#breadcrumb","itemListElement":[{"@type":"ListItem","position":1,"name":"Accueil","item":"https:\/\/www.globalong.com\/blog\/"},{"@type":"ListItem","position":2,"name":"T\u00e9moignages et avis de volontaires Globalong","item":"https:\/\/www.globalong.com\/blog\/avis-temoignages-globalong\/"},{"@type":"ListItem","position":3,"name":"N\u00e9pal &#8211; Bamboosteo (\u00e9tudiants ost\u00e9opathes)"}]},{"@type":"WebSite","@id":"https:\/\/www.globalong.com\/blog\/#website","url":"https:\/\/www.globalong.com\/blog\/","name":"https:\/\/www.globalong.com\/","description":"Mission humanitaire, stage \u00e9tudiant et voyage linguistique","publisher":{"@id":"https:\/\/www.globalong.com\/blog\/#organization"},"potentialAction":[{"@type":"SearchAction","target":{"@type":"EntryPoint","urlTemplate":"https:\/\/www.globalong.com\/blog\/?s={search_term_string}"},"query-input":{"@type":"PropertyValueSpecification","valueRequired":true,"valueName":"search_term_string"}}],"inLanguage":"fr-FR"},{"@type":"Organization","@id":"https:\/\/www.globalong.com\/blog\/#organization","name":"Association Globalong","url":"https:\/\/www.globalong.com\/blog\/","logo":{"@type":"ImageObject","inLanguage":"fr-FR","@id":"https:\/\/www.globalong.com\/blog\/#\/schema\/logo\/image\/","url":"https:\/\/www.globalong.com\/blog\/wp-content\/uploads\/2014\/11\/cropped-cropped-Logo-et-Afrique-Globalong-petite-taille-2.jpg","contentUrl":"https:\/\/www.globalong.com\/blog\/wp-content\/uploads\/2014\/11\/cropped-cropped-Logo-et-Afrique-Globalong-petite-taille-2.jpg","width":512,"height":512,"caption":"Association Globalong"},"image":{"@id":"https:\/\/www.globalong.com\/blog\/#\/schema\/logo\/image\/"},"sameAs":["https:\/\/www.facebook.com\/globalong"]}]}},"_links":{"self":[{"href":"https:\/\/www.globalong.com\/blog\/wp-json\/wp\/v2\/pages\/16008"}],"collection":[{"href":"https:\/\/www.globalong.com\/blog\/wp-json\/wp\/v2\/pages"}],"about":[{"href":"https:\/\/www.globalong.com\/blog\/wp-json\/wp\/v2\/types\/page"}],"author":[{"embeddable":true,"href":"https:\/\/www.globalong.com\/blog\/wp-json\/wp\/v2\/users\/9"}],"replies":[{"embeddable":true,"href":"https:\/\/www.globalong.com\/blog\/wp-json\/wp\/v2\/comments?post=16008"}],"version-history":[{"count":6,"href":"https:\/\/www.globalong.com\/blog\/wp-json\/wp\/v2\/pages\/16008\/revisions"}],"predecessor-version":[{"id":16039,"href":"https:\/\/www.globalong.com\/blog\/wp-json\/wp\/v2\/pages\/16008\/revisions\/16039"}],"up":[{"embeddable":true,"href":"https:\/\/www.globalong.com\/blog\/wp-json\/wp\/v2\/pages\/883"}],"wp:featuredmedia":[{"embeddable":true,"href":"https:\/\/www.globalong.com\/blog\/wp-json\/wp\/v2\/media\/16016"}],"wp:attachment":[{"href":"https:\/\/www.globalong.com\/blog\/wp-json\/wp\/v2\/media?parent=16008"}],"curies":[{"name":"wp","href":"https:\/\/api.w.org\/{rel}","templated":true}]}}