{"id":16153,"date":"2024-04-19T10:39:03","date_gmt":"2024-04-19T08:39:03","guid":{"rendered":"https:\/\/www.globalong.com\/blog\/?page_id=16153"},"modified":"2025-03-06T17:56:52","modified_gmt":"2025-03-06T16:56:52","slug":"nos-constructions","status":"publish","type":"page","link":"https:\/\/www.globalong.com\/blog\/nos-constructions\/","title":{"rendered":"Nos constructions"},"content":{"rendered":"<p class=\"p1\" style=\"text-align: center;\"><strong><a href=\"https:\/\/www.globalong.com\/association-globalong.html\" target=\"_blank\" rel=\"noopener\">L\u2019association Globalong<\/a>\u00a0soutient des plus de 270 projets \u00e0 travers le monde en envoyant des b\u00e9n\u00e9voles humanitaires mais \u00e9galement en\u00a0<\/strong><strong>apportant un soutien financier aux ONG locales.<\/strong><\/p>\n<p class=\"p1\" style=\"text-align: justify;\"><strong>Gr\u00e2ce \u00e0 l\u2019envoi de ces fonds, l\u2019association Globalong permet \u00e0 ces ONG locales de pouvoir financer des projets annexes, dans le but d\u2019am\u00e9liorer les conditions de vie des populations d\u00e9favoris\u00e9es \u00e0 qui elles apportent d\u00e9j\u00e0 un soutien par le biais des projets existants.<\/strong><\/p>\n<p class=\"p1\" style=\"text-align: justify;\"><strong>Ces projets annexes concernent principalement des projets de construction, de <a href=\"https:\/\/www.globalong.com\/blog\/mission-humanitaire-en-construction\/\" target=\"_blank\" rel=\"noopener\">r\u00e9novation<\/a> ou encore d\u2019am\u00e9lioration des infrastructures ! D\u00e9couvrez-les ci-dessous !<\/strong><\/p>\n<table style=\"width: 100%; border-collapse: collapse;\" cellpadding=\"20\">\n<tbody>\n<tr>\n<td style=\"width: 50%;\"><strong><a href=\"https:\/\/www.globalong.com\/blog\/nos-actions-construction-dune-cantine-scolaire-a-madagascar\/\" target=\"_blank\" rel=\"noopener\"><img loading=\"lazy\" decoding=\"async\" class=\"size-full wp-image-16154 alignleft\" src=\"https:\/\/www.globalong.com\/blog\/wp-content\/uploads\/2024\/04\/construction-dune-catine-a-Madagascar.png\" alt=\"\" width=\"740\" height=\"734\" srcset=\"https:\/\/www.globalong.com\/blog\/wp-content\/uploads\/2024\/04\/construction-dune-catine-a-Madagascar.png 740w, https:\/\/www.globalong.com\/blog\/wp-content\/uploads\/2024\/04\/construction-dune-catine-a-Madagascar-300x298.png 300w, https:\/\/www.globalong.com\/blog\/wp-content\/uploads\/2024\/04\/construction-dune-catine-a-Madagascar-150x150.png 150w\" sizes=\"(max-width: 740px) 100vw, 740px\" \/><\/a><\/strong><\/td>\n<td style=\"width: 6.28769%;\">\n<p class=\"p1\" style=\"text-align: justify;\"><strong>\u00a0<\/strong><\/p>\n<\/td>\n<td style=\"width: 43.7123%;\">\n<p class=\"p1\" style=\"text-align: justify;\"><strong>Le centre social de l\u2019ONG a r\u00e9cemment fait face \u00e0 un litige foncier qui a conduit \u00e0 la d\u00e9molition de sa cantine scolaire. Les enfants b\u00e9n\u00e9ficiaires de la cantine scolaire \u00e9taient donc priv\u00e9s de ce service. Pour r\u00e9pondre \u00e0 ce besoin crucial, il \u00e9tait n\u00e9cessaire de proposer un projet de construction d\u2019une nouvelle cuisine pour la cantine du centre social. Aujourd&rsquo;hui, l&rsquo;objectif est atteint !<\/strong><\/p>\n<p><strong>Pour en savoir plus, <a href=\"https:\/\/www.globalong.com\/blog\/nos-actions-construction-dune-cantine-scolaire-a-madagascar\/\" target=\"_blank\" rel=\"noopener\">cliquez ici<\/a> !\u00a0<\/strong><\/td>\n<\/tr>\n<tr>\n<td style=\"width: 50%; text-align: justify;\"><strong>Ferm\u00e9 depuis 2017 pour manque de personnel soignant, la Direction Pr\u00e9fectorale de la Sant\u00e9 du Togo a \u00e9tabli que la condition pr\u00e9alable \u00e0 l\u2019affectation d\u2019un agent de l\u2019\u00c9tat est la r\u00e9habilitation des b\u00e2timents. C\u2019est donc gr\u00e2ce \u00e0 l\u2019action de nos adh\u00e9rents et de Sophie en particulier que ce projet a pu voir le jour !<\/strong><\/p>\n<p><strong>Pour en savoir plus, <a href=\"https:\/\/www.globalong.com\/blog\/nos-adherentes-levent-des-fonds-pour-la-renovation-dun-dispensaire-au-togo\/\" target=\"_blank\" rel=\"noopener\">cliquez ici<\/a> !\u00a0<\/strong><\/td>\n<td style=\"width: 6.28769%;\"><strong>\u00a0<\/strong><\/td>\n<td style=\"width: 43.7123%;\"><strong><a href=\"https:\/\/www.globalong.com\/blog\/nos-adherentes-levent-des-fonds-pour-la-renovation-dun-dispensaire-au-togo\/\" target=\"_blank\" rel=\"noopener\"><img loading=\"lazy\" decoding=\"async\" class=\"alignnone size-full wp-image-16155\" src=\"https:\/\/www.globalong.com\/blog\/wp-content\/uploads\/2024\/04\/Construction-dun-poste-de-sante-au-Togo.png\" alt=\"\" width=\"740\" height=\"732\" srcset=\"https:\/\/www.globalong.com\/blog\/wp-content\/uploads\/2024\/04\/Construction-dun-poste-de-sante-au-Togo.png 740w, https:\/\/www.globalong.com\/blog\/wp-content\/uploads\/2024\/04\/Construction-dun-poste-de-sante-au-Togo-300x297.png 300w\" sizes=\"(max-width: 740px) 100vw, 740px\" \/><\/a><\/strong><\/td>\n<\/tr>\n<tr>\n<td style=\"width: 50%;\"><strong><a href=\"https:\/\/www.globalong.com\/blog\/projet-sibra-projet-de-creation-dun-systeme-dalimentation-en-eau-au-nepal\/\" target=\"_blank\" rel=\"noopener\"><img loading=\"lazy\" decoding=\"async\" class=\"alignnone size-full wp-image-16157\" src=\"https:\/\/www.globalong.com\/blog\/wp-content\/uploads\/2024\/04\/construction-de-reservoirs-deau-au-nepal.png\" alt=\"\" width=\"758\" height=\"758\" srcset=\"https:\/\/www.globalong.com\/blog\/wp-content\/uploads\/2024\/04\/construction-de-reservoirs-deau-au-nepal.png 758w, https:\/\/www.globalong.com\/blog\/wp-content\/uploads\/2024\/04\/construction-de-reservoirs-deau-au-nepal-300x300.png 300w, https:\/\/www.globalong.com\/blog\/wp-content\/uploads\/2024\/04\/construction-de-reservoirs-deau-au-nepal-150x150.png 150w\" sizes=\"(max-width: 758px) 100vw, 758px\" \/><\/a><\/strong><\/td>\n<td style=\"width: 6.28769%;\"><strong>\u00a0<\/strong><\/td>\n<td style=\"width: 43.7123%;\"><strong>Dans la\u00a0r\u00e9gion d\u2019Okhaldhunga, au N\u00e9pal, c\u2019est plus de\u00a01800 familles qui n\u2019ont pas la chance d\u2019avoir un acc\u00e8s \u00e0 l\u2019eau. Gr\u00e2ce \u00e0 ce projet et surtout gr\u00e2ce \u00e0 notre adh\u00e9rent Ridjaly, les water tanks ont \u00e9t\u00e9 install\u00e9s pour permettre aux diff\u00e9rents foyers d\u2019\u00eatre autonome.\u00a0<\/strong><\/p>\n<p><strong>Pour en savoir plus, <a href=\"https:\/\/www.globalong.com\/blog\/projet-sibra-projet-de-creation-dun-systeme-dalimentation-en-eau-au-nepal\/\" target=\"_blank\" rel=\"noopener\">cliquez ici<\/a> !<\/strong><\/td>\n<\/tr>\n<tr>\n<td style=\"width: 50%;\"><strong>Un orphelinat de la r\u00e9gion d&rsquo;Arusha en Tanzanie, n&rsquo;avait pas acc\u00e8s \u00e0 l&rsquo;eau courante. La construction de ce ch\u00e2teau d&rsquo;eau d&rsquo;une capacit\u00e9 de 20 000 litres a permis d&rsquo;am\u00e9liorer le quotidien et les conditions de vie des orphelins !\u00a0<\/strong><\/td>\n<td style=\"width: 6.28769%;\"><\/td>\n<td style=\"width: 43.7123%;\"><a href=\"https:\/\/www.globalong.com\/blog\/wp-content\/uploads\/2024\/04\/construction-dun-chateau-deau-en-tanzanie.png\"><img loading=\"lazy\" decoding=\"async\" class=\"alignnone size-full wp-image-16158\" src=\"https:\/\/www.globalong.com\/blog\/wp-content\/uploads\/2024\/04\/construction-dun-chateau-deau-en-tanzanie.png\" alt=\"\" width=\"758\" height=\"758\" srcset=\"https:\/\/www.globalong.com\/blog\/wp-content\/uploads\/2024\/04\/construction-dun-chateau-deau-en-tanzanie.png 758w, https:\/\/www.globalong.com\/blog\/wp-content\/uploads\/2024\/04\/construction-dun-chateau-deau-en-tanzanie-300x300.png 300w, https:\/\/www.globalong.com\/blog\/wp-content\/uploads\/2024\/04\/construction-dun-chateau-deau-en-tanzanie-150x150.png 150w\" sizes=\"(max-width: 758px) 100vw, 758px\" \/><\/a><\/td>\n<\/tr>\n<tr>\n<td style=\"width: 50%;\"><\/td>\n<td style=\"width: 6.28769%;\"><\/td>\n<td style=\"width: 43.7123%;\"><\/td>\n<\/tr>\n<\/tbody>\n<\/table>\n<div id=\"aircall-extension-app\"><\/div>\n<div id=\"aircall-extension-app\"><\/div>\n<div id=\"aircall-extension-app\"><\/div>\n<div id=\"aircall-extension-app\"><\/div>\n<div id=\"aircall-extension-app\"><\/div>\n","protected":false},"excerpt":{"rendered":"<p>L\u2019association Globalong\u00a0soutient des plus de 270 projets \u00e0 travers le monde en envoyant des b\u00e9n\u00e9voles humanitaires mais \u00e9galement en\u00a0apportant un soutien financier aux ONG locales. Gr\u00e2ce \u00e0 l\u2019envoi de ces fonds, l\u2019association Globalong permet \u00e0 ces ONG locales de pouvoir financer des projets annexes, dans le but d\u2019am\u00e9liorer les conditions de vie des populations d\u00e9favoris\u00e9es [&hellip;]<\/p>\n","protected":false},"author":9,"featured_media":16160,"parent":0,"menu_order":0,"comment_status":"closed","ping_status":"closed","template":"","meta":{"footnotes":""},"yoast_head":"<!-- This site is optimized with the Yoast SEO Premium plugin v23.4 (Yoast SEO v23.4) - https:\/\/yoast.com\/wordpress\/plugins\/seo\/ -->\n<title>Nos constructions - Association Globalong<\/title>\n<meta name=\"robots\" content=\"index, follow, max-snippet:-1, max-image-preview:large, max-video-preview:-1\" \/>\n<link rel=\"canonical\" href=\"https:\/\/www.globalong.com\/blog\/nos-constructions\/\" \/>\n<meta property=\"og:locale\" content=\"fr_FR\" \/>\n<meta property=\"og:type\" content=\"article\" \/>\n<meta property=\"og:title\" content=\"Nos constructions\" \/>\n<meta property=\"og:description\" content=\"L\u2019association Globalong\u00a0soutient des plus de 270 projets \u00e0 travers le monde en envoyant des b\u00e9n\u00e9voles humanitaires mais \u00e9galement en\u00a0apportant un soutien financier aux ONG locales. Gr\u00e2ce \u00e0 l\u2019envoi de ces fonds, l\u2019association Globalong permet \u00e0 ces ONG locales de pouvoir financer des projets annexes, dans le but d\u2019am\u00e9liorer les conditions de vie des populations d\u00e9favoris\u00e9es [&hellip;]\" \/>\n<meta property=\"og:url\" content=\"https:\/\/www.globalong.com\/blog\/nos-constructions\/\" \/>\n<meta property=\"og:site_name\" content=\"Association Globalong\" \/>\n<meta property=\"article:publisher\" content=\"https:\/\/www.facebook.com\/globalong\" \/>\n<meta property=\"article:modified_time\" content=\"2025-03-06T16:56:52+00:00\" \/>\n<meta property=\"og:image\" content=\"https:\/\/www.globalong.com\/blog\/wp-content\/uploads\/2024\/04\/association-humanitaire.jpeg\" \/>\n\t<meta property=\"og:image:width\" content=\"1280\" \/>\n\t<meta property=\"og:image:height\" content=\"958\" \/>\n\t<meta property=\"og:image:type\" content=\"image\/jpeg\" \/>\n<meta name=\"twitter:card\" content=\"summary_large_image\" \/>\n<meta name=\"twitter:label1\" content=\"Dur\u00e9e de lecture estim\u00e9e\" \/>\n\t<meta name=\"twitter:data1\" content=\"3 minutes\" \/>\n<script type=\"application\/ld+json\" class=\"yoast-schema-graph\">{\"@context\":\"https:\/\/schema.org\",\"@graph\":[{\"@type\":\"WebPage\",\"@id\":\"https:\/\/www.globalong.com\/blog\/nos-constructions\/\",\"url\":\"https:\/\/www.globalong.com\/blog\/nos-constructions\/\",\"name\":\"Nos constructions - Association Globalong\",\"isPartOf\":{\"@id\":\"https:\/\/www.globalong.com\/blog\/#website\"},\"primaryImageOfPage\":{\"@id\":\"https:\/\/www.globalong.com\/blog\/nos-constructions\/#primaryimage\"},\"image\":{\"@id\":\"https:\/\/www.globalong.com\/blog\/nos-constructions\/#primaryimage\"},\"thumbnailUrl\":\"https:\/\/www.globalong.com\/blog\/wp-content\/uploads\/2024\/04\/association-humanitaire.jpeg\",\"datePublished\":\"2024-04-19T08:39:03+00:00\",\"dateModified\":\"2025-03-06T16:56:52+00:00\",\"breadcrumb\":{\"@id\":\"https:\/\/www.globalong.com\/blog\/nos-constructions\/#breadcrumb\"},\"inLanguage\":\"fr-FR\",\"potentialAction\":[{\"@type\":\"ReadAction\",\"target\":[\"https:\/\/www.globalong.com\/blog\/nos-constructions\/\"]}]},{\"@type\":\"ImageObject\",\"inLanguage\":\"fr-FR\",\"@id\":\"https:\/\/www.globalong.com\/blog\/nos-constructions\/#primaryimage\",\"url\":\"https:\/\/www.globalong.com\/blog\/wp-content\/uploads\/2024\/04\/association-humanitaire.jpeg\",\"contentUrl\":\"https:\/\/www.globalong.com\/blog\/wp-content\/uploads\/2024\/04\/association-humanitaire.jpeg\",\"width\":1280,\"height\":958,\"caption\":\"Mission humanitaire \u00e0 l'\u00e9tranger\"},{\"@type\":\"BreadcrumbList\",\"@id\":\"https:\/\/www.globalong.com\/blog\/nos-constructions\/#breadcrumb\",\"itemListElement\":[{\"@type\":\"ListItem\",\"position\":1,\"name\":\"Accueil\",\"item\":\"https:\/\/www.globalong.com\/blog\/\"},{\"@type\":\"ListItem\",\"position\":2,\"name\":\"Nos constructions\"}]},{\"@type\":\"WebSite\",\"@id\":\"https:\/\/www.globalong.com\/blog\/#website\",\"url\":\"https:\/\/www.globalong.com\/blog\/\",\"name\":\"https:\/\/www.globalong.com\/\",\"description\":\"Mission humanitaire, stage \u00e9tudiant et voyage linguistique\",\"publisher\":{\"@id\":\"https:\/\/www.globalong.com\/blog\/#organization\"},\"potentialAction\":[{\"@type\":\"SearchAction\",\"target\":{\"@type\":\"EntryPoint\",\"urlTemplate\":\"https:\/\/www.globalong.com\/blog\/?s={search_term_string}\"},\"query-input\":{\"@type\":\"PropertyValueSpecification\",\"valueRequired\":true,\"valueName\":\"search_term_string\"}}],\"inLanguage\":\"fr-FR\"},{\"@type\":\"Organization\",\"@id\":\"https:\/\/www.globalong.com\/blog\/#organization\",\"name\":\"Association Globalong\",\"url\":\"https:\/\/www.globalong.com\/blog\/\",\"logo\":{\"@type\":\"ImageObject\",\"inLanguage\":\"fr-FR\",\"@id\":\"https:\/\/www.globalong.com\/blog\/#\/schema\/logo\/image\/\",\"url\":\"https:\/\/www.globalong.com\/blog\/wp-content\/uploads\/2014\/11\/cropped-cropped-Logo-et-Afrique-Globalong-petite-taille-2.jpg\",\"contentUrl\":\"https:\/\/www.globalong.com\/blog\/wp-content\/uploads\/2014\/11\/cropped-cropped-Logo-et-Afrique-Globalong-petite-taille-2.jpg\",\"width\":512,\"height\":512,\"caption\":\"Association Globalong\"},\"image\":{\"@id\":\"https:\/\/www.globalong.com\/blog\/#\/schema\/logo\/image\/\"},\"sameAs\":[\"https:\/\/www.facebook.com\/globalong\"]}]}<\/script>\n<!-- \/ Yoast SEO Premium plugin. -->","yoast_head_json":{"title":"Nos constructions - Association Globalong","robots":{"index":"index","follow":"follow","max-snippet":"max-snippet:-1","max-image-preview":"max-image-preview:large","max-video-preview":"max-video-preview:-1"},"canonical":"https:\/\/www.globalong.com\/blog\/nos-constructions\/","og_locale":"fr_FR","og_type":"article","og_title":"Nos constructions","og_description":"L\u2019association Globalong\u00a0soutient des plus de 270 projets \u00e0 travers le monde en envoyant des b\u00e9n\u00e9voles humanitaires mais \u00e9galement en\u00a0apportant un soutien financier aux ONG locales. Gr\u00e2ce \u00e0 l\u2019envoi de ces fonds, l\u2019association Globalong permet \u00e0 ces ONG locales de pouvoir financer des projets annexes, dans le but d\u2019am\u00e9liorer les conditions de vie des populations d\u00e9favoris\u00e9es [&hellip;]","og_url":"https:\/\/www.globalong.com\/blog\/nos-constructions\/","og_site_name":"Association Globalong","article_publisher":"https:\/\/www.facebook.com\/globalong","article_modified_time":"2025-03-06T16:56:52+00:00","og_image":[{"width":1280,"height":958,"url":"https:\/\/www.globalong.com\/blog\/wp-content\/uploads\/2024\/04\/association-humanitaire.jpeg","type":"image\/jpeg"}],"twitter_card":"summary_large_image","twitter_misc":{"Dur\u00e9e de lecture estim\u00e9e":"3 minutes"},"schema":{"@context":"https:\/\/schema.org","@graph":[{"@type":"WebPage","@id":"https:\/\/www.globalong.com\/blog\/nos-constructions\/","url":"https:\/\/www.globalong.com\/blog\/nos-constructions\/","name":"Nos constructions - Association Globalong","isPartOf":{"@id":"https:\/\/www.globalong.com\/blog\/#website"},"primaryImageOfPage":{"@id":"https:\/\/www.globalong.com\/blog\/nos-constructions\/#primaryimage"},"image":{"@id":"https:\/\/www.globalong.com\/blog\/nos-constructions\/#primaryimage"},"thumbnailUrl":"https:\/\/www.globalong.com\/blog\/wp-content\/uploads\/2024\/04\/association-humanitaire.jpeg","datePublished":"2024-04-19T08:39:03+00:00","dateModified":"2025-03-06T16:56:52+00:00","breadcrumb":{"@id":"https:\/\/www.globalong.com\/blog\/nos-constructions\/#breadcrumb"},"inLanguage":"fr-FR","potentialAction":[{"@type":"ReadAction","target":["https:\/\/www.globalong.com\/blog\/nos-constructions\/"]}]},{"@type":"ImageObject","inLanguage":"fr-FR","@id":"https:\/\/www.globalong.com\/blog\/nos-constructions\/#primaryimage","url":"https:\/\/www.globalong.com\/blog\/wp-content\/uploads\/2024\/04\/association-humanitaire.jpeg","contentUrl":"https:\/\/www.globalong.com\/blog\/wp-content\/uploads\/2024\/04\/association-humanitaire.jpeg","width":1280,"height":958,"caption":"Mission humanitaire \u00e0 l'\u00e9tranger"},{"@type":"BreadcrumbList","@id":"https:\/\/www.globalong.com\/blog\/nos-constructions\/#breadcrumb","itemListElement":[{"@type":"ListItem","position":1,"name":"Accueil","item":"https:\/\/www.globalong.com\/blog\/"},{"@type":"ListItem","position":2,"name":"Nos constructions"}]},{"@type":"WebSite","@id":"https:\/\/www.globalong.com\/blog\/#website","url":"https:\/\/www.globalong.com\/blog\/","name":"https:\/\/www.globalong.com\/","description":"Mission humanitaire, stage \u00e9tudiant et voyage linguistique","publisher":{"@id":"https:\/\/www.globalong.com\/blog\/#organization"},"potentialAction":[{"@type":"SearchAction","target":{"@type":"EntryPoint","urlTemplate":"https:\/\/www.globalong.com\/blog\/?s={search_term_string}"},"query-input":{"@type":"PropertyValueSpecification","valueRequired":true,"valueName":"search_term_string"}}],"inLanguage":"fr-FR"},{"@type":"Organization","@id":"https:\/\/www.globalong.com\/blog\/#organization","name":"Association Globalong","url":"https:\/\/www.globalong.com\/blog\/","logo":{"@type":"ImageObject","inLanguage":"fr-FR","@id":"https:\/\/www.globalong.com\/blog\/#\/schema\/logo\/image\/","url":"https:\/\/www.globalong.com\/blog\/wp-content\/uploads\/2014\/11\/cropped-cropped-Logo-et-Afrique-Globalong-petite-taille-2.jpg","contentUrl":"https:\/\/www.globalong.com\/blog\/wp-content\/uploads\/2014\/11\/cropped-cropped-Logo-et-Afrique-Globalong-petite-taille-2.jpg","width":512,"height":512,"caption":"Association Globalong"},"image":{"@id":"https:\/\/www.globalong.com\/blog\/#\/schema\/logo\/image\/"},"sameAs":["https:\/\/www.facebook.com\/globalong"]}]}},"_links":{"self":[{"href":"https:\/\/www.globalong.com\/blog\/wp-json\/wp\/v2\/pages\/16153"}],"collection":[{"href":"https:\/\/www.globalong.com\/blog\/wp-json\/wp\/v2\/pages"}],"about":[{"href":"https:\/\/www.globalong.com\/blog\/wp-json\/wp\/v2\/types\/page"}],"author":[{"embeddable":true,"href":"https:\/\/www.globalong.com\/blog\/wp-json\/wp\/v2\/users\/9"}],"replies":[{"embeddable":true,"href":"https:\/\/www.globalong.com\/blog\/wp-json\/wp\/v2\/comments?post=16153"}],"version-history":[{"count":11,"href":"https:\/\/www.globalong.com\/blog\/wp-json\/wp\/v2\/pages\/16153\/revisions"}],"predecessor-version":[{"id":20848,"href":"https:\/\/www.globalong.com\/blog\/wp-json\/wp\/v2\/pages\/16153\/revisions\/20848"}],"wp:featuredmedia":[{"embeddable":true,"href":"https:\/\/www.globalong.com\/blog\/wp-json\/wp\/v2\/media\/16160"}],"wp:attachment":[{"href":"https:\/\/www.globalong.com\/blog\/wp-json\/wp\/v2\/media?parent=16153"}],"curies":[{"name":"wp","href":"https:\/\/api.w.org\/{rel}","templated":true}]}}