{"id":16156,"date":"2024-04-19T10:45:31","date_gmt":"2024-04-19T08:45:31","guid":{"rendered":"https:\/\/www.globalong.com\/blog\/?page_id=16156"},"modified":"2024-04-19T11:30:36","modified_gmt":"2024-04-19T09:30:36","slug":"nos-actions-sociales","status":"publish","type":"page","link":"https:\/\/www.globalong.com\/blog\/nos-actions-sociales\/","title":{"rendered":"Nos actions sociales"},"content":{"rendered":"<p class=\"p1\" style=\"text-align: center;\"><strong><a href=\"https:\/\/www.globalong.com\/association-globalong.html\" target=\"_blank\" rel=\"noopener\">L\u2019association Globalong<\/a>\u00a0soutient des plus de 270 projets \u00e0 travers le monde en envoyant des b\u00e9n\u00e9voles humanitaires mais \u00e9galement en\u00a0<\/strong><strong>apportant un soutien financier aux ONG locales.<\/strong><\/p>\n<p class=\"p1\" style=\"text-align: justify;\"><strong>Gr\u00e2ce \u00e0 l\u2019envoi de ces fonds, l\u2019association Globalong permet \u00e0 ces ONG locales de pouvoir financer des projets annexes, dans le but d\u2019am\u00e9liorer les conditions de vie des populations d\u00e9favoris\u00e9es \u00e0 qui elles apportent d\u00e9j\u00e0 un soutien par le biais des projets existants.<\/strong><\/p>\n<p class=\"p1\" style=\"text-align: justify;\"><strong>Ces projets annexes concernent principalement des lev\u00e9es de fonds, le financement de certaines structures et le sponsoring d&rsquo;\u00e9v\u00e8nements particuliers ! D\u00e9couvrez-les ci-dessous !<\/strong><\/p>\n<table style=\"border-collapse: collapse; width: 100%;\">\n<tbody>\n<tr style=\"text-align: justify;\">\n<td style=\"width: 50%;\"><strong><a href=\"https:\/\/www.globalong.com\/blog\/wp-content\/uploads\/2024\/04\/financement-dune-ecole-au-sri-lanka.png\" target=\"_blank\" rel=\"noopener\"><img loading=\"lazy\" decoding=\"async\" class=\"alignnone size-full wp-image-16168\" src=\"https:\/\/www.globalong.com\/blog\/wp-content\/uploads\/2024\/04\/financement-dune-ecole-au-sri-lanka.png\" alt=\"\" width=\"758\" height=\"758\" srcset=\"https:\/\/www.globalong.com\/blog\/wp-content\/uploads\/2024\/04\/financement-dune-ecole-au-sri-lanka.png 758w, https:\/\/www.globalong.com\/blog\/wp-content\/uploads\/2024\/04\/financement-dune-ecole-au-sri-lanka-300x300.png 300w, https:\/\/www.globalong.com\/blog\/wp-content\/uploads\/2024\/04\/financement-dune-ecole-au-sri-lanka-150x150.png 150w\" sizes=\"(max-width: 758px) 100vw, 758px\" \/><\/a><\/strong><\/td>\n<td style=\"width: 4.93109%;\"><\/td>\n<td style=\"width: 45.0689%;\">\n<p style=\"text-align: justify;\"><strong>Cette \u00e9cole au Sri Lanka a d\u00fb fermer ses portes, mettant ainsi en p\u00e9ril l\u2019avenir de 100 enfants. C&rsquo;est pourquoi notre association s&rsquo;est engag\u00e9e \u00e0 financer la r\u00e9ouverture de cette \u00e9cole. Au-del\u00e0 de s\u00e9curiser l\u2019acc\u00e8s \u00e0 l\u2019\u00e9ducation pour ces enfants, le soutien financier permet \u00e9galement \u00e0 neuf professeurs et personnels locaux de conserver leur emploi et \u00e0 couvrir les frais de fonctionnement de l&rsquo;\u00e9cole.<\/strong><\/p>\n<p style=\"text-align: justify;\"><strong>Pour en savoir plus, <a href=\"https:\/\/www.globalong.com\/blog\/les-actions-de-globalong-le-financement-dune-ecole-au-sri-lanka\/\" target=\"_blank\" rel=\"noopener\">cliquez ici<\/a> !<\/strong><\/p>\n<\/td>\n<\/tr>\n<tr>\n<td style=\"width: 50%;\">\n<p style=\"text-align: justify;\"><strong>Cet \u00e9v\u00e8nement est organis\u00e9 par l\u2019association \u00ab\u00a0<a href=\"https:\/\/nadziejanamundial.pl\/en\/\" target=\"_blank\" rel=\"noopener\">Hope for Mundial<\/a> \u00bb qui a \u00e9t\u00e9 cr\u00e9\u00e9e pour aider les enfants des foyers \u00e0 r\u00e9aliser leurs projets et leurs r\u00eaves. La comp\u00e9tition a \u00e9t\u00e9 difficile, du haut de leur \u00e2ge (tous moins de 13 ans) ils ont d\u00fb affronter certaines \u00e9quipes de jeunes de 15-17 ans, mais ils ont r\u00e9ussi \u00e0 marquer des buts et remportent m\u00eame deux troph\u00e9es !<\/strong><\/p>\n<p style=\"text-align: justify;\"><strong>Pour en savoir plus, <a href=\"https:\/\/www.globalong.com\/blog\/la-coupe-du-monde-de-football-des-orphelins-2023\/\" target=\"_blank\" rel=\"noopener\">cliquez ici<\/a> !<\/strong><\/p>\n<\/td>\n<td style=\"width: 4.93109%;\"><\/td>\n<td style=\"width: 45.0689%;\"><a href=\"https:\/\/www.globalong.com\/blog\/la-coupe-du-monde-de-football-des-orphelins-2023\/\" target=\"_blank\" rel=\"noopener\"><img loading=\"lazy\" decoding=\"async\" class=\"alignnone size-full wp-image-16166\" src=\"https:\/\/www.globalong.com\/blog\/wp-content\/uploads\/2024\/04\/sponsor-de-madagascar-pour-la-coupe-du-monde-des-orphelins.png\" alt=\"\" width=\"758\" height=\"758\" srcset=\"https:\/\/www.globalong.com\/blog\/wp-content\/uploads\/2024\/04\/sponsor-de-madagascar-pour-la-coupe-du-monde-des-orphelins.png 758w, https:\/\/www.globalong.com\/blog\/wp-content\/uploads\/2024\/04\/sponsor-de-madagascar-pour-la-coupe-du-monde-des-orphelins-300x300.png 300w, https:\/\/www.globalong.com\/blog\/wp-content\/uploads\/2024\/04\/sponsor-de-madagascar-pour-la-coupe-du-monde-des-orphelins-150x150.png 150w\" sizes=\"(max-width: 758px) 100vw, 758px\" \/><\/a><\/td>\n<\/tr>\n<tr>\n<td style=\"width: 50%;\"><a href=\"https:\/\/www.globalong.com\/blog\/globalong-remercie-lecole-font-martin-et-la-ville-de-perols-pour-leur-don-de-livres-et-de-manuels-scolaires\/\" target=\"_blank\" rel=\"noopener\"><img loading=\"lazy\" decoding=\"async\" class=\"alignnone size-full wp-image-16169\" src=\"https:\/\/www.globalong.com\/blog\/wp-content\/uploads\/2024\/04\/recolte-de-livres-pour-le-senegal.png\" alt=\"\" width=\"758\" height=\"758\" srcset=\"https:\/\/www.globalong.com\/blog\/wp-content\/uploads\/2024\/04\/recolte-de-livres-pour-le-senegal.png 758w, https:\/\/www.globalong.com\/blog\/wp-content\/uploads\/2024\/04\/recolte-de-livres-pour-le-senegal-300x300.png 300w, https:\/\/www.globalong.com\/blog\/wp-content\/uploads\/2024\/04\/recolte-de-livres-pour-le-senegal-150x150.png 150w\" sizes=\"(max-width: 758px) 100vw, 758px\" \/><\/a><\/td>\n<td style=\"width: 4.93109%;\"><\/td>\n<td style=\"width: 45.0689%;\">\n<p style=\"text-align: justify;\"><strong>Gr\u00e2ce \u00e0 <a href=\"https:\/\/www.education.gouv.fr\/annuaire\/34470\/perols\/ecole\/0340589f\/ecole-elementaire-font-martin.html\" target=\"_blank\" rel=\"noopener\">l\u2019\u00e9cole primaire Font Martin<\/a> et la <a href=\"https:\/\/www.ville-perols.fr\/\" target=\"_blank\" rel=\"noopener\">Ville de P\u00e9rols<\/a>, nous avons pu r\u00e9colter des manuels scolaires et des livres inutilis\u00e9s ! Ces manuels seront envoy\u00e9s au S\u00e9n\u00e9gal et aideront les professeurs locaux.<\/strong><\/p>\n<p style=\"text-align: justify;\"><strong>Pour en savoir plus, <a href=\"https:\/\/www.globalong.com\/blog\/globalong-remercie-lecole-font-martin-et-la-ville-de-perols-pour-leur-don-de-livres-et-de-manuels-scolaires\/\" target=\"_blank\" rel=\"noopener\">cliquez ici<\/a> !\u00a0<\/strong><\/p>\n<\/td>\n<\/tr>\n<tr>\n<td style=\"width: 50%;\">\n<p style=\"text-align: justify;\"><strong>Depuis 10 ans, notre association est sponsor du concours de dessin pour les enfants des bidonvilles de Bangalore, dans le sud de l&rsquo;Inde ! L&rsquo;objectif est de leur permettre de d\u00e9montrer leurs talents en leur donnant l&rsquo;opportunit\u00e9 de dessiner leurs r\u00eaves et de participer \u00e0 une comp\u00e9tition de dessin, ind\u00e9pendamment de leur origine, religion et caste.<\/strong><\/p>\n<p style=\"text-align: justify;\"><strong>Pour plus d&rsquo;informations, <a href=\"https:\/\/www.globalong.com\/blog\/article-de-presse-inde\/\" target=\"_blank\" rel=\"noopener\">cliquez ici<\/a> !<\/strong><\/p>\n<\/td>\n<td style=\"width: 4.93109%;\"><\/td>\n<td style=\"width: 45.0689%;\"><a href=\"https:\/\/www.globalong.com\/blog\/article-de-presse-inde\/\" target=\"_blank\" rel=\"noopener\"><img loading=\"lazy\" decoding=\"async\" class=\"alignnone size-full wp-image-16167\" src=\"https:\/\/www.globalong.com\/blog\/wp-content\/uploads\/2024\/04\/sponsor-du-concours-de-dessin-en-Inde.png\" alt=\"\" width=\"758\" height=\"758\" srcset=\"https:\/\/www.globalong.com\/blog\/wp-content\/uploads\/2024\/04\/sponsor-du-concours-de-dessin-en-Inde.png 758w, https:\/\/www.globalong.com\/blog\/wp-content\/uploads\/2024\/04\/sponsor-du-concours-de-dessin-en-Inde-300x300.png 300w, https:\/\/www.globalong.com\/blog\/wp-content\/uploads\/2024\/04\/sponsor-du-concours-de-dessin-en-Inde-150x150.png 150w\" sizes=\"(max-width: 758px) 100vw, 758px\" \/><\/a><\/td>\n<\/tr>\n<\/tbody>\n<\/table>\n<div id=\"aircall-extension-app\"><\/div>\n","protected":false},"excerpt":{"rendered":"<p>L\u2019association Globalong\u00a0soutient des plus de 270 projets \u00e0 travers le monde en envoyant des b\u00e9n\u00e9voles humanitaires mais \u00e9galement en\u00a0apportant un soutien financier aux ONG locales. Gr\u00e2ce \u00e0 l\u2019envoi de ces fonds, l\u2019association Globalong permet \u00e0 ces ONG locales de pouvoir financer des projets annexes, dans le but d\u2019am\u00e9liorer les conditions de vie des populations d\u00e9favoris\u00e9es [&hellip;]<\/p>\n","protected":false},"author":9,"featured_media":16180,"parent":0,"menu_order":0,"comment_status":"closed","ping_status":"closed","template":"","meta":{"footnotes":""},"yoast_head":"<!-- This site is optimized with the Yoast SEO Premium plugin v23.4 (Yoast SEO v23.4) - https:\/\/yoast.com\/wordpress\/plugins\/seo\/ -->\n<title>Nos actions sociales - Association Globalong<\/title>\n<meta name=\"robots\" content=\"index, follow, max-snippet:-1, max-image-preview:large, max-video-preview:-1\" \/>\n<link rel=\"canonical\" href=\"https:\/\/www.globalong.com\/blog\/nos-actions-sociales\/\" \/>\n<meta property=\"og:locale\" content=\"fr_FR\" \/>\n<meta property=\"og:type\" content=\"article\" \/>\n<meta property=\"og:title\" content=\"Nos actions sociales\" \/>\n<meta property=\"og:description\" content=\"L\u2019association Globalong\u00a0soutient des plus de 270 projets \u00e0 travers le monde en envoyant des b\u00e9n\u00e9voles humanitaires mais \u00e9galement en\u00a0apportant un soutien financier aux ONG locales. Gr\u00e2ce \u00e0 l\u2019envoi de ces fonds, l\u2019association Globalong permet \u00e0 ces ONG locales de pouvoir financer des projets annexes, dans le but d\u2019am\u00e9liorer les conditions de vie des populations d\u00e9favoris\u00e9es [&hellip;]\" \/>\n<meta property=\"og:url\" content=\"https:\/\/www.globalong.com\/blog\/nos-actions-sociales\/\" \/>\n<meta property=\"og:site_name\" content=\"Association Globalong\" \/>\n<meta property=\"article:publisher\" content=\"https:\/\/www.facebook.com\/globalong\" \/>\n<meta property=\"article:modified_time\" content=\"2024-04-19T09:30:36+00:00\" \/>\n<meta property=\"og:image\" content=\"https:\/\/www.globalong.com\/blog\/wp-content\/uploads\/2024\/04\/financement-dune-ecole-au-sri-lanka-ong.jpg\" \/>\n\t<meta property=\"og:image:width\" content=\"960\" \/>\n\t<meta property=\"og:image:height\" content=\"1280\" \/>\n\t<meta property=\"og:image:type\" content=\"image\/jpeg\" \/>\n<meta name=\"twitter:card\" content=\"summary_large_image\" \/>\n<meta name=\"twitter:label1\" content=\"Dur\u00e9e de lecture estim\u00e9e\" \/>\n\t<meta name=\"twitter:data1\" content=\"2 minutes\" \/>\n<script type=\"application\/ld+json\" class=\"yoast-schema-graph\">{\"@context\":\"https:\/\/schema.org\",\"@graph\":[{\"@type\":\"WebPage\",\"@id\":\"https:\/\/www.globalong.com\/blog\/nos-actions-sociales\/\",\"url\":\"https:\/\/www.globalong.com\/blog\/nos-actions-sociales\/\",\"name\":\"Nos actions sociales - Association Globalong\",\"isPartOf\":{\"@id\":\"https:\/\/www.globalong.com\/blog\/#website\"},\"primaryImageOfPage\":{\"@id\":\"https:\/\/www.globalong.com\/blog\/nos-actions-sociales\/#primaryimage\"},\"image\":{\"@id\":\"https:\/\/www.globalong.com\/blog\/nos-actions-sociales\/#primaryimage\"},\"thumbnailUrl\":\"https:\/\/www.globalong.com\/blog\/wp-content\/uploads\/2024\/04\/financement-dune-ecole-au-sri-lanka-ong.jpg\",\"datePublished\":\"2024-04-19T08:45:31+00:00\",\"dateModified\":\"2024-04-19T09:30:36+00:00\",\"breadcrumb\":{\"@id\":\"https:\/\/www.globalong.com\/blog\/nos-actions-sociales\/#breadcrumb\"},\"inLanguage\":\"fr-FR\",\"potentialAction\":[{\"@type\":\"ReadAction\",\"target\":[\"https:\/\/www.globalong.com\/blog\/nos-actions-sociales\/\"]}]},{\"@type\":\"ImageObject\",\"inLanguage\":\"fr-FR\",\"@id\":\"https:\/\/www.globalong.com\/blog\/nos-actions-sociales\/#primaryimage\",\"url\":\"https:\/\/www.globalong.com\/blog\/wp-content\/uploads\/2024\/04\/financement-dune-ecole-au-sri-lanka-ong.jpg\",\"contentUrl\":\"https:\/\/www.globalong.com\/blog\/wp-content\/uploads\/2024\/04\/financement-dune-ecole-au-sri-lanka-ong.jpg\",\"width\":960,\"height\":1280},{\"@type\":\"BreadcrumbList\",\"@id\":\"https:\/\/www.globalong.com\/blog\/nos-actions-sociales\/#breadcrumb\",\"itemListElement\":[{\"@type\":\"ListItem\",\"position\":1,\"name\":\"Accueil\",\"item\":\"https:\/\/www.globalong.com\/blog\/\"},{\"@type\":\"ListItem\",\"position\":2,\"name\":\"Nos actions sociales\"}]},{\"@type\":\"WebSite\",\"@id\":\"https:\/\/www.globalong.com\/blog\/#website\",\"url\":\"https:\/\/www.globalong.com\/blog\/\",\"name\":\"https:\/\/www.globalong.com\/\",\"description\":\"Mission humanitaire, stage \u00e9tudiant et voyage linguistique\",\"publisher\":{\"@id\":\"https:\/\/www.globalong.com\/blog\/#organization\"},\"potentialAction\":[{\"@type\":\"SearchAction\",\"target\":{\"@type\":\"EntryPoint\",\"urlTemplate\":\"https:\/\/www.globalong.com\/blog\/?s={search_term_string}\"},\"query-input\":{\"@type\":\"PropertyValueSpecification\",\"valueRequired\":true,\"valueName\":\"search_term_string\"}}],\"inLanguage\":\"fr-FR\"},{\"@type\":\"Organization\",\"@id\":\"https:\/\/www.globalong.com\/blog\/#organization\",\"name\":\"Association Globalong\",\"url\":\"https:\/\/www.globalong.com\/blog\/\",\"logo\":{\"@type\":\"ImageObject\",\"inLanguage\":\"fr-FR\",\"@id\":\"https:\/\/www.globalong.com\/blog\/#\/schema\/logo\/image\/\",\"url\":\"https:\/\/www.globalong.com\/blog\/wp-content\/uploads\/2014\/11\/cropped-cropped-Logo-et-Afrique-Globalong-petite-taille-2.jpg\",\"contentUrl\":\"https:\/\/www.globalong.com\/blog\/wp-content\/uploads\/2014\/11\/cropped-cropped-Logo-et-Afrique-Globalong-petite-taille-2.jpg\",\"width\":512,\"height\":512,\"caption\":\"Association Globalong\"},\"image\":{\"@id\":\"https:\/\/www.globalong.com\/blog\/#\/schema\/logo\/image\/\"},\"sameAs\":[\"https:\/\/www.facebook.com\/globalong\"]}]}<\/script>\n<!-- \/ Yoast SEO Premium plugin. -->","yoast_head_json":{"title":"Nos actions sociales - Association Globalong","robots":{"index":"index","follow":"follow","max-snippet":"max-snippet:-1","max-image-preview":"max-image-preview:large","max-video-preview":"max-video-preview:-1"},"canonical":"https:\/\/www.globalong.com\/blog\/nos-actions-sociales\/","og_locale":"fr_FR","og_type":"article","og_title":"Nos actions sociales","og_description":"L\u2019association Globalong\u00a0soutient des plus de 270 projets \u00e0 travers le monde en envoyant des b\u00e9n\u00e9voles humanitaires mais \u00e9galement en\u00a0apportant un soutien financier aux ONG locales. Gr\u00e2ce \u00e0 l\u2019envoi de ces fonds, l\u2019association Globalong permet \u00e0 ces ONG locales de pouvoir financer des projets annexes, dans le but d\u2019am\u00e9liorer les conditions de vie des populations d\u00e9favoris\u00e9es [&hellip;]","og_url":"https:\/\/www.globalong.com\/blog\/nos-actions-sociales\/","og_site_name":"Association Globalong","article_publisher":"https:\/\/www.facebook.com\/globalong","article_modified_time":"2024-04-19T09:30:36+00:00","og_image":[{"width":960,"height":1280,"url":"https:\/\/www.globalong.com\/blog\/wp-content\/uploads\/2024\/04\/financement-dune-ecole-au-sri-lanka-ong.jpg","type":"image\/jpeg"}],"twitter_card":"summary_large_image","twitter_misc":{"Dur\u00e9e de lecture estim\u00e9e":"2 minutes"},"schema":{"@context":"https:\/\/schema.org","@graph":[{"@type":"WebPage","@id":"https:\/\/www.globalong.com\/blog\/nos-actions-sociales\/","url":"https:\/\/www.globalong.com\/blog\/nos-actions-sociales\/","name":"Nos actions sociales - Association Globalong","isPartOf":{"@id":"https:\/\/www.globalong.com\/blog\/#website"},"primaryImageOfPage":{"@id":"https:\/\/www.globalong.com\/blog\/nos-actions-sociales\/#primaryimage"},"image":{"@id":"https:\/\/www.globalong.com\/blog\/nos-actions-sociales\/#primaryimage"},"thumbnailUrl":"https:\/\/www.globalong.com\/blog\/wp-content\/uploads\/2024\/04\/financement-dune-ecole-au-sri-lanka-ong.jpg","datePublished":"2024-04-19T08:45:31+00:00","dateModified":"2024-04-19T09:30:36+00:00","breadcrumb":{"@id":"https:\/\/www.globalong.com\/blog\/nos-actions-sociales\/#breadcrumb"},"inLanguage":"fr-FR","potentialAction":[{"@type":"ReadAction","target":["https:\/\/www.globalong.com\/blog\/nos-actions-sociales\/"]}]},{"@type":"ImageObject","inLanguage":"fr-FR","@id":"https:\/\/www.globalong.com\/blog\/nos-actions-sociales\/#primaryimage","url":"https:\/\/www.globalong.com\/blog\/wp-content\/uploads\/2024\/04\/financement-dune-ecole-au-sri-lanka-ong.jpg","contentUrl":"https:\/\/www.globalong.com\/blog\/wp-content\/uploads\/2024\/04\/financement-dune-ecole-au-sri-lanka-ong.jpg","width":960,"height":1280},{"@type":"BreadcrumbList","@id":"https:\/\/www.globalong.com\/blog\/nos-actions-sociales\/#breadcrumb","itemListElement":[{"@type":"ListItem","position":1,"name":"Accueil","item":"https:\/\/www.globalong.com\/blog\/"},{"@type":"ListItem","position":2,"name":"Nos actions sociales"}]},{"@type":"WebSite","@id":"https:\/\/www.globalong.com\/blog\/#website","url":"https:\/\/www.globalong.com\/blog\/","name":"https:\/\/www.globalong.com\/","description":"Mission humanitaire, stage \u00e9tudiant et voyage linguistique","publisher":{"@id":"https:\/\/www.globalong.com\/blog\/#organization"},"potentialAction":[{"@type":"SearchAction","target":{"@type":"EntryPoint","urlTemplate":"https:\/\/www.globalong.com\/blog\/?s={search_term_string}"},"query-input":{"@type":"PropertyValueSpecification","valueRequired":true,"valueName":"search_term_string"}}],"inLanguage":"fr-FR"},{"@type":"Organization","@id":"https:\/\/www.globalong.com\/blog\/#organization","name":"Association Globalong","url":"https:\/\/www.globalong.com\/blog\/","logo":{"@type":"ImageObject","inLanguage":"fr-FR","@id":"https:\/\/www.globalong.com\/blog\/#\/schema\/logo\/image\/","url":"https:\/\/www.globalong.com\/blog\/wp-content\/uploads\/2014\/11\/cropped-cropped-Logo-et-Afrique-Globalong-petite-taille-2.jpg","contentUrl":"https:\/\/www.globalong.com\/blog\/wp-content\/uploads\/2014\/11\/cropped-cropped-Logo-et-Afrique-Globalong-petite-taille-2.jpg","width":512,"height":512,"caption":"Association Globalong"},"image":{"@id":"https:\/\/www.globalong.com\/blog\/#\/schema\/logo\/image\/"},"sameAs":["https:\/\/www.facebook.com\/globalong"]}]}},"_links":{"self":[{"href":"https:\/\/www.globalong.com\/blog\/wp-json\/wp\/v2\/pages\/16156"}],"collection":[{"href":"https:\/\/www.globalong.com\/blog\/wp-json\/wp\/v2\/pages"}],"about":[{"href":"https:\/\/www.globalong.com\/blog\/wp-json\/wp\/v2\/types\/page"}],"author":[{"embeddable":true,"href":"https:\/\/www.globalong.com\/blog\/wp-json\/wp\/v2\/users\/9"}],"replies":[{"embeddable":true,"href":"https:\/\/www.globalong.com\/blog\/wp-json\/wp\/v2\/comments?post=16156"}],"version-history":[{"count":4,"href":"https:\/\/www.globalong.com\/blog\/wp-json\/wp\/v2\/pages\/16156\/revisions"}],"predecessor-version":[{"id":16181,"href":"https:\/\/www.globalong.com\/blog\/wp-json\/wp\/v2\/pages\/16156\/revisions\/16181"}],"wp:featuredmedia":[{"embeddable":true,"href":"https:\/\/www.globalong.com\/blog\/wp-json\/wp\/v2\/media\/16180"}],"wp:attachment":[{"href":"https:\/\/www.globalong.com\/blog\/wp-json\/wp\/v2\/media?parent=16156"}],"curies":[{"name":"wp","href":"https:\/\/api.w.org\/{rel}","templated":true}]}}