{"id":16500,"date":"2024-05-13T22:22:54","date_gmt":"2024-05-13T20:22:54","guid":{"rendered":"https:\/\/www.globalong.com\/blog\/?page_id=16500"},"modified":"2024-10-25T16:49:38","modified_gmt":"2024-10-25T14:49:38","slug":"senegal-dakar-angela","status":"publish","type":"page","link":"https:\/\/www.globalong.com\/blog\/avis-temoignages-globalong\/senegal-dakar-angela\/","title":{"rendered":"S\u00e9n\u00e9gal Dakar &#8211; Angela"},"content":{"rendered":"<p style=\"text-align: justify;\">Ang\u00e9la &#8211; <a href=\"https:\/\/www.globalong.com\/blog\/mission-humanitaire-au-senegal\/\" target=\"_blank\" rel=\"noopener\">mission humanitaire au S\u00e9n\u00e9gal<\/a>, orphelinat mars 2024<\/p>\n<p style=\"text-align: justify;\">Cette exp\u00e9rience m&rsquo;apporte tellement au niveau sentimental et dans les rapports humains. C&rsquo;est difficile \u00e0 expliquer. Il faut le vivre pour le comprendre.<\/p>\n<p><img loading=\"lazy\" decoding=\"async\" class=\"size-medium wp-image-16501 aligncenter\" src=\"https:\/\/www.globalong.com\/blog\/wp-content\/uploads\/2024\/05\/IMG_20240322_120101-225x300.jpg\" alt=\"\" width=\"225\" height=\"300\" srcset=\"https:\/\/www.globalong.com\/blog\/wp-content\/uploads\/2024\/05\/IMG_20240322_120101-225x300.jpg 225w, https:\/\/www.globalong.com\/blog\/wp-content\/uploads\/2024\/05\/IMG_20240322_120101-768x1024.jpg 768w, https:\/\/www.globalong.com\/blog\/wp-content\/uploads\/2024\/05\/IMG_20240322_120101-1152x1536.jpg 1152w, https:\/\/www.globalong.com\/blog\/wp-content\/uploads\/2024\/05\/IMG_20240322_120101-1536x2048.jpg 1536w, https:\/\/www.globalong.com\/blog\/wp-content\/uploads\/2024\/05\/IMG_20240322_120101-scaled.jpg 1920w\" sizes=\"(max-width: 225px) 100vw, 225px\" \/><\/p>\n<p style=\"text-align: justify;\">Il n&rsquo;y a pas eu besoin de planning. Je suis en immersion totale \u00e0 l&rsquo;orphelinat, c&rsquo;est-\u00e0-dire qu&rsquo;il y a toujours quelque chose \u00e0 faire. Le personnel a toujours besoin d&rsquo;aide, que ce soit avec les enfants ou dans les t\u00e2ches quotidiennes. Les journ\u00e9es ne se ressemblent pas, tous les jours sont diff\u00e9rents, et c&rsquo;est tr\u00e8s bien comme \u00e7a. Les activit\u00e9s comprennent : faire le linge, aider au m\u00e9nage, donner le biberon, pr\u00e9parer des pains, aller chercher le pain au village, conduire et aller rechercher les enfants \u00e0 l&rsquo;\u00e9cole, organiser toute sorte d&rsquo;activit\u00e9s avec les enfants, changer les b\u00e9b\u00e9s, jouer avec eux, aider \u00e0 l&rsquo;\u00e9cole maternelle qui se trouve dans l&rsquo;orphelinat, assister les professeurs \u00e0 l&rsquo;\u00e9cole publique, etc. Il y a toujours quelque chose \u00e0 faire, il faut juste \u00eatre ouvert et ne pas h\u00e9siter \u00e0 proposer son aide.<\/p>\n<p>&nbsp;<\/p>\n<p style=\"text-align: justify;\"><img loading=\"lazy\" decoding=\"async\" class=\"size-medium wp-image-16503 aligncenter\" src=\"https:\/\/www.globalong.com\/blog\/wp-content\/uploads\/2024\/05\/IMG-20240321-WA0014-225x300.jpg\" alt=\"\" width=\"225\" height=\"300\" srcset=\"https:\/\/www.globalong.com\/blog\/wp-content\/uploads\/2024\/05\/IMG-20240321-WA0014-225x300.jpg 225w, https:\/\/www.globalong.com\/blog\/wp-content\/uploads\/2024\/05\/IMG-20240321-WA0014-768x1024.jpg 768w, https:\/\/www.globalong.com\/blog\/wp-content\/uploads\/2024\/05\/IMG-20240321-WA0014-1152x1536.jpg 1152w, https:\/\/www.globalong.com\/blog\/wp-content\/uploads\/2024\/05\/IMG-20240321-WA0014.jpg 1200w\" sizes=\"(max-width: 225px) 100vw, 225px\" \/>Il n&rsquo;y a pas \u00e9norm\u00e9ment de fournitures \u00e0 disposition pour r\u00e9aliser des bricolages, c&rsquo;est un plus si les b\u00e9n\u00e9voles am\u00e8nent des feuilles, perles, feuilles cartonn\u00e9es, stickers, craies, etc.<\/p>\n<p>&nbsp;<\/p>\n<p style=\"text-align: justify;\">J&rsquo;ai fait de magnifiques rencontres, que ce soit avec les autres b\u00e9n\u00e9voles ou les locaux. Les enfants sont incroyables et nous apportent beaucoup d&rsquo;amour. Je sortirai de cette exp\u00e9rience grandie et chang\u00e9e. Pour l&rsquo;instant, je n&rsquo;ai pas envie de rentrer. Je n&rsquo;avais aucune attente particuli\u00e8re avant de partir, je voulais juste apporter mon aide. En quittant la Belgique, je ne cherchais rien et, contre toute attente, j&rsquo;ai trouv\u00e9 quelque chose d&rsquo;extraordinaire. Love S\u00e9n\u00e9gal &#x1f1f8;&#x1f1f3;&#x2764;&#xfe0f;<\/p>\n<p>&nbsp;<\/p>\n<p style=\"text-align: justify;\">**Quels sont vos conseils pour les prochains b\u00e9n\u00e9voles ?**<br \/>\n<img loading=\"lazy\" decoding=\"async\" class=\"size-medium wp-image-16504 aligncenter\" src=\"https:\/\/www.globalong.com\/blog\/wp-content\/uploads\/2024\/05\/IMG-20240328-WA0035-225x300.jpg\" alt=\"\" width=\"225\" height=\"300\" srcset=\"https:\/\/www.globalong.com\/blog\/wp-content\/uploads\/2024\/05\/IMG-20240328-WA0035-225x300.jpg 225w, https:\/\/www.globalong.com\/blog\/wp-content\/uploads\/2024\/05\/IMG-20240328-WA0035-768x1024.jpg 768w, https:\/\/www.globalong.com\/blog\/wp-content\/uploads\/2024\/05\/IMG-20240328-WA0035-1152x1536.jpg 1152w, https:\/\/www.globalong.com\/blog\/wp-content\/uploads\/2024\/05\/IMG-20240328-WA0035.jpg 1536w\" sizes=\"(max-width: 225px) 100vw, 225px\" \/>Soyez ouverts d&rsquo;esprit, acceptez que vous \u00eates \u00e9tranger et que c&rsquo;est \u00e0 vous de vous adapter et non l&rsquo;inverse. Soyez poli, respectueux et n&rsquo;h\u00e9sitez pas \u00e0 prendre les choses en main, \u00e0 participer aux t\u00e2ches quotidiennes m\u00eame si le personnel vous dit qu&rsquo;il n&rsquo;a pas besoin d&rsquo;aide.<\/p>\n<p style=\"text-align: justify;\">**Comment pensez-vous que votre exp\u00e9rience aura un impact sur votre quotidien au retour ?**<\/p>\n<p style=\"text-align: justify;\">Je verrai les choses d&rsquo;une toute autre mani\u00e8re. Je relativiserai beaucoup plus sur certaines situations. Je n&rsquo;ai pas envie de rentrer.<\/p>\n<div id=\"aircall-extension-app\" style=\"text-align: justify;\"><\/div>\n<div id=\"aircall-extension-app\"><\/div>\n<div id=\"aircall-extension-app\"><\/div>\n","protected":false},"excerpt":{"rendered":"<p>Ang\u00e9la &#8211; mission humanitaire au S\u00e9n\u00e9gal, orphelinat mars 2024 Cette exp\u00e9rience m&rsquo;apporte tellement au niveau sentimental et dans les rapports humains. C&rsquo;est difficile \u00e0 expliquer. Il faut le vivre pour le comprendre. Il n&rsquo;y a pas eu besoin de planning. Je suis en immersion totale \u00e0 l&rsquo;orphelinat, c&rsquo;est-\u00e0-dire qu&rsquo;il y a toujours quelque chose \u00e0 [&hellip;]<\/p>\n","protected":false},"author":1,"featured_media":16508,"parent":883,"menu_order":0,"comment_status":"closed","ping_status":"closed","template":"","meta":{"footnotes":""},"yoast_head":"<!-- This site is optimized with the Yoast SEO Premium plugin v23.4 (Yoast SEO v23.4) - https:\/\/yoast.com\/wordpress\/plugins\/seo\/ -->\n<title>S\u00e9n\u00e9gal Dakar - Angela - Association Globalong<\/title>\n<meta name=\"robots\" content=\"index, follow, max-snippet:-1, max-image-preview:large, max-video-preview:-1\" \/>\n<link rel=\"canonical\" href=\"https:\/\/www.globalong.com\/blog\/avis-temoignages-globalong\/senegal-dakar-angela\/\" \/>\n<meta property=\"og:locale\" content=\"fr_FR\" \/>\n<meta property=\"og:type\" content=\"article\" \/>\n<meta property=\"og:title\" content=\"S\u00e9n\u00e9gal Dakar - Angela\" \/>\n<meta property=\"og:description\" content=\"Ang\u00e9la &#8211; mission humanitaire au S\u00e9n\u00e9gal, orphelinat mars 2024 Cette exp\u00e9rience m&rsquo;apporte tellement au niveau sentimental et dans les rapports humains. C&rsquo;est difficile \u00e0 expliquer. Il faut le vivre pour le comprendre. Il n&rsquo;y a pas eu besoin de planning. Je suis en immersion totale \u00e0 l&rsquo;orphelinat, c&rsquo;est-\u00e0-dire qu&rsquo;il y a toujours quelque chose \u00e0 [&hellip;]\" \/>\n<meta property=\"og:url\" content=\"https:\/\/www.globalong.com\/blog\/avis-temoignages-globalong\/senegal-dakar-angela\/\" \/>\n<meta property=\"og:site_name\" content=\"Association Globalong\" \/>\n<meta property=\"article:publisher\" content=\"https:\/\/www.facebook.com\/globalong\" \/>\n<meta property=\"article:modified_time\" content=\"2024-10-25T14:49:38+00:00\" \/>\n<meta property=\"og:image\" content=\"https:\/\/www.globalong.com\/blog\/wp-content\/uploads\/2024\/05\/IMG-20240327-WA0007.jpg\" \/>\n\t<meta property=\"og:image:width\" content=\"2048\" \/>\n\t<meta property=\"og:image:height\" content=\"1536\" \/>\n\t<meta property=\"og:image:type\" content=\"image\/jpeg\" \/>\n<meta name=\"twitter:card\" content=\"summary_large_image\" \/>\n<meta name=\"twitter:label1\" content=\"Dur\u00e9e de lecture estim\u00e9e\" \/>\n\t<meta name=\"twitter:data1\" content=\"3 minutes\" \/>\n<script type=\"application\/ld+json\" class=\"yoast-schema-graph\">{\"@context\":\"https:\/\/schema.org\",\"@graph\":[{\"@type\":\"WebPage\",\"@id\":\"https:\/\/www.globalong.com\/blog\/avis-temoignages-globalong\/senegal-dakar-angela\/\",\"url\":\"https:\/\/www.globalong.com\/blog\/avis-temoignages-globalong\/senegal-dakar-angela\/\",\"name\":\"S\u00e9n\u00e9gal Dakar - Angela - Association Globalong\",\"isPartOf\":{\"@id\":\"https:\/\/www.globalong.com\/blog\/#website\"},\"primaryImageOfPage\":{\"@id\":\"https:\/\/www.globalong.com\/blog\/avis-temoignages-globalong\/senegal-dakar-angela\/#primaryimage\"},\"image\":{\"@id\":\"https:\/\/www.globalong.com\/blog\/avis-temoignages-globalong\/senegal-dakar-angela\/#primaryimage\"},\"thumbnailUrl\":\"https:\/\/www.globalong.com\/blog\/wp-content\/uploads\/2024\/05\/IMG-20240327-WA0007.jpg\",\"datePublished\":\"2024-05-13T20:22:54+00:00\",\"dateModified\":\"2024-10-25T14:49:38+00:00\",\"breadcrumb\":{\"@id\":\"https:\/\/www.globalong.com\/blog\/avis-temoignages-globalong\/senegal-dakar-angela\/#breadcrumb\"},\"inLanguage\":\"fr-FR\",\"potentialAction\":[{\"@type\":\"ReadAction\",\"target\":[\"https:\/\/www.globalong.com\/blog\/avis-temoignages-globalong\/senegal-dakar-angela\/\"]}]},{\"@type\":\"ImageObject\",\"inLanguage\":\"fr-FR\",\"@id\":\"https:\/\/www.globalong.com\/blog\/avis-temoignages-globalong\/senegal-dakar-angela\/#primaryimage\",\"url\":\"https:\/\/www.globalong.com\/blog\/wp-content\/uploads\/2024\/05\/IMG-20240327-WA0007.jpg\",\"contentUrl\":\"https:\/\/www.globalong.com\/blog\/wp-content\/uploads\/2024\/05\/IMG-20240327-WA0007.jpg\",\"width\":2048,\"height\":1536},{\"@type\":\"BreadcrumbList\",\"@id\":\"https:\/\/www.globalong.com\/blog\/avis-temoignages-globalong\/senegal-dakar-angela\/#breadcrumb\",\"itemListElement\":[{\"@type\":\"ListItem\",\"position\":1,\"name\":\"Accueil\",\"item\":\"https:\/\/www.globalong.com\/blog\/\"},{\"@type\":\"ListItem\",\"position\":2,\"name\":\"T\u00e9moignages et avis de volontaires Globalong\",\"item\":\"https:\/\/www.globalong.com\/blog\/avis-temoignages-globalong\/\"},{\"@type\":\"ListItem\",\"position\":3,\"name\":\"S\u00e9n\u00e9gal Dakar &#8211; Angela\"}]},{\"@type\":\"WebSite\",\"@id\":\"https:\/\/www.globalong.com\/blog\/#website\",\"url\":\"https:\/\/www.globalong.com\/blog\/\",\"name\":\"https:\/\/www.globalong.com\/\",\"description\":\"Mission humanitaire, stage \u00e9tudiant et voyage linguistique\",\"publisher\":{\"@id\":\"https:\/\/www.globalong.com\/blog\/#organization\"},\"potentialAction\":[{\"@type\":\"SearchAction\",\"target\":{\"@type\":\"EntryPoint\",\"urlTemplate\":\"https:\/\/www.globalong.com\/blog\/?s={search_term_string}\"},\"query-input\":{\"@type\":\"PropertyValueSpecification\",\"valueRequired\":true,\"valueName\":\"search_term_string\"}}],\"inLanguage\":\"fr-FR\"},{\"@type\":\"Organization\",\"@id\":\"https:\/\/www.globalong.com\/blog\/#organization\",\"name\":\"Association Globalong\",\"url\":\"https:\/\/www.globalong.com\/blog\/\",\"logo\":{\"@type\":\"ImageObject\",\"inLanguage\":\"fr-FR\",\"@id\":\"https:\/\/www.globalong.com\/blog\/#\/schema\/logo\/image\/\",\"url\":\"https:\/\/www.globalong.com\/blog\/wp-content\/uploads\/2014\/11\/cropped-cropped-Logo-et-Afrique-Globalong-petite-taille-2.jpg\",\"contentUrl\":\"https:\/\/www.globalong.com\/blog\/wp-content\/uploads\/2014\/11\/cropped-cropped-Logo-et-Afrique-Globalong-petite-taille-2.jpg\",\"width\":512,\"height\":512,\"caption\":\"Association Globalong\"},\"image\":{\"@id\":\"https:\/\/www.globalong.com\/blog\/#\/schema\/logo\/image\/\"},\"sameAs\":[\"https:\/\/www.facebook.com\/globalong\"]}]}<\/script>\n<!-- \/ Yoast SEO Premium plugin. -->","yoast_head_json":{"title":"S\u00e9n\u00e9gal Dakar - Angela - Association Globalong","robots":{"index":"index","follow":"follow","max-snippet":"max-snippet:-1","max-image-preview":"max-image-preview:large","max-video-preview":"max-video-preview:-1"},"canonical":"https:\/\/www.globalong.com\/blog\/avis-temoignages-globalong\/senegal-dakar-angela\/","og_locale":"fr_FR","og_type":"article","og_title":"S\u00e9n\u00e9gal Dakar - Angela","og_description":"Ang\u00e9la &#8211; mission humanitaire au S\u00e9n\u00e9gal, orphelinat mars 2024 Cette exp\u00e9rience m&rsquo;apporte tellement au niveau sentimental et dans les rapports humains. C&rsquo;est difficile \u00e0 expliquer. Il faut le vivre pour le comprendre. Il n&rsquo;y a pas eu besoin de planning. Je suis en immersion totale \u00e0 l&rsquo;orphelinat, c&rsquo;est-\u00e0-dire qu&rsquo;il y a toujours quelque chose \u00e0 [&hellip;]","og_url":"https:\/\/www.globalong.com\/blog\/avis-temoignages-globalong\/senegal-dakar-angela\/","og_site_name":"Association Globalong","article_publisher":"https:\/\/www.facebook.com\/globalong","article_modified_time":"2024-10-25T14:49:38+00:00","og_image":[{"width":2048,"height":1536,"url":"https:\/\/www.globalong.com\/blog\/wp-content\/uploads\/2024\/05\/IMG-20240327-WA0007.jpg","type":"image\/jpeg"}],"twitter_card":"summary_large_image","twitter_misc":{"Dur\u00e9e de lecture estim\u00e9e":"3 minutes"},"schema":{"@context":"https:\/\/schema.org","@graph":[{"@type":"WebPage","@id":"https:\/\/www.globalong.com\/blog\/avis-temoignages-globalong\/senegal-dakar-angela\/","url":"https:\/\/www.globalong.com\/blog\/avis-temoignages-globalong\/senegal-dakar-angela\/","name":"S\u00e9n\u00e9gal Dakar - Angela - Association Globalong","isPartOf":{"@id":"https:\/\/www.globalong.com\/blog\/#website"},"primaryImageOfPage":{"@id":"https:\/\/www.globalong.com\/blog\/avis-temoignages-globalong\/senegal-dakar-angela\/#primaryimage"},"image":{"@id":"https:\/\/www.globalong.com\/blog\/avis-temoignages-globalong\/senegal-dakar-angela\/#primaryimage"},"thumbnailUrl":"https:\/\/www.globalong.com\/blog\/wp-content\/uploads\/2024\/05\/IMG-20240327-WA0007.jpg","datePublished":"2024-05-13T20:22:54+00:00","dateModified":"2024-10-25T14:49:38+00:00","breadcrumb":{"@id":"https:\/\/www.globalong.com\/blog\/avis-temoignages-globalong\/senegal-dakar-angela\/#breadcrumb"},"inLanguage":"fr-FR","potentialAction":[{"@type":"ReadAction","target":["https:\/\/www.globalong.com\/blog\/avis-temoignages-globalong\/senegal-dakar-angela\/"]}]},{"@type":"ImageObject","inLanguage":"fr-FR","@id":"https:\/\/www.globalong.com\/blog\/avis-temoignages-globalong\/senegal-dakar-angela\/#primaryimage","url":"https:\/\/www.globalong.com\/blog\/wp-content\/uploads\/2024\/05\/IMG-20240327-WA0007.jpg","contentUrl":"https:\/\/www.globalong.com\/blog\/wp-content\/uploads\/2024\/05\/IMG-20240327-WA0007.jpg","width":2048,"height":1536},{"@type":"BreadcrumbList","@id":"https:\/\/www.globalong.com\/blog\/avis-temoignages-globalong\/senegal-dakar-angela\/#breadcrumb","itemListElement":[{"@type":"ListItem","position":1,"name":"Accueil","item":"https:\/\/www.globalong.com\/blog\/"},{"@type":"ListItem","position":2,"name":"T\u00e9moignages et avis de volontaires Globalong","item":"https:\/\/www.globalong.com\/blog\/avis-temoignages-globalong\/"},{"@type":"ListItem","position":3,"name":"S\u00e9n\u00e9gal Dakar &#8211; Angela"}]},{"@type":"WebSite","@id":"https:\/\/www.globalong.com\/blog\/#website","url":"https:\/\/www.globalong.com\/blog\/","name":"https:\/\/www.globalong.com\/","description":"Mission humanitaire, stage \u00e9tudiant et voyage linguistique","publisher":{"@id":"https:\/\/www.globalong.com\/blog\/#organization"},"potentialAction":[{"@type":"SearchAction","target":{"@type":"EntryPoint","urlTemplate":"https:\/\/www.globalong.com\/blog\/?s={search_term_string}"},"query-input":{"@type":"PropertyValueSpecification","valueRequired":true,"valueName":"search_term_string"}}],"inLanguage":"fr-FR"},{"@type":"Organization","@id":"https:\/\/www.globalong.com\/blog\/#organization","name":"Association Globalong","url":"https:\/\/www.globalong.com\/blog\/","logo":{"@type":"ImageObject","inLanguage":"fr-FR","@id":"https:\/\/www.globalong.com\/blog\/#\/schema\/logo\/image\/","url":"https:\/\/www.globalong.com\/blog\/wp-content\/uploads\/2014\/11\/cropped-cropped-Logo-et-Afrique-Globalong-petite-taille-2.jpg","contentUrl":"https:\/\/www.globalong.com\/blog\/wp-content\/uploads\/2014\/11\/cropped-cropped-Logo-et-Afrique-Globalong-petite-taille-2.jpg","width":512,"height":512,"caption":"Association Globalong"},"image":{"@id":"https:\/\/www.globalong.com\/blog\/#\/schema\/logo\/image\/"},"sameAs":["https:\/\/www.facebook.com\/globalong"]}]}},"_links":{"self":[{"href":"https:\/\/www.globalong.com\/blog\/wp-json\/wp\/v2\/pages\/16500"}],"collection":[{"href":"https:\/\/www.globalong.com\/blog\/wp-json\/wp\/v2\/pages"}],"about":[{"href":"https:\/\/www.globalong.com\/blog\/wp-json\/wp\/v2\/types\/page"}],"author":[{"embeddable":true,"href":"https:\/\/www.globalong.com\/blog\/wp-json\/wp\/v2\/users\/1"}],"replies":[{"embeddable":true,"href":"https:\/\/www.globalong.com\/blog\/wp-json\/wp\/v2\/comments?post=16500"}],"version-history":[{"count":8,"href":"https:\/\/www.globalong.com\/blog\/wp-json\/wp\/v2\/pages\/16500\/revisions"}],"predecessor-version":[{"id":18179,"href":"https:\/\/www.globalong.com\/blog\/wp-json\/wp\/v2\/pages\/16500\/revisions\/18179"}],"up":[{"embeddable":true,"href":"https:\/\/www.globalong.com\/blog\/wp-json\/wp\/v2\/pages\/883"}],"wp:featuredmedia":[{"embeddable":true,"href":"https:\/\/www.globalong.com\/blog\/wp-json\/wp\/v2\/media\/16508"}],"wp:attachment":[{"href":"https:\/\/www.globalong.com\/blog\/wp-json\/wp\/v2\/media?parent=16500"}],"curies":[{"name":"wp","href":"https:\/\/api.w.org\/{rel}","templated":true}]}}