{"id":16860,"date":"2024-06-11T10:23:24","date_gmt":"2024-06-11T08:23:24","guid":{"rendered":"https:\/\/www.globalong.com\/blog\/?page_id=16860"},"modified":"2024-06-11T10:23:24","modified_gmt":"2024-06-11T08:23:24","slug":"christian-haut-atlas","status":"publish","type":"page","link":"https:\/\/www.globalong.com\/blog\/avis-temoignages-globalong\/christian-haut-atlas\/","title":{"rendered":"Christian &#8211; Haut Atlas"},"content":{"rendered":"<p style=\"text-align: justify;\">Bonjour, je m\u2019appelle Christian et je reviens d\u2019un voyage humanitaire au Maroc organis\u00e9 par l\u2019association Globalong. Je tenais \u00e0 partager avec vous mon exp\u00e9rience enrichissante et pleine d\u2019enseignements.<\/p>\n<p style=\"text-align: justify;\">D\u00e8s notre arriv\u00e9e, nous avons \u00e9t\u00e9 accueillis chaleureusement par les habitants locaux et les membres de l\u2019association. Leur gentillesse et leur hospitalit\u00e9 ont rendu notre s\u00e9jour des plus agr\u00e9ables. Que ce soit Nadia, Abdou ou Omar, tous ont veill\u00e9 \u00e0 ce que nous nous sentions comme chez nous.<\/p>\n<p style=\"text-align: center;\"><a href=\"https:\/\/www.globalong.com\/blog\/wp-content\/uploads\/2024\/06\/whatsapp_image_2024-06-11_at_10.07.50_720.jpg\"><img loading=\"lazy\" decoding=\"async\" class=\"alignnone size-medium wp-image-16861\" src=\"https:\/\/www.globalong.com\/blog\/wp-content\/uploads\/2024\/06\/whatsapp_image_2024-06-11_at_10.07.50_720-300x225.jpg\" alt=\"\" width=\"300\" height=\"225\" srcset=\"https:\/\/www.globalong.com\/blog\/wp-content\/uploads\/2024\/06\/whatsapp_image_2024-06-11_at_10.07.50_720-300x225.jpg 300w, https:\/\/www.globalong.com\/blog\/wp-content\/uploads\/2024\/06\/whatsapp_image_2024-06-11_at_10.07.50_720.jpg 720w\" sizes=\"(max-width: 300px) 100vw, 300px\" \/><\/a><a href=\"https:\/\/www.globalong.com\/blog\/wp-content\/uploads\/2024\/06\/whatsapp_image_2024-06-11_at_10.07.50__2__720.jpg\"><img loading=\"lazy\" decoding=\"async\" class=\"alignnone size-medium wp-image-16864\" src=\"https:\/\/www.globalong.com\/blog\/wp-content\/uploads\/2024\/06\/whatsapp_image_2024-06-11_at_10.07.50__2__720-300x225.jpg\" alt=\"\" width=\"300\" height=\"225\" srcset=\"https:\/\/www.globalong.com\/blog\/wp-content\/uploads\/2024\/06\/whatsapp_image_2024-06-11_at_10.07.50__2__720-300x225.jpg 300w, https:\/\/www.globalong.com\/blog\/wp-content\/uploads\/2024\/06\/whatsapp_image_2024-06-11_at_10.07.50__2__720.jpg 720w\" sizes=\"(max-width: 300px) 100vw, 300px\" \/><\/a><\/p>\n<p style=\"text-align: justify;\">Notre mission consistait principalement \u00e0 travailler avec les enfants de l\u2019association et \u00e0 participer \u00e0 des projets communautaires. Les apr\u00e8s-midis, nous nous occupions des enfants, mais j\u2019ai remarqu\u00e9 qu\u2019il manquait de ressources et de jeux \u00e9ducatifs pour eux. Heureusement, Claudine, l\u2019une de nos b\u00e9n\u00e9voles, avait apport\u00e9 des jeux de soci\u00e9t\u00e9, ce qui a beaucoup aid\u00e9. Il serait b\u00e9n\u00e9fique pour les prochaines missions de pr\u00e9voir plus de mat\u00e9riel pour les activit\u00e9s avec les enfants.<\/p>\n<p style=\"text-align: justify;\">Nous avons \u00e9galement travaill\u00e9 \u00e0 l\u2019\u00e9cole du village et sur les chemins environnants. Une des surprises a \u00e9t\u00e9 de constater le manque d\u2019outils pour effectuer les travaux n\u00e9cessaires. Nous avons d\u00fb acheter des pioches, des pelles et des r\u00e2teaux, mais nous les avons laiss\u00e9s sur place pour les futures \u00e9quipes. Ce n\u2019\u00e9tait pas un co\u00fbt \u00e9norme, environ 15 euros par personne, mais cela a \u00e9t\u00e9 une d\u00e9pense impr\u00e9vue.<\/p>\n<p style=\"text-align: justify;\">Un autre point \u00e0 noter est la l\u00e9g\u00e8re animosit\u00e9 entre l\u2019association et l\u2019\u00e9cole. Il semble qu\u2019il y ait un manque de communication et de collaboration entre les deux, ce qui est dommage car l\u2019\u00e9cole est un \u00e9l\u00e9ment crucial du d\u00e9veloppement local. Par exemple, nous avons d\u00fb r\u00e9installer un portail \u00e0 l\u2019entr\u00e9e de l\u2019\u00e9cole, et bien que les instituteurs aient \u00e9t\u00e9 ravis, on ressentait une certaine tension quant \u00e0 la gestion des projets.<\/p>\n<p style=\"text-align: justify;\">Malgr\u00e9 ces petits d\u00e9fis, le s\u00e9jour a \u00e9t\u00e9 extr\u00eamement positif. Les repas \u00e9taient d\u00e9licieux, nous avons d\u00e9gust\u00e9 des plats locaux comme le couscous, et nous avons souvent eu l\u2019impression de manger plus que n\u00e9cessaire gr\u00e2ce \u00e0 la g\u00e9n\u00e9rosit\u00e9 de nos h\u00f4tes. Les logements \u00e9taient confortables, et nous avons toujours bien dormi.<\/p>\n<p style=\"text-align: justify;\">En termes d\u2019organisation, l\u2019\u00e9quipe de Globalong a \u00e9t\u00e9 formidable. Nous avons \u00e9t\u00e9 bien accompagn\u00e9s avant et pendant la mission, ce qui a grandement facilit\u00e9 notre travail sur place. Ce que nous avons donn\u00e9, nous l\u2019avons re\u00e7u au centuple \u00e0 travers les sourires et la gratitude des enfants et des habitants.<\/p>\n<p style=\"text-align: justify;\">Pour conclure, je recommande vivement cette exp\u00e9rience \u00e0 quiconque souhaite s\u2019engager dans une mission humanitaire. Les quelques petites am\u00e9liorations sugg\u00e9r\u00e9es, comme fournir plus de mat\u00e9riel \u00e9ducatif et renforcer la collaboration entre les associations locales, pourraient rendre l\u2019exp\u00e9rience encore plus enrichissante. Je suis reconnaissant \u00e0 Globalong pour cette opportunit\u00e9 et j\u2019esp\u00e8re pouvoir renouveler l\u2019exp\u00e9rience bient\u00f4t.<\/p>\n<p style=\"text-align: justify;\">Merci \u00e0 tous ceux qui ont rendu ce voyage inoubliable.<br \/>\nChristian<\/p>\n<p><a href=\"https:\/\/www.globalong.com\/sejour-benevolat\/maroc-mission-humanitaire-stage-etranger-afrique.html\">D\u00e9couvrez les cours de langue et missions de b\u00e9n\u00e9volat propos\u00e9es par Globalong dans le Haut-Atlas ici.<\/a><\/p>\n<p>Pour plus d\u2019informations, n\u2019h\u00e9sitez pas \u00e0 nous contacter \u00e0\u00a0<a href=\"mailto:info@globalong.com\">info@globalong.com<\/a><\/p>\n<div class=\"su-image-carousel  su-image-carousel-has-spacing su-image-carousel-crop su-image-carousel-crop-4-3 su-image-carousel-has-outline su-image-carousel-adaptive su-image-carousel-slides-style-photo su-image-carousel-controls-style-dark su-image-carousel-align-center\" style=\"\" data-flickity-options='{\"groupCells\":true,\"cellSelector\":\".su-image-carousel-item\",\"adaptiveHeight\":false,\"cellAlign\":\"left\",\"prevNextButtons\":true,\"pageDots\":true,\"autoPlay\":5000,\"imagesLoaded\":true,\"contain\":true,\"selectedAttraction\":0.15,\"friction\":1}' id=\"su_image_carousel_69f14bf01a27c\"><div class=\"su-image-carousel-item\"><div class=\"su-image-carousel-item-content\"><img loading=\"lazy\" decoding=\"async\" width=\"640\" height=\"480\" src=\"https:\/\/www.globalong.com\/blog\/wp-content\/uploads\/2024\/06\/whatsapp_image_2024-06-11_at_10.07.50_720.jpg\" class=\"\" alt=\"\" srcset=\"https:\/\/www.globalong.com\/blog\/wp-content\/uploads\/2024\/06\/whatsapp_image_2024-06-11_at_10.07.50_720.jpg 720w, https:\/\/www.globalong.com\/blog\/wp-content\/uploads\/2024\/06\/whatsapp_image_2024-06-11_at_10.07.50_720-300x225.jpg 300w\" sizes=\"(max-width: 640px) 100vw, 640px\" \/><\/div><\/div><div class=\"su-image-carousel-item\"><div class=\"su-image-carousel-item-content\"><img loading=\"lazy\" decoding=\"async\" width=\"640\" height=\"480\" src=\"https:\/\/www.globalong.com\/blog\/wp-content\/uploads\/2024\/06\/whatsapp_image_2024-06-11_at_10.07.50__2__720.jpg\" class=\"\" alt=\"\" srcset=\"https:\/\/www.globalong.com\/blog\/wp-content\/uploads\/2024\/06\/whatsapp_image_2024-06-11_at_10.07.50__2__720.jpg 720w, https:\/\/www.globalong.com\/blog\/wp-content\/uploads\/2024\/06\/whatsapp_image_2024-06-11_at_10.07.50__2__720-300x225.jpg 300w\" sizes=\"(max-width: 640px) 100vw, 640px\" \/><\/div><\/div><div class=\"su-image-carousel-item\"><div class=\"su-image-carousel-item-content\"><img loading=\"lazy\" decoding=\"async\" width=\"640\" height=\"480\" src=\"https:\/\/www.globalong.com\/blog\/wp-content\/uploads\/2024\/06\/whatsapp_image_2024-06-11_at_10.07.50__1__720.jpg\" class=\"\" alt=\"programme \u00e9covolontaire et solidaire\" srcset=\"https:\/\/www.globalong.com\/blog\/wp-content\/uploads\/2024\/06\/whatsapp_image_2024-06-11_at_10.07.50__1__720.jpg 720w, https:\/\/www.globalong.com\/blog\/wp-content\/uploads\/2024\/06\/whatsapp_image_2024-06-11_at_10.07.50__1__720-300x225.jpg 300w\" sizes=\"(max-width: 640px) 100vw, 640px\" \/><\/div><\/div><\/div><script id=\"su_image_carousel_69f14bf01a27c_script\">if(window.SUImageCarousel){setTimeout(function() {window.SUImageCarousel.initGallery(document.getElementById(\"su_image_carousel_69f14bf01a27c\"))}, 0);}var su_image_carousel_69f14bf01a27c_script=document.getElementById(\"su_image_carousel_69f14bf01a27c_script\");if(su_image_carousel_69f14bf01a27c_script){su_image_carousel_69f14bf01a27c_script.parentNode.removeChild(su_image_carousel_69f14bf01a27c_script);}<\/script>\n<p style=\"text-align: center;\">11\/06\/2024<\/p>\n","protected":false},"excerpt":{"rendered":"<p>Bonjour, je m\u2019appelle Christian et je reviens d\u2019un voyage humanitaire au Maroc organis\u00e9 par l\u2019association Globalong. Je tenais \u00e0 partager avec vous mon exp\u00e9rience enrichissante et pleine d\u2019enseignements. D\u00e8s notre arriv\u00e9e, nous avons \u00e9t\u00e9 accueillis chaleureusement par les habitants locaux et les membres de l\u2019association. Leur gentillesse et leur hospitalit\u00e9 ont rendu notre s\u00e9jour des [&hellip;]<\/p>\n","protected":false},"author":11,"featured_media":16862,"parent":883,"menu_order":0,"comment_status":"closed","ping_status":"closed","template":"","meta":{"footnotes":""},"yoast_head":"<!-- This site is optimized with the Yoast SEO Premium plugin v23.4 (Yoast SEO v23.4) - https:\/\/yoast.com\/wordpress\/plugins\/seo\/ -->\n<title>Christian - Haut Atlas - Association Globalong<\/title>\n<meta name=\"robots\" content=\"index, follow, max-snippet:-1, max-image-preview:large, max-video-preview:-1\" \/>\n<link rel=\"canonical\" href=\"https:\/\/www.globalong.com\/blog\/avis-temoignages-globalong\/christian-haut-atlas\/\" \/>\n<meta property=\"og:locale\" content=\"fr_FR\" \/>\n<meta property=\"og:type\" content=\"article\" \/>\n<meta property=\"og:title\" content=\"Christian - Haut Atlas\" \/>\n<meta property=\"og:description\" content=\"Bonjour, je m\u2019appelle Christian et je reviens d\u2019un voyage humanitaire au Maroc organis\u00e9 par l\u2019association Globalong. Je tenais \u00e0 partager avec vous mon exp\u00e9rience enrichissante et pleine d\u2019enseignements. D\u00e8s notre arriv\u00e9e, nous avons \u00e9t\u00e9 accueillis chaleureusement par les habitants locaux et les membres de l\u2019association. Leur gentillesse et leur hospitalit\u00e9 ont rendu notre s\u00e9jour des [&hellip;]\" \/>\n<meta property=\"og:url\" content=\"https:\/\/www.globalong.com\/blog\/avis-temoignages-globalong\/christian-haut-atlas\/\" \/>\n<meta property=\"og:site_name\" content=\"Association Globalong\" \/>\n<meta property=\"article:publisher\" content=\"https:\/\/www.facebook.com\/globalong\" \/>\n<meta property=\"og:image\" content=\"https:\/\/www.globalong.com\/blog\/wp-content\/uploads\/2024\/06\/whatsapp_image_2024-06-11_at_10.07.50__1__720.jpg\" \/>\n\t<meta property=\"og:image:width\" content=\"720\" \/>\n\t<meta property=\"og:image:height\" content=\"540\" \/>\n\t<meta property=\"og:image:type\" content=\"image\/jpeg\" \/>\n<meta name=\"twitter:card\" content=\"summary_large_image\" \/>\n<meta name=\"twitter:label1\" content=\"Dur\u00e9e de lecture estim\u00e9e\" \/>\n\t<meta name=\"twitter:data1\" content=\"3 minutes\" \/>\n<script type=\"application\/ld+json\" class=\"yoast-schema-graph\">{\"@context\":\"https:\/\/schema.org\",\"@graph\":[{\"@type\":\"WebPage\",\"@id\":\"https:\/\/www.globalong.com\/blog\/avis-temoignages-globalong\/christian-haut-atlas\/\",\"url\":\"https:\/\/www.globalong.com\/blog\/avis-temoignages-globalong\/christian-haut-atlas\/\",\"name\":\"Christian - Haut Atlas - Association Globalong\",\"isPartOf\":{\"@id\":\"https:\/\/www.globalong.com\/blog\/#website\"},\"primaryImageOfPage\":{\"@id\":\"https:\/\/www.globalong.com\/blog\/avis-temoignages-globalong\/christian-haut-atlas\/#primaryimage\"},\"image\":{\"@id\":\"https:\/\/www.globalong.com\/blog\/avis-temoignages-globalong\/christian-haut-atlas\/#primaryimage\"},\"thumbnailUrl\":\"https:\/\/www.globalong.com\/blog\/wp-content\/uploads\/2024\/06\/whatsapp_image_2024-06-11_at_10.07.50__1__720.jpg\",\"datePublished\":\"2024-06-11T08:23:24+00:00\",\"dateModified\":\"2024-06-11T08:23:24+00:00\",\"breadcrumb\":{\"@id\":\"https:\/\/www.globalong.com\/blog\/avis-temoignages-globalong\/christian-haut-atlas\/#breadcrumb\"},\"inLanguage\":\"fr-FR\",\"potentialAction\":[{\"@type\":\"ReadAction\",\"target\":[\"https:\/\/www.globalong.com\/blog\/avis-temoignages-globalong\/christian-haut-atlas\/\"]}]},{\"@type\":\"ImageObject\",\"inLanguage\":\"fr-FR\",\"@id\":\"https:\/\/www.globalong.com\/blog\/avis-temoignages-globalong\/christian-haut-atlas\/#primaryimage\",\"url\":\"https:\/\/www.globalong.com\/blog\/wp-content\/uploads\/2024\/06\/whatsapp_image_2024-06-11_at_10.07.50__1__720.jpg\",\"contentUrl\":\"https:\/\/www.globalong.com\/blog\/wp-content\/uploads\/2024\/06\/whatsapp_image_2024-06-11_at_10.07.50__1__720.jpg\",\"width\":720,\"height\":540,\"caption\":\"programme \u00e9covolontaire et solidaire\"},{\"@type\":\"BreadcrumbList\",\"@id\":\"https:\/\/www.globalong.com\/blog\/avis-temoignages-globalong\/christian-haut-atlas\/#breadcrumb\",\"itemListElement\":[{\"@type\":\"ListItem\",\"position\":1,\"name\":\"Accueil\",\"item\":\"https:\/\/www.globalong.com\/blog\/\"},{\"@type\":\"ListItem\",\"position\":2,\"name\":\"T\u00e9moignages et avis de volontaires Globalong\",\"item\":\"https:\/\/www.globalong.com\/blog\/avis-temoignages-globalong\/\"},{\"@type\":\"ListItem\",\"position\":3,\"name\":\"Christian &#8211; Haut Atlas\"}]},{\"@type\":\"WebSite\",\"@id\":\"https:\/\/www.globalong.com\/blog\/#website\",\"url\":\"https:\/\/www.globalong.com\/blog\/\",\"name\":\"https:\/\/www.globalong.com\/\",\"description\":\"Mission humanitaire, stage \u00e9tudiant et voyage linguistique\",\"publisher\":{\"@id\":\"https:\/\/www.globalong.com\/blog\/#organization\"},\"potentialAction\":[{\"@type\":\"SearchAction\",\"target\":{\"@type\":\"EntryPoint\",\"urlTemplate\":\"https:\/\/www.globalong.com\/blog\/?s={search_term_string}\"},\"query-input\":{\"@type\":\"PropertyValueSpecification\",\"valueRequired\":true,\"valueName\":\"search_term_string\"}}],\"inLanguage\":\"fr-FR\"},{\"@type\":\"Organization\",\"@id\":\"https:\/\/www.globalong.com\/blog\/#organization\",\"name\":\"Association Globalong\",\"url\":\"https:\/\/www.globalong.com\/blog\/\",\"logo\":{\"@type\":\"ImageObject\",\"inLanguage\":\"fr-FR\",\"@id\":\"https:\/\/www.globalong.com\/blog\/#\/schema\/logo\/image\/\",\"url\":\"https:\/\/www.globalong.com\/blog\/wp-content\/uploads\/2014\/11\/cropped-cropped-Logo-et-Afrique-Globalong-petite-taille-2.jpg\",\"contentUrl\":\"https:\/\/www.globalong.com\/blog\/wp-content\/uploads\/2014\/11\/cropped-cropped-Logo-et-Afrique-Globalong-petite-taille-2.jpg\",\"width\":512,\"height\":512,\"caption\":\"Association Globalong\"},\"image\":{\"@id\":\"https:\/\/www.globalong.com\/blog\/#\/schema\/logo\/image\/\"},\"sameAs\":[\"https:\/\/www.facebook.com\/globalong\"]}]}<\/script>\n<!-- \/ Yoast SEO Premium plugin. -->","yoast_head_json":{"title":"Christian - Haut Atlas - Association Globalong","robots":{"index":"index","follow":"follow","max-snippet":"max-snippet:-1","max-image-preview":"max-image-preview:large","max-video-preview":"max-video-preview:-1"},"canonical":"https:\/\/www.globalong.com\/blog\/avis-temoignages-globalong\/christian-haut-atlas\/","og_locale":"fr_FR","og_type":"article","og_title":"Christian - Haut Atlas","og_description":"Bonjour, je m\u2019appelle Christian et je reviens d\u2019un voyage humanitaire au Maroc organis\u00e9 par l\u2019association Globalong. Je tenais \u00e0 partager avec vous mon exp\u00e9rience enrichissante et pleine d\u2019enseignements. D\u00e8s notre arriv\u00e9e, nous avons \u00e9t\u00e9 accueillis chaleureusement par les habitants locaux et les membres de l\u2019association. Leur gentillesse et leur hospitalit\u00e9 ont rendu notre s\u00e9jour des [&hellip;]","og_url":"https:\/\/www.globalong.com\/blog\/avis-temoignages-globalong\/christian-haut-atlas\/","og_site_name":"Association Globalong","article_publisher":"https:\/\/www.facebook.com\/globalong","og_image":[{"width":720,"height":540,"url":"https:\/\/www.globalong.com\/blog\/wp-content\/uploads\/2024\/06\/whatsapp_image_2024-06-11_at_10.07.50__1__720.jpg","type":"image\/jpeg"}],"twitter_card":"summary_large_image","twitter_misc":{"Dur\u00e9e de lecture estim\u00e9e":"3 minutes"},"schema":{"@context":"https:\/\/schema.org","@graph":[{"@type":"WebPage","@id":"https:\/\/www.globalong.com\/blog\/avis-temoignages-globalong\/christian-haut-atlas\/","url":"https:\/\/www.globalong.com\/blog\/avis-temoignages-globalong\/christian-haut-atlas\/","name":"Christian - Haut Atlas - Association Globalong","isPartOf":{"@id":"https:\/\/www.globalong.com\/blog\/#website"},"primaryImageOfPage":{"@id":"https:\/\/www.globalong.com\/blog\/avis-temoignages-globalong\/christian-haut-atlas\/#primaryimage"},"image":{"@id":"https:\/\/www.globalong.com\/blog\/avis-temoignages-globalong\/christian-haut-atlas\/#primaryimage"},"thumbnailUrl":"https:\/\/www.globalong.com\/blog\/wp-content\/uploads\/2024\/06\/whatsapp_image_2024-06-11_at_10.07.50__1__720.jpg","datePublished":"2024-06-11T08:23:24+00:00","dateModified":"2024-06-11T08:23:24+00:00","breadcrumb":{"@id":"https:\/\/www.globalong.com\/blog\/avis-temoignages-globalong\/christian-haut-atlas\/#breadcrumb"},"inLanguage":"fr-FR","potentialAction":[{"@type":"ReadAction","target":["https:\/\/www.globalong.com\/blog\/avis-temoignages-globalong\/christian-haut-atlas\/"]}]},{"@type":"ImageObject","inLanguage":"fr-FR","@id":"https:\/\/www.globalong.com\/blog\/avis-temoignages-globalong\/christian-haut-atlas\/#primaryimage","url":"https:\/\/www.globalong.com\/blog\/wp-content\/uploads\/2024\/06\/whatsapp_image_2024-06-11_at_10.07.50__1__720.jpg","contentUrl":"https:\/\/www.globalong.com\/blog\/wp-content\/uploads\/2024\/06\/whatsapp_image_2024-06-11_at_10.07.50__1__720.jpg","width":720,"height":540,"caption":"programme \u00e9covolontaire et solidaire"},{"@type":"BreadcrumbList","@id":"https:\/\/www.globalong.com\/blog\/avis-temoignages-globalong\/christian-haut-atlas\/#breadcrumb","itemListElement":[{"@type":"ListItem","position":1,"name":"Accueil","item":"https:\/\/www.globalong.com\/blog\/"},{"@type":"ListItem","position":2,"name":"T\u00e9moignages et avis de volontaires Globalong","item":"https:\/\/www.globalong.com\/blog\/avis-temoignages-globalong\/"},{"@type":"ListItem","position":3,"name":"Christian &#8211; Haut Atlas"}]},{"@type":"WebSite","@id":"https:\/\/www.globalong.com\/blog\/#website","url":"https:\/\/www.globalong.com\/blog\/","name":"https:\/\/www.globalong.com\/","description":"Mission humanitaire, stage \u00e9tudiant et voyage linguistique","publisher":{"@id":"https:\/\/www.globalong.com\/blog\/#organization"},"potentialAction":[{"@type":"SearchAction","target":{"@type":"EntryPoint","urlTemplate":"https:\/\/www.globalong.com\/blog\/?s={search_term_string}"},"query-input":{"@type":"PropertyValueSpecification","valueRequired":true,"valueName":"search_term_string"}}],"inLanguage":"fr-FR"},{"@type":"Organization","@id":"https:\/\/www.globalong.com\/blog\/#organization","name":"Association Globalong","url":"https:\/\/www.globalong.com\/blog\/","logo":{"@type":"ImageObject","inLanguage":"fr-FR","@id":"https:\/\/www.globalong.com\/blog\/#\/schema\/logo\/image\/","url":"https:\/\/www.globalong.com\/blog\/wp-content\/uploads\/2014\/11\/cropped-cropped-Logo-et-Afrique-Globalong-petite-taille-2.jpg","contentUrl":"https:\/\/www.globalong.com\/blog\/wp-content\/uploads\/2014\/11\/cropped-cropped-Logo-et-Afrique-Globalong-petite-taille-2.jpg","width":512,"height":512,"caption":"Association Globalong"},"image":{"@id":"https:\/\/www.globalong.com\/blog\/#\/schema\/logo\/image\/"},"sameAs":["https:\/\/www.facebook.com\/globalong"]}]}},"_links":{"self":[{"href":"https:\/\/www.globalong.com\/blog\/wp-json\/wp\/v2\/pages\/16860"}],"collection":[{"href":"https:\/\/www.globalong.com\/blog\/wp-json\/wp\/v2\/pages"}],"about":[{"href":"https:\/\/www.globalong.com\/blog\/wp-json\/wp\/v2\/types\/page"}],"author":[{"embeddable":true,"href":"https:\/\/www.globalong.com\/blog\/wp-json\/wp\/v2\/users\/11"}],"replies":[{"embeddable":true,"href":"https:\/\/www.globalong.com\/blog\/wp-json\/wp\/v2\/comments?post=16860"}],"version-history":[{"count":4,"href":"https:\/\/www.globalong.com\/blog\/wp-json\/wp\/v2\/pages\/16860\/revisions"}],"predecessor-version":[{"id":16867,"href":"https:\/\/www.globalong.com\/blog\/wp-json\/wp\/v2\/pages\/16860\/revisions\/16867"}],"up":[{"embeddable":true,"href":"https:\/\/www.globalong.com\/blog\/wp-json\/wp\/v2\/pages\/883"}],"wp:featuredmedia":[{"embeddable":true,"href":"https:\/\/www.globalong.com\/blog\/wp-json\/wp\/v2\/media\/16862"}],"wp:attachment":[{"href":"https:\/\/www.globalong.com\/blog\/wp-json\/wp\/v2\/media?parent=16860"}],"curies":[{"name":"wp","href":"https:\/\/api.w.org\/{rel}","templated":true}]}}