{"id":16883,"date":"2024-06-13T15:40:26","date_gmt":"2024-06-13T13:40:26","guid":{"rendered":"https:\/\/www.globalong.com\/blog\/?page_id=16883"},"modified":"2024-06-13T15:40:59","modified_gmt":"2024-06-13T13:40:59","slug":"16883-2","status":"publish","type":"page","link":"https:\/\/www.globalong.com\/blog\/avis-temoignages-globalong\/16883-2\/","title":{"rendered":"Madagascar &#8211; Morgane"},"content":{"rendered":"<p>Salama Globalong !&#x1f1f2;&#x1f1ec;<\/p>\n<p>Je suis rentr\u00e9e hier de mes trois semaines de missions \u00e0 Madagascar. Je vous transmets une petite vid\u00e9o souvenir que j\u2019ai \u00e9galement partag\u00e9 sur Instagram en vous identifiant qui vous montrera \u00e0 quel point c\u2019\u00e9tait la plus belle exp\u00e9rience de ma vie.<\/p>\n<p>C\u2019est un d\u00e9chirement de quitter les enfants et d\u2019\u00eatre rentr\u00e9e, j\u2019esp\u00e8re que j\u2019y retournerai le plus vite possible.<\/p>\n<div style=\"width: 480px;\" class=\"wp-video\"><!--[if lt IE 9]><script>document.createElement('video');<\/script><![endif]-->\n<video class=\"wp-video-shortcode\" id=\"video-16883-1\" width=\"480\" height=\"848\" preload=\"metadata\" controls=\"controls\"><source type=\"video\/mp4\" src=\"https:\/\/www.globalong.com\/blog\/wp-content\/uploads\/2024\/06\/WhatsApp-Video-2024-06-10-at-09.46.01-1.mp4?_=1\" \/><a href=\"https:\/\/www.globalong.com\/blog\/wp-content\/uploads\/2024\/06\/WhatsApp-Video-2024-06-10-at-09.46.01-1.mp4\">https:\/\/www.globalong.com\/blog\/wp-content\/uploads\/2024\/06\/WhatsApp-Video-2024-06-10-at-09.46.01-1.mp4<\/a><\/video><\/div>\n<p>Ci-dessous une partie du texte qui accompagne mon post Instagram\u2026.<\/p>\n<p>\u00ab Cette exp\u00e9rience \u00e9tait juste EXTRAORDINAIRE, je ne regrette absolument rien (\u00e0 part peut-\u00eatre ne rester \u00ab que \u00bb 3 semaines&#8230;), j&rsquo;ai partag\u00e9 et v\u00e9cu des moments inoubliables avec des personnes juste incroyables.<\/p>\n<p>J&rsquo;ai compris que ce qui \u00e9tait pour moi un r\u00e9el d\u00e9fi et un gros d\u00e9passement de moi-m\u00eame, \u00e9tait le quotidien de toutes ces personnes d\u00e9favoris\u00e9es&#8230;<\/p>\n<p>J&rsquo;ai \u00e9t\u00e9 confront\u00e9e \u00e0 beaucoup de choses qui m&rsquo;ont compl\u00e8tement sortie de ma zone de confort et c&rsquo;\u00e9tait un des buts de ce voyage.<\/p>\n<p>J&rsquo;ai pass\u00e9 3 semaines avec des enfants qui n&rsquo;avaient rien, mais leur g\u00e9n\u00e9rosit\u00e9 et leur amour m&rsquo;a apport\u00e9 bien plus que ce que j&rsquo;aurais pu imaginer.<\/p>\n<p>Les diff\u00e9rences avec la France sont \u00e9normes. Au centre, les filles sont totalement ind\u00e9pendantes, elles savent faire bien plus que la plupart des enfants en France.<br \/>\nM\u00eame chose \u00e0 la pouponni\u00e8re o\u00f9 les moyens humains et financiers manquent.<\/p>\n<p>Je suis vraiment reconnaissante d&rsquo;avoir v\u00e9cu cette exp\u00e9rience.<\/p>\n<p>C&rsquo;est avec des larmes pleins les yeux que j&rsquo;ai quitt\u00e9e le centre hier soir et c&rsquo;est surtout avec des souvenirs pleins la t\u00eate que je viens de quitter ce magnifique pays.<\/p>\n<p>Je tiens \u00e0 remercier infiniment toute l&rsquo;\u00e9quipe de l&rsquo;association Globalong qui m&rsquo;a soutenu du d\u00e9but \u00e0 la fin de ce projet. Elles ont \u00e9t\u00e9 d&rsquo;un accompagnement exemplaire que ce soit des mois \u00e0 quelques heures avant le d\u00e9part ou encore pendant les premiers jours de mon s\u00e9jour lorsque j&rsquo;ai eu besoin d&rsquo;aide pour passer le fameux choc culturel. \u00bb<\/p>\n<p>Comme j\u2019ai pu le dire, je vous remercie du fond du c\u0153ur pour tout ce que vous avez fait pour moi. Je ne sais pas qui lira ce message, mais un \u00e9norme merci \u00e0 Sophie qui a pris le temps de m\u2019appeler quand j\u2019en ai eu besoin alors qu\u2019elle n\u2019\u00e9tait plus cens\u00e9e travailler.&#x1f605; Ses mots m\u2019ont aid\u00e9 \u00e0 passer le cap du choc culturel et gr\u00e2ce \u00e0 elle, j\u2019ai pu profiter pleinement du reste de mon s\u00e9jour.<\/p>\n<p>Je vous dis \u00e0 tr\u00e8s tr\u00e8s bient\u00f4t, je l\u2019esp\u00e8re !<\/p>\n<p>Morgane Pouderoux<\/p>\n<div class=\"entry-content\">\n<p>N\u2019h\u00e9sitez pas \u00e0 nous contacter pour plus d\u2019informations \u00e0\u00a0<a href=\"mailto:info@globalong.com\">info@globalong.com<\/a><\/p>\n<p><a href=\"https:\/\/www.globalong.com\/treeprod?prefilter-get=true&amp;nodes[]=222\" target=\"_blank\" rel=\"noopener\">D\u00e9couvrez les missions propos\u00e9es<\/a>\u00a0et partez en tant que b\u00e9n\u00e9vole \u00e0 Madagascar<\/p>\n<div class=\"getsocial gs-inline-group\"><div class=\"su-image-carousel  su-image-carousel-has-spacing su-image-carousel-crop su-image-carousel-crop-4-3 su-image-carousel-has-outline su-image-carousel-adaptive su-image-carousel-slides-style-photo su-image-carousel-controls-style-dark su-image-carousel-align-center\" style=\"\" data-flickity-options='{\"groupCells\":true,\"cellSelector\":\".su-image-carousel-item\",\"adaptiveHeight\":false,\"cellAlign\":\"left\",\"prevNextButtons\":true,\"pageDots\":true,\"autoPlay\":5000,\"imagesLoaded\":true,\"contain\":true,\"selectedAttraction\":1,\"friction\":1}' id=\"su_image_carousel_69ef7e3bc0ac2\"><div class=\"su-image-carousel-item\"><div class=\"su-image-carousel-item-content\"><img loading=\"lazy\" decoding=\"async\" width=\"640\" height=\"853\" src=\"https:\/\/www.globalong.com\/blog\/wp-content\/uploads\/2024\/06\/WhatsApp-Image-2024-05-22-at-17.24.10-2-768x1024.jpeg\" class=\"\" alt=\"\" srcset=\"https:\/\/www.globalong.com\/blog\/wp-content\/uploads\/2024\/06\/WhatsApp-Image-2024-05-22-at-17.24.10-2-768x1024.jpeg 768w, https:\/\/www.globalong.com\/blog\/wp-content\/uploads\/2024\/06\/WhatsApp-Image-2024-05-22-at-17.24.10-2-225x300.jpeg 225w, https:\/\/www.globalong.com\/blog\/wp-content\/uploads\/2024\/06\/WhatsApp-Image-2024-05-22-at-17.24.10-2-1152x1536.jpeg 1152w, https:\/\/www.globalong.com\/blog\/wp-content\/uploads\/2024\/06\/WhatsApp-Image-2024-05-22-at-17.24.10-2.jpeg 1200w\" sizes=\"(max-width: 640px) 100vw, 640px\" \/><\/div><\/div><div class=\"su-image-carousel-item\"><div class=\"su-image-carousel-item-content\"><img loading=\"lazy\" decoding=\"async\" width=\"640\" height=\"853\" src=\"https:\/\/www.globalong.com\/blog\/wp-content\/uploads\/2024\/06\/WhatsApp-Image-2024-05-22-at-17.24.10-768x1024.jpeg\" class=\"\" alt=\"\" srcset=\"https:\/\/www.globalong.com\/blog\/wp-content\/uploads\/2024\/06\/WhatsApp-Image-2024-05-22-at-17.24.10-768x1024.jpeg 768w, https:\/\/www.globalong.com\/blog\/wp-content\/uploads\/2024\/06\/WhatsApp-Image-2024-05-22-at-17.24.10-225x300.jpeg 225w, https:\/\/www.globalong.com\/blog\/wp-content\/uploads\/2024\/06\/WhatsApp-Image-2024-05-22-at-17.24.10-1152x1536.jpeg 1152w, https:\/\/www.globalong.com\/blog\/wp-content\/uploads\/2024\/06\/WhatsApp-Image-2024-05-22-at-17.24.10.jpeg 1200w\" sizes=\"(max-width: 640px) 100vw, 640px\" \/><\/div><\/div><div class=\"su-image-carousel-item\"><div class=\"su-image-carousel-item-content\"><img loading=\"lazy\" decoding=\"async\" width=\"640\" height=\"853\" src=\"https:\/\/www.globalong.com\/blog\/wp-content\/uploads\/2024\/06\/WhatsApp-Image-2024-05-22-at-17.24.10-3-768x1024.jpeg\" class=\"\" alt=\"Soutien scolaire en Afrique francophone\u00a0\" srcset=\"https:\/\/www.globalong.com\/blog\/wp-content\/uploads\/2024\/06\/WhatsApp-Image-2024-05-22-at-17.24.10-3-768x1024.jpeg 768w, https:\/\/www.globalong.com\/blog\/wp-content\/uploads\/2024\/06\/WhatsApp-Image-2024-05-22-at-17.24.10-3-225x300.jpeg 225w, https:\/\/www.globalong.com\/blog\/wp-content\/uploads\/2024\/06\/WhatsApp-Image-2024-05-22-at-17.24.10-3-1152x1536.jpeg 1152w, https:\/\/www.globalong.com\/blog\/wp-content\/uploads\/2024\/06\/WhatsApp-Image-2024-05-22-at-17.24.10-3.jpeg 1200w\" sizes=\"(max-width: 640px) 100vw, 640px\" \/><\/div><\/div><div class=\"su-image-carousel-item\"><div class=\"su-image-carousel-item-content\"><img loading=\"lazy\" decoding=\"async\" width=\"640\" height=\"853\" src=\"https:\/\/www.globalong.com\/blog\/wp-content\/uploads\/2024\/06\/WhatsApp-Image-2024-05-22-at-17.24.10-1-768x1024.jpeg\" class=\"\" alt=\"\" srcset=\"https:\/\/www.globalong.com\/blog\/wp-content\/uploads\/2024\/06\/WhatsApp-Image-2024-05-22-at-17.24.10-1-768x1024.jpeg 768w, https:\/\/www.globalong.com\/blog\/wp-content\/uploads\/2024\/06\/WhatsApp-Image-2024-05-22-at-17.24.10-1-225x300.jpeg 225w, https:\/\/www.globalong.com\/blog\/wp-content\/uploads\/2024\/06\/WhatsApp-Image-2024-05-22-at-17.24.10-1-1152x1536.jpeg 1152w, https:\/\/www.globalong.com\/blog\/wp-content\/uploads\/2024\/06\/WhatsApp-Image-2024-05-22-at-17.24.10-1.jpeg 1200w\" sizes=\"(max-width: 640px) 100vw, 640px\" \/><\/div><\/div><div class=\"su-image-carousel-item\"><div class=\"su-image-carousel-item-content\"><img loading=\"lazy\" decoding=\"async\" width=\"640\" height=\"853\" src=\"https:\/\/www.globalong.com\/blog\/wp-content\/uploads\/2024\/06\/WhatsApp-Image-2024-05-22-at-17.24.09-768x1024.jpeg\" class=\"\" alt=\"\" srcset=\"https:\/\/www.globalong.com\/blog\/wp-content\/uploads\/2024\/06\/WhatsApp-Image-2024-05-22-at-17.24.09-768x1024.jpeg 768w, https:\/\/www.globalong.com\/blog\/wp-content\/uploads\/2024\/06\/WhatsApp-Image-2024-05-22-at-17.24.09-225x300.jpeg 225w, https:\/\/www.globalong.com\/blog\/wp-content\/uploads\/2024\/06\/WhatsApp-Image-2024-05-22-at-17.24.09-1152x1536.jpeg 1152w, https:\/\/www.globalong.com\/blog\/wp-content\/uploads\/2024\/06\/WhatsApp-Image-2024-05-22-at-17.24.09.jpeg 1200w\" sizes=\"(max-width: 640px) 100vw, 640px\" \/><\/div><\/div><div class=\"su-image-carousel-item\"><div class=\"su-image-carousel-item-content\"><img loading=\"lazy\" decoding=\"async\" width=\"576\" height=\"1024\" src=\"https:\/\/www.globalong.com\/blog\/wp-content\/uploads\/2024\/06\/WhatsApp-Image-2024-05-22-at-17.24.09-1-576x1024.jpeg\" class=\"\" alt=\"\" srcset=\"https:\/\/www.globalong.com\/blog\/wp-content\/uploads\/2024\/06\/WhatsApp-Image-2024-05-22-at-17.24.09-1-576x1024.jpeg 576w, https:\/\/www.globalong.com\/blog\/wp-content\/uploads\/2024\/06\/WhatsApp-Image-2024-05-22-at-17.24.09-1-169x300.jpeg 169w, https:\/\/www.globalong.com\/blog\/wp-content\/uploads\/2024\/06\/WhatsApp-Image-2024-05-22-at-17.24.09-1-768x1365.jpeg 768w, https:\/\/www.globalong.com\/blog\/wp-content\/uploads\/2024\/06\/WhatsApp-Image-2024-05-22-at-17.24.09-1-864x1536.jpeg 864w, https:\/\/www.globalong.com\/blog\/wp-content\/uploads\/2024\/06\/WhatsApp-Image-2024-05-22-at-17.24.09-1-1152x2048.jpeg 1152w, https:\/\/www.globalong.com\/blog\/wp-content\/uploads\/2024\/06\/WhatsApp-Image-2024-05-22-at-17.24.09-1.jpeg 1170w\" sizes=\"(max-width: 576px) 100vw, 576px\" \/><\/div><\/div><div class=\"su-image-carousel-item\"><div class=\"su-image-carousel-item-content\"><img loading=\"lazy\" decoding=\"async\" width=\"603\" height=\"1024\" src=\"https:\/\/www.globalong.com\/blog\/wp-content\/uploads\/2024\/06\/Capture-decran-2024-06-13-a-15.22.45-603x1024.png\" class=\"\" alt=\"\" srcset=\"https:\/\/www.globalong.com\/blog\/wp-content\/uploads\/2024\/06\/Capture-decran-2024-06-13-a-15.22.45-603x1024.png 603w, https:\/\/www.globalong.com\/blog\/wp-content\/uploads\/2024\/06\/Capture-decran-2024-06-13-a-15.22.45-177x300.png 177w, https:\/\/www.globalong.com\/blog\/wp-content\/uploads\/2024\/06\/Capture-decran-2024-06-13-a-15.22.45.png 734w\" sizes=\"(max-width: 603px) 100vw, 603px\" \/><\/div><\/div><\/div><script id=\"su_image_carousel_69ef7e3bc0ac2_script\">if(window.SUImageCarousel){setTimeout(function() {window.SUImageCarousel.initGallery(document.getElementById(\"su_image_carousel_69ef7e3bc0ac2\"))}, 0);}var su_image_carousel_69ef7e3bc0ac2_script=document.getElementById(\"su_image_carousel_69ef7e3bc0ac2_script\");if(su_image_carousel_69ef7e3bc0ac2_script){su_image_carousel_69ef7e3bc0ac2_script.parentNode.removeChild(su_image_carousel_69ef7e3bc0ac2_script);}<\/script><\/div>\n<\/div>\n","protected":false},"excerpt":{"rendered":"<p>Salama Globalong !&#x1f1f2;&#x1f1ec; Je suis rentr\u00e9e hier de mes trois semaines de missions \u00e0 Madagascar. Je vous transmets une petite vid\u00e9o souvenir que j\u2019ai \u00e9galement partag\u00e9 sur Instagram en vous identifiant qui vous montrera \u00e0 quel point c\u2019\u00e9tait la plus belle exp\u00e9rience de ma vie. C\u2019est un d\u00e9chirement de quitter les enfants et d\u2019\u00eatre rentr\u00e9e, [&hellip;]<\/p>\n","protected":false},"author":11,"featured_media":16878,"parent":883,"menu_order":0,"comment_status":"closed","ping_status":"closed","template":"","meta":{"footnotes":""},"yoast_head":"<!-- This site is optimized with the Yoast SEO Premium plugin v23.4 (Yoast SEO v23.4) - https:\/\/yoast.com\/wordpress\/plugins\/seo\/ -->\n<title>Madagascar - Morgane - Association Globalong<\/title>\n<meta name=\"robots\" content=\"index, follow, max-snippet:-1, max-image-preview:large, max-video-preview:-1\" \/>\n<link rel=\"canonical\" href=\"https:\/\/www.globalong.com\/blog\/avis-temoignages-globalong\/16883-2\/\" \/>\n<meta property=\"og:locale\" content=\"fr_FR\" \/>\n<meta property=\"og:type\" content=\"article\" \/>\n<meta property=\"og:title\" content=\"Madagascar - Morgane\" \/>\n<meta property=\"og:description\" content=\"Salama Globalong !&#x1f1f2;&#x1f1ec; Je suis rentr\u00e9e hier de mes trois semaines de missions \u00e0 Madagascar. Je vous transmets une petite vid\u00e9o souvenir que j\u2019ai \u00e9galement partag\u00e9 sur Instagram en vous identifiant qui vous montrera \u00e0 quel point c\u2019\u00e9tait la plus belle exp\u00e9rience de ma vie. C\u2019est un d\u00e9chirement de quitter les enfants et d\u2019\u00eatre rentr\u00e9e, [&hellip;]\" \/>\n<meta property=\"og:url\" content=\"https:\/\/www.globalong.com\/blog\/avis-temoignages-globalong\/16883-2\/\" \/>\n<meta property=\"og:site_name\" content=\"Association Globalong\" \/>\n<meta property=\"article:publisher\" content=\"https:\/\/www.facebook.com\/globalong\" \/>\n<meta property=\"article:modified_time\" content=\"2024-06-13T13:40:59+00:00\" \/>\n<meta property=\"og:image\" content=\"https:\/\/www.globalong.com\/blog\/wp-content\/uploads\/2024\/06\/Capture-decran-2024-06-13-a-15.22.45.png\" \/>\n\t<meta property=\"og:image:width\" content=\"734\" \/>\n\t<meta property=\"og:image:height\" content=\"1247\" \/>\n\t<meta property=\"og:image:type\" content=\"image\/png\" \/>\n<meta name=\"twitter:card\" content=\"summary_large_image\" \/>\n<meta name=\"twitter:label1\" content=\"Dur\u00e9e de lecture estim\u00e9e\" \/>\n\t<meta name=\"twitter:data1\" content=\"3 minutes\" \/>\n<script type=\"application\/ld+json\" class=\"yoast-schema-graph\">{\"@context\":\"https:\/\/schema.org\",\"@graph\":[{\"@type\":\"WebPage\",\"@id\":\"https:\/\/www.globalong.com\/blog\/avis-temoignages-globalong\/16883-2\/\",\"url\":\"https:\/\/www.globalong.com\/blog\/avis-temoignages-globalong\/16883-2\/\",\"name\":\"Madagascar - Morgane - Association Globalong\",\"isPartOf\":{\"@id\":\"https:\/\/www.globalong.com\/blog\/#website\"},\"primaryImageOfPage\":{\"@id\":\"https:\/\/www.globalong.com\/blog\/avis-temoignages-globalong\/16883-2\/#primaryimage\"},\"image\":{\"@id\":\"https:\/\/www.globalong.com\/blog\/avis-temoignages-globalong\/16883-2\/#primaryimage\"},\"thumbnailUrl\":\"https:\/\/www.globalong.com\/blog\/wp-content\/uploads\/2024\/06\/Capture-decran-2024-06-13-a-15.22.45.png\",\"datePublished\":\"2024-06-13T13:40:26+00:00\",\"dateModified\":\"2024-06-13T13:40:59+00:00\",\"breadcrumb\":{\"@id\":\"https:\/\/www.globalong.com\/blog\/avis-temoignages-globalong\/16883-2\/#breadcrumb\"},\"inLanguage\":\"fr-FR\",\"potentialAction\":[{\"@type\":\"ReadAction\",\"target\":[\"https:\/\/www.globalong.com\/blog\/avis-temoignages-globalong\/16883-2\/\"]}]},{\"@type\":\"ImageObject\",\"inLanguage\":\"fr-FR\",\"@id\":\"https:\/\/www.globalong.com\/blog\/avis-temoignages-globalong\/16883-2\/#primaryimage\",\"url\":\"https:\/\/www.globalong.com\/blog\/wp-content\/uploads\/2024\/06\/Capture-decran-2024-06-13-a-15.22.45.png\",\"contentUrl\":\"https:\/\/www.globalong.com\/blog\/wp-content\/uploads\/2024\/06\/Capture-decran-2024-06-13-a-15.22.45.png\",\"width\":734,\"height\":1247},{\"@type\":\"BreadcrumbList\",\"@id\":\"https:\/\/www.globalong.com\/blog\/avis-temoignages-globalong\/16883-2\/#breadcrumb\",\"itemListElement\":[{\"@type\":\"ListItem\",\"position\":1,\"name\":\"Accueil\",\"item\":\"https:\/\/www.globalong.com\/blog\/\"},{\"@type\":\"ListItem\",\"position\":2,\"name\":\"T\u00e9moignages et avis de volontaires Globalong\",\"item\":\"https:\/\/www.globalong.com\/blog\/avis-temoignages-globalong\/\"},{\"@type\":\"ListItem\",\"position\":3,\"name\":\"Madagascar &#8211; Morgane\"}]},{\"@type\":\"WebSite\",\"@id\":\"https:\/\/www.globalong.com\/blog\/#website\",\"url\":\"https:\/\/www.globalong.com\/blog\/\",\"name\":\"https:\/\/www.globalong.com\/\",\"description\":\"Mission humanitaire, stage \u00e9tudiant et voyage linguistique\",\"publisher\":{\"@id\":\"https:\/\/www.globalong.com\/blog\/#organization\"},\"potentialAction\":[{\"@type\":\"SearchAction\",\"target\":{\"@type\":\"EntryPoint\",\"urlTemplate\":\"https:\/\/www.globalong.com\/blog\/?s={search_term_string}\"},\"query-input\":{\"@type\":\"PropertyValueSpecification\",\"valueRequired\":true,\"valueName\":\"search_term_string\"}}],\"inLanguage\":\"fr-FR\"},{\"@type\":\"Organization\",\"@id\":\"https:\/\/www.globalong.com\/blog\/#organization\",\"name\":\"Association Globalong\",\"url\":\"https:\/\/www.globalong.com\/blog\/\",\"logo\":{\"@type\":\"ImageObject\",\"inLanguage\":\"fr-FR\",\"@id\":\"https:\/\/www.globalong.com\/blog\/#\/schema\/logo\/image\/\",\"url\":\"https:\/\/www.globalong.com\/blog\/wp-content\/uploads\/2014\/11\/cropped-cropped-Logo-et-Afrique-Globalong-petite-taille-2.jpg\",\"contentUrl\":\"https:\/\/www.globalong.com\/blog\/wp-content\/uploads\/2014\/11\/cropped-cropped-Logo-et-Afrique-Globalong-petite-taille-2.jpg\",\"width\":512,\"height\":512,\"caption\":\"Association Globalong\"},\"image\":{\"@id\":\"https:\/\/www.globalong.com\/blog\/#\/schema\/logo\/image\/\"},\"sameAs\":[\"https:\/\/www.facebook.com\/globalong\"]}]}<\/script>\n<!-- \/ Yoast SEO Premium plugin. -->","yoast_head_json":{"title":"Madagascar - Morgane - Association Globalong","robots":{"index":"index","follow":"follow","max-snippet":"max-snippet:-1","max-image-preview":"max-image-preview:large","max-video-preview":"max-video-preview:-1"},"canonical":"https:\/\/www.globalong.com\/blog\/avis-temoignages-globalong\/16883-2\/","og_locale":"fr_FR","og_type":"article","og_title":"Madagascar - Morgane","og_description":"Salama Globalong !&#x1f1f2;&#x1f1ec; Je suis rentr\u00e9e hier de mes trois semaines de missions \u00e0 Madagascar. Je vous transmets une petite vid\u00e9o souvenir que j\u2019ai \u00e9galement partag\u00e9 sur Instagram en vous identifiant qui vous montrera \u00e0 quel point c\u2019\u00e9tait la plus belle exp\u00e9rience de ma vie. C\u2019est un d\u00e9chirement de quitter les enfants et d\u2019\u00eatre rentr\u00e9e, [&hellip;]","og_url":"https:\/\/www.globalong.com\/blog\/avis-temoignages-globalong\/16883-2\/","og_site_name":"Association Globalong","article_publisher":"https:\/\/www.facebook.com\/globalong","article_modified_time":"2024-06-13T13:40:59+00:00","og_image":[{"width":734,"height":1247,"url":"https:\/\/www.globalong.com\/blog\/wp-content\/uploads\/2024\/06\/Capture-decran-2024-06-13-a-15.22.45.png","type":"image\/png"}],"twitter_card":"summary_large_image","twitter_misc":{"Dur\u00e9e de lecture estim\u00e9e":"3 minutes"},"schema":{"@context":"https:\/\/schema.org","@graph":[{"@type":"WebPage","@id":"https:\/\/www.globalong.com\/blog\/avis-temoignages-globalong\/16883-2\/","url":"https:\/\/www.globalong.com\/blog\/avis-temoignages-globalong\/16883-2\/","name":"Madagascar - Morgane - Association Globalong","isPartOf":{"@id":"https:\/\/www.globalong.com\/blog\/#website"},"primaryImageOfPage":{"@id":"https:\/\/www.globalong.com\/blog\/avis-temoignages-globalong\/16883-2\/#primaryimage"},"image":{"@id":"https:\/\/www.globalong.com\/blog\/avis-temoignages-globalong\/16883-2\/#primaryimage"},"thumbnailUrl":"https:\/\/www.globalong.com\/blog\/wp-content\/uploads\/2024\/06\/Capture-decran-2024-06-13-a-15.22.45.png","datePublished":"2024-06-13T13:40:26+00:00","dateModified":"2024-06-13T13:40:59+00:00","breadcrumb":{"@id":"https:\/\/www.globalong.com\/blog\/avis-temoignages-globalong\/16883-2\/#breadcrumb"},"inLanguage":"fr-FR","potentialAction":[{"@type":"ReadAction","target":["https:\/\/www.globalong.com\/blog\/avis-temoignages-globalong\/16883-2\/"]}]},{"@type":"ImageObject","inLanguage":"fr-FR","@id":"https:\/\/www.globalong.com\/blog\/avis-temoignages-globalong\/16883-2\/#primaryimage","url":"https:\/\/www.globalong.com\/blog\/wp-content\/uploads\/2024\/06\/Capture-decran-2024-06-13-a-15.22.45.png","contentUrl":"https:\/\/www.globalong.com\/blog\/wp-content\/uploads\/2024\/06\/Capture-decran-2024-06-13-a-15.22.45.png","width":734,"height":1247},{"@type":"BreadcrumbList","@id":"https:\/\/www.globalong.com\/blog\/avis-temoignages-globalong\/16883-2\/#breadcrumb","itemListElement":[{"@type":"ListItem","position":1,"name":"Accueil","item":"https:\/\/www.globalong.com\/blog\/"},{"@type":"ListItem","position":2,"name":"T\u00e9moignages et avis de volontaires Globalong","item":"https:\/\/www.globalong.com\/blog\/avis-temoignages-globalong\/"},{"@type":"ListItem","position":3,"name":"Madagascar &#8211; Morgane"}]},{"@type":"WebSite","@id":"https:\/\/www.globalong.com\/blog\/#website","url":"https:\/\/www.globalong.com\/blog\/","name":"https:\/\/www.globalong.com\/","description":"Mission humanitaire, stage \u00e9tudiant et voyage linguistique","publisher":{"@id":"https:\/\/www.globalong.com\/blog\/#organization"},"potentialAction":[{"@type":"SearchAction","target":{"@type":"EntryPoint","urlTemplate":"https:\/\/www.globalong.com\/blog\/?s={search_term_string}"},"query-input":{"@type":"PropertyValueSpecification","valueRequired":true,"valueName":"search_term_string"}}],"inLanguage":"fr-FR"},{"@type":"Organization","@id":"https:\/\/www.globalong.com\/blog\/#organization","name":"Association Globalong","url":"https:\/\/www.globalong.com\/blog\/","logo":{"@type":"ImageObject","inLanguage":"fr-FR","@id":"https:\/\/www.globalong.com\/blog\/#\/schema\/logo\/image\/","url":"https:\/\/www.globalong.com\/blog\/wp-content\/uploads\/2014\/11\/cropped-cropped-Logo-et-Afrique-Globalong-petite-taille-2.jpg","contentUrl":"https:\/\/www.globalong.com\/blog\/wp-content\/uploads\/2014\/11\/cropped-cropped-Logo-et-Afrique-Globalong-petite-taille-2.jpg","width":512,"height":512,"caption":"Association Globalong"},"image":{"@id":"https:\/\/www.globalong.com\/blog\/#\/schema\/logo\/image\/"},"sameAs":["https:\/\/www.facebook.com\/globalong"]}]}},"_links":{"self":[{"href":"https:\/\/www.globalong.com\/blog\/wp-json\/wp\/v2\/pages\/16883"}],"collection":[{"href":"https:\/\/www.globalong.com\/blog\/wp-json\/wp\/v2\/pages"}],"about":[{"href":"https:\/\/www.globalong.com\/blog\/wp-json\/wp\/v2\/types\/page"}],"author":[{"embeddable":true,"href":"https:\/\/www.globalong.com\/blog\/wp-json\/wp\/v2\/users\/11"}],"replies":[{"embeddable":true,"href":"https:\/\/www.globalong.com\/blog\/wp-json\/wp\/v2\/comments?post=16883"}],"version-history":[{"count":4,"href":"https:\/\/www.globalong.com\/blog\/wp-json\/wp\/v2\/pages\/16883\/revisions"}],"predecessor-version":[{"id":16894,"href":"https:\/\/www.globalong.com\/blog\/wp-json\/wp\/v2\/pages\/16883\/revisions\/16894"}],"up":[{"embeddable":true,"href":"https:\/\/www.globalong.com\/blog\/wp-json\/wp\/v2\/pages\/883"}],"wp:featuredmedia":[{"embeddable":true,"href":"https:\/\/www.globalong.com\/blog\/wp-json\/wp\/v2\/media\/16878"}],"wp:attachment":[{"href":"https:\/\/www.globalong.com\/blog\/wp-json\/wp\/v2\/media?parent=16883"}],"curies":[{"name":"wp","href":"https:\/\/api.w.org\/{rel}","templated":true}]}}