{"id":17878,"date":"2024-10-16T15:09:38","date_gmt":"2024-10-16T13:09:38","guid":{"rendered":"https:\/\/www.globalong.com\/blog\/?page_id=17878"},"modified":"2024-10-16T15:09:38","modified_gmt":"2024-10-16T13:09:38","slug":"decouvrez-notre-directrice-sophie","status":"publish","type":"page","link":"https:\/\/www.globalong.com\/blog\/videos-de-nos-destinations-humanitaire-benevolat-international-volunteer-humanitarian-programme\/decouvrez-notre-directrice-sophie\/","title":{"rendered":"D\u00e9couvrez notre directrice Sophie !"},"content":{"rendered":"<p><strong> &#x2728;Rencontrez Sophie, notre directrice ! &#x2728;<\/strong><\/p>\n<p><strong><em>Curieux d\u2019en savoir plus sur elle ? Voici quelques questions pour mieux la conna\u00eetre !<\/em><\/strong><\/p>\n<p><em>&#x1f31f;Qu\u2019est ce qui l\u2019inspire le plus dans son r\u00f4le ?<\/em><\/p>\n<p>Ce qui m\u2019inspire profond\u00e9ment, c\u2019est de voir les participants \u00e9voluer \u00e0 travers leur engagement b\u00e9n\u00e9vole, et de savoir que nos actions ont un impact tangible sur des vies. Quand les fonds que nous levons permettent de financer la scolarit\u00e9 d\u2019enfants ou de garantir l\u2019acc\u00e8s \u00e0 l\u2019eau potable pour des familles, je ressens une grande satisfaction. Savoir que Globalong contribue \u00e0 ces changements concrets est une grande source de motivation pour moi.<\/p>\n<p><em>&#x2615;&#xfe0f; Son indispensable pour bien d\u00e9marrer la journ\u00e9e ?<\/em><\/p>\n<p>Un bon caf\u00e9 et un moment de calme pour organiser mes id\u00e9es. Cela me permet de commencer la journ\u00e9e sereinement et de rester concentr\u00e9e sur mes priorit\u00e9s.<\/p>\n<p><em>&#x1f4d6;Un livre ou un film qui l\u2019a particuli\u00e8rement marqu\u00e9e ?<\/em><\/p>\n<p>Shantaram de Gr\u00e9gory David Roberts est un livre qui m\u2019a profond\u00e9ment marqu\u00e9e. Son exploration des cultures, des d\u00e9fis personnels, et des liens humains m\u2019a beaucoup touch\u00e9e, tout comme L\u2019alchimiste de Paulo Coelho, qui est une belle r\u00e9flexion sur la qu\u00eate de soi.<\/p>\n<p><em>&#x1f4a1;Sa plus grande fiert\u00e9 au sein de l\u2019association ?<\/em><\/p>\n<p>Je suis particuli\u00e8rement fi\u00e8re d\u2019avoir b\u00e2ti une \u00e9quipe d\u00e9vou\u00e9e qui r\u00e9pond toujours pr\u00e9sente pour soutenir les b\u00e9n\u00e9voles. Ensemble, nous avons permis de r\u00e9aliser des actions concr\u00e8tes, comme financer la scolarit\u00e9 d\u2019enfants et am\u00e9liorer l\u2019acc\u00e8s \u00e0 l\u2019eau potable. Voir Globalong non seulement changer des vies, mais aussi maintenir un soutien constant pour les volontaires tout au long de leur parcours est une immense source de fiert\u00e9 pour moi.<\/p>\n<p><em>&#x1f449;Quel conseil donnerait-elle \u00e0 quelqu\u2019un qui souhaite s\u2019engager dans une cause ?<\/em><\/p>\n<p>N\u2019ayez pas peur de vous lancer, m\u00eame si les d\u00e9fis semblent immenses. Chaque petit geste compte. Commencez avec sinc\u00e9rit\u00e9 et passion, restez humble, et apprenez autant que possible tout au long du parcours. Le plus important est de rester fid\u00e8le \u00e0 ses valeurs et de pers\u00e9v\u00e9rer.<\/p>\n","protected":false},"excerpt":{"rendered":"<p>&#x2728;Rencontrez Sophie, notre directrice ! &#x2728; Curieux d\u2019en savoir plus sur elle ? Voici quelques questions pour mieux la conna\u00eetre ! &#x1f31f;Qu\u2019est ce qui l\u2019inspire le plus dans son r\u00f4le ? Ce qui m\u2019inspire profond\u00e9ment, c\u2019est de voir les participants \u00e9voluer \u00e0 travers leur engagement b\u00e9n\u00e9vole, et de savoir que nos actions ont un impact [&hellip;]<\/p>\n","protected":false},"author":11,"featured_media":17879,"parent":4347,"menu_order":1,"comment_status":"closed","ping_status":"closed","template":"","meta":{"footnotes":""},"yoast_head":"<!-- This site is optimized with the Yoast SEO Premium plugin v23.4 (Yoast SEO v23.4) - https:\/\/yoast.com\/wordpress\/plugins\/seo\/ -->\n<title>D\u00e9couvrez notre directrice Sophie ! - Association Globalong<\/title>\n<meta name=\"robots\" content=\"index, follow, max-snippet:-1, max-image-preview:large, max-video-preview:-1\" \/>\n<link rel=\"canonical\" href=\"https:\/\/www.globalong.com\/blog\/videos-de-nos-destinations-humanitaire-benevolat-international-volunteer-humanitarian-programme\/decouvrez-notre-directrice-sophie\/\" \/>\n<meta property=\"og:locale\" content=\"fr_FR\" \/>\n<meta property=\"og:type\" content=\"article\" \/>\n<meta property=\"og:title\" content=\"D\u00e9couvrez notre directrice Sophie !\" \/>\n<meta property=\"og:description\" content=\"&#x2728;Rencontrez Sophie, notre directrice ! &#x2728; Curieux d\u2019en savoir plus sur elle ? Voici quelques questions pour mieux la conna\u00eetre ! &#x1f31f;Qu\u2019est ce qui l\u2019inspire le plus dans son r\u00f4le ? Ce qui m\u2019inspire profond\u00e9ment, c\u2019est de voir les participants \u00e9voluer \u00e0 travers leur engagement b\u00e9n\u00e9vole, et de savoir que nos actions ont un impact [&hellip;]\" \/>\n<meta property=\"og:url\" content=\"https:\/\/www.globalong.com\/blog\/videos-de-nos-destinations-humanitaire-benevolat-international-volunteer-humanitarian-programme\/decouvrez-notre-directrice-sophie\/\" \/>\n<meta property=\"og:site_name\" content=\"Association Globalong\" \/>\n<meta property=\"article:publisher\" content=\"https:\/\/www.facebook.com\/globalong\" \/>\n<meta property=\"og:image\" content=\"https:\/\/www.globalong.com\/blog\/wp-content\/uploads\/2024\/10\/Capture-decran-2024-10-16-a-15.07.09.png\" \/>\n\t<meta property=\"og:image:width\" content=\"1166\" \/>\n\t<meta property=\"og:image:height\" content=\"877\" \/>\n\t<meta property=\"og:image:type\" content=\"image\/png\" \/>\n<meta name=\"twitter:card\" content=\"summary_large_image\" \/>\n<meta name=\"twitter:label1\" content=\"Dur\u00e9e de lecture estim\u00e9e\" \/>\n\t<meta name=\"twitter:data1\" content=\"2 minutes\" \/>\n<script type=\"application\/ld+json\" class=\"yoast-schema-graph\">{\"@context\":\"https:\/\/schema.org\",\"@graph\":[{\"@type\":\"WebPage\",\"@id\":\"https:\/\/www.globalong.com\/blog\/videos-de-nos-destinations-humanitaire-benevolat-international-volunteer-humanitarian-programme\/decouvrez-notre-directrice-sophie\/\",\"url\":\"https:\/\/www.globalong.com\/blog\/videos-de-nos-destinations-humanitaire-benevolat-international-volunteer-humanitarian-programme\/decouvrez-notre-directrice-sophie\/\",\"name\":\"D\u00e9couvrez notre directrice Sophie ! - Association Globalong\",\"isPartOf\":{\"@id\":\"https:\/\/www.globalong.com\/blog\/#website\"},\"primaryImageOfPage\":{\"@id\":\"https:\/\/www.globalong.com\/blog\/videos-de-nos-destinations-humanitaire-benevolat-international-volunteer-humanitarian-programme\/decouvrez-notre-directrice-sophie\/#primaryimage\"},\"image\":{\"@id\":\"https:\/\/www.globalong.com\/blog\/videos-de-nos-destinations-humanitaire-benevolat-international-volunteer-humanitarian-programme\/decouvrez-notre-directrice-sophie\/#primaryimage\"},\"thumbnailUrl\":\"https:\/\/www.globalong.com\/blog\/wp-content\/uploads\/2024\/10\/Capture-decran-2024-10-16-a-15.07.09.png\",\"datePublished\":\"2024-10-16T13:09:38+00:00\",\"dateModified\":\"2024-10-16T13:09:38+00:00\",\"breadcrumb\":{\"@id\":\"https:\/\/www.globalong.com\/blog\/videos-de-nos-destinations-humanitaire-benevolat-international-volunteer-humanitarian-programme\/decouvrez-notre-directrice-sophie\/#breadcrumb\"},\"inLanguage\":\"fr-FR\",\"potentialAction\":[{\"@type\":\"ReadAction\",\"target\":[\"https:\/\/www.globalong.com\/blog\/videos-de-nos-destinations-humanitaire-benevolat-international-volunteer-humanitarian-programme\/decouvrez-notre-directrice-sophie\/\"]}]},{\"@type\":\"ImageObject\",\"inLanguage\":\"fr-FR\",\"@id\":\"https:\/\/www.globalong.com\/blog\/videos-de-nos-destinations-humanitaire-benevolat-international-volunteer-humanitarian-programme\/decouvrez-notre-directrice-sophie\/#primaryimage\",\"url\":\"https:\/\/www.globalong.com\/blog\/wp-content\/uploads\/2024\/10\/Capture-decran-2024-10-16-a-15.07.09.png\",\"contentUrl\":\"https:\/\/www.globalong.com\/blog\/wp-content\/uploads\/2024\/10\/Capture-decran-2024-10-16-a-15.07.09.png\",\"width\":1166,\"height\":877,\"caption\":\"Mission humanitaire ou volontariat international - Beneveole canyon\"},{\"@type\":\"BreadcrumbList\",\"@id\":\"https:\/\/www.globalong.com\/blog\/videos-de-nos-destinations-humanitaire-benevolat-international-volunteer-humanitarian-programme\/decouvrez-notre-directrice-sophie\/#breadcrumb\",\"itemListElement\":[{\"@type\":\"ListItem\",\"position\":1,\"name\":\"Accueil\",\"item\":\"https:\/\/www.globalong.com\/blog\/\"},{\"@type\":\"ListItem\",\"position\":2,\"name\":\"Globalong en vid\u00e9os\",\"item\":\"https:\/\/www.globalong.com\/blog\/videos-de-nos-destinations-humanitaire-benevolat-international-volunteer-humanitarian-programme\/\"},{\"@type\":\"ListItem\",\"position\":3,\"name\":\"D\u00e9couvrez notre directrice Sophie !\"}]},{\"@type\":\"WebSite\",\"@id\":\"https:\/\/www.globalong.com\/blog\/#website\",\"url\":\"https:\/\/www.globalong.com\/blog\/\",\"name\":\"https:\/\/www.globalong.com\/\",\"description\":\"Mission humanitaire, stage \u00e9tudiant et voyage linguistique\",\"publisher\":{\"@id\":\"https:\/\/www.globalong.com\/blog\/#organization\"},\"potentialAction\":[{\"@type\":\"SearchAction\",\"target\":{\"@type\":\"EntryPoint\",\"urlTemplate\":\"https:\/\/www.globalong.com\/blog\/?s={search_term_string}\"},\"query-input\":{\"@type\":\"PropertyValueSpecification\",\"valueRequired\":true,\"valueName\":\"search_term_string\"}}],\"inLanguage\":\"fr-FR\"},{\"@type\":\"Organization\",\"@id\":\"https:\/\/www.globalong.com\/blog\/#organization\",\"name\":\"Association Globalong\",\"url\":\"https:\/\/www.globalong.com\/blog\/\",\"logo\":{\"@type\":\"ImageObject\",\"inLanguage\":\"fr-FR\",\"@id\":\"https:\/\/www.globalong.com\/blog\/#\/schema\/logo\/image\/\",\"url\":\"https:\/\/www.globalong.com\/blog\/wp-content\/uploads\/2014\/11\/cropped-cropped-Logo-et-Afrique-Globalong-petite-taille-2.jpg\",\"contentUrl\":\"https:\/\/www.globalong.com\/blog\/wp-content\/uploads\/2014\/11\/cropped-cropped-Logo-et-Afrique-Globalong-petite-taille-2.jpg\",\"width\":512,\"height\":512,\"caption\":\"Association Globalong\"},\"image\":{\"@id\":\"https:\/\/www.globalong.com\/blog\/#\/schema\/logo\/image\/\"},\"sameAs\":[\"https:\/\/www.facebook.com\/globalong\"]}]}<\/script>\n<!-- \/ Yoast SEO Premium plugin. -->","yoast_head_json":{"title":"D\u00e9couvrez notre directrice Sophie ! - Association Globalong","robots":{"index":"index","follow":"follow","max-snippet":"max-snippet:-1","max-image-preview":"max-image-preview:large","max-video-preview":"max-video-preview:-1"},"canonical":"https:\/\/www.globalong.com\/blog\/videos-de-nos-destinations-humanitaire-benevolat-international-volunteer-humanitarian-programme\/decouvrez-notre-directrice-sophie\/","og_locale":"fr_FR","og_type":"article","og_title":"D\u00e9couvrez notre directrice Sophie !","og_description":"&#x2728;Rencontrez Sophie, notre directrice ! &#x2728; Curieux d\u2019en savoir plus sur elle ? Voici quelques questions pour mieux la conna\u00eetre ! &#x1f31f;Qu\u2019est ce qui l\u2019inspire le plus dans son r\u00f4le ? Ce qui m\u2019inspire profond\u00e9ment, c\u2019est de voir les participants \u00e9voluer \u00e0 travers leur engagement b\u00e9n\u00e9vole, et de savoir que nos actions ont un impact [&hellip;]","og_url":"https:\/\/www.globalong.com\/blog\/videos-de-nos-destinations-humanitaire-benevolat-international-volunteer-humanitarian-programme\/decouvrez-notre-directrice-sophie\/","og_site_name":"Association Globalong","article_publisher":"https:\/\/www.facebook.com\/globalong","og_image":[{"width":1166,"height":877,"url":"https:\/\/www.globalong.com\/blog\/wp-content\/uploads\/2024\/10\/Capture-decran-2024-10-16-a-15.07.09.png","type":"image\/png"}],"twitter_card":"summary_large_image","twitter_misc":{"Dur\u00e9e de lecture estim\u00e9e":"2 minutes"},"schema":{"@context":"https:\/\/schema.org","@graph":[{"@type":"WebPage","@id":"https:\/\/www.globalong.com\/blog\/videos-de-nos-destinations-humanitaire-benevolat-international-volunteer-humanitarian-programme\/decouvrez-notre-directrice-sophie\/","url":"https:\/\/www.globalong.com\/blog\/videos-de-nos-destinations-humanitaire-benevolat-international-volunteer-humanitarian-programme\/decouvrez-notre-directrice-sophie\/","name":"D\u00e9couvrez notre directrice Sophie ! - Association Globalong","isPartOf":{"@id":"https:\/\/www.globalong.com\/blog\/#website"},"primaryImageOfPage":{"@id":"https:\/\/www.globalong.com\/blog\/videos-de-nos-destinations-humanitaire-benevolat-international-volunteer-humanitarian-programme\/decouvrez-notre-directrice-sophie\/#primaryimage"},"image":{"@id":"https:\/\/www.globalong.com\/blog\/videos-de-nos-destinations-humanitaire-benevolat-international-volunteer-humanitarian-programme\/decouvrez-notre-directrice-sophie\/#primaryimage"},"thumbnailUrl":"https:\/\/www.globalong.com\/blog\/wp-content\/uploads\/2024\/10\/Capture-decran-2024-10-16-a-15.07.09.png","datePublished":"2024-10-16T13:09:38+00:00","dateModified":"2024-10-16T13:09:38+00:00","breadcrumb":{"@id":"https:\/\/www.globalong.com\/blog\/videos-de-nos-destinations-humanitaire-benevolat-international-volunteer-humanitarian-programme\/decouvrez-notre-directrice-sophie\/#breadcrumb"},"inLanguage":"fr-FR","potentialAction":[{"@type":"ReadAction","target":["https:\/\/www.globalong.com\/blog\/videos-de-nos-destinations-humanitaire-benevolat-international-volunteer-humanitarian-programme\/decouvrez-notre-directrice-sophie\/"]}]},{"@type":"ImageObject","inLanguage":"fr-FR","@id":"https:\/\/www.globalong.com\/blog\/videos-de-nos-destinations-humanitaire-benevolat-international-volunteer-humanitarian-programme\/decouvrez-notre-directrice-sophie\/#primaryimage","url":"https:\/\/www.globalong.com\/blog\/wp-content\/uploads\/2024\/10\/Capture-decran-2024-10-16-a-15.07.09.png","contentUrl":"https:\/\/www.globalong.com\/blog\/wp-content\/uploads\/2024\/10\/Capture-decran-2024-10-16-a-15.07.09.png","width":1166,"height":877,"caption":"Mission humanitaire ou volontariat international - Beneveole canyon"},{"@type":"BreadcrumbList","@id":"https:\/\/www.globalong.com\/blog\/videos-de-nos-destinations-humanitaire-benevolat-international-volunteer-humanitarian-programme\/decouvrez-notre-directrice-sophie\/#breadcrumb","itemListElement":[{"@type":"ListItem","position":1,"name":"Accueil","item":"https:\/\/www.globalong.com\/blog\/"},{"@type":"ListItem","position":2,"name":"Globalong en vid\u00e9os","item":"https:\/\/www.globalong.com\/blog\/videos-de-nos-destinations-humanitaire-benevolat-international-volunteer-humanitarian-programme\/"},{"@type":"ListItem","position":3,"name":"D\u00e9couvrez notre directrice Sophie !"}]},{"@type":"WebSite","@id":"https:\/\/www.globalong.com\/blog\/#website","url":"https:\/\/www.globalong.com\/blog\/","name":"https:\/\/www.globalong.com\/","description":"Mission humanitaire, stage \u00e9tudiant et voyage linguistique","publisher":{"@id":"https:\/\/www.globalong.com\/blog\/#organization"},"potentialAction":[{"@type":"SearchAction","target":{"@type":"EntryPoint","urlTemplate":"https:\/\/www.globalong.com\/blog\/?s={search_term_string}"},"query-input":{"@type":"PropertyValueSpecification","valueRequired":true,"valueName":"search_term_string"}}],"inLanguage":"fr-FR"},{"@type":"Organization","@id":"https:\/\/www.globalong.com\/blog\/#organization","name":"Association Globalong","url":"https:\/\/www.globalong.com\/blog\/","logo":{"@type":"ImageObject","inLanguage":"fr-FR","@id":"https:\/\/www.globalong.com\/blog\/#\/schema\/logo\/image\/","url":"https:\/\/www.globalong.com\/blog\/wp-content\/uploads\/2014\/11\/cropped-cropped-Logo-et-Afrique-Globalong-petite-taille-2.jpg","contentUrl":"https:\/\/www.globalong.com\/blog\/wp-content\/uploads\/2014\/11\/cropped-cropped-Logo-et-Afrique-Globalong-petite-taille-2.jpg","width":512,"height":512,"caption":"Association Globalong"},"image":{"@id":"https:\/\/www.globalong.com\/blog\/#\/schema\/logo\/image\/"},"sameAs":["https:\/\/www.facebook.com\/globalong"]}]}},"_links":{"self":[{"href":"https:\/\/www.globalong.com\/blog\/wp-json\/wp\/v2\/pages\/17878"}],"collection":[{"href":"https:\/\/www.globalong.com\/blog\/wp-json\/wp\/v2\/pages"}],"about":[{"href":"https:\/\/www.globalong.com\/blog\/wp-json\/wp\/v2\/types\/page"}],"author":[{"embeddable":true,"href":"https:\/\/www.globalong.com\/blog\/wp-json\/wp\/v2\/users\/11"}],"replies":[{"embeddable":true,"href":"https:\/\/www.globalong.com\/blog\/wp-json\/wp\/v2\/comments?post=17878"}],"version-history":[{"count":1,"href":"https:\/\/www.globalong.com\/blog\/wp-json\/wp\/v2\/pages\/17878\/revisions"}],"predecessor-version":[{"id":17880,"href":"https:\/\/www.globalong.com\/blog\/wp-json\/wp\/v2\/pages\/17878\/revisions\/17880"}],"up":[{"embeddable":true,"href":"https:\/\/www.globalong.com\/blog\/wp-json\/wp\/v2\/pages\/4347"}],"wp:featuredmedia":[{"embeddable":true,"href":"https:\/\/www.globalong.com\/blog\/wp-json\/wp\/v2\/media\/17879"}],"wp:attachment":[{"href":"https:\/\/www.globalong.com\/blog\/wp-json\/wp\/v2\/media?parent=17878"}],"curies":[{"name":"wp","href":"https:\/\/api.w.org\/{rel}","templated":true}]}}