{"id":2724,"date":"2016-03-25T14:16:06","date_gmt":"2016-03-25T13:16:06","guid":{"rendered":"https:\/\/www.globalong.com\/blog\/?page_id=2724"},"modified":"2022-05-08T15:50:50","modified_gmt":"2022-05-08T13:50:50","slug":"temoignage-benevolat-international-orphelinat-thailande-humanitaire","status":"publish","type":"page","link":"https:\/\/www.globalong.com\/blog\/avis-temoignages-globalong\/temoignage-benevolat-international-orphelinat-thailande-humanitaire\/","title":{"rendered":"Tha\u00eflande &#8211; Marie"},"content":{"rendered":"<p style=\"text-align: center;\"><span style=\"color: #b81657;\"><strong>T\u00e9moignage de Marie, b\u00e9n\u00e9vole avec Globalong en Tha\u00eflande<\/strong><\/span><\/p>\n<p style=\"text-align: justify;\"><a href=\"https:\/\/www.globalong.com\/blog\/wp-content\/uploads\/2016\/03\/IMG_0087.jpg\" rel=\"attachment wp-att-2725\"><img loading=\"lazy\" decoding=\"async\" class=\"size-medium wp-image-2725 aligncenter\" src=\"https:\/\/www.globalong.com\/blog\/wp-content\/uploads\/2016\/03\/IMG_0087-300x225.jpg\" alt=\"IMG_0087\" width=\"300\" height=\"225\" srcset=\"https:\/\/www.globalong.com\/blog\/wp-content\/uploads\/2016\/03\/IMG_0087-300x225.jpg 300w, https:\/\/www.globalong.com\/blog\/wp-content\/uploads\/2016\/03\/IMG_0087-768x576.jpg 768w, https:\/\/www.globalong.com\/blog\/wp-content\/uploads\/2016\/03\/IMG_0087-1024x768.jpg 1024w, https:\/\/www.globalong.com\/blog\/wp-content\/uploads\/2016\/03\/IMG_0087-150x113.jpg 150w, https:\/\/www.globalong.com\/blog\/wp-content\/uploads\/2016\/03\/IMG_0087.jpg 1280w\" sizes=\"(max-width: 300px) 100vw, 300px\" \/><\/a>Je suis partie en <span style=\"text-decoration: underline;\"><a href=\"https:\/\/www.globalong.com\/sejour-benevolat\/thailande-bangkok-ayuthaya.html\" target=\"_blank\" rel=\"noopener\">Tha\u00eflande<\/a><\/span> et plus pr\u00e9cis\u00e9ment \u00e0 Ayutthaya pendant 4 semaines.<\/p>\n<p style=\"text-align: justify;\">Pendant mon s\u00e9jour sur mes week end de libre, j&rsquo;ai pu visiter le nord de la Tha\u00eflande \u00e0 Chiang Mai o\u00f9 j&rsquo;ai pu voir diff\u00e9rents temples ainsi que le plus r\u00e9put\u00e9 qui se trouve sur une montagne ou l&rsquo;on peut voir une magnifique vue de Chiang Mai, c&rsquo;est tr\u00e8s facile de s\u2019y rendre en gros tuk tuk rouge.<br \/>\nJ&rsquo;ai \u00e9galement fait un Travel trekking pendant deux jours.<br \/>\nVisite du village des femmes girafes (tr\u00e8s touristique, mais o\u00f9 l&rsquo;on peut trouver des \u00e9charpes faites par elles m\u00eames tr\u00e8s jolies).<br \/>\n<a href=\"https:\/\/www.globalong.com\/blog\/wp-content\/uploads\/2016\/03\/12112014596.jpg\" rel=\"attachment wp-att-2727\"><img loading=\"lazy\" decoding=\"async\" class=\"size-medium wp-image-2727 aligncenter\" src=\"https:\/\/www.globalong.com\/blog\/wp-content\/uploads\/2016\/03\/12112014596-300x169.jpg\" alt=\"12112014596\" width=\"300\" height=\"169\" srcset=\"https:\/\/www.globalong.com\/blog\/wp-content\/uploads\/2016\/03\/12112014596-300x169.jpg 300w, https:\/\/www.globalong.com\/blog\/wp-content\/uploads\/2016\/03\/12112014596-768x432.jpg 768w, https:\/\/www.globalong.com\/blog\/wp-content\/uploads\/2016\/03\/12112014596-1024x575.jpg 1024w, https:\/\/www.globalong.com\/blog\/wp-content\/uploads\/2016\/03\/12112014596-150x84.jpg 150w\" sizes=\"(max-width: 300px) 100vw, 300px\" \/><\/a>Petit tour circuit de 30 min \u00e0 dos d&rsquo;\u00e9l\u00e9phants, que je ne recommande pas ! (les \u00e9l\u00e9phants sont tr\u00e8s mal \u00e9lev\u00e9s, mal nourri, et c&rsquo;est vraiment pour les touristes, il y a d&rsquo;autre endroits \u00e0 chiang mai ou l&rsquo;on peut passer toute la journ\u00e9e avec les \u00e9l\u00e9phants en les nourrissants, en les suivant \u00e0 la rivi\u00e8re, en les montants \u00e0 cru (beaucoup plus sympa) et ensuite nous avons marche pendant 4 heures dans la jungle tr\u00e8s dur (pr\u00e9voir de bonne chaussures sinon les glissades sont fr\u00e9quentes !).<\/p>\n<p style=\"text-align: justify;\"><a href=\"https:\/\/www.globalong.com\/blog\/wp-content\/uploads\/2016\/03\/IMG_0226.jpg\" rel=\"attachment wp-att-2729\"><img loading=\"lazy\" decoding=\"async\" class=\"size-medium wp-image-2729 aligncenter\" src=\"https:\/\/www.globalong.com\/blog\/wp-content\/uploads\/2016\/03\/IMG_0226-300x225.jpg\" alt=\"IMG_0226\" width=\"300\" height=\"225\" srcset=\"https:\/\/www.globalong.com\/blog\/wp-content\/uploads\/2016\/03\/IMG_0226-300x225.jpg 300w, https:\/\/www.globalong.com\/blog\/wp-content\/uploads\/2016\/03\/IMG_0226-768x576.jpg 768w, https:\/\/www.globalong.com\/blog\/wp-content\/uploads\/2016\/03\/IMG_0226-1024x768.jpg 1024w, https:\/\/www.globalong.com\/blog\/wp-content\/uploads\/2016\/03\/IMG_0226-150x113.jpg 150w, https:\/\/www.globalong.com\/blog\/wp-content\/uploads\/2016\/03\/IMG_0226.jpg 2048w\" sizes=\"(max-width: 300px) 100vw, 300px\" \/><\/a>Des paysages incroyables, des bruits des animaux, avec un peu de chance on peut m\u00eame en croiser. Apr\u00e8s 4 heures de marche nous avons trouves notre refuge pour la nuit dans un tout petit village, un endroit rustique maison en bambou (les murs ne montent pas jusqu&rsquo;au toit) pas de moustiquaires, peu d&rsquo;\u00e9lectricit\u00e9, et repas au feux de bois ! GENIAL<\/p>\n<p style=\"text-align: justify;\">Le lendemain matin r\u00e9veille soleil levant avec une vue incroyable, et reparti pour marche dans la jungle, trouvaille d&rsquo;une cascade baignade pendant 1 heure et reparti pour se rendre au point de rdv pour manger et apr\u00e8s midi rafting !<\/p>\n<p style=\"text-align: justify;\"><a href=\"https:\/\/www.globalong.com\/blog\/wp-content\/uploads\/2016\/03\/IMG_0215.jpg\" rel=\"attachment wp-att-2732\"><img loading=\"lazy\" decoding=\"async\" class=\"size-medium wp-image-2732 aligncenter\" src=\"https:\/\/www.globalong.com\/blog\/wp-content\/uploads\/2016\/03\/IMG_0215-300x225.jpg\" alt=\"IMG_0215\" width=\"300\" height=\"225\" srcset=\"https:\/\/www.globalong.com\/blog\/wp-content\/uploads\/2016\/03\/IMG_0215-300x225.jpg 300w, https:\/\/www.globalong.com\/blog\/wp-content\/uploads\/2016\/03\/IMG_0215-768x576.jpg 768w, https:\/\/www.globalong.com\/blog\/wp-content\/uploads\/2016\/03\/IMG_0215-1024x768.jpg 1024w, https:\/\/www.globalong.com\/blog\/wp-content\/uploads\/2016\/03\/IMG_0215-150x113.jpg 150w, https:\/\/www.globalong.com\/blog\/wp-content\/uploads\/2016\/03\/IMG_0215.jpg 2048w\" sizes=\"(max-width: 300px) 100vw, 300px\" \/><\/a>4 jours dans les iles koh pangan et koh samui pas de chance des trombes d&rsquo;eaux. Mais visite en scoot &#x1f44d;&#x1f600;<br \/>\nWeek end \u00e0 bangkok pleins pleins de chose \u00e0 voir . Temples, floating market , le grand palace, marche aux fleurs, quartier chinois, kao sand road tr\u00e8s touristique mais nous avons fait un peut la f\u00eate l\u00e0-bas dans un h\u00f4tel piscine sur le toit (vue sur bangkok)<br \/>\nDernier week end sur phuket ou j&rsquo;ai pu rejoindre un ami qui faisait un stage pendant 1 mois de boxe thai. J&rsquo;ai pu d\u00e9couvrir, comprendre et voir des combats super exp\u00e9rience.<\/p>\n<p style=\"text-align: justify;\"><a href=\"https:\/\/www.globalong.com\/blog\/wp-content\/uploads\/2016\/03\/12112014603.jpg\" rel=\"attachment wp-att-2734\"><img loading=\"lazy\" decoding=\"async\" class=\"size-medium wp-image-2734 aligncenter\" src=\"https:\/\/www.globalong.com\/blog\/wp-content\/uploads\/2016\/03\/12112014603-300x169.jpg\" alt=\"12112014603\" width=\"300\" height=\"169\" srcset=\"https:\/\/www.globalong.com\/blog\/wp-content\/uploads\/2016\/03\/12112014603-300x169.jpg 300w, https:\/\/www.globalong.com\/blog\/wp-content\/uploads\/2016\/03\/12112014603-768x432.jpg 768w, https:\/\/www.globalong.com\/blog\/wp-content\/uploads\/2016\/03\/12112014603-1024x575.jpg 1024w, https:\/\/www.globalong.com\/blog\/wp-content\/uploads\/2016\/03\/12112014603-150x84.jpg 150w\" sizes=\"(max-width: 300px) 100vw, 300px\" \/><\/a>Nous avons bouger tout le temps en scooter, visite du grand boudda blanc qui surplombe tout Phuket (vue incroyable)<br \/>\nEt d\u00e9couverte de Patong !<\/p>\n<p style=\"text-align: justify;\">J\u2019ai fais des rencontres tr\u00e8s int\u00e9ressantes tout au long du mois<\/p>\n<p style=\"text-align: justify;\">J&rsquo;avais envie de partir de me sentir utiles, de vivre une aventure humaine, quelque chose de fort, apprendre leur mode de vie, de partager pleins de moments avec les enfants et les profs.<\/p>\n<p style=\"text-align: justify;\"><a href=\"https:\/\/www.globalong.com\/blog\/wp-content\/uploads\/2016\/03\/IMG_0195.jpg\" rel=\"attachment wp-att-2737\"><img loading=\"lazy\" decoding=\"async\" class=\"size-medium wp-image-2737 aligncenter\" src=\"https:\/\/www.globalong.com\/blog\/wp-content\/uploads\/2016\/03\/IMG_0195-300x225.jpg\" alt=\"IMG_0195\" width=\"300\" height=\"225\" srcset=\"https:\/\/www.globalong.com\/blog\/wp-content\/uploads\/2016\/03\/IMG_0195-300x225.jpg 300w, https:\/\/www.globalong.com\/blog\/wp-content\/uploads\/2016\/03\/IMG_0195-768x576.jpg 768w, https:\/\/www.globalong.com\/blog\/wp-content\/uploads\/2016\/03\/IMG_0195-1024x768.jpg 1024w, https:\/\/www.globalong.com\/blog\/wp-content\/uploads\/2016\/03\/IMG_0195-150x113.jpg 150w, https:\/\/www.globalong.com\/blog\/wp-content\/uploads\/2016\/03\/IMG_0195.jpg 1280w\" sizes=\"(max-width: 300px) 100vw, 300px\" \/><\/a>La p\u00e9riode d&rsquo;introduction c&rsquo;est tr\u00e8s bien pass\u00e9. Je n&rsquo;ai eu aucun probl\u00e8mes, cours de langues \u00e9galement j&rsquo;ai appris quand m\u00eame des mots sur le \u00ab\u00a0ta\u00a0\u00bb directement \u00e0 l&rsquo;\u00e9cole. Nous avons fait un cours de langue avec Po qui ne parle pas tr\u00e8s bien anglais mais nous nous en sommes tr\u00e8s bien sorti (beaucoup ri). Super moments !<\/p>\n<p style=\"text-align: justify;\">La p\u00e9riode de b\u00e9n\u00e9volat s\u2019est tr\u00e8s bien malgr\u00e9, le faite que ne soit pas allez \u00e0 Ayutthaya pour enseigner, et finalement malgr\u00e9 mon anglais un peut ric rac je m&rsquo;en suis tr\u00e8s bien sortie.<br \/>\nCette exp\u00e9rience a chang\u00e9 ma fa\u00e7on de penser en r\u00e8gle g\u00e9n\u00e9ral, de moins m&rsquo;acharner sur des choses qui ne me plaise pas et en fait qui <a href=\"https:\/\/www.globalong.com\/blog\/wp-content\/uploads\/2016\/03\/12112014600.jpg\" rel=\"attachment wp-att-2739\"><img loading=\"lazy\" decoding=\"async\" class=\"size-medium wp-image-2739 aligncenter\" src=\"https:\/\/www.globalong.com\/blog\/wp-content\/uploads\/2016\/03\/12112014600-300x169.jpg\" alt=\"12112014600\" width=\"300\" height=\"169\" srcset=\"https:\/\/www.globalong.com\/blog\/wp-content\/uploads\/2016\/03\/12112014600-300x169.jpg 300w, https:\/\/www.globalong.com\/blog\/wp-content\/uploads\/2016\/03\/12112014600-768x432.jpg 768w, https:\/\/www.globalong.com\/blog\/wp-content\/uploads\/2016\/03\/12112014600-1024x575.jpg 1024w, https:\/\/www.globalong.com\/blog\/wp-content\/uploads\/2016\/03\/12112014600-150x84.jpg 150w\" sizes=\"(max-width: 300px) 100vw, 300px\" \/><\/a>ne sont pas si grave que \u00e7a.<\/p>\n<p style=\"text-align: justify;\">J&rsquo;aurais tout de m\u00eame aim\u00e9 aller dans d&rsquo;autre \u00e9coles.<br \/>\nJe pens\u00e9e aller dans des orphelinats \u00e9galement et je pense que se serait int\u00e9ressant.<br \/>\nLes repas sont toute la semaine.<br \/>\nLa semaine \u00e9t\u00e9 tr\u00e8s courte \u00e9cole que le matin et du lundi au jeudi !<\/p>\n<p style=\"text-align: justify;\"><a href=\"https:\/\/www.globalong.com\/blog\/wp-content\/uploads\/2016\/03\/IMG_0188-1.jpg\" rel=\"attachment wp-att-2741\"><img loading=\"lazy\" decoding=\"async\" class=\"wp-image-2741 aligncenter\" src=\"https:\/\/www.globalong.com\/blog\/wp-content\/uploads\/2016\/03\/IMG_0188-1-225x300.jpg\" alt=\"IMG_0188\" width=\"298\" height=\"397\" srcset=\"https:\/\/www.globalong.com\/blog\/wp-content\/uploads\/2016\/03\/IMG_0188-1-225x300.jpg 225w, https:\/\/www.globalong.com\/blog\/wp-content\/uploads\/2016\/03\/IMG_0188-1-768x1024.jpg 768w, https:\/\/www.globalong.com\/blog\/wp-content\/uploads\/2016\/03\/IMG_0188-1-113x150.jpg 113w, https:\/\/www.globalong.com\/blog\/wp-content\/uploads\/2016\/03\/IMG_0188-1.jpg 1536w\" sizes=\"(max-width: 298px) 100vw, 298px\" \/><\/a>J&rsquo;aurais aim\u00e9 changer d&rsquo;\u00e9cole chaque semaine et pouvoir \u00eatre toute la journ\u00e9e \u00e0 l&rsquo;\u00e9cole pour se sentir un peu plus utile ! Sur la journ\u00e9e faire diff\u00e9rentes classes !<br \/>\nPar contre nous avons eu des apr\u00e8s midi de libre (je me suis occup\u00e9 \u00e0 voir beaucoup de chose \u00e0 Ayutthaya et alentours. Mais au prix que l&rsquo;on paie nous pouvons avoir tout les apr\u00e8s midi une activit\u00e9.<\/p>\n<p style=\"text-align: justify;\">Le retour en France s\u2019est tr\u00e8s bien pass\u00e9 malgr\u00e9 le temps, il fait tr\u00e8s froid et j&rsquo;ai beaucoup de mal \u00e0 me faire a ce changement brutal.<\/p>\n<p style=\"text-align: justify;\">Mon conseil\u00a0:<br \/>\nD&rsquo;\u00eatre s\u00e9rieux sur se que l&rsquo;on fait et d&rsquo;\u00eatre impliqu\u00e9 sur la vie en communaut\u00e9 au sein de la maison des b\u00e9n\u00e9voles (ex:participer, \u00e9viter de laisser tra\u00eener les papiers, ranger un peu ! Nous ne sommes pas \u00e0 l&rsquo;h\u00f4tel ! Les gens qui s&rsquo;occupent de la maison ne sont pas nos bonnes !)<\/p>\n<p style=\"text-align: justify;\">Je conseillerai Globalong \u00e0 un ami sans aucun probl\u00e8me et c&rsquo;est d\u00e9j\u00e0 fait &#x1f44d;&#x1f600;<\/p>\n<p style=\"text-align: justify;\">Sinon tr\u00e8s bon suivi de la part de Globalong.<br \/>\nMerci.<\/p>\n<p>&nbsp;<\/p>\n<p style=\"text-align: center;\">Pour d\u00e9couvrir plus de photos de la Tha\u00eflande, <span style=\"text-decoration: underline;\"><a href=\"https:\/\/www.flickr.com\/photos\/globalong\/albums\/72157639811300215\" target=\"_blank\" rel=\"noopener\">cliquez ici<\/a><\/span> !<\/p>\n<p style=\"text-align: center;\">Pour d\u00e9couvrir les programmes en Tha\u00eflande, <span style=\"text-decoration: underline;\"><a href=\"https:\/\/www.globalong.com\/sejour-benevolat\/thailande-bangkok-ayuthaya.html\" target=\"_blank\" rel=\"noopener\">cliquez ici<\/a><\/span> !<\/p>\n<p style=\"text-align: center;\">N&rsquo;h\u00e9sitez pas \u00e0 nous contacter pour plus d&rsquo;informations \u00e0 <span style=\"text-decoration: underline; color: #b81657;\"><a style=\"color: #b81657; text-decoration: underline;\" href=\"mailto:info@globalong.com\">info@globalong.com<\/a><\/span><\/p>\n","protected":false},"excerpt":{"rendered":"<p>T\u00e9moignage de Marie, b\u00e9n\u00e9vole avec Globalong en Tha\u00eflande Je suis partie en Tha\u00eflande et plus pr\u00e9cis\u00e9ment \u00e0 Ayutthaya pendant 4 semaines. Pendant mon s\u00e9jour sur mes week end de libre, j&rsquo;ai pu visiter le nord de la Tha\u00eflande \u00e0 Chiang Mai o\u00f9 j&rsquo;ai pu voir diff\u00e9rents temples ainsi que le plus r\u00e9put\u00e9 qui se trouve [&hellip;]<\/p>\n","protected":false},"author":3,"featured_media":89,"parent":883,"menu_order":0,"comment_status":"closed","ping_status":"closed","template":"","meta":{"footnotes":""},"yoast_head":"<!-- This site is optimized with the Yoast SEO Premium plugin v23.4 (Yoast SEO v23.4) - https:\/\/yoast.com\/wordpress\/plugins\/seo\/ -->\n<title>Tha\u00eflande - Marie - Association Globalong<\/title>\n<meta name=\"robots\" content=\"index, follow, max-snippet:-1, max-image-preview:large, max-video-preview:-1\" \/>\n<link rel=\"canonical\" href=\"https:\/\/www.globalong.com\/blog\/avis-temoignages-globalong\/temoignage-benevolat-international-orphelinat-thailande-humanitaire\/\" \/>\n<meta property=\"og:locale\" content=\"fr_FR\" \/>\n<meta property=\"og:type\" content=\"article\" \/>\n<meta property=\"og:title\" content=\"Tha\u00eflande - Marie\" \/>\n<meta property=\"og:description\" content=\"T\u00e9moignage de Marie, b\u00e9n\u00e9vole avec Globalong en Tha\u00eflande Je suis partie en Tha\u00eflande et plus pr\u00e9cis\u00e9ment \u00e0 Ayutthaya pendant 4 semaines. Pendant mon s\u00e9jour sur mes week end de libre, j&rsquo;ai pu visiter le nord de la Tha\u00eflande \u00e0 Chiang Mai o\u00f9 j&rsquo;ai pu voir diff\u00e9rents temples ainsi que le plus r\u00e9put\u00e9 qui se trouve [&hellip;]\" \/>\n<meta property=\"og:url\" content=\"https:\/\/www.globalong.com\/blog\/avis-temoignages-globalong\/temoignage-benevolat-international-orphelinat-thailande-humanitaire\/\" \/>\n<meta property=\"og:site_name\" content=\"Association Globalong\" \/>\n<meta property=\"article:publisher\" content=\"https:\/\/www.facebook.com\/globalong\" \/>\n<meta property=\"article:modified_time\" content=\"2022-05-08T13:50:50+00:00\" \/>\n<meta property=\"og:image\" content=\"https:\/\/www.globalong.com\/blog\/wp-content\/uploads\/2011\/10\/thailande1.jpg\" \/>\n\t<meta property=\"og:image:width\" content=\"1\" \/>\n\t<meta property=\"og:image:height\" content=\"1\" \/>\n\t<meta property=\"og:image:type\" content=\"image\/jpeg\" \/>\n<meta name=\"twitter:card\" content=\"summary_large_image\" \/>\n<meta name=\"twitter:label1\" content=\"Dur\u00e9e de lecture estim\u00e9e\" \/>\n\t<meta name=\"twitter:data1\" content=\"4 minutes\" \/>\n<script type=\"application\/ld+json\" class=\"yoast-schema-graph\">{\"@context\":\"https:\/\/schema.org\",\"@graph\":[{\"@type\":\"WebPage\",\"@id\":\"https:\/\/www.globalong.com\/blog\/avis-temoignages-globalong\/temoignage-benevolat-international-orphelinat-thailande-humanitaire\/\",\"url\":\"https:\/\/www.globalong.com\/blog\/avis-temoignages-globalong\/temoignage-benevolat-international-orphelinat-thailande-humanitaire\/\",\"name\":\"Tha\u00eflande - Marie - Association Globalong\",\"isPartOf\":{\"@id\":\"https:\/\/www.globalong.com\/blog\/#website\"},\"primaryImageOfPage\":{\"@id\":\"https:\/\/www.globalong.com\/blog\/avis-temoignages-globalong\/temoignage-benevolat-international-orphelinat-thailande-humanitaire\/#primaryimage\"},\"image\":{\"@id\":\"https:\/\/www.globalong.com\/blog\/avis-temoignages-globalong\/temoignage-benevolat-international-orphelinat-thailande-humanitaire\/#primaryimage\"},\"thumbnailUrl\":\"https:\/\/www.globalong.com\/blog\/wp-content\/uploads\/2011\/10\/thailande1.jpg\",\"datePublished\":\"2016-03-25T13:16:06+00:00\",\"dateModified\":\"2022-05-08T13:50:50+00:00\",\"breadcrumb\":{\"@id\":\"https:\/\/www.globalong.com\/blog\/avis-temoignages-globalong\/temoignage-benevolat-international-orphelinat-thailande-humanitaire\/#breadcrumb\"},\"inLanguage\":\"fr-FR\",\"potentialAction\":[{\"@type\":\"ReadAction\",\"target\":[\"https:\/\/www.globalong.com\/blog\/avis-temoignages-globalong\/temoignage-benevolat-international-orphelinat-thailande-humanitaire\/\"]}]},{\"@type\":\"ImageObject\",\"inLanguage\":\"fr-FR\",\"@id\":\"https:\/\/www.globalong.com\/blog\/avis-temoignages-globalong\/temoignage-benevolat-international-orphelinat-thailande-humanitaire\/#primaryimage\",\"url\":\"https:\/\/www.globalong.com\/blog\/wp-content\/uploads\/2011\/10\/thailande1.jpg\",\"contentUrl\":\"https:\/\/www.globalong.com\/blog\/wp-content\/uploads\/2011\/10\/thailande1.jpg\",\"caption\":\"Voyage sans visa en Tha\u00eflande\"},{\"@type\":\"BreadcrumbList\",\"@id\":\"https:\/\/www.globalong.com\/blog\/avis-temoignages-globalong\/temoignage-benevolat-international-orphelinat-thailande-humanitaire\/#breadcrumb\",\"itemListElement\":[{\"@type\":\"ListItem\",\"position\":1,\"name\":\"Accueil\",\"item\":\"https:\/\/www.globalong.com\/blog\/\"},{\"@type\":\"ListItem\",\"position\":2,\"name\":\"T\u00e9moignages et avis de volontaires Globalong\",\"item\":\"https:\/\/www.globalong.com\/blog\/avis-temoignages-globalong\/\"},{\"@type\":\"ListItem\",\"position\":3,\"name\":\"Tha\u00eflande &#8211; Marie\"}]},{\"@type\":\"WebSite\",\"@id\":\"https:\/\/www.globalong.com\/blog\/#website\",\"url\":\"https:\/\/www.globalong.com\/blog\/\",\"name\":\"https:\/\/www.globalong.com\/\",\"description\":\"Mission humanitaire, stage \u00e9tudiant et voyage linguistique\",\"publisher\":{\"@id\":\"https:\/\/www.globalong.com\/blog\/#organization\"},\"potentialAction\":[{\"@type\":\"SearchAction\",\"target\":{\"@type\":\"EntryPoint\",\"urlTemplate\":\"https:\/\/www.globalong.com\/blog\/?s={search_term_string}\"},\"query-input\":{\"@type\":\"PropertyValueSpecification\",\"valueRequired\":true,\"valueName\":\"search_term_string\"}}],\"inLanguage\":\"fr-FR\"},{\"@type\":\"Organization\",\"@id\":\"https:\/\/www.globalong.com\/blog\/#organization\",\"name\":\"Association Globalong\",\"url\":\"https:\/\/www.globalong.com\/blog\/\",\"logo\":{\"@type\":\"ImageObject\",\"inLanguage\":\"fr-FR\",\"@id\":\"https:\/\/www.globalong.com\/blog\/#\/schema\/logo\/image\/\",\"url\":\"https:\/\/www.globalong.com\/blog\/wp-content\/uploads\/2014\/11\/cropped-cropped-Logo-et-Afrique-Globalong-petite-taille-2.jpg\",\"contentUrl\":\"https:\/\/www.globalong.com\/blog\/wp-content\/uploads\/2014\/11\/cropped-cropped-Logo-et-Afrique-Globalong-petite-taille-2.jpg\",\"width\":512,\"height\":512,\"caption\":\"Association Globalong\"},\"image\":{\"@id\":\"https:\/\/www.globalong.com\/blog\/#\/schema\/logo\/image\/\"},\"sameAs\":[\"https:\/\/www.facebook.com\/globalong\"]}]}<\/script>\n<!-- \/ Yoast SEO Premium plugin. -->","yoast_head_json":{"title":"Tha\u00eflande - Marie - Association Globalong","robots":{"index":"index","follow":"follow","max-snippet":"max-snippet:-1","max-image-preview":"max-image-preview:large","max-video-preview":"max-video-preview:-1"},"canonical":"https:\/\/www.globalong.com\/blog\/avis-temoignages-globalong\/temoignage-benevolat-international-orphelinat-thailande-humanitaire\/","og_locale":"fr_FR","og_type":"article","og_title":"Tha\u00eflande - Marie","og_description":"T\u00e9moignage de Marie, b\u00e9n\u00e9vole avec Globalong en Tha\u00eflande Je suis partie en Tha\u00eflande et plus pr\u00e9cis\u00e9ment \u00e0 Ayutthaya pendant 4 semaines. Pendant mon s\u00e9jour sur mes week end de libre, j&rsquo;ai pu visiter le nord de la Tha\u00eflande \u00e0 Chiang Mai o\u00f9 j&rsquo;ai pu voir diff\u00e9rents temples ainsi que le plus r\u00e9put\u00e9 qui se trouve [&hellip;]","og_url":"https:\/\/www.globalong.com\/blog\/avis-temoignages-globalong\/temoignage-benevolat-international-orphelinat-thailande-humanitaire\/","og_site_name":"Association Globalong","article_publisher":"https:\/\/www.facebook.com\/globalong","article_modified_time":"2022-05-08T13:50:50+00:00","og_image":[{"url":"https:\/\/www.globalong.com\/blog\/wp-content\/uploads\/2011\/10\/thailande1.jpg","width":1,"height":1,"type":"image\/jpeg"}],"twitter_card":"summary_large_image","twitter_misc":{"Dur\u00e9e de lecture estim\u00e9e":"4 minutes"},"schema":{"@context":"https:\/\/schema.org","@graph":[{"@type":"WebPage","@id":"https:\/\/www.globalong.com\/blog\/avis-temoignages-globalong\/temoignage-benevolat-international-orphelinat-thailande-humanitaire\/","url":"https:\/\/www.globalong.com\/blog\/avis-temoignages-globalong\/temoignage-benevolat-international-orphelinat-thailande-humanitaire\/","name":"Tha\u00eflande - Marie - Association Globalong","isPartOf":{"@id":"https:\/\/www.globalong.com\/blog\/#website"},"primaryImageOfPage":{"@id":"https:\/\/www.globalong.com\/blog\/avis-temoignages-globalong\/temoignage-benevolat-international-orphelinat-thailande-humanitaire\/#primaryimage"},"image":{"@id":"https:\/\/www.globalong.com\/blog\/avis-temoignages-globalong\/temoignage-benevolat-international-orphelinat-thailande-humanitaire\/#primaryimage"},"thumbnailUrl":"https:\/\/www.globalong.com\/blog\/wp-content\/uploads\/2011\/10\/thailande1.jpg","datePublished":"2016-03-25T13:16:06+00:00","dateModified":"2022-05-08T13:50:50+00:00","breadcrumb":{"@id":"https:\/\/www.globalong.com\/blog\/avis-temoignages-globalong\/temoignage-benevolat-international-orphelinat-thailande-humanitaire\/#breadcrumb"},"inLanguage":"fr-FR","potentialAction":[{"@type":"ReadAction","target":["https:\/\/www.globalong.com\/blog\/avis-temoignages-globalong\/temoignage-benevolat-international-orphelinat-thailande-humanitaire\/"]}]},{"@type":"ImageObject","inLanguage":"fr-FR","@id":"https:\/\/www.globalong.com\/blog\/avis-temoignages-globalong\/temoignage-benevolat-international-orphelinat-thailande-humanitaire\/#primaryimage","url":"https:\/\/www.globalong.com\/blog\/wp-content\/uploads\/2011\/10\/thailande1.jpg","contentUrl":"https:\/\/www.globalong.com\/blog\/wp-content\/uploads\/2011\/10\/thailande1.jpg","caption":"Voyage sans visa en Tha\u00eflande"},{"@type":"BreadcrumbList","@id":"https:\/\/www.globalong.com\/blog\/avis-temoignages-globalong\/temoignage-benevolat-international-orphelinat-thailande-humanitaire\/#breadcrumb","itemListElement":[{"@type":"ListItem","position":1,"name":"Accueil","item":"https:\/\/www.globalong.com\/blog\/"},{"@type":"ListItem","position":2,"name":"T\u00e9moignages et avis de volontaires Globalong","item":"https:\/\/www.globalong.com\/blog\/avis-temoignages-globalong\/"},{"@type":"ListItem","position":3,"name":"Tha\u00eflande &#8211; Marie"}]},{"@type":"WebSite","@id":"https:\/\/www.globalong.com\/blog\/#website","url":"https:\/\/www.globalong.com\/blog\/","name":"https:\/\/www.globalong.com\/","description":"Mission humanitaire, stage \u00e9tudiant et voyage linguistique","publisher":{"@id":"https:\/\/www.globalong.com\/blog\/#organization"},"potentialAction":[{"@type":"SearchAction","target":{"@type":"EntryPoint","urlTemplate":"https:\/\/www.globalong.com\/blog\/?s={search_term_string}"},"query-input":{"@type":"PropertyValueSpecification","valueRequired":true,"valueName":"search_term_string"}}],"inLanguage":"fr-FR"},{"@type":"Organization","@id":"https:\/\/www.globalong.com\/blog\/#organization","name":"Association Globalong","url":"https:\/\/www.globalong.com\/blog\/","logo":{"@type":"ImageObject","inLanguage":"fr-FR","@id":"https:\/\/www.globalong.com\/blog\/#\/schema\/logo\/image\/","url":"https:\/\/www.globalong.com\/blog\/wp-content\/uploads\/2014\/11\/cropped-cropped-Logo-et-Afrique-Globalong-petite-taille-2.jpg","contentUrl":"https:\/\/www.globalong.com\/blog\/wp-content\/uploads\/2014\/11\/cropped-cropped-Logo-et-Afrique-Globalong-petite-taille-2.jpg","width":512,"height":512,"caption":"Association Globalong"},"image":{"@id":"https:\/\/www.globalong.com\/blog\/#\/schema\/logo\/image\/"},"sameAs":["https:\/\/www.facebook.com\/globalong"]}]}},"_links":{"self":[{"href":"https:\/\/www.globalong.com\/blog\/wp-json\/wp\/v2\/pages\/2724"}],"collection":[{"href":"https:\/\/www.globalong.com\/blog\/wp-json\/wp\/v2\/pages"}],"about":[{"href":"https:\/\/www.globalong.com\/blog\/wp-json\/wp\/v2\/types\/page"}],"author":[{"embeddable":true,"href":"https:\/\/www.globalong.com\/blog\/wp-json\/wp\/v2\/users\/3"}],"replies":[{"embeddable":true,"href":"https:\/\/www.globalong.com\/blog\/wp-json\/wp\/v2\/comments?post=2724"}],"version-history":[{"count":14,"href":"https:\/\/www.globalong.com\/blog\/wp-json\/wp\/v2\/pages\/2724\/revisions"}],"predecessor-version":[{"id":14585,"href":"https:\/\/www.globalong.com\/blog\/wp-json\/wp\/v2\/pages\/2724\/revisions\/14585"}],"up":[{"embeddable":true,"href":"https:\/\/www.globalong.com\/blog\/wp-json\/wp\/v2\/pages\/883"}],"wp:featuredmedia":[{"embeddable":true,"href":"https:\/\/www.globalong.com\/blog\/wp-json\/wp\/v2\/media\/89"}],"wp:attachment":[{"href":"https:\/\/www.globalong.com\/blog\/wp-json\/wp\/v2\/media?parent=2724"}],"curies":[{"name":"wp","href":"https:\/\/api.w.org\/{rel}","templated":true}]}}