{"id":2876,"date":"2016-03-29T14:02:11","date_gmt":"2016-03-29T12:02:11","guid":{"rendered":"https:\/\/www.globalong.com\/blog\/?page_id=2876"},"modified":"2022-05-08T16:10:21","modified_gmt":"2022-05-08T14:10:21","slug":"benevolat-hanoi-vietnam-sejour-international-humanitaire-mission-aides-globalong","status":"publish","type":"page","link":"https:\/\/www.globalong.com\/blog\/avis-temoignages-globalong\/benevolat-hanoi-vietnam-sejour-international-humanitaire-mission-aides-globalong\/","title":{"rendered":"Vietnam &#8211; Charles"},"content":{"rendered":"<h3 style=\"text-align: center;\"><span style=\"color: #b81657;\">T\u00e9moignage de Charles, parti en b\u00e9n\u00e9volat \u00e0 Hano\u00ef,Vietnam avec Globalong.<\/span><\/h3>\n<p style=\"text-align: justify;\"><a href=\"https:\/\/www.globalong.com\/blog\/wp-content\/uploads\/2016\/03\/image1.jpeg\" rel=\"attachment wp-att-2877\"><img loading=\"lazy\" decoding=\"async\" class=\"wp-image-2877 aligncenter\" src=\"https:\/\/www.globalong.com\/blog\/wp-content\/uploads\/2016\/03\/image1-225x300.jpeg\" alt=\"B\u00e9n\u00e9volatg au Vietnam Hano\u00ef avec Globalong\" width=\"250\" height=\"333\" srcset=\"https:\/\/www.globalong.com\/blog\/wp-content\/uploads\/2016\/03\/image1-225x300.jpeg 225w, https:\/\/www.globalong.com\/blog\/wp-content\/uploads\/2016\/03\/image1.jpeg 768w, https:\/\/www.globalong.com\/blog\/wp-content\/uploads\/2016\/03\/image1-113x150.jpeg 113w\" sizes=\"(max-width: 250px) 100vw, 250px\" \/><\/a>\u00ab Mon <span style=\"text-decoration: underline;\"><a href=\"https:\/\/www.globalong.com\/sejour-benevolat\/benevolat-vietnam-humanitaire.html\" target=\"_blank\" rel=\"noopener\">s\u00e9jour de deux semaines \u00e0 Hano\u00ef,<\/a><\/span> c\u2019est tr\u00e8s bien pass\u00e9.<\/p>\n<p style=\"text-align: justify;\">Mon arriv\u00e9e, a eu lieu le jeudi matin \u00e0 l\u2019a\u00e9roport, o\u00f9 j\u2019ai \u00e9t\u00e9 accueilli et transport\u00e9 \u00e0 mon logement.<br \/>\nApr\u00e8s un petit repos, j\u2019ai \u00e9t\u00e9 pris en charge pour visiter le logement et l\u2019environnement dans lequel j\u2019allais s\u00e9journer. On m\u2019a inform\u00e9 des modalit\u00e9s pour les repas et des r\u00e8gles de vie dans celui-ci.<\/p>\n<p style=\"text-align: justify;\">Le lendemain, j\u2019ai suivi un cours d\u2019introduction \u00e0 la langue et aux coutumes vietnamiennes.<\/p>\n<p style=\"text-align: justify;\">L\u2019apr\u00e8s-midi, on m\u2019a accompagn\u00e9 \u00e0 mon lieu d\u2019affectation, \u00ab Phuc tu\u00ea \u00bb, o\u00f9 j\u2019ai \u00e9t\u00e9 inform\u00e9 de ma mission et pr\u00e9sent\u00e9 aux enfants et diff\u00e9rents intervenants.<\/p>\n<p style=\"text-align: justify;\">Le week-end, une visite de la ville de Hano\u00ef a \u00e9t\u00e9 organis\u00e9e pour moi, au cours de laquelle, j\u2019ai pu visiter diff\u00e9rents monuments remarquables.<br \/>\nLe dimanche \u00e9tait libre. <a href=\"https:\/\/www.globalong.com\/blog\/wp-content\/uploads\/2016\/03\/IMG_1705.jpg\" rel=\"attachment wp-att-2878\"><img loading=\"lazy\" decoding=\"async\" class=\"wp-image-2878 aligncenter\" src=\"https:\/\/www.globalong.com\/blog\/wp-content\/uploads\/2016\/03\/IMG_1705-300x225.jpg\" alt=\"B\u00e9n\u00e9volat avec Globalonng en Asie\" width=\"250\" height=\"188\" srcset=\"https:\/\/www.globalong.com\/blog\/wp-content\/uploads\/2016\/03\/IMG_1705-300x225.jpg 300w, https:\/\/www.globalong.com\/blog\/wp-content\/uploads\/2016\/03\/IMG_1705-768x576.jpg 768w, https:\/\/www.globalong.com\/blog\/wp-content\/uploads\/2016\/03\/IMG_1705-1024x768.jpg 1024w, https:\/\/www.globalong.com\/blog\/wp-content\/uploads\/2016\/03\/IMG_1705-150x113.jpg 150w\" sizes=\"(max-width: 250px) 100vw, 250px\" \/><\/a>J\u2019en ai profit\u00e9 pour continuer de visiter Hano\u00ef par mes propres moyens.<\/p>\n<p style=\"text-align: justify;\">Le lundi, c\u2019\u00e9tait parti ! Direction \u00ab Phuc Tu\u00ea \u00bb, le bus 14 a pris 45 minutes pour s\u2019y rendre.<\/p>\n<p style=\"text-align: justify;\">Les journ\u00e9es \u00e9taient organis\u00e9es ainsi : Le matin cours de lecture ou de calcul, et l\u2019apr\u00e8s-midi activit\u00e9s plus ludiques, coloriages, jeux\u2026etc.<\/p>\n<p style=\"text-align: justify;\">Le deuxi\u00e8me week-end, je suis parti pour visiter la r\u00e9gion de \u00ab Mai chau \u00bb, avec une agence de voyage <a href=\"https:\/\/www.globalong.com\/blog\/wp-content\/uploads\/2016\/03\/IMG_1703.jpg\" rel=\"attachment wp-att-2879\"><img loading=\"lazy\" decoding=\"async\" class=\"wp-image-2879 aligncenter\" src=\"https:\/\/www.globalong.com\/blog\/wp-content\/uploads\/2016\/03\/IMG_1703-300x225.jpg\" alt=\"Mission de b\u00e9n\u00e9volat \u00e0 Hano\u00ef avec Globalong\" width=\"250\" height=\"188\" srcset=\"https:\/\/www.globalong.com\/blog\/wp-content\/uploads\/2016\/03\/IMG_1703-300x225.jpg 300w, https:\/\/www.globalong.com\/blog\/wp-content\/uploads\/2016\/03\/IMG_1703-768x576.jpg 768w, https:\/\/www.globalong.com\/blog\/wp-content\/uploads\/2016\/03\/IMG_1703-1024x768.jpg 1024w, https:\/\/www.globalong.com\/blog\/wp-content\/uploads\/2016\/03\/IMG_1703-150x113.jpg 150w\" sizes=\"(max-width: 250px) 100vw, 250px\" \/><\/a>conseill\u00e9e. Tr\u00e8s bon choix, et tr\u00e8s belle r\u00e9gion. Tr\u00e8s bonne ambiance, tr\u00e8s bien organis\u00e9.<\/p>\n<p style=\"text-align: justify;\">Deuxi\u00e8me semaine : Retour \u00e0 \u00ab Phuc tu\u00e9 \u00bb, on a fait les m\u00eames activit\u00e9s \u00e0 l\u2019exception de deux demie-journ\u00e9es o\u00f9 je suis all\u00e9 faire du jardinage avec Hien, au second endroit de \u00ab Phuc tu\u00e9 \u00bb.<br \/>\nEt voil\u00e0, ma mission est d\u00e9j\u00e0 termin\u00e9e\u2026 Retour \u00e0 la Maison.<\/p>\n<p style=\"text-align: justify;\">Cela a \u00e9t\u00e9 une tr\u00e8s riche exp\u00e9rience pour moi. J\u2019y ai rencontr\u00e9 des gens formidables.<br \/>\nL\u2019organisation Globalong a \u00e9t\u00e9 tr\u00e8s efficace.<br \/>\nJe recommande \u00e0 vous tous de vivre cette exp\u00e9rience.<\/p>\n<p style=\"text-align: justify;\">Merci pour tout Sophie.<br \/>\nVous pouvez aussi transmettre mes amiti\u00e9s et remerciements au gens sur place.<\/p>\n<p style=\"text-align: justify;\">Bien cordialement.<br \/>\nJoyeuses fetes de fin d\u2019ann\u00e9e.<\/p>\n<p style=\"text-align: justify;\">Charles. \u00bb<\/p>\n<p style=\"text-align: center;\"><span style=\"text-decoration: underline; color: #b81657;\"><a style=\"color: #b81657; text-decoration: underline;\" href=\"https:\/\/www.globalong.com\/sejour-benevolat\/benevolat-vietnam-humanitaire.html#b\" target=\"_blank\" rel=\"noopener\">D\u00e9couvrez les missions propos\u00e9es au Vietnam<\/a><\/span><\/p>\n<p style=\"text-align: center;\">Envie de d\u00e9couvrir plus de photos ?<span style=\"text-decoration: underline; color: #b81657;\"><a style=\"color: #b81657; text-decoration: underline;\" href=\"https:\/\/www.flickr.com\/photos\/globalong\/albums\/72157639806172666\" target=\"_blank\" rel=\"noopener\"> C&rsquo;est par l\u00e0 !<\/a><\/span><\/p>\n<p style=\"text-align: center;\">N&rsquo;h\u00e9sitez pas \u00e0 nous contacter pour plus d&rsquo;informations \u00e0 <span style=\"text-decoration: underline; color: #b81657;\"><a style=\"color: #b81657; text-decoration: underline;\" href=\"mailto:info@globalong.com\">info@globalong.com<\/a><\/span><\/p>\n","protected":false},"excerpt":{"rendered":"<p>T\u00e9moignage de Charles, parti en b\u00e9n\u00e9volat \u00e0 Hano\u00ef,Vietnam avec Globalong. \u00ab Mon s\u00e9jour de deux semaines \u00e0 Hano\u00ef, c\u2019est tr\u00e8s bien pass\u00e9. Mon arriv\u00e9e, a eu lieu le jeudi matin \u00e0 l\u2019a\u00e9roport, o\u00f9 j\u2019ai \u00e9t\u00e9 accueilli et transport\u00e9 \u00e0 mon logement. Apr\u00e8s un petit repos, j\u2019ai \u00e9t\u00e9 pris en charge pour visiter le logement et [&hellip;]<\/p>\n","protected":false},"author":3,"featured_media":2877,"parent":883,"menu_order":0,"comment_status":"closed","ping_status":"closed","template":"","meta":{"footnotes":""},"yoast_head":"<!-- This site is optimized with the Yoast SEO Premium plugin v23.4 (Yoast SEO v23.4) - https:\/\/yoast.com\/wordpress\/plugins\/seo\/ -->\n<title>Vietnam - Charles - Association Globalong<\/title>\n<meta name=\"robots\" content=\"index, follow, max-snippet:-1, max-image-preview:large, max-video-preview:-1\" \/>\n<link rel=\"canonical\" href=\"https:\/\/www.globalong.com\/blog\/avis-temoignages-globalong\/benevolat-hanoi-vietnam-sejour-international-humanitaire-mission-aides-globalong\/\" \/>\n<meta property=\"og:locale\" content=\"fr_FR\" \/>\n<meta property=\"og:type\" content=\"article\" \/>\n<meta property=\"og:title\" content=\"Vietnam - Charles\" \/>\n<meta property=\"og:description\" content=\"T\u00e9moignage de Charles, parti en b\u00e9n\u00e9volat \u00e0 Hano\u00ef,Vietnam avec Globalong. \u00ab Mon s\u00e9jour de deux semaines \u00e0 Hano\u00ef, c\u2019est tr\u00e8s bien pass\u00e9. Mon arriv\u00e9e, a eu lieu le jeudi matin \u00e0 l\u2019a\u00e9roport, o\u00f9 j\u2019ai \u00e9t\u00e9 accueilli et transport\u00e9 \u00e0 mon logement. Apr\u00e8s un petit repos, j\u2019ai \u00e9t\u00e9 pris en charge pour visiter le logement et [&hellip;]\" \/>\n<meta property=\"og:url\" content=\"https:\/\/www.globalong.com\/blog\/avis-temoignages-globalong\/benevolat-hanoi-vietnam-sejour-international-humanitaire-mission-aides-globalong\/\" \/>\n<meta property=\"og:site_name\" content=\"Association Globalong\" \/>\n<meta property=\"article:publisher\" content=\"https:\/\/www.facebook.com\/globalong\" \/>\n<meta property=\"article:modified_time\" content=\"2022-05-08T14:10:21+00:00\" \/>\n<meta property=\"og:image\" content=\"https:\/\/www.globalong.com\/blog\/wp-content\/uploads\/2016\/03\/image1.jpeg\" \/>\n\t<meta property=\"og:image:width\" content=\"768\" \/>\n\t<meta property=\"og:image:height\" content=\"1024\" \/>\n\t<meta property=\"og:image:type\" content=\"image\/jpeg\" \/>\n<meta name=\"twitter:card\" content=\"summary_large_image\" \/>\n<meta name=\"twitter:label1\" content=\"Dur\u00e9e de lecture estim\u00e9e\" \/>\n\t<meta name=\"twitter:data1\" content=\"2 minutes\" \/>\n<script type=\"application\/ld+json\" class=\"yoast-schema-graph\">{\"@context\":\"https:\/\/schema.org\",\"@graph\":[{\"@type\":\"WebPage\",\"@id\":\"https:\/\/www.globalong.com\/blog\/avis-temoignages-globalong\/benevolat-hanoi-vietnam-sejour-international-humanitaire-mission-aides-globalong\/\",\"url\":\"https:\/\/www.globalong.com\/blog\/avis-temoignages-globalong\/benevolat-hanoi-vietnam-sejour-international-humanitaire-mission-aides-globalong\/\",\"name\":\"Vietnam - Charles - Association Globalong\",\"isPartOf\":{\"@id\":\"https:\/\/www.globalong.com\/blog\/#website\"},\"primaryImageOfPage\":{\"@id\":\"https:\/\/www.globalong.com\/blog\/avis-temoignages-globalong\/benevolat-hanoi-vietnam-sejour-international-humanitaire-mission-aides-globalong\/#primaryimage\"},\"image\":{\"@id\":\"https:\/\/www.globalong.com\/blog\/avis-temoignages-globalong\/benevolat-hanoi-vietnam-sejour-international-humanitaire-mission-aides-globalong\/#primaryimage\"},\"thumbnailUrl\":\"https:\/\/www.globalong.com\/blog\/wp-content\/uploads\/2016\/03\/image1.jpeg\",\"datePublished\":\"2016-03-29T12:02:11+00:00\",\"dateModified\":\"2022-05-08T14:10:21+00:00\",\"breadcrumb\":{\"@id\":\"https:\/\/www.globalong.com\/blog\/avis-temoignages-globalong\/benevolat-hanoi-vietnam-sejour-international-humanitaire-mission-aides-globalong\/#breadcrumb\"},\"inLanguage\":\"fr-FR\",\"potentialAction\":[{\"@type\":\"ReadAction\",\"target\":[\"https:\/\/www.globalong.com\/blog\/avis-temoignages-globalong\/benevolat-hanoi-vietnam-sejour-international-humanitaire-mission-aides-globalong\/\"]}]},{\"@type\":\"ImageObject\",\"inLanguage\":\"fr-FR\",\"@id\":\"https:\/\/www.globalong.com\/blog\/avis-temoignages-globalong\/benevolat-hanoi-vietnam-sejour-international-humanitaire-mission-aides-globalong\/#primaryimage\",\"url\":\"https:\/\/www.globalong.com\/blog\/wp-content\/uploads\/2016\/03\/image1.jpeg\",\"contentUrl\":\"https:\/\/www.globalong.com\/blog\/wp-content\/uploads\/2016\/03\/image1.jpeg\",\"width\":768,\"height\":1024,\"caption\":\"B\u00e9n\u00e9volatg au Vietnam Hano\u00ef avec Globalong\"},{\"@type\":\"BreadcrumbList\",\"@id\":\"https:\/\/www.globalong.com\/blog\/avis-temoignages-globalong\/benevolat-hanoi-vietnam-sejour-international-humanitaire-mission-aides-globalong\/#breadcrumb\",\"itemListElement\":[{\"@type\":\"ListItem\",\"position\":1,\"name\":\"Accueil\",\"item\":\"https:\/\/www.globalong.com\/blog\/\"},{\"@type\":\"ListItem\",\"position\":2,\"name\":\"T\u00e9moignages et avis de volontaires Globalong\",\"item\":\"https:\/\/www.globalong.com\/blog\/avis-temoignages-globalong\/\"},{\"@type\":\"ListItem\",\"position\":3,\"name\":\"Vietnam &#8211; Charles\"}]},{\"@type\":\"WebSite\",\"@id\":\"https:\/\/www.globalong.com\/blog\/#website\",\"url\":\"https:\/\/www.globalong.com\/blog\/\",\"name\":\"https:\/\/www.globalong.com\/\",\"description\":\"Mission humanitaire, stage \u00e9tudiant et voyage linguistique\",\"publisher\":{\"@id\":\"https:\/\/www.globalong.com\/blog\/#organization\"},\"potentialAction\":[{\"@type\":\"SearchAction\",\"target\":{\"@type\":\"EntryPoint\",\"urlTemplate\":\"https:\/\/www.globalong.com\/blog\/?s={search_term_string}\"},\"query-input\":{\"@type\":\"PropertyValueSpecification\",\"valueRequired\":true,\"valueName\":\"search_term_string\"}}],\"inLanguage\":\"fr-FR\"},{\"@type\":\"Organization\",\"@id\":\"https:\/\/www.globalong.com\/blog\/#organization\",\"name\":\"Association Globalong\",\"url\":\"https:\/\/www.globalong.com\/blog\/\",\"logo\":{\"@type\":\"ImageObject\",\"inLanguage\":\"fr-FR\",\"@id\":\"https:\/\/www.globalong.com\/blog\/#\/schema\/logo\/image\/\",\"url\":\"https:\/\/www.globalong.com\/blog\/wp-content\/uploads\/2014\/11\/cropped-cropped-Logo-et-Afrique-Globalong-petite-taille-2.jpg\",\"contentUrl\":\"https:\/\/www.globalong.com\/blog\/wp-content\/uploads\/2014\/11\/cropped-cropped-Logo-et-Afrique-Globalong-petite-taille-2.jpg\",\"width\":512,\"height\":512,\"caption\":\"Association Globalong\"},\"image\":{\"@id\":\"https:\/\/www.globalong.com\/blog\/#\/schema\/logo\/image\/\"},\"sameAs\":[\"https:\/\/www.facebook.com\/globalong\"]}]}<\/script>\n<!-- \/ Yoast SEO Premium plugin. -->","yoast_head_json":{"title":"Vietnam - Charles - Association Globalong","robots":{"index":"index","follow":"follow","max-snippet":"max-snippet:-1","max-image-preview":"max-image-preview:large","max-video-preview":"max-video-preview:-1"},"canonical":"https:\/\/www.globalong.com\/blog\/avis-temoignages-globalong\/benevolat-hanoi-vietnam-sejour-international-humanitaire-mission-aides-globalong\/","og_locale":"fr_FR","og_type":"article","og_title":"Vietnam - Charles","og_description":"T\u00e9moignage de Charles, parti en b\u00e9n\u00e9volat \u00e0 Hano\u00ef,Vietnam avec Globalong. \u00ab Mon s\u00e9jour de deux semaines \u00e0 Hano\u00ef, c\u2019est tr\u00e8s bien pass\u00e9. Mon arriv\u00e9e, a eu lieu le jeudi matin \u00e0 l\u2019a\u00e9roport, o\u00f9 j\u2019ai \u00e9t\u00e9 accueilli et transport\u00e9 \u00e0 mon logement. Apr\u00e8s un petit repos, j\u2019ai \u00e9t\u00e9 pris en charge pour visiter le logement et [&hellip;]","og_url":"https:\/\/www.globalong.com\/blog\/avis-temoignages-globalong\/benevolat-hanoi-vietnam-sejour-international-humanitaire-mission-aides-globalong\/","og_site_name":"Association Globalong","article_publisher":"https:\/\/www.facebook.com\/globalong","article_modified_time":"2022-05-08T14:10:21+00:00","og_image":[{"width":768,"height":1024,"url":"https:\/\/www.globalong.com\/blog\/wp-content\/uploads\/2016\/03\/image1.jpeg","type":"image\/jpeg"}],"twitter_card":"summary_large_image","twitter_misc":{"Dur\u00e9e de lecture estim\u00e9e":"2 minutes"},"schema":{"@context":"https:\/\/schema.org","@graph":[{"@type":"WebPage","@id":"https:\/\/www.globalong.com\/blog\/avis-temoignages-globalong\/benevolat-hanoi-vietnam-sejour-international-humanitaire-mission-aides-globalong\/","url":"https:\/\/www.globalong.com\/blog\/avis-temoignages-globalong\/benevolat-hanoi-vietnam-sejour-international-humanitaire-mission-aides-globalong\/","name":"Vietnam - Charles - Association Globalong","isPartOf":{"@id":"https:\/\/www.globalong.com\/blog\/#website"},"primaryImageOfPage":{"@id":"https:\/\/www.globalong.com\/blog\/avis-temoignages-globalong\/benevolat-hanoi-vietnam-sejour-international-humanitaire-mission-aides-globalong\/#primaryimage"},"image":{"@id":"https:\/\/www.globalong.com\/blog\/avis-temoignages-globalong\/benevolat-hanoi-vietnam-sejour-international-humanitaire-mission-aides-globalong\/#primaryimage"},"thumbnailUrl":"https:\/\/www.globalong.com\/blog\/wp-content\/uploads\/2016\/03\/image1.jpeg","datePublished":"2016-03-29T12:02:11+00:00","dateModified":"2022-05-08T14:10:21+00:00","breadcrumb":{"@id":"https:\/\/www.globalong.com\/blog\/avis-temoignages-globalong\/benevolat-hanoi-vietnam-sejour-international-humanitaire-mission-aides-globalong\/#breadcrumb"},"inLanguage":"fr-FR","potentialAction":[{"@type":"ReadAction","target":["https:\/\/www.globalong.com\/blog\/avis-temoignages-globalong\/benevolat-hanoi-vietnam-sejour-international-humanitaire-mission-aides-globalong\/"]}]},{"@type":"ImageObject","inLanguage":"fr-FR","@id":"https:\/\/www.globalong.com\/blog\/avis-temoignages-globalong\/benevolat-hanoi-vietnam-sejour-international-humanitaire-mission-aides-globalong\/#primaryimage","url":"https:\/\/www.globalong.com\/blog\/wp-content\/uploads\/2016\/03\/image1.jpeg","contentUrl":"https:\/\/www.globalong.com\/blog\/wp-content\/uploads\/2016\/03\/image1.jpeg","width":768,"height":1024,"caption":"B\u00e9n\u00e9volatg au Vietnam Hano\u00ef avec Globalong"},{"@type":"BreadcrumbList","@id":"https:\/\/www.globalong.com\/blog\/avis-temoignages-globalong\/benevolat-hanoi-vietnam-sejour-international-humanitaire-mission-aides-globalong\/#breadcrumb","itemListElement":[{"@type":"ListItem","position":1,"name":"Accueil","item":"https:\/\/www.globalong.com\/blog\/"},{"@type":"ListItem","position":2,"name":"T\u00e9moignages et avis de volontaires Globalong","item":"https:\/\/www.globalong.com\/blog\/avis-temoignages-globalong\/"},{"@type":"ListItem","position":3,"name":"Vietnam &#8211; Charles"}]},{"@type":"WebSite","@id":"https:\/\/www.globalong.com\/blog\/#website","url":"https:\/\/www.globalong.com\/blog\/","name":"https:\/\/www.globalong.com\/","description":"Mission humanitaire, stage \u00e9tudiant et voyage linguistique","publisher":{"@id":"https:\/\/www.globalong.com\/blog\/#organization"},"potentialAction":[{"@type":"SearchAction","target":{"@type":"EntryPoint","urlTemplate":"https:\/\/www.globalong.com\/blog\/?s={search_term_string}"},"query-input":{"@type":"PropertyValueSpecification","valueRequired":true,"valueName":"search_term_string"}}],"inLanguage":"fr-FR"},{"@type":"Organization","@id":"https:\/\/www.globalong.com\/blog\/#organization","name":"Association Globalong","url":"https:\/\/www.globalong.com\/blog\/","logo":{"@type":"ImageObject","inLanguage":"fr-FR","@id":"https:\/\/www.globalong.com\/blog\/#\/schema\/logo\/image\/","url":"https:\/\/www.globalong.com\/blog\/wp-content\/uploads\/2014\/11\/cropped-cropped-Logo-et-Afrique-Globalong-petite-taille-2.jpg","contentUrl":"https:\/\/www.globalong.com\/blog\/wp-content\/uploads\/2014\/11\/cropped-cropped-Logo-et-Afrique-Globalong-petite-taille-2.jpg","width":512,"height":512,"caption":"Association Globalong"},"image":{"@id":"https:\/\/www.globalong.com\/blog\/#\/schema\/logo\/image\/"},"sameAs":["https:\/\/www.facebook.com\/globalong"]}]}},"_links":{"self":[{"href":"https:\/\/www.globalong.com\/blog\/wp-json\/wp\/v2\/pages\/2876"}],"collection":[{"href":"https:\/\/www.globalong.com\/blog\/wp-json\/wp\/v2\/pages"}],"about":[{"href":"https:\/\/www.globalong.com\/blog\/wp-json\/wp\/v2\/types\/page"}],"author":[{"embeddable":true,"href":"https:\/\/www.globalong.com\/blog\/wp-json\/wp\/v2\/users\/3"}],"replies":[{"embeddable":true,"href":"https:\/\/www.globalong.com\/blog\/wp-json\/wp\/v2\/comments?post=2876"}],"version-history":[{"count":10,"href":"https:\/\/www.globalong.com\/blog\/wp-json\/wp\/v2\/pages\/2876\/revisions"}],"predecessor-version":[{"id":14611,"href":"https:\/\/www.globalong.com\/blog\/wp-json\/wp\/v2\/pages\/2876\/revisions\/14611"}],"up":[{"embeddable":true,"href":"https:\/\/www.globalong.com\/blog\/wp-json\/wp\/v2\/pages\/883"}],"wp:featuredmedia":[{"embeddable":true,"href":"https:\/\/www.globalong.com\/blog\/wp-json\/wp\/v2\/media\/2877"}],"wp:attachment":[{"href":"https:\/\/www.globalong.com\/blog\/wp-json\/wp\/v2\/media?parent=2876"}],"curies":[{"name":"wp","href":"https:\/\/api.w.org\/{rel}","templated":true}]}}