{"id":3356,"date":"2016-03-30T17:03:19","date_gmt":"2016-03-30T15:03:19","guid":{"rendered":"https:\/\/www.globalong.com\/blog\/?page_id=3356"},"modified":"2022-05-08T16:16:52","modified_gmt":"2022-05-08T14:16:52","slug":"vietnam-lucie-voyage-humanitaire-voyager-benevolat-humanitariat-enfants-aide-asie-globalong","status":"publish","type":"page","link":"https:\/\/www.globalong.com\/blog\/avis-temoignages-globalong\/vietnam-lucie-voyage-humanitaire-voyager-benevolat-humanitariat-enfants-aide-asie-globalong\/","title":{"rendered":"Vietnam &#8211; Lucie"},"content":{"rendered":"<h4 style=\"text-align: center;\"><span style=\"color: #b81657;\">T\u00e9moignage de Lucie\u00a0b\u00e9n\u00e9vole au Vietnam avec Globalong<\/span><\/h4>\n<p style=\"text-align: justify;\"><a href=\"https:\/\/www.globalong.com\/blog\/wp-content\/uploads\/2016\/03\/09_viet.jpg\" rel=\"attachment wp-att-3367\"><img loading=\"lazy\" decoding=\"async\" class=\"wp-image-3367 aligncenter\" src=\"https:\/\/www.globalong.com\/blog\/wp-content\/uploads\/2016\/03\/09_viet.jpg\" alt=\"Mission de b\u00e9n\u00e9volat \u00e0 Hano\u00ef au Vietnam avec Globalong\" width=\"250\" height=\"250\" srcset=\"https:\/\/www.globalong.com\/blog\/wp-content\/uploads\/2016\/03\/09_viet.jpg 190w, https:\/\/www.globalong.com\/blog\/wp-content\/uploads\/2016\/03\/09_viet-150x150.jpg 150w\" sizes=\"(max-width: 250px) 100vw, 250px\" \/><\/a>Je suis partie au <span style=\"text-decoration: underline;\"><a href=\"https:\/\/www.globalong.com\/sejour-benevolat\/benevolat-vietnam-humanitaire.html\" target=\"_blank\" rel=\"noopener\">Vietnam durant 3 semaines.<\/a><\/span><\/p>\n<p style=\"text-align: justify;\">J\u2019ai visit\u00e9 Ninh Binh, Along Baie, Old quater et pu rencontrer des personnes int\u00e9ressantes dont les volontaires et l\u2019\u00e9quipe locale.<\/p>\n<p style=\"text-align: justify;\">Je souhaitais partir pour faire du b\u00e9n\u00e9volat aupr\u00e8s d\u2019enfants et par la m\u00eame occasion d\u00e9couvrir une nouvelle culture.<\/p>\n<p style=\"text-align: justify;\">Ma p\u00e9riode d\u2019introduction s\u2019est bien pass\u00e9.<\/p>\n<p style=\"text-align: justify;\">Elle \u00e9tait tr\u00e8s compl\u00e8te et bien organis\u00e9, on a fait des city tour, on a suivi des cours de vietnamiens et des pr\u00e9sentations de la culture vietnamienne.<\/p>\n<p style=\"text-align: justify;\">Ma p\u00e9riode de b\u00e9n\u00e9volat \u00e9tait difficile au d\u00e9but mais<a href=\"https:\/\/www.globalong.com\/blog\/wp-content\/uploads\/2016\/03\/19_viet.jpg\" rel=\"attachment wp-att-3371\"><img loading=\"lazy\" decoding=\"async\" class=\"wp-image-3371 aligncenter\" src=\"https:\/\/www.globalong.com\/blog\/wp-content\/uploads\/2016\/03\/19_viet.jpg\" alt=\"Mission de b\u00e9n\u00e9volat \u00e0 Hano\u00ef au Vietnam avec Globalong\" width=\"250\" height=\"250\" srcset=\"https:\/\/www.globalong.com\/blog\/wp-content\/uploads\/2016\/03\/19_viet.jpg 190w, https:\/\/www.globalong.com\/blog\/wp-content\/uploads\/2016\/03\/19_viet-150x150.jpg 150w\" sizes=\"(max-width: 250px) 100vw, 250px\" \/><\/a> je me suis vite attach\u00e9e aux enfants dans j\u2019ai\u00a0ai pris beaucoup de plaisir.<\/p>\n<p style=\"text-align: justify;\">De temps en temps j\u2019ai eu besoin de l\u2019aide du coordinateur sur place.<\/p>\n<p style=\"text-align: justify;\">Lui et l\u2019\u00e9quipe locale \u00e9tait l\u00e0 \u00e0 chaque dois pour m\u2019aider et r\u00e9pondre \u00e0 toutes mes questions.<\/p>\n<p style=\"text-align: justify;\">J\u2019ai beaucoup gagn\u00e9 \u00e0 travers cette exp\u00e9rience. Mon niveau d\u2019anglais est meilleur tout comme ma confiance. Je sais dor\u00e9navant que je saurais lors d\u2019un prochain voyage me d\u00e9brouiller dans d\u2019autres o\u00f9 j\u2019irais. N\u2019attendez rien de pr\u00e9cis, vivez votre aventure et vous appr\u00e9cierez d\u2019autant plus les surprises qu\u2019il vous r\u00e9serve.<\/p>\n<p style=\"text-align: justify;\"><a href=\"https:\/\/www.globalong.com\/blog\/wp-content\/uploads\/2016\/03\/22_viet.jpg\" rel=\"attachment wp-att-3376\"><img loading=\"lazy\" decoding=\"async\" class=\"wp-image-3376 aligncenter\" src=\"https:\/\/www.globalong.com\/blog\/wp-content\/uploads\/2016\/03\/22_viet.jpg\" alt=\"Mission de b\u00e9n\u00e9volat \u00e0 Hano\u00ef au Vietnam avec Globalong\" width=\"250\" height=\"250\" srcset=\"https:\/\/www.globalong.com\/blog\/wp-content\/uploads\/2016\/03\/22_viet.jpg 190w, https:\/\/www.globalong.com\/blog\/wp-content\/uploads\/2016\/03\/22_viet-150x150.jpg 150w\" sizes=\"(max-width: 250px) 100vw, 250px\" \/><\/a>Chacun doit vivre sa propre aventure et je pense que les guides de pr\u00e9paration au voyage et sur la destination ainsi que Globalong donne sont suffisant.<\/p>\n<p style=\"text-align: justify;\">Quand je suis rentr\u00e9e chez moi, la vie a repris son cours mais avec une plus grande ouverture d\u2019esprit, des souvenirs pleins la t\u00eate et pleins d\u2019amis \u00e0 travers le monde.<\/p>\n<p style=\"text-align: justify;\">J\u2019aurais plaisir \u00e0 conseiller Globalong aupr\u00e8s de mes amis si leur projet se rapproche \u00e0 ce que Globalong propose.<\/p>\n<p style=\"text-align: justify;\">Lucie.<\/p>\n<p style=\"text-align: left;\">Vous aussi partez en mission avec Globalong au Vietnam en<span style=\"text-decoration: underline;\"><a href=\"https:\/\/www.globalong.com\/sejour-benevolat\/benevolat-vietnam-humanitaire.html\" target=\"_blank\" rel=\"noopener\"> cliquant ici !<\/a><\/span><\/p>\n<p style=\"text-align: left;\">N&rsquo;h\u00e9sitez pas \u00e0 nous contacter pour plus d&rsquo;informations \u00e0 l&rsquo;adresse <span style=\"text-decoration: underline;\"><a href=\"mailto:info@globalong.com\">info@globalong.com<\/a><\/span><\/p>\n<p style=\"text-align: left;\"><span style=\"text-decoration: underline;\"><span style=\"color: #b81657;\"><a href=\"https:\/\/www.flickr.com\/photos\/globalong\/albums\/72157639806172666\" target=\"_blank\" rel=\"noopener\">D\u00e9couvrez plus de photos du Vietnam\u00a0ici !<\/a><\/span><\/span><\/p>\n","protected":false},"excerpt":{"rendered":"<p>T\u00e9moignage de Lucie\u00a0b\u00e9n\u00e9vole au Vietnam avec Globalong Je suis partie au Vietnam durant 3 semaines. J\u2019ai visit\u00e9 Ninh Binh, Along Baie, Old quater et pu rencontrer des personnes int\u00e9ressantes dont les volontaires et l\u2019\u00e9quipe locale. Je souhaitais partir pour faire du b\u00e9n\u00e9volat aupr\u00e8s d\u2019enfants et par la m\u00eame occasion d\u00e9couvrir une nouvelle culture. Ma p\u00e9riode [&hellip;]<\/p>\n","protected":false},"author":3,"featured_media":3381,"parent":883,"menu_order":0,"comment_status":"closed","ping_status":"closed","template":"","meta":{"footnotes":""},"yoast_head":"<!-- This site is optimized with the Yoast SEO Premium plugin v23.4 (Yoast SEO v23.4) - https:\/\/yoast.com\/wordpress\/plugins\/seo\/ -->\n<title>Vietnam - Lucie - Association Globalong<\/title>\n<meta name=\"robots\" content=\"index, follow, max-snippet:-1, max-image-preview:large, max-video-preview:-1\" \/>\n<link rel=\"canonical\" href=\"https:\/\/www.globalong.com\/blog\/avis-temoignages-globalong\/vietnam-lucie-voyage-humanitaire-voyager-benevolat-humanitariat-enfants-aide-asie-globalong\/\" \/>\n<meta property=\"og:locale\" content=\"fr_FR\" \/>\n<meta property=\"og:type\" content=\"article\" \/>\n<meta property=\"og:title\" content=\"Vietnam - Lucie\" \/>\n<meta property=\"og:description\" content=\"T\u00e9moignage de Lucie\u00a0b\u00e9n\u00e9vole au Vietnam avec Globalong Je suis partie au Vietnam durant 3 semaines. J\u2019ai visit\u00e9 Ninh Binh, Along Baie, Old quater et pu rencontrer des personnes int\u00e9ressantes dont les volontaires et l\u2019\u00e9quipe locale. Je souhaitais partir pour faire du b\u00e9n\u00e9volat aupr\u00e8s d\u2019enfants et par la m\u00eame occasion d\u00e9couvrir une nouvelle culture. Ma p\u00e9riode [&hellip;]\" \/>\n<meta property=\"og:url\" content=\"https:\/\/www.globalong.com\/blog\/avis-temoignages-globalong\/vietnam-lucie-voyage-humanitaire-voyager-benevolat-humanitariat-enfants-aide-asie-globalong\/\" \/>\n<meta property=\"og:site_name\" content=\"Association Globalong\" \/>\n<meta property=\"article:publisher\" content=\"https:\/\/www.facebook.com\/globalong\" \/>\n<meta property=\"article:modified_time\" content=\"2022-05-08T14:16:52+00:00\" \/>\n<meta property=\"og:image\" content=\"https:\/\/www.globalong.com\/blog\/wp-content\/uploads\/2016\/03\/17_viet.jpg\" \/>\n\t<meta property=\"og:image:width\" content=\"190\" \/>\n\t<meta property=\"og:image:height\" content=\"190\" \/>\n\t<meta property=\"og:image:type\" content=\"image\/jpeg\" \/>\n<meta name=\"twitter:card\" content=\"summary_large_image\" \/>\n<meta name=\"twitter:label1\" content=\"Dur\u00e9e de lecture estim\u00e9e\" \/>\n\t<meta name=\"twitter:data1\" content=\"2 minutes\" \/>\n<script type=\"application\/ld+json\" class=\"yoast-schema-graph\">{\"@context\":\"https:\/\/schema.org\",\"@graph\":[{\"@type\":\"WebPage\",\"@id\":\"https:\/\/www.globalong.com\/blog\/avis-temoignages-globalong\/vietnam-lucie-voyage-humanitaire-voyager-benevolat-humanitariat-enfants-aide-asie-globalong\/\",\"url\":\"https:\/\/www.globalong.com\/blog\/avis-temoignages-globalong\/vietnam-lucie-voyage-humanitaire-voyager-benevolat-humanitariat-enfants-aide-asie-globalong\/\",\"name\":\"Vietnam - Lucie - Association Globalong\",\"isPartOf\":{\"@id\":\"https:\/\/www.globalong.com\/blog\/#website\"},\"primaryImageOfPage\":{\"@id\":\"https:\/\/www.globalong.com\/blog\/avis-temoignages-globalong\/vietnam-lucie-voyage-humanitaire-voyager-benevolat-humanitariat-enfants-aide-asie-globalong\/#primaryimage\"},\"image\":{\"@id\":\"https:\/\/www.globalong.com\/blog\/avis-temoignages-globalong\/vietnam-lucie-voyage-humanitaire-voyager-benevolat-humanitariat-enfants-aide-asie-globalong\/#primaryimage\"},\"thumbnailUrl\":\"https:\/\/www.globalong.com\/blog\/wp-content\/uploads\/2016\/03\/17_viet.jpg\",\"datePublished\":\"2016-03-30T15:03:19+00:00\",\"dateModified\":\"2022-05-08T14:16:52+00:00\",\"breadcrumb\":{\"@id\":\"https:\/\/www.globalong.com\/blog\/avis-temoignages-globalong\/vietnam-lucie-voyage-humanitaire-voyager-benevolat-humanitariat-enfants-aide-asie-globalong\/#breadcrumb\"},\"inLanguage\":\"fr-FR\",\"potentialAction\":[{\"@type\":\"ReadAction\",\"target\":[\"https:\/\/www.globalong.com\/blog\/avis-temoignages-globalong\/vietnam-lucie-voyage-humanitaire-voyager-benevolat-humanitariat-enfants-aide-asie-globalong\/\"]}]},{\"@type\":\"ImageObject\",\"inLanguage\":\"fr-FR\",\"@id\":\"https:\/\/www.globalong.com\/blog\/avis-temoignages-globalong\/vietnam-lucie-voyage-humanitaire-voyager-benevolat-humanitariat-enfants-aide-asie-globalong\/#primaryimage\",\"url\":\"https:\/\/www.globalong.com\/blog\/wp-content\/uploads\/2016\/03\/17_viet.jpg\",\"contentUrl\":\"https:\/\/www.globalong.com\/blog\/wp-content\/uploads\/2016\/03\/17_viet.jpg\",\"width\":190,\"height\":190,\"caption\":\"Mission de b\u00e9n\u00e9volat \u00e0 Hano\u00ef au Vietnam avec Globalong\"},{\"@type\":\"BreadcrumbList\",\"@id\":\"https:\/\/www.globalong.com\/blog\/avis-temoignages-globalong\/vietnam-lucie-voyage-humanitaire-voyager-benevolat-humanitariat-enfants-aide-asie-globalong\/#breadcrumb\",\"itemListElement\":[{\"@type\":\"ListItem\",\"position\":1,\"name\":\"Accueil\",\"item\":\"https:\/\/www.globalong.com\/blog\/\"},{\"@type\":\"ListItem\",\"position\":2,\"name\":\"T\u00e9moignages et avis de volontaires Globalong\",\"item\":\"https:\/\/www.globalong.com\/blog\/avis-temoignages-globalong\/\"},{\"@type\":\"ListItem\",\"position\":3,\"name\":\"Vietnam &#8211; Lucie\"}]},{\"@type\":\"WebSite\",\"@id\":\"https:\/\/www.globalong.com\/blog\/#website\",\"url\":\"https:\/\/www.globalong.com\/blog\/\",\"name\":\"https:\/\/www.globalong.com\/\",\"description\":\"Mission humanitaire, stage \u00e9tudiant et voyage linguistique\",\"publisher\":{\"@id\":\"https:\/\/www.globalong.com\/blog\/#organization\"},\"potentialAction\":[{\"@type\":\"SearchAction\",\"target\":{\"@type\":\"EntryPoint\",\"urlTemplate\":\"https:\/\/www.globalong.com\/blog\/?s={search_term_string}\"},\"query-input\":{\"@type\":\"PropertyValueSpecification\",\"valueRequired\":true,\"valueName\":\"search_term_string\"}}],\"inLanguage\":\"fr-FR\"},{\"@type\":\"Organization\",\"@id\":\"https:\/\/www.globalong.com\/blog\/#organization\",\"name\":\"Association Globalong\",\"url\":\"https:\/\/www.globalong.com\/blog\/\",\"logo\":{\"@type\":\"ImageObject\",\"inLanguage\":\"fr-FR\",\"@id\":\"https:\/\/www.globalong.com\/blog\/#\/schema\/logo\/image\/\",\"url\":\"https:\/\/www.globalong.com\/blog\/wp-content\/uploads\/2014\/11\/cropped-cropped-Logo-et-Afrique-Globalong-petite-taille-2.jpg\",\"contentUrl\":\"https:\/\/www.globalong.com\/blog\/wp-content\/uploads\/2014\/11\/cropped-cropped-Logo-et-Afrique-Globalong-petite-taille-2.jpg\",\"width\":512,\"height\":512,\"caption\":\"Association Globalong\"},\"image\":{\"@id\":\"https:\/\/www.globalong.com\/blog\/#\/schema\/logo\/image\/\"},\"sameAs\":[\"https:\/\/www.facebook.com\/globalong\"]}]}<\/script>\n<!-- \/ Yoast SEO Premium plugin. -->","yoast_head_json":{"title":"Vietnam - Lucie - Association Globalong","robots":{"index":"index","follow":"follow","max-snippet":"max-snippet:-1","max-image-preview":"max-image-preview:large","max-video-preview":"max-video-preview:-1"},"canonical":"https:\/\/www.globalong.com\/blog\/avis-temoignages-globalong\/vietnam-lucie-voyage-humanitaire-voyager-benevolat-humanitariat-enfants-aide-asie-globalong\/","og_locale":"fr_FR","og_type":"article","og_title":"Vietnam - Lucie","og_description":"T\u00e9moignage de Lucie\u00a0b\u00e9n\u00e9vole au Vietnam avec Globalong Je suis partie au Vietnam durant 3 semaines. J\u2019ai visit\u00e9 Ninh Binh, Along Baie, Old quater et pu rencontrer des personnes int\u00e9ressantes dont les volontaires et l\u2019\u00e9quipe locale. Je souhaitais partir pour faire du b\u00e9n\u00e9volat aupr\u00e8s d\u2019enfants et par la m\u00eame occasion d\u00e9couvrir une nouvelle culture. Ma p\u00e9riode [&hellip;]","og_url":"https:\/\/www.globalong.com\/blog\/avis-temoignages-globalong\/vietnam-lucie-voyage-humanitaire-voyager-benevolat-humanitariat-enfants-aide-asie-globalong\/","og_site_name":"Association Globalong","article_publisher":"https:\/\/www.facebook.com\/globalong","article_modified_time":"2022-05-08T14:16:52+00:00","og_image":[{"width":190,"height":190,"url":"https:\/\/www.globalong.com\/blog\/wp-content\/uploads\/2016\/03\/17_viet.jpg","type":"image\/jpeg"}],"twitter_card":"summary_large_image","twitter_misc":{"Dur\u00e9e de lecture estim\u00e9e":"2 minutes"},"schema":{"@context":"https:\/\/schema.org","@graph":[{"@type":"WebPage","@id":"https:\/\/www.globalong.com\/blog\/avis-temoignages-globalong\/vietnam-lucie-voyage-humanitaire-voyager-benevolat-humanitariat-enfants-aide-asie-globalong\/","url":"https:\/\/www.globalong.com\/blog\/avis-temoignages-globalong\/vietnam-lucie-voyage-humanitaire-voyager-benevolat-humanitariat-enfants-aide-asie-globalong\/","name":"Vietnam - Lucie - Association Globalong","isPartOf":{"@id":"https:\/\/www.globalong.com\/blog\/#website"},"primaryImageOfPage":{"@id":"https:\/\/www.globalong.com\/blog\/avis-temoignages-globalong\/vietnam-lucie-voyage-humanitaire-voyager-benevolat-humanitariat-enfants-aide-asie-globalong\/#primaryimage"},"image":{"@id":"https:\/\/www.globalong.com\/blog\/avis-temoignages-globalong\/vietnam-lucie-voyage-humanitaire-voyager-benevolat-humanitariat-enfants-aide-asie-globalong\/#primaryimage"},"thumbnailUrl":"https:\/\/www.globalong.com\/blog\/wp-content\/uploads\/2016\/03\/17_viet.jpg","datePublished":"2016-03-30T15:03:19+00:00","dateModified":"2022-05-08T14:16:52+00:00","breadcrumb":{"@id":"https:\/\/www.globalong.com\/blog\/avis-temoignages-globalong\/vietnam-lucie-voyage-humanitaire-voyager-benevolat-humanitariat-enfants-aide-asie-globalong\/#breadcrumb"},"inLanguage":"fr-FR","potentialAction":[{"@type":"ReadAction","target":["https:\/\/www.globalong.com\/blog\/avis-temoignages-globalong\/vietnam-lucie-voyage-humanitaire-voyager-benevolat-humanitariat-enfants-aide-asie-globalong\/"]}]},{"@type":"ImageObject","inLanguage":"fr-FR","@id":"https:\/\/www.globalong.com\/blog\/avis-temoignages-globalong\/vietnam-lucie-voyage-humanitaire-voyager-benevolat-humanitariat-enfants-aide-asie-globalong\/#primaryimage","url":"https:\/\/www.globalong.com\/blog\/wp-content\/uploads\/2016\/03\/17_viet.jpg","contentUrl":"https:\/\/www.globalong.com\/blog\/wp-content\/uploads\/2016\/03\/17_viet.jpg","width":190,"height":190,"caption":"Mission de b\u00e9n\u00e9volat \u00e0 Hano\u00ef au Vietnam avec Globalong"},{"@type":"BreadcrumbList","@id":"https:\/\/www.globalong.com\/blog\/avis-temoignages-globalong\/vietnam-lucie-voyage-humanitaire-voyager-benevolat-humanitariat-enfants-aide-asie-globalong\/#breadcrumb","itemListElement":[{"@type":"ListItem","position":1,"name":"Accueil","item":"https:\/\/www.globalong.com\/blog\/"},{"@type":"ListItem","position":2,"name":"T\u00e9moignages et avis de volontaires Globalong","item":"https:\/\/www.globalong.com\/blog\/avis-temoignages-globalong\/"},{"@type":"ListItem","position":3,"name":"Vietnam &#8211; Lucie"}]},{"@type":"WebSite","@id":"https:\/\/www.globalong.com\/blog\/#website","url":"https:\/\/www.globalong.com\/blog\/","name":"https:\/\/www.globalong.com\/","description":"Mission humanitaire, stage \u00e9tudiant et voyage linguistique","publisher":{"@id":"https:\/\/www.globalong.com\/blog\/#organization"},"potentialAction":[{"@type":"SearchAction","target":{"@type":"EntryPoint","urlTemplate":"https:\/\/www.globalong.com\/blog\/?s={search_term_string}"},"query-input":{"@type":"PropertyValueSpecification","valueRequired":true,"valueName":"search_term_string"}}],"inLanguage":"fr-FR"},{"@type":"Organization","@id":"https:\/\/www.globalong.com\/blog\/#organization","name":"Association Globalong","url":"https:\/\/www.globalong.com\/blog\/","logo":{"@type":"ImageObject","inLanguage":"fr-FR","@id":"https:\/\/www.globalong.com\/blog\/#\/schema\/logo\/image\/","url":"https:\/\/www.globalong.com\/blog\/wp-content\/uploads\/2014\/11\/cropped-cropped-Logo-et-Afrique-Globalong-petite-taille-2.jpg","contentUrl":"https:\/\/www.globalong.com\/blog\/wp-content\/uploads\/2014\/11\/cropped-cropped-Logo-et-Afrique-Globalong-petite-taille-2.jpg","width":512,"height":512,"caption":"Association Globalong"},"image":{"@id":"https:\/\/www.globalong.com\/blog\/#\/schema\/logo\/image\/"},"sameAs":["https:\/\/www.facebook.com\/globalong"]}]}},"_links":{"self":[{"href":"https:\/\/www.globalong.com\/blog\/wp-json\/wp\/v2\/pages\/3356"}],"collection":[{"href":"https:\/\/www.globalong.com\/blog\/wp-json\/wp\/v2\/pages"}],"about":[{"href":"https:\/\/www.globalong.com\/blog\/wp-json\/wp\/v2\/types\/page"}],"author":[{"embeddable":true,"href":"https:\/\/www.globalong.com\/blog\/wp-json\/wp\/v2\/users\/3"}],"replies":[{"embeddable":true,"href":"https:\/\/www.globalong.com\/blog\/wp-json\/wp\/v2\/comments?post=3356"}],"version-history":[{"count":14,"href":"https:\/\/www.globalong.com\/blog\/wp-json\/wp\/v2\/pages\/3356\/revisions"}],"predecessor-version":[{"id":14618,"href":"https:\/\/www.globalong.com\/blog\/wp-json\/wp\/v2\/pages\/3356\/revisions\/14618"}],"up":[{"embeddable":true,"href":"https:\/\/www.globalong.com\/blog\/wp-json\/wp\/v2\/pages\/883"}],"wp:featuredmedia":[{"embeddable":true,"href":"https:\/\/www.globalong.com\/blog\/wp-json\/wp\/v2\/media\/3381"}],"wp:attachment":[{"href":"https:\/\/www.globalong.com\/blog\/wp-json\/wp\/v2\/media?parent=3356"}],"curies":[{"name":"wp","href":"https:\/\/api.w.org\/{rel}","templated":true}]}}