{"id":3386,"date":"2016-03-31T09:50:18","date_gmt":"2016-03-31T07:50:18","guid":{"rendered":"https:\/\/www.globalong.com\/blog\/?page_id=3386"},"modified":"2022-05-08T16:11:54","modified_gmt":"2022-05-08T14:11:54","slug":"vietnam-asie-stage-globalong-humanitaire-volontariat-voyager-programme-d-aide-benevolat-humanitariat-volontaire-participer-a-une-mission","status":"publish","type":"page","link":"https:\/\/www.globalong.com\/blog\/avis-temoignages-globalong\/vietnam-asie-stage-globalong-humanitaire-volontariat-voyager-programme-d-aide-benevolat-humanitariat-volontaire-participer-a-une-mission\/","title":{"rendered":"Vietnam &#8211; Laura"},"content":{"rendered":"<p style=\"text-align: center;\"><span style=\"color: #b81657;\"><strong>T\u00e9moignage de Laura, b\u00e9n\u00e9vole avec Globalong au Vietnam<\/strong><\/span><\/p>\n<p style=\"text-align: justify;\"><a href=\"https:\/\/www.globalong.com\/blog\/wp-content\/uploads\/2016\/03\/11312857_10204582793991341_8258545735125275011_o.jpg\" rel=\"attachment wp-att-3387\"><img loading=\"lazy\" decoding=\"async\" class=\"wp-image-3387 size-medium aligncenter\" src=\"https:\/\/www.globalong.com\/blog\/wp-content\/uploads\/2016\/03\/11312857_10204582793991341_8258545735125275011_o-300x169.jpg\" alt=\"Mission de b\u00e9n\u00e9volat au Vietnam avec Globalong en Asie\" width=\"300\" height=\"169\" srcset=\"https:\/\/www.globalong.com\/blog\/wp-content\/uploads\/2016\/03\/11312857_10204582793991341_8258545735125275011_o-300x169.jpg 300w, https:\/\/www.globalong.com\/blog\/wp-content\/uploads\/2016\/03\/11312857_10204582793991341_8258545735125275011_o-768x432.jpg 768w, https:\/\/www.globalong.com\/blog\/wp-content\/uploads\/2016\/03\/11312857_10204582793991341_8258545735125275011_o-1024x576.jpg 1024w, https:\/\/www.globalong.com\/blog\/wp-content\/uploads\/2016\/03\/11312857_10204582793991341_8258545735125275011_o-150x84.jpg 150w, https:\/\/www.globalong.com\/blog\/wp-content\/uploads\/2016\/03\/11312857_10204582793991341_8258545735125275011_o.jpg 1280w\" sizes=\"(max-width: 300px) 100vw, 300px\" \/><\/a>Je suis all\u00e9e au <span style=\"text-decoration: underline;\"><a href=\"https:\/\/www.globalong.com\/sejour-benevolat\/benevolat-vietnam-humanitaire.html\" target=\"_blank\" rel=\"noopener\">Vietnam, \u00e0 Hanoi.<\/a><\/span> Je suis rest\u00e9e <strong>2 mois.<\/strong><\/p>\n<p style=\"text-align: justify;\">Nous sommes all\u00e9es \u00e0 Sapa un tr\u00e8s beau voyage, nous avons \u00e9galement visit\u00e9 les communaut\u00e9s de Hoa Bin, An Lac, puis nous sommes all\u00e9es \u00e0 Ninh Binh pour faire la baie d&rsquo;Halong terrestre \u00e0 Tam Coc.<\/p>\n<p style=\"text-align: justify;\">Puis nous avons fait la Full moon party \u00e0 Cat Ba en passant par la baie d&rsquo;Halong sur l&rsquo;eau. Nous avons fini avec une semaine \u00e0 Hoi An.<\/p>\n<p style=\"text-align: justify;\"><a href=\"https:\/\/www.globalong.com\/blog\/wp-content\/uploads\/2016\/03\/20150516_174726.jpg\" rel=\"attachment wp-att-3388\"><img loading=\"lazy\" decoding=\"async\" class=\"size-medium wp-image-3388 aligncenter\" src=\"https:\/\/www.globalong.com\/blog\/wp-content\/uploads\/2016\/03\/20150516_174726-300x169.jpg\" alt=\"Mission de b\u00e9n\u00e9volat au Vietnam avec Globalong en Asie\" width=\"300\" height=\"169\" srcset=\"https:\/\/www.globalong.com\/blog\/wp-content\/uploads\/2016\/03\/20150516_174726-300x169.jpg 300w, https:\/\/www.globalong.com\/blog\/wp-content\/uploads\/2016\/03\/20150516_174726-768x432.jpg 768w, https:\/\/www.globalong.com\/blog\/wp-content\/uploads\/2016\/03\/20150516_174726-1024x576.jpg 1024w, https:\/\/www.globalong.com\/blog\/wp-content\/uploads\/2016\/03\/20150516_174726-150x84.jpg 150w\" sizes=\"(max-width: 300px) 100vw, 300px\" \/><\/a>A chaque minutes de mon voyage j\u2019ai fait des rencontres int\u00e9ressantes. Cependant ce sont les rencontres dans les communaut\u00e9s un peu \u00e9loign\u00e9es du tourisme de masse qui \u00e9taient les plus enrichissantes.<\/p>\n<p style=\"text-align: justify;\">Les locaux ont tellement de choses \u00e0 apporter \u00e0 des europ\u00e9ens comme nous. Etre log\u00e9 dans une maison avec tous les volontaires \u00e9taient une superbe exp\u00e9rience. J\u2019ai rencontr\u00e9 des gens du monde entier et c\u2019\u00e9tait vraiment tr\u00e8s int\u00e9ressant.<\/p>\n<p style=\"text-align: justify;\"><a href=\"https:\/\/www.globalong.com\/blog\/wp-content\/uploads\/2016\/03\/20150516_182428.jpg\" rel=\"attachment wp-att-3390\"><img loading=\"lazy\" decoding=\"async\" class=\"size-medium wp-image-3390 aligncenter\" src=\"https:\/\/www.globalong.com\/blog\/wp-content\/uploads\/2016\/03\/20150516_182428-300x169.jpg\" alt=\"Mission de b\u00e9n\u00e9volat au Vietnam avec Globalong en Asie\" width=\"300\" height=\"169\" srcset=\"https:\/\/www.globalong.com\/blog\/wp-content\/uploads\/2016\/03\/20150516_182428-300x169.jpg 300w, https:\/\/www.globalong.com\/blog\/wp-content\/uploads\/2016\/03\/20150516_182428-768x432.jpg 768w, https:\/\/www.globalong.com\/blog\/wp-content\/uploads\/2016\/03\/20150516_182428-1024x576.jpg 1024w, https:\/\/www.globalong.com\/blog\/wp-content\/uploads\/2016\/03\/20150516_182428-150x84.jpg 150w, https:\/\/www.globalong.com\/blog\/wp-content\/uploads\/2016\/03\/20150516_182428.jpg 1920w\" sizes=\"(max-width: 300px) 100vw, 300px\" \/><\/a>Je voulais partir en mission de b\u00e9n\u00e9volat car j&rsquo;adore partir \u00e0 l&rsquo;\u00e9tranger. \u00c7a me permet de me retrouver, et c&rsquo;est la meilleure solution pour \u00e9voluer autant professionnellement que personnellement. C&rsquo;est la plus belle exp\u00e9rience \u00e0 faire \u00e0 20ans. Je voulais d\u00e9couvrir autre chose, et voir la vie d&rsquo;une autre fa\u00e7on.<\/p>\n<p style=\"text-align: justify;\">On\u00a0est tous super motiv\u00e9s et engag\u00e9s dans les projets de volontariats tout cela a \u00e9t\u00e9 tr\u00e8s enrichissants.<\/p>\n<p style=\"text-align: justify;\"><a href=\"https:\/\/www.globalong.com\/blog\/wp-content\/uploads\/2016\/03\/P1040130.jpg\" rel=\"attachment wp-att-3391\"><img loading=\"lazy\" decoding=\"async\" class=\"size-medium wp-image-3391 aligncenter\" src=\"https:\/\/www.globalong.com\/blog\/wp-content\/uploads\/2016\/03\/P1040130-300x200.jpg\" alt=\"Mission de b\u00e9n\u00e9volat au Vietnam avec Globalong en Asie\" width=\"300\" height=\"200\" srcset=\"https:\/\/www.globalong.com\/blog\/wp-content\/uploads\/2016\/03\/P1040130-300x200.jpg 300w, https:\/\/www.globalong.com\/blog\/wp-content\/uploads\/2016\/03\/P1040130-768x512.jpg 768w, https:\/\/www.globalong.com\/blog\/wp-content\/uploads\/2016\/03\/P1040130-1024x683.jpg 1024w, https:\/\/www.globalong.com\/blog\/wp-content\/uploads\/2016\/03\/P1040130-150x100.jpg 150w\" sizes=\"(max-width: 300px) 100vw, 300px\" \/><\/a>En ce qui concerne ma p\u00e9riode de b\u00e9n\u00e9volat c\u2019\u00e9tait super, j&rsquo;ai tellement appris\u2026<\/p>\n<p style=\"text-align: justify;\">Les rencontres sont vraiment les bases du s\u00e9jour. Aider les autres en faisant quelque chose que l&rsquo;on aime c&rsquo;est la meilleure fa\u00e7on de grandir et de prendre en maturit\u00e9 et en autonomie. C&rsquo;est tr\u00e8s professionnalisant.<\/p>\n<p style=\"text-align: justify;\">Le coordinateur local \u00e9tait pr\u00e9sent et c\u2019\u00e9tait tr\u00e8s important pour moi de suivre ses conseils et de partager avec les locaux.<\/p>\n<p style=\"text-align: justify;\"><a href=\"https:\/\/www.globalong.com\/blog\/wp-content\/uploads\/2016\/03\/P1040237.jpg\" rel=\"attachment wp-att-3392\"><img loading=\"lazy\" decoding=\"async\" class=\"size-medium wp-image-3392 aligncenter\" src=\"https:\/\/www.globalong.com\/blog\/wp-content\/uploads\/2016\/03\/P1040237-300x200.jpg\" alt=\"Mission de b\u00e9n\u00e9volat au Vietnam avec Globalong en Asie\" width=\"300\" height=\"200\" srcset=\"https:\/\/www.globalong.com\/blog\/wp-content\/uploads\/2016\/03\/P1040237-300x200.jpg 300w, https:\/\/www.globalong.com\/blog\/wp-content\/uploads\/2016\/03\/P1040237-768x512.jpg 768w, https:\/\/www.globalong.com\/blog\/wp-content\/uploads\/2016\/03\/P1040237-1024x683.jpg 1024w, https:\/\/www.globalong.com\/blog\/wp-content\/uploads\/2016\/03\/P1040237-150x100.jpg 150w\" sizes=\"(max-width: 300px) 100vw, 300px\" \/><\/a>Sans aucun doute, cette exp\u00e9rience m&rsquo;a confort\u00e9e dans mon choix professionnel qui est de travailler dans le tourisme durable.<\/p>\n<p style=\"text-align: justify;\">Mon retour \u00e0 la maison s\u2019est bien pass\u00e9 mais c\u2019\u00e9tait surprenant.<\/p>\n<p style=\"text-align: justify;\">En revoyant nos habitudes tout en ayant chang\u00e9 de point de vue sur beaucoup de choses. Cela a mis plusieurs semaines mais on revient vites aux habitudes du quotidien.<\/p>\n<p style=\"text-align: justify;\">Mon conseils aux futurs b\u00e9n\u00e9voles ? Profiter \u00e0 fond de son voyage, faire les choses jusqu\u2019au bout, rester l&rsquo;esprit ouvert. Respectez les autres et adaptez vous \u00e0 la culture de chacun.<\/p>\n<p style=\"text-align: justify;\">Je conseillerais \u00e0 tous de partir avec Globalong !<\/p>\n<p style=\"text-align: justify;\">Merci pour tout c&rsquo;\u00e9tait vraiment incroyable.<\/p>\n<p>Laura.<\/p>\n<p style=\"text-align: center;\">Pour d\u00e9couvrir plus de photos du Vietnam, <span style=\"text-decoration: underline;\"><a href=\"https:\/\/www.flickr.com\/photos\/globalong\/albums\/72157639806172666\/with\/21918378143\/\" target=\"_blank\" rel=\"noopener\">cliquez ici<\/a><\/span> !<\/p>\n<p style=\"text-align: center;\">Pour d\u00e9couvrir les programmes de b\u00e9n\u00e9volat au Vietnam <span style=\"text-decoration: underline;\"><a href=\"https:\/\/www.globalong.com\/sejour-benevolat\/benevolat-vietnam-humanitaire.html\" target=\"_blank\" rel=\"noopener\">cliquez ici<\/a><\/span> !<\/p>\n<p style=\"text-align: center;\">N&rsquo;h\u00e9sitez pas \u00e0 nous contacter pour plus d&rsquo;informations \u00e0 <span style=\"text-decoration: underline; color: #b81657;\"><a style=\"color: #b81657; text-decoration: underline;\" href=\"mailto:info@globalong.com\">info@globalong.com<\/a><\/span><\/p>\n","protected":false},"excerpt":{"rendered":"<p>T\u00e9moignage de Laura, b\u00e9n\u00e9vole avec Globalong au Vietnam Je suis all\u00e9e au Vietnam, \u00e0 Hanoi. Je suis rest\u00e9e 2 mois. Nous sommes all\u00e9es \u00e0 Sapa un tr\u00e8s beau voyage, nous avons \u00e9galement visit\u00e9 les communaut\u00e9s de Hoa Bin, An Lac, puis nous sommes all\u00e9es \u00e0 Ninh Binh pour faire la baie d&rsquo;Halong terrestre \u00e0 Tam [&hellip;]<\/p>\n","protected":false},"author":3,"featured_media":3391,"parent":883,"menu_order":0,"comment_status":"closed","ping_status":"closed","template":"","meta":{"footnotes":""},"yoast_head":"<!-- This site is optimized with the Yoast SEO Premium plugin v23.4 (Yoast SEO v23.4) - https:\/\/yoast.com\/wordpress\/plugins\/seo\/ -->\n<title>Vietnam - Laura - Association Globalong<\/title>\n<meta name=\"robots\" content=\"index, follow, max-snippet:-1, max-image-preview:large, max-video-preview:-1\" \/>\n<link rel=\"canonical\" href=\"https:\/\/www.globalong.com\/blog\/avis-temoignages-globalong\/vietnam-asie-stage-globalong-humanitaire-volontariat-voyager-programme-d-aide-benevolat-humanitariat-volontaire-participer-a-une-mission\/\" \/>\n<meta property=\"og:locale\" content=\"fr_FR\" \/>\n<meta property=\"og:type\" content=\"article\" \/>\n<meta property=\"og:title\" content=\"Vietnam - Laura\" \/>\n<meta property=\"og:description\" content=\"T\u00e9moignage de Laura, b\u00e9n\u00e9vole avec Globalong au Vietnam Je suis all\u00e9e au Vietnam, \u00e0 Hanoi. Je suis rest\u00e9e 2 mois. Nous sommes all\u00e9es \u00e0 Sapa un tr\u00e8s beau voyage, nous avons \u00e9galement visit\u00e9 les communaut\u00e9s de Hoa Bin, An Lac, puis nous sommes all\u00e9es \u00e0 Ninh Binh pour faire la baie d&rsquo;Halong terrestre \u00e0 Tam [&hellip;]\" \/>\n<meta property=\"og:url\" content=\"https:\/\/www.globalong.com\/blog\/avis-temoignages-globalong\/vietnam-asie-stage-globalong-humanitaire-volontariat-voyager-programme-d-aide-benevolat-humanitariat-volontaire-participer-a-une-mission\/\" \/>\n<meta property=\"og:site_name\" content=\"Association Globalong\" \/>\n<meta property=\"article:publisher\" content=\"https:\/\/www.facebook.com\/globalong\" \/>\n<meta property=\"article:modified_time\" content=\"2022-05-08T14:11:54+00:00\" \/>\n<meta property=\"og:image\" content=\"https:\/\/www.globalong.com\/blog\/wp-content\/uploads\/2016\/03\/P1040130-1024x683.jpg\" \/>\n\t<meta property=\"og:image:width\" content=\"1024\" \/>\n\t<meta property=\"og:image:height\" content=\"683\" \/>\n\t<meta property=\"og:image:type\" content=\"image\/jpeg\" \/>\n<meta name=\"twitter:card\" content=\"summary_large_image\" \/>\n<meta name=\"twitter:label1\" content=\"Dur\u00e9e de lecture estim\u00e9e\" \/>\n\t<meta name=\"twitter:data1\" content=\"2 minutes\" \/>\n<script type=\"application\/ld+json\" class=\"yoast-schema-graph\">{\"@context\":\"https:\/\/schema.org\",\"@graph\":[{\"@type\":\"WebPage\",\"@id\":\"https:\/\/www.globalong.com\/blog\/avis-temoignages-globalong\/vietnam-asie-stage-globalong-humanitaire-volontariat-voyager-programme-d-aide-benevolat-humanitariat-volontaire-participer-a-une-mission\/\",\"url\":\"https:\/\/www.globalong.com\/blog\/avis-temoignages-globalong\/vietnam-asie-stage-globalong-humanitaire-volontariat-voyager-programme-d-aide-benevolat-humanitariat-volontaire-participer-a-une-mission\/\",\"name\":\"Vietnam - Laura - Association Globalong\",\"isPartOf\":{\"@id\":\"https:\/\/www.globalong.com\/blog\/#website\"},\"primaryImageOfPage\":{\"@id\":\"https:\/\/www.globalong.com\/blog\/avis-temoignages-globalong\/vietnam-asie-stage-globalong-humanitaire-volontariat-voyager-programme-d-aide-benevolat-humanitariat-volontaire-participer-a-une-mission\/#primaryimage\"},\"image\":{\"@id\":\"https:\/\/www.globalong.com\/blog\/avis-temoignages-globalong\/vietnam-asie-stage-globalong-humanitaire-volontariat-voyager-programme-d-aide-benevolat-humanitariat-volontaire-participer-a-une-mission\/#primaryimage\"},\"thumbnailUrl\":\"https:\/\/www.globalong.com\/blog\/wp-content\/uploads\/2016\/03\/P1040130.jpg\",\"datePublished\":\"2016-03-31T07:50:18+00:00\",\"dateModified\":\"2022-05-08T14:11:54+00:00\",\"breadcrumb\":{\"@id\":\"https:\/\/www.globalong.com\/blog\/avis-temoignages-globalong\/vietnam-asie-stage-globalong-humanitaire-volontariat-voyager-programme-d-aide-benevolat-humanitariat-volontaire-participer-a-une-mission\/#breadcrumb\"},\"inLanguage\":\"fr-FR\",\"potentialAction\":[{\"@type\":\"ReadAction\",\"target\":[\"https:\/\/www.globalong.com\/blog\/avis-temoignages-globalong\/vietnam-asie-stage-globalong-humanitaire-volontariat-voyager-programme-d-aide-benevolat-humanitariat-volontaire-participer-a-une-mission\/\"]}]},{\"@type\":\"ImageObject\",\"inLanguage\":\"fr-FR\",\"@id\":\"https:\/\/www.globalong.com\/blog\/avis-temoignages-globalong\/vietnam-asie-stage-globalong-humanitaire-volontariat-voyager-programme-d-aide-benevolat-humanitariat-volontaire-participer-a-une-mission\/#primaryimage\",\"url\":\"https:\/\/www.globalong.com\/blog\/wp-content\/uploads\/2016\/03\/P1040130.jpg\",\"contentUrl\":\"https:\/\/www.globalong.com\/blog\/wp-content\/uploads\/2016\/03\/P1040130.jpg\",\"width\":3072,\"height\":2048,\"caption\":\"Voyage humanitaire en Asie\"},{\"@type\":\"BreadcrumbList\",\"@id\":\"https:\/\/www.globalong.com\/blog\/avis-temoignages-globalong\/vietnam-asie-stage-globalong-humanitaire-volontariat-voyager-programme-d-aide-benevolat-humanitariat-volontaire-participer-a-une-mission\/#breadcrumb\",\"itemListElement\":[{\"@type\":\"ListItem\",\"position\":1,\"name\":\"Accueil\",\"item\":\"https:\/\/www.globalong.com\/blog\/\"},{\"@type\":\"ListItem\",\"position\":2,\"name\":\"T\u00e9moignages et avis de volontaires Globalong\",\"item\":\"https:\/\/www.globalong.com\/blog\/avis-temoignages-globalong\/\"},{\"@type\":\"ListItem\",\"position\":3,\"name\":\"Vietnam &#8211; Laura\"}]},{\"@type\":\"WebSite\",\"@id\":\"https:\/\/www.globalong.com\/blog\/#website\",\"url\":\"https:\/\/www.globalong.com\/blog\/\",\"name\":\"https:\/\/www.globalong.com\/\",\"description\":\"Mission humanitaire, stage \u00e9tudiant et voyage linguistique\",\"publisher\":{\"@id\":\"https:\/\/www.globalong.com\/blog\/#organization\"},\"potentialAction\":[{\"@type\":\"SearchAction\",\"target\":{\"@type\":\"EntryPoint\",\"urlTemplate\":\"https:\/\/www.globalong.com\/blog\/?s={search_term_string}\"},\"query-input\":{\"@type\":\"PropertyValueSpecification\",\"valueRequired\":true,\"valueName\":\"search_term_string\"}}],\"inLanguage\":\"fr-FR\"},{\"@type\":\"Organization\",\"@id\":\"https:\/\/www.globalong.com\/blog\/#organization\",\"name\":\"Association Globalong\",\"url\":\"https:\/\/www.globalong.com\/blog\/\",\"logo\":{\"@type\":\"ImageObject\",\"inLanguage\":\"fr-FR\",\"@id\":\"https:\/\/www.globalong.com\/blog\/#\/schema\/logo\/image\/\",\"url\":\"https:\/\/www.globalong.com\/blog\/wp-content\/uploads\/2014\/11\/cropped-cropped-Logo-et-Afrique-Globalong-petite-taille-2.jpg\",\"contentUrl\":\"https:\/\/www.globalong.com\/blog\/wp-content\/uploads\/2014\/11\/cropped-cropped-Logo-et-Afrique-Globalong-petite-taille-2.jpg\",\"width\":512,\"height\":512,\"caption\":\"Association Globalong\"},\"image\":{\"@id\":\"https:\/\/www.globalong.com\/blog\/#\/schema\/logo\/image\/\"},\"sameAs\":[\"https:\/\/www.facebook.com\/globalong\"]}]}<\/script>\n<!-- \/ Yoast SEO Premium plugin. -->","yoast_head_json":{"title":"Vietnam - Laura - Association Globalong","robots":{"index":"index","follow":"follow","max-snippet":"max-snippet:-1","max-image-preview":"max-image-preview:large","max-video-preview":"max-video-preview:-1"},"canonical":"https:\/\/www.globalong.com\/blog\/avis-temoignages-globalong\/vietnam-asie-stage-globalong-humanitaire-volontariat-voyager-programme-d-aide-benevolat-humanitariat-volontaire-participer-a-une-mission\/","og_locale":"fr_FR","og_type":"article","og_title":"Vietnam - Laura","og_description":"T\u00e9moignage de Laura, b\u00e9n\u00e9vole avec Globalong au Vietnam Je suis all\u00e9e au Vietnam, \u00e0 Hanoi. Je suis rest\u00e9e 2 mois. Nous sommes all\u00e9es \u00e0 Sapa un tr\u00e8s beau voyage, nous avons \u00e9galement visit\u00e9 les communaut\u00e9s de Hoa Bin, An Lac, puis nous sommes all\u00e9es \u00e0 Ninh Binh pour faire la baie d&rsquo;Halong terrestre \u00e0 Tam [&hellip;]","og_url":"https:\/\/www.globalong.com\/blog\/avis-temoignages-globalong\/vietnam-asie-stage-globalong-humanitaire-volontariat-voyager-programme-d-aide-benevolat-humanitariat-volontaire-participer-a-une-mission\/","og_site_name":"Association Globalong","article_publisher":"https:\/\/www.facebook.com\/globalong","article_modified_time":"2022-05-08T14:11:54+00:00","og_image":[{"width":1024,"height":683,"url":"https:\/\/www.globalong.com\/blog\/wp-content\/uploads\/2016\/03\/P1040130-1024x683.jpg","type":"image\/jpeg"}],"twitter_card":"summary_large_image","twitter_misc":{"Dur\u00e9e de lecture estim\u00e9e":"2 minutes"},"schema":{"@context":"https:\/\/schema.org","@graph":[{"@type":"WebPage","@id":"https:\/\/www.globalong.com\/blog\/avis-temoignages-globalong\/vietnam-asie-stage-globalong-humanitaire-volontariat-voyager-programme-d-aide-benevolat-humanitariat-volontaire-participer-a-une-mission\/","url":"https:\/\/www.globalong.com\/blog\/avis-temoignages-globalong\/vietnam-asie-stage-globalong-humanitaire-volontariat-voyager-programme-d-aide-benevolat-humanitariat-volontaire-participer-a-une-mission\/","name":"Vietnam - Laura - Association Globalong","isPartOf":{"@id":"https:\/\/www.globalong.com\/blog\/#website"},"primaryImageOfPage":{"@id":"https:\/\/www.globalong.com\/blog\/avis-temoignages-globalong\/vietnam-asie-stage-globalong-humanitaire-volontariat-voyager-programme-d-aide-benevolat-humanitariat-volontaire-participer-a-une-mission\/#primaryimage"},"image":{"@id":"https:\/\/www.globalong.com\/blog\/avis-temoignages-globalong\/vietnam-asie-stage-globalong-humanitaire-volontariat-voyager-programme-d-aide-benevolat-humanitariat-volontaire-participer-a-une-mission\/#primaryimage"},"thumbnailUrl":"https:\/\/www.globalong.com\/blog\/wp-content\/uploads\/2016\/03\/P1040130.jpg","datePublished":"2016-03-31T07:50:18+00:00","dateModified":"2022-05-08T14:11:54+00:00","breadcrumb":{"@id":"https:\/\/www.globalong.com\/blog\/avis-temoignages-globalong\/vietnam-asie-stage-globalong-humanitaire-volontariat-voyager-programme-d-aide-benevolat-humanitariat-volontaire-participer-a-une-mission\/#breadcrumb"},"inLanguage":"fr-FR","potentialAction":[{"@type":"ReadAction","target":["https:\/\/www.globalong.com\/blog\/avis-temoignages-globalong\/vietnam-asie-stage-globalong-humanitaire-volontariat-voyager-programme-d-aide-benevolat-humanitariat-volontaire-participer-a-une-mission\/"]}]},{"@type":"ImageObject","inLanguage":"fr-FR","@id":"https:\/\/www.globalong.com\/blog\/avis-temoignages-globalong\/vietnam-asie-stage-globalong-humanitaire-volontariat-voyager-programme-d-aide-benevolat-humanitariat-volontaire-participer-a-une-mission\/#primaryimage","url":"https:\/\/www.globalong.com\/blog\/wp-content\/uploads\/2016\/03\/P1040130.jpg","contentUrl":"https:\/\/www.globalong.com\/blog\/wp-content\/uploads\/2016\/03\/P1040130.jpg","width":3072,"height":2048,"caption":"Voyage humanitaire en Asie"},{"@type":"BreadcrumbList","@id":"https:\/\/www.globalong.com\/blog\/avis-temoignages-globalong\/vietnam-asie-stage-globalong-humanitaire-volontariat-voyager-programme-d-aide-benevolat-humanitariat-volontaire-participer-a-une-mission\/#breadcrumb","itemListElement":[{"@type":"ListItem","position":1,"name":"Accueil","item":"https:\/\/www.globalong.com\/blog\/"},{"@type":"ListItem","position":2,"name":"T\u00e9moignages et avis de volontaires Globalong","item":"https:\/\/www.globalong.com\/blog\/avis-temoignages-globalong\/"},{"@type":"ListItem","position":3,"name":"Vietnam &#8211; Laura"}]},{"@type":"WebSite","@id":"https:\/\/www.globalong.com\/blog\/#website","url":"https:\/\/www.globalong.com\/blog\/","name":"https:\/\/www.globalong.com\/","description":"Mission humanitaire, stage \u00e9tudiant et voyage linguistique","publisher":{"@id":"https:\/\/www.globalong.com\/blog\/#organization"},"potentialAction":[{"@type":"SearchAction","target":{"@type":"EntryPoint","urlTemplate":"https:\/\/www.globalong.com\/blog\/?s={search_term_string}"},"query-input":{"@type":"PropertyValueSpecification","valueRequired":true,"valueName":"search_term_string"}}],"inLanguage":"fr-FR"},{"@type":"Organization","@id":"https:\/\/www.globalong.com\/blog\/#organization","name":"Association Globalong","url":"https:\/\/www.globalong.com\/blog\/","logo":{"@type":"ImageObject","inLanguage":"fr-FR","@id":"https:\/\/www.globalong.com\/blog\/#\/schema\/logo\/image\/","url":"https:\/\/www.globalong.com\/blog\/wp-content\/uploads\/2014\/11\/cropped-cropped-Logo-et-Afrique-Globalong-petite-taille-2.jpg","contentUrl":"https:\/\/www.globalong.com\/blog\/wp-content\/uploads\/2014\/11\/cropped-cropped-Logo-et-Afrique-Globalong-petite-taille-2.jpg","width":512,"height":512,"caption":"Association Globalong"},"image":{"@id":"https:\/\/www.globalong.com\/blog\/#\/schema\/logo\/image\/"},"sameAs":["https:\/\/www.facebook.com\/globalong"]}]}},"_links":{"self":[{"href":"https:\/\/www.globalong.com\/blog\/wp-json\/wp\/v2\/pages\/3386"}],"collection":[{"href":"https:\/\/www.globalong.com\/blog\/wp-json\/wp\/v2\/pages"}],"about":[{"href":"https:\/\/www.globalong.com\/blog\/wp-json\/wp\/v2\/types\/page"}],"author":[{"embeddable":true,"href":"https:\/\/www.globalong.com\/blog\/wp-json\/wp\/v2\/users\/3"}],"replies":[{"embeddable":true,"href":"https:\/\/www.globalong.com\/blog\/wp-json\/wp\/v2\/comments?post=3386"}],"version-history":[{"count":9,"href":"https:\/\/www.globalong.com\/blog\/wp-json\/wp\/v2\/pages\/3386\/revisions"}],"predecessor-version":[{"id":14612,"href":"https:\/\/www.globalong.com\/blog\/wp-json\/wp\/v2\/pages\/3386\/revisions\/14612"}],"up":[{"embeddable":true,"href":"https:\/\/www.globalong.com\/blog\/wp-json\/wp\/v2\/pages\/883"}],"wp:featuredmedia":[{"embeddable":true,"href":"https:\/\/www.globalong.com\/blog\/wp-json\/wp\/v2\/media\/3391"}],"wp:attachment":[{"href":"https:\/\/www.globalong.com\/blog\/wp-json\/wp\/v2\/media?parent=3386"}],"curies":[{"name":"wp","href":"https:\/\/api.w.org\/{rel}","templated":true}]}}