{"id":3399,"date":"2016-03-31T10:00:36","date_gmt":"2016-03-31T08:00:36","guid":{"rendered":"https:\/\/www.globalong.com\/blog\/?page_id=3399"},"modified":"2022-05-08T16:21:20","modified_gmt":"2022-05-08T14:21:20","slug":"temoignage-vietnam-asie-monde-voyage-benevolat-humanitaire-humanitariat-volontariat-globalong-voyager-autrement-paysages-stages-missions-programmes","status":"publish","type":"page","link":"https:\/\/www.globalong.com\/blog\/avis-temoignages-globalong\/temoignage-vietnam-asie-monde-voyage-benevolat-humanitaire-humanitariat-volontariat-globalong-voyager-autrement-paysages-stages-missions-programmes\/","title":{"rendered":"Vietnam &#8211; No\u00e9mie"},"content":{"rendered":"<p style=\"text-align: center;\"><span style=\"color: #b81657;\"><strong>T\u00e9moignage de No\u00e9mie, b\u00e9n\u00e9vole avec Globalong au Vietnam<\/strong><\/span><\/p>\n<p style=\"text-align: justify;\"><a href=\"https:\/\/www.globalong.com\/blog\/wp-content\/uploads\/2016\/03\/P1040237.jpg\" rel=\"attachment wp-att-3392\"><img loading=\"lazy\" decoding=\"async\" class=\"size-medium wp-image-3392 aligncenter\" src=\"https:\/\/www.globalong.com\/blog\/wp-content\/uploads\/2016\/03\/P1040237-300x200.jpg\" alt=\"Mission de b\u00e9n\u00e9volat au Vietnam avec Globalong en Asie\" width=\"300\" height=\"200\" srcset=\"https:\/\/www.globalong.com\/blog\/wp-content\/uploads\/2016\/03\/P1040237-300x200.jpg 300w, https:\/\/www.globalong.com\/blog\/wp-content\/uploads\/2016\/03\/P1040237-768x512.jpg 768w, https:\/\/www.globalong.com\/blog\/wp-content\/uploads\/2016\/03\/P1040237-1024x683.jpg 1024w, https:\/\/www.globalong.com\/blog\/wp-content\/uploads\/2016\/03\/P1040237-150x100.jpg 150w\" sizes=\"(max-width: 300px) 100vw, 300px\" \/><\/a>Je suis all\u00e9e \u00e0 <span style=\"text-decoration: underline;\"><a href=\"https:\/\/www.globalong.com\/sejour-benevolat\/benevolat-vietnam-humanitaire.html\" target=\"_blank\" rel=\"noopener\">Hanoi au Vietnam, pendant 2 mois.<\/a><\/span><\/p>\n<p style=\"text-align: justify;\">Pratiquement chaque week-end de mon s\u00e9jour j&rsquo;ai particip\u00e9 \u00e0 des excursions, quand ce n&rsquo;\u00e9tait pas le cas alors je r\u00e9alisais des activit\u00e9s avec les autres volontaires<\/p>\n<p style=\"text-align: justify;\">J&rsquo;ai rencontr\u00e9 des personnes extrodinaires, que j&rsquo;aurai l&rsquo;occasion de voir \u00e0 nouveau je l&rsquo;esp\u00e8re.<\/p>\n<p style=\"text-align: justify;\">Je souhaitais partir pour r\u00e9aliser mon stage car il me semble int\u00e9ressant de d\u00e9couvrir une nouvelle culture, le Vietnam est un pays qui permet <a href=\"https:\/\/www.globalong.com\/blog\/wp-content\/uploads\/2016\/03\/P1040130.jpg\" rel=\"attachment wp-att-3391\"><img loading=\"lazy\" decoding=\"async\" class=\"size-medium wp-image-3391 aligncenter\" src=\"https:\/\/www.globalong.com\/blog\/wp-content\/uploads\/2016\/03\/P1040130-300x200.jpg\" alt=\"Mission de b\u00e9n\u00e9volat au Vietnam avec Globalong en Asie\" width=\"300\" height=\"200\" srcset=\"https:\/\/www.globalong.com\/blog\/wp-content\/uploads\/2016\/03\/P1040130-300x200.jpg 300w, https:\/\/www.globalong.com\/blog\/wp-content\/uploads\/2016\/03\/P1040130-768x512.jpg 768w, https:\/\/www.globalong.com\/blog\/wp-content\/uploads\/2016\/03\/P1040130-1024x683.jpg 1024w, https:\/\/www.globalong.com\/blog\/wp-content\/uploads\/2016\/03\/P1040130-150x100.jpg 150w\" sizes=\"(max-width: 300px) 100vw, 300px\" \/><\/a>d&rsquo;acqu\u00e9rir une r\u00e9elle ouverture d&rsquo;esprit, on s&rsquo;y sent vraiment d\u00e9pays\u00e9, chez soi et ailleurs en m\u00eame temps.<\/p>\n<p style=\"text-align: justify;\">La p\u00e9riode d&rsquo;introduction s&rsquo;est tr\u00e8s bien pass\u00e9, il est cependant assez difficile de vraiment apprendre la langue si les cours ne sont pas quotidiens, mais les bases peuvent suffire pour un court s\u00e9jour.<\/p>\n<p style=\"text-align: justify;\">La p\u00e9riode de b\u00e9n\u00e9volat s&rsquo;est tr\u00e8s bien d\u00e9roul\u00e9e.<\/p>\n<p style=\"text-align: justify;\">L&rsquo;\u00e9quipe nous \u00e0 laisser beaucoup <a href=\"https:\/\/www.globalong.com\/blog\/wp-content\/uploads\/2016\/03\/20150516_182428.jpg\" rel=\"attachment wp-att-3390\"><img loading=\"lazy\" decoding=\"async\" class=\"size-medium wp-image-3390 aligncenter\" src=\"https:\/\/www.globalong.com\/blog\/wp-content\/uploads\/2016\/03\/20150516_182428-300x169.jpg\" alt=\"Mission de b\u00e9n\u00e9volat au Vietnam avec Globalong en Asie\" width=\"300\" height=\"169\" srcset=\"https:\/\/www.globalong.com\/blog\/wp-content\/uploads\/2016\/03\/20150516_182428-300x169.jpg 300w, https:\/\/www.globalong.com\/blog\/wp-content\/uploads\/2016\/03\/20150516_182428-768x432.jpg 768w, https:\/\/www.globalong.com\/blog\/wp-content\/uploads\/2016\/03\/20150516_182428-1024x576.jpg 1024w, https:\/\/www.globalong.com\/blog\/wp-content\/uploads\/2016\/03\/20150516_182428-150x84.jpg 150w, https:\/\/www.globalong.com\/blog\/wp-content\/uploads\/2016\/03\/20150516_182428.jpg 1920w\" sizes=\"(max-width: 300px) 100vw, 300px\" \/><\/a>d&rsquo;autonomie et de responsabilit\u00e9 ce qui est un plus au niveau professionnel.<\/p>\n<p style=\"text-align: justify;\">De plus, le projet d&rsquo;\u00e9cotourisme \u00e9tait tr\u00e8s int\u00e9ressant et enrichissant !<\/p>\n<p style=\"text-align: justify;\">Lorsque l&rsquo;on s&rsquo;est rendu dans les petites communaut\u00e9s que nous devions aider, il a \u00e9t\u00e9 n\u00e9cessaire qu&rsquo;une coordinatrice locale viennent avec nous, en effet dans ces villages les habitants ne parlent pas anglais.<\/p>\n<p style=\"text-align: justify;\"><a href=\"https:\/\/www.globalong.com\/blog\/wp-content\/uploads\/2016\/03\/20150516_174726.jpg\" rel=\"attachment wp-att-3388\"><img loading=\"lazy\" decoding=\"async\" class=\"size-medium wp-image-3388 aligncenter\" src=\"https:\/\/www.globalong.com\/blog\/wp-content\/uploads\/2016\/03\/20150516_174726-300x169.jpg\" alt=\"Mission de b\u00e9n\u00e9volat au Vietnam avec Globalong en Asie\" width=\"300\" height=\"169\" srcset=\"https:\/\/www.globalong.com\/blog\/wp-content\/uploads\/2016\/03\/20150516_174726-300x169.jpg 300w, https:\/\/www.globalong.com\/blog\/wp-content\/uploads\/2016\/03\/20150516_174726-768x432.jpg 768w, https:\/\/www.globalong.com\/blog\/wp-content\/uploads\/2016\/03\/20150516_174726-1024x576.jpg 1024w, https:\/\/www.globalong.com\/blog\/wp-content\/uploads\/2016\/03\/20150516_174726-150x84.jpg 150w\" sizes=\"(max-width: 300px) 100vw, 300px\" \/><\/a>Cette exp\u00e9rience a \u00e9t\u00e9 un r\u00e9el d\u00e9clic pour moi elle m&rsquo;a permit de savoir dans quelle voie je souhaitais me diriger professionnellement, elle d&rsquo;un point de vue personnelle cette exp\u00e9rience m&rsquo;a vraiment fait grandir et m&rsquo;\u00e9panouir.<\/p>\n<p>Mon conseil : Prendre du temps en plus pour voyager dans le reste du Vietnam, c&rsquo;est vraiment superbe ! En ce qui concerne l\u2019hygi\u00e8ne des filles, munissez-vous de tout ce dont vous avez besoin avant de partir car sur place c\u2019est difficile de trouver tout ce qu\u2019on veut.<\/p>\n<p style=\"text-align: justify;\">Je conseillerais Globalong avec plaisir avec tous ceux que je connais !<\/p>\n<p>No\u00e9mie.<\/p>\n<p style=\"text-align: center;\">Pour d\u00e9couvrir plus de photos du Vietnam, <span style=\"text-decoration: underline;\"><a href=\"https:\/\/www.flickr.com\/photos\/globalong\/albums\/72157639806172666\/with\/21918378143\/\" target=\"_blank\" rel=\"noopener\">cliquez ici<\/a><\/span> !<\/p>\n<p style=\"text-align: center;\">Pour d\u00e9couvrir les programmes de b\u00e9n\u00e9volat au Vietnam <span style=\"text-decoration: underline;\"><a href=\"https:\/\/www.globalong.com\/sejour-benevolat\/benevolat-vietnam-humanitaire.html\" target=\"_blank\" rel=\"noopener\">cliquez ici<\/a><\/span> !<\/p>\n<p style=\"text-align: center;\">N&rsquo;h\u00e9sitez pas \u00e0 nous contacter pour plus d&rsquo;informations \u00e0 <span style=\"text-decoration: underline; color: #b81657;\"><a style=\"color: #b81657; text-decoration: underline;\" href=\"mailto:info@globalong.com\">info@globalong.com<\/a><\/span><\/p>\n","protected":false},"excerpt":{"rendered":"<p>T\u00e9moignage de No\u00e9mie, b\u00e9n\u00e9vole avec Globalong au Vietnam Je suis all\u00e9e \u00e0 Hanoi au Vietnam, pendant 2 mois. Pratiquement chaque week-end de mon s\u00e9jour j&rsquo;ai particip\u00e9 \u00e0 des excursions, quand ce n&rsquo;\u00e9tait pas le cas alors je r\u00e9alisais des activit\u00e9s avec les autres volontaires J&rsquo;ai rencontr\u00e9 des personnes extrodinaires, que j&rsquo;aurai l&rsquo;occasion de voir \u00e0 [&hellip;]<\/p>\n","protected":false},"author":3,"featured_media":3387,"parent":883,"menu_order":0,"comment_status":"closed","ping_status":"closed","template":"","meta":{"footnotes":""},"yoast_head":"<!-- This site is optimized with the Yoast SEO Premium plugin v23.4 (Yoast SEO v23.4) - https:\/\/yoast.com\/wordpress\/plugins\/seo\/ -->\n<title>Vietnam - No\u00e9mie - Association Globalong<\/title>\n<meta name=\"robots\" content=\"index, follow, max-snippet:-1, max-image-preview:large, max-video-preview:-1\" \/>\n<link rel=\"canonical\" href=\"https:\/\/www.globalong.com\/blog\/avis-temoignages-globalong\/temoignage-vietnam-asie-monde-voyage-benevolat-humanitaire-humanitariat-volontariat-globalong-voyager-autrement-paysages-stages-missions-programmes\/\" \/>\n<meta property=\"og:locale\" content=\"fr_FR\" \/>\n<meta property=\"og:type\" content=\"article\" \/>\n<meta property=\"og:title\" content=\"Vietnam - No\u00e9mie\" \/>\n<meta property=\"og:description\" content=\"T\u00e9moignage de No\u00e9mie, b\u00e9n\u00e9vole avec Globalong au Vietnam Je suis all\u00e9e \u00e0 Hanoi au Vietnam, pendant 2 mois. Pratiquement chaque week-end de mon s\u00e9jour j&rsquo;ai particip\u00e9 \u00e0 des excursions, quand ce n&rsquo;\u00e9tait pas le cas alors je r\u00e9alisais des activit\u00e9s avec les autres volontaires J&rsquo;ai rencontr\u00e9 des personnes extrodinaires, que j&rsquo;aurai l&rsquo;occasion de voir \u00e0 [&hellip;]\" \/>\n<meta property=\"og:url\" content=\"https:\/\/www.globalong.com\/blog\/avis-temoignages-globalong\/temoignage-vietnam-asie-monde-voyage-benevolat-humanitaire-humanitariat-volontariat-globalong-voyager-autrement-paysages-stages-missions-programmes\/\" \/>\n<meta property=\"og:site_name\" content=\"Association Globalong\" \/>\n<meta property=\"article:publisher\" content=\"https:\/\/www.facebook.com\/globalong\" \/>\n<meta property=\"article:modified_time\" content=\"2022-05-08T14:21:20+00:00\" \/>\n<meta property=\"og:image\" content=\"https:\/\/www.globalong.com\/blog\/wp-content\/uploads\/2016\/03\/11312857_10204582793991341_8258545735125275011_o.jpg\" \/>\n\t<meta property=\"og:image:width\" content=\"1280\" \/>\n\t<meta property=\"og:image:height\" content=\"720\" \/>\n\t<meta property=\"og:image:type\" content=\"image\/jpeg\" \/>\n<meta name=\"twitter:card\" content=\"summary_large_image\" \/>\n<meta name=\"twitter:label1\" content=\"Dur\u00e9e de lecture estim\u00e9e\" \/>\n\t<meta name=\"twitter:data1\" content=\"2 minutes\" \/>\n<script type=\"application\/ld+json\" class=\"yoast-schema-graph\">{\"@context\":\"https:\/\/schema.org\",\"@graph\":[{\"@type\":\"WebPage\",\"@id\":\"https:\/\/www.globalong.com\/blog\/avis-temoignages-globalong\/temoignage-vietnam-asie-monde-voyage-benevolat-humanitaire-humanitariat-volontariat-globalong-voyager-autrement-paysages-stages-missions-programmes\/\",\"url\":\"https:\/\/www.globalong.com\/blog\/avis-temoignages-globalong\/temoignage-vietnam-asie-monde-voyage-benevolat-humanitaire-humanitariat-volontariat-globalong-voyager-autrement-paysages-stages-missions-programmes\/\",\"name\":\"Vietnam - No\u00e9mie - Association Globalong\",\"isPartOf\":{\"@id\":\"https:\/\/www.globalong.com\/blog\/#website\"},\"primaryImageOfPage\":{\"@id\":\"https:\/\/www.globalong.com\/blog\/avis-temoignages-globalong\/temoignage-vietnam-asie-monde-voyage-benevolat-humanitaire-humanitariat-volontariat-globalong-voyager-autrement-paysages-stages-missions-programmes\/#primaryimage\"},\"image\":{\"@id\":\"https:\/\/www.globalong.com\/blog\/avis-temoignages-globalong\/temoignage-vietnam-asie-monde-voyage-benevolat-humanitaire-humanitariat-volontariat-globalong-voyager-autrement-paysages-stages-missions-programmes\/#primaryimage\"},\"thumbnailUrl\":\"https:\/\/www.globalong.com\/blog\/wp-content\/uploads\/2016\/03\/11312857_10204582793991341_8258545735125275011_o.jpg\",\"datePublished\":\"2016-03-31T08:00:36+00:00\",\"dateModified\":\"2022-05-08T14:21:20+00:00\",\"breadcrumb\":{\"@id\":\"https:\/\/www.globalong.com\/blog\/avis-temoignages-globalong\/temoignage-vietnam-asie-monde-voyage-benevolat-humanitaire-humanitariat-volontariat-globalong-voyager-autrement-paysages-stages-missions-programmes\/#breadcrumb\"},\"inLanguage\":\"fr-FR\",\"potentialAction\":[{\"@type\":\"ReadAction\",\"target\":[\"https:\/\/www.globalong.com\/blog\/avis-temoignages-globalong\/temoignage-vietnam-asie-monde-voyage-benevolat-humanitaire-humanitariat-volontariat-globalong-voyager-autrement-paysages-stages-missions-programmes\/\"]}]},{\"@type\":\"ImageObject\",\"inLanguage\":\"fr-FR\",\"@id\":\"https:\/\/www.globalong.com\/blog\/avis-temoignages-globalong\/temoignage-vietnam-asie-monde-voyage-benevolat-humanitaire-humanitariat-volontariat-globalong-voyager-autrement-paysages-stages-missions-programmes\/#primaryimage\",\"url\":\"https:\/\/www.globalong.com\/blog\/wp-content\/uploads\/2016\/03\/11312857_10204582793991341_8258545735125275011_o.jpg\",\"contentUrl\":\"https:\/\/www.globalong.com\/blog\/wp-content\/uploads\/2016\/03\/11312857_10204582793991341_8258545735125275011_o.jpg\",\"width\":1280,\"height\":720,\"caption\":\"Mission de b\u00e9n\u00e9volat au Vietnam avec Globalong en Asie\"},{\"@type\":\"BreadcrumbList\",\"@id\":\"https:\/\/www.globalong.com\/blog\/avis-temoignages-globalong\/temoignage-vietnam-asie-monde-voyage-benevolat-humanitaire-humanitariat-volontariat-globalong-voyager-autrement-paysages-stages-missions-programmes\/#breadcrumb\",\"itemListElement\":[{\"@type\":\"ListItem\",\"position\":1,\"name\":\"Accueil\",\"item\":\"https:\/\/www.globalong.com\/blog\/\"},{\"@type\":\"ListItem\",\"position\":2,\"name\":\"T\u00e9moignages et avis de volontaires Globalong\",\"item\":\"https:\/\/www.globalong.com\/blog\/avis-temoignages-globalong\/\"},{\"@type\":\"ListItem\",\"position\":3,\"name\":\"Vietnam &#8211; No\u00e9mie\"}]},{\"@type\":\"WebSite\",\"@id\":\"https:\/\/www.globalong.com\/blog\/#website\",\"url\":\"https:\/\/www.globalong.com\/blog\/\",\"name\":\"https:\/\/www.globalong.com\/\",\"description\":\"Mission humanitaire, stage \u00e9tudiant et voyage linguistique\",\"publisher\":{\"@id\":\"https:\/\/www.globalong.com\/blog\/#organization\"},\"potentialAction\":[{\"@type\":\"SearchAction\",\"target\":{\"@type\":\"EntryPoint\",\"urlTemplate\":\"https:\/\/www.globalong.com\/blog\/?s={search_term_string}\"},\"query-input\":{\"@type\":\"PropertyValueSpecification\",\"valueRequired\":true,\"valueName\":\"search_term_string\"}}],\"inLanguage\":\"fr-FR\"},{\"@type\":\"Organization\",\"@id\":\"https:\/\/www.globalong.com\/blog\/#organization\",\"name\":\"Association Globalong\",\"url\":\"https:\/\/www.globalong.com\/blog\/\",\"logo\":{\"@type\":\"ImageObject\",\"inLanguage\":\"fr-FR\",\"@id\":\"https:\/\/www.globalong.com\/blog\/#\/schema\/logo\/image\/\",\"url\":\"https:\/\/www.globalong.com\/blog\/wp-content\/uploads\/2014\/11\/cropped-cropped-Logo-et-Afrique-Globalong-petite-taille-2.jpg\",\"contentUrl\":\"https:\/\/www.globalong.com\/blog\/wp-content\/uploads\/2014\/11\/cropped-cropped-Logo-et-Afrique-Globalong-petite-taille-2.jpg\",\"width\":512,\"height\":512,\"caption\":\"Association Globalong\"},\"image\":{\"@id\":\"https:\/\/www.globalong.com\/blog\/#\/schema\/logo\/image\/\"},\"sameAs\":[\"https:\/\/www.facebook.com\/globalong\"]}]}<\/script>\n<!-- \/ Yoast SEO Premium plugin. -->","yoast_head_json":{"title":"Vietnam - No\u00e9mie - Association Globalong","robots":{"index":"index","follow":"follow","max-snippet":"max-snippet:-1","max-image-preview":"max-image-preview:large","max-video-preview":"max-video-preview:-1"},"canonical":"https:\/\/www.globalong.com\/blog\/avis-temoignages-globalong\/temoignage-vietnam-asie-monde-voyage-benevolat-humanitaire-humanitariat-volontariat-globalong-voyager-autrement-paysages-stages-missions-programmes\/","og_locale":"fr_FR","og_type":"article","og_title":"Vietnam - No\u00e9mie","og_description":"T\u00e9moignage de No\u00e9mie, b\u00e9n\u00e9vole avec Globalong au Vietnam Je suis all\u00e9e \u00e0 Hanoi au Vietnam, pendant 2 mois. Pratiquement chaque week-end de mon s\u00e9jour j&rsquo;ai particip\u00e9 \u00e0 des excursions, quand ce n&rsquo;\u00e9tait pas le cas alors je r\u00e9alisais des activit\u00e9s avec les autres volontaires J&rsquo;ai rencontr\u00e9 des personnes extrodinaires, que j&rsquo;aurai l&rsquo;occasion de voir \u00e0 [&hellip;]","og_url":"https:\/\/www.globalong.com\/blog\/avis-temoignages-globalong\/temoignage-vietnam-asie-monde-voyage-benevolat-humanitaire-humanitariat-volontariat-globalong-voyager-autrement-paysages-stages-missions-programmes\/","og_site_name":"Association Globalong","article_publisher":"https:\/\/www.facebook.com\/globalong","article_modified_time":"2022-05-08T14:21:20+00:00","og_image":[{"width":1280,"height":720,"url":"https:\/\/www.globalong.com\/blog\/wp-content\/uploads\/2016\/03\/11312857_10204582793991341_8258545735125275011_o.jpg","type":"image\/jpeg"}],"twitter_card":"summary_large_image","twitter_misc":{"Dur\u00e9e de lecture estim\u00e9e":"2 minutes"},"schema":{"@context":"https:\/\/schema.org","@graph":[{"@type":"WebPage","@id":"https:\/\/www.globalong.com\/blog\/avis-temoignages-globalong\/temoignage-vietnam-asie-monde-voyage-benevolat-humanitaire-humanitariat-volontariat-globalong-voyager-autrement-paysages-stages-missions-programmes\/","url":"https:\/\/www.globalong.com\/blog\/avis-temoignages-globalong\/temoignage-vietnam-asie-monde-voyage-benevolat-humanitaire-humanitariat-volontariat-globalong-voyager-autrement-paysages-stages-missions-programmes\/","name":"Vietnam - No\u00e9mie - Association Globalong","isPartOf":{"@id":"https:\/\/www.globalong.com\/blog\/#website"},"primaryImageOfPage":{"@id":"https:\/\/www.globalong.com\/blog\/avis-temoignages-globalong\/temoignage-vietnam-asie-monde-voyage-benevolat-humanitaire-humanitariat-volontariat-globalong-voyager-autrement-paysages-stages-missions-programmes\/#primaryimage"},"image":{"@id":"https:\/\/www.globalong.com\/blog\/avis-temoignages-globalong\/temoignage-vietnam-asie-monde-voyage-benevolat-humanitaire-humanitariat-volontariat-globalong-voyager-autrement-paysages-stages-missions-programmes\/#primaryimage"},"thumbnailUrl":"https:\/\/www.globalong.com\/blog\/wp-content\/uploads\/2016\/03\/11312857_10204582793991341_8258545735125275011_o.jpg","datePublished":"2016-03-31T08:00:36+00:00","dateModified":"2022-05-08T14:21:20+00:00","breadcrumb":{"@id":"https:\/\/www.globalong.com\/blog\/avis-temoignages-globalong\/temoignage-vietnam-asie-monde-voyage-benevolat-humanitaire-humanitariat-volontariat-globalong-voyager-autrement-paysages-stages-missions-programmes\/#breadcrumb"},"inLanguage":"fr-FR","potentialAction":[{"@type":"ReadAction","target":["https:\/\/www.globalong.com\/blog\/avis-temoignages-globalong\/temoignage-vietnam-asie-monde-voyage-benevolat-humanitaire-humanitariat-volontariat-globalong-voyager-autrement-paysages-stages-missions-programmes\/"]}]},{"@type":"ImageObject","inLanguage":"fr-FR","@id":"https:\/\/www.globalong.com\/blog\/avis-temoignages-globalong\/temoignage-vietnam-asie-monde-voyage-benevolat-humanitaire-humanitariat-volontariat-globalong-voyager-autrement-paysages-stages-missions-programmes\/#primaryimage","url":"https:\/\/www.globalong.com\/blog\/wp-content\/uploads\/2016\/03\/11312857_10204582793991341_8258545735125275011_o.jpg","contentUrl":"https:\/\/www.globalong.com\/blog\/wp-content\/uploads\/2016\/03\/11312857_10204582793991341_8258545735125275011_o.jpg","width":1280,"height":720,"caption":"Mission de b\u00e9n\u00e9volat au Vietnam avec Globalong en Asie"},{"@type":"BreadcrumbList","@id":"https:\/\/www.globalong.com\/blog\/avis-temoignages-globalong\/temoignage-vietnam-asie-monde-voyage-benevolat-humanitaire-humanitariat-volontariat-globalong-voyager-autrement-paysages-stages-missions-programmes\/#breadcrumb","itemListElement":[{"@type":"ListItem","position":1,"name":"Accueil","item":"https:\/\/www.globalong.com\/blog\/"},{"@type":"ListItem","position":2,"name":"T\u00e9moignages et avis de volontaires Globalong","item":"https:\/\/www.globalong.com\/blog\/avis-temoignages-globalong\/"},{"@type":"ListItem","position":3,"name":"Vietnam &#8211; No\u00e9mie"}]},{"@type":"WebSite","@id":"https:\/\/www.globalong.com\/blog\/#website","url":"https:\/\/www.globalong.com\/blog\/","name":"https:\/\/www.globalong.com\/","description":"Mission humanitaire, stage \u00e9tudiant et voyage linguistique","publisher":{"@id":"https:\/\/www.globalong.com\/blog\/#organization"},"potentialAction":[{"@type":"SearchAction","target":{"@type":"EntryPoint","urlTemplate":"https:\/\/www.globalong.com\/blog\/?s={search_term_string}"},"query-input":{"@type":"PropertyValueSpecification","valueRequired":true,"valueName":"search_term_string"}}],"inLanguage":"fr-FR"},{"@type":"Organization","@id":"https:\/\/www.globalong.com\/blog\/#organization","name":"Association Globalong","url":"https:\/\/www.globalong.com\/blog\/","logo":{"@type":"ImageObject","inLanguage":"fr-FR","@id":"https:\/\/www.globalong.com\/blog\/#\/schema\/logo\/image\/","url":"https:\/\/www.globalong.com\/blog\/wp-content\/uploads\/2014\/11\/cropped-cropped-Logo-et-Afrique-Globalong-petite-taille-2.jpg","contentUrl":"https:\/\/www.globalong.com\/blog\/wp-content\/uploads\/2014\/11\/cropped-cropped-Logo-et-Afrique-Globalong-petite-taille-2.jpg","width":512,"height":512,"caption":"Association Globalong"},"image":{"@id":"https:\/\/www.globalong.com\/blog\/#\/schema\/logo\/image\/"},"sameAs":["https:\/\/www.facebook.com\/globalong"]}]}},"_links":{"self":[{"href":"https:\/\/www.globalong.com\/blog\/wp-json\/wp\/v2\/pages\/3399"}],"collection":[{"href":"https:\/\/www.globalong.com\/blog\/wp-json\/wp\/v2\/pages"}],"about":[{"href":"https:\/\/www.globalong.com\/blog\/wp-json\/wp\/v2\/types\/page"}],"author":[{"embeddable":true,"href":"https:\/\/www.globalong.com\/blog\/wp-json\/wp\/v2\/users\/3"}],"replies":[{"embeddable":true,"href":"https:\/\/www.globalong.com\/blog\/wp-json\/wp\/v2\/comments?post=3399"}],"version-history":[{"count":15,"href":"https:\/\/www.globalong.com\/blog\/wp-json\/wp\/v2\/pages\/3399\/revisions"}],"predecessor-version":[{"id":14624,"href":"https:\/\/www.globalong.com\/blog\/wp-json\/wp\/v2\/pages\/3399\/revisions\/14624"}],"up":[{"embeddable":true,"href":"https:\/\/www.globalong.com\/blog\/wp-json\/wp\/v2\/pages\/883"}],"wp:featuredmedia":[{"embeddable":true,"href":"https:\/\/www.globalong.com\/blog\/wp-json\/wp\/v2\/media\/3387"}],"wp:attachment":[{"href":"https:\/\/www.globalong.com\/blog\/wp-json\/wp\/v2\/media?parent=3399"}],"curies":[{"name":"wp","href":"https:\/\/api.w.org\/{rel}","templated":true}]}}